{"id":16695,"date":"2022-01-06T18:42:35","date_gmt":"2022-01-06T18:42:43","guid":{"rendered":"https:\/\/masterchem.ee\/?post_type=product&#038;p=16695"},"modified":"2022-01-06T18:51:20","modified_gmt":"2022-01-06T18:51:20","slug":"d-pantenoli-cas-81-13-0","status":"publish","type":"product","link":"https:\/\/masterchem.ee\/fi\/tooted-ja-teenused\/d-pantenoli-cas-81-13-0\/","title":{"rendered":"D-pantenoli (CAS 81-13-0)"},"content":{"rendered":"<p> <strong> Info<\/strong> <\/p>\n<p>Toimialat: kosmetiikkateollisuus, l\u00e4\u00e4keteollisuus<br \/>\nCAS-numero: 81-13-0<br \/>\nWE-numero: 201-327-3<br \/>\nKemiallinen kaava: C9H19NO4<br \/>\nMolekyylimassa: 205,3 g\/mol<br \/>\nTullitariffikoodi: 29362400<\/p>\n<p><strong>Muut fyysiset ominaisuudet<\/strong><br \/>\npH: 9,5 \u2013 10,5 (10 %)<br \/>\nSuhteellinen tiheys: 1,20 g\/ml<\/p>\n","protected":false},"excerpt":{"rendered":"<p><strong>D-pantenoli (CAS 81-13-0)<\/strong><\/p>\n<p>Panthenoli (kutsutaan my\u00f6s pantotenoliksi) on pantoteenihapon (B5-vitamiini) alkoholianalogi ja on siten B5:n provitamiini. Eli\u00f6iss\u00e4 se hapettuu nopeasti pantoteenihapoksi. Se on viskoosi l\u00e4pin\u00e4kyv\u00e4 neste huoneenl\u00e4mp\u00f6tilassa. Pantenolia k\u00e4ytet\u00e4\u00e4n farmaseuttisissa ja kosmeettisissa tuotteissa kosteusvoiteena ja parantamaan haavan paranemista.<\/p>\n<p>Panthenoli on hajuton, hieman karvas, eritt\u00e4in viskoosi, l\u00e4pin\u00e4kyv\u00e4 ja v\u00e4rit\u00f6n neste huoneenl\u00e4mp\u00f6tilassa, mutta pantoteenihapon suolat (esimerkiksi natriumpantotenaatti) ovat jauheita, jotka ovat tyypillisesti valkoisia. Se liukenee helposti veteen ja alkoholiin, kohtalaisesti dietyylieetteriin, liukenee kloroformiin (1:100), propyleeniglykoliin ja liukenee v\u00e4h\u00e4n glyseriiniin.<\/p>\n","protected":false},"featured_media":16737,"template":"","meta":[],"product_brand":[],"product_cat":[180,294,120],"product_tag":[],"class_list":{"0":"post-16695","1":"product","2":"type-product","3":"status-publish","4":"has-post-thumbnail","6":"product_cat-uncategorized-fi-2","7":"product_cat-kosmetiikkateollisuus","8":"product_cat-laaketeollisuus","9":"pif-has-gallery","11":"first","12":"instock","13":"taxable","14":"shipping-taxable","15":"purchasable","16":"product-type-variable","17":"has-default-attributes"},"yoast_head":"<!-- This site is optimized with the Yoast SEO plugin v26.2 - https:\/\/yoast.com\/wordpress\/plugins\/seo\/ -->\n<title>D-pantenoli (CAS 81-13-0) - Chemistry For Industry - Solvents &amp; Chemicals - Masterchem.ee<\/title>\n<meta name=\"description\" content=\"Panthenoli (kutsutaan my\u00f6s pantotenoliksi) on pantoteenihapon (B5-vitamiini) alkoholianalogi ja on siten B5:n provitamiini.\" \/>\n<meta name=\"robots\" content=\"index, follow, max-snippet:-1, max-image-preview:large, max-video-preview:-1\" \/>\n<link rel=\"canonical\" href=\"https:\/\/masterchem.ee\/fi\/tooted-ja-teenused\/d-pantenoli-cas-81-13-0\/\" \/>\n<meta name=\"twitter:card\" content=\"summary_large_image\" \/>\n<meta name=\"twitter:title\" content=\"D-pantenoli (CAS 81-13-0) - Chemistry For Industry - Solvents &amp; Chemicals - Masterchem.ee\" \/>\n<meta name=\"twitter:description\" content=\"Panthenoli (kutsutaan my\u00f6s pantotenoliksi) on pantoteenihapon (B5-vitamiini) alkoholianalogi ja on siten B5:n provitamiini.\" \/>\n<meta name=\"twitter:image\" content=\"https:\/\/masterchem.ee\/wp-content\/uploads\/2022\/01\/Pantenool-1000l-MasterChem.jpg\" \/>\n<script type=\"application\/ld+json\" class=\"yoast-schema-graph\">{\"@context\":\"https:\/\/schema.org\",\"@graph\":[{\"@type\":\"WebPage\",\"@id\":\"https:\/\/masterchem.ee\/fi\/tooted-ja-teenused\/d-pantenoli-cas-81-13-0\/\",\"url\":\"https:\/\/masterchem.ee\/fi\/tooted-ja-teenused\/d-pantenoli-cas-81-13-0\/\",\"name\":\"D-pantenoli (CAS 81-13-0) - Chemistry For Industry - Solvents &amp; Chemicals - Masterchem.ee\",\"isPartOf\":{\"@id\":\"https:\/\/masterchem.ee\/fi\/#website\"},\"primaryImageOfPage\":{\"@id\":\"https:\/\/masterchem.ee\/fi\/tooted-ja-teenused\/d-pantenoli-cas-81-13-0\/#primaryimage\"},\"image\":{\"@id\":\"https:\/\/masterchem.ee\/fi\/tooted-ja-teenused\/d-pantenoli-cas-81-13-0\/#primaryimage\"},\"thumbnailUrl\":\"https:\/\/masterchem.ee\/wp-content\/uploads\/2022\/01\/Pantenool-1000l-MasterChem.jpg\",\"datePublished\":\"2022-01-06T18:42:43+00:00\",\"dateModified\":\"2022-01-06T18:51:20+00:00\",\"description\":\"Panthenoli (kutsutaan my\u00f6s pantotenoliksi) on pantoteenihapon (B5-vitamiini) alkoholianalogi ja on siten B5:n provitamiini.\",\"breadcrumb\":{\"@id\":\"https:\/\/masterchem.ee\/fi\/tooted-ja-teenused\/d-pantenoli-cas-81-13-0\/#breadcrumb\"},\"inLanguage\":\"fi\",\"potentialAction\":[{\"@type\":\"ReadAction\",\"target\":[\"https:\/\/masterchem.ee\/fi\/tooted-ja-teenused\/d-pantenoli-cas-81-13-0\/\"]}]},{\"@type\":\"ImageObject\",\"inLanguage\":\"fi\",\"@id\":\"https:\/\/masterchem.ee\/fi\/tooted-ja-teenused\/d-pantenoli-cas-81-13-0\/#primaryimage\",\"url\":\"https:\/\/masterchem.ee\/wp-content\/uploads\/2022\/01\/Pantenool-1000l-MasterChem.jpg\",\"contentUrl\":\"https:\/\/masterchem.ee\/wp-content\/uploads\/2022\/01\/Pantenool-1000l-MasterChem.jpg\",\"width\":1000,\"height\":1000,\"caption\":\"D-pantenoli (CAS 81-13-0) 1000l-MasterChem\"},{\"@type\":\"BreadcrumbList\",\"@id\":\"https:\/\/masterchem.ee\/fi\/tooted-ja-teenused\/d-pantenoli-cas-81-13-0\/#breadcrumb\",\"itemListElement\":[{\"@type\":\"ListItem\",\"position\":1,\"name\":\"Home\",\"item\":\"https:\/\/masterchem.ee\/fi\/\"},{\"@type\":\"ListItem\",\"position\":2,\"name\":\"Tooted ja teenused\",\"item\":\"https:\/\/masterchem.ee\/tooted-ja-teenused\/\"},{\"@type\":\"ListItem\",\"position\":3,\"name\":\"D-pantenoli (CAS 81-13-0)\"}]},{\"@type\":\"WebSite\",\"@id\":\"https:\/\/masterchem.ee\/fi\/#website\",\"url\":\"https:\/\/masterchem.ee\/fi\/\",\"name\":\"Masterchem.ee\",\"description\":\"Chemistry For Industry - Solvents &amp; Chemicals\",\"publisher\":{\"@id\":\"https:\/\/masterchem.ee\/fi\/#organization\"},\"potentialAction\":[{\"@type\":\"SearchAction\",\"target\":{\"@type\":\"EntryPoint\",\"urlTemplate\":\"https:\/\/masterchem.ee\/fi\/?s={search_term_string}\"},\"query-input\":{\"@type\":\"PropertyValueSpecification\",\"valueRequired\":true,\"valueName\":\"search_term_string\"}}],\"inLanguage\":\"fi\"},{\"@type\":\"Organization\",\"@id\":\"https:\/\/masterchem.ee\/fi\/#organization\",\"name\":\"Masterchem\",\"url\":\"https:\/\/masterchem.ee\/fi\/\",\"logo\":{\"@type\":\"ImageObject\",\"inLanguage\":\"fi\",\"@id\":\"https:\/\/masterchem.ee\/fi\/#\/schema\/logo\/image\/\",\"url\":\"https:\/\/masterchem.ee\/wp-content\/uploads\/2018\/02\/master-chem_final-1.png\",\"contentUrl\":\"https:\/\/masterchem.ee\/wp-content\/uploads\/2018\/02\/master-chem_final-1.png\",\"width\":850,\"height\":356,\"caption\":\"Masterchem\"},\"image\":{\"@id\":\"https:\/\/masterchem.ee\/fi\/#\/schema\/logo\/image\/\"}}]}<\/script>\n<!-- \/ Yoast SEO plugin. -->","yoast_head_json":{"title":"D-pantenoli (CAS 81-13-0) - Chemistry For Industry - Solvents &amp; Chemicals - Masterchem.ee","description":"Panthenoli (kutsutaan my\u00f6s pantotenoliksi) on pantoteenihapon (B5-vitamiini) alkoholianalogi ja on siten B5:n provitamiini.","robots":{"index":"index","follow":"follow","max-snippet":"max-snippet:-1","max-image-preview":"max-image-preview:large","max-video-preview":"max-video-preview:-1"},"canonical":"https:\/\/masterchem.ee\/fi\/tooted-ja-teenused\/d-pantenoli-cas-81-13-0\/","twitter_card":"summary_large_image","twitter_title":"D-pantenoli (CAS 81-13-0) - Chemistry For Industry - Solvents &amp; Chemicals - Masterchem.ee","twitter_description":"Panthenoli (kutsutaan my\u00f6s pantotenoliksi) on pantoteenihapon (B5-vitamiini) alkoholianalogi ja on siten B5:n provitamiini.","twitter_image":"https:\/\/masterchem.ee\/wp-content\/uploads\/2022\/01\/Pantenool-1000l-MasterChem.jpg","schema":{"@context":"https:\/\/schema.org","@graph":[{"@type":"WebPage","@id":"https:\/\/masterchem.ee\/fi\/tooted-ja-teenused\/d-pantenoli-cas-81-13-0\/","url":"https:\/\/masterchem.ee\/fi\/tooted-ja-teenused\/d-pantenoli-cas-81-13-0\/","name":"D-pantenoli (CAS 81-13-0) - Chemistry For Industry - Solvents &amp; Chemicals - Masterchem.ee","isPartOf":{"@id":"https:\/\/masterchem.ee\/fi\/#website"},"primaryImageOfPage":{"@id":"https:\/\/masterchem.ee\/fi\/tooted-ja-teenused\/d-pantenoli-cas-81-13-0\/#primaryimage"},"image":{"@id":"https:\/\/masterchem.ee\/fi\/tooted-ja-teenused\/d-pantenoli-cas-81-13-0\/#primaryimage"},"thumbnailUrl":"https:\/\/masterchem.ee\/wp-content\/uploads\/2022\/01\/Pantenool-1000l-MasterChem.jpg","datePublished":"2022-01-06T18:42:43+00:00","dateModified":"2022-01-06T18:51:20+00:00","description":"Panthenoli (kutsutaan my\u00f6s pantotenoliksi) on pantoteenihapon (B5-vitamiini) alkoholianalogi ja on siten B5:n provitamiini.","breadcrumb":{"@id":"https:\/\/masterchem.ee\/fi\/tooted-ja-teenused\/d-pantenoli-cas-81-13-0\/#breadcrumb"},"inLanguage":"fi","potentialAction":[{"@type":"ReadAction","target":["https:\/\/masterchem.ee\/fi\/tooted-ja-teenused\/d-pantenoli-cas-81-13-0\/"]}]},{"@type":"ImageObject","inLanguage":"fi","@id":"https:\/\/masterchem.ee\/fi\/tooted-ja-teenused\/d-pantenoli-cas-81-13-0\/#primaryimage","url":"https:\/\/masterchem.ee\/wp-content\/uploads\/2022\/01\/Pantenool-1000l-MasterChem.jpg","contentUrl":"https:\/\/masterchem.ee\/wp-content\/uploads\/2022\/01\/Pantenool-1000l-MasterChem.jpg","width":1000,"height":1000,"caption":"D-pantenoli (CAS 81-13-0) 1000l-MasterChem"},{"@type":"BreadcrumbList","@id":"https:\/\/masterchem.ee\/fi\/tooted-ja-teenused\/d-pantenoli-cas-81-13-0\/#breadcrumb","itemListElement":[{"@type":"ListItem","position":1,"name":"Home","item":"https:\/\/masterchem.ee\/fi\/"},{"@type":"ListItem","position":2,"name":"Tooted ja teenused","item":"https:\/\/masterchem.ee\/tooted-ja-teenused\/"},{"@type":"ListItem","position":3,"name":"D-pantenoli (CAS 81-13-0)"}]},{"@type":"WebSite","@id":"https:\/\/masterchem.ee\/fi\/#website","url":"https:\/\/masterchem.ee\/fi\/","name":"Masterchem.ee","description":"Chemistry For Industry - Solvents &amp; Chemicals","publisher":{"@id":"https:\/\/masterchem.ee\/fi\/#organization"},"potentialAction":[{"@type":"SearchAction","target":{"@type":"EntryPoint","urlTemplate":"https:\/\/masterchem.ee\/fi\/?s={search_term_string}"},"query-input":{"@type":"PropertyValueSpecification","valueRequired":true,"valueName":"search_term_string"}}],"inLanguage":"fi"},{"@type":"Organization","@id":"https:\/\/masterchem.ee\/fi\/#organization","name":"Masterchem","url":"https:\/\/masterchem.ee\/fi\/","logo":{"@type":"ImageObject","inLanguage":"fi","@id":"https:\/\/masterchem.ee\/fi\/#\/schema\/logo\/image\/","url":"https:\/\/masterchem.ee\/wp-content\/uploads\/2018\/02\/master-chem_final-1.png","contentUrl":"https:\/\/masterchem.ee\/wp-content\/uploads\/2018\/02\/master-chem_final-1.png","width":850,"height":356,"caption":"Masterchem"},"image":{"@id":"https:\/\/masterchem.ee\/fi\/#\/schema\/logo\/image\/"}}]}},"_links":{"self":[{"href":"https:\/\/masterchem.ee\/fi\/wp-json\/wp\/v2\/product\/16695","targetHints":{"allow":["GET"]}}],"collection":[{"href":"https:\/\/masterchem.ee\/fi\/wp-json\/wp\/v2\/product"}],"about":[{"href":"https:\/\/masterchem.ee\/fi\/wp-json\/wp\/v2\/types\/product"}],"wp:featuredmedia":[{"embeddable":true,"href":"https:\/\/masterchem.ee\/fi\/wp-json\/wp\/v2\/media\/16737"}],"wp:attachment":[{"href":"https:\/\/masterchem.ee\/fi\/wp-json\/wp\/v2\/media?parent=16695"}],"wp:term":[{"taxonomy":"product_brand","embeddable":true,"href":"https:\/\/masterchem.ee\/fi\/wp-json\/wp\/v2\/product_brand?post=16695"},{"taxonomy":"product_cat","embeddable":true,"href":"https:\/\/masterchem.ee\/fi\/wp-json\/wp\/v2\/product_cat?post=16695"},{"taxonomy":"product_tag","embeddable":true,"href":"https:\/\/masterchem.ee\/fi\/wp-json\/wp\/v2\/product_tag?post=16695"}],"curies":[{"name":"wp","href":"https:\/\/api.w.org\/{rel}","templated":true}]}}