{"id":16668,"date":"2022-01-06T18:06:24","date_gmt":"2022-01-06T18:06:27","guid":{"rendered":"https:\/\/masterchem.ee\/?post_type=product&#038;p=16668"},"modified":"2022-01-06T18:12:27","modified_gmt":"2022-01-06T18:12:27","slug":"natriumsalisylaatti-cas-54-21-7","status":"publish","type":"product","link":"https:\/\/masterchem.ee\/fi\/tooted-ja-teenused\/natriumsalisylaatti-cas-54-21-7\/","title":{"rendered":"Natriumsalisylaatti (CAS 54-21-7)"},"content":{"rendered":"<p> <strong> Info<\/strong> <\/p>\n<p>Toimialat: kosmetiikkateollisuus, l\u00e4\u00e4keteollisuus<br \/>\nCAS-numero: 54-21-7<br \/>\nWE-numero: 200-198-0<br \/>\nKemiallinen kaava: C7H5O3Na<br \/>\nMolekyylimassa: 160,11 g\/mol<br \/>\nTullitariffikoodi: 29182100<\/p>\n<p><strong>Muut fyysiset ominaisuudet<\/strong><br \/>\npH: 6,5<br \/>\nSulamis-\/j\u00e4\u00e4tymispiste: 200\u00b0C<br \/>\nSuhteellinen tiheys: 320 kg\/m\u00b3<\/p>\n","protected":false},"excerpt":{"rendered":"<p><strong>Natriumsalisylaatti (CAS 54-21-7)<\/strong><\/p>\n<p>Natriumsalisylaatti on salisyylihapon natriumsuola. Sit\u00e4 voidaan valmistaa natriumfenolaatista ja hiilidioksidista korkeammassa l\u00e4mp\u00f6tilassa ja paineessa. Historiallisesti se on syntetisoitu refluksoimalla metyylisalisylaattia (talvinvihre\u00e4 \u00f6ljy) ylim\u00e4\u00e4r\u00e4ll\u00e4 natriumhydroksidia.<\/p>\n<p>Sit\u00e4 k\u00e4ytet\u00e4\u00e4n l\u00e4\u00e4ketieteess\u00e4 kipu- ja kuumetta alentavana aineena. Natriumsalisylaatti toimii my\u00f6s ei-steroidisena tulehduskipul\u00e4\u00e4kkeen\u00e4 (NSAID) ja indusoi apoptoosia sy\u00f6p\u00e4soluissa ja my\u00f6s nekroosia. Se on my\u00f6s mahdollinen aspiriinin korvike sille herkille ihmisille. Sit\u00e4 voidaan k\u00e4ytt\u00e4\u00e4 my\u00f6s loisteaineena tyhji\u00f6ultraviolettis\u00e4teilyn ja elektronien havaitsemiseen.<\/p>\n","protected":false},"featured_media":16674,"template":"","meta":[],"product_brand":[],"product_cat":[180,294,120],"product_tag":[],"class_list":{"0":"post-16668","1":"product","2":"type-product","3":"status-publish","4":"has-post-thumbnail","6":"product_cat-uncategorized-fi-2","7":"product_cat-kosmetiikkateollisuus","8":"product_cat-laaketeollisuus","10":"first","11":"instock","12":"taxable","13":"shipping-taxable","14":"purchasable","15":"product-type-variable","16":"has-default-attributes"},"yoast_head":"<!-- This site is optimized with the Yoast SEO plugin v26.2 - https:\/\/yoast.com\/wordpress\/plugins\/seo\/ -->\n<title>Natriumsalisylaatti (CAS 54-21-7) - Chemistry For Industry - Solvents &amp; Chemicals - Masterchem.ee<\/title>\n<meta name=\"description\" content=\"Natriumsalisylaatti on salisyylihapon natriumsuola. Sit\u00e4 voidaan valmistaa natriumfenolaatista ja hiilidioksidista korkeammassa l\u00e4mp\u00f6tilassa ja paineessa.\" \/>\n<meta name=\"robots\" content=\"index, follow, max-snippet:-1, max-image-preview:large, max-video-preview:-1\" \/>\n<link rel=\"canonical\" href=\"https:\/\/masterchem.ee\/fi\/tooted-ja-teenused\/natriumsalisylaatti-cas-54-21-7\/\" \/>\n<meta name=\"twitter:card\" content=\"summary_large_image\" \/>\n<meta name=\"twitter:title\" content=\"Natriumsalisylaatti (CAS 54-21-7) - Chemistry For Industry - Solvents &amp; Chemicals - Masterchem.ee\" \/>\n<meta name=\"twitter:description\" content=\"Natriumsalisylaatti on salisyylihapon natriumsuola. Sit\u00e4 voidaan valmistaa natriumfenolaatista ja hiilidioksidista korkeammassa l\u00e4mp\u00f6tilassa ja paineessa.\" \/>\n<meta name=\"twitter:image\" content=\"https:\/\/masterchem.ee\/wp-content\/uploads\/2022\/01\/Naatriumsalitsulaat-25kg-MasterChem.jpg\" \/>\n<script type=\"application\/ld+json\" class=\"yoast-schema-graph\">{\"@context\":\"https:\/\/schema.org\",\"@graph\":[{\"@type\":\"WebPage\",\"@id\":\"https:\/\/masterchem.ee\/fi\/tooted-ja-teenused\/natriumsalisylaatti-cas-54-21-7\/\",\"url\":\"https:\/\/masterchem.ee\/fi\/tooted-ja-teenused\/natriumsalisylaatti-cas-54-21-7\/\",\"name\":\"Natriumsalisylaatti (CAS 54-21-7) - Chemistry For Industry - Solvents &amp; Chemicals - Masterchem.ee\",\"isPartOf\":{\"@id\":\"https:\/\/masterchem.ee\/fi\/#website\"},\"primaryImageOfPage\":{\"@id\":\"https:\/\/masterchem.ee\/fi\/tooted-ja-teenused\/natriumsalisylaatti-cas-54-21-7\/#primaryimage\"},\"image\":{\"@id\":\"https:\/\/masterchem.ee\/fi\/tooted-ja-teenused\/natriumsalisylaatti-cas-54-21-7\/#primaryimage\"},\"thumbnailUrl\":\"https:\/\/masterchem.ee\/wp-content\/uploads\/2022\/01\/Naatriumsalitsulaat-25kg-MasterChem.jpg\",\"datePublished\":\"2022-01-06T18:06:27+00:00\",\"dateModified\":\"2022-01-06T18:12:27+00:00\",\"description\":\"Natriumsalisylaatti on salisyylihapon natriumsuola. Sit\u00e4 voidaan valmistaa natriumfenolaatista ja hiilidioksidista korkeammassa l\u00e4mp\u00f6tilassa ja paineessa.\",\"breadcrumb\":{\"@id\":\"https:\/\/masterchem.ee\/fi\/tooted-ja-teenused\/natriumsalisylaatti-cas-54-21-7\/#breadcrumb\"},\"inLanguage\":\"fi\",\"potentialAction\":[{\"@type\":\"ReadAction\",\"target\":[\"https:\/\/masterchem.ee\/fi\/tooted-ja-teenused\/natriumsalisylaatti-cas-54-21-7\/\"]}]},{\"@type\":\"ImageObject\",\"inLanguage\":\"fi\",\"@id\":\"https:\/\/masterchem.ee\/fi\/tooted-ja-teenused\/natriumsalisylaatti-cas-54-21-7\/#primaryimage\",\"url\":\"https:\/\/masterchem.ee\/wp-content\/uploads\/2022\/01\/Naatriumsalitsulaat-25kg-MasterChem.jpg\",\"contentUrl\":\"https:\/\/masterchem.ee\/wp-content\/uploads\/2022\/01\/Naatriumsalitsulaat-25kg-MasterChem.jpg\",\"width\":1000,\"height\":1000,\"caption\":\"Natriumsalisylaatti (CAS 54-21-7) 25kg-MasterChem\"},{\"@type\":\"BreadcrumbList\",\"@id\":\"https:\/\/masterchem.ee\/fi\/tooted-ja-teenused\/natriumsalisylaatti-cas-54-21-7\/#breadcrumb\",\"itemListElement\":[{\"@type\":\"ListItem\",\"position\":1,\"name\":\"Home\",\"item\":\"https:\/\/masterchem.ee\/fi\/\"},{\"@type\":\"ListItem\",\"position\":2,\"name\":\"Tooted ja teenused\",\"item\":\"https:\/\/masterchem.ee\/tooted-ja-teenused\/\"},{\"@type\":\"ListItem\",\"position\":3,\"name\":\"Natriumsalisylaatti (CAS 54-21-7)\"}]},{\"@type\":\"WebSite\",\"@id\":\"https:\/\/masterchem.ee\/fi\/#website\",\"url\":\"https:\/\/masterchem.ee\/fi\/\",\"name\":\"Masterchem.ee\",\"description\":\"Chemistry For Industry - Solvents &amp; Chemicals\",\"publisher\":{\"@id\":\"https:\/\/masterchem.ee\/fi\/#organization\"},\"potentialAction\":[{\"@type\":\"SearchAction\",\"target\":{\"@type\":\"EntryPoint\",\"urlTemplate\":\"https:\/\/masterchem.ee\/fi\/?s={search_term_string}\"},\"query-input\":{\"@type\":\"PropertyValueSpecification\",\"valueRequired\":true,\"valueName\":\"search_term_string\"}}],\"inLanguage\":\"fi\"},{\"@type\":\"Organization\",\"@id\":\"https:\/\/masterchem.ee\/fi\/#organization\",\"name\":\"Masterchem\",\"url\":\"https:\/\/masterchem.ee\/fi\/\",\"logo\":{\"@type\":\"ImageObject\",\"inLanguage\":\"fi\",\"@id\":\"https:\/\/masterchem.ee\/fi\/#\/schema\/logo\/image\/\",\"url\":\"https:\/\/masterchem.ee\/wp-content\/uploads\/2018\/02\/master-chem_final-1.png\",\"contentUrl\":\"https:\/\/masterchem.ee\/wp-content\/uploads\/2018\/02\/master-chem_final-1.png\",\"width\":850,\"height\":356,\"caption\":\"Masterchem\"},\"image\":{\"@id\":\"https:\/\/masterchem.ee\/fi\/#\/schema\/logo\/image\/\"}}]}<\/script>\n<!-- \/ Yoast SEO plugin. -->","yoast_head_json":{"title":"Natriumsalisylaatti (CAS 54-21-7) - Chemistry For Industry - Solvents &amp; Chemicals - Masterchem.ee","description":"Natriumsalisylaatti on salisyylihapon natriumsuola. Sit\u00e4 voidaan valmistaa natriumfenolaatista ja hiilidioksidista korkeammassa l\u00e4mp\u00f6tilassa ja paineessa.","robots":{"index":"index","follow":"follow","max-snippet":"max-snippet:-1","max-image-preview":"max-image-preview:large","max-video-preview":"max-video-preview:-1"},"canonical":"https:\/\/masterchem.ee\/fi\/tooted-ja-teenused\/natriumsalisylaatti-cas-54-21-7\/","twitter_card":"summary_large_image","twitter_title":"Natriumsalisylaatti (CAS 54-21-7) - Chemistry For Industry - Solvents &amp; Chemicals - Masterchem.ee","twitter_description":"Natriumsalisylaatti on salisyylihapon natriumsuola. Sit\u00e4 voidaan valmistaa natriumfenolaatista ja hiilidioksidista korkeammassa l\u00e4mp\u00f6tilassa ja paineessa.","twitter_image":"https:\/\/masterchem.ee\/wp-content\/uploads\/2022\/01\/Naatriumsalitsulaat-25kg-MasterChem.jpg","schema":{"@context":"https:\/\/schema.org","@graph":[{"@type":"WebPage","@id":"https:\/\/masterchem.ee\/fi\/tooted-ja-teenused\/natriumsalisylaatti-cas-54-21-7\/","url":"https:\/\/masterchem.ee\/fi\/tooted-ja-teenused\/natriumsalisylaatti-cas-54-21-7\/","name":"Natriumsalisylaatti (CAS 54-21-7) - Chemistry For Industry - Solvents &amp; Chemicals - Masterchem.ee","isPartOf":{"@id":"https:\/\/masterchem.ee\/fi\/#website"},"primaryImageOfPage":{"@id":"https:\/\/masterchem.ee\/fi\/tooted-ja-teenused\/natriumsalisylaatti-cas-54-21-7\/#primaryimage"},"image":{"@id":"https:\/\/masterchem.ee\/fi\/tooted-ja-teenused\/natriumsalisylaatti-cas-54-21-7\/#primaryimage"},"thumbnailUrl":"https:\/\/masterchem.ee\/wp-content\/uploads\/2022\/01\/Naatriumsalitsulaat-25kg-MasterChem.jpg","datePublished":"2022-01-06T18:06:27+00:00","dateModified":"2022-01-06T18:12:27+00:00","description":"Natriumsalisylaatti on salisyylihapon natriumsuola. Sit\u00e4 voidaan valmistaa natriumfenolaatista ja hiilidioksidista korkeammassa l\u00e4mp\u00f6tilassa ja paineessa.","breadcrumb":{"@id":"https:\/\/masterchem.ee\/fi\/tooted-ja-teenused\/natriumsalisylaatti-cas-54-21-7\/#breadcrumb"},"inLanguage":"fi","potentialAction":[{"@type":"ReadAction","target":["https:\/\/masterchem.ee\/fi\/tooted-ja-teenused\/natriumsalisylaatti-cas-54-21-7\/"]}]},{"@type":"ImageObject","inLanguage":"fi","@id":"https:\/\/masterchem.ee\/fi\/tooted-ja-teenused\/natriumsalisylaatti-cas-54-21-7\/#primaryimage","url":"https:\/\/masterchem.ee\/wp-content\/uploads\/2022\/01\/Naatriumsalitsulaat-25kg-MasterChem.jpg","contentUrl":"https:\/\/masterchem.ee\/wp-content\/uploads\/2022\/01\/Naatriumsalitsulaat-25kg-MasterChem.jpg","width":1000,"height":1000,"caption":"Natriumsalisylaatti (CAS 54-21-7) 25kg-MasterChem"},{"@type":"BreadcrumbList","@id":"https:\/\/masterchem.ee\/fi\/tooted-ja-teenused\/natriumsalisylaatti-cas-54-21-7\/#breadcrumb","itemListElement":[{"@type":"ListItem","position":1,"name":"Home","item":"https:\/\/masterchem.ee\/fi\/"},{"@type":"ListItem","position":2,"name":"Tooted ja teenused","item":"https:\/\/masterchem.ee\/tooted-ja-teenused\/"},{"@type":"ListItem","position":3,"name":"Natriumsalisylaatti (CAS 54-21-7)"}]},{"@type":"WebSite","@id":"https:\/\/masterchem.ee\/fi\/#website","url":"https:\/\/masterchem.ee\/fi\/","name":"Masterchem.ee","description":"Chemistry For Industry - Solvents &amp; Chemicals","publisher":{"@id":"https:\/\/masterchem.ee\/fi\/#organization"},"potentialAction":[{"@type":"SearchAction","target":{"@type":"EntryPoint","urlTemplate":"https:\/\/masterchem.ee\/fi\/?s={search_term_string}"},"query-input":{"@type":"PropertyValueSpecification","valueRequired":true,"valueName":"search_term_string"}}],"inLanguage":"fi"},{"@type":"Organization","@id":"https:\/\/masterchem.ee\/fi\/#organization","name":"Masterchem","url":"https:\/\/masterchem.ee\/fi\/","logo":{"@type":"ImageObject","inLanguage":"fi","@id":"https:\/\/masterchem.ee\/fi\/#\/schema\/logo\/image\/","url":"https:\/\/masterchem.ee\/wp-content\/uploads\/2018\/02\/master-chem_final-1.png","contentUrl":"https:\/\/masterchem.ee\/wp-content\/uploads\/2018\/02\/master-chem_final-1.png","width":850,"height":356,"caption":"Masterchem"},"image":{"@id":"https:\/\/masterchem.ee\/fi\/#\/schema\/logo\/image\/"}}]}},"_links":{"self":[{"href":"https:\/\/masterchem.ee\/fi\/wp-json\/wp\/v2\/product\/16668","targetHints":{"allow":["GET"]}}],"collection":[{"href":"https:\/\/masterchem.ee\/fi\/wp-json\/wp\/v2\/product"}],"about":[{"href":"https:\/\/masterchem.ee\/fi\/wp-json\/wp\/v2\/types\/product"}],"wp:featuredmedia":[{"embeddable":true,"href":"https:\/\/masterchem.ee\/fi\/wp-json\/wp\/v2\/media\/16674"}],"wp:attachment":[{"href":"https:\/\/masterchem.ee\/fi\/wp-json\/wp\/v2\/media?parent=16668"}],"wp:term":[{"taxonomy":"product_brand","embeddable":true,"href":"https:\/\/masterchem.ee\/fi\/wp-json\/wp\/v2\/product_brand?post=16668"},{"taxonomy":"product_cat","embeddable":true,"href":"https:\/\/masterchem.ee\/fi\/wp-json\/wp\/v2\/product_cat?post=16668"},{"taxonomy":"product_tag","embeddable":true,"href":"https:\/\/masterchem.ee\/fi\/wp-json\/wp\/v2\/product_tag?post=16668"}],"curies":[{"name":"wp","href":"https:\/\/api.w.org\/{rel}","templated":true}]}}