{"id":16599,"date":"2022-01-06T17:08:18","date_gmt":"2022-01-06T17:08:27","guid":{"rendered":"https:\/\/masterchem.ee\/?post_type=product&#038;p=16599"},"modified":"2022-01-06T17:20:37","modified_gmt":"2022-01-06T17:20:37","slug":"natriumlauretisulfaatti-sles-27-cas-68891-38-3","status":"publish","type":"product","link":"https:\/\/masterchem.ee\/fi\/tooted-ja-teenused\/natriumlauretisulfaatti-sles-27-cas-68891-38-3\/","title":{"rendered":"Natriumlauretisulfaatti (SLES) 27 (CAS 68891-38-3)"},"content":{"rendered":"<p> <strong> Info<\/strong> <\/p>\n<p> Toimialat: Kotitalouskemikaalit, Kosmetiikkateollisuus <br \/>\nCAS-numero: 68891-38-3 <br \/>\nWE-numero: 500-234-8 <\/p>\n<p> <strong> Muut fyysiset ominaisuudet <\/strong> <br \/>\npH: 7,0 &#8211; 10,0 (5 % w 20 \u00b0C) <br \/>\nSulamispiste: ~ 10 \u00b0C <br \/>\nKiehumispiste\/alue:> 100 \u00b0C <br \/>\nSuhteellinen tiheys: 1,11 g \/ cm3 (20 \u00b0C) <\/p>\n","protected":false},"excerpt":{"rendered":"<p> <strong> Natriumlaureettisulfaatti (SLES) 27 (CAS 68891-38-3) <\/strong> <\/p>\n<p>Natriumlauryylieetterisulfaatti tai natriumlauryylieetterisulfaatti (SLES) on pesuaine ja pinta-aktiivinen aine, jota l\u00f6ytyy monista henkil\u00f6kohtaisen hygienian tuotteissa (saippuat, shampoot, hammastahnat jne.). SLES on edullinen ja eritt\u00e4in tehokas vaahdotusaine. SLES, SLS ja ALS ovat pinta-aktiivisia aineita, joita k\u00e4ytet\u00e4\u00e4n monissa kosmeettisissa tuotteissa niiden puhdistavien ja emulgointiominaisuuksien vuoksi. Ne k\u00e4ytt\u00e4ytyv\u00e4t samalla tavalla kuin saippua. <\/p>\n<p> Natriumlaurettisulfaatti on ioninen pinta-aktiivinen aine, jota k\u00e4ytet\u00e4\u00e4n ensisijaisesti pinta-aktiivisena aineena. <\/p>\n<p> Erinomainen vaahdotusaine, joka tarjoaa kest\u00e4v\u00e4n ja tasaisen vaahdon erinomaisella ihonpuhdistuskyvyll\u00e4. <\/p>\n<p>Natriumlaurethsulfaatti antaa ihoa pehment\u00e4vi\u00e4 ominaisuuksia. Natriumlaureettisulfaatti on ioninen pinta-aktiivinen aine. <\/p>\n","protected":false},"featured_media":16641,"template":"","meta":[],"product_brand":[],"product_cat":[180,294,117],"product_tag":[],"class_list":{"0":"post-16599","1":"product","2":"type-product","3":"status-publish","4":"has-post-thumbnail","6":"product_cat-uncategorized-fi-2","7":"product_cat-kosmetiikkateollisuus","8":"product_cat-kotitalouskemikaalit","9":"pif-has-gallery","11":"first","12":"instock","13":"taxable","14":"shipping-taxable","15":"purchasable","16":"product-type-variable","17":"has-default-attributes"},"yoast_head":"<!-- This site is optimized with the Yoast SEO plugin v26.2 - https:\/\/yoast.com\/wordpress\/plugins\/seo\/ -->\n<title>Natriumlauretisulfaatti (SLES) 27 (CAS 68891-38-3) - Chemistry For Industry - Solvents &amp; Chemicals - Masterchem.ee<\/title>\n<meta name=\"description\" content=\"Natriumlauryylieetterisulfaatti tai natriumlauryylieetterisulfaatti (SLES) on pesuaine ja pinta-aktiivinen aine, jota l\u00f6ytyy monista henkil\u00f6kohtaisen hygienian tuotteissa (saippuat, shampoot, hammastahnat jne.).\" \/>\n<meta name=\"robots\" content=\"index, follow, max-snippet:-1, max-image-preview:large, max-video-preview:-1\" \/>\n<link rel=\"canonical\" href=\"https:\/\/masterchem.ee\/fi\/tooted-ja-teenused\/natriumlauretisulfaatti-sles-27-cas-68891-38-3\/\" \/>\n<meta name=\"twitter:card\" content=\"summary_large_image\" \/>\n<meta name=\"twitter:title\" content=\"Natriumlauretisulfaatti (SLES) 27 (CAS 68891-38-3) - Chemistry For Industry - Solvents &amp; Chemicals - Masterchem.ee\" \/>\n<meta name=\"twitter:description\" content=\"Natriumlauryylieetterisulfaatti tai natriumlauryylieetterisulfaatti (SLES) on pesuaine ja pinta-aktiivinen aine, jota l\u00f6ytyy monista henkil\u00f6kohtaisen hygienian tuotteissa (saippuat, shampoot, hammastahnat jne.).\" \/>\n<meta name=\"twitter:image\" content=\"https:\/\/masterchem.ee\/wp-content\/uploads\/2022\/01\/Naatriumlauretsulfaat-SLES-27-1000l-MasterChem.jpg\" \/>\n<script type=\"application\/ld+json\" class=\"yoast-schema-graph\">{\"@context\":\"https:\/\/schema.org\",\"@graph\":[{\"@type\":\"WebPage\",\"@id\":\"https:\/\/masterchem.ee\/fi\/tooted-ja-teenused\/natriumlauretisulfaatti-sles-27-cas-68891-38-3\/\",\"url\":\"https:\/\/masterchem.ee\/fi\/tooted-ja-teenused\/natriumlauretisulfaatti-sles-27-cas-68891-38-3\/\",\"name\":\"Natriumlauretisulfaatti (SLES) 27 (CAS 68891-38-3) - Chemistry For Industry - Solvents &amp; Chemicals - Masterchem.ee\",\"isPartOf\":{\"@id\":\"https:\/\/masterchem.ee\/fi\/#website\"},\"primaryImageOfPage\":{\"@id\":\"https:\/\/masterchem.ee\/fi\/tooted-ja-teenused\/natriumlauretisulfaatti-sles-27-cas-68891-38-3\/#primaryimage\"},\"image\":{\"@id\":\"https:\/\/masterchem.ee\/fi\/tooted-ja-teenused\/natriumlauretisulfaatti-sles-27-cas-68891-38-3\/#primaryimage\"},\"thumbnailUrl\":\"https:\/\/masterchem.ee\/wp-content\/uploads\/2022\/01\/Naatriumlauretsulfaat-SLES-27-1000l-MasterChem.jpg\",\"datePublished\":\"2022-01-06T17:08:27+00:00\",\"dateModified\":\"2022-01-06T17:20:37+00:00\",\"description\":\"Natriumlauryylieetterisulfaatti tai natriumlauryylieetterisulfaatti (SLES) on pesuaine ja pinta-aktiivinen aine, jota l\u00f6ytyy monista henkil\u00f6kohtaisen hygienian tuotteissa (saippuat, shampoot, hammastahnat jne.).\",\"breadcrumb\":{\"@id\":\"https:\/\/masterchem.ee\/fi\/tooted-ja-teenused\/natriumlauretisulfaatti-sles-27-cas-68891-38-3\/#breadcrumb\"},\"inLanguage\":\"fi\",\"potentialAction\":[{\"@type\":\"ReadAction\",\"target\":[\"https:\/\/masterchem.ee\/fi\/tooted-ja-teenused\/natriumlauretisulfaatti-sles-27-cas-68891-38-3\/\"]}]},{\"@type\":\"ImageObject\",\"inLanguage\":\"fi\",\"@id\":\"https:\/\/masterchem.ee\/fi\/tooted-ja-teenused\/natriumlauretisulfaatti-sles-27-cas-68891-38-3\/#primaryimage\",\"url\":\"https:\/\/masterchem.ee\/wp-content\/uploads\/2022\/01\/Naatriumlauretsulfaat-SLES-27-1000l-MasterChem.jpg\",\"contentUrl\":\"https:\/\/masterchem.ee\/wp-content\/uploads\/2022\/01\/Naatriumlauretsulfaat-SLES-27-1000l-MasterChem.jpg\",\"width\":1000,\"height\":1000,\"caption\":\"Natriumlauretisulfaatti (SLES) 27 (CAS 68891-38-3) 1000l MasterChem\"},{\"@type\":\"BreadcrumbList\",\"@id\":\"https:\/\/masterchem.ee\/fi\/tooted-ja-teenused\/natriumlauretisulfaatti-sles-27-cas-68891-38-3\/#breadcrumb\",\"itemListElement\":[{\"@type\":\"ListItem\",\"position\":1,\"name\":\"Home\",\"item\":\"https:\/\/masterchem.ee\/fi\/\"},{\"@type\":\"ListItem\",\"position\":2,\"name\":\"Tooted ja teenused\",\"item\":\"https:\/\/masterchem.ee\/tooted-ja-teenused\/\"},{\"@type\":\"ListItem\",\"position\":3,\"name\":\"Natriumlauretisulfaatti (SLES) 27 (CAS 68891-38-3)\"}]},{\"@type\":\"WebSite\",\"@id\":\"https:\/\/masterchem.ee\/fi\/#website\",\"url\":\"https:\/\/masterchem.ee\/fi\/\",\"name\":\"Masterchem.ee\",\"description\":\"Chemistry For Industry - Solvents &amp; Chemicals\",\"publisher\":{\"@id\":\"https:\/\/masterchem.ee\/fi\/#organization\"},\"potentialAction\":[{\"@type\":\"SearchAction\",\"target\":{\"@type\":\"EntryPoint\",\"urlTemplate\":\"https:\/\/masterchem.ee\/fi\/?s={search_term_string}\"},\"query-input\":{\"@type\":\"PropertyValueSpecification\",\"valueRequired\":true,\"valueName\":\"search_term_string\"}}],\"inLanguage\":\"fi\"},{\"@type\":\"Organization\",\"@id\":\"https:\/\/masterchem.ee\/fi\/#organization\",\"name\":\"Masterchem\",\"url\":\"https:\/\/masterchem.ee\/fi\/\",\"logo\":{\"@type\":\"ImageObject\",\"inLanguage\":\"fi\",\"@id\":\"https:\/\/masterchem.ee\/fi\/#\/schema\/logo\/image\/\",\"url\":\"https:\/\/masterchem.ee\/wp-content\/uploads\/2018\/02\/master-chem_final-1.png\",\"contentUrl\":\"https:\/\/masterchem.ee\/wp-content\/uploads\/2018\/02\/master-chem_final-1.png\",\"width\":850,\"height\":356,\"caption\":\"Masterchem\"},\"image\":{\"@id\":\"https:\/\/masterchem.ee\/fi\/#\/schema\/logo\/image\/\"}}]}<\/script>\n<!-- \/ Yoast SEO plugin. -->","yoast_head_json":{"title":"Natriumlauretisulfaatti (SLES) 27 (CAS 68891-38-3) - Chemistry For Industry - Solvents &amp; Chemicals - Masterchem.ee","description":"Natriumlauryylieetterisulfaatti tai natriumlauryylieetterisulfaatti (SLES) on pesuaine ja pinta-aktiivinen aine, jota l\u00f6ytyy monista henkil\u00f6kohtaisen hygienian tuotteissa (saippuat, shampoot, hammastahnat jne.).","robots":{"index":"index","follow":"follow","max-snippet":"max-snippet:-1","max-image-preview":"max-image-preview:large","max-video-preview":"max-video-preview:-1"},"canonical":"https:\/\/masterchem.ee\/fi\/tooted-ja-teenused\/natriumlauretisulfaatti-sles-27-cas-68891-38-3\/","twitter_card":"summary_large_image","twitter_title":"Natriumlauretisulfaatti (SLES) 27 (CAS 68891-38-3) - Chemistry For Industry - Solvents &amp; Chemicals - Masterchem.ee","twitter_description":"Natriumlauryylieetterisulfaatti tai natriumlauryylieetterisulfaatti (SLES) on pesuaine ja pinta-aktiivinen aine, jota l\u00f6ytyy monista henkil\u00f6kohtaisen hygienian tuotteissa (saippuat, shampoot, hammastahnat jne.).","twitter_image":"https:\/\/masterchem.ee\/wp-content\/uploads\/2022\/01\/Naatriumlauretsulfaat-SLES-27-1000l-MasterChem.jpg","schema":{"@context":"https:\/\/schema.org","@graph":[{"@type":"WebPage","@id":"https:\/\/masterchem.ee\/fi\/tooted-ja-teenused\/natriumlauretisulfaatti-sles-27-cas-68891-38-3\/","url":"https:\/\/masterchem.ee\/fi\/tooted-ja-teenused\/natriumlauretisulfaatti-sles-27-cas-68891-38-3\/","name":"Natriumlauretisulfaatti (SLES) 27 (CAS 68891-38-3) - Chemistry For Industry - Solvents &amp; Chemicals - Masterchem.ee","isPartOf":{"@id":"https:\/\/masterchem.ee\/fi\/#website"},"primaryImageOfPage":{"@id":"https:\/\/masterchem.ee\/fi\/tooted-ja-teenused\/natriumlauretisulfaatti-sles-27-cas-68891-38-3\/#primaryimage"},"image":{"@id":"https:\/\/masterchem.ee\/fi\/tooted-ja-teenused\/natriumlauretisulfaatti-sles-27-cas-68891-38-3\/#primaryimage"},"thumbnailUrl":"https:\/\/masterchem.ee\/wp-content\/uploads\/2022\/01\/Naatriumlauretsulfaat-SLES-27-1000l-MasterChem.jpg","datePublished":"2022-01-06T17:08:27+00:00","dateModified":"2022-01-06T17:20:37+00:00","description":"Natriumlauryylieetterisulfaatti tai natriumlauryylieetterisulfaatti (SLES) on pesuaine ja pinta-aktiivinen aine, jota l\u00f6ytyy monista henkil\u00f6kohtaisen hygienian tuotteissa (saippuat, shampoot, hammastahnat jne.).","breadcrumb":{"@id":"https:\/\/masterchem.ee\/fi\/tooted-ja-teenused\/natriumlauretisulfaatti-sles-27-cas-68891-38-3\/#breadcrumb"},"inLanguage":"fi","potentialAction":[{"@type":"ReadAction","target":["https:\/\/masterchem.ee\/fi\/tooted-ja-teenused\/natriumlauretisulfaatti-sles-27-cas-68891-38-3\/"]}]},{"@type":"ImageObject","inLanguage":"fi","@id":"https:\/\/masterchem.ee\/fi\/tooted-ja-teenused\/natriumlauretisulfaatti-sles-27-cas-68891-38-3\/#primaryimage","url":"https:\/\/masterchem.ee\/wp-content\/uploads\/2022\/01\/Naatriumlauretsulfaat-SLES-27-1000l-MasterChem.jpg","contentUrl":"https:\/\/masterchem.ee\/wp-content\/uploads\/2022\/01\/Naatriumlauretsulfaat-SLES-27-1000l-MasterChem.jpg","width":1000,"height":1000,"caption":"Natriumlauretisulfaatti (SLES) 27 (CAS 68891-38-3) 1000l MasterChem"},{"@type":"BreadcrumbList","@id":"https:\/\/masterchem.ee\/fi\/tooted-ja-teenused\/natriumlauretisulfaatti-sles-27-cas-68891-38-3\/#breadcrumb","itemListElement":[{"@type":"ListItem","position":1,"name":"Home","item":"https:\/\/masterchem.ee\/fi\/"},{"@type":"ListItem","position":2,"name":"Tooted ja teenused","item":"https:\/\/masterchem.ee\/tooted-ja-teenused\/"},{"@type":"ListItem","position":3,"name":"Natriumlauretisulfaatti (SLES) 27 (CAS 68891-38-3)"}]},{"@type":"WebSite","@id":"https:\/\/masterchem.ee\/fi\/#website","url":"https:\/\/masterchem.ee\/fi\/","name":"Masterchem.ee","description":"Chemistry For Industry - Solvents &amp; Chemicals","publisher":{"@id":"https:\/\/masterchem.ee\/fi\/#organization"},"potentialAction":[{"@type":"SearchAction","target":{"@type":"EntryPoint","urlTemplate":"https:\/\/masterchem.ee\/fi\/?s={search_term_string}"},"query-input":{"@type":"PropertyValueSpecification","valueRequired":true,"valueName":"search_term_string"}}],"inLanguage":"fi"},{"@type":"Organization","@id":"https:\/\/masterchem.ee\/fi\/#organization","name":"Masterchem","url":"https:\/\/masterchem.ee\/fi\/","logo":{"@type":"ImageObject","inLanguage":"fi","@id":"https:\/\/masterchem.ee\/fi\/#\/schema\/logo\/image\/","url":"https:\/\/masterchem.ee\/wp-content\/uploads\/2018\/02\/master-chem_final-1.png","contentUrl":"https:\/\/masterchem.ee\/wp-content\/uploads\/2018\/02\/master-chem_final-1.png","width":850,"height":356,"caption":"Masterchem"},"image":{"@id":"https:\/\/masterchem.ee\/fi\/#\/schema\/logo\/image\/"}}]}},"_links":{"self":[{"href":"https:\/\/masterchem.ee\/fi\/wp-json\/wp\/v2\/product\/16599","targetHints":{"allow":["GET"]}}],"collection":[{"href":"https:\/\/masterchem.ee\/fi\/wp-json\/wp\/v2\/product"}],"about":[{"href":"https:\/\/masterchem.ee\/fi\/wp-json\/wp\/v2\/types\/product"}],"wp:featuredmedia":[{"embeddable":true,"href":"https:\/\/masterchem.ee\/fi\/wp-json\/wp\/v2\/media\/16641"}],"wp:attachment":[{"href":"https:\/\/masterchem.ee\/fi\/wp-json\/wp\/v2\/media?parent=16599"}],"wp:term":[{"taxonomy":"product_brand","embeddable":true,"href":"https:\/\/masterchem.ee\/fi\/wp-json\/wp\/v2\/product_brand?post=16599"},{"taxonomy":"product_cat","embeddable":true,"href":"https:\/\/masterchem.ee\/fi\/wp-json\/wp\/v2\/product_cat?post=16599"},{"taxonomy":"product_tag","embeddable":true,"href":"https:\/\/masterchem.ee\/fi\/wp-json\/wp\/v2\/product_tag?post=16599"}],"curies":[{"name":"wp","href":"https:\/\/api.w.org\/{rel}","templated":true}]}}