{"id":16570,"date":"2022-01-05T18:22:01","date_gmt":"2022-01-05T18:22:05","guid":{"rendered":"https:\/\/masterchem.ee\/?post_type=product&#038;p=16570"},"modified":"2022-01-05T18:27:33","modified_gmt":"2022-01-05T18:27:33","slug":"dihydroksiasetoni-cas-96-26-4","status":"publish","type":"product","link":"https:\/\/masterchem.ee\/fi\/tooted-ja-teenused\/dihydroksiasetoni-cas-96-26-4\/","title":{"rendered":"Dihydroksiasetoni (CAS 96-26-4)"},"content":{"rendered":"<p> <strong> Info<\/strong> <\/p>\n<p>Toimialat: kosmetiikkateollisuus, l\u00e4\u00e4keteollisuus<br \/>\nCAS-numero: 96-26-4<br \/>\nKemiallinen kaava: C3H6O3<br \/>\nMolekyylimassa: 90,1 g\/mol<br \/>\nTullitariffikoodi: 29144090<\/p>\n<p><strong>Muut fyysiset ominaisuudet<\/strong><br \/>\npH: 4-6<br \/>\nSulamis-\/j\u00e4\u00e4tymispiste: 96,5\u00b0C<br \/>\nKiehumispiste\/alue: 188\u00b0C<br \/>\nSuhteellinen tiheys: 1,52 g\/cm3 (20\u00b0C)<br \/>\nLiukoisuus veteen: 930 g\/l (20\u00b0C)<\/p>\n","protected":false},"excerpt":{"rendered":"<p><strong>Dihydroksiasetoni (CAS 96-26-4)<\/strong><\/p>\n<p>Dihydroksiasetoni, joka tunnetaan my\u00f6s nimell\u00e4 glyseroni, on yksinkertainen sakkaridi (trioosi), jonka kaava on C3H6O3.<\/p>\n<p>DHA:ta k\u00e4ytet\u00e4\u00e4n p\u00e4\u00e4asiassa auringottomien rusketustuotteiden ainesosana. Sit\u00e4 saadaan usein kasviper\u00e4isist\u00e4 l\u00e4hteist\u00e4, kuten sokerijuurikkaasta ja sokeriruo&#8217;osta, sek\u00e4 glyseriinin k\u00e4ymisest\u00e4.<\/p>\n<p>DHA on hygroskooppinen valkoinen kiteinen jauhe. Sill\u00e4 on makea viilent\u00e4v\u00e4 maku ja ominainen tuoksu. Se on yksinkertaisin kaikista ketooseista, eik\u00e4 sill\u00e4 ole kiraalista keskustaa tai optista aktiivisuutta. Normaali muoto on dimeeri (2,5-bis(hydroksimetyyli)-1,4-dioksaani-2,5-dioli), joka liukenee hitaasti yhteen osaan vett\u00e4 ja 15 osaan etanolia. Juuri valmistettuna se palautuu nopeasti liuoksessa olevaksi monomeeriksi.<\/p>\n","protected":false},"featured_media":16576,"template":"","meta":[],"product_brand":[],"product_cat":[180,294,120],"product_tag":[],"class_list":{"0":"post-16570","1":"product","2":"type-product","3":"status-publish","4":"has-post-thumbnail","6":"product_cat-uncategorized-fi-2","7":"product_cat-kosmetiikkateollisuus","8":"product_cat-laaketeollisuus","10":"first","11":"instock","12":"taxable","13":"shipping-taxable","14":"purchasable","15":"product-type-variable","16":"has-default-attributes"},"yoast_head":"<!-- This site is optimized with the Yoast SEO plugin v26.2 - https:\/\/yoast.com\/wordpress\/plugins\/seo\/ -->\n<title>Dihydroksiasetoni (CAS 96-26-4) - Chemistry For Industry - Solvents &amp; Chemicals - Masterchem.ee<\/title>\n<meta name=\"description\" content=\"Dihydroksiasetoni, joka tunnetaan my\u00f6s nimell\u00e4 glyseroni, on yksinkertainen sakkaridi (trioosi), jonka kaava on C3H6O3.\" \/>\n<meta name=\"robots\" content=\"index, follow, max-snippet:-1, max-image-preview:large, max-video-preview:-1\" \/>\n<link rel=\"canonical\" href=\"https:\/\/masterchem.ee\/fi\/tooted-ja-teenused\/dihydroksiasetoni-cas-96-26-4\/\" \/>\n<meta name=\"twitter:card\" content=\"summary_large_image\" \/>\n<meta name=\"twitter:title\" content=\"Dihydroksiasetoni (CAS 96-26-4) - Chemistry For Industry - Solvents &amp; Chemicals - Masterchem.ee\" \/>\n<meta name=\"twitter:description\" content=\"Dihydroksiasetoni, joka tunnetaan my\u00f6s nimell\u00e4 glyseroni, on yksinkertainen sakkaridi (trioosi), jonka kaava on C3H6O3.\" \/>\n<meta name=\"twitter:image\" content=\"https:\/\/masterchem.ee\/wp-content\/uploads\/2022\/01\/Dihudroksuatsetoon-25kg-MasterChem.jpg\" \/>\n<script type=\"application\/ld+json\" class=\"yoast-schema-graph\">{\"@context\":\"https:\/\/schema.org\",\"@graph\":[{\"@type\":\"WebPage\",\"@id\":\"https:\/\/masterchem.ee\/fi\/tooted-ja-teenused\/dihydroksiasetoni-cas-96-26-4\/\",\"url\":\"https:\/\/masterchem.ee\/fi\/tooted-ja-teenused\/dihydroksiasetoni-cas-96-26-4\/\",\"name\":\"Dihydroksiasetoni (CAS 96-26-4) - Chemistry For Industry - Solvents &amp; Chemicals - Masterchem.ee\",\"isPartOf\":{\"@id\":\"https:\/\/masterchem.ee\/fi\/#website\"},\"primaryImageOfPage\":{\"@id\":\"https:\/\/masterchem.ee\/fi\/tooted-ja-teenused\/dihydroksiasetoni-cas-96-26-4\/#primaryimage\"},\"image\":{\"@id\":\"https:\/\/masterchem.ee\/fi\/tooted-ja-teenused\/dihydroksiasetoni-cas-96-26-4\/#primaryimage\"},\"thumbnailUrl\":\"https:\/\/masterchem.ee\/wp-content\/uploads\/2022\/01\/Dihudroksuatsetoon-25kg-MasterChem.jpg\",\"datePublished\":\"2022-01-05T18:22:05+00:00\",\"dateModified\":\"2022-01-05T18:27:33+00:00\",\"description\":\"Dihydroksiasetoni, joka tunnetaan my\u00f6s nimell\u00e4 glyseroni, on yksinkertainen sakkaridi (trioosi), jonka kaava on C3H6O3.\",\"breadcrumb\":{\"@id\":\"https:\/\/masterchem.ee\/fi\/tooted-ja-teenused\/dihydroksiasetoni-cas-96-26-4\/#breadcrumb\"},\"inLanguage\":\"fi\",\"potentialAction\":[{\"@type\":\"ReadAction\",\"target\":[\"https:\/\/masterchem.ee\/fi\/tooted-ja-teenused\/dihydroksiasetoni-cas-96-26-4\/\"]}]},{\"@type\":\"ImageObject\",\"inLanguage\":\"fi\",\"@id\":\"https:\/\/masterchem.ee\/fi\/tooted-ja-teenused\/dihydroksiasetoni-cas-96-26-4\/#primaryimage\",\"url\":\"https:\/\/masterchem.ee\/wp-content\/uploads\/2022\/01\/Dihudroksuatsetoon-25kg-MasterChem.jpg\",\"contentUrl\":\"https:\/\/masterchem.ee\/wp-content\/uploads\/2022\/01\/Dihudroksuatsetoon-25kg-MasterChem.jpg\",\"width\":1000,\"height\":1000,\"caption\":\"Dihydroksiasetoni (CAS 96-26-4) 25kg-MasterChem\"},{\"@type\":\"BreadcrumbList\",\"@id\":\"https:\/\/masterchem.ee\/fi\/tooted-ja-teenused\/dihydroksiasetoni-cas-96-26-4\/#breadcrumb\",\"itemListElement\":[{\"@type\":\"ListItem\",\"position\":1,\"name\":\"Home\",\"item\":\"https:\/\/masterchem.ee\/fi\/\"},{\"@type\":\"ListItem\",\"position\":2,\"name\":\"Tooted ja teenused\",\"item\":\"https:\/\/masterchem.ee\/tooted-ja-teenused\/\"},{\"@type\":\"ListItem\",\"position\":3,\"name\":\"Dihydroksiasetoni (CAS 96-26-4)\"}]},{\"@type\":\"WebSite\",\"@id\":\"https:\/\/masterchem.ee\/fi\/#website\",\"url\":\"https:\/\/masterchem.ee\/fi\/\",\"name\":\"Masterchem.ee\",\"description\":\"Chemistry For Industry - Solvents &amp; Chemicals\",\"publisher\":{\"@id\":\"https:\/\/masterchem.ee\/fi\/#organization\"},\"potentialAction\":[{\"@type\":\"SearchAction\",\"target\":{\"@type\":\"EntryPoint\",\"urlTemplate\":\"https:\/\/masterchem.ee\/fi\/?s={search_term_string}\"},\"query-input\":{\"@type\":\"PropertyValueSpecification\",\"valueRequired\":true,\"valueName\":\"search_term_string\"}}],\"inLanguage\":\"fi\"},{\"@type\":\"Organization\",\"@id\":\"https:\/\/masterchem.ee\/fi\/#organization\",\"name\":\"Masterchem\",\"url\":\"https:\/\/masterchem.ee\/fi\/\",\"logo\":{\"@type\":\"ImageObject\",\"inLanguage\":\"fi\",\"@id\":\"https:\/\/masterchem.ee\/fi\/#\/schema\/logo\/image\/\",\"url\":\"https:\/\/masterchem.ee\/wp-content\/uploads\/2018\/02\/master-chem_final-1.png\",\"contentUrl\":\"https:\/\/masterchem.ee\/wp-content\/uploads\/2018\/02\/master-chem_final-1.png\",\"width\":850,\"height\":356,\"caption\":\"Masterchem\"},\"image\":{\"@id\":\"https:\/\/masterchem.ee\/fi\/#\/schema\/logo\/image\/\"}}]}<\/script>\n<!-- \/ Yoast SEO plugin. -->","yoast_head_json":{"title":"Dihydroksiasetoni (CAS 96-26-4) - Chemistry For Industry - Solvents &amp; Chemicals - Masterchem.ee","description":"Dihydroksiasetoni, joka tunnetaan my\u00f6s nimell\u00e4 glyseroni, on yksinkertainen sakkaridi (trioosi), jonka kaava on C3H6O3.","robots":{"index":"index","follow":"follow","max-snippet":"max-snippet:-1","max-image-preview":"max-image-preview:large","max-video-preview":"max-video-preview:-1"},"canonical":"https:\/\/masterchem.ee\/fi\/tooted-ja-teenused\/dihydroksiasetoni-cas-96-26-4\/","twitter_card":"summary_large_image","twitter_title":"Dihydroksiasetoni (CAS 96-26-4) - Chemistry For Industry - Solvents &amp; Chemicals - Masterchem.ee","twitter_description":"Dihydroksiasetoni, joka tunnetaan my\u00f6s nimell\u00e4 glyseroni, on yksinkertainen sakkaridi (trioosi), jonka kaava on C3H6O3.","twitter_image":"https:\/\/masterchem.ee\/wp-content\/uploads\/2022\/01\/Dihudroksuatsetoon-25kg-MasterChem.jpg","schema":{"@context":"https:\/\/schema.org","@graph":[{"@type":"WebPage","@id":"https:\/\/masterchem.ee\/fi\/tooted-ja-teenused\/dihydroksiasetoni-cas-96-26-4\/","url":"https:\/\/masterchem.ee\/fi\/tooted-ja-teenused\/dihydroksiasetoni-cas-96-26-4\/","name":"Dihydroksiasetoni (CAS 96-26-4) - Chemistry For Industry - Solvents &amp; Chemicals - Masterchem.ee","isPartOf":{"@id":"https:\/\/masterchem.ee\/fi\/#website"},"primaryImageOfPage":{"@id":"https:\/\/masterchem.ee\/fi\/tooted-ja-teenused\/dihydroksiasetoni-cas-96-26-4\/#primaryimage"},"image":{"@id":"https:\/\/masterchem.ee\/fi\/tooted-ja-teenused\/dihydroksiasetoni-cas-96-26-4\/#primaryimage"},"thumbnailUrl":"https:\/\/masterchem.ee\/wp-content\/uploads\/2022\/01\/Dihudroksuatsetoon-25kg-MasterChem.jpg","datePublished":"2022-01-05T18:22:05+00:00","dateModified":"2022-01-05T18:27:33+00:00","description":"Dihydroksiasetoni, joka tunnetaan my\u00f6s nimell\u00e4 glyseroni, on yksinkertainen sakkaridi (trioosi), jonka kaava on C3H6O3.","breadcrumb":{"@id":"https:\/\/masterchem.ee\/fi\/tooted-ja-teenused\/dihydroksiasetoni-cas-96-26-4\/#breadcrumb"},"inLanguage":"fi","potentialAction":[{"@type":"ReadAction","target":["https:\/\/masterchem.ee\/fi\/tooted-ja-teenused\/dihydroksiasetoni-cas-96-26-4\/"]}]},{"@type":"ImageObject","inLanguage":"fi","@id":"https:\/\/masterchem.ee\/fi\/tooted-ja-teenused\/dihydroksiasetoni-cas-96-26-4\/#primaryimage","url":"https:\/\/masterchem.ee\/wp-content\/uploads\/2022\/01\/Dihudroksuatsetoon-25kg-MasterChem.jpg","contentUrl":"https:\/\/masterchem.ee\/wp-content\/uploads\/2022\/01\/Dihudroksuatsetoon-25kg-MasterChem.jpg","width":1000,"height":1000,"caption":"Dihydroksiasetoni (CAS 96-26-4) 25kg-MasterChem"},{"@type":"BreadcrumbList","@id":"https:\/\/masterchem.ee\/fi\/tooted-ja-teenused\/dihydroksiasetoni-cas-96-26-4\/#breadcrumb","itemListElement":[{"@type":"ListItem","position":1,"name":"Home","item":"https:\/\/masterchem.ee\/fi\/"},{"@type":"ListItem","position":2,"name":"Tooted ja teenused","item":"https:\/\/masterchem.ee\/tooted-ja-teenused\/"},{"@type":"ListItem","position":3,"name":"Dihydroksiasetoni (CAS 96-26-4)"}]},{"@type":"WebSite","@id":"https:\/\/masterchem.ee\/fi\/#website","url":"https:\/\/masterchem.ee\/fi\/","name":"Masterchem.ee","description":"Chemistry For Industry - Solvents &amp; Chemicals","publisher":{"@id":"https:\/\/masterchem.ee\/fi\/#organization"},"potentialAction":[{"@type":"SearchAction","target":{"@type":"EntryPoint","urlTemplate":"https:\/\/masterchem.ee\/fi\/?s={search_term_string}"},"query-input":{"@type":"PropertyValueSpecification","valueRequired":true,"valueName":"search_term_string"}}],"inLanguage":"fi"},{"@type":"Organization","@id":"https:\/\/masterchem.ee\/fi\/#organization","name":"Masterchem","url":"https:\/\/masterchem.ee\/fi\/","logo":{"@type":"ImageObject","inLanguage":"fi","@id":"https:\/\/masterchem.ee\/fi\/#\/schema\/logo\/image\/","url":"https:\/\/masterchem.ee\/wp-content\/uploads\/2018\/02\/master-chem_final-1.png","contentUrl":"https:\/\/masterchem.ee\/wp-content\/uploads\/2018\/02\/master-chem_final-1.png","width":850,"height":356,"caption":"Masterchem"},"image":{"@id":"https:\/\/masterchem.ee\/fi\/#\/schema\/logo\/image\/"}}]}},"_links":{"self":[{"href":"https:\/\/masterchem.ee\/fi\/wp-json\/wp\/v2\/product\/16570","targetHints":{"allow":["GET"]}}],"collection":[{"href":"https:\/\/masterchem.ee\/fi\/wp-json\/wp\/v2\/product"}],"about":[{"href":"https:\/\/masterchem.ee\/fi\/wp-json\/wp\/v2\/types\/product"}],"wp:featuredmedia":[{"embeddable":true,"href":"https:\/\/masterchem.ee\/fi\/wp-json\/wp\/v2\/media\/16576"}],"wp:attachment":[{"href":"https:\/\/masterchem.ee\/fi\/wp-json\/wp\/v2\/media?parent=16570"}],"wp:term":[{"taxonomy":"product_brand","embeddable":true,"href":"https:\/\/masterchem.ee\/fi\/wp-json\/wp\/v2\/product_brand?post=16570"},{"taxonomy":"product_cat","embeddable":true,"href":"https:\/\/masterchem.ee\/fi\/wp-json\/wp\/v2\/product_cat?post=16570"},{"taxonomy":"product_tag","embeddable":true,"href":"https:\/\/masterchem.ee\/fi\/wp-json\/wp\/v2\/product_tag?post=16570"}],"curies":[{"name":"wp","href":"https:\/\/api.w.org\/{rel}","templated":true}]}}