{"id":16553,"date":"2022-01-05T10:47:30","date_gmt":"2022-01-05T10:47:34","guid":{"rendered":"https:\/\/masterchem.ee\/?post_type=product&#038;p=16553"},"modified":"2022-01-05T10:53:03","modified_gmt":"2022-01-05T10:53:03","slug":"natriumlaureettisulfaatti-sles-70-cas-9004-82-4","status":"publish","type":"product","link":"https:\/\/masterchem.ee\/fi\/tooted-ja-teenused\/natriumlaureettisulfaatti-sles-70-cas-9004-82-4\/","title":{"rendered":"Natriumlaureettisulfaatti (SLES) 70 (CAS 9004-82-4)"},"content":{"rendered":"<p> <strong> Info<\/strong> <\/p>\n<p>Teollisuus: kotitalouskemikaalit, kosmetiikkateollisuus<br \/>\nCAS-numero: 9004-82-4<\/p>\n<p><strong>Muut fyysiset ominaisuudet<\/strong><br \/>\npH: 7,0 \u2013 10,0 (5 % w 20\u00b0C)<br \/>\nSulamis-\/j\u00e4\u00e4tymispiste: <5\u00b0C<br \/>\nKiehumispiste\/alue: >100\u00b0C<\/p>\n","protected":false},"excerpt":{"rendered":"<p><strong>Natriumlaurettisulfaatti (SLES) 70 (CAS 9004-82-4)<\/strong><\/p>\n<p>Natriumlauryylipolyoksieteenieetterisulfaatti, joka tunnetaan my\u00f6s nimell\u00e4 Sodium laureth sulfate (SLES), on anioninen pesuaine ja pinta-aktiivinen aine, joka sis\u00e4ltyy moniin henkil\u00f6kohtaiseen hygieniatuotteisiin (saippuat, shampoot, hammastahnat jne.). Se on halpa ja eritt\u00e4in tehokas vaahdotusaine1. Sit\u00e4 k\u00e4ytet\u00e4\u00e4n laajalti my\u00f6s puhdistustuotteissa ja kosmetiikassa. Sen k\u00e4ytt\u00f6 n\u00e4iss\u00e4 tuotteissa on arvioitu perusteellisesti ja m\u00e4\u00e4ritetty turvallisiksi kuluttajille ja ymp\u00e4rist\u00f6lle2. T\u00e4m\u00e4 yhdiste voi kuitenkin \u00e4rsytt\u00e4\u00e4 silmi\u00e4 ja ihoa, ja se voi sis\u00e4lt\u00e4\u00e4 sy\u00f6p\u00e4\u00e4 aiheuttavaa dioksaania. Kosmetiikka-, hygieniatuotteiden ja tuoksujen yhdistys ei suosittele SLES:n pitk\u00e4aikaista k\u00e4ytt\u00f6\u00e4, paitsi jos pitoisuudet ovat eritt\u00e4in pieni\u00e4. Yhdysvaltain ymp\u00e4rist\u00f6nsuojeluviraston tutkimuksen mukaan yli 5 prosentin pitoisuudella k\u00e4ytetty natriumlaurethsulfaatti aiheutti vakavaa \u00e4rsytyst\u00e4, hiustenl\u00e4ht\u00f6\u00e4 ja kuolemaa koe-el\u00e4imiss\u00e4. Kiistasta huolimatta SLES on yleisesti k\u00e4ytetty yhdiste.<\/p>\n","protected":false},"featured_media":16559,"template":"","meta":[],"product_brand":[],"product_cat":[180,294,117],"product_tag":[],"class_list":{"0":"post-16553","1":"product","2":"type-product","3":"status-publish","4":"has-post-thumbnail","6":"product_cat-uncategorized-fi-2","7":"product_cat-kosmetiikkateollisuus","8":"product_cat-kotitalouskemikaalit","10":"first","11":"instock","12":"taxable","13":"shipping-taxable","14":"purchasable","15":"product-type-variable","16":"has-default-attributes"},"yoast_head":"<!-- This site is optimized with the Yoast SEO plugin v26.2 - https:\/\/yoast.com\/wordpress\/plugins\/seo\/ -->\n<title>Natriumlaureettisulfaatti (SLES) 70 (CAS 9004-82-4) - Chemistry For Industry - Solvents &amp; Chemicals - Masterchem.ee<\/title>\n<meta name=\"description\" content=\"Natriumlauryylipolyoksieteenieetterisulfaatti, joka tunnetaan my\u00f6s nimell\u00e4 Sodium laureth sulfate (SLES), on anioninen pesuaine ja pinta-aktiivinen aine, joka sis\u00e4ltyy moniin henkil\u00f6kohtaiseen hygieniatuotteisiin (saippuat, shampoot, hammastahnat jne.).\" \/>\n<meta name=\"robots\" content=\"index, follow, max-snippet:-1, max-image-preview:large, max-video-preview:-1\" \/>\n<link rel=\"canonical\" href=\"https:\/\/masterchem.ee\/fi\/tooted-ja-teenused\/natriumlaureettisulfaatti-sles-70-cas-9004-82-4\/\" \/>\n<meta name=\"twitter:card\" content=\"summary_large_image\" \/>\n<meta name=\"twitter:title\" content=\"Natriumlaureettisulfaatti (SLES) 70 (CAS 9004-82-4) - Chemistry For Industry - Solvents &amp; Chemicals - Masterchem.ee\" \/>\n<meta name=\"twitter:description\" content=\"Natriumlauryylipolyoksieteenieetterisulfaatti, joka tunnetaan my\u00f6s nimell\u00e4 Sodium laureth sulfate (SLES), on anioninen pesuaine ja pinta-aktiivinen aine, joka sis\u00e4ltyy moniin henkil\u00f6kohtaiseen hygieniatuotteisiin (saippuat, shampoot, hammastahnat jne.).\" \/>\n<meta name=\"twitter:image\" content=\"https:\/\/masterchem.ee\/wp-content\/uploads\/2022\/01\/Naatriumlauretsulfaat-SLES-25kg-MasterChem.jpg\" \/>\n<script type=\"application\/ld+json\" class=\"yoast-schema-graph\">{\"@context\":\"https:\/\/schema.org\",\"@graph\":[{\"@type\":\"WebPage\",\"@id\":\"https:\/\/masterchem.ee\/fi\/tooted-ja-teenused\/natriumlaureettisulfaatti-sles-70-cas-9004-82-4\/\",\"url\":\"https:\/\/masterchem.ee\/fi\/tooted-ja-teenused\/natriumlaureettisulfaatti-sles-70-cas-9004-82-4\/\",\"name\":\"Natriumlaureettisulfaatti (SLES) 70 (CAS 9004-82-4) - Chemistry For Industry - Solvents &amp; Chemicals - Masterchem.ee\",\"isPartOf\":{\"@id\":\"https:\/\/masterchem.ee\/fi\/#website\"},\"primaryImageOfPage\":{\"@id\":\"https:\/\/masterchem.ee\/fi\/tooted-ja-teenused\/natriumlaureettisulfaatti-sles-70-cas-9004-82-4\/#primaryimage\"},\"image\":{\"@id\":\"https:\/\/masterchem.ee\/fi\/tooted-ja-teenused\/natriumlaureettisulfaatti-sles-70-cas-9004-82-4\/#primaryimage\"},\"thumbnailUrl\":\"https:\/\/masterchem.ee\/wp-content\/uploads\/2022\/01\/Naatriumlauretsulfaat-SLES-25kg-MasterChem.jpg\",\"datePublished\":\"2022-01-05T10:47:34+00:00\",\"dateModified\":\"2022-01-05T10:53:03+00:00\",\"description\":\"Natriumlauryylipolyoksieteenieetterisulfaatti, joka tunnetaan my\u00f6s nimell\u00e4 Sodium laureth sulfate (SLES), on anioninen pesuaine ja pinta-aktiivinen aine, joka sis\u00e4ltyy moniin henkil\u00f6kohtaiseen hygieniatuotteisiin (saippuat, shampoot, hammastahnat jne.).\",\"breadcrumb\":{\"@id\":\"https:\/\/masterchem.ee\/fi\/tooted-ja-teenused\/natriumlaureettisulfaatti-sles-70-cas-9004-82-4\/#breadcrumb\"},\"inLanguage\":\"fi\",\"potentialAction\":[{\"@type\":\"ReadAction\",\"target\":[\"https:\/\/masterchem.ee\/fi\/tooted-ja-teenused\/natriumlaureettisulfaatti-sles-70-cas-9004-82-4\/\"]}]},{\"@type\":\"ImageObject\",\"inLanguage\":\"fi\",\"@id\":\"https:\/\/masterchem.ee\/fi\/tooted-ja-teenused\/natriumlaureettisulfaatti-sles-70-cas-9004-82-4\/#primaryimage\",\"url\":\"https:\/\/masterchem.ee\/wp-content\/uploads\/2022\/01\/Naatriumlauretsulfaat-SLES-25kg-MasterChem.jpg\",\"contentUrl\":\"https:\/\/masterchem.ee\/wp-content\/uploads\/2022\/01\/Naatriumlauretsulfaat-SLES-25kg-MasterChem.jpg\",\"width\":1000,\"height\":1000,\"caption\":\"Natriumlaureettisulfaatti (SLES) 70 (CAS 9004-82-4) 25kg MasterChem\"},{\"@type\":\"BreadcrumbList\",\"@id\":\"https:\/\/masterchem.ee\/fi\/tooted-ja-teenused\/natriumlaureettisulfaatti-sles-70-cas-9004-82-4\/#breadcrumb\",\"itemListElement\":[{\"@type\":\"ListItem\",\"position\":1,\"name\":\"Home\",\"item\":\"https:\/\/masterchem.ee\/fi\/\"},{\"@type\":\"ListItem\",\"position\":2,\"name\":\"Tooted ja teenused\",\"item\":\"https:\/\/masterchem.ee\/tooted-ja-teenused\/\"},{\"@type\":\"ListItem\",\"position\":3,\"name\":\"Natriumlaureettisulfaatti (SLES) 70 (CAS 9004-82-4)\"}]},{\"@type\":\"WebSite\",\"@id\":\"https:\/\/masterchem.ee\/fi\/#website\",\"url\":\"https:\/\/masterchem.ee\/fi\/\",\"name\":\"Masterchem.ee\",\"description\":\"Chemistry For Industry - Solvents &amp; Chemicals\",\"publisher\":{\"@id\":\"https:\/\/masterchem.ee\/fi\/#organization\"},\"potentialAction\":[{\"@type\":\"SearchAction\",\"target\":{\"@type\":\"EntryPoint\",\"urlTemplate\":\"https:\/\/masterchem.ee\/fi\/?s={search_term_string}\"},\"query-input\":{\"@type\":\"PropertyValueSpecification\",\"valueRequired\":true,\"valueName\":\"search_term_string\"}}],\"inLanguage\":\"fi\"},{\"@type\":\"Organization\",\"@id\":\"https:\/\/masterchem.ee\/fi\/#organization\",\"name\":\"Masterchem\",\"url\":\"https:\/\/masterchem.ee\/fi\/\",\"logo\":{\"@type\":\"ImageObject\",\"inLanguage\":\"fi\",\"@id\":\"https:\/\/masterchem.ee\/fi\/#\/schema\/logo\/image\/\",\"url\":\"https:\/\/masterchem.ee\/wp-content\/uploads\/2018\/02\/master-chem_final-1.png\",\"contentUrl\":\"https:\/\/masterchem.ee\/wp-content\/uploads\/2018\/02\/master-chem_final-1.png\",\"width\":850,\"height\":356,\"caption\":\"Masterchem\"},\"image\":{\"@id\":\"https:\/\/masterchem.ee\/fi\/#\/schema\/logo\/image\/\"}}]}<\/script>\n<!-- \/ Yoast SEO plugin. -->","yoast_head_json":{"title":"Natriumlaureettisulfaatti (SLES) 70 (CAS 9004-82-4) - Chemistry For Industry - Solvents &amp; Chemicals - Masterchem.ee","description":"Natriumlauryylipolyoksieteenieetterisulfaatti, joka tunnetaan my\u00f6s nimell\u00e4 Sodium laureth sulfate (SLES), on anioninen pesuaine ja pinta-aktiivinen aine, joka sis\u00e4ltyy moniin henkil\u00f6kohtaiseen hygieniatuotteisiin (saippuat, shampoot, hammastahnat jne.).","robots":{"index":"index","follow":"follow","max-snippet":"max-snippet:-1","max-image-preview":"max-image-preview:large","max-video-preview":"max-video-preview:-1"},"canonical":"https:\/\/masterchem.ee\/fi\/tooted-ja-teenused\/natriumlaureettisulfaatti-sles-70-cas-9004-82-4\/","twitter_card":"summary_large_image","twitter_title":"Natriumlaureettisulfaatti (SLES) 70 (CAS 9004-82-4) - Chemistry For Industry - Solvents &amp; Chemicals - Masterchem.ee","twitter_description":"Natriumlauryylipolyoksieteenieetterisulfaatti, joka tunnetaan my\u00f6s nimell\u00e4 Sodium laureth sulfate (SLES), on anioninen pesuaine ja pinta-aktiivinen aine, joka sis\u00e4ltyy moniin henkil\u00f6kohtaiseen hygieniatuotteisiin (saippuat, shampoot, hammastahnat jne.).","twitter_image":"https:\/\/masterchem.ee\/wp-content\/uploads\/2022\/01\/Naatriumlauretsulfaat-SLES-25kg-MasterChem.jpg","schema":{"@context":"https:\/\/schema.org","@graph":[{"@type":"WebPage","@id":"https:\/\/masterchem.ee\/fi\/tooted-ja-teenused\/natriumlaureettisulfaatti-sles-70-cas-9004-82-4\/","url":"https:\/\/masterchem.ee\/fi\/tooted-ja-teenused\/natriumlaureettisulfaatti-sles-70-cas-9004-82-4\/","name":"Natriumlaureettisulfaatti (SLES) 70 (CAS 9004-82-4) - Chemistry For Industry - Solvents &amp; Chemicals - Masterchem.ee","isPartOf":{"@id":"https:\/\/masterchem.ee\/fi\/#website"},"primaryImageOfPage":{"@id":"https:\/\/masterchem.ee\/fi\/tooted-ja-teenused\/natriumlaureettisulfaatti-sles-70-cas-9004-82-4\/#primaryimage"},"image":{"@id":"https:\/\/masterchem.ee\/fi\/tooted-ja-teenused\/natriumlaureettisulfaatti-sles-70-cas-9004-82-4\/#primaryimage"},"thumbnailUrl":"https:\/\/masterchem.ee\/wp-content\/uploads\/2022\/01\/Naatriumlauretsulfaat-SLES-25kg-MasterChem.jpg","datePublished":"2022-01-05T10:47:34+00:00","dateModified":"2022-01-05T10:53:03+00:00","description":"Natriumlauryylipolyoksieteenieetterisulfaatti, joka tunnetaan my\u00f6s nimell\u00e4 Sodium laureth sulfate (SLES), on anioninen pesuaine ja pinta-aktiivinen aine, joka sis\u00e4ltyy moniin henkil\u00f6kohtaiseen hygieniatuotteisiin (saippuat, shampoot, hammastahnat jne.).","breadcrumb":{"@id":"https:\/\/masterchem.ee\/fi\/tooted-ja-teenused\/natriumlaureettisulfaatti-sles-70-cas-9004-82-4\/#breadcrumb"},"inLanguage":"fi","potentialAction":[{"@type":"ReadAction","target":["https:\/\/masterchem.ee\/fi\/tooted-ja-teenused\/natriumlaureettisulfaatti-sles-70-cas-9004-82-4\/"]}]},{"@type":"ImageObject","inLanguage":"fi","@id":"https:\/\/masterchem.ee\/fi\/tooted-ja-teenused\/natriumlaureettisulfaatti-sles-70-cas-9004-82-4\/#primaryimage","url":"https:\/\/masterchem.ee\/wp-content\/uploads\/2022\/01\/Naatriumlauretsulfaat-SLES-25kg-MasterChem.jpg","contentUrl":"https:\/\/masterchem.ee\/wp-content\/uploads\/2022\/01\/Naatriumlauretsulfaat-SLES-25kg-MasterChem.jpg","width":1000,"height":1000,"caption":"Natriumlaureettisulfaatti (SLES) 70 (CAS 9004-82-4) 25kg MasterChem"},{"@type":"BreadcrumbList","@id":"https:\/\/masterchem.ee\/fi\/tooted-ja-teenused\/natriumlaureettisulfaatti-sles-70-cas-9004-82-4\/#breadcrumb","itemListElement":[{"@type":"ListItem","position":1,"name":"Home","item":"https:\/\/masterchem.ee\/fi\/"},{"@type":"ListItem","position":2,"name":"Tooted ja teenused","item":"https:\/\/masterchem.ee\/tooted-ja-teenused\/"},{"@type":"ListItem","position":3,"name":"Natriumlaureettisulfaatti (SLES) 70 (CAS 9004-82-4)"}]},{"@type":"WebSite","@id":"https:\/\/masterchem.ee\/fi\/#website","url":"https:\/\/masterchem.ee\/fi\/","name":"Masterchem.ee","description":"Chemistry For Industry - Solvents &amp; Chemicals","publisher":{"@id":"https:\/\/masterchem.ee\/fi\/#organization"},"potentialAction":[{"@type":"SearchAction","target":{"@type":"EntryPoint","urlTemplate":"https:\/\/masterchem.ee\/fi\/?s={search_term_string}"},"query-input":{"@type":"PropertyValueSpecification","valueRequired":true,"valueName":"search_term_string"}}],"inLanguage":"fi"},{"@type":"Organization","@id":"https:\/\/masterchem.ee\/fi\/#organization","name":"Masterchem","url":"https:\/\/masterchem.ee\/fi\/","logo":{"@type":"ImageObject","inLanguage":"fi","@id":"https:\/\/masterchem.ee\/fi\/#\/schema\/logo\/image\/","url":"https:\/\/masterchem.ee\/wp-content\/uploads\/2018\/02\/master-chem_final-1.png","contentUrl":"https:\/\/masterchem.ee\/wp-content\/uploads\/2018\/02\/master-chem_final-1.png","width":850,"height":356,"caption":"Masterchem"},"image":{"@id":"https:\/\/masterchem.ee\/fi\/#\/schema\/logo\/image\/"}}]}},"_links":{"self":[{"href":"https:\/\/masterchem.ee\/fi\/wp-json\/wp\/v2\/product\/16553","targetHints":{"allow":["GET"]}}],"collection":[{"href":"https:\/\/masterchem.ee\/fi\/wp-json\/wp\/v2\/product"}],"about":[{"href":"https:\/\/masterchem.ee\/fi\/wp-json\/wp\/v2\/types\/product"}],"wp:featuredmedia":[{"embeddable":true,"href":"https:\/\/masterchem.ee\/fi\/wp-json\/wp\/v2\/media\/16559"}],"wp:attachment":[{"href":"https:\/\/masterchem.ee\/fi\/wp-json\/wp\/v2\/media?parent=16553"}],"wp:term":[{"taxonomy":"product_brand","embeddable":true,"href":"https:\/\/masterchem.ee\/fi\/wp-json\/wp\/v2\/product_brand?post=16553"},{"taxonomy":"product_cat","embeddable":true,"href":"https:\/\/masterchem.ee\/fi\/wp-json\/wp\/v2\/product_cat?post=16553"},{"taxonomy":"product_tag","embeddable":true,"href":"https:\/\/masterchem.ee\/fi\/wp-json\/wp\/v2\/product_tag?post=16553"}],"curies":[{"name":"wp","href":"https:\/\/api.w.org\/{rel}","templated":true}]}}