{"id":16538,"date":"2022-01-05T08:59:24","date_gmt":"2022-01-05T08:59:28","guid":{"rendered":"https:\/\/masterchem.ee\/?post_type=product&#038;p=16538"},"modified":"2022-01-05T09:06:20","modified_gmt":"2022-01-05T09:06:20","slug":"lauriinihappo-cas-143-07-7","status":"publish","type":"product","link":"https:\/\/masterchem.ee\/fi\/tooted-ja-teenused\/lauriinihappo-cas-143-07-7\/","title":{"rendered":"Lauriinihappo (CAS 143-07-7)"},"content":{"rendered":"<p> <strong> Info<\/strong> <\/p>\n<p>Toimialat: Kosmetiikkateollisuus<br \/>\nCAS-numero: 143-07-7<br \/>\nWE-numero: 205-582-1<br \/>\nKemiallinen kaava: C12H24O2<br \/>\nMolekyylimassa: 200 318 g\/mol<br \/>\nTullitariffikoodi: 29159030<\/p>\n<p><strong>Muut fyysiset ominaisuudet<\/strong><br \/>\nSulamis-\/j\u00e4\u00e4tymispiste: 43-44\u00b0C<br \/>\nKiehumispiste\/alue: 299\u00b0C (760 mmHg)<br \/>\nSuhteellinen tiheys: 1 0099 (35 \u00b0C)<br \/>\nLiukoisuus veteen: 0,000481 g\/100 g (20\u00b0C)<\/p>\n","protected":false},"excerpt":{"rendered":"<p><strong>Lauriinihappo (CAS 143-07-7)<\/strong><\/p>\n<p>Lauriinihappo tai systemaattisesti dodekaanihappo on tyydyttynyt rasvahappo, jossa on 12 hiiliatomin ketju ja jolla on siten monia keskipitk\u00e4ketjuisten rasvahappojen ominaisuuksia, se on kirkkaan valkoinen, jauhemainen kiinte\u00e4 aine, jossa on heikko laakeri\u00f6ljyn haju tai saippua. Lauriinihapon suolat ja esterit tunnetaan lauraateina.<\/p>\n<p>Lauriinihappo oli kysytyin komponentti korkealaatuisen napalmin valmistuksessa. T\u00e4st\u00e4 ~50 % ester\u00f6ityn\u00e4 kookos\u00f6ljyn rasvahapoissa.<\/p>\n","protected":false},"featured_media":16544,"template":"","meta":[],"product_brand":[],"product_cat":[180,294],"product_tag":[],"class_list":{"0":"post-16538","1":"product","2":"type-product","3":"status-publish","4":"has-post-thumbnail","6":"product_cat-uncategorized-fi-2","7":"product_cat-kosmetiikkateollisuus","9":"first","10":"instock","11":"taxable","12":"shipping-taxable","13":"purchasable","14":"product-type-variable","15":"has-default-attributes"},"yoast_head":"<!-- This site is optimized with the Yoast SEO plugin v26.2 - https:\/\/yoast.com\/wordpress\/plugins\/seo\/ -->\n<title>Lauriinihappo (CAS 143-07-7) - Chemistry For Industry - Solvents &amp; Chemicals - Masterchem.ee<\/title>\n<meta name=\"description\" content=\"Lauriinihappo tai systemaattisesti dodekaanihappo on tyydyttynyt rasvahappo, jossa on 12 hiiliatomin ketju ja jolla on siten monia keskipitk\u00e4ketjuisten rasvahappojen ominaisuuksia, se on kirkkaan valkoinen, jauhemainen kiinte\u00e4 aine, jossa on heikko laakeri\u00f6ljyn haju tai saippua.\" \/>\n<meta name=\"robots\" content=\"index, follow, max-snippet:-1, max-image-preview:large, max-video-preview:-1\" \/>\n<link rel=\"canonical\" href=\"https:\/\/masterchem.ee\/fi\/tooted-ja-teenused\/lauriinihappo-cas-143-07-7\/\" \/>\n<meta name=\"twitter:card\" content=\"summary_large_image\" \/>\n<meta name=\"twitter:title\" content=\"Lauriinihappo (CAS 143-07-7) - Chemistry For Industry - Solvents &amp; Chemicals - Masterchem.ee\" \/>\n<meta name=\"twitter:description\" content=\"Lauriinihappo tai systemaattisesti dodekaanihappo on tyydyttynyt rasvahappo, jossa on 12 hiiliatomin ketju ja jolla on siten monia keskipitk\u00e4ketjuisten rasvahappojen ominaisuuksia, se on kirkkaan valkoinen, jauhemainen kiinte\u00e4 aine, jossa on heikko laakeri\u00f6ljyn haju tai saippua.\" \/>\n<meta name=\"twitter:image\" content=\"https:\/\/masterchem.ee\/wp-content\/uploads\/2022\/01\/Lauriinhape-25kg-MasterChem.jpg\" \/>\n<script type=\"application\/ld+json\" class=\"yoast-schema-graph\">{\"@context\":\"https:\/\/schema.org\",\"@graph\":[{\"@type\":\"WebPage\",\"@id\":\"https:\/\/masterchem.ee\/fi\/tooted-ja-teenused\/lauriinihappo-cas-143-07-7\/\",\"url\":\"https:\/\/masterchem.ee\/fi\/tooted-ja-teenused\/lauriinihappo-cas-143-07-7\/\",\"name\":\"Lauriinihappo (CAS 143-07-7) - Chemistry For Industry - Solvents &amp; Chemicals - Masterchem.ee\",\"isPartOf\":{\"@id\":\"https:\/\/masterchem.ee\/fi\/#website\"},\"primaryImageOfPage\":{\"@id\":\"https:\/\/masterchem.ee\/fi\/tooted-ja-teenused\/lauriinihappo-cas-143-07-7\/#primaryimage\"},\"image\":{\"@id\":\"https:\/\/masterchem.ee\/fi\/tooted-ja-teenused\/lauriinihappo-cas-143-07-7\/#primaryimage\"},\"thumbnailUrl\":\"https:\/\/masterchem.ee\/wp-content\/uploads\/2022\/01\/Lauriinhape-25kg-MasterChem.jpg\",\"datePublished\":\"2022-01-05T08:59:28+00:00\",\"dateModified\":\"2022-01-05T09:06:20+00:00\",\"description\":\"Lauriinihappo tai systemaattisesti dodekaanihappo on tyydyttynyt rasvahappo, jossa on 12 hiiliatomin ketju ja jolla on siten monia keskipitk\u00e4ketjuisten rasvahappojen ominaisuuksia, se on kirkkaan valkoinen, jauhemainen kiinte\u00e4 aine, jossa on heikko laakeri\u00f6ljyn haju tai saippua.\",\"breadcrumb\":{\"@id\":\"https:\/\/masterchem.ee\/fi\/tooted-ja-teenused\/lauriinihappo-cas-143-07-7\/#breadcrumb\"},\"inLanguage\":\"fi\",\"potentialAction\":[{\"@type\":\"ReadAction\",\"target\":[\"https:\/\/masterchem.ee\/fi\/tooted-ja-teenused\/lauriinihappo-cas-143-07-7\/\"]}]},{\"@type\":\"ImageObject\",\"inLanguage\":\"fi\",\"@id\":\"https:\/\/masterchem.ee\/fi\/tooted-ja-teenused\/lauriinihappo-cas-143-07-7\/#primaryimage\",\"url\":\"https:\/\/masterchem.ee\/wp-content\/uploads\/2022\/01\/Lauriinhape-25kg-MasterChem.jpg\",\"contentUrl\":\"https:\/\/masterchem.ee\/wp-content\/uploads\/2022\/01\/Lauriinhape-25kg-MasterChem.jpg\",\"width\":1000,\"height\":1000,\"caption\":\"Lauriinihappo (CAS 143-07-7) 25kg MasterChem\"},{\"@type\":\"BreadcrumbList\",\"@id\":\"https:\/\/masterchem.ee\/fi\/tooted-ja-teenused\/lauriinihappo-cas-143-07-7\/#breadcrumb\",\"itemListElement\":[{\"@type\":\"ListItem\",\"position\":1,\"name\":\"Home\",\"item\":\"https:\/\/masterchem.ee\/fi\/\"},{\"@type\":\"ListItem\",\"position\":2,\"name\":\"Tooted ja teenused\",\"item\":\"https:\/\/masterchem.ee\/tooted-ja-teenused\/\"},{\"@type\":\"ListItem\",\"position\":3,\"name\":\"Lauriinihappo (CAS 143-07-7)\"}]},{\"@type\":\"WebSite\",\"@id\":\"https:\/\/masterchem.ee\/fi\/#website\",\"url\":\"https:\/\/masterchem.ee\/fi\/\",\"name\":\"Masterchem.ee\",\"description\":\"Chemistry For Industry - Solvents &amp; Chemicals\",\"publisher\":{\"@id\":\"https:\/\/masterchem.ee\/fi\/#organization\"},\"potentialAction\":[{\"@type\":\"SearchAction\",\"target\":{\"@type\":\"EntryPoint\",\"urlTemplate\":\"https:\/\/masterchem.ee\/fi\/?s={search_term_string}\"},\"query-input\":{\"@type\":\"PropertyValueSpecification\",\"valueRequired\":true,\"valueName\":\"search_term_string\"}}],\"inLanguage\":\"fi\"},{\"@type\":\"Organization\",\"@id\":\"https:\/\/masterchem.ee\/fi\/#organization\",\"name\":\"Masterchem\",\"url\":\"https:\/\/masterchem.ee\/fi\/\",\"logo\":{\"@type\":\"ImageObject\",\"inLanguage\":\"fi\",\"@id\":\"https:\/\/masterchem.ee\/fi\/#\/schema\/logo\/image\/\",\"url\":\"https:\/\/masterchem.ee\/wp-content\/uploads\/2018\/02\/master-chem_final-1.png\",\"contentUrl\":\"https:\/\/masterchem.ee\/wp-content\/uploads\/2018\/02\/master-chem_final-1.png\",\"width\":850,\"height\":356,\"caption\":\"Masterchem\"},\"image\":{\"@id\":\"https:\/\/masterchem.ee\/fi\/#\/schema\/logo\/image\/\"}}]}<\/script>\n<!-- \/ Yoast SEO plugin. -->","yoast_head_json":{"title":"Lauriinihappo (CAS 143-07-7) - Chemistry For Industry - Solvents &amp; Chemicals - Masterchem.ee","description":"Lauriinihappo tai systemaattisesti dodekaanihappo on tyydyttynyt rasvahappo, jossa on 12 hiiliatomin ketju ja jolla on siten monia keskipitk\u00e4ketjuisten rasvahappojen ominaisuuksia, se on kirkkaan valkoinen, jauhemainen kiinte\u00e4 aine, jossa on heikko laakeri\u00f6ljyn haju tai saippua.","robots":{"index":"index","follow":"follow","max-snippet":"max-snippet:-1","max-image-preview":"max-image-preview:large","max-video-preview":"max-video-preview:-1"},"canonical":"https:\/\/masterchem.ee\/fi\/tooted-ja-teenused\/lauriinihappo-cas-143-07-7\/","twitter_card":"summary_large_image","twitter_title":"Lauriinihappo (CAS 143-07-7) - Chemistry For Industry - Solvents &amp; Chemicals - Masterchem.ee","twitter_description":"Lauriinihappo tai systemaattisesti dodekaanihappo on tyydyttynyt rasvahappo, jossa on 12 hiiliatomin ketju ja jolla on siten monia keskipitk\u00e4ketjuisten rasvahappojen ominaisuuksia, se on kirkkaan valkoinen, jauhemainen kiinte\u00e4 aine, jossa on heikko laakeri\u00f6ljyn haju tai saippua.","twitter_image":"https:\/\/masterchem.ee\/wp-content\/uploads\/2022\/01\/Lauriinhape-25kg-MasterChem.jpg","schema":{"@context":"https:\/\/schema.org","@graph":[{"@type":"WebPage","@id":"https:\/\/masterchem.ee\/fi\/tooted-ja-teenused\/lauriinihappo-cas-143-07-7\/","url":"https:\/\/masterchem.ee\/fi\/tooted-ja-teenused\/lauriinihappo-cas-143-07-7\/","name":"Lauriinihappo (CAS 143-07-7) - Chemistry For Industry - Solvents &amp; Chemicals - Masterchem.ee","isPartOf":{"@id":"https:\/\/masterchem.ee\/fi\/#website"},"primaryImageOfPage":{"@id":"https:\/\/masterchem.ee\/fi\/tooted-ja-teenused\/lauriinihappo-cas-143-07-7\/#primaryimage"},"image":{"@id":"https:\/\/masterchem.ee\/fi\/tooted-ja-teenused\/lauriinihappo-cas-143-07-7\/#primaryimage"},"thumbnailUrl":"https:\/\/masterchem.ee\/wp-content\/uploads\/2022\/01\/Lauriinhape-25kg-MasterChem.jpg","datePublished":"2022-01-05T08:59:28+00:00","dateModified":"2022-01-05T09:06:20+00:00","description":"Lauriinihappo tai systemaattisesti dodekaanihappo on tyydyttynyt rasvahappo, jossa on 12 hiiliatomin ketju ja jolla on siten monia keskipitk\u00e4ketjuisten rasvahappojen ominaisuuksia, se on kirkkaan valkoinen, jauhemainen kiinte\u00e4 aine, jossa on heikko laakeri\u00f6ljyn haju tai saippua.","breadcrumb":{"@id":"https:\/\/masterchem.ee\/fi\/tooted-ja-teenused\/lauriinihappo-cas-143-07-7\/#breadcrumb"},"inLanguage":"fi","potentialAction":[{"@type":"ReadAction","target":["https:\/\/masterchem.ee\/fi\/tooted-ja-teenused\/lauriinihappo-cas-143-07-7\/"]}]},{"@type":"ImageObject","inLanguage":"fi","@id":"https:\/\/masterchem.ee\/fi\/tooted-ja-teenused\/lauriinihappo-cas-143-07-7\/#primaryimage","url":"https:\/\/masterchem.ee\/wp-content\/uploads\/2022\/01\/Lauriinhape-25kg-MasterChem.jpg","contentUrl":"https:\/\/masterchem.ee\/wp-content\/uploads\/2022\/01\/Lauriinhape-25kg-MasterChem.jpg","width":1000,"height":1000,"caption":"Lauriinihappo (CAS 143-07-7) 25kg MasterChem"},{"@type":"BreadcrumbList","@id":"https:\/\/masterchem.ee\/fi\/tooted-ja-teenused\/lauriinihappo-cas-143-07-7\/#breadcrumb","itemListElement":[{"@type":"ListItem","position":1,"name":"Home","item":"https:\/\/masterchem.ee\/fi\/"},{"@type":"ListItem","position":2,"name":"Tooted ja teenused","item":"https:\/\/masterchem.ee\/tooted-ja-teenused\/"},{"@type":"ListItem","position":3,"name":"Lauriinihappo (CAS 143-07-7)"}]},{"@type":"WebSite","@id":"https:\/\/masterchem.ee\/fi\/#website","url":"https:\/\/masterchem.ee\/fi\/","name":"Masterchem.ee","description":"Chemistry For Industry - Solvents &amp; Chemicals","publisher":{"@id":"https:\/\/masterchem.ee\/fi\/#organization"},"potentialAction":[{"@type":"SearchAction","target":{"@type":"EntryPoint","urlTemplate":"https:\/\/masterchem.ee\/fi\/?s={search_term_string}"},"query-input":{"@type":"PropertyValueSpecification","valueRequired":true,"valueName":"search_term_string"}}],"inLanguage":"fi"},{"@type":"Organization","@id":"https:\/\/masterchem.ee\/fi\/#organization","name":"Masterchem","url":"https:\/\/masterchem.ee\/fi\/","logo":{"@type":"ImageObject","inLanguage":"fi","@id":"https:\/\/masterchem.ee\/fi\/#\/schema\/logo\/image\/","url":"https:\/\/masterchem.ee\/wp-content\/uploads\/2018\/02\/master-chem_final-1.png","contentUrl":"https:\/\/masterchem.ee\/wp-content\/uploads\/2018\/02\/master-chem_final-1.png","width":850,"height":356,"caption":"Masterchem"},"image":{"@id":"https:\/\/masterchem.ee\/fi\/#\/schema\/logo\/image\/"}}]}},"_links":{"self":[{"href":"https:\/\/masterchem.ee\/fi\/wp-json\/wp\/v2\/product\/16538","targetHints":{"allow":["GET"]}}],"collection":[{"href":"https:\/\/masterchem.ee\/fi\/wp-json\/wp\/v2\/product"}],"about":[{"href":"https:\/\/masterchem.ee\/fi\/wp-json\/wp\/v2\/types\/product"}],"wp:featuredmedia":[{"embeddable":true,"href":"https:\/\/masterchem.ee\/fi\/wp-json\/wp\/v2\/media\/16544"}],"wp:attachment":[{"href":"https:\/\/masterchem.ee\/fi\/wp-json\/wp\/v2\/media?parent=16538"}],"wp:term":[{"taxonomy":"product_brand","embeddable":true,"href":"https:\/\/masterchem.ee\/fi\/wp-json\/wp\/v2\/product_brand?post=16538"},{"taxonomy":"product_cat","embeddable":true,"href":"https:\/\/masterchem.ee\/fi\/wp-json\/wp\/v2\/product_cat?post=16538"},{"taxonomy":"product_tag","embeddable":true,"href":"https:\/\/masterchem.ee\/fi\/wp-json\/wp\/v2\/product_tag?post=16538"}],"curies":[{"name":"wp","href":"https:\/\/api.w.org\/{rel}","templated":true}]}}