{"id":16467,"date":"2022-01-04T18:36:50","date_gmt":"2022-01-04T18:36:59","guid":{"rendered":"https:\/\/masterchem.ee\/?post_type=product&#038;p=16467"},"modified":"2022-01-04T18:44:46","modified_gmt":"2022-01-04T18:44:46","slug":"mantelioljy-cas-8007-69-0","status":"publish","type":"product","link":"https:\/\/masterchem.ee\/fi\/tooted-ja-teenused\/mantelioljy-cas-8007-69-0\/","title":{"rendered":"Manteli\u00f6ljy (CAS 8007-69-0)"},"content":{"rendered":"<p> <strong> Info<\/strong> <\/p>\n<p>Toimialat: Kosmetiikkateollisuus<br \/>\nCAS-numero: 8007-69-0<br \/>\nWE-numero: 291-061-4<\/p>\n<p><strong>Muut fyysiset ominaisuudet<\/strong><br \/>\nSuhteellinen tiheys: ~0,92 g\/cm<\/p>\n","protected":false},"excerpt":{"rendered":"<p><strong>Manteli\u00f6ljy (CAS 8007-69-0)<\/strong><\/p>\n<p>Lmond Oil on karvasmantelin \u00f6ljy\u00e4 syaanivetyhapon poistamisen j\u00e4lkeen. se on v\u00e4rit\u00f6n tai hieman kellert\u00e4v\u00e4 neste, jolla on voimakas p\u00e4\u00e4asiassa mantelimainen aromi. Sit\u00e4 k\u00e4ytet\u00e4\u00e4n p\u00e4\u00e4asiassa l\u00e4\u00e4ke- ja kosmetiikkateollisuudessa sek\u00e4 my\u00f6s elintarvikkeiden aromiaineena. Makea manteli\u00f6ljy on pehment\u00e4v\u00e4 aine, jolla on rauhoittavia ominaisuuksia.<\/p>\n<p>Manteli\u00f6ljy\u00e4 k\u00e4ytet\u00e4\u00e4n terapeuttisesti pehment\u00e4v\u00e4n\u00e4 aineena korvavahan pehment\u00e4miseen. Farmaseuttisena t\u00e4yteaineena sit\u00e4 k\u00e4ytet\u00e4\u00e4n vehikkelin\u00e4 parenteraalisissa valmisteissa, kuten \u00f6ljym\u00e4isess\u00e4 fenoliinjektiossa. Sit\u00e4 k\u00e4ytet\u00e4\u00e4n my\u00f6s nen\u00e4sumutteissa ja paikallisissa valmisteissa. Manteli\u00f6ljy\u00e4 k\u00e4ytet\u00e4\u00e4n my\u00f6s ravintoaineena.<\/p>\n","protected":false},"featured_media":16509,"template":"","meta":[],"product_brand":[],"product_cat":[180,294],"product_tag":[],"class_list":{"0":"post-16467","1":"product","2":"type-product","3":"status-publish","4":"has-post-thumbnail","6":"product_cat-uncategorized-fi-2","7":"product_cat-kosmetiikkateollisuus","8":"pif-has-gallery","10":"first","11":"instock","12":"taxable","13":"shipping-taxable","14":"purchasable","15":"product-type-variable","16":"has-default-attributes"},"yoast_head":"<!-- This site is optimized with the Yoast SEO plugin v26.2 - https:\/\/yoast.com\/wordpress\/plugins\/seo\/ -->\n<title>Manteli\u00f6ljy (CAS 8007-69-0) - Chemistry For Industry - Solvents &amp; Chemicals - Masterchem.ee<\/title>\n<meta name=\"description\" content=\"Lmond Oil on karvasmantelin \u00f6ljy\u00e4 syaanivetyhapon poistamisen j\u00e4lkeen. se on v\u00e4rit\u00f6n tai hieman kellert\u00e4v\u00e4 neste, jolla on voimakas p\u00e4\u00e4asiassa mantelimainen aromi.\" \/>\n<meta name=\"robots\" content=\"index, follow, max-snippet:-1, max-image-preview:large, max-video-preview:-1\" \/>\n<link rel=\"canonical\" href=\"https:\/\/masterchem.ee\/fi\/tooted-ja-teenused\/mantelioljy-cas-8007-69-0\/\" \/>\n<meta name=\"twitter:card\" content=\"summary_large_image\" \/>\n<meta name=\"twitter:title\" content=\"Manteli\u00f6ljy (CAS 8007-69-0) - Chemistry For Industry - Solvents &amp; Chemicals - Masterchem.ee\" \/>\n<meta name=\"twitter:description\" content=\"Lmond Oil on karvasmantelin \u00f6ljy\u00e4 syaanivetyhapon poistamisen j\u00e4lkeen. se on v\u00e4rit\u00f6n tai hieman kellert\u00e4v\u00e4 neste, jolla on voimakas p\u00e4\u00e4asiassa mantelimainen aromi.\" \/>\n<meta name=\"twitter:image\" content=\"https:\/\/masterchem.ee\/wp-content\/uploads\/2022\/01\/Mandlioli-1000l-MasterChem.jpg\" \/>\n<script type=\"application\/ld+json\" class=\"yoast-schema-graph\">{\"@context\":\"https:\/\/schema.org\",\"@graph\":[{\"@type\":\"WebPage\",\"@id\":\"https:\/\/masterchem.ee\/fi\/tooted-ja-teenused\/mantelioljy-cas-8007-69-0\/\",\"url\":\"https:\/\/masterchem.ee\/fi\/tooted-ja-teenused\/mantelioljy-cas-8007-69-0\/\",\"name\":\"Manteli\u00f6ljy (CAS 8007-69-0) - Chemistry For Industry - Solvents &amp; Chemicals - Masterchem.ee\",\"isPartOf\":{\"@id\":\"https:\/\/masterchem.ee\/fi\/#website\"},\"primaryImageOfPage\":{\"@id\":\"https:\/\/masterchem.ee\/fi\/tooted-ja-teenused\/mantelioljy-cas-8007-69-0\/#primaryimage\"},\"image\":{\"@id\":\"https:\/\/masterchem.ee\/fi\/tooted-ja-teenused\/mantelioljy-cas-8007-69-0\/#primaryimage\"},\"thumbnailUrl\":\"https:\/\/masterchem.ee\/wp-content\/uploads\/2022\/01\/Mandlioli-1000l-MasterChem.jpg\",\"datePublished\":\"2022-01-04T18:36:59+00:00\",\"dateModified\":\"2022-01-04T18:44:46+00:00\",\"description\":\"Lmond Oil on karvasmantelin \u00f6ljy\u00e4 syaanivetyhapon poistamisen j\u00e4lkeen. se on v\u00e4rit\u00f6n tai hieman kellert\u00e4v\u00e4 neste, jolla on voimakas p\u00e4\u00e4asiassa mantelimainen aromi.\",\"breadcrumb\":{\"@id\":\"https:\/\/masterchem.ee\/fi\/tooted-ja-teenused\/mantelioljy-cas-8007-69-0\/#breadcrumb\"},\"inLanguage\":\"fi\",\"potentialAction\":[{\"@type\":\"ReadAction\",\"target\":[\"https:\/\/masterchem.ee\/fi\/tooted-ja-teenused\/mantelioljy-cas-8007-69-0\/\"]}]},{\"@type\":\"ImageObject\",\"inLanguage\":\"fi\",\"@id\":\"https:\/\/masterchem.ee\/fi\/tooted-ja-teenused\/mantelioljy-cas-8007-69-0\/#primaryimage\",\"url\":\"https:\/\/masterchem.ee\/wp-content\/uploads\/2022\/01\/Mandlioli-1000l-MasterChem.jpg\",\"contentUrl\":\"https:\/\/masterchem.ee\/wp-content\/uploads\/2022\/01\/Mandlioli-1000l-MasterChem.jpg\",\"width\":1000,\"height\":1000,\"caption\":\"Manteli\u00f6ljy (CAS 8007-69-0) 1000l-MasterChem\"},{\"@type\":\"BreadcrumbList\",\"@id\":\"https:\/\/masterchem.ee\/fi\/tooted-ja-teenused\/mantelioljy-cas-8007-69-0\/#breadcrumb\",\"itemListElement\":[{\"@type\":\"ListItem\",\"position\":1,\"name\":\"Home\",\"item\":\"https:\/\/masterchem.ee\/fi\/\"},{\"@type\":\"ListItem\",\"position\":2,\"name\":\"Tooted ja teenused\",\"item\":\"https:\/\/masterchem.ee\/tooted-ja-teenused\/\"},{\"@type\":\"ListItem\",\"position\":3,\"name\":\"Manteli\u00f6ljy (CAS 8007-69-0)\"}]},{\"@type\":\"WebSite\",\"@id\":\"https:\/\/masterchem.ee\/fi\/#website\",\"url\":\"https:\/\/masterchem.ee\/fi\/\",\"name\":\"Masterchem.ee\",\"description\":\"Chemistry For Industry - Solvents &amp; Chemicals\",\"publisher\":{\"@id\":\"https:\/\/masterchem.ee\/fi\/#organization\"},\"potentialAction\":[{\"@type\":\"SearchAction\",\"target\":{\"@type\":\"EntryPoint\",\"urlTemplate\":\"https:\/\/masterchem.ee\/fi\/?s={search_term_string}\"},\"query-input\":{\"@type\":\"PropertyValueSpecification\",\"valueRequired\":true,\"valueName\":\"search_term_string\"}}],\"inLanguage\":\"fi\"},{\"@type\":\"Organization\",\"@id\":\"https:\/\/masterchem.ee\/fi\/#organization\",\"name\":\"Masterchem\",\"url\":\"https:\/\/masterchem.ee\/fi\/\",\"logo\":{\"@type\":\"ImageObject\",\"inLanguage\":\"fi\",\"@id\":\"https:\/\/masterchem.ee\/fi\/#\/schema\/logo\/image\/\",\"url\":\"https:\/\/masterchem.ee\/wp-content\/uploads\/2018\/02\/master-chem_final-1.png\",\"contentUrl\":\"https:\/\/masterchem.ee\/wp-content\/uploads\/2018\/02\/master-chem_final-1.png\",\"width\":850,\"height\":356,\"caption\":\"Masterchem\"},\"image\":{\"@id\":\"https:\/\/masterchem.ee\/fi\/#\/schema\/logo\/image\/\"}}]}<\/script>\n<!-- \/ Yoast SEO plugin. -->","yoast_head_json":{"title":"Manteli\u00f6ljy (CAS 8007-69-0) - Chemistry For Industry - Solvents &amp; Chemicals - Masterchem.ee","description":"Lmond Oil on karvasmantelin \u00f6ljy\u00e4 syaanivetyhapon poistamisen j\u00e4lkeen. se on v\u00e4rit\u00f6n tai hieman kellert\u00e4v\u00e4 neste, jolla on voimakas p\u00e4\u00e4asiassa mantelimainen aromi.","robots":{"index":"index","follow":"follow","max-snippet":"max-snippet:-1","max-image-preview":"max-image-preview:large","max-video-preview":"max-video-preview:-1"},"canonical":"https:\/\/masterchem.ee\/fi\/tooted-ja-teenused\/mantelioljy-cas-8007-69-0\/","twitter_card":"summary_large_image","twitter_title":"Manteli\u00f6ljy (CAS 8007-69-0) - Chemistry For Industry - Solvents &amp; Chemicals - Masterchem.ee","twitter_description":"Lmond Oil on karvasmantelin \u00f6ljy\u00e4 syaanivetyhapon poistamisen j\u00e4lkeen. se on v\u00e4rit\u00f6n tai hieman kellert\u00e4v\u00e4 neste, jolla on voimakas p\u00e4\u00e4asiassa mantelimainen aromi.","twitter_image":"https:\/\/masterchem.ee\/wp-content\/uploads\/2022\/01\/Mandlioli-1000l-MasterChem.jpg","schema":{"@context":"https:\/\/schema.org","@graph":[{"@type":"WebPage","@id":"https:\/\/masterchem.ee\/fi\/tooted-ja-teenused\/mantelioljy-cas-8007-69-0\/","url":"https:\/\/masterchem.ee\/fi\/tooted-ja-teenused\/mantelioljy-cas-8007-69-0\/","name":"Manteli\u00f6ljy (CAS 8007-69-0) - Chemistry For Industry - Solvents &amp; Chemicals - Masterchem.ee","isPartOf":{"@id":"https:\/\/masterchem.ee\/fi\/#website"},"primaryImageOfPage":{"@id":"https:\/\/masterchem.ee\/fi\/tooted-ja-teenused\/mantelioljy-cas-8007-69-0\/#primaryimage"},"image":{"@id":"https:\/\/masterchem.ee\/fi\/tooted-ja-teenused\/mantelioljy-cas-8007-69-0\/#primaryimage"},"thumbnailUrl":"https:\/\/masterchem.ee\/wp-content\/uploads\/2022\/01\/Mandlioli-1000l-MasterChem.jpg","datePublished":"2022-01-04T18:36:59+00:00","dateModified":"2022-01-04T18:44:46+00:00","description":"Lmond Oil on karvasmantelin \u00f6ljy\u00e4 syaanivetyhapon poistamisen j\u00e4lkeen. se on v\u00e4rit\u00f6n tai hieman kellert\u00e4v\u00e4 neste, jolla on voimakas p\u00e4\u00e4asiassa mantelimainen aromi.","breadcrumb":{"@id":"https:\/\/masterchem.ee\/fi\/tooted-ja-teenused\/mantelioljy-cas-8007-69-0\/#breadcrumb"},"inLanguage":"fi","potentialAction":[{"@type":"ReadAction","target":["https:\/\/masterchem.ee\/fi\/tooted-ja-teenused\/mantelioljy-cas-8007-69-0\/"]}]},{"@type":"ImageObject","inLanguage":"fi","@id":"https:\/\/masterchem.ee\/fi\/tooted-ja-teenused\/mantelioljy-cas-8007-69-0\/#primaryimage","url":"https:\/\/masterchem.ee\/wp-content\/uploads\/2022\/01\/Mandlioli-1000l-MasterChem.jpg","contentUrl":"https:\/\/masterchem.ee\/wp-content\/uploads\/2022\/01\/Mandlioli-1000l-MasterChem.jpg","width":1000,"height":1000,"caption":"Manteli\u00f6ljy (CAS 8007-69-0) 1000l-MasterChem"},{"@type":"BreadcrumbList","@id":"https:\/\/masterchem.ee\/fi\/tooted-ja-teenused\/mantelioljy-cas-8007-69-0\/#breadcrumb","itemListElement":[{"@type":"ListItem","position":1,"name":"Home","item":"https:\/\/masterchem.ee\/fi\/"},{"@type":"ListItem","position":2,"name":"Tooted ja teenused","item":"https:\/\/masterchem.ee\/tooted-ja-teenused\/"},{"@type":"ListItem","position":3,"name":"Manteli\u00f6ljy (CAS 8007-69-0)"}]},{"@type":"WebSite","@id":"https:\/\/masterchem.ee\/fi\/#website","url":"https:\/\/masterchem.ee\/fi\/","name":"Masterchem.ee","description":"Chemistry For Industry - Solvents &amp; Chemicals","publisher":{"@id":"https:\/\/masterchem.ee\/fi\/#organization"},"potentialAction":[{"@type":"SearchAction","target":{"@type":"EntryPoint","urlTemplate":"https:\/\/masterchem.ee\/fi\/?s={search_term_string}"},"query-input":{"@type":"PropertyValueSpecification","valueRequired":true,"valueName":"search_term_string"}}],"inLanguage":"fi"},{"@type":"Organization","@id":"https:\/\/masterchem.ee\/fi\/#organization","name":"Masterchem","url":"https:\/\/masterchem.ee\/fi\/","logo":{"@type":"ImageObject","inLanguage":"fi","@id":"https:\/\/masterchem.ee\/fi\/#\/schema\/logo\/image\/","url":"https:\/\/masterchem.ee\/wp-content\/uploads\/2018\/02\/master-chem_final-1.png","contentUrl":"https:\/\/masterchem.ee\/wp-content\/uploads\/2018\/02\/master-chem_final-1.png","width":850,"height":356,"caption":"Masterchem"},"image":{"@id":"https:\/\/masterchem.ee\/fi\/#\/schema\/logo\/image\/"}}]}},"_links":{"self":[{"href":"https:\/\/masterchem.ee\/fi\/wp-json\/wp\/v2\/product\/16467","targetHints":{"allow":["GET"]}}],"collection":[{"href":"https:\/\/masterchem.ee\/fi\/wp-json\/wp\/v2\/product"}],"about":[{"href":"https:\/\/masterchem.ee\/fi\/wp-json\/wp\/v2\/types\/product"}],"wp:featuredmedia":[{"embeddable":true,"href":"https:\/\/masterchem.ee\/fi\/wp-json\/wp\/v2\/media\/16509"}],"wp:attachment":[{"href":"https:\/\/masterchem.ee\/fi\/wp-json\/wp\/v2\/media?parent=16467"}],"wp:term":[{"taxonomy":"product_brand","embeddable":true,"href":"https:\/\/masterchem.ee\/fi\/wp-json\/wp\/v2\/product_brand?post=16467"},{"taxonomy":"product_cat","embeddable":true,"href":"https:\/\/masterchem.ee\/fi\/wp-json\/wp\/v2\/product_cat?post=16467"},{"taxonomy":"product_tag","embeddable":true,"href":"https:\/\/masterchem.ee\/fi\/wp-json\/wp\/v2\/product_tag?post=16467"}],"curies":[{"name":"wp","href":"https:\/\/api.w.org\/{rel}","templated":true}]}}