{"id":16439,"date":"2022-01-04T17:56:20","date_gmt":"2022-01-04T17:56:24","guid":{"rendered":"https:\/\/masterchem.ee\/?post_type=product&#038;p=16439"},"modified":"2022-01-04T18:03:03","modified_gmt":"2022-01-04T18:03:03","slug":"ammoniumpersulfaatti-cas-7727-54-0","status":"publish","type":"product","link":"https:\/\/masterchem.ee\/fi\/tooted-ja-teenused\/ammoniumpersulfaatti-cas-7727-54-0\/","title":{"rendered":"Ammoniumpersulfaatti (CAS 7727-54-0)"},"content":{"rendered":"<p> <strong> Info<\/strong> <\/p>\n<p>Toimialat: Kosmetiikkateollisuus<br \/>\nCAS-numero: 7727-54-0<br \/>\nWE-numero: 231-786-5<br \/>\nIndeksinumero: 016-060-00-6<br \/>\nKemiallinen kaava: (NH4)2S2O8<br \/>\nMolekyylimassa: 228,2 g\/mol<br \/>\nTullitariffikoodi: 28334000<br \/>\nADR: UN1444<\/p>\n<p><strong>Muut fyysiset ominaisuudet<\/strong><br \/>\npH: 3,2 (10%, 20\u00b0C)<br \/>\nSuhteellinen tiheys: 1 980 g\/cm3 (20\u00b0C )<br \/>\nLiukoisuus veteen: 620 g\/dm3 (20\u00b0C )<\/p>\n","protected":false},"excerpt":{"rendered":"<p><strong>Ammoniumpersulfaatti (CAS 7727-54-0)<\/strong><\/p>\n<p>Ammoniumpersulfaatti (APS) on ep\u00e4orgaaninen yhdiste, jonka kaava on (NH4)2S2O8. Se on v\u00e4rit\u00f6n (valkoinen) suola, joka liukenee hyvin veteen, paljon paremmin kuin vastaava kaliumsuola. Se on vahva hapetin, jota k\u00e4ytet\u00e4\u00e4n polymeerikemiassa, etsausaineena sek\u00e4 puhdistus- ja valkaisuaineena.<\/p>\n<p>Suolan liukeneminen veteen on endoterminen prosessi. Hapettavana aineena ja radikaalien l\u00e4hteen\u00e4 APS:ll\u00e4 on monia kaupallisia sovelluksia.<\/p>\n<p>Sulfaattisuoloja k\u00e4ytet\u00e4\u00e4n p\u00e4\u00e4asiassa radikaali-initiaattoreina tiettyjen alkeenien polymeroinnissa. Kaupallisesti t\u00e4rkeit\u00e4 polymeerej\u00e4, jotka on valmistettu k\u00e4ytt\u00e4m\u00e4ll\u00e4 persulfaatteja, ovat styreenibutadieenikumi ja polytetrafluorieteeni.<\/p>\n<p>Ammoniumpersulfaatti on hiusten valkaisuaineen vakioainesosa. Persulfaatteja k\u00e4ytet\u00e4\u00e4n hapettimina orgaanisessa kemiassa. Esimerkiksi Minisci-reaktiossa.<\/p>\n","protected":false},"featured_media":16445,"template":"","meta":[],"product_brand":[],"product_cat":[180,294],"product_tag":[],"class_list":{"0":"post-16439","1":"product","2":"type-product","3":"status-publish","4":"has-post-thumbnail","6":"product_cat-uncategorized-fi-2","7":"product_cat-kosmetiikkateollisuus","9":"first","10":"instock","11":"taxable","12":"shipping-taxable","13":"purchasable","14":"product-type-variable","15":"has-default-attributes"},"yoast_head":"<!-- This site is optimized with the Yoast SEO plugin v26.2 - https:\/\/yoast.com\/wordpress\/plugins\/seo\/ -->\n<title>Ammoniumpersulfaatti (CAS 7727-54-0) - Chemistry For Industry - Solvents &amp; Chemicals - Masterchem.ee<\/title>\n<meta name=\"description\" content=\"Ammoniumpersulfaatti (APS) on ep\u00e4orgaaninen yhdiste, jonka kaava on (NH4)2S2O8. Se on v\u00e4rit\u00f6n (valkoinen) suola, joka liukenee hyvin veteen, paljon paremmin kuin vastaava kaliumsuola.\" \/>\n<meta name=\"robots\" content=\"index, follow, max-snippet:-1, max-image-preview:large, max-video-preview:-1\" \/>\n<link rel=\"canonical\" href=\"https:\/\/masterchem.ee\/fi\/tooted-ja-teenused\/ammoniumpersulfaatti-cas-7727-54-0\/\" \/>\n<meta name=\"twitter:card\" content=\"summary_large_image\" \/>\n<meta name=\"twitter:title\" content=\"Ammoniumpersulfaatti (CAS 7727-54-0) - Chemistry For Industry - Solvents &amp; Chemicals - Masterchem.ee\" \/>\n<meta name=\"twitter:description\" content=\"Ammoniumpersulfaatti (APS) on ep\u00e4orgaaninen yhdiste, jonka kaava on (NH4)2S2O8. Se on v\u00e4rit\u00f6n (valkoinen) suola, joka liukenee hyvin veteen, paljon paremmin kuin vastaava kaliumsuola.\" \/>\n<meta name=\"twitter:image\" content=\"https:\/\/masterchem.ee\/wp-content\/uploads\/2022\/01\/Ammooniumpersulfaat-25kg-MasterChem.jpg\" \/>\n<script type=\"application\/ld+json\" class=\"yoast-schema-graph\">{\"@context\":\"https:\/\/schema.org\",\"@graph\":[{\"@type\":\"WebPage\",\"@id\":\"https:\/\/masterchem.ee\/fi\/tooted-ja-teenused\/ammoniumpersulfaatti-cas-7727-54-0\/\",\"url\":\"https:\/\/masterchem.ee\/fi\/tooted-ja-teenused\/ammoniumpersulfaatti-cas-7727-54-0\/\",\"name\":\"Ammoniumpersulfaatti (CAS 7727-54-0) - Chemistry For Industry - Solvents &amp; Chemicals - Masterchem.ee\",\"isPartOf\":{\"@id\":\"https:\/\/masterchem.ee\/fi\/#website\"},\"primaryImageOfPage\":{\"@id\":\"https:\/\/masterchem.ee\/fi\/tooted-ja-teenused\/ammoniumpersulfaatti-cas-7727-54-0\/#primaryimage\"},\"image\":{\"@id\":\"https:\/\/masterchem.ee\/fi\/tooted-ja-teenused\/ammoniumpersulfaatti-cas-7727-54-0\/#primaryimage\"},\"thumbnailUrl\":\"https:\/\/masterchem.ee\/wp-content\/uploads\/2022\/01\/Ammooniumpersulfaat-25kg-MasterChem.jpg\",\"datePublished\":\"2022-01-04T17:56:24+00:00\",\"dateModified\":\"2022-01-04T18:03:03+00:00\",\"description\":\"Ammoniumpersulfaatti (APS) on ep\u00e4orgaaninen yhdiste, jonka kaava on (NH4)2S2O8. Se on v\u00e4rit\u00f6n (valkoinen) suola, joka liukenee hyvin veteen, paljon paremmin kuin vastaava kaliumsuola.\",\"breadcrumb\":{\"@id\":\"https:\/\/masterchem.ee\/fi\/tooted-ja-teenused\/ammoniumpersulfaatti-cas-7727-54-0\/#breadcrumb\"},\"inLanguage\":\"fi\",\"potentialAction\":[{\"@type\":\"ReadAction\",\"target\":[\"https:\/\/masterchem.ee\/fi\/tooted-ja-teenused\/ammoniumpersulfaatti-cas-7727-54-0\/\"]}]},{\"@type\":\"ImageObject\",\"inLanguage\":\"fi\",\"@id\":\"https:\/\/masterchem.ee\/fi\/tooted-ja-teenused\/ammoniumpersulfaatti-cas-7727-54-0\/#primaryimage\",\"url\":\"https:\/\/masterchem.ee\/wp-content\/uploads\/2022\/01\/Ammooniumpersulfaat-25kg-MasterChem.jpg\",\"contentUrl\":\"https:\/\/masterchem.ee\/wp-content\/uploads\/2022\/01\/Ammooniumpersulfaat-25kg-MasterChem.jpg\",\"width\":1000,\"height\":1000,\"caption\":\"Ammoniumpersulfaatti (CAS 7727-54-0) 25kg-MasterChem\"},{\"@type\":\"BreadcrumbList\",\"@id\":\"https:\/\/masterchem.ee\/fi\/tooted-ja-teenused\/ammoniumpersulfaatti-cas-7727-54-0\/#breadcrumb\",\"itemListElement\":[{\"@type\":\"ListItem\",\"position\":1,\"name\":\"Home\",\"item\":\"https:\/\/masterchem.ee\/fi\/\"},{\"@type\":\"ListItem\",\"position\":2,\"name\":\"Tooted ja teenused\",\"item\":\"https:\/\/masterchem.ee\/tooted-ja-teenused\/\"},{\"@type\":\"ListItem\",\"position\":3,\"name\":\"Ammoniumpersulfaatti (CAS 7727-54-0)\"}]},{\"@type\":\"WebSite\",\"@id\":\"https:\/\/masterchem.ee\/fi\/#website\",\"url\":\"https:\/\/masterchem.ee\/fi\/\",\"name\":\"Masterchem.ee\",\"description\":\"Chemistry For Industry - Solvents &amp; Chemicals\",\"publisher\":{\"@id\":\"https:\/\/masterchem.ee\/fi\/#organization\"},\"potentialAction\":[{\"@type\":\"SearchAction\",\"target\":{\"@type\":\"EntryPoint\",\"urlTemplate\":\"https:\/\/masterchem.ee\/fi\/?s={search_term_string}\"},\"query-input\":{\"@type\":\"PropertyValueSpecification\",\"valueRequired\":true,\"valueName\":\"search_term_string\"}}],\"inLanguage\":\"fi\"},{\"@type\":\"Organization\",\"@id\":\"https:\/\/masterchem.ee\/fi\/#organization\",\"name\":\"Masterchem\",\"url\":\"https:\/\/masterchem.ee\/fi\/\",\"logo\":{\"@type\":\"ImageObject\",\"inLanguage\":\"fi\",\"@id\":\"https:\/\/masterchem.ee\/fi\/#\/schema\/logo\/image\/\",\"url\":\"https:\/\/masterchem.ee\/wp-content\/uploads\/2018\/02\/master-chem_final-1.png\",\"contentUrl\":\"https:\/\/masterchem.ee\/wp-content\/uploads\/2018\/02\/master-chem_final-1.png\",\"width\":850,\"height\":356,\"caption\":\"Masterchem\"},\"image\":{\"@id\":\"https:\/\/masterchem.ee\/fi\/#\/schema\/logo\/image\/\"}}]}<\/script>\n<!-- \/ Yoast SEO plugin. -->","yoast_head_json":{"title":"Ammoniumpersulfaatti (CAS 7727-54-0) - Chemistry For Industry - Solvents &amp; Chemicals - Masterchem.ee","description":"Ammoniumpersulfaatti (APS) on ep\u00e4orgaaninen yhdiste, jonka kaava on (NH4)2S2O8. Se on v\u00e4rit\u00f6n (valkoinen) suola, joka liukenee hyvin veteen, paljon paremmin kuin vastaava kaliumsuola.","robots":{"index":"index","follow":"follow","max-snippet":"max-snippet:-1","max-image-preview":"max-image-preview:large","max-video-preview":"max-video-preview:-1"},"canonical":"https:\/\/masterchem.ee\/fi\/tooted-ja-teenused\/ammoniumpersulfaatti-cas-7727-54-0\/","twitter_card":"summary_large_image","twitter_title":"Ammoniumpersulfaatti (CAS 7727-54-0) - Chemistry For Industry - Solvents &amp; Chemicals - Masterchem.ee","twitter_description":"Ammoniumpersulfaatti (APS) on ep\u00e4orgaaninen yhdiste, jonka kaava on (NH4)2S2O8. Se on v\u00e4rit\u00f6n (valkoinen) suola, joka liukenee hyvin veteen, paljon paremmin kuin vastaava kaliumsuola.","twitter_image":"https:\/\/masterchem.ee\/wp-content\/uploads\/2022\/01\/Ammooniumpersulfaat-25kg-MasterChem.jpg","schema":{"@context":"https:\/\/schema.org","@graph":[{"@type":"WebPage","@id":"https:\/\/masterchem.ee\/fi\/tooted-ja-teenused\/ammoniumpersulfaatti-cas-7727-54-0\/","url":"https:\/\/masterchem.ee\/fi\/tooted-ja-teenused\/ammoniumpersulfaatti-cas-7727-54-0\/","name":"Ammoniumpersulfaatti (CAS 7727-54-0) - Chemistry For Industry - Solvents &amp; Chemicals - Masterchem.ee","isPartOf":{"@id":"https:\/\/masterchem.ee\/fi\/#website"},"primaryImageOfPage":{"@id":"https:\/\/masterchem.ee\/fi\/tooted-ja-teenused\/ammoniumpersulfaatti-cas-7727-54-0\/#primaryimage"},"image":{"@id":"https:\/\/masterchem.ee\/fi\/tooted-ja-teenused\/ammoniumpersulfaatti-cas-7727-54-0\/#primaryimage"},"thumbnailUrl":"https:\/\/masterchem.ee\/wp-content\/uploads\/2022\/01\/Ammooniumpersulfaat-25kg-MasterChem.jpg","datePublished":"2022-01-04T17:56:24+00:00","dateModified":"2022-01-04T18:03:03+00:00","description":"Ammoniumpersulfaatti (APS) on ep\u00e4orgaaninen yhdiste, jonka kaava on (NH4)2S2O8. Se on v\u00e4rit\u00f6n (valkoinen) suola, joka liukenee hyvin veteen, paljon paremmin kuin vastaava kaliumsuola.","breadcrumb":{"@id":"https:\/\/masterchem.ee\/fi\/tooted-ja-teenused\/ammoniumpersulfaatti-cas-7727-54-0\/#breadcrumb"},"inLanguage":"fi","potentialAction":[{"@type":"ReadAction","target":["https:\/\/masterchem.ee\/fi\/tooted-ja-teenused\/ammoniumpersulfaatti-cas-7727-54-0\/"]}]},{"@type":"ImageObject","inLanguage":"fi","@id":"https:\/\/masterchem.ee\/fi\/tooted-ja-teenused\/ammoniumpersulfaatti-cas-7727-54-0\/#primaryimage","url":"https:\/\/masterchem.ee\/wp-content\/uploads\/2022\/01\/Ammooniumpersulfaat-25kg-MasterChem.jpg","contentUrl":"https:\/\/masterchem.ee\/wp-content\/uploads\/2022\/01\/Ammooniumpersulfaat-25kg-MasterChem.jpg","width":1000,"height":1000,"caption":"Ammoniumpersulfaatti (CAS 7727-54-0) 25kg-MasterChem"},{"@type":"BreadcrumbList","@id":"https:\/\/masterchem.ee\/fi\/tooted-ja-teenused\/ammoniumpersulfaatti-cas-7727-54-0\/#breadcrumb","itemListElement":[{"@type":"ListItem","position":1,"name":"Home","item":"https:\/\/masterchem.ee\/fi\/"},{"@type":"ListItem","position":2,"name":"Tooted ja teenused","item":"https:\/\/masterchem.ee\/tooted-ja-teenused\/"},{"@type":"ListItem","position":3,"name":"Ammoniumpersulfaatti (CAS 7727-54-0)"}]},{"@type":"WebSite","@id":"https:\/\/masterchem.ee\/fi\/#website","url":"https:\/\/masterchem.ee\/fi\/","name":"Masterchem.ee","description":"Chemistry For Industry - Solvents &amp; Chemicals","publisher":{"@id":"https:\/\/masterchem.ee\/fi\/#organization"},"potentialAction":[{"@type":"SearchAction","target":{"@type":"EntryPoint","urlTemplate":"https:\/\/masterchem.ee\/fi\/?s={search_term_string}"},"query-input":{"@type":"PropertyValueSpecification","valueRequired":true,"valueName":"search_term_string"}}],"inLanguage":"fi"},{"@type":"Organization","@id":"https:\/\/masterchem.ee\/fi\/#organization","name":"Masterchem","url":"https:\/\/masterchem.ee\/fi\/","logo":{"@type":"ImageObject","inLanguage":"fi","@id":"https:\/\/masterchem.ee\/fi\/#\/schema\/logo\/image\/","url":"https:\/\/masterchem.ee\/wp-content\/uploads\/2018\/02\/master-chem_final-1.png","contentUrl":"https:\/\/masterchem.ee\/wp-content\/uploads\/2018\/02\/master-chem_final-1.png","width":850,"height":356,"caption":"Masterchem"},"image":{"@id":"https:\/\/masterchem.ee\/fi\/#\/schema\/logo\/image\/"}}]}},"_links":{"self":[{"href":"https:\/\/masterchem.ee\/fi\/wp-json\/wp\/v2\/product\/16439","targetHints":{"allow":["GET"]}}],"collection":[{"href":"https:\/\/masterchem.ee\/fi\/wp-json\/wp\/v2\/product"}],"about":[{"href":"https:\/\/masterchem.ee\/fi\/wp-json\/wp\/v2\/types\/product"}],"wp:featuredmedia":[{"embeddable":true,"href":"https:\/\/masterchem.ee\/fi\/wp-json\/wp\/v2\/media\/16445"}],"wp:attachment":[{"href":"https:\/\/masterchem.ee\/fi\/wp-json\/wp\/v2\/media?parent=16439"}],"wp:term":[{"taxonomy":"product_brand","embeddable":true,"href":"https:\/\/masterchem.ee\/fi\/wp-json\/wp\/v2\/product_brand?post=16439"},{"taxonomy":"product_cat","embeddable":true,"href":"https:\/\/masterchem.ee\/fi\/wp-json\/wp\/v2\/product_cat?post=16439"},{"taxonomy":"product_tag","embeddable":true,"href":"https:\/\/masterchem.ee\/fi\/wp-json\/wp\/v2\/product_tag?post=16439"}],"curies":[{"name":"wp","href":"https:\/\/api.w.org\/{rel}","templated":true}]}}