{"id":16424,"date":"2022-01-04T17:13:26","date_gmt":"2022-01-04T17:13:30","guid":{"rendered":"https:\/\/masterchem.ee\/?post_type=product&#038;p=16424"},"modified":"2022-01-04T17:20:50","modified_gmt":"2022-01-04T17:20:50","slug":"glyserolimonostearaatti-cas-123-94-4","status":"publish","type":"product","link":"https:\/\/masterchem.ee\/fi\/tooted-ja-teenused\/glyserolimonostearaatti-cas-123-94-4\/","title":{"rendered":"Glyserolimonostearaatti (CAS 123-94-4)"},"content":{"rendered":"<p> <strong> Info<\/strong> <\/p>\n<p><strong>Tiedot<\/strong><\/p>\n<p>Toimialat: kosmetiikkateollisuus, l\u00e4\u00e4keteollisuus<br \/>\nCAS-numero: 123-94-4<br \/>\nWE-numero: 204-664-4<br \/>\nKemiallinen kaava: C21H42O4<br \/>\nMolekyylimassa: 358,56 g\/mol<br \/>\nTullitariffikoodi: 29157050<\/p>\n<p><strong>Muut fyysiset ominaisuudet<\/strong><br \/>\npH: 7,8 \u2013 8,4 (50g\/l H2O w 20\u00b0C)<br \/>\nSulamis-\/j\u00e4\u00e4tymispiste: 52,0 &#8211; 59,0\u00b0C<br \/>\nKiehumispiste\/alue: 250\u00b0C<br \/>\nSuhteellinen tiheys: 0,97 g\/cm\u00b3<\/p>\n","protected":false},"excerpt":{"rendered":"<p><strong>Glyserolimonostearaatti (CAS 123-94-4)<\/strong><\/p>\n<p>Glyserolimonostearaatti, joka tunnetaan yleisesti nimell\u00e4 GMS, on monoglyseridi, jota k\u00e4ytet\u00e4\u00e4n yleisesti emulgointiaineena elintarvikkeissa. Se on valkoisen, hajuttoman ja makean makuisen hiutaleisen jauheen muodossa, joka on hygroskooppinen. Kemiallisesti se on steariinihapon glyseroliesteri.<\/p>\n<p>GMS on elintarvikelis\u00e4aine, jota k\u00e4ytet\u00e4\u00e4n sakeuttamis-, emulgointi-, paakkuuntumisenesto- ja s\u00e4il\u00f6nt\u00e4aineena. emulgointiaine \u00f6ljyille, vahoille ja liuottimille; suojaava pinnoite hygroskooppisille jauheille; kiinteytysaine ja s\u00e4\u00e4telev\u00e4 vapautumisaine l\u00e4\u00e4kkeiss\u00e4; ja hartsivoiteluainetta. Sit\u00e4 k\u00e4ytet\u00e4\u00e4n my\u00f6s kosmetiikassa ja hiustenhoitotuotteissa.<\/p>\n<p>GMS:\u00e4\u00e4 k\u00e4ytet\u00e4\u00e4n laajalti leivontavalmisteissa &#8221;kehon&#8221; lis\u00e4\u00e4miseksi ruokaan. Se on jossain m\u00e4\u00e4rin vastuussa j\u00e4\u00e4tel\u00f6n ja kermavaahdon sile\u00e4n koostumuksen antamisesta. Sit\u00e4 k\u00e4ytet\u00e4\u00e4n joskus leiv\u00e4n juuttumisenestoaineena.<\/p>\n<p>Sit\u00e4 voidaan k\u00e4ytt\u00e4\u00e4 my\u00f6s muovin lis\u00e4aineena, jossa GMS toimii antistaattisena ja huurtumista est\u00e4v\u00e4n\u00e4 aineena. T\u00e4m\u00e4 on yleist\u00e4 elintarvikepakkauksissa.<\/p>\n","protected":false},"featured_media":16430,"template":"","meta":[],"product_brand":[],"product_cat":[180,294,120],"product_tag":[],"class_list":{"0":"post-16424","1":"product","2":"type-product","3":"status-publish","4":"has-post-thumbnail","6":"product_cat-uncategorized-fi-2","7":"product_cat-kosmetiikkateollisuus","8":"product_cat-laaketeollisuus","10":"first","11":"instock","12":"taxable","13":"shipping-taxable","14":"purchasable","15":"product-type-variable","16":"has-default-attributes"},"yoast_head":"<!-- This site is optimized with the Yoast SEO plugin v26.2 - https:\/\/yoast.com\/wordpress\/plugins\/seo\/ -->\n<title>Glyserolimonostearaatti (CAS 123-94-4) - Chemistry For Industry - Solvents &amp; Chemicals - Masterchem.ee<\/title>\n<meta name=\"description\" content=\"Glyserolimonostearaatti, joka tunnetaan yleisesti nimell\u00e4 GMS, on monoglyseridi, jota k\u00e4ytet\u00e4\u00e4n yleisesti emulgointiaineena elintarvikkeissa.\" \/>\n<meta name=\"robots\" content=\"index, follow, max-snippet:-1, max-image-preview:large, max-video-preview:-1\" \/>\n<link rel=\"canonical\" href=\"https:\/\/masterchem.ee\/fi\/tooted-ja-teenused\/glyserolimonostearaatti-cas-123-94-4\/\" \/>\n<meta name=\"twitter:card\" content=\"summary_large_image\" \/>\n<meta name=\"twitter:title\" content=\"Glyserolimonostearaatti (CAS 123-94-4) - Chemistry For Industry - Solvents &amp; Chemicals - Masterchem.ee\" \/>\n<meta name=\"twitter:description\" content=\"Glyserolimonostearaatti, joka tunnetaan yleisesti nimell\u00e4 GMS, on monoglyseridi, jota k\u00e4ytet\u00e4\u00e4n yleisesti emulgointiaineena elintarvikkeissa.\" \/>\n<meta name=\"twitter:image\" content=\"https:\/\/masterchem.ee\/wp-content\/uploads\/2022\/01\/Glutseroolmonostearaat-25kg-MasterChem.jpg\" \/>\n<script type=\"application\/ld+json\" class=\"yoast-schema-graph\">{\"@context\":\"https:\/\/schema.org\",\"@graph\":[{\"@type\":\"WebPage\",\"@id\":\"https:\/\/masterchem.ee\/fi\/tooted-ja-teenused\/glyserolimonostearaatti-cas-123-94-4\/\",\"url\":\"https:\/\/masterchem.ee\/fi\/tooted-ja-teenused\/glyserolimonostearaatti-cas-123-94-4\/\",\"name\":\"Glyserolimonostearaatti (CAS 123-94-4) - Chemistry For Industry - Solvents &amp; Chemicals - Masterchem.ee\",\"isPartOf\":{\"@id\":\"https:\/\/masterchem.ee\/fi\/#website\"},\"primaryImageOfPage\":{\"@id\":\"https:\/\/masterchem.ee\/fi\/tooted-ja-teenused\/glyserolimonostearaatti-cas-123-94-4\/#primaryimage\"},\"image\":{\"@id\":\"https:\/\/masterchem.ee\/fi\/tooted-ja-teenused\/glyserolimonostearaatti-cas-123-94-4\/#primaryimage\"},\"thumbnailUrl\":\"https:\/\/masterchem.ee\/wp-content\/uploads\/2022\/01\/Glutseroolmonostearaat-25kg-MasterChem.jpg\",\"datePublished\":\"2022-01-04T17:13:30+00:00\",\"dateModified\":\"2022-01-04T17:20:50+00:00\",\"description\":\"Glyserolimonostearaatti, joka tunnetaan yleisesti nimell\u00e4 GMS, on monoglyseridi, jota k\u00e4ytet\u00e4\u00e4n yleisesti emulgointiaineena elintarvikkeissa.\",\"breadcrumb\":{\"@id\":\"https:\/\/masterchem.ee\/fi\/tooted-ja-teenused\/glyserolimonostearaatti-cas-123-94-4\/#breadcrumb\"},\"inLanguage\":\"fi\",\"potentialAction\":[{\"@type\":\"ReadAction\",\"target\":[\"https:\/\/masterchem.ee\/fi\/tooted-ja-teenused\/glyserolimonostearaatti-cas-123-94-4\/\"]}]},{\"@type\":\"ImageObject\",\"inLanguage\":\"fi\",\"@id\":\"https:\/\/masterchem.ee\/fi\/tooted-ja-teenused\/glyserolimonostearaatti-cas-123-94-4\/#primaryimage\",\"url\":\"https:\/\/masterchem.ee\/wp-content\/uploads\/2022\/01\/Glutseroolmonostearaat-25kg-MasterChem.jpg\",\"contentUrl\":\"https:\/\/masterchem.ee\/wp-content\/uploads\/2022\/01\/Glutseroolmonostearaat-25kg-MasterChem.jpg\",\"width\":1000,\"height\":1000,\"caption\":\"Glyserolimonostearaatti (CAS 123-94-4) 25kg MasterChem\"},{\"@type\":\"BreadcrumbList\",\"@id\":\"https:\/\/masterchem.ee\/fi\/tooted-ja-teenused\/glyserolimonostearaatti-cas-123-94-4\/#breadcrumb\",\"itemListElement\":[{\"@type\":\"ListItem\",\"position\":1,\"name\":\"Home\",\"item\":\"https:\/\/masterchem.ee\/fi\/\"},{\"@type\":\"ListItem\",\"position\":2,\"name\":\"Tooted ja teenused\",\"item\":\"https:\/\/masterchem.ee\/tooted-ja-teenused\/\"},{\"@type\":\"ListItem\",\"position\":3,\"name\":\"Glyserolimonostearaatti (CAS 123-94-4)\"}]},{\"@type\":\"WebSite\",\"@id\":\"https:\/\/masterchem.ee\/fi\/#website\",\"url\":\"https:\/\/masterchem.ee\/fi\/\",\"name\":\"Masterchem.ee\",\"description\":\"Chemistry For Industry - Solvents &amp; Chemicals\",\"publisher\":{\"@id\":\"https:\/\/masterchem.ee\/fi\/#organization\"},\"potentialAction\":[{\"@type\":\"SearchAction\",\"target\":{\"@type\":\"EntryPoint\",\"urlTemplate\":\"https:\/\/masterchem.ee\/fi\/?s={search_term_string}\"},\"query-input\":{\"@type\":\"PropertyValueSpecification\",\"valueRequired\":true,\"valueName\":\"search_term_string\"}}],\"inLanguage\":\"fi\"},{\"@type\":\"Organization\",\"@id\":\"https:\/\/masterchem.ee\/fi\/#organization\",\"name\":\"Masterchem\",\"url\":\"https:\/\/masterchem.ee\/fi\/\",\"logo\":{\"@type\":\"ImageObject\",\"inLanguage\":\"fi\",\"@id\":\"https:\/\/masterchem.ee\/fi\/#\/schema\/logo\/image\/\",\"url\":\"https:\/\/masterchem.ee\/wp-content\/uploads\/2018\/02\/master-chem_final-1.png\",\"contentUrl\":\"https:\/\/masterchem.ee\/wp-content\/uploads\/2018\/02\/master-chem_final-1.png\",\"width\":850,\"height\":356,\"caption\":\"Masterchem\"},\"image\":{\"@id\":\"https:\/\/masterchem.ee\/fi\/#\/schema\/logo\/image\/\"}}]}<\/script>\n<!-- \/ Yoast SEO plugin. -->","yoast_head_json":{"title":"Glyserolimonostearaatti (CAS 123-94-4) - Chemistry For Industry - Solvents &amp; Chemicals - Masterchem.ee","description":"Glyserolimonostearaatti, joka tunnetaan yleisesti nimell\u00e4 GMS, on monoglyseridi, jota k\u00e4ytet\u00e4\u00e4n yleisesti emulgointiaineena elintarvikkeissa.","robots":{"index":"index","follow":"follow","max-snippet":"max-snippet:-1","max-image-preview":"max-image-preview:large","max-video-preview":"max-video-preview:-1"},"canonical":"https:\/\/masterchem.ee\/fi\/tooted-ja-teenused\/glyserolimonostearaatti-cas-123-94-4\/","twitter_card":"summary_large_image","twitter_title":"Glyserolimonostearaatti (CAS 123-94-4) - Chemistry For Industry - Solvents &amp; Chemicals - Masterchem.ee","twitter_description":"Glyserolimonostearaatti, joka tunnetaan yleisesti nimell\u00e4 GMS, on monoglyseridi, jota k\u00e4ytet\u00e4\u00e4n yleisesti emulgointiaineena elintarvikkeissa.","twitter_image":"https:\/\/masterchem.ee\/wp-content\/uploads\/2022\/01\/Glutseroolmonostearaat-25kg-MasterChem.jpg","schema":{"@context":"https:\/\/schema.org","@graph":[{"@type":"WebPage","@id":"https:\/\/masterchem.ee\/fi\/tooted-ja-teenused\/glyserolimonostearaatti-cas-123-94-4\/","url":"https:\/\/masterchem.ee\/fi\/tooted-ja-teenused\/glyserolimonostearaatti-cas-123-94-4\/","name":"Glyserolimonostearaatti (CAS 123-94-4) - Chemistry For Industry - Solvents &amp; Chemicals - Masterchem.ee","isPartOf":{"@id":"https:\/\/masterchem.ee\/fi\/#website"},"primaryImageOfPage":{"@id":"https:\/\/masterchem.ee\/fi\/tooted-ja-teenused\/glyserolimonostearaatti-cas-123-94-4\/#primaryimage"},"image":{"@id":"https:\/\/masterchem.ee\/fi\/tooted-ja-teenused\/glyserolimonostearaatti-cas-123-94-4\/#primaryimage"},"thumbnailUrl":"https:\/\/masterchem.ee\/wp-content\/uploads\/2022\/01\/Glutseroolmonostearaat-25kg-MasterChem.jpg","datePublished":"2022-01-04T17:13:30+00:00","dateModified":"2022-01-04T17:20:50+00:00","description":"Glyserolimonostearaatti, joka tunnetaan yleisesti nimell\u00e4 GMS, on monoglyseridi, jota k\u00e4ytet\u00e4\u00e4n yleisesti emulgointiaineena elintarvikkeissa.","breadcrumb":{"@id":"https:\/\/masterchem.ee\/fi\/tooted-ja-teenused\/glyserolimonostearaatti-cas-123-94-4\/#breadcrumb"},"inLanguage":"fi","potentialAction":[{"@type":"ReadAction","target":["https:\/\/masterchem.ee\/fi\/tooted-ja-teenused\/glyserolimonostearaatti-cas-123-94-4\/"]}]},{"@type":"ImageObject","inLanguage":"fi","@id":"https:\/\/masterchem.ee\/fi\/tooted-ja-teenused\/glyserolimonostearaatti-cas-123-94-4\/#primaryimage","url":"https:\/\/masterchem.ee\/wp-content\/uploads\/2022\/01\/Glutseroolmonostearaat-25kg-MasterChem.jpg","contentUrl":"https:\/\/masterchem.ee\/wp-content\/uploads\/2022\/01\/Glutseroolmonostearaat-25kg-MasterChem.jpg","width":1000,"height":1000,"caption":"Glyserolimonostearaatti (CAS 123-94-4) 25kg MasterChem"},{"@type":"BreadcrumbList","@id":"https:\/\/masterchem.ee\/fi\/tooted-ja-teenused\/glyserolimonostearaatti-cas-123-94-4\/#breadcrumb","itemListElement":[{"@type":"ListItem","position":1,"name":"Home","item":"https:\/\/masterchem.ee\/fi\/"},{"@type":"ListItem","position":2,"name":"Tooted ja teenused","item":"https:\/\/masterchem.ee\/tooted-ja-teenused\/"},{"@type":"ListItem","position":3,"name":"Glyserolimonostearaatti (CAS 123-94-4)"}]},{"@type":"WebSite","@id":"https:\/\/masterchem.ee\/fi\/#website","url":"https:\/\/masterchem.ee\/fi\/","name":"Masterchem.ee","description":"Chemistry For Industry - Solvents &amp; Chemicals","publisher":{"@id":"https:\/\/masterchem.ee\/fi\/#organization"},"potentialAction":[{"@type":"SearchAction","target":{"@type":"EntryPoint","urlTemplate":"https:\/\/masterchem.ee\/fi\/?s={search_term_string}"},"query-input":{"@type":"PropertyValueSpecification","valueRequired":true,"valueName":"search_term_string"}}],"inLanguage":"fi"},{"@type":"Organization","@id":"https:\/\/masterchem.ee\/fi\/#organization","name":"Masterchem","url":"https:\/\/masterchem.ee\/fi\/","logo":{"@type":"ImageObject","inLanguage":"fi","@id":"https:\/\/masterchem.ee\/fi\/#\/schema\/logo\/image\/","url":"https:\/\/masterchem.ee\/wp-content\/uploads\/2018\/02\/master-chem_final-1.png","contentUrl":"https:\/\/masterchem.ee\/wp-content\/uploads\/2018\/02\/master-chem_final-1.png","width":850,"height":356,"caption":"Masterchem"},"image":{"@id":"https:\/\/masterchem.ee\/fi\/#\/schema\/logo\/image\/"}}]}},"_links":{"self":[{"href":"https:\/\/masterchem.ee\/fi\/wp-json\/wp\/v2\/product\/16424","targetHints":{"allow":["GET"]}}],"collection":[{"href":"https:\/\/masterchem.ee\/fi\/wp-json\/wp\/v2\/product"}],"about":[{"href":"https:\/\/masterchem.ee\/fi\/wp-json\/wp\/v2\/types\/product"}],"wp:featuredmedia":[{"embeddable":true,"href":"https:\/\/masterchem.ee\/fi\/wp-json\/wp\/v2\/media\/16430"}],"wp:attachment":[{"href":"https:\/\/masterchem.ee\/fi\/wp-json\/wp\/v2\/media?parent=16424"}],"wp:term":[{"taxonomy":"product_brand","embeddable":true,"href":"https:\/\/masterchem.ee\/fi\/wp-json\/wp\/v2\/product_brand?post=16424"},{"taxonomy":"product_cat","embeddable":true,"href":"https:\/\/masterchem.ee\/fi\/wp-json\/wp\/v2\/product_cat?post=16424"},{"taxonomy":"product_tag","embeddable":true,"href":"https:\/\/masterchem.ee\/fi\/wp-json\/wp\/v2\/product_tag?post=16424"}],"curies":[{"name":"wp","href":"https:\/\/api.w.org\/{rel}","templated":true}]}}