{"id":16408,"date":"2022-01-04T16:45:19","date_gmt":"2022-01-04T16:45:23","guid":{"rendered":"https:\/\/masterchem.ee\/?post_type=product&#038;p=16408"},"modified":"2022-01-04T17:03:13","modified_gmt":"2022-01-04T17:03:13","slug":"natriumformiaatti-cas-141-53-7","status":"publish","type":"product","link":"https:\/\/masterchem.ee\/fi\/tooted-ja-teenused\/natriumformiaatti-cas-141-53-7\/","title":{"rendered":"Natriumformiaatti (CAS 141-53-7)"},"content":{"rendered":"<p> <strong> Info<\/strong> <\/p>\n<p><strong>Tiedot<\/strong><\/p>\n<p>Toimialat: Kosmetiikkateollisuus<br \/>\nCAS-numero: 141-53-7<br \/>\nWE-numero: 205-488-0<br \/>\nKemiallinen kaava: CHNaO2<br \/>\nMolekyylimassa: 68,01 g\/mol<br \/>\nTullitariffikoodi: 291512003<\/p>\n<p><strong>Muut fyysiset ominaisuudet<\/strong><br \/>\npH: 7,0-8,5 (50 g\/l H2O w 20\u00b0C)<br \/>\nSulamis-\/j\u00e4\u00e4tymispiste: 253\u00b0C<br \/>\nSuhteellinen tiheys: 1,92 g\/cm3 (20\u00b0C)<br \/>\nLiukoisuus veteen: 550 g\/l<\/p>\n","protected":false},"excerpt":{"rendered":"<p><strong>Natriumformiaatti (CAS 141-53-7)<\/strong><\/p>\n<p>Natriumformiaatti on muurahaishapon natriumsuola, joka on normaaliolosuhteissa olomuodoltaan kiinteit\u00e4 valkoisia jyv\u00e4si\u00e4 tai kiteit\u00e4. Sen kemiallinen kaava on HCOONa. Natriumformiaatti hajoaa kuumennettaessa, jolloin syntyy muun muassa hiilimonoksidia ja vety\u00e4, aiheuttaen n\u00e4in palo- ja r\u00e4j\u00e4hdysvaaran. Natriumformiaatin moolimassa on 68,0 g\/mol, sulamispiste 253 \u00b0C, suhteellinen tiheys 1,9 g\/cm3 (vesi = 1,0 g\/cm3), liukoisuus veteen 20 \u00b0C:n l\u00e4mp\u00f6tilassa 97 g\/100 ml ja CAS-numero 141-53-7.<\/p>\n<p>Natriumformiaatti on hygroskooppinen aine eli se on ilmasta kosteutta itseens\u00e4 sitova ja pid\u00e4tt\u00e4v\u00e4 aine. Sit\u00e4 k\u00e4ytet\u00e4\u00e4n kiteisen\u00e4 aineena esimerkiksi lentokenttien kiitoteill\u00e4 paksumman j\u00e4\u00e4n poistoon natriumasetaatin ja urean rinnalla. Muita k\u00e4ytt\u00f6kohteita ovat k\u00e4ytt\u00f6 s\u00e4il\u00f6nt\u00e4aineena, peittauksessa, parkituksessa ja teollisissa prosesseissa pelkistimen\u00e4.<\/p>\n","protected":false},"featured_media":16414,"template":"","meta":[],"product_brand":[],"product_cat":[180,294],"product_tag":[],"class_list":{"0":"post-16408","1":"product","2":"type-product","3":"status-publish","4":"has-post-thumbnail","6":"product_cat-uncategorized-fi-2","7":"product_cat-kosmetiikkateollisuus","9":"first","10":"instock","11":"taxable","12":"shipping-taxable","13":"purchasable","14":"product-type-variable","15":"has-default-attributes"},"yoast_head":"<!-- This site is optimized with the Yoast SEO plugin v26.2 - https:\/\/yoast.com\/wordpress\/plugins\/seo\/ -->\n<title>Natriumformiaatti (CAS 141-53-7) - Chemistry For Industry - Solvents &amp; Chemicals - Masterchem.ee<\/title>\n<meta name=\"description\" content=\"Natriumformiaatti on muurahaishapon natriumsuola, joka on normaaliolosuhteissa olomuodoltaan kiinteit\u00e4 valkoisia jyv\u00e4si\u00e4 tai kiteit\u00e4.\" \/>\n<meta name=\"robots\" content=\"index, follow, max-snippet:-1, max-image-preview:large, max-video-preview:-1\" \/>\n<link rel=\"canonical\" href=\"https:\/\/masterchem.ee\/fi\/tooted-ja-teenused\/natriumformiaatti-cas-141-53-7\/\" \/>\n<meta name=\"twitter:card\" content=\"summary_large_image\" \/>\n<meta name=\"twitter:title\" content=\"Natriumformiaatti (CAS 141-53-7) - Chemistry For Industry - Solvents &amp; Chemicals - Masterchem.ee\" \/>\n<meta name=\"twitter:description\" content=\"Natriumformiaatti on muurahaishapon natriumsuola, joka on normaaliolosuhteissa olomuodoltaan kiinteit\u00e4 valkoisia jyv\u00e4si\u00e4 tai kiteit\u00e4.\" \/>\n<meta name=\"twitter:image\" content=\"https:\/\/masterchem.ee\/wp-content\/uploads\/2022\/01\/Naatriumformiaat-25kg-MasterChem.jpg\" \/>\n<script type=\"application\/ld+json\" class=\"yoast-schema-graph\">{\"@context\":\"https:\/\/schema.org\",\"@graph\":[{\"@type\":\"WebPage\",\"@id\":\"https:\/\/masterchem.ee\/fi\/tooted-ja-teenused\/natriumformiaatti-cas-141-53-7\/\",\"url\":\"https:\/\/masterchem.ee\/fi\/tooted-ja-teenused\/natriumformiaatti-cas-141-53-7\/\",\"name\":\"Natriumformiaatti (CAS 141-53-7) - Chemistry For Industry - Solvents &amp; Chemicals - Masterchem.ee\",\"isPartOf\":{\"@id\":\"https:\/\/masterchem.ee\/fi\/#website\"},\"primaryImageOfPage\":{\"@id\":\"https:\/\/masterchem.ee\/fi\/tooted-ja-teenused\/natriumformiaatti-cas-141-53-7\/#primaryimage\"},\"image\":{\"@id\":\"https:\/\/masterchem.ee\/fi\/tooted-ja-teenused\/natriumformiaatti-cas-141-53-7\/#primaryimage\"},\"thumbnailUrl\":\"https:\/\/masterchem.ee\/wp-content\/uploads\/2022\/01\/Naatriumformiaat-25kg-MasterChem.jpg\",\"datePublished\":\"2022-01-04T16:45:23+00:00\",\"dateModified\":\"2022-01-04T17:03:13+00:00\",\"description\":\"Natriumformiaatti on muurahaishapon natriumsuola, joka on normaaliolosuhteissa olomuodoltaan kiinteit\u00e4 valkoisia jyv\u00e4si\u00e4 tai kiteit\u00e4.\",\"breadcrumb\":{\"@id\":\"https:\/\/masterchem.ee\/fi\/tooted-ja-teenused\/natriumformiaatti-cas-141-53-7\/#breadcrumb\"},\"inLanguage\":\"fi\",\"potentialAction\":[{\"@type\":\"ReadAction\",\"target\":[\"https:\/\/masterchem.ee\/fi\/tooted-ja-teenused\/natriumformiaatti-cas-141-53-7\/\"]}]},{\"@type\":\"ImageObject\",\"inLanguage\":\"fi\",\"@id\":\"https:\/\/masterchem.ee\/fi\/tooted-ja-teenused\/natriumformiaatti-cas-141-53-7\/#primaryimage\",\"url\":\"https:\/\/masterchem.ee\/wp-content\/uploads\/2022\/01\/Naatriumformiaat-25kg-MasterChem.jpg\",\"contentUrl\":\"https:\/\/masterchem.ee\/wp-content\/uploads\/2022\/01\/Naatriumformiaat-25kg-MasterChem.jpg\",\"width\":1000,\"height\":1000,\"caption\":\"Natriumformiaatti (CAS 141-53-7) 25kg MasterChem\"},{\"@type\":\"BreadcrumbList\",\"@id\":\"https:\/\/masterchem.ee\/fi\/tooted-ja-teenused\/natriumformiaatti-cas-141-53-7\/#breadcrumb\",\"itemListElement\":[{\"@type\":\"ListItem\",\"position\":1,\"name\":\"Home\",\"item\":\"https:\/\/masterchem.ee\/fi\/\"},{\"@type\":\"ListItem\",\"position\":2,\"name\":\"Tooted ja teenused\",\"item\":\"https:\/\/masterchem.ee\/tooted-ja-teenused\/\"},{\"@type\":\"ListItem\",\"position\":3,\"name\":\"Natriumformiaatti (CAS 141-53-7)\"}]},{\"@type\":\"WebSite\",\"@id\":\"https:\/\/masterchem.ee\/fi\/#website\",\"url\":\"https:\/\/masterchem.ee\/fi\/\",\"name\":\"Masterchem.ee\",\"description\":\"Chemistry For Industry - Solvents &amp; Chemicals\",\"publisher\":{\"@id\":\"https:\/\/masterchem.ee\/fi\/#organization\"},\"potentialAction\":[{\"@type\":\"SearchAction\",\"target\":{\"@type\":\"EntryPoint\",\"urlTemplate\":\"https:\/\/masterchem.ee\/fi\/?s={search_term_string}\"},\"query-input\":{\"@type\":\"PropertyValueSpecification\",\"valueRequired\":true,\"valueName\":\"search_term_string\"}}],\"inLanguage\":\"fi\"},{\"@type\":\"Organization\",\"@id\":\"https:\/\/masterchem.ee\/fi\/#organization\",\"name\":\"Masterchem\",\"url\":\"https:\/\/masterchem.ee\/fi\/\",\"logo\":{\"@type\":\"ImageObject\",\"inLanguage\":\"fi\",\"@id\":\"https:\/\/masterchem.ee\/fi\/#\/schema\/logo\/image\/\",\"url\":\"https:\/\/masterchem.ee\/wp-content\/uploads\/2018\/02\/master-chem_final-1.png\",\"contentUrl\":\"https:\/\/masterchem.ee\/wp-content\/uploads\/2018\/02\/master-chem_final-1.png\",\"width\":850,\"height\":356,\"caption\":\"Masterchem\"},\"image\":{\"@id\":\"https:\/\/masterchem.ee\/fi\/#\/schema\/logo\/image\/\"}}]}<\/script>\n<!-- \/ Yoast SEO plugin. -->","yoast_head_json":{"title":"Natriumformiaatti (CAS 141-53-7) - Chemistry For Industry - Solvents &amp; Chemicals - Masterchem.ee","description":"Natriumformiaatti on muurahaishapon natriumsuola, joka on normaaliolosuhteissa olomuodoltaan kiinteit\u00e4 valkoisia jyv\u00e4si\u00e4 tai kiteit\u00e4.","robots":{"index":"index","follow":"follow","max-snippet":"max-snippet:-1","max-image-preview":"max-image-preview:large","max-video-preview":"max-video-preview:-1"},"canonical":"https:\/\/masterchem.ee\/fi\/tooted-ja-teenused\/natriumformiaatti-cas-141-53-7\/","twitter_card":"summary_large_image","twitter_title":"Natriumformiaatti (CAS 141-53-7) - Chemistry For Industry - Solvents &amp; Chemicals - Masterchem.ee","twitter_description":"Natriumformiaatti on muurahaishapon natriumsuola, joka on normaaliolosuhteissa olomuodoltaan kiinteit\u00e4 valkoisia jyv\u00e4si\u00e4 tai kiteit\u00e4.","twitter_image":"https:\/\/masterchem.ee\/wp-content\/uploads\/2022\/01\/Naatriumformiaat-25kg-MasterChem.jpg","schema":{"@context":"https:\/\/schema.org","@graph":[{"@type":"WebPage","@id":"https:\/\/masterchem.ee\/fi\/tooted-ja-teenused\/natriumformiaatti-cas-141-53-7\/","url":"https:\/\/masterchem.ee\/fi\/tooted-ja-teenused\/natriumformiaatti-cas-141-53-7\/","name":"Natriumformiaatti (CAS 141-53-7) - Chemistry For Industry - Solvents &amp; Chemicals - Masterchem.ee","isPartOf":{"@id":"https:\/\/masterchem.ee\/fi\/#website"},"primaryImageOfPage":{"@id":"https:\/\/masterchem.ee\/fi\/tooted-ja-teenused\/natriumformiaatti-cas-141-53-7\/#primaryimage"},"image":{"@id":"https:\/\/masterchem.ee\/fi\/tooted-ja-teenused\/natriumformiaatti-cas-141-53-7\/#primaryimage"},"thumbnailUrl":"https:\/\/masterchem.ee\/wp-content\/uploads\/2022\/01\/Naatriumformiaat-25kg-MasterChem.jpg","datePublished":"2022-01-04T16:45:23+00:00","dateModified":"2022-01-04T17:03:13+00:00","description":"Natriumformiaatti on muurahaishapon natriumsuola, joka on normaaliolosuhteissa olomuodoltaan kiinteit\u00e4 valkoisia jyv\u00e4si\u00e4 tai kiteit\u00e4.","breadcrumb":{"@id":"https:\/\/masterchem.ee\/fi\/tooted-ja-teenused\/natriumformiaatti-cas-141-53-7\/#breadcrumb"},"inLanguage":"fi","potentialAction":[{"@type":"ReadAction","target":["https:\/\/masterchem.ee\/fi\/tooted-ja-teenused\/natriumformiaatti-cas-141-53-7\/"]}]},{"@type":"ImageObject","inLanguage":"fi","@id":"https:\/\/masterchem.ee\/fi\/tooted-ja-teenused\/natriumformiaatti-cas-141-53-7\/#primaryimage","url":"https:\/\/masterchem.ee\/wp-content\/uploads\/2022\/01\/Naatriumformiaat-25kg-MasterChem.jpg","contentUrl":"https:\/\/masterchem.ee\/wp-content\/uploads\/2022\/01\/Naatriumformiaat-25kg-MasterChem.jpg","width":1000,"height":1000,"caption":"Natriumformiaatti (CAS 141-53-7) 25kg MasterChem"},{"@type":"BreadcrumbList","@id":"https:\/\/masterchem.ee\/fi\/tooted-ja-teenused\/natriumformiaatti-cas-141-53-7\/#breadcrumb","itemListElement":[{"@type":"ListItem","position":1,"name":"Home","item":"https:\/\/masterchem.ee\/fi\/"},{"@type":"ListItem","position":2,"name":"Tooted ja teenused","item":"https:\/\/masterchem.ee\/tooted-ja-teenused\/"},{"@type":"ListItem","position":3,"name":"Natriumformiaatti (CAS 141-53-7)"}]},{"@type":"WebSite","@id":"https:\/\/masterchem.ee\/fi\/#website","url":"https:\/\/masterchem.ee\/fi\/","name":"Masterchem.ee","description":"Chemistry For Industry - Solvents &amp; Chemicals","publisher":{"@id":"https:\/\/masterchem.ee\/fi\/#organization"},"potentialAction":[{"@type":"SearchAction","target":{"@type":"EntryPoint","urlTemplate":"https:\/\/masterchem.ee\/fi\/?s={search_term_string}"},"query-input":{"@type":"PropertyValueSpecification","valueRequired":true,"valueName":"search_term_string"}}],"inLanguage":"fi"},{"@type":"Organization","@id":"https:\/\/masterchem.ee\/fi\/#organization","name":"Masterchem","url":"https:\/\/masterchem.ee\/fi\/","logo":{"@type":"ImageObject","inLanguage":"fi","@id":"https:\/\/masterchem.ee\/fi\/#\/schema\/logo\/image\/","url":"https:\/\/masterchem.ee\/wp-content\/uploads\/2018\/02\/master-chem_final-1.png","contentUrl":"https:\/\/masterchem.ee\/wp-content\/uploads\/2018\/02\/master-chem_final-1.png","width":850,"height":356,"caption":"Masterchem"},"image":{"@id":"https:\/\/masterchem.ee\/fi\/#\/schema\/logo\/image\/"}}]}},"_links":{"self":[{"href":"https:\/\/masterchem.ee\/fi\/wp-json\/wp\/v2\/product\/16408","targetHints":{"allow":["GET"]}}],"collection":[{"href":"https:\/\/masterchem.ee\/fi\/wp-json\/wp\/v2\/product"}],"about":[{"href":"https:\/\/masterchem.ee\/fi\/wp-json\/wp\/v2\/types\/product"}],"wp:featuredmedia":[{"embeddable":true,"href":"https:\/\/masterchem.ee\/fi\/wp-json\/wp\/v2\/media\/16414"}],"wp:attachment":[{"href":"https:\/\/masterchem.ee\/fi\/wp-json\/wp\/v2\/media?parent=16408"}],"wp:term":[{"taxonomy":"product_brand","embeddable":true,"href":"https:\/\/masterchem.ee\/fi\/wp-json\/wp\/v2\/product_brand?post=16408"},{"taxonomy":"product_cat","embeddable":true,"href":"https:\/\/masterchem.ee\/fi\/wp-json\/wp\/v2\/product_cat?post=16408"},{"taxonomy":"product_tag","embeddable":true,"href":"https:\/\/masterchem.ee\/fi\/wp-json\/wp\/v2\/product_tag?post=16408"}],"curies":[{"name":"wp","href":"https:\/\/api.w.org\/{rel}","templated":true}]}}