{"id":16252,"date":"2022-01-03T20:39:36","date_gmt":"2022-01-03T20:39:41","guid":{"rendered":"https:\/\/masterchem.ee\/?post_type=product&#038;p=16252"},"modified":"2022-01-03T20:56:16","modified_gmt":"2022-01-03T20:56:16","slug":"setyylialkoholi-cas-36653-82-4","status":"publish","type":"product","link":"https:\/\/masterchem.ee\/fi\/tooted-ja-teenused\/setyylialkoholi-cas-36653-82-4\/","title":{"rendered":"Setyylialkoholi (CAS 36653-82-4)"},"content":{"rendered":"<p> <strong> Info<\/strong> <\/p>\n<p>Toimialat: kosmetiikkateollisuus, l\u00e4\u00e4keteollisuus<br \/>\nCAS-numero: 36653-82-4<br \/>\nWE-numero: 253-149-0<br \/>\nKemiallinen kaava: C16H34O<\/p>\n<p><strong>Muut fyysiset ominaisuudet<\/strong><br \/>\nSulamis-\/j\u00e4\u00e4tymispiste: 48 \u2013 50\u00b0C<br \/>\nKiehumispiste\/alue: 300-320\u00b0C<br \/>\nSuhteellinen tiheys: 0,817 g\/ml (50\u00b0C)<\/p>\n","protected":false},"excerpt":{"rendered":"<p><strong>Setyylialkoholi (CAS 36653-82-4)<\/strong><\/p>\n<p>Setyylialkoholi (C16H34O) eli heksadekanoli tai palmityylialkoholi on alifaattisiin alkoholeihin kuuluva orgaaninen yhdiste. Yhdistett\u00e4 k\u00e4ytet\u00e4\u00e4n ainesosana kosmetiikassa ja l\u00e4ht\u00f6aineena muiden orgaanisten yhdisteiden valmistukseen. Yhdistett\u00e4 esiintyy kasveissa, kukkien tuoksuissa ja semiokemikaalina eli\u00f6iden viestinn\u00e4ss\u00e4.<\/p>\n<p>Huoneenl\u00e4mp\u00f6tilassa setyylialkoholi on valkoisia kiteit\u00e4 tai valkoista vahamaista ainetta. Setyylialkoholi on hygroskooppista. Yhdiste ei liukene veteen, mutta liukenee moniin orgaanisiin liuottimiin, esimerkiksi etanoliin, dietyylieetteriin, asetoniin ja kloroformiin. Setyylialkoholilla on kukkaismainen tuoksu. Yhdistett\u00e4 esiintyy runsaasti esterein\u00e4\u00e4n kaskelotin valaanp\u00e4\u00e4vahassa. Lis\u00e4ksi sit\u00e4 esiintyy er\u00e4iden kalojen kuten barrakudinojen \u00f6ljyiss\u00e4.<\/p>\n","protected":false},"featured_media":16294,"template":"","meta":[],"product_brand":[],"product_cat":[180,294,120],"product_tag":[],"class_list":{"0":"post-16252","1":"product","2":"type-product","3":"status-publish","4":"has-post-thumbnail","6":"product_cat-uncategorized-fi-2","7":"product_cat-kosmetiikkateollisuus","8":"product_cat-laaketeollisuus","9":"pif-has-gallery","11":"first","12":"instock","13":"taxable","14":"shipping-taxable","15":"purchasable","16":"product-type-variable","17":"has-default-attributes"},"yoast_head":"<!-- This site is optimized with the Yoast SEO plugin v26.2 - https:\/\/yoast.com\/wordpress\/plugins\/seo\/ -->\n<title>Setyylialkoholi (CAS 36653-82-4) - Chemistry For Industry - Solvents &amp; Chemicals - Masterchem.ee<\/title>\n<meta name=\"description\" content=\"Setyylialkoholi (C16H34O) eli heksadekanoli tai palmityylialkoholi on alifaattisiin alkoholeihin kuuluva orgaaninen yhdiste.\" \/>\n<meta name=\"robots\" content=\"index, follow, max-snippet:-1, max-image-preview:large, max-video-preview:-1\" \/>\n<link rel=\"canonical\" href=\"https:\/\/masterchem.ee\/fi\/tooted-ja-teenused\/setyylialkoholi-cas-36653-82-4\/\" \/>\n<meta name=\"twitter:card\" content=\"summary_large_image\" \/>\n<meta name=\"twitter:title\" content=\"Setyylialkoholi (CAS 36653-82-4) - Chemistry For Industry - Solvents &amp; Chemicals - Masterchem.ee\" \/>\n<meta name=\"twitter:description\" content=\"Setyylialkoholi (C16H34O) eli heksadekanoli tai palmityylialkoholi on alifaattisiin alkoholeihin kuuluva orgaaninen yhdiste.\" \/>\n<meta name=\"twitter:image\" content=\"https:\/\/masterchem.ee\/wp-content\/uploads\/2022\/01\/Tsetuulalkohol-1000l-MasterChem.jpg\" \/>\n<script type=\"application\/ld+json\" class=\"yoast-schema-graph\">{\"@context\":\"https:\/\/schema.org\",\"@graph\":[{\"@type\":\"WebPage\",\"@id\":\"https:\/\/masterchem.ee\/fi\/tooted-ja-teenused\/setyylialkoholi-cas-36653-82-4\/\",\"url\":\"https:\/\/masterchem.ee\/fi\/tooted-ja-teenused\/setyylialkoholi-cas-36653-82-4\/\",\"name\":\"Setyylialkoholi (CAS 36653-82-4) - Chemistry For Industry - Solvents &amp; Chemicals - Masterchem.ee\",\"isPartOf\":{\"@id\":\"https:\/\/masterchem.ee\/fi\/#website\"},\"primaryImageOfPage\":{\"@id\":\"https:\/\/masterchem.ee\/fi\/tooted-ja-teenused\/setyylialkoholi-cas-36653-82-4\/#primaryimage\"},\"image\":{\"@id\":\"https:\/\/masterchem.ee\/fi\/tooted-ja-teenused\/setyylialkoholi-cas-36653-82-4\/#primaryimage\"},\"thumbnailUrl\":\"https:\/\/masterchem.ee\/wp-content\/uploads\/2022\/01\/Tsetuulalkohol-1000l-MasterChem.jpg\",\"datePublished\":\"2022-01-03T20:39:41+00:00\",\"dateModified\":\"2022-01-03T20:56:16+00:00\",\"description\":\"Setyylialkoholi (C16H34O) eli heksadekanoli tai palmityylialkoholi on alifaattisiin alkoholeihin kuuluva orgaaninen yhdiste.\",\"breadcrumb\":{\"@id\":\"https:\/\/masterchem.ee\/fi\/tooted-ja-teenused\/setyylialkoholi-cas-36653-82-4\/#breadcrumb\"},\"inLanguage\":\"fi\",\"potentialAction\":[{\"@type\":\"ReadAction\",\"target\":[\"https:\/\/masterchem.ee\/fi\/tooted-ja-teenused\/setyylialkoholi-cas-36653-82-4\/\"]}]},{\"@type\":\"ImageObject\",\"inLanguage\":\"fi\",\"@id\":\"https:\/\/masterchem.ee\/fi\/tooted-ja-teenused\/setyylialkoholi-cas-36653-82-4\/#primaryimage\",\"url\":\"https:\/\/masterchem.ee\/wp-content\/uploads\/2022\/01\/Tsetuulalkohol-1000l-MasterChem.jpg\",\"contentUrl\":\"https:\/\/masterchem.ee\/wp-content\/uploads\/2022\/01\/Tsetuulalkohol-1000l-MasterChem.jpg\",\"width\":1000,\"height\":1000,\"caption\":\"Setyylialkoholi (CAS 36653-82-4) 1000l-MasterChem\"},{\"@type\":\"BreadcrumbList\",\"@id\":\"https:\/\/masterchem.ee\/fi\/tooted-ja-teenused\/setyylialkoholi-cas-36653-82-4\/#breadcrumb\",\"itemListElement\":[{\"@type\":\"ListItem\",\"position\":1,\"name\":\"Home\",\"item\":\"https:\/\/masterchem.ee\/fi\/\"},{\"@type\":\"ListItem\",\"position\":2,\"name\":\"Tooted ja teenused\",\"item\":\"https:\/\/masterchem.ee\/tooted-ja-teenused\/\"},{\"@type\":\"ListItem\",\"position\":3,\"name\":\"Setyylialkoholi (CAS 36653-82-4)\"}]},{\"@type\":\"WebSite\",\"@id\":\"https:\/\/masterchem.ee\/fi\/#website\",\"url\":\"https:\/\/masterchem.ee\/fi\/\",\"name\":\"Masterchem.ee\",\"description\":\"Chemistry For Industry - Solvents &amp; Chemicals\",\"publisher\":{\"@id\":\"https:\/\/masterchem.ee\/fi\/#organization\"},\"potentialAction\":[{\"@type\":\"SearchAction\",\"target\":{\"@type\":\"EntryPoint\",\"urlTemplate\":\"https:\/\/masterchem.ee\/fi\/?s={search_term_string}\"},\"query-input\":{\"@type\":\"PropertyValueSpecification\",\"valueRequired\":true,\"valueName\":\"search_term_string\"}}],\"inLanguage\":\"fi\"},{\"@type\":\"Organization\",\"@id\":\"https:\/\/masterchem.ee\/fi\/#organization\",\"name\":\"Masterchem\",\"url\":\"https:\/\/masterchem.ee\/fi\/\",\"logo\":{\"@type\":\"ImageObject\",\"inLanguage\":\"fi\",\"@id\":\"https:\/\/masterchem.ee\/fi\/#\/schema\/logo\/image\/\",\"url\":\"https:\/\/masterchem.ee\/wp-content\/uploads\/2018\/02\/master-chem_final-1.png\",\"contentUrl\":\"https:\/\/masterchem.ee\/wp-content\/uploads\/2018\/02\/master-chem_final-1.png\",\"width\":850,\"height\":356,\"caption\":\"Masterchem\"},\"image\":{\"@id\":\"https:\/\/masterchem.ee\/fi\/#\/schema\/logo\/image\/\"}}]}<\/script>\n<!-- \/ Yoast SEO plugin. -->","yoast_head_json":{"title":"Setyylialkoholi (CAS 36653-82-4) - Chemistry For Industry - Solvents &amp; Chemicals - Masterchem.ee","description":"Setyylialkoholi (C16H34O) eli heksadekanoli tai palmityylialkoholi on alifaattisiin alkoholeihin kuuluva orgaaninen yhdiste.","robots":{"index":"index","follow":"follow","max-snippet":"max-snippet:-1","max-image-preview":"max-image-preview:large","max-video-preview":"max-video-preview:-1"},"canonical":"https:\/\/masterchem.ee\/fi\/tooted-ja-teenused\/setyylialkoholi-cas-36653-82-4\/","twitter_card":"summary_large_image","twitter_title":"Setyylialkoholi (CAS 36653-82-4) - Chemistry For Industry - Solvents &amp; Chemicals - Masterchem.ee","twitter_description":"Setyylialkoholi (C16H34O) eli heksadekanoli tai palmityylialkoholi on alifaattisiin alkoholeihin kuuluva orgaaninen yhdiste.","twitter_image":"https:\/\/masterchem.ee\/wp-content\/uploads\/2022\/01\/Tsetuulalkohol-1000l-MasterChem.jpg","schema":{"@context":"https:\/\/schema.org","@graph":[{"@type":"WebPage","@id":"https:\/\/masterchem.ee\/fi\/tooted-ja-teenused\/setyylialkoholi-cas-36653-82-4\/","url":"https:\/\/masterchem.ee\/fi\/tooted-ja-teenused\/setyylialkoholi-cas-36653-82-4\/","name":"Setyylialkoholi (CAS 36653-82-4) - Chemistry For Industry - Solvents &amp; Chemicals - Masterchem.ee","isPartOf":{"@id":"https:\/\/masterchem.ee\/fi\/#website"},"primaryImageOfPage":{"@id":"https:\/\/masterchem.ee\/fi\/tooted-ja-teenused\/setyylialkoholi-cas-36653-82-4\/#primaryimage"},"image":{"@id":"https:\/\/masterchem.ee\/fi\/tooted-ja-teenused\/setyylialkoholi-cas-36653-82-4\/#primaryimage"},"thumbnailUrl":"https:\/\/masterchem.ee\/wp-content\/uploads\/2022\/01\/Tsetuulalkohol-1000l-MasterChem.jpg","datePublished":"2022-01-03T20:39:41+00:00","dateModified":"2022-01-03T20:56:16+00:00","description":"Setyylialkoholi (C16H34O) eli heksadekanoli tai palmityylialkoholi on alifaattisiin alkoholeihin kuuluva orgaaninen yhdiste.","breadcrumb":{"@id":"https:\/\/masterchem.ee\/fi\/tooted-ja-teenused\/setyylialkoholi-cas-36653-82-4\/#breadcrumb"},"inLanguage":"fi","potentialAction":[{"@type":"ReadAction","target":["https:\/\/masterchem.ee\/fi\/tooted-ja-teenused\/setyylialkoholi-cas-36653-82-4\/"]}]},{"@type":"ImageObject","inLanguage":"fi","@id":"https:\/\/masterchem.ee\/fi\/tooted-ja-teenused\/setyylialkoholi-cas-36653-82-4\/#primaryimage","url":"https:\/\/masterchem.ee\/wp-content\/uploads\/2022\/01\/Tsetuulalkohol-1000l-MasterChem.jpg","contentUrl":"https:\/\/masterchem.ee\/wp-content\/uploads\/2022\/01\/Tsetuulalkohol-1000l-MasterChem.jpg","width":1000,"height":1000,"caption":"Setyylialkoholi (CAS 36653-82-4) 1000l-MasterChem"},{"@type":"BreadcrumbList","@id":"https:\/\/masterchem.ee\/fi\/tooted-ja-teenused\/setyylialkoholi-cas-36653-82-4\/#breadcrumb","itemListElement":[{"@type":"ListItem","position":1,"name":"Home","item":"https:\/\/masterchem.ee\/fi\/"},{"@type":"ListItem","position":2,"name":"Tooted ja teenused","item":"https:\/\/masterchem.ee\/tooted-ja-teenused\/"},{"@type":"ListItem","position":3,"name":"Setyylialkoholi (CAS 36653-82-4)"}]},{"@type":"WebSite","@id":"https:\/\/masterchem.ee\/fi\/#website","url":"https:\/\/masterchem.ee\/fi\/","name":"Masterchem.ee","description":"Chemistry For Industry - Solvents &amp; Chemicals","publisher":{"@id":"https:\/\/masterchem.ee\/fi\/#organization"},"potentialAction":[{"@type":"SearchAction","target":{"@type":"EntryPoint","urlTemplate":"https:\/\/masterchem.ee\/fi\/?s={search_term_string}"},"query-input":{"@type":"PropertyValueSpecification","valueRequired":true,"valueName":"search_term_string"}}],"inLanguage":"fi"},{"@type":"Organization","@id":"https:\/\/masterchem.ee\/fi\/#organization","name":"Masterchem","url":"https:\/\/masterchem.ee\/fi\/","logo":{"@type":"ImageObject","inLanguage":"fi","@id":"https:\/\/masterchem.ee\/fi\/#\/schema\/logo\/image\/","url":"https:\/\/masterchem.ee\/wp-content\/uploads\/2018\/02\/master-chem_final-1.png","contentUrl":"https:\/\/masterchem.ee\/wp-content\/uploads\/2018\/02\/master-chem_final-1.png","width":850,"height":356,"caption":"Masterchem"},"image":{"@id":"https:\/\/masterchem.ee\/fi\/#\/schema\/logo\/image\/"}}]}},"_links":{"self":[{"href":"https:\/\/masterchem.ee\/fi\/wp-json\/wp\/v2\/product\/16252","targetHints":{"allow":["GET"]}}],"collection":[{"href":"https:\/\/masterchem.ee\/fi\/wp-json\/wp\/v2\/product"}],"about":[{"href":"https:\/\/masterchem.ee\/fi\/wp-json\/wp\/v2\/types\/product"}],"wp:featuredmedia":[{"embeddable":true,"href":"https:\/\/masterchem.ee\/fi\/wp-json\/wp\/v2\/media\/16294"}],"wp:attachment":[{"href":"https:\/\/masterchem.ee\/fi\/wp-json\/wp\/v2\/media?parent=16252"}],"wp:term":[{"taxonomy":"product_brand","embeddable":true,"href":"https:\/\/masterchem.ee\/fi\/wp-json\/wp\/v2\/product_brand?post=16252"},{"taxonomy":"product_cat","embeddable":true,"href":"https:\/\/masterchem.ee\/fi\/wp-json\/wp\/v2\/product_cat?post=16252"},{"taxonomy":"product_tag","embeddable":true,"href":"https:\/\/masterchem.ee\/fi\/wp-json\/wp\/v2\/product_tag?post=16252"}],"curies":[{"name":"wp","href":"https:\/\/api.w.org\/{rel}","templated":true}]}}