{"id":16212,"date":"2021-12-27T12:54:26","date_gmt":"2021-12-27T12:54:30","guid":{"rendered":"https:\/\/masterchem.ee\/?post_type=product&#038;p=16212"},"modified":"2021-12-27T12:59:53","modified_gmt":"2021-12-27T12:59:53","slug":"hopeanitraatti-cas-7761-88-8","status":"publish","type":"product","link":"https:\/\/masterchem.ee\/fi\/tooted-ja-teenused\/hopeanitraatti-cas-7761-88-8\/","title":{"rendered":"Hopeanitraatti (CAS 7761-88-8)"},"content":{"rendered":"<p> <strong> Info<\/strong> <\/p>\n<p>Toimialat: Kosmetiikkateollisuus, Lasi ja keramiikka, L\u00e4\u00e4keteollisuus<br \/>\nCAS-numero: 7761-88-8<br \/>\nWE-numero: 231-853-9<br \/>\nIndeksinumero: 047-001-00-2<br \/>\nKemiallinen kaava: AgNO3<br \/>\nMolekyylimassa: 169,88 g\/mol<br \/>\nADR: UN1493<\/p>\n<p><strong>Muut fyysiset ominaisuudet<\/strong><br \/>\npH: 5,4 &#8211; 6,4 (100 g\/l H2O w 20\u00b0C)<br \/>\nSulamis-\/j\u00e4\u00e4tymispiste: 212\u00b0C<br \/>\nKiehumispiste\/alue: 444\u00b0C<br \/>\nSuhteellinen tiheys: 4,35 g\/cm3 (25\u00b0C)<br \/>\nLiukoisuus veteen: 2150 g\/l (20\u00b0C)<\/p>\n","protected":false},"excerpt":{"rendered":"<p><strong>Hopeanitraatti (CAS 7761-88-8)<\/strong><\/p>\n<p>Hopeanitraatti on ep\u00e4orgaaninen yhdiste, jonka kemiallinen kaava on AgNO3. T\u00e4m\u00e4 suola on monien muiden hopeayhdisteiden, kuten valokuvauksessa k\u00e4ytettyjen, monipuolinen esiaste. Se on paljon v\u00e4hemm\u00e4n herkk\u00e4 valolle kuin halogenidit. Sit\u00e4 kutsuttiin kerran kuun kaustiseksi, koska muinaiset alkemistit, jotka yhdist\u00e4v\u00e4t hopean kuuhun, kutsuivat hopeaa lunaksi. Kiinte\u00e4ss\u00e4 hopeanitraatissa hopea-ionit ovat kolmikoordinoituneita trigonaalisessa tasomaisessa j\u00e4rjestelyss\u00e4.<\/p>\n","protected":false},"featured_media":16218,"template":"","meta":[],"product_brand":[],"product_cat":[180,294,120,298],"product_tag":[],"class_list":{"0":"post-16212","1":"product","2":"type-product","3":"status-publish","4":"has-post-thumbnail","6":"product_cat-uncategorized-fi-2","7":"product_cat-kosmetiikkateollisuus","8":"product_cat-laaketeollisuus","9":"product_cat-lasi-ja-keramiikka","11":"first","12":"instock","13":"taxable","14":"shipping-taxable","15":"purchasable","16":"product-type-variable","17":"has-default-attributes"},"yoast_head":"<!-- This site is optimized with the Yoast SEO plugin v26.2 - https:\/\/yoast.com\/wordpress\/plugins\/seo\/ -->\n<title>Hopeanitraatti (CAS 7761-88-8) - Chemistry For Industry - Solvents &amp; Chemicals - Masterchem.ee<\/title>\n<meta name=\"description\" content=\"Hopeanitraatti on ep\u00e4orgaaninen yhdiste, jonka kemiallinen kaava on AgNO3. T\u00e4m\u00e4 suola on monien muiden hopeayhdisteiden, kuten valokuvauksessa k\u00e4ytettyjen, monipuolinen esiaste.\" \/>\n<meta name=\"robots\" content=\"index, follow, max-snippet:-1, max-image-preview:large, max-video-preview:-1\" \/>\n<link rel=\"canonical\" href=\"https:\/\/masterchem.ee\/fi\/tooted-ja-teenused\/hopeanitraatti-cas-7761-88-8\/\" \/>\n<meta name=\"twitter:card\" content=\"summary_large_image\" \/>\n<meta name=\"twitter:title\" content=\"Hopeanitraatti (CAS 7761-88-8) - Chemistry For Industry - Solvents &amp; Chemicals - Masterchem.ee\" \/>\n<meta name=\"twitter:description\" content=\"Hopeanitraatti on ep\u00e4orgaaninen yhdiste, jonka kemiallinen kaava on AgNO3. T\u00e4m\u00e4 suola on monien muiden hopeayhdisteiden, kuten valokuvauksessa k\u00e4ytettyjen, monipuolinen esiaste.\" \/>\n<meta name=\"twitter:image\" content=\"https:\/\/masterchem.ee\/wp-content\/uploads\/2021\/12\/Hobenitraat-25kg-MasterChem.jpg\" \/>\n<script type=\"application\/ld+json\" class=\"yoast-schema-graph\">{\"@context\":\"https:\/\/schema.org\",\"@graph\":[{\"@type\":\"WebPage\",\"@id\":\"https:\/\/masterchem.ee\/fi\/tooted-ja-teenused\/hopeanitraatti-cas-7761-88-8\/\",\"url\":\"https:\/\/masterchem.ee\/fi\/tooted-ja-teenused\/hopeanitraatti-cas-7761-88-8\/\",\"name\":\"Hopeanitraatti (CAS 7761-88-8) - Chemistry For Industry - Solvents &amp; Chemicals - Masterchem.ee\",\"isPartOf\":{\"@id\":\"https:\/\/masterchem.ee\/fi\/#website\"},\"primaryImageOfPage\":{\"@id\":\"https:\/\/masterchem.ee\/fi\/tooted-ja-teenused\/hopeanitraatti-cas-7761-88-8\/#primaryimage\"},\"image\":{\"@id\":\"https:\/\/masterchem.ee\/fi\/tooted-ja-teenused\/hopeanitraatti-cas-7761-88-8\/#primaryimage\"},\"thumbnailUrl\":\"https:\/\/masterchem.ee\/wp-content\/uploads\/2021\/12\/Hobenitraat-25kg-MasterChem.jpg\",\"datePublished\":\"2021-12-27T12:54:30+00:00\",\"dateModified\":\"2021-12-27T12:59:53+00:00\",\"description\":\"Hopeanitraatti on ep\u00e4orgaaninen yhdiste, jonka kemiallinen kaava on AgNO3. T\u00e4m\u00e4 suola on monien muiden hopeayhdisteiden, kuten valokuvauksessa k\u00e4ytettyjen, monipuolinen esiaste.\",\"breadcrumb\":{\"@id\":\"https:\/\/masterchem.ee\/fi\/tooted-ja-teenused\/hopeanitraatti-cas-7761-88-8\/#breadcrumb\"},\"inLanguage\":\"fi\",\"potentialAction\":[{\"@type\":\"ReadAction\",\"target\":[\"https:\/\/masterchem.ee\/fi\/tooted-ja-teenused\/hopeanitraatti-cas-7761-88-8\/\"]}]},{\"@type\":\"ImageObject\",\"inLanguage\":\"fi\",\"@id\":\"https:\/\/masterchem.ee\/fi\/tooted-ja-teenused\/hopeanitraatti-cas-7761-88-8\/#primaryimage\",\"url\":\"https:\/\/masterchem.ee\/wp-content\/uploads\/2021\/12\/Hobenitraat-25kg-MasterChem.jpg\",\"contentUrl\":\"https:\/\/masterchem.ee\/wp-content\/uploads\/2021\/12\/Hobenitraat-25kg-MasterChem.jpg\",\"width\":1000,\"height\":1000,\"caption\":\"Hopeanitraatti (CAS 7761-88-8) 25kg-MasterChem\"},{\"@type\":\"BreadcrumbList\",\"@id\":\"https:\/\/masterchem.ee\/fi\/tooted-ja-teenused\/hopeanitraatti-cas-7761-88-8\/#breadcrumb\",\"itemListElement\":[{\"@type\":\"ListItem\",\"position\":1,\"name\":\"Home\",\"item\":\"https:\/\/masterchem.ee\/fi\/\"},{\"@type\":\"ListItem\",\"position\":2,\"name\":\"Tooted ja teenused\",\"item\":\"https:\/\/masterchem.ee\/tooted-ja-teenused\/\"},{\"@type\":\"ListItem\",\"position\":3,\"name\":\"Hopeanitraatti (CAS 7761-88-8)\"}]},{\"@type\":\"WebSite\",\"@id\":\"https:\/\/masterchem.ee\/fi\/#website\",\"url\":\"https:\/\/masterchem.ee\/fi\/\",\"name\":\"Masterchem.ee\",\"description\":\"Chemistry For Industry - Solvents &amp; Chemicals\",\"publisher\":{\"@id\":\"https:\/\/masterchem.ee\/fi\/#organization\"},\"potentialAction\":[{\"@type\":\"SearchAction\",\"target\":{\"@type\":\"EntryPoint\",\"urlTemplate\":\"https:\/\/masterchem.ee\/fi\/?s={search_term_string}\"},\"query-input\":{\"@type\":\"PropertyValueSpecification\",\"valueRequired\":true,\"valueName\":\"search_term_string\"}}],\"inLanguage\":\"fi\"},{\"@type\":\"Organization\",\"@id\":\"https:\/\/masterchem.ee\/fi\/#organization\",\"name\":\"Masterchem\",\"url\":\"https:\/\/masterchem.ee\/fi\/\",\"logo\":{\"@type\":\"ImageObject\",\"inLanguage\":\"fi\",\"@id\":\"https:\/\/masterchem.ee\/fi\/#\/schema\/logo\/image\/\",\"url\":\"https:\/\/masterchem.ee\/wp-content\/uploads\/2018\/02\/master-chem_final-1.png\",\"contentUrl\":\"https:\/\/masterchem.ee\/wp-content\/uploads\/2018\/02\/master-chem_final-1.png\",\"width\":850,\"height\":356,\"caption\":\"Masterchem\"},\"image\":{\"@id\":\"https:\/\/masterchem.ee\/fi\/#\/schema\/logo\/image\/\"}}]}<\/script>\n<!-- \/ Yoast SEO plugin. -->","yoast_head_json":{"title":"Hopeanitraatti (CAS 7761-88-8) - Chemistry For Industry - Solvents &amp; Chemicals - Masterchem.ee","description":"Hopeanitraatti on ep\u00e4orgaaninen yhdiste, jonka kemiallinen kaava on AgNO3. T\u00e4m\u00e4 suola on monien muiden hopeayhdisteiden, kuten valokuvauksessa k\u00e4ytettyjen, monipuolinen esiaste.","robots":{"index":"index","follow":"follow","max-snippet":"max-snippet:-1","max-image-preview":"max-image-preview:large","max-video-preview":"max-video-preview:-1"},"canonical":"https:\/\/masterchem.ee\/fi\/tooted-ja-teenused\/hopeanitraatti-cas-7761-88-8\/","twitter_card":"summary_large_image","twitter_title":"Hopeanitraatti (CAS 7761-88-8) - Chemistry For Industry - Solvents &amp; Chemicals - Masterchem.ee","twitter_description":"Hopeanitraatti on ep\u00e4orgaaninen yhdiste, jonka kemiallinen kaava on AgNO3. T\u00e4m\u00e4 suola on monien muiden hopeayhdisteiden, kuten valokuvauksessa k\u00e4ytettyjen, monipuolinen esiaste.","twitter_image":"https:\/\/masterchem.ee\/wp-content\/uploads\/2021\/12\/Hobenitraat-25kg-MasterChem.jpg","schema":{"@context":"https:\/\/schema.org","@graph":[{"@type":"WebPage","@id":"https:\/\/masterchem.ee\/fi\/tooted-ja-teenused\/hopeanitraatti-cas-7761-88-8\/","url":"https:\/\/masterchem.ee\/fi\/tooted-ja-teenused\/hopeanitraatti-cas-7761-88-8\/","name":"Hopeanitraatti (CAS 7761-88-8) - Chemistry For Industry - Solvents &amp; Chemicals - Masterchem.ee","isPartOf":{"@id":"https:\/\/masterchem.ee\/fi\/#website"},"primaryImageOfPage":{"@id":"https:\/\/masterchem.ee\/fi\/tooted-ja-teenused\/hopeanitraatti-cas-7761-88-8\/#primaryimage"},"image":{"@id":"https:\/\/masterchem.ee\/fi\/tooted-ja-teenused\/hopeanitraatti-cas-7761-88-8\/#primaryimage"},"thumbnailUrl":"https:\/\/masterchem.ee\/wp-content\/uploads\/2021\/12\/Hobenitraat-25kg-MasterChem.jpg","datePublished":"2021-12-27T12:54:30+00:00","dateModified":"2021-12-27T12:59:53+00:00","description":"Hopeanitraatti on ep\u00e4orgaaninen yhdiste, jonka kemiallinen kaava on AgNO3. T\u00e4m\u00e4 suola on monien muiden hopeayhdisteiden, kuten valokuvauksessa k\u00e4ytettyjen, monipuolinen esiaste.","breadcrumb":{"@id":"https:\/\/masterchem.ee\/fi\/tooted-ja-teenused\/hopeanitraatti-cas-7761-88-8\/#breadcrumb"},"inLanguage":"fi","potentialAction":[{"@type":"ReadAction","target":["https:\/\/masterchem.ee\/fi\/tooted-ja-teenused\/hopeanitraatti-cas-7761-88-8\/"]}]},{"@type":"ImageObject","inLanguage":"fi","@id":"https:\/\/masterchem.ee\/fi\/tooted-ja-teenused\/hopeanitraatti-cas-7761-88-8\/#primaryimage","url":"https:\/\/masterchem.ee\/wp-content\/uploads\/2021\/12\/Hobenitraat-25kg-MasterChem.jpg","contentUrl":"https:\/\/masterchem.ee\/wp-content\/uploads\/2021\/12\/Hobenitraat-25kg-MasterChem.jpg","width":1000,"height":1000,"caption":"Hopeanitraatti (CAS 7761-88-8) 25kg-MasterChem"},{"@type":"BreadcrumbList","@id":"https:\/\/masterchem.ee\/fi\/tooted-ja-teenused\/hopeanitraatti-cas-7761-88-8\/#breadcrumb","itemListElement":[{"@type":"ListItem","position":1,"name":"Home","item":"https:\/\/masterchem.ee\/fi\/"},{"@type":"ListItem","position":2,"name":"Tooted ja teenused","item":"https:\/\/masterchem.ee\/tooted-ja-teenused\/"},{"@type":"ListItem","position":3,"name":"Hopeanitraatti (CAS 7761-88-8)"}]},{"@type":"WebSite","@id":"https:\/\/masterchem.ee\/fi\/#website","url":"https:\/\/masterchem.ee\/fi\/","name":"Masterchem.ee","description":"Chemistry For Industry - Solvents &amp; Chemicals","publisher":{"@id":"https:\/\/masterchem.ee\/fi\/#organization"},"potentialAction":[{"@type":"SearchAction","target":{"@type":"EntryPoint","urlTemplate":"https:\/\/masterchem.ee\/fi\/?s={search_term_string}"},"query-input":{"@type":"PropertyValueSpecification","valueRequired":true,"valueName":"search_term_string"}}],"inLanguage":"fi"},{"@type":"Organization","@id":"https:\/\/masterchem.ee\/fi\/#organization","name":"Masterchem","url":"https:\/\/masterchem.ee\/fi\/","logo":{"@type":"ImageObject","inLanguage":"fi","@id":"https:\/\/masterchem.ee\/fi\/#\/schema\/logo\/image\/","url":"https:\/\/masterchem.ee\/wp-content\/uploads\/2018\/02\/master-chem_final-1.png","contentUrl":"https:\/\/masterchem.ee\/wp-content\/uploads\/2018\/02\/master-chem_final-1.png","width":850,"height":356,"caption":"Masterchem"},"image":{"@id":"https:\/\/masterchem.ee\/fi\/#\/schema\/logo\/image\/"}}]}},"_links":{"self":[{"href":"https:\/\/masterchem.ee\/fi\/wp-json\/wp\/v2\/product\/16212","targetHints":{"allow":["GET"]}}],"collection":[{"href":"https:\/\/masterchem.ee\/fi\/wp-json\/wp\/v2\/product"}],"about":[{"href":"https:\/\/masterchem.ee\/fi\/wp-json\/wp\/v2\/types\/product"}],"wp:featuredmedia":[{"embeddable":true,"href":"https:\/\/masterchem.ee\/fi\/wp-json\/wp\/v2\/media\/16218"}],"wp:attachment":[{"href":"https:\/\/masterchem.ee\/fi\/wp-json\/wp\/v2\/media?parent=16212"}],"wp:term":[{"taxonomy":"product_brand","embeddable":true,"href":"https:\/\/masterchem.ee\/fi\/wp-json\/wp\/v2\/product_brand?post=16212"},{"taxonomy":"product_cat","embeddable":true,"href":"https:\/\/masterchem.ee\/fi\/wp-json\/wp\/v2\/product_cat?post=16212"},{"taxonomy":"product_tag","embeddable":true,"href":"https:\/\/masterchem.ee\/fi\/wp-json\/wp\/v2\/product_tag?post=16212"}],"curies":[{"name":"wp","href":"https:\/\/api.w.org\/{rel}","templated":true}]}}