{"id":16151,"date":"2021-12-27T12:07:32","date_gmt":"2021-12-27T12:07:36","guid":{"rendered":"https:\/\/masterchem.ee\/?post_type=product&#038;p=16151"},"modified":"2021-12-27T12:14:22","modified_gmt":"2021-12-27T12:14:22","slug":"zirkoniumsilikaatti-cas-10101-52-7","status":"publish","type":"product","link":"https:\/\/masterchem.ee\/fi\/tooted-ja-teenused\/zirkoniumsilikaatti-cas-10101-52-7\/","title":{"rendered":"Zirkoniumsilikaatti (CAS 10101-52-7)"},"content":{"rendered":"<p> <strong> Info<\/strong> <\/p>\n<p>Teollisuus: lasi ja keramiikka<br \/>\nCAS: 10101-52-7<br \/>\nWE: 239-019-6<br \/>\nKemiallinen kaava: ZrSiO4<br \/>\nTullitariffikoodi: 28399000<\/p>\n","protected":false},"excerpt":{"rendered":"<p><strong>Zirkoniumsilikaatti (CAS 10101-52-7)<\/strong><\/p>\n<p>Zirkoniumsilikaatti, my\u00f6s zirkoniumortosilikaatti, ZrSiO4, on kemiallinen yhdiste, zirkoniumin silikaatti. Sit\u00e4 esiintyy luonnossa zirkonina, silikaattimineraalina. Jauhemainen zirkoniumsilikaatti tunnetaan my\u00f6s nimell\u00e4 zirkonjauho.<\/p>\n<p>Zirkoniumsilikaatti on yleens\u00e4 v\u00e4rit\u00f6nt\u00e4, mutta ep\u00e4puhtaudet aiheuttavat erilaisia v\u00e4rj\u00e4ytymi\u00e4. Se on liukenematon veteen, happoihin, em\u00e4ksiin ja aqua regiaan. Kovuus on 7,5 Mohsin asteikolla.<\/p>\n","protected":false},"featured_media":16157,"template":"","meta":[],"product_brand":[],"product_cat":[180,298],"product_tag":[],"class_list":{"0":"post-16151","1":"product","2":"type-product","3":"status-publish","4":"has-post-thumbnail","6":"product_cat-uncategorized-fi-2","7":"product_cat-lasi-ja-keramiikka","9":"first","10":"instock","11":"taxable","12":"shipping-taxable","13":"purchasable","14":"product-type-variable","15":"has-default-attributes"},"yoast_head":"<!-- This site is optimized with the Yoast SEO plugin v26.2 - https:\/\/yoast.com\/wordpress\/plugins\/seo\/ -->\n<title>Zirkoniumsilikaatti (CAS 10101-52-7) - Chemistry For Industry - Solvents &amp; Chemicals - Masterchem.ee<\/title>\n<meta name=\"description\" content=\"Zirkoniumsilikaatti, my\u00f6s zirkoniumortosilikaatti, ZrSiO4, on kemiallinen yhdiste, zirkoniumin silikaatti.\" \/>\n<meta name=\"robots\" content=\"index, follow, max-snippet:-1, max-image-preview:large, max-video-preview:-1\" \/>\n<link rel=\"canonical\" href=\"https:\/\/masterchem.ee\/fi\/tooted-ja-teenused\/zirkoniumsilikaatti-cas-10101-52-7\/\" \/>\n<meta name=\"twitter:card\" content=\"summary_large_image\" \/>\n<meta name=\"twitter:title\" content=\"Zirkoniumsilikaatti (CAS 10101-52-7) - Chemistry For Industry - Solvents &amp; Chemicals - Masterchem.ee\" \/>\n<meta name=\"twitter:description\" content=\"Zirkoniumsilikaatti, my\u00f6s zirkoniumortosilikaatti, ZrSiO4, on kemiallinen yhdiste, zirkoniumin silikaatti.\" \/>\n<meta name=\"twitter:image\" content=\"https:\/\/masterchem.ee\/wp-content\/uploads\/2021\/12\/Tsirkooniumi-silikaat-25kg-MasterChem.jpg\" \/>\n<script type=\"application\/ld+json\" class=\"yoast-schema-graph\">{\"@context\":\"https:\/\/schema.org\",\"@graph\":[{\"@type\":\"WebPage\",\"@id\":\"https:\/\/masterchem.ee\/fi\/tooted-ja-teenused\/zirkoniumsilikaatti-cas-10101-52-7\/\",\"url\":\"https:\/\/masterchem.ee\/fi\/tooted-ja-teenused\/zirkoniumsilikaatti-cas-10101-52-7\/\",\"name\":\"Zirkoniumsilikaatti (CAS 10101-52-7) - Chemistry For Industry - Solvents &amp; Chemicals - Masterchem.ee\",\"isPartOf\":{\"@id\":\"https:\/\/masterchem.ee\/fi\/#website\"},\"primaryImageOfPage\":{\"@id\":\"https:\/\/masterchem.ee\/fi\/tooted-ja-teenused\/zirkoniumsilikaatti-cas-10101-52-7\/#primaryimage\"},\"image\":{\"@id\":\"https:\/\/masterchem.ee\/fi\/tooted-ja-teenused\/zirkoniumsilikaatti-cas-10101-52-7\/#primaryimage\"},\"thumbnailUrl\":\"https:\/\/masterchem.ee\/wp-content\/uploads\/2021\/12\/Tsirkooniumi-silikaat-25kg-MasterChem.jpg\",\"datePublished\":\"2021-12-27T12:07:36+00:00\",\"dateModified\":\"2021-12-27T12:14:22+00:00\",\"description\":\"Zirkoniumsilikaatti, my\u00f6s zirkoniumortosilikaatti, ZrSiO4, on kemiallinen yhdiste, zirkoniumin silikaatti.\",\"breadcrumb\":{\"@id\":\"https:\/\/masterchem.ee\/fi\/tooted-ja-teenused\/zirkoniumsilikaatti-cas-10101-52-7\/#breadcrumb\"},\"inLanguage\":\"fi\",\"potentialAction\":[{\"@type\":\"ReadAction\",\"target\":[\"https:\/\/masterchem.ee\/fi\/tooted-ja-teenused\/zirkoniumsilikaatti-cas-10101-52-7\/\"]}]},{\"@type\":\"ImageObject\",\"inLanguage\":\"fi\",\"@id\":\"https:\/\/masterchem.ee\/fi\/tooted-ja-teenused\/zirkoniumsilikaatti-cas-10101-52-7\/#primaryimage\",\"url\":\"https:\/\/masterchem.ee\/wp-content\/uploads\/2021\/12\/Tsirkooniumi-silikaat-25kg-MasterChem.jpg\",\"contentUrl\":\"https:\/\/masterchem.ee\/wp-content\/uploads\/2021\/12\/Tsirkooniumi-silikaat-25kg-MasterChem.jpg\",\"width\":1000,\"height\":1000,\"caption\":\"Zirkoniumsilikaatti (CAS 10101-52-7) 25kg-MasterChem\"},{\"@type\":\"BreadcrumbList\",\"@id\":\"https:\/\/masterchem.ee\/fi\/tooted-ja-teenused\/zirkoniumsilikaatti-cas-10101-52-7\/#breadcrumb\",\"itemListElement\":[{\"@type\":\"ListItem\",\"position\":1,\"name\":\"Home\",\"item\":\"https:\/\/masterchem.ee\/fi\/\"},{\"@type\":\"ListItem\",\"position\":2,\"name\":\"Tooted ja teenused\",\"item\":\"https:\/\/masterchem.ee\/tooted-ja-teenused\/\"},{\"@type\":\"ListItem\",\"position\":3,\"name\":\"Zirkoniumsilikaatti (CAS 10101-52-7)\"}]},{\"@type\":\"WebSite\",\"@id\":\"https:\/\/masterchem.ee\/fi\/#website\",\"url\":\"https:\/\/masterchem.ee\/fi\/\",\"name\":\"Masterchem.ee\",\"description\":\"Chemistry For Industry - Solvents &amp; Chemicals\",\"publisher\":{\"@id\":\"https:\/\/masterchem.ee\/fi\/#organization\"},\"potentialAction\":[{\"@type\":\"SearchAction\",\"target\":{\"@type\":\"EntryPoint\",\"urlTemplate\":\"https:\/\/masterchem.ee\/fi\/?s={search_term_string}\"},\"query-input\":{\"@type\":\"PropertyValueSpecification\",\"valueRequired\":true,\"valueName\":\"search_term_string\"}}],\"inLanguage\":\"fi\"},{\"@type\":\"Organization\",\"@id\":\"https:\/\/masterchem.ee\/fi\/#organization\",\"name\":\"Masterchem\",\"url\":\"https:\/\/masterchem.ee\/fi\/\",\"logo\":{\"@type\":\"ImageObject\",\"inLanguage\":\"fi\",\"@id\":\"https:\/\/masterchem.ee\/fi\/#\/schema\/logo\/image\/\",\"url\":\"https:\/\/masterchem.ee\/wp-content\/uploads\/2018\/02\/master-chem_final-1.png\",\"contentUrl\":\"https:\/\/masterchem.ee\/wp-content\/uploads\/2018\/02\/master-chem_final-1.png\",\"width\":850,\"height\":356,\"caption\":\"Masterchem\"},\"image\":{\"@id\":\"https:\/\/masterchem.ee\/fi\/#\/schema\/logo\/image\/\"}}]}<\/script>\n<!-- \/ Yoast SEO plugin. -->","yoast_head_json":{"title":"Zirkoniumsilikaatti (CAS 10101-52-7) - Chemistry For Industry - Solvents &amp; Chemicals - Masterchem.ee","description":"Zirkoniumsilikaatti, my\u00f6s zirkoniumortosilikaatti, ZrSiO4, on kemiallinen yhdiste, zirkoniumin silikaatti.","robots":{"index":"index","follow":"follow","max-snippet":"max-snippet:-1","max-image-preview":"max-image-preview:large","max-video-preview":"max-video-preview:-1"},"canonical":"https:\/\/masterchem.ee\/fi\/tooted-ja-teenused\/zirkoniumsilikaatti-cas-10101-52-7\/","twitter_card":"summary_large_image","twitter_title":"Zirkoniumsilikaatti (CAS 10101-52-7) - Chemistry For Industry - Solvents &amp; Chemicals - Masterchem.ee","twitter_description":"Zirkoniumsilikaatti, my\u00f6s zirkoniumortosilikaatti, ZrSiO4, on kemiallinen yhdiste, zirkoniumin silikaatti.","twitter_image":"https:\/\/masterchem.ee\/wp-content\/uploads\/2021\/12\/Tsirkooniumi-silikaat-25kg-MasterChem.jpg","schema":{"@context":"https:\/\/schema.org","@graph":[{"@type":"WebPage","@id":"https:\/\/masterchem.ee\/fi\/tooted-ja-teenused\/zirkoniumsilikaatti-cas-10101-52-7\/","url":"https:\/\/masterchem.ee\/fi\/tooted-ja-teenused\/zirkoniumsilikaatti-cas-10101-52-7\/","name":"Zirkoniumsilikaatti (CAS 10101-52-7) - Chemistry For Industry - Solvents &amp; Chemicals - Masterchem.ee","isPartOf":{"@id":"https:\/\/masterchem.ee\/fi\/#website"},"primaryImageOfPage":{"@id":"https:\/\/masterchem.ee\/fi\/tooted-ja-teenused\/zirkoniumsilikaatti-cas-10101-52-7\/#primaryimage"},"image":{"@id":"https:\/\/masterchem.ee\/fi\/tooted-ja-teenused\/zirkoniumsilikaatti-cas-10101-52-7\/#primaryimage"},"thumbnailUrl":"https:\/\/masterchem.ee\/wp-content\/uploads\/2021\/12\/Tsirkooniumi-silikaat-25kg-MasterChem.jpg","datePublished":"2021-12-27T12:07:36+00:00","dateModified":"2021-12-27T12:14:22+00:00","description":"Zirkoniumsilikaatti, my\u00f6s zirkoniumortosilikaatti, ZrSiO4, on kemiallinen yhdiste, zirkoniumin silikaatti.","breadcrumb":{"@id":"https:\/\/masterchem.ee\/fi\/tooted-ja-teenused\/zirkoniumsilikaatti-cas-10101-52-7\/#breadcrumb"},"inLanguage":"fi","potentialAction":[{"@type":"ReadAction","target":["https:\/\/masterchem.ee\/fi\/tooted-ja-teenused\/zirkoniumsilikaatti-cas-10101-52-7\/"]}]},{"@type":"ImageObject","inLanguage":"fi","@id":"https:\/\/masterchem.ee\/fi\/tooted-ja-teenused\/zirkoniumsilikaatti-cas-10101-52-7\/#primaryimage","url":"https:\/\/masterchem.ee\/wp-content\/uploads\/2021\/12\/Tsirkooniumi-silikaat-25kg-MasterChem.jpg","contentUrl":"https:\/\/masterchem.ee\/wp-content\/uploads\/2021\/12\/Tsirkooniumi-silikaat-25kg-MasterChem.jpg","width":1000,"height":1000,"caption":"Zirkoniumsilikaatti (CAS 10101-52-7) 25kg-MasterChem"},{"@type":"BreadcrumbList","@id":"https:\/\/masterchem.ee\/fi\/tooted-ja-teenused\/zirkoniumsilikaatti-cas-10101-52-7\/#breadcrumb","itemListElement":[{"@type":"ListItem","position":1,"name":"Home","item":"https:\/\/masterchem.ee\/fi\/"},{"@type":"ListItem","position":2,"name":"Tooted ja teenused","item":"https:\/\/masterchem.ee\/tooted-ja-teenused\/"},{"@type":"ListItem","position":3,"name":"Zirkoniumsilikaatti (CAS 10101-52-7)"}]},{"@type":"WebSite","@id":"https:\/\/masterchem.ee\/fi\/#website","url":"https:\/\/masterchem.ee\/fi\/","name":"Masterchem.ee","description":"Chemistry For Industry - Solvents &amp; Chemicals","publisher":{"@id":"https:\/\/masterchem.ee\/fi\/#organization"},"potentialAction":[{"@type":"SearchAction","target":{"@type":"EntryPoint","urlTemplate":"https:\/\/masterchem.ee\/fi\/?s={search_term_string}"},"query-input":{"@type":"PropertyValueSpecification","valueRequired":true,"valueName":"search_term_string"}}],"inLanguage":"fi"},{"@type":"Organization","@id":"https:\/\/masterchem.ee\/fi\/#organization","name":"Masterchem","url":"https:\/\/masterchem.ee\/fi\/","logo":{"@type":"ImageObject","inLanguage":"fi","@id":"https:\/\/masterchem.ee\/fi\/#\/schema\/logo\/image\/","url":"https:\/\/masterchem.ee\/wp-content\/uploads\/2018\/02\/master-chem_final-1.png","contentUrl":"https:\/\/masterchem.ee\/wp-content\/uploads\/2018\/02\/master-chem_final-1.png","width":850,"height":356,"caption":"Masterchem"},"image":{"@id":"https:\/\/masterchem.ee\/fi\/#\/schema\/logo\/image\/"}}]}},"_links":{"self":[{"href":"https:\/\/masterchem.ee\/fi\/wp-json\/wp\/v2\/product\/16151","targetHints":{"allow":["GET"]}}],"collection":[{"href":"https:\/\/masterchem.ee\/fi\/wp-json\/wp\/v2\/product"}],"about":[{"href":"https:\/\/masterchem.ee\/fi\/wp-json\/wp\/v2\/types\/product"}],"wp:featuredmedia":[{"embeddable":true,"href":"https:\/\/masterchem.ee\/fi\/wp-json\/wp\/v2\/media\/16157"}],"wp:attachment":[{"href":"https:\/\/masterchem.ee\/fi\/wp-json\/wp\/v2\/media?parent=16151"}],"wp:term":[{"taxonomy":"product_brand","embeddable":true,"href":"https:\/\/masterchem.ee\/fi\/wp-json\/wp\/v2\/product_brand?post=16151"},{"taxonomy":"product_cat","embeddable":true,"href":"https:\/\/masterchem.ee\/fi\/wp-json\/wp\/v2\/product_cat?post=16151"},{"taxonomy":"product_tag","embeddable":true,"href":"https:\/\/masterchem.ee\/fi\/wp-json\/wp\/v2\/product_tag?post=16151"}],"curies":[{"name":"wp","href":"https:\/\/api.w.org\/{rel}","templated":true}]}}