{"id":16136,"date":"2021-12-27T11:54:35","date_gmt":"2021-12-27T11:54:39","guid":{"rendered":"https:\/\/masterchem.ee\/?post_type=product&#038;p=16136"},"modified":"2021-12-27T12:03:07","modified_gmt":"2021-12-27T12:03:07","slug":"fluorivetyhappo-cas-7664-39-3","status":"publish","type":"product","link":"https:\/\/masterchem.ee\/fi\/tooted-ja-teenused\/fluorivetyhappo-cas-7664-39-3\/","title":{"rendered":"Fluorivetyhappo (CAS 7664-39-3)"},"content":{"rendered":"<p> <strong> Info<\/strong> <\/p>\n<p>Teollisuus: lasi ja keramiikka<br \/>\nCAS: 7664-39-3<br \/>\nWE: 231-634-8<br \/>\nIndeksinumero: 009-003-00-1<br \/>\nKemiallinen kaava: HF<br \/>\nTullitariffikoodi: 28111100<br \/>\nADR: UN1790<\/p>\n<p><strong>Muut fyysiset ominaisuudet<\/strong> <br \/>\npH: <1 <br \/>\nSuhteellinen tiheys: 1,26 g\/cm3 dla HF 70 %<\/p>\n","protected":false},"excerpt":{"rendered":"<p><strong>Fluorivetyhappo (CAS 7664-39-3)<\/strong><\/p>\n<p>Vetyfluoridi eli fluorivety (HF) on vedyn ja fluorin muodostama molekyyliyhdiste. Muista halideista poiketen vetyfluoridin kiehumispiste on hyvin l\u00e4hell\u00e4 huoneenl\u00e4mp\u00f6tilaa. Fluorivety on v\u00e4rit\u00f6n kaasu kiehumispistett\u00e4 korkeammassa l\u00e4mp\u00f6tilassa ja alemmassa l\u00e4mp\u00f6tilassa h\u00f6yryj\u00e4 helposti muodostava savuava neste. Fluorivedyll\u00e4 on voimakas ja \u00e4rsytt\u00e4v\u00e4 haju. Aine on heikko happo. Fluorivety reagoi veden kanssa vapauttaen myrkyllisi\u00e4 ja sy\u00f6vytt\u00e4vi\u00e4 h\u00f6yryj\u00e4. Aineen liuetessa veteen syntyy l\u00e4mp\u00f6\u00e4, joka voi aiheuttaa roiskevaaran. Fluorivety sy\u00f6vytt\u00e4\u00e4 lasia, nahkaa ja useita metalleja. Aineen reaktiossa metallien kanssa voi muodostua helposti syttyv\u00e4\u00e4 vetykaasua. Vetyfluoridin vesiliuosta kutsutaan fluorivetyhapoksi, joka on vain heikosti hapan, mutta vahvasti korrosoiva. Ainetta k\u00e4ytet\u00e4\u00e4n laajasti petrokemianteollisuudessa, ja se on t\u00e4rke\u00e4 yhdiste niin kutsuttujen superhappojen valmistuksessa.<\/p>\n","protected":false},"featured_media":16142,"template":"","meta":[],"product_brand":[],"product_cat":[180,298],"product_tag":[],"class_list":{"0":"post-16136","1":"product","2":"type-product","3":"status-publish","4":"has-post-thumbnail","6":"product_cat-uncategorized-fi-2","7":"product_cat-lasi-ja-keramiikka","9":"first","10":"instock","11":"taxable","12":"shipping-taxable","13":"purchasable","14":"product-type-variable","15":"has-default-attributes"},"yoast_head":"<!-- This site is optimized with the Yoast SEO plugin v26.2 - https:\/\/yoast.com\/wordpress\/plugins\/seo\/ -->\n<title>Fluorivetyhappo (CAS 7664-39-3) - Chemistry For Industry - Solvents &amp; Chemicals - Masterchem.ee<\/title>\n<meta name=\"description\" content=\"Vetyfluoridi eli fluorivety (HF) on vedyn ja fluorin muodostama molekyyliyhdiste. Muista halideista poiketen vetyfluoridin kiehumispiste on hyvin l\u00e4hell\u00e4 huoneenl\u00e4mp\u00f6tilaa.\" \/>\n<meta name=\"robots\" content=\"index, follow, max-snippet:-1, max-image-preview:large, max-video-preview:-1\" \/>\n<link rel=\"canonical\" href=\"https:\/\/masterchem.ee\/fi\/tooted-ja-teenused\/fluorivetyhappo-cas-7664-39-3\/\" \/>\n<meta name=\"twitter:card\" content=\"summary_large_image\" \/>\n<meta name=\"twitter:title\" content=\"Fluorivetyhappo (CAS 7664-39-3) - Chemistry For Industry - Solvents &amp; Chemicals - Masterchem.ee\" \/>\n<meta name=\"twitter:description\" content=\"Vetyfluoridi eli fluorivety (HF) on vedyn ja fluorin muodostama molekyyliyhdiste. Muista halideista poiketen vetyfluoridin kiehumispiste on hyvin l\u00e4hell\u00e4 huoneenl\u00e4mp\u00f6tilaa.\" \/>\n<meta name=\"twitter:image\" content=\"https:\/\/masterchem.ee\/wp-content\/uploads\/2021\/12\/Vesinikfluoriidhape-25kg-MasterChem.jpg\" \/>\n<script type=\"application\/ld+json\" class=\"yoast-schema-graph\">{\"@context\":\"https:\/\/schema.org\",\"@graph\":[{\"@type\":\"WebPage\",\"@id\":\"https:\/\/masterchem.ee\/fi\/tooted-ja-teenused\/fluorivetyhappo-cas-7664-39-3\/\",\"url\":\"https:\/\/masterchem.ee\/fi\/tooted-ja-teenused\/fluorivetyhappo-cas-7664-39-3\/\",\"name\":\"Fluorivetyhappo (CAS 7664-39-3) - Chemistry For Industry - Solvents &amp; Chemicals - Masterchem.ee\",\"isPartOf\":{\"@id\":\"https:\/\/masterchem.ee\/fi\/#website\"},\"primaryImageOfPage\":{\"@id\":\"https:\/\/masterchem.ee\/fi\/tooted-ja-teenused\/fluorivetyhappo-cas-7664-39-3\/#primaryimage\"},\"image\":{\"@id\":\"https:\/\/masterchem.ee\/fi\/tooted-ja-teenused\/fluorivetyhappo-cas-7664-39-3\/#primaryimage\"},\"thumbnailUrl\":\"https:\/\/masterchem.ee\/wp-content\/uploads\/2021\/12\/Vesinikfluoriidhape-25kg-MasterChem.jpg\",\"datePublished\":\"2021-12-27T11:54:39+00:00\",\"dateModified\":\"2021-12-27T12:03:07+00:00\",\"description\":\"Vetyfluoridi eli fluorivety (HF) on vedyn ja fluorin muodostama molekyyliyhdiste. Muista halideista poiketen vetyfluoridin kiehumispiste on hyvin l\u00e4hell\u00e4 huoneenl\u00e4mp\u00f6tilaa.\",\"breadcrumb\":{\"@id\":\"https:\/\/masterchem.ee\/fi\/tooted-ja-teenused\/fluorivetyhappo-cas-7664-39-3\/#breadcrumb\"},\"inLanguage\":\"fi\",\"potentialAction\":[{\"@type\":\"ReadAction\",\"target\":[\"https:\/\/masterchem.ee\/fi\/tooted-ja-teenused\/fluorivetyhappo-cas-7664-39-3\/\"]}]},{\"@type\":\"ImageObject\",\"inLanguage\":\"fi\",\"@id\":\"https:\/\/masterchem.ee\/fi\/tooted-ja-teenused\/fluorivetyhappo-cas-7664-39-3\/#primaryimage\",\"url\":\"https:\/\/masterchem.ee\/wp-content\/uploads\/2021\/12\/Vesinikfluoriidhape-25kg-MasterChem.jpg\",\"contentUrl\":\"https:\/\/masterchem.ee\/wp-content\/uploads\/2021\/12\/Vesinikfluoriidhape-25kg-MasterChem.jpg\",\"width\":1000,\"height\":1000,\"caption\":\"Fluorivetyhappo (CAS 7664-39-3) 25kg MasterChem\"},{\"@type\":\"BreadcrumbList\",\"@id\":\"https:\/\/masterchem.ee\/fi\/tooted-ja-teenused\/fluorivetyhappo-cas-7664-39-3\/#breadcrumb\",\"itemListElement\":[{\"@type\":\"ListItem\",\"position\":1,\"name\":\"Home\",\"item\":\"https:\/\/masterchem.ee\/fi\/\"},{\"@type\":\"ListItem\",\"position\":2,\"name\":\"Tooted ja teenused\",\"item\":\"https:\/\/masterchem.ee\/tooted-ja-teenused\/\"},{\"@type\":\"ListItem\",\"position\":3,\"name\":\"Fluorivetyhappo (CAS 7664-39-3)\"}]},{\"@type\":\"WebSite\",\"@id\":\"https:\/\/masterchem.ee\/fi\/#website\",\"url\":\"https:\/\/masterchem.ee\/fi\/\",\"name\":\"Masterchem.ee\",\"description\":\"Chemistry For Industry - Solvents &amp; Chemicals\",\"publisher\":{\"@id\":\"https:\/\/masterchem.ee\/fi\/#organization\"},\"potentialAction\":[{\"@type\":\"SearchAction\",\"target\":{\"@type\":\"EntryPoint\",\"urlTemplate\":\"https:\/\/masterchem.ee\/fi\/?s={search_term_string}\"},\"query-input\":{\"@type\":\"PropertyValueSpecification\",\"valueRequired\":true,\"valueName\":\"search_term_string\"}}],\"inLanguage\":\"fi\"},{\"@type\":\"Organization\",\"@id\":\"https:\/\/masterchem.ee\/fi\/#organization\",\"name\":\"Masterchem\",\"url\":\"https:\/\/masterchem.ee\/fi\/\",\"logo\":{\"@type\":\"ImageObject\",\"inLanguage\":\"fi\",\"@id\":\"https:\/\/masterchem.ee\/fi\/#\/schema\/logo\/image\/\",\"url\":\"https:\/\/masterchem.ee\/wp-content\/uploads\/2018\/02\/master-chem_final-1.png\",\"contentUrl\":\"https:\/\/masterchem.ee\/wp-content\/uploads\/2018\/02\/master-chem_final-1.png\",\"width\":850,\"height\":356,\"caption\":\"Masterchem\"},\"image\":{\"@id\":\"https:\/\/masterchem.ee\/fi\/#\/schema\/logo\/image\/\"}}]}<\/script>\n<!-- \/ Yoast SEO plugin. -->","yoast_head_json":{"title":"Fluorivetyhappo (CAS 7664-39-3) - Chemistry For Industry - Solvents &amp; Chemicals - Masterchem.ee","description":"Vetyfluoridi eli fluorivety (HF) on vedyn ja fluorin muodostama molekyyliyhdiste. Muista halideista poiketen vetyfluoridin kiehumispiste on hyvin l\u00e4hell\u00e4 huoneenl\u00e4mp\u00f6tilaa.","robots":{"index":"index","follow":"follow","max-snippet":"max-snippet:-1","max-image-preview":"max-image-preview:large","max-video-preview":"max-video-preview:-1"},"canonical":"https:\/\/masterchem.ee\/fi\/tooted-ja-teenused\/fluorivetyhappo-cas-7664-39-3\/","twitter_card":"summary_large_image","twitter_title":"Fluorivetyhappo (CAS 7664-39-3) - Chemistry For Industry - Solvents &amp; Chemicals - Masterchem.ee","twitter_description":"Vetyfluoridi eli fluorivety (HF) on vedyn ja fluorin muodostama molekyyliyhdiste. Muista halideista poiketen vetyfluoridin kiehumispiste on hyvin l\u00e4hell\u00e4 huoneenl\u00e4mp\u00f6tilaa.","twitter_image":"https:\/\/masterchem.ee\/wp-content\/uploads\/2021\/12\/Vesinikfluoriidhape-25kg-MasterChem.jpg","schema":{"@context":"https:\/\/schema.org","@graph":[{"@type":"WebPage","@id":"https:\/\/masterchem.ee\/fi\/tooted-ja-teenused\/fluorivetyhappo-cas-7664-39-3\/","url":"https:\/\/masterchem.ee\/fi\/tooted-ja-teenused\/fluorivetyhappo-cas-7664-39-3\/","name":"Fluorivetyhappo (CAS 7664-39-3) - Chemistry For Industry - Solvents &amp; Chemicals - Masterchem.ee","isPartOf":{"@id":"https:\/\/masterchem.ee\/fi\/#website"},"primaryImageOfPage":{"@id":"https:\/\/masterchem.ee\/fi\/tooted-ja-teenused\/fluorivetyhappo-cas-7664-39-3\/#primaryimage"},"image":{"@id":"https:\/\/masterchem.ee\/fi\/tooted-ja-teenused\/fluorivetyhappo-cas-7664-39-3\/#primaryimage"},"thumbnailUrl":"https:\/\/masterchem.ee\/wp-content\/uploads\/2021\/12\/Vesinikfluoriidhape-25kg-MasterChem.jpg","datePublished":"2021-12-27T11:54:39+00:00","dateModified":"2021-12-27T12:03:07+00:00","description":"Vetyfluoridi eli fluorivety (HF) on vedyn ja fluorin muodostama molekyyliyhdiste. Muista halideista poiketen vetyfluoridin kiehumispiste on hyvin l\u00e4hell\u00e4 huoneenl\u00e4mp\u00f6tilaa.","breadcrumb":{"@id":"https:\/\/masterchem.ee\/fi\/tooted-ja-teenused\/fluorivetyhappo-cas-7664-39-3\/#breadcrumb"},"inLanguage":"fi","potentialAction":[{"@type":"ReadAction","target":["https:\/\/masterchem.ee\/fi\/tooted-ja-teenused\/fluorivetyhappo-cas-7664-39-3\/"]}]},{"@type":"ImageObject","inLanguage":"fi","@id":"https:\/\/masterchem.ee\/fi\/tooted-ja-teenused\/fluorivetyhappo-cas-7664-39-3\/#primaryimage","url":"https:\/\/masterchem.ee\/wp-content\/uploads\/2021\/12\/Vesinikfluoriidhape-25kg-MasterChem.jpg","contentUrl":"https:\/\/masterchem.ee\/wp-content\/uploads\/2021\/12\/Vesinikfluoriidhape-25kg-MasterChem.jpg","width":1000,"height":1000,"caption":"Fluorivetyhappo (CAS 7664-39-3) 25kg MasterChem"},{"@type":"BreadcrumbList","@id":"https:\/\/masterchem.ee\/fi\/tooted-ja-teenused\/fluorivetyhappo-cas-7664-39-3\/#breadcrumb","itemListElement":[{"@type":"ListItem","position":1,"name":"Home","item":"https:\/\/masterchem.ee\/fi\/"},{"@type":"ListItem","position":2,"name":"Tooted ja teenused","item":"https:\/\/masterchem.ee\/tooted-ja-teenused\/"},{"@type":"ListItem","position":3,"name":"Fluorivetyhappo (CAS 7664-39-3)"}]},{"@type":"WebSite","@id":"https:\/\/masterchem.ee\/fi\/#website","url":"https:\/\/masterchem.ee\/fi\/","name":"Masterchem.ee","description":"Chemistry For Industry - Solvents &amp; Chemicals","publisher":{"@id":"https:\/\/masterchem.ee\/fi\/#organization"},"potentialAction":[{"@type":"SearchAction","target":{"@type":"EntryPoint","urlTemplate":"https:\/\/masterchem.ee\/fi\/?s={search_term_string}"},"query-input":{"@type":"PropertyValueSpecification","valueRequired":true,"valueName":"search_term_string"}}],"inLanguage":"fi"},{"@type":"Organization","@id":"https:\/\/masterchem.ee\/fi\/#organization","name":"Masterchem","url":"https:\/\/masterchem.ee\/fi\/","logo":{"@type":"ImageObject","inLanguage":"fi","@id":"https:\/\/masterchem.ee\/fi\/#\/schema\/logo\/image\/","url":"https:\/\/masterchem.ee\/wp-content\/uploads\/2018\/02\/master-chem_final-1.png","contentUrl":"https:\/\/masterchem.ee\/wp-content\/uploads\/2018\/02\/master-chem_final-1.png","width":850,"height":356,"caption":"Masterchem"},"image":{"@id":"https:\/\/masterchem.ee\/fi\/#\/schema\/logo\/image\/"}}]}},"_links":{"self":[{"href":"https:\/\/masterchem.ee\/fi\/wp-json\/wp\/v2\/product\/16136","targetHints":{"allow":["GET"]}}],"collection":[{"href":"https:\/\/masterchem.ee\/fi\/wp-json\/wp\/v2\/product"}],"about":[{"href":"https:\/\/masterchem.ee\/fi\/wp-json\/wp\/v2\/types\/product"}],"wp:featuredmedia":[{"embeddable":true,"href":"https:\/\/masterchem.ee\/fi\/wp-json\/wp\/v2\/media\/16142"}],"wp:attachment":[{"href":"https:\/\/masterchem.ee\/fi\/wp-json\/wp\/v2\/media?parent=16136"}],"wp:term":[{"taxonomy":"product_brand","embeddable":true,"href":"https:\/\/masterchem.ee\/fi\/wp-json\/wp\/v2\/product_brand?post=16136"},{"taxonomy":"product_cat","embeddable":true,"href":"https:\/\/masterchem.ee\/fi\/wp-json\/wp\/v2\/product_cat?post=16136"},{"taxonomy":"product_tag","embeddable":true,"href":"https:\/\/masterchem.ee\/fi\/wp-json\/wp\/v2\/product_tag?post=16136"}],"curies":[{"name":"wp","href":"https:\/\/api.w.org\/{rel}","templated":true}]}}