{"id":16104,"date":"2021-12-26T18:42:04","date_gmt":"2021-12-26T18:42:08","guid":{"rendered":"https:\/\/masterchem.ee\/?post_type=product&#038;p=16104"},"modified":"2021-12-26T18:48:43","modified_gmt":"2021-12-26T18:48:43","slug":"ceriumoksidi-cas-1306-38-3","status":"publish","type":"product","link":"https:\/\/masterchem.ee\/fi\/tooted-ja-teenused\/ceriumoksidi-cas-1306-38-3\/","title":{"rendered":"Ceriumoksidi (CAS 1306-38-3)"},"content":{"rendered":"<p> <strong> Info<\/strong> <\/p>\n<p>Teollisuus: lasi ja keramiikka<br \/>\nCAS-numero: 1306-38-3<br \/>\nWE-numero: 215-150-4<br \/>\nKemiallinen kaava: CeO2<br \/>\nMolekyylimassa: 172 115 g\/mol<br \/>\nTullitariffikoodi: 28461000<\/p>\n","protected":false},"excerpt":{"rendered":"<p><strong>Seriumoksidi (CAS 1306-38-3)<\/strong><\/p>\n<p>Serium(IV)oksidi, joka tunnetaan my\u00f6s nimell\u00e4 seriumoksidi, seriumoksidi, ceriumoksidi, seriumoksidi tai ceriumdioksidi, on harvinaisen maametallin ceriumin oksidi. Se on vaaleankeltaisenvalkoista jauhetta, jonka kemiallinen kaava on CeO2. Se on t\u00e4rke\u00e4 kaupallinen tuote ja v\u00e4lituote alkuaineen puhdistuksessa malmeista. T\u00e4m\u00e4n materiaalin erottuva ominaisuus on sen palautuva muuntaminen ei-stoikiometriseksi oksidiksi.<\/p>\n","protected":false},"featured_media":16110,"template":"","meta":[],"product_brand":[],"product_cat":[180,298],"product_tag":[],"class_list":{"0":"post-16104","1":"product","2":"type-product","3":"status-publish","4":"has-post-thumbnail","6":"product_cat-uncategorized-fi-2","7":"product_cat-lasi-ja-keramiikka","9":"first","10":"instock","11":"taxable","12":"shipping-taxable","13":"purchasable","14":"product-type-variable","15":"has-default-attributes"},"yoast_head":"<!-- This site is optimized with the Yoast SEO plugin v26.2 - https:\/\/yoast.com\/wordpress\/plugins\/seo\/ -->\n<title>Ceriumoksidi (CAS 1306-38-3) - Chemistry For Industry - Solvents &amp; Chemicals - Masterchem.ee<\/title>\n<meta name=\"description\" content=\"Serium(IV)oksidi, joka tunnetaan my\u00f6s nimell\u00e4 seriumoksidi, seriumoksidi, ceriumoksidi, seriumoksidi tai ceriumdioksidi, on harvinaisen maametallin ceriumin oksidi.\" \/>\n<meta name=\"robots\" content=\"index, follow, max-snippet:-1, max-image-preview:large, max-video-preview:-1\" \/>\n<link rel=\"canonical\" href=\"https:\/\/masterchem.ee\/fi\/tooted-ja-teenused\/ceriumoksidi-cas-1306-38-3\/\" \/>\n<meta name=\"twitter:card\" content=\"summary_large_image\" \/>\n<meta name=\"twitter:title\" content=\"Ceriumoksidi (CAS 1306-38-3) - Chemistry For Industry - Solvents &amp; Chemicals - Masterchem.ee\" \/>\n<meta name=\"twitter:description\" content=\"Serium(IV)oksidi, joka tunnetaan my\u00f6s nimell\u00e4 seriumoksidi, seriumoksidi, ceriumoksidi, seriumoksidi tai ceriumdioksidi, on harvinaisen maametallin ceriumin oksidi.\" \/>\n<meta name=\"twitter:image\" content=\"https:\/\/masterchem.ee\/wp-content\/uploads\/2021\/12\/Tseeriumoksiid-25kg-MasterChem.jpg\" \/>\n<script type=\"application\/ld+json\" class=\"yoast-schema-graph\">{\"@context\":\"https:\/\/schema.org\",\"@graph\":[{\"@type\":\"WebPage\",\"@id\":\"https:\/\/masterchem.ee\/fi\/tooted-ja-teenused\/ceriumoksidi-cas-1306-38-3\/\",\"url\":\"https:\/\/masterchem.ee\/fi\/tooted-ja-teenused\/ceriumoksidi-cas-1306-38-3\/\",\"name\":\"Ceriumoksidi (CAS 1306-38-3) - Chemistry For Industry - Solvents &amp; Chemicals - Masterchem.ee\",\"isPartOf\":{\"@id\":\"https:\/\/masterchem.ee\/fi\/#website\"},\"primaryImageOfPage\":{\"@id\":\"https:\/\/masterchem.ee\/fi\/tooted-ja-teenused\/ceriumoksidi-cas-1306-38-3\/#primaryimage\"},\"image\":{\"@id\":\"https:\/\/masterchem.ee\/fi\/tooted-ja-teenused\/ceriumoksidi-cas-1306-38-3\/#primaryimage\"},\"thumbnailUrl\":\"https:\/\/masterchem.ee\/wp-content\/uploads\/2021\/12\/Tseeriumoksiid-25kg-MasterChem.jpg\",\"datePublished\":\"2021-12-26T18:42:08+00:00\",\"dateModified\":\"2021-12-26T18:48:43+00:00\",\"description\":\"Serium(IV)oksidi, joka tunnetaan my\u00f6s nimell\u00e4 seriumoksidi, seriumoksidi, ceriumoksidi, seriumoksidi tai ceriumdioksidi, on harvinaisen maametallin ceriumin oksidi.\",\"breadcrumb\":{\"@id\":\"https:\/\/masterchem.ee\/fi\/tooted-ja-teenused\/ceriumoksidi-cas-1306-38-3\/#breadcrumb\"},\"inLanguage\":\"fi\",\"potentialAction\":[{\"@type\":\"ReadAction\",\"target\":[\"https:\/\/masterchem.ee\/fi\/tooted-ja-teenused\/ceriumoksidi-cas-1306-38-3\/\"]}]},{\"@type\":\"ImageObject\",\"inLanguage\":\"fi\",\"@id\":\"https:\/\/masterchem.ee\/fi\/tooted-ja-teenused\/ceriumoksidi-cas-1306-38-3\/#primaryimage\",\"url\":\"https:\/\/masterchem.ee\/wp-content\/uploads\/2021\/12\/Tseeriumoksiid-25kg-MasterChem.jpg\",\"contentUrl\":\"https:\/\/masterchem.ee\/wp-content\/uploads\/2021\/12\/Tseeriumoksiid-25kg-MasterChem.jpg\",\"width\":1000,\"height\":1000,\"caption\":\"Ceriumoksidi (CAS 1306-38-3) 25kg MasterChem\"},{\"@type\":\"BreadcrumbList\",\"@id\":\"https:\/\/masterchem.ee\/fi\/tooted-ja-teenused\/ceriumoksidi-cas-1306-38-3\/#breadcrumb\",\"itemListElement\":[{\"@type\":\"ListItem\",\"position\":1,\"name\":\"Home\",\"item\":\"https:\/\/masterchem.ee\/fi\/\"},{\"@type\":\"ListItem\",\"position\":2,\"name\":\"Tooted ja teenused\",\"item\":\"https:\/\/masterchem.ee\/tooted-ja-teenused\/\"},{\"@type\":\"ListItem\",\"position\":3,\"name\":\"Ceriumoksidi (CAS 1306-38-3)\"}]},{\"@type\":\"WebSite\",\"@id\":\"https:\/\/masterchem.ee\/fi\/#website\",\"url\":\"https:\/\/masterchem.ee\/fi\/\",\"name\":\"Masterchem.ee\",\"description\":\"Chemistry For Industry - Solvents &amp; Chemicals\",\"publisher\":{\"@id\":\"https:\/\/masterchem.ee\/fi\/#organization\"},\"potentialAction\":[{\"@type\":\"SearchAction\",\"target\":{\"@type\":\"EntryPoint\",\"urlTemplate\":\"https:\/\/masterchem.ee\/fi\/?s={search_term_string}\"},\"query-input\":{\"@type\":\"PropertyValueSpecification\",\"valueRequired\":true,\"valueName\":\"search_term_string\"}}],\"inLanguage\":\"fi\"},{\"@type\":\"Organization\",\"@id\":\"https:\/\/masterchem.ee\/fi\/#organization\",\"name\":\"Masterchem\",\"url\":\"https:\/\/masterchem.ee\/fi\/\",\"logo\":{\"@type\":\"ImageObject\",\"inLanguage\":\"fi\",\"@id\":\"https:\/\/masterchem.ee\/fi\/#\/schema\/logo\/image\/\",\"url\":\"https:\/\/masterchem.ee\/wp-content\/uploads\/2018\/02\/master-chem_final-1.png\",\"contentUrl\":\"https:\/\/masterchem.ee\/wp-content\/uploads\/2018\/02\/master-chem_final-1.png\",\"width\":850,\"height\":356,\"caption\":\"Masterchem\"},\"image\":{\"@id\":\"https:\/\/masterchem.ee\/fi\/#\/schema\/logo\/image\/\"}}]}<\/script>\n<!-- \/ Yoast SEO plugin. -->","yoast_head_json":{"title":"Ceriumoksidi (CAS 1306-38-3) - Chemistry For Industry - Solvents &amp; Chemicals - Masterchem.ee","description":"Serium(IV)oksidi, joka tunnetaan my\u00f6s nimell\u00e4 seriumoksidi, seriumoksidi, ceriumoksidi, seriumoksidi tai ceriumdioksidi, on harvinaisen maametallin ceriumin oksidi.","robots":{"index":"index","follow":"follow","max-snippet":"max-snippet:-1","max-image-preview":"max-image-preview:large","max-video-preview":"max-video-preview:-1"},"canonical":"https:\/\/masterchem.ee\/fi\/tooted-ja-teenused\/ceriumoksidi-cas-1306-38-3\/","twitter_card":"summary_large_image","twitter_title":"Ceriumoksidi (CAS 1306-38-3) - Chemistry For Industry - Solvents &amp; Chemicals - Masterchem.ee","twitter_description":"Serium(IV)oksidi, joka tunnetaan my\u00f6s nimell\u00e4 seriumoksidi, seriumoksidi, ceriumoksidi, seriumoksidi tai ceriumdioksidi, on harvinaisen maametallin ceriumin oksidi.","twitter_image":"https:\/\/masterchem.ee\/wp-content\/uploads\/2021\/12\/Tseeriumoksiid-25kg-MasterChem.jpg","schema":{"@context":"https:\/\/schema.org","@graph":[{"@type":"WebPage","@id":"https:\/\/masterchem.ee\/fi\/tooted-ja-teenused\/ceriumoksidi-cas-1306-38-3\/","url":"https:\/\/masterchem.ee\/fi\/tooted-ja-teenused\/ceriumoksidi-cas-1306-38-3\/","name":"Ceriumoksidi (CAS 1306-38-3) - Chemistry For Industry - Solvents &amp; Chemicals - Masterchem.ee","isPartOf":{"@id":"https:\/\/masterchem.ee\/fi\/#website"},"primaryImageOfPage":{"@id":"https:\/\/masterchem.ee\/fi\/tooted-ja-teenused\/ceriumoksidi-cas-1306-38-3\/#primaryimage"},"image":{"@id":"https:\/\/masterchem.ee\/fi\/tooted-ja-teenused\/ceriumoksidi-cas-1306-38-3\/#primaryimage"},"thumbnailUrl":"https:\/\/masterchem.ee\/wp-content\/uploads\/2021\/12\/Tseeriumoksiid-25kg-MasterChem.jpg","datePublished":"2021-12-26T18:42:08+00:00","dateModified":"2021-12-26T18:48:43+00:00","description":"Serium(IV)oksidi, joka tunnetaan my\u00f6s nimell\u00e4 seriumoksidi, seriumoksidi, ceriumoksidi, seriumoksidi tai ceriumdioksidi, on harvinaisen maametallin ceriumin oksidi.","breadcrumb":{"@id":"https:\/\/masterchem.ee\/fi\/tooted-ja-teenused\/ceriumoksidi-cas-1306-38-3\/#breadcrumb"},"inLanguage":"fi","potentialAction":[{"@type":"ReadAction","target":["https:\/\/masterchem.ee\/fi\/tooted-ja-teenused\/ceriumoksidi-cas-1306-38-3\/"]}]},{"@type":"ImageObject","inLanguage":"fi","@id":"https:\/\/masterchem.ee\/fi\/tooted-ja-teenused\/ceriumoksidi-cas-1306-38-3\/#primaryimage","url":"https:\/\/masterchem.ee\/wp-content\/uploads\/2021\/12\/Tseeriumoksiid-25kg-MasterChem.jpg","contentUrl":"https:\/\/masterchem.ee\/wp-content\/uploads\/2021\/12\/Tseeriumoksiid-25kg-MasterChem.jpg","width":1000,"height":1000,"caption":"Ceriumoksidi (CAS 1306-38-3) 25kg MasterChem"},{"@type":"BreadcrumbList","@id":"https:\/\/masterchem.ee\/fi\/tooted-ja-teenused\/ceriumoksidi-cas-1306-38-3\/#breadcrumb","itemListElement":[{"@type":"ListItem","position":1,"name":"Home","item":"https:\/\/masterchem.ee\/fi\/"},{"@type":"ListItem","position":2,"name":"Tooted ja teenused","item":"https:\/\/masterchem.ee\/tooted-ja-teenused\/"},{"@type":"ListItem","position":3,"name":"Ceriumoksidi (CAS 1306-38-3)"}]},{"@type":"WebSite","@id":"https:\/\/masterchem.ee\/fi\/#website","url":"https:\/\/masterchem.ee\/fi\/","name":"Masterchem.ee","description":"Chemistry For Industry - Solvents &amp; Chemicals","publisher":{"@id":"https:\/\/masterchem.ee\/fi\/#organization"},"potentialAction":[{"@type":"SearchAction","target":{"@type":"EntryPoint","urlTemplate":"https:\/\/masterchem.ee\/fi\/?s={search_term_string}"},"query-input":{"@type":"PropertyValueSpecification","valueRequired":true,"valueName":"search_term_string"}}],"inLanguage":"fi"},{"@type":"Organization","@id":"https:\/\/masterchem.ee\/fi\/#organization","name":"Masterchem","url":"https:\/\/masterchem.ee\/fi\/","logo":{"@type":"ImageObject","inLanguage":"fi","@id":"https:\/\/masterchem.ee\/fi\/#\/schema\/logo\/image\/","url":"https:\/\/masterchem.ee\/wp-content\/uploads\/2018\/02\/master-chem_final-1.png","contentUrl":"https:\/\/masterchem.ee\/wp-content\/uploads\/2018\/02\/master-chem_final-1.png","width":850,"height":356,"caption":"Masterchem"},"image":{"@id":"https:\/\/masterchem.ee\/fi\/#\/schema\/logo\/image\/"}}]}},"_links":{"self":[{"href":"https:\/\/masterchem.ee\/fi\/wp-json\/wp\/v2\/product\/16104","targetHints":{"allow":["GET"]}}],"collection":[{"href":"https:\/\/masterchem.ee\/fi\/wp-json\/wp\/v2\/product"}],"about":[{"href":"https:\/\/masterchem.ee\/fi\/wp-json\/wp\/v2\/types\/product"}],"wp:featuredmedia":[{"embeddable":true,"href":"https:\/\/masterchem.ee\/fi\/wp-json\/wp\/v2\/media\/16110"}],"wp:attachment":[{"href":"https:\/\/masterchem.ee\/fi\/wp-json\/wp\/v2\/media?parent=16104"}],"wp:term":[{"taxonomy":"product_brand","embeddable":true,"href":"https:\/\/masterchem.ee\/fi\/wp-json\/wp\/v2\/product_brand?post=16104"},{"taxonomy":"product_cat","embeddable":true,"href":"https:\/\/masterchem.ee\/fi\/wp-json\/wp\/v2\/product_cat?post=16104"},{"taxonomy":"product_tag","embeddable":true,"href":"https:\/\/masterchem.ee\/fi\/wp-json\/wp\/v2\/product_tag?post=16104"}],"curies":[{"name":"wp","href":"https:\/\/api.w.org\/{rel}","templated":true}]}}