{"id":16089,"date":"2021-12-26T18:28:45","date_gmt":"2021-12-26T18:28:49","guid":{"rendered":"https:\/\/masterchem.ee\/?post_type=product&#038;p=16089"},"modified":"2021-12-26T18:36:16","modified_gmt":"2021-12-26T18:36:16","slug":"sinkkioksidi-cas-1314-13-2","status":"publish","type":"product","link":"https:\/\/masterchem.ee\/fi\/tooted-ja-teenused\/sinkkioksidi-cas-1314-13-2\/","title":{"rendered":"Sinkkioksidi (CAS 1314-13-2)"},"content":{"rendered":"<p> <strong> Info<\/strong> <\/p>\n<p>Teollisuus: lasi ja keramiikka<br \/>\nCAS-numero: 1314-13-2<br \/>\nWE-numero: 215-222-5<br \/>\nKemiallinen kaava: ZnO<br \/>\nMolekyylimassa: 81,37 g\/mol<br \/>\nTullitariffikoodi: 28170000<br \/>\nADR: UN3077<\/p>\n<p><strong>Muut fyysiset ominaisuudet<\/strong><br \/>\npH: 7,4<br \/>\nSulamis-\/j\u00e4\u00e4tymispiste: 1970 \u2013 1975\u00b0C<br \/>\nSuhteellinen tiheys: 5,61 g\/cm3<br \/>\nLiukoisuus veteen: 0,0029 g\/l (20\u00b0C )<\/p>\n","protected":false},"excerpt":{"rendered":"<p><strong>Sinkkioksidi (CAS 1314-13-2)<\/strong><\/p>\n<p>Sinkkioksidi on ep\u00e4orgaaninen yhdiste, jonka kaava on ZnO. ZnO on valkoinen jauhe, joka ei liukene veteen. Sit\u00e4 k\u00e4ytet\u00e4\u00e4n lis\u00e4aineena lukuisissa materiaaleissa ja tuotteissa, mukaan lukien kosmetiikka, ravintolis\u00e4t, kumit, muovit, keramiikka, lasi, sementti, voiteluaineet, maalit, voiteet, liimat, tiivisteet, pigmentit, elintarvikkeet, akut, ferriitit, palonestoaineet ja ensiksi. &#8211; apunauhat. Vaikka sinkkioksidia esiintyy luonnossa mineraalina, suurin osa sinkkioksidista tuotetaan synteettisesti.<\/p>\n<p>ZnO on II-VI-puolijohderyhm\u00e4n laajakaistainen puolijohde. Puolijohteen natiivi doping happivaansseista tai sinkkiv\u00e4liaineista johtuen on n-tyyppist\u00e4. Muita edullisia ominaisuuksia ovat hyv\u00e4 l\u00e4pin\u00e4kyvyys, suuri elektronien liikkuvuus, leve\u00e4 kaistav\u00e4li ja voimakas huoneenl\u00e4mp\u00f6tilainen luminesenssi. N\u00e4m\u00e4 ominaisuudet tekev\u00e4t ZnO:sta arvokasta moniin uusiin sovelluksiin: l\u00e4pin\u00e4kyviin elektrodiin nestekiden\u00e4ytt\u00f6iss\u00e4, energiaa s\u00e4\u00e4st\u00e4viin tai l\u00e4mp\u00f6\u00e4 suojaaviin ikkunoihin ja elektroniikkaan ohutkalvotransistoreina ja valodiodeina.<\/p>\n","protected":false},"featured_media":16095,"template":"","meta":[],"product_brand":[],"product_cat":[180,298],"product_tag":[],"class_list":{"0":"post-16089","1":"product","2":"type-product","3":"status-publish","4":"has-post-thumbnail","6":"product_cat-uncategorized-fi-2","7":"product_cat-lasi-ja-keramiikka","9":"first","10":"instock","11":"taxable","12":"shipping-taxable","13":"purchasable","14":"product-type-variable","15":"has-default-attributes"},"yoast_head":"<!-- This site is optimized with the Yoast SEO plugin v26.2 - https:\/\/yoast.com\/wordpress\/plugins\/seo\/ -->\n<title>Sinkkioksidi (CAS 1314-13-2) - Chemistry For Industry - Solvents &amp; Chemicals - Masterchem.ee<\/title>\n<meta name=\"description\" content=\"Sinkkioksidi on ep\u00e4orgaaninen yhdiste, jonka kaava on ZnO. ZnO on valkoinen jauhe, joka ei liukene veteen.\" \/>\n<meta name=\"robots\" content=\"index, follow, max-snippet:-1, max-image-preview:large, max-video-preview:-1\" \/>\n<link rel=\"canonical\" href=\"https:\/\/masterchem.ee\/fi\/tooted-ja-teenused\/sinkkioksidi-cas-1314-13-2\/\" \/>\n<meta name=\"twitter:card\" content=\"summary_large_image\" \/>\n<meta name=\"twitter:title\" content=\"Sinkkioksidi (CAS 1314-13-2) - Chemistry For Industry - Solvents &amp; Chemicals - Masterchem.ee\" \/>\n<meta name=\"twitter:description\" content=\"Sinkkioksidi on ep\u00e4orgaaninen yhdiste, jonka kaava on ZnO. ZnO on valkoinen jauhe, joka ei liukene veteen.\" \/>\n<meta name=\"twitter:image\" content=\"https:\/\/masterchem.ee\/wp-content\/uploads\/2021\/12\/Tsinkoksiid-25kg-MasterChem.jpg\" \/>\n<script type=\"application\/ld+json\" class=\"yoast-schema-graph\">{\"@context\":\"https:\/\/schema.org\",\"@graph\":[{\"@type\":\"WebPage\",\"@id\":\"https:\/\/masterchem.ee\/fi\/tooted-ja-teenused\/sinkkioksidi-cas-1314-13-2\/\",\"url\":\"https:\/\/masterchem.ee\/fi\/tooted-ja-teenused\/sinkkioksidi-cas-1314-13-2\/\",\"name\":\"Sinkkioksidi (CAS 1314-13-2) - Chemistry For Industry - Solvents &amp; Chemicals - Masterchem.ee\",\"isPartOf\":{\"@id\":\"https:\/\/masterchem.ee\/fi\/#website\"},\"primaryImageOfPage\":{\"@id\":\"https:\/\/masterchem.ee\/fi\/tooted-ja-teenused\/sinkkioksidi-cas-1314-13-2\/#primaryimage\"},\"image\":{\"@id\":\"https:\/\/masterchem.ee\/fi\/tooted-ja-teenused\/sinkkioksidi-cas-1314-13-2\/#primaryimage\"},\"thumbnailUrl\":\"https:\/\/masterchem.ee\/wp-content\/uploads\/2021\/12\/Tsinkoksiid-25kg-MasterChem.jpg\",\"datePublished\":\"2021-12-26T18:28:49+00:00\",\"dateModified\":\"2021-12-26T18:36:16+00:00\",\"description\":\"Sinkkioksidi on ep\u00e4orgaaninen yhdiste, jonka kaava on ZnO. ZnO on valkoinen jauhe, joka ei liukene veteen.\",\"breadcrumb\":{\"@id\":\"https:\/\/masterchem.ee\/fi\/tooted-ja-teenused\/sinkkioksidi-cas-1314-13-2\/#breadcrumb\"},\"inLanguage\":\"fi\",\"potentialAction\":[{\"@type\":\"ReadAction\",\"target\":[\"https:\/\/masterchem.ee\/fi\/tooted-ja-teenused\/sinkkioksidi-cas-1314-13-2\/\"]}]},{\"@type\":\"ImageObject\",\"inLanguage\":\"fi\",\"@id\":\"https:\/\/masterchem.ee\/fi\/tooted-ja-teenused\/sinkkioksidi-cas-1314-13-2\/#primaryimage\",\"url\":\"https:\/\/masterchem.ee\/wp-content\/uploads\/2021\/12\/Tsinkoksiid-25kg-MasterChem.jpg\",\"contentUrl\":\"https:\/\/masterchem.ee\/wp-content\/uploads\/2021\/12\/Tsinkoksiid-25kg-MasterChem.jpg\",\"width\":1000,\"height\":1000,\"caption\":\"Sinkkioksidi (CAS 1314-13-2) 25kg MasterChem\"},{\"@type\":\"BreadcrumbList\",\"@id\":\"https:\/\/masterchem.ee\/fi\/tooted-ja-teenused\/sinkkioksidi-cas-1314-13-2\/#breadcrumb\",\"itemListElement\":[{\"@type\":\"ListItem\",\"position\":1,\"name\":\"Home\",\"item\":\"https:\/\/masterchem.ee\/fi\/\"},{\"@type\":\"ListItem\",\"position\":2,\"name\":\"Tooted ja teenused\",\"item\":\"https:\/\/masterchem.ee\/tooted-ja-teenused\/\"},{\"@type\":\"ListItem\",\"position\":3,\"name\":\"Sinkkioksidi (CAS 1314-13-2)\"}]},{\"@type\":\"WebSite\",\"@id\":\"https:\/\/masterchem.ee\/fi\/#website\",\"url\":\"https:\/\/masterchem.ee\/fi\/\",\"name\":\"Masterchem.ee\",\"description\":\"Chemistry For Industry - Solvents &amp; Chemicals\",\"publisher\":{\"@id\":\"https:\/\/masterchem.ee\/fi\/#organization\"},\"potentialAction\":[{\"@type\":\"SearchAction\",\"target\":{\"@type\":\"EntryPoint\",\"urlTemplate\":\"https:\/\/masterchem.ee\/fi\/?s={search_term_string}\"},\"query-input\":{\"@type\":\"PropertyValueSpecification\",\"valueRequired\":true,\"valueName\":\"search_term_string\"}}],\"inLanguage\":\"fi\"},{\"@type\":\"Organization\",\"@id\":\"https:\/\/masterchem.ee\/fi\/#organization\",\"name\":\"Masterchem\",\"url\":\"https:\/\/masterchem.ee\/fi\/\",\"logo\":{\"@type\":\"ImageObject\",\"inLanguage\":\"fi\",\"@id\":\"https:\/\/masterchem.ee\/fi\/#\/schema\/logo\/image\/\",\"url\":\"https:\/\/masterchem.ee\/wp-content\/uploads\/2018\/02\/master-chem_final-1.png\",\"contentUrl\":\"https:\/\/masterchem.ee\/wp-content\/uploads\/2018\/02\/master-chem_final-1.png\",\"width\":850,\"height\":356,\"caption\":\"Masterchem\"},\"image\":{\"@id\":\"https:\/\/masterchem.ee\/fi\/#\/schema\/logo\/image\/\"}}]}<\/script>\n<!-- \/ Yoast SEO plugin. -->","yoast_head_json":{"title":"Sinkkioksidi (CAS 1314-13-2) - Chemistry For Industry - Solvents &amp; Chemicals - Masterchem.ee","description":"Sinkkioksidi on ep\u00e4orgaaninen yhdiste, jonka kaava on ZnO. ZnO on valkoinen jauhe, joka ei liukene veteen.","robots":{"index":"index","follow":"follow","max-snippet":"max-snippet:-1","max-image-preview":"max-image-preview:large","max-video-preview":"max-video-preview:-1"},"canonical":"https:\/\/masterchem.ee\/fi\/tooted-ja-teenused\/sinkkioksidi-cas-1314-13-2\/","twitter_card":"summary_large_image","twitter_title":"Sinkkioksidi (CAS 1314-13-2) - Chemistry For Industry - Solvents &amp; Chemicals - Masterchem.ee","twitter_description":"Sinkkioksidi on ep\u00e4orgaaninen yhdiste, jonka kaava on ZnO. ZnO on valkoinen jauhe, joka ei liukene veteen.","twitter_image":"https:\/\/masterchem.ee\/wp-content\/uploads\/2021\/12\/Tsinkoksiid-25kg-MasterChem.jpg","schema":{"@context":"https:\/\/schema.org","@graph":[{"@type":"WebPage","@id":"https:\/\/masterchem.ee\/fi\/tooted-ja-teenused\/sinkkioksidi-cas-1314-13-2\/","url":"https:\/\/masterchem.ee\/fi\/tooted-ja-teenused\/sinkkioksidi-cas-1314-13-2\/","name":"Sinkkioksidi (CAS 1314-13-2) - Chemistry For Industry - Solvents &amp; Chemicals - Masterchem.ee","isPartOf":{"@id":"https:\/\/masterchem.ee\/fi\/#website"},"primaryImageOfPage":{"@id":"https:\/\/masterchem.ee\/fi\/tooted-ja-teenused\/sinkkioksidi-cas-1314-13-2\/#primaryimage"},"image":{"@id":"https:\/\/masterchem.ee\/fi\/tooted-ja-teenused\/sinkkioksidi-cas-1314-13-2\/#primaryimage"},"thumbnailUrl":"https:\/\/masterchem.ee\/wp-content\/uploads\/2021\/12\/Tsinkoksiid-25kg-MasterChem.jpg","datePublished":"2021-12-26T18:28:49+00:00","dateModified":"2021-12-26T18:36:16+00:00","description":"Sinkkioksidi on ep\u00e4orgaaninen yhdiste, jonka kaava on ZnO. ZnO on valkoinen jauhe, joka ei liukene veteen.","breadcrumb":{"@id":"https:\/\/masterchem.ee\/fi\/tooted-ja-teenused\/sinkkioksidi-cas-1314-13-2\/#breadcrumb"},"inLanguage":"fi","potentialAction":[{"@type":"ReadAction","target":["https:\/\/masterchem.ee\/fi\/tooted-ja-teenused\/sinkkioksidi-cas-1314-13-2\/"]}]},{"@type":"ImageObject","inLanguage":"fi","@id":"https:\/\/masterchem.ee\/fi\/tooted-ja-teenused\/sinkkioksidi-cas-1314-13-2\/#primaryimage","url":"https:\/\/masterchem.ee\/wp-content\/uploads\/2021\/12\/Tsinkoksiid-25kg-MasterChem.jpg","contentUrl":"https:\/\/masterchem.ee\/wp-content\/uploads\/2021\/12\/Tsinkoksiid-25kg-MasterChem.jpg","width":1000,"height":1000,"caption":"Sinkkioksidi (CAS 1314-13-2) 25kg MasterChem"},{"@type":"BreadcrumbList","@id":"https:\/\/masterchem.ee\/fi\/tooted-ja-teenused\/sinkkioksidi-cas-1314-13-2\/#breadcrumb","itemListElement":[{"@type":"ListItem","position":1,"name":"Home","item":"https:\/\/masterchem.ee\/fi\/"},{"@type":"ListItem","position":2,"name":"Tooted ja teenused","item":"https:\/\/masterchem.ee\/tooted-ja-teenused\/"},{"@type":"ListItem","position":3,"name":"Sinkkioksidi (CAS 1314-13-2)"}]},{"@type":"WebSite","@id":"https:\/\/masterchem.ee\/fi\/#website","url":"https:\/\/masterchem.ee\/fi\/","name":"Masterchem.ee","description":"Chemistry For Industry - Solvents &amp; Chemicals","publisher":{"@id":"https:\/\/masterchem.ee\/fi\/#organization"},"potentialAction":[{"@type":"SearchAction","target":{"@type":"EntryPoint","urlTemplate":"https:\/\/masterchem.ee\/fi\/?s={search_term_string}"},"query-input":{"@type":"PropertyValueSpecification","valueRequired":true,"valueName":"search_term_string"}}],"inLanguage":"fi"},{"@type":"Organization","@id":"https:\/\/masterchem.ee\/fi\/#organization","name":"Masterchem","url":"https:\/\/masterchem.ee\/fi\/","logo":{"@type":"ImageObject","inLanguage":"fi","@id":"https:\/\/masterchem.ee\/fi\/#\/schema\/logo\/image\/","url":"https:\/\/masterchem.ee\/wp-content\/uploads\/2018\/02\/master-chem_final-1.png","contentUrl":"https:\/\/masterchem.ee\/wp-content\/uploads\/2018\/02\/master-chem_final-1.png","width":850,"height":356,"caption":"Masterchem"},"image":{"@id":"https:\/\/masterchem.ee\/fi\/#\/schema\/logo\/image\/"}}]}},"_links":{"self":[{"href":"https:\/\/masterchem.ee\/fi\/wp-json\/wp\/v2\/product\/16089","targetHints":{"allow":["GET"]}}],"collection":[{"href":"https:\/\/masterchem.ee\/fi\/wp-json\/wp\/v2\/product"}],"about":[{"href":"https:\/\/masterchem.ee\/fi\/wp-json\/wp\/v2\/types\/product"}],"wp:featuredmedia":[{"embeddable":true,"href":"https:\/\/masterchem.ee\/fi\/wp-json\/wp\/v2\/media\/16095"}],"wp:attachment":[{"href":"https:\/\/masterchem.ee\/fi\/wp-json\/wp\/v2\/media?parent=16089"}],"wp:term":[{"taxonomy":"product_brand","embeddable":true,"href":"https:\/\/masterchem.ee\/fi\/wp-json\/wp\/v2\/product_brand?post=16089"},{"taxonomy":"product_cat","embeddable":true,"href":"https:\/\/masterchem.ee\/fi\/wp-json\/wp\/v2\/product_cat?post=16089"},{"taxonomy":"product_tag","embeddable":true,"href":"https:\/\/masterchem.ee\/fi\/wp-json\/wp\/v2\/product_tag?post=16089"}],"curies":[{"name":"wp","href":"https:\/\/api.w.org\/{rel}","templated":true}]}}