{"id":16059,"date":"2021-12-26T17:51:32","date_gmt":"2021-12-26T17:51:35","guid":{"rendered":"https:\/\/masterchem.ee\/?post_type=product&#038;p=16059"},"modified":"2021-12-26T17:59:52","modified_gmt":"2021-12-26T17:59:52","slug":"kobolttioksidi-cas-1307-96-6","status":"publish","type":"product","link":"https:\/\/masterchem.ee\/fi\/tooted-ja-teenused\/kobolttioksidi-cas-1307-96-6\/","title":{"rendered":"Kobolttioksidi (CAS 1307-96-6)"},"content":{"rendered":"<p> <strong> Info<\/strong> <\/p>\n<p>Teollisuus: lasi ja keramiikka<br \/>\nCAS-numero: 1307-96-6<br \/>\nKemiallinen kaava: CoO<br \/>\nTullitariffikoodi: 28220000<\/p>\n","protected":false},"excerpt":{"rendered":"<p><strong>Kobolttioksidi (CAS 1307-96-6)<\/strong><\/p>\n<p>Er2O3:n sovellukset vaihtelevat niiden s\u00e4hk\u00f6isten, optisten ja fotoluminesenssiominaisuuksien vuoksi. Er3+:lla seostetut nanomittakaavan materiaalit ovat eritt\u00e4in kiinnostavia, koska niill\u00e4 on erityisi\u00e4 hiukkaskoosta riippuvia optisia ja s\u00e4hk\u00f6isi\u00e4 ominaisuuksia. Erbiumoksidilla seostettuja nanohiukkasmateriaaleja voidaan dispergoida lasiin tai muoviin n\u00e4ytt\u00f6tarkoituksiin, kuten n\u00e4ytt\u00f6monitoreihin. Er3+ elektronisten siirtymien spektroskopia nanohiukkasten is\u00e4nt\u00e4kidehiloissa yhdistettyn\u00e4 ultra\u00e4\u00e4nell\u00e4 muodostettuihin geometrioihin hiilinanoputkien vesiliuoksessa on eritt\u00e4in kiinnostava fotoluminesenssinanohiukkasten synteesin kannalta &#8221;vihre\u00e4ss\u00e4&#8221; kemiassa. Erbiumoksidi on yksi t\u00e4rkeimmist\u00e4 biol\u00e4\u00e4ketieteess\u00e4 k\u00e4ytetyist\u00e4 harvinaisista maametalleista. Hiilinanoputkien pinnalla olevien erbiumoksidinanohiukkasten fotoluminesenssiominaisuus tekee niist\u00e4 hy\u00f6dyllisi\u00e4 biol\u00e4\u00e4ketieteellisiss\u00e4 sovelluksissa. Esimerkiksi erbiumoksidinanohiukkasten pintaa voidaan modifioida jakamista varten vesipitoisiin ja ei-vesipitoisiin v\u00e4liaineisiin biokuvausta varten. Erbiumoksideja k\u00e4ytet\u00e4\u00e4n my\u00f6s puolijohdelaitteiden hilaeristein\u00e4, koska sill\u00e4 on korkea dielektrisyysvakio (10\u201314) ja suuri kaistav\u00e4li. Erbiumia k\u00e4ytet\u00e4\u00e4n joskus lasien v\u00e4riaineena ja erbiumoksidia voidaan k\u00e4ytt\u00e4\u00e4 my\u00f6s palavana neutronimyrkkyn\u00e4 ydinpolttoaineessa.<\/p>\n","protected":false},"featured_media":16065,"template":"","meta":[],"product_brand":[],"product_cat":[180,298],"product_tag":[],"class_list":{"0":"post-16059","1":"product","2":"type-product","3":"status-publish","4":"has-post-thumbnail","6":"product_cat-uncategorized-fi-2","7":"product_cat-lasi-ja-keramiikka","9":"first","10":"instock","11":"taxable","12":"shipping-taxable","13":"purchasable","14":"product-type-variable","15":"has-default-attributes"},"yoast_head":"<!-- This site is optimized with the Yoast SEO plugin v26.2 - https:\/\/yoast.com\/wordpress\/plugins\/seo\/ -->\n<title>Kobolttioksidi (CAS 1307-96-6) - Chemistry For Industry - Solvents &amp; Chemicals - Masterchem.ee<\/title>\n<meta name=\"description\" content=\"Er2O3:n sovellukset vaihtelevat niiden s\u00e4hk\u00f6isten, optisten ja fotoluminesenssiominaisuuksien vuoksi.\" \/>\n<meta name=\"robots\" content=\"index, follow, max-snippet:-1, max-image-preview:large, max-video-preview:-1\" \/>\n<link rel=\"canonical\" href=\"https:\/\/masterchem.ee\/fi\/tooted-ja-teenused\/kobolttioksidi-cas-1307-96-6\/\" \/>\n<meta name=\"twitter:card\" content=\"summary_large_image\" \/>\n<meta name=\"twitter:title\" content=\"Kobolttioksidi (CAS 1307-96-6) - Chemistry For Industry - Solvents &amp; Chemicals - Masterchem.ee\" \/>\n<meta name=\"twitter:description\" content=\"Er2O3:n sovellukset vaihtelevat niiden s\u00e4hk\u00f6isten, optisten ja fotoluminesenssiominaisuuksien vuoksi.\" \/>\n<meta name=\"twitter:image\" content=\"https:\/\/masterchem.ee\/wp-content\/uploads\/2021\/12\/Koobaltoksiid-25kg-MasterChem.jpg\" \/>\n<script type=\"application\/ld+json\" class=\"yoast-schema-graph\">{\"@context\":\"https:\/\/schema.org\",\"@graph\":[{\"@type\":\"WebPage\",\"@id\":\"https:\/\/masterchem.ee\/fi\/tooted-ja-teenused\/kobolttioksidi-cas-1307-96-6\/\",\"url\":\"https:\/\/masterchem.ee\/fi\/tooted-ja-teenused\/kobolttioksidi-cas-1307-96-6\/\",\"name\":\"Kobolttioksidi (CAS 1307-96-6) - Chemistry For Industry - Solvents &amp; Chemicals - Masterchem.ee\",\"isPartOf\":{\"@id\":\"https:\/\/masterchem.ee\/fi\/#website\"},\"primaryImageOfPage\":{\"@id\":\"https:\/\/masterchem.ee\/fi\/tooted-ja-teenused\/kobolttioksidi-cas-1307-96-6\/#primaryimage\"},\"image\":{\"@id\":\"https:\/\/masterchem.ee\/fi\/tooted-ja-teenused\/kobolttioksidi-cas-1307-96-6\/#primaryimage\"},\"thumbnailUrl\":\"https:\/\/masterchem.ee\/wp-content\/uploads\/2021\/12\/Koobaltoksiid-25kg-MasterChem.jpg\",\"datePublished\":\"2021-12-26T17:51:35+00:00\",\"dateModified\":\"2021-12-26T17:59:52+00:00\",\"description\":\"Er2O3:n sovellukset vaihtelevat niiden s\u00e4hk\u00f6isten, optisten ja fotoluminesenssiominaisuuksien vuoksi.\",\"breadcrumb\":{\"@id\":\"https:\/\/masterchem.ee\/fi\/tooted-ja-teenused\/kobolttioksidi-cas-1307-96-6\/#breadcrumb\"},\"inLanguage\":\"fi\",\"potentialAction\":[{\"@type\":\"ReadAction\",\"target\":[\"https:\/\/masterchem.ee\/fi\/tooted-ja-teenused\/kobolttioksidi-cas-1307-96-6\/\"]}]},{\"@type\":\"ImageObject\",\"inLanguage\":\"fi\",\"@id\":\"https:\/\/masterchem.ee\/fi\/tooted-ja-teenused\/kobolttioksidi-cas-1307-96-6\/#primaryimage\",\"url\":\"https:\/\/masterchem.ee\/wp-content\/uploads\/2021\/12\/Koobaltoksiid-25kg-MasterChem.jpg\",\"contentUrl\":\"https:\/\/masterchem.ee\/wp-content\/uploads\/2021\/12\/Koobaltoksiid-25kg-MasterChem.jpg\",\"width\":1000,\"height\":1000,\"caption\":\"Kobolttioksidi (CAS 1307-96-6) 25kg MasterChem\"},{\"@type\":\"BreadcrumbList\",\"@id\":\"https:\/\/masterchem.ee\/fi\/tooted-ja-teenused\/kobolttioksidi-cas-1307-96-6\/#breadcrumb\",\"itemListElement\":[{\"@type\":\"ListItem\",\"position\":1,\"name\":\"Home\",\"item\":\"https:\/\/masterchem.ee\/fi\/\"},{\"@type\":\"ListItem\",\"position\":2,\"name\":\"Tooted ja teenused\",\"item\":\"https:\/\/masterchem.ee\/tooted-ja-teenused\/\"},{\"@type\":\"ListItem\",\"position\":3,\"name\":\"Kobolttioksidi (CAS 1307-96-6)\"}]},{\"@type\":\"WebSite\",\"@id\":\"https:\/\/masterchem.ee\/fi\/#website\",\"url\":\"https:\/\/masterchem.ee\/fi\/\",\"name\":\"Masterchem.ee\",\"description\":\"Chemistry For Industry - Solvents &amp; Chemicals\",\"publisher\":{\"@id\":\"https:\/\/masterchem.ee\/fi\/#organization\"},\"potentialAction\":[{\"@type\":\"SearchAction\",\"target\":{\"@type\":\"EntryPoint\",\"urlTemplate\":\"https:\/\/masterchem.ee\/fi\/?s={search_term_string}\"},\"query-input\":{\"@type\":\"PropertyValueSpecification\",\"valueRequired\":true,\"valueName\":\"search_term_string\"}}],\"inLanguage\":\"fi\"},{\"@type\":\"Organization\",\"@id\":\"https:\/\/masterchem.ee\/fi\/#organization\",\"name\":\"Masterchem\",\"url\":\"https:\/\/masterchem.ee\/fi\/\",\"logo\":{\"@type\":\"ImageObject\",\"inLanguage\":\"fi\",\"@id\":\"https:\/\/masterchem.ee\/fi\/#\/schema\/logo\/image\/\",\"url\":\"https:\/\/masterchem.ee\/wp-content\/uploads\/2018\/02\/master-chem_final-1.png\",\"contentUrl\":\"https:\/\/masterchem.ee\/wp-content\/uploads\/2018\/02\/master-chem_final-1.png\",\"width\":850,\"height\":356,\"caption\":\"Masterchem\"},\"image\":{\"@id\":\"https:\/\/masterchem.ee\/fi\/#\/schema\/logo\/image\/\"}}]}<\/script>\n<!-- \/ Yoast SEO plugin. -->","yoast_head_json":{"title":"Kobolttioksidi (CAS 1307-96-6) - Chemistry For Industry - Solvents &amp; Chemicals - Masterchem.ee","description":"Er2O3:n sovellukset vaihtelevat niiden s\u00e4hk\u00f6isten, optisten ja fotoluminesenssiominaisuuksien vuoksi.","robots":{"index":"index","follow":"follow","max-snippet":"max-snippet:-1","max-image-preview":"max-image-preview:large","max-video-preview":"max-video-preview:-1"},"canonical":"https:\/\/masterchem.ee\/fi\/tooted-ja-teenused\/kobolttioksidi-cas-1307-96-6\/","twitter_card":"summary_large_image","twitter_title":"Kobolttioksidi (CAS 1307-96-6) - Chemistry For Industry - Solvents &amp; Chemicals - Masterchem.ee","twitter_description":"Er2O3:n sovellukset vaihtelevat niiden s\u00e4hk\u00f6isten, optisten ja fotoluminesenssiominaisuuksien vuoksi.","twitter_image":"https:\/\/masterchem.ee\/wp-content\/uploads\/2021\/12\/Koobaltoksiid-25kg-MasterChem.jpg","schema":{"@context":"https:\/\/schema.org","@graph":[{"@type":"WebPage","@id":"https:\/\/masterchem.ee\/fi\/tooted-ja-teenused\/kobolttioksidi-cas-1307-96-6\/","url":"https:\/\/masterchem.ee\/fi\/tooted-ja-teenused\/kobolttioksidi-cas-1307-96-6\/","name":"Kobolttioksidi (CAS 1307-96-6) - Chemistry For Industry - Solvents &amp; Chemicals - Masterchem.ee","isPartOf":{"@id":"https:\/\/masterchem.ee\/fi\/#website"},"primaryImageOfPage":{"@id":"https:\/\/masterchem.ee\/fi\/tooted-ja-teenused\/kobolttioksidi-cas-1307-96-6\/#primaryimage"},"image":{"@id":"https:\/\/masterchem.ee\/fi\/tooted-ja-teenused\/kobolttioksidi-cas-1307-96-6\/#primaryimage"},"thumbnailUrl":"https:\/\/masterchem.ee\/wp-content\/uploads\/2021\/12\/Koobaltoksiid-25kg-MasterChem.jpg","datePublished":"2021-12-26T17:51:35+00:00","dateModified":"2021-12-26T17:59:52+00:00","description":"Er2O3:n sovellukset vaihtelevat niiden s\u00e4hk\u00f6isten, optisten ja fotoluminesenssiominaisuuksien vuoksi.","breadcrumb":{"@id":"https:\/\/masterchem.ee\/fi\/tooted-ja-teenused\/kobolttioksidi-cas-1307-96-6\/#breadcrumb"},"inLanguage":"fi","potentialAction":[{"@type":"ReadAction","target":["https:\/\/masterchem.ee\/fi\/tooted-ja-teenused\/kobolttioksidi-cas-1307-96-6\/"]}]},{"@type":"ImageObject","inLanguage":"fi","@id":"https:\/\/masterchem.ee\/fi\/tooted-ja-teenused\/kobolttioksidi-cas-1307-96-6\/#primaryimage","url":"https:\/\/masterchem.ee\/wp-content\/uploads\/2021\/12\/Koobaltoksiid-25kg-MasterChem.jpg","contentUrl":"https:\/\/masterchem.ee\/wp-content\/uploads\/2021\/12\/Koobaltoksiid-25kg-MasterChem.jpg","width":1000,"height":1000,"caption":"Kobolttioksidi (CAS 1307-96-6) 25kg MasterChem"},{"@type":"BreadcrumbList","@id":"https:\/\/masterchem.ee\/fi\/tooted-ja-teenused\/kobolttioksidi-cas-1307-96-6\/#breadcrumb","itemListElement":[{"@type":"ListItem","position":1,"name":"Home","item":"https:\/\/masterchem.ee\/fi\/"},{"@type":"ListItem","position":2,"name":"Tooted ja teenused","item":"https:\/\/masterchem.ee\/tooted-ja-teenused\/"},{"@type":"ListItem","position":3,"name":"Kobolttioksidi (CAS 1307-96-6)"}]},{"@type":"WebSite","@id":"https:\/\/masterchem.ee\/fi\/#website","url":"https:\/\/masterchem.ee\/fi\/","name":"Masterchem.ee","description":"Chemistry For Industry - Solvents &amp; Chemicals","publisher":{"@id":"https:\/\/masterchem.ee\/fi\/#organization"},"potentialAction":[{"@type":"SearchAction","target":{"@type":"EntryPoint","urlTemplate":"https:\/\/masterchem.ee\/fi\/?s={search_term_string}"},"query-input":{"@type":"PropertyValueSpecification","valueRequired":true,"valueName":"search_term_string"}}],"inLanguage":"fi"},{"@type":"Organization","@id":"https:\/\/masterchem.ee\/fi\/#organization","name":"Masterchem","url":"https:\/\/masterchem.ee\/fi\/","logo":{"@type":"ImageObject","inLanguage":"fi","@id":"https:\/\/masterchem.ee\/fi\/#\/schema\/logo\/image\/","url":"https:\/\/masterchem.ee\/wp-content\/uploads\/2018\/02\/master-chem_final-1.png","contentUrl":"https:\/\/masterchem.ee\/wp-content\/uploads\/2018\/02\/master-chem_final-1.png","width":850,"height":356,"caption":"Masterchem"},"image":{"@id":"https:\/\/masterchem.ee\/fi\/#\/schema\/logo\/image\/"}}]}},"_links":{"self":[{"href":"https:\/\/masterchem.ee\/fi\/wp-json\/wp\/v2\/product\/16059","targetHints":{"allow":["GET"]}}],"collection":[{"href":"https:\/\/masterchem.ee\/fi\/wp-json\/wp\/v2\/product"}],"about":[{"href":"https:\/\/masterchem.ee\/fi\/wp-json\/wp\/v2\/types\/product"}],"wp:featuredmedia":[{"embeddable":true,"href":"https:\/\/masterchem.ee\/fi\/wp-json\/wp\/v2\/media\/16065"}],"wp:attachment":[{"href":"https:\/\/masterchem.ee\/fi\/wp-json\/wp\/v2\/media?parent=16059"}],"wp:term":[{"taxonomy":"product_brand","embeddable":true,"href":"https:\/\/masterchem.ee\/fi\/wp-json\/wp\/v2\/product_brand?post=16059"},{"taxonomy":"product_cat","embeddable":true,"href":"https:\/\/masterchem.ee\/fi\/wp-json\/wp\/v2\/product_cat?post=16059"},{"taxonomy":"product_tag","embeddable":true,"href":"https:\/\/masterchem.ee\/fi\/wp-json\/wp\/v2\/product_tag?post=16059"}],"curies":[{"name":"wp","href":"https:\/\/api.w.org\/{rel}","templated":true}]}}