{"id":16044,"date":"2021-12-26T10:05:06","date_gmt":"2021-12-26T10:05:10","guid":{"rendered":"https:\/\/masterchem.ee\/?post_type=product&#038;p=16044"},"modified":"2021-12-26T10:13:24","modified_gmt":"2021-12-26T10:13:24","slug":"kuparioksidi-cas-1317-38-0","status":"publish","type":"product","link":"https:\/\/masterchem.ee\/fi\/tooted-ja-teenused\/kuparioksidi-cas-1317-38-0\/","title":{"rendered":"Kuparioksidi (CAS 1317-38-0)"},"content":{"rendered":"<p> <strong> Info<\/strong> <\/p>\n<p>Teollisuus: lasi ja keramiikka<br \/>\nCAS: 1317-38-0<br \/>\nWE: 215-269-1<br \/>\nKemiallinen kaava: CuO<br \/>\nTullitariffikoodi: 28255000<br \/>\nADR: UN3077<\/p>\n<p><strong>Muut fyysiset ominaisuudet<\/strong><\/p>\n<p>Sulamis-\/j\u00e4\u00e4tymispiste: 1326\u00b0C<br \/>\nSuhteellinen tiheys: 6,31 g\/cm3<br \/>\nLiukoisuus veteen: 0,000394 g\/l (ph6)<\/p>\n","protected":false},"excerpt":{"rendered":"<p><strong>Kuparioksidi (CAS 1317-38-0)<\/strong><\/p>\n<p>Kupari(II)oksidi tai kuparioksidi on ep\u00e4orgaaninen yhdiste, jonka kaava on CuO. Musta kiinte\u00e4 aine, se on toinen kahdesta stabiilista kuparin oksidista, toinen on Cu2O tai kupari(I)oksidi (kuparioksidi). Mineraalina se tunnetaan tenoriittina. Se on kuparin louhinnan tuote ja monien muiden kuparia sis\u00e4lt\u00e4vien tuotteiden ja kemiallisten yhdisteiden esiaste.<\/p>\n<p>Kupar(II)oksidi on merkitt\u00e4v\u00e4 kuparin louhinnan tuote, ja se on l\u00e4ht\u00f6kohta muiden kuparisuolojen valmistukseen. Esimerkiksi monet puunsuoja-aineet valmistetaan kuparioksidista.<\/p>\n<p>Kuparoksidia k\u00e4ytet\u00e4\u00e4n pigmenttin\u00e4 keramiikassa sinisten, punaisten ja vihreiden sek\u00e4 joskus harmaiden, vaaleanpunaisten tai mustien lasitteiden tuottamiseen.<\/p>\n<p>Se on v\u00e4\u00e4rin k\u00e4ytetty ravintolis\u00e4n\u00e4 el\u00e4inten rehuissa. Matalasta bioaktiivisuudesta johtuen kuparia imeytyy vain v\u00e4h\u00e4n.<\/p>\n<p>Kuparioksidielektrodi oli osa varhaista akkutyyppi\u00e4, joka tunnettiin nimell\u00e4 Edison\u2013Lalande-kenno. Kuparioksidia k\u00e4ytettiin my\u00f6s litiumparistotyypeiss\u00e4 (IEC 60086 koodi &#8221;G&#8221;).<\/p>\n","protected":false},"featured_media":16050,"template":"","meta":[],"product_brand":[],"product_cat":[180,298],"product_tag":[],"class_list":{"0":"post-16044","1":"product","2":"type-product","3":"status-publish","4":"has-post-thumbnail","6":"product_cat-uncategorized-fi-2","7":"product_cat-lasi-ja-keramiikka","9":"first","10":"instock","11":"taxable","12":"shipping-taxable","13":"purchasable","14":"product-type-variable","15":"has-default-attributes"},"yoast_head":"<!-- This site is optimized with the Yoast SEO plugin v26.2 - https:\/\/yoast.com\/wordpress\/plugins\/seo\/ -->\n<title>Kuparioksidi (CAS 1317-38-0) - Chemistry For Industry - Solvents &amp; Chemicals - Masterchem.ee<\/title>\n<meta name=\"description\" content=\"Kupari(II)oksidi tai kuparioksidi on ep\u00e4orgaaninen yhdiste, jonka kaava on CuO. Musta kiinte\u00e4 aine, se on toinen kahdesta stabiilista kuparin oksidista, toinen on Cu2O tai kupari(I)oksidi (kuparioksidi).\" \/>\n<meta name=\"robots\" content=\"index, follow, max-snippet:-1, max-image-preview:large, max-video-preview:-1\" \/>\n<link rel=\"canonical\" href=\"https:\/\/masterchem.ee\/fi\/tooted-ja-teenused\/kuparioksidi-cas-1317-38-0\/\" \/>\n<meta name=\"twitter:card\" content=\"summary_large_image\" \/>\n<meta name=\"twitter:title\" content=\"Kuparioksidi (CAS 1317-38-0) - Chemistry For Industry - Solvents &amp; Chemicals - Masterchem.ee\" \/>\n<meta name=\"twitter:description\" content=\"Kupari(II)oksidi tai kuparioksidi on ep\u00e4orgaaninen yhdiste, jonka kaava on CuO. Musta kiinte\u00e4 aine, se on toinen kahdesta stabiilista kuparin oksidista, toinen on Cu2O tai kupari(I)oksidi (kuparioksidi).\" \/>\n<meta name=\"twitter:image\" content=\"https:\/\/masterchem.ee\/wp-content\/uploads\/2021\/12\/Vaskoksiid-25kg-MasterChem.jpg\" \/>\n<script type=\"application\/ld+json\" class=\"yoast-schema-graph\">{\"@context\":\"https:\/\/schema.org\",\"@graph\":[{\"@type\":\"WebPage\",\"@id\":\"https:\/\/masterchem.ee\/fi\/tooted-ja-teenused\/kuparioksidi-cas-1317-38-0\/\",\"url\":\"https:\/\/masterchem.ee\/fi\/tooted-ja-teenused\/kuparioksidi-cas-1317-38-0\/\",\"name\":\"Kuparioksidi (CAS 1317-38-0) - Chemistry For Industry - Solvents &amp; Chemicals - Masterchem.ee\",\"isPartOf\":{\"@id\":\"https:\/\/masterchem.ee\/fi\/#website\"},\"primaryImageOfPage\":{\"@id\":\"https:\/\/masterchem.ee\/fi\/tooted-ja-teenused\/kuparioksidi-cas-1317-38-0\/#primaryimage\"},\"image\":{\"@id\":\"https:\/\/masterchem.ee\/fi\/tooted-ja-teenused\/kuparioksidi-cas-1317-38-0\/#primaryimage\"},\"thumbnailUrl\":\"https:\/\/masterchem.ee\/wp-content\/uploads\/2021\/12\/Vaskoksiid-25kg-MasterChem.jpg\",\"datePublished\":\"2021-12-26T10:05:10+00:00\",\"dateModified\":\"2021-12-26T10:13:24+00:00\",\"description\":\"Kupari(II)oksidi tai kuparioksidi on ep\u00e4orgaaninen yhdiste, jonka kaava on CuO. Musta kiinte\u00e4 aine, se on toinen kahdesta stabiilista kuparin oksidista, toinen on Cu2O tai kupari(I)oksidi (kuparioksidi).\",\"breadcrumb\":{\"@id\":\"https:\/\/masterchem.ee\/fi\/tooted-ja-teenused\/kuparioksidi-cas-1317-38-0\/#breadcrumb\"},\"inLanguage\":\"fi\",\"potentialAction\":[{\"@type\":\"ReadAction\",\"target\":[\"https:\/\/masterchem.ee\/fi\/tooted-ja-teenused\/kuparioksidi-cas-1317-38-0\/\"]}]},{\"@type\":\"ImageObject\",\"inLanguage\":\"fi\",\"@id\":\"https:\/\/masterchem.ee\/fi\/tooted-ja-teenused\/kuparioksidi-cas-1317-38-0\/#primaryimage\",\"url\":\"https:\/\/masterchem.ee\/wp-content\/uploads\/2021\/12\/Vaskoksiid-25kg-MasterChem.jpg\",\"contentUrl\":\"https:\/\/masterchem.ee\/wp-content\/uploads\/2021\/12\/Vaskoksiid-25kg-MasterChem.jpg\",\"width\":1000,\"height\":1000,\"caption\":\"Kuparioksidi (CAS 1317-38-0) 25kg MasterChem\"},{\"@type\":\"BreadcrumbList\",\"@id\":\"https:\/\/masterchem.ee\/fi\/tooted-ja-teenused\/kuparioksidi-cas-1317-38-0\/#breadcrumb\",\"itemListElement\":[{\"@type\":\"ListItem\",\"position\":1,\"name\":\"Home\",\"item\":\"https:\/\/masterchem.ee\/fi\/\"},{\"@type\":\"ListItem\",\"position\":2,\"name\":\"Tooted ja teenused\",\"item\":\"https:\/\/masterchem.ee\/tooted-ja-teenused\/\"},{\"@type\":\"ListItem\",\"position\":3,\"name\":\"Kuparioksidi (CAS 1317-38-0)\"}]},{\"@type\":\"WebSite\",\"@id\":\"https:\/\/masterchem.ee\/fi\/#website\",\"url\":\"https:\/\/masterchem.ee\/fi\/\",\"name\":\"Masterchem.ee\",\"description\":\"Chemistry For Industry - Solvents &amp; Chemicals\",\"publisher\":{\"@id\":\"https:\/\/masterchem.ee\/fi\/#organization\"},\"potentialAction\":[{\"@type\":\"SearchAction\",\"target\":{\"@type\":\"EntryPoint\",\"urlTemplate\":\"https:\/\/masterchem.ee\/fi\/?s={search_term_string}\"},\"query-input\":{\"@type\":\"PropertyValueSpecification\",\"valueRequired\":true,\"valueName\":\"search_term_string\"}}],\"inLanguage\":\"fi\"},{\"@type\":\"Organization\",\"@id\":\"https:\/\/masterchem.ee\/fi\/#organization\",\"name\":\"Masterchem\",\"url\":\"https:\/\/masterchem.ee\/fi\/\",\"logo\":{\"@type\":\"ImageObject\",\"inLanguage\":\"fi\",\"@id\":\"https:\/\/masterchem.ee\/fi\/#\/schema\/logo\/image\/\",\"url\":\"https:\/\/masterchem.ee\/wp-content\/uploads\/2018\/02\/master-chem_final-1.png\",\"contentUrl\":\"https:\/\/masterchem.ee\/wp-content\/uploads\/2018\/02\/master-chem_final-1.png\",\"width\":850,\"height\":356,\"caption\":\"Masterchem\"},\"image\":{\"@id\":\"https:\/\/masterchem.ee\/fi\/#\/schema\/logo\/image\/\"}}]}<\/script>\n<!-- \/ Yoast SEO plugin. -->","yoast_head_json":{"title":"Kuparioksidi (CAS 1317-38-0) - Chemistry For Industry - Solvents &amp; Chemicals - Masterchem.ee","description":"Kupari(II)oksidi tai kuparioksidi on ep\u00e4orgaaninen yhdiste, jonka kaava on CuO. Musta kiinte\u00e4 aine, se on toinen kahdesta stabiilista kuparin oksidista, toinen on Cu2O tai kupari(I)oksidi (kuparioksidi).","robots":{"index":"index","follow":"follow","max-snippet":"max-snippet:-1","max-image-preview":"max-image-preview:large","max-video-preview":"max-video-preview:-1"},"canonical":"https:\/\/masterchem.ee\/fi\/tooted-ja-teenused\/kuparioksidi-cas-1317-38-0\/","twitter_card":"summary_large_image","twitter_title":"Kuparioksidi (CAS 1317-38-0) - Chemistry For Industry - Solvents &amp; Chemicals - Masterchem.ee","twitter_description":"Kupari(II)oksidi tai kuparioksidi on ep\u00e4orgaaninen yhdiste, jonka kaava on CuO. Musta kiinte\u00e4 aine, se on toinen kahdesta stabiilista kuparin oksidista, toinen on Cu2O tai kupari(I)oksidi (kuparioksidi).","twitter_image":"https:\/\/masterchem.ee\/wp-content\/uploads\/2021\/12\/Vaskoksiid-25kg-MasterChem.jpg","schema":{"@context":"https:\/\/schema.org","@graph":[{"@type":"WebPage","@id":"https:\/\/masterchem.ee\/fi\/tooted-ja-teenused\/kuparioksidi-cas-1317-38-0\/","url":"https:\/\/masterchem.ee\/fi\/tooted-ja-teenused\/kuparioksidi-cas-1317-38-0\/","name":"Kuparioksidi (CAS 1317-38-0) - Chemistry For Industry - Solvents &amp; Chemicals - Masterchem.ee","isPartOf":{"@id":"https:\/\/masterchem.ee\/fi\/#website"},"primaryImageOfPage":{"@id":"https:\/\/masterchem.ee\/fi\/tooted-ja-teenused\/kuparioksidi-cas-1317-38-0\/#primaryimage"},"image":{"@id":"https:\/\/masterchem.ee\/fi\/tooted-ja-teenused\/kuparioksidi-cas-1317-38-0\/#primaryimage"},"thumbnailUrl":"https:\/\/masterchem.ee\/wp-content\/uploads\/2021\/12\/Vaskoksiid-25kg-MasterChem.jpg","datePublished":"2021-12-26T10:05:10+00:00","dateModified":"2021-12-26T10:13:24+00:00","description":"Kupari(II)oksidi tai kuparioksidi on ep\u00e4orgaaninen yhdiste, jonka kaava on CuO. Musta kiinte\u00e4 aine, se on toinen kahdesta stabiilista kuparin oksidista, toinen on Cu2O tai kupari(I)oksidi (kuparioksidi).","breadcrumb":{"@id":"https:\/\/masterchem.ee\/fi\/tooted-ja-teenused\/kuparioksidi-cas-1317-38-0\/#breadcrumb"},"inLanguage":"fi","potentialAction":[{"@type":"ReadAction","target":["https:\/\/masterchem.ee\/fi\/tooted-ja-teenused\/kuparioksidi-cas-1317-38-0\/"]}]},{"@type":"ImageObject","inLanguage":"fi","@id":"https:\/\/masterchem.ee\/fi\/tooted-ja-teenused\/kuparioksidi-cas-1317-38-0\/#primaryimage","url":"https:\/\/masterchem.ee\/wp-content\/uploads\/2021\/12\/Vaskoksiid-25kg-MasterChem.jpg","contentUrl":"https:\/\/masterchem.ee\/wp-content\/uploads\/2021\/12\/Vaskoksiid-25kg-MasterChem.jpg","width":1000,"height":1000,"caption":"Kuparioksidi (CAS 1317-38-0) 25kg MasterChem"},{"@type":"BreadcrumbList","@id":"https:\/\/masterchem.ee\/fi\/tooted-ja-teenused\/kuparioksidi-cas-1317-38-0\/#breadcrumb","itemListElement":[{"@type":"ListItem","position":1,"name":"Home","item":"https:\/\/masterchem.ee\/fi\/"},{"@type":"ListItem","position":2,"name":"Tooted ja teenused","item":"https:\/\/masterchem.ee\/tooted-ja-teenused\/"},{"@type":"ListItem","position":3,"name":"Kuparioksidi (CAS 1317-38-0)"}]},{"@type":"WebSite","@id":"https:\/\/masterchem.ee\/fi\/#website","url":"https:\/\/masterchem.ee\/fi\/","name":"Masterchem.ee","description":"Chemistry For Industry - Solvents &amp; Chemicals","publisher":{"@id":"https:\/\/masterchem.ee\/fi\/#organization"},"potentialAction":[{"@type":"SearchAction","target":{"@type":"EntryPoint","urlTemplate":"https:\/\/masterchem.ee\/fi\/?s={search_term_string}"},"query-input":{"@type":"PropertyValueSpecification","valueRequired":true,"valueName":"search_term_string"}}],"inLanguage":"fi"},{"@type":"Organization","@id":"https:\/\/masterchem.ee\/fi\/#organization","name":"Masterchem","url":"https:\/\/masterchem.ee\/fi\/","logo":{"@type":"ImageObject","inLanguage":"fi","@id":"https:\/\/masterchem.ee\/fi\/#\/schema\/logo\/image\/","url":"https:\/\/masterchem.ee\/wp-content\/uploads\/2018\/02\/master-chem_final-1.png","contentUrl":"https:\/\/masterchem.ee\/wp-content\/uploads\/2018\/02\/master-chem_final-1.png","width":850,"height":356,"caption":"Masterchem"},"image":{"@id":"https:\/\/masterchem.ee\/fi\/#\/schema\/logo\/image\/"}}]}},"_links":{"self":[{"href":"https:\/\/masterchem.ee\/fi\/wp-json\/wp\/v2\/product\/16044","targetHints":{"allow":["GET"]}}],"collection":[{"href":"https:\/\/masterchem.ee\/fi\/wp-json\/wp\/v2\/product"}],"about":[{"href":"https:\/\/masterchem.ee\/fi\/wp-json\/wp\/v2\/types\/product"}],"wp:featuredmedia":[{"embeddable":true,"href":"https:\/\/masterchem.ee\/fi\/wp-json\/wp\/v2\/media\/16050"}],"wp:attachment":[{"href":"https:\/\/masterchem.ee\/fi\/wp-json\/wp\/v2\/media?parent=16044"}],"wp:term":[{"taxonomy":"product_brand","embeddable":true,"href":"https:\/\/masterchem.ee\/fi\/wp-json\/wp\/v2\/product_brand?post=16044"},{"taxonomy":"product_cat","embeddable":true,"href":"https:\/\/masterchem.ee\/fi\/wp-json\/wp\/v2\/product_cat?post=16044"},{"taxonomy":"product_tag","embeddable":true,"href":"https:\/\/masterchem.ee\/fi\/wp-json\/wp\/v2\/product_tag?post=16044"}],"curies":[{"name":"wp","href":"https:\/\/api.w.org\/{rel}","templated":true}]}}