{"id":16028,"date":"2021-12-25T18:06:26","date_gmt":"2021-12-25T18:06:30","guid":{"rendered":"https:\/\/masterchem.ee\/?post_type=product&#038;p=16028"},"modified":"2021-12-25T18:12:39","modified_gmt":"2021-12-25T18:12:39","slug":"kosteutettu-kalkki-cas-1305-62-0","status":"publish","type":"product","link":"https:\/\/masterchem.ee\/fi\/tooted-ja-teenused\/kosteutettu-kalkki-cas-1305-62-0\/","title":{"rendered":"Kosteutettu kalkki (CAS 1305-62-0)"},"content":{"rendered":"<p> <strong> Info<\/strong> <\/p>\n<p>Teollisuus: lasi ja keramiikka<br \/>\nCAS: 1305-62-0<br \/>\nWE: 215-137-3<br \/>\nKemiallinen kaava: Ca(OH)2<br \/>\nMolekyylimassa: 74,09 g\/mol<br \/>\nTullitariffikoodi: 25222000<\/p>\n<p><strong>Muut fyysiset ominaisuudet<\/strong><\/p>\n<p>pH: 12,4 (20 \u00b0C)<br \/>\nSulamis-\/j\u00e4\u00e4tymispiste: > 450\u00b0C<br \/>\nSuhteellinen tiheys: 2,24 g\/cm3<\/p>\n","protected":false},"excerpt":{"rendered":"<p><strong>Kosteutettu kalkki (CAS 1305-62-0)<\/strong><\/p>\n<p>Kalsiumhydroksidi (kutsutaan perinteisesti sammutetuksi kalkiksi) on ep\u00e4orgaaninen yhdiste, jonka kemiallinen kaava on Ca(OH)2. Se on v\u00e4rit\u00f6nt\u00e4 kidett\u00e4 tai valkoista jauhetta, ja sit\u00e4 syntyy, kun poltettua kalkkia (kalsiumoksidia) sekoitetaan tai sammutetaan veden kanssa. Sill\u00e4 on monia nimi\u00e4, mukaan lukien hydratoitu kalkki, em\u00e4ksinen kalkki, rakennuskalkki, sammutettu kalkki, cal ja peittauskalkki. Kalsiumhydroksidia k\u00e4ytet\u00e4\u00e4n monissa sovelluksissa, mukaan lukien ruoanvalmistuksessa, jossa se on tunnistettu E-numeroksi E526. Kalkkivesi, jota kutsutaan my\u00f6s kalkkimaidoksi, on kyll\u00e4isen kalsiumhydroksidiliuoksen yleinen nimi.<\/p>\n","protected":false},"featured_media":16034,"template":"","meta":[],"product_brand":[],"product_cat":[180,298],"product_tag":[],"class_list":{"0":"post-16028","1":"product","2":"type-product","3":"status-publish","4":"has-post-thumbnail","6":"product_cat-uncategorized-fi-2","7":"product_cat-lasi-ja-keramiikka","9":"first","10":"instock","11":"taxable","12":"shipping-taxable","13":"purchasable","14":"product-type-variable","15":"has-default-attributes"},"yoast_head":"<!-- This site is optimized with the Yoast SEO plugin v26.2 - https:\/\/yoast.com\/wordpress\/plugins\/seo\/ -->\n<title>Kosteutettu kalkki (CAS 1305-62-0) - Chemistry For Industry - Solvents &amp; Chemicals - Masterchem.ee<\/title>\n<meta name=\"description\" content=\"Kalsiumhydroksidi (kutsutaan perinteisesti sammutetuksi kalkiksi) on ep\u00e4orgaaninen yhdiste, jonka kemiallinen kaava on Ca(OH)2.\" \/>\n<meta name=\"robots\" content=\"index, follow, max-snippet:-1, max-image-preview:large, max-video-preview:-1\" \/>\n<link rel=\"canonical\" href=\"https:\/\/masterchem.ee\/fi\/tooted-ja-teenused\/kosteutettu-kalkki-cas-1305-62-0\/\" \/>\n<meta name=\"twitter:card\" content=\"summary_large_image\" \/>\n<meta name=\"twitter:title\" content=\"Kosteutettu kalkki (CAS 1305-62-0) - Chemistry For Industry - Solvents &amp; Chemicals - Masterchem.ee\" \/>\n<meta name=\"twitter:description\" content=\"Kalsiumhydroksidi (kutsutaan perinteisesti sammutetuksi kalkiksi) on ep\u00e4orgaaninen yhdiste, jonka kemiallinen kaava on Ca(OH)2.\" \/>\n<meta name=\"twitter:image\" content=\"https:\/\/masterchem.ee\/wp-content\/uploads\/2021\/12\/Hudreeritud-lubi-25kg-MasterChem.jpg\" \/>\n<script type=\"application\/ld+json\" class=\"yoast-schema-graph\">{\"@context\":\"https:\/\/schema.org\",\"@graph\":[{\"@type\":\"WebPage\",\"@id\":\"https:\/\/masterchem.ee\/fi\/tooted-ja-teenused\/kosteutettu-kalkki-cas-1305-62-0\/\",\"url\":\"https:\/\/masterchem.ee\/fi\/tooted-ja-teenused\/kosteutettu-kalkki-cas-1305-62-0\/\",\"name\":\"Kosteutettu kalkki (CAS 1305-62-0) - Chemistry For Industry - Solvents &amp; Chemicals - Masterchem.ee\",\"isPartOf\":{\"@id\":\"https:\/\/masterchem.ee\/fi\/#website\"},\"primaryImageOfPage\":{\"@id\":\"https:\/\/masterchem.ee\/fi\/tooted-ja-teenused\/kosteutettu-kalkki-cas-1305-62-0\/#primaryimage\"},\"image\":{\"@id\":\"https:\/\/masterchem.ee\/fi\/tooted-ja-teenused\/kosteutettu-kalkki-cas-1305-62-0\/#primaryimage\"},\"thumbnailUrl\":\"https:\/\/masterchem.ee\/wp-content\/uploads\/2021\/12\/Hudreeritud-lubi-25kg-MasterChem.jpg\",\"datePublished\":\"2021-12-25T18:06:30+00:00\",\"dateModified\":\"2021-12-25T18:12:39+00:00\",\"description\":\"Kalsiumhydroksidi (kutsutaan perinteisesti sammutetuksi kalkiksi) on ep\u00e4orgaaninen yhdiste, jonka kemiallinen kaava on Ca(OH)2.\",\"breadcrumb\":{\"@id\":\"https:\/\/masterchem.ee\/fi\/tooted-ja-teenused\/kosteutettu-kalkki-cas-1305-62-0\/#breadcrumb\"},\"inLanguage\":\"fi\",\"potentialAction\":[{\"@type\":\"ReadAction\",\"target\":[\"https:\/\/masterchem.ee\/fi\/tooted-ja-teenused\/kosteutettu-kalkki-cas-1305-62-0\/\"]}]},{\"@type\":\"ImageObject\",\"inLanguage\":\"fi\",\"@id\":\"https:\/\/masterchem.ee\/fi\/tooted-ja-teenused\/kosteutettu-kalkki-cas-1305-62-0\/#primaryimage\",\"url\":\"https:\/\/masterchem.ee\/wp-content\/uploads\/2021\/12\/Hudreeritud-lubi-25kg-MasterChem.jpg\",\"contentUrl\":\"https:\/\/masterchem.ee\/wp-content\/uploads\/2021\/12\/Hudreeritud-lubi-25kg-MasterChem.jpg\",\"width\":1000,\"height\":1000,\"caption\":\"Kosteutettu kalkki (CAS 1305-62-0) 25kg MasterChem\"},{\"@type\":\"BreadcrumbList\",\"@id\":\"https:\/\/masterchem.ee\/fi\/tooted-ja-teenused\/kosteutettu-kalkki-cas-1305-62-0\/#breadcrumb\",\"itemListElement\":[{\"@type\":\"ListItem\",\"position\":1,\"name\":\"Home\",\"item\":\"https:\/\/masterchem.ee\/fi\/\"},{\"@type\":\"ListItem\",\"position\":2,\"name\":\"Tooted ja teenused\",\"item\":\"https:\/\/masterchem.ee\/tooted-ja-teenused\/\"},{\"@type\":\"ListItem\",\"position\":3,\"name\":\"Kosteutettu kalkki (CAS 1305-62-0)\"}]},{\"@type\":\"WebSite\",\"@id\":\"https:\/\/masterchem.ee\/fi\/#website\",\"url\":\"https:\/\/masterchem.ee\/fi\/\",\"name\":\"Masterchem.ee\",\"description\":\"Chemistry For Industry - Solvents &amp; Chemicals\",\"publisher\":{\"@id\":\"https:\/\/masterchem.ee\/fi\/#organization\"},\"potentialAction\":[{\"@type\":\"SearchAction\",\"target\":{\"@type\":\"EntryPoint\",\"urlTemplate\":\"https:\/\/masterchem.ee\/fi\/?s={search_term_string}\"},\"query-input\":{\"@type\":\"PropertyValueSpecification\",\"valueRequired\":true,\"valueName\":\"search_term_string\"}}],\"inLanguage\":\"fi\"},{\"@type\":\"Organization\",\"@id\":\"https:\/\/masterchem.ee\/fi\/#organization\",\"name\":\"Masterchem\",\"url\":\"https:\/\/masterchem.ee\/fi\/\",\"logo\":{\"@type\":\"ImageObject\",\"inLanguage\":\"fi\",\"@id\":\"https:\/\/masterchem.ee\/fi\/#\/schema\/logo\/image\/\",\"url\":\"https:\/\/masterchem.ee\/wp-content\/uploads\/2018\/02\/master-chem_final-1.png\",\"contentUrl\":\"https:\/\/masterchem.ee\/wp-content\/uploads\/2018\/02\/master-chem_final-1.png\",\"width\":850,\"height\":356,\"caption\":\"Masterchem\"},\"image\":{\"@id\":\"https:\/\/masterchem.ee\/fi\/#\/schema\/logo\/image\/\"}}]}<\/script>\n<!-- \/ Yoast SEO plugin. -->","yoast_head_json":{"title":"Kosteutettu kalkki (CAS 1305-62-0) - Chemistry For Industry - Solvents &amp; Chemicals - Masterchem.ee","description":"Kalsiumhydroksidi (kutsutaan perinteisesti sammutetuksi kalkiksi) on ep\u00e4orgaaninen yhdiste, jonka kemiallinen kaava on Ca(OH)2.","robots":{"index":"index","follow":"follow","max-snippet":"max-snippet:-1","max-image-preview":"max-image-preview:large","max-video-preview":"max-video-preview:-1"},"canonical":"https:\/\/masterchem.ee\/fi\/tooted-ja-teenused\/kosteutettu-kalkki-cas-1305-62-0\/","twitter_card":"summary_large_image","twitter_title":"Kosteutettu kalkki (CAS 1305-62-0) - Chemistry For Industry - Solvents &amp; Chemicals - Masterchem.ee","twitter_description":"Kalsiumhydroksidi (kutsutaan perinteisesti sammutetuksi kalkiksi) on ep\u00e4orgaaninen yhdiste, jonka kemiallinen kaava on Ca(OH)2.","twitter_image":"https:\/\/masterchem.ee\/wp-content\/uploads\/2021\/12\/Hudreeritud-lubi-25kg-MasterChem.jpg","schema":{"@context":"https:\/\/schema.org","@graph":[{"@type":"WebPage","@id":"https:\/\/masterchem.ee\/fi\/tooted-ja-teenused\/kosteutettu-kalkki-cas-1305-62-0\/","url":"https:\/\/masterchem.ee\/fi\/tooted-ja-teenused\/kosteutettu-kalkki-cas-1305-62-0\/","name":"Kosteutettu kalkki (CAS 1305-62-0) - Chemistry For Industry - Solvents &amp; Chemicals - Masterchem.ee","isPartOf":{"@id":"https:\/\/masterchem.ee\/fi\/#website"},"primaryImageOfPage":{"@id":"https:\/\/masterchem.ee\/fi\/tooted-ja-teenused\/kosteutettu-kalkki-cas-1305-62-0\/#primaryimage"},"image":{"@id":"https:\/\/masterchem.ee\/fi\/tooted-ja-teenused\/kosteutettu-kalkki-cas-1305-62-0\/#primaryimage"},"thumbnailUrl":"https:\/\/masterchem.ee\/wp-content\/uploads\/2021\/12\/Hudreeritud-lubi-25kg-MasterChem.jpg","datePublished":"2021-12-25T18:06:30+00:00","dateModified":"2021-12-25T18:12:39+00:00","description":"Kalsiumhydroksidi (kutsutaan perinteisesti sammutetuksi kalkiksi) on ep\u00e4orgaaninen yhdiste, jonka kemiallinen kaava on Ca(OH)2.","breadcrumb":{"@id":"https:\/\/masterchem.ee\/fi\/tooted-ja-teenused\/kosteutettu-kalkki-cas-1305-62-0\/#breadcrumb"},"inLanguage":"fi","potentialAction":[{"@type":"ReadAction","target":["https:\/\/masterchem.ee\/fi\/tooted-ja-teenused\/kosteutettu-kalkki-cas-1305-62-0\/"]}]},{"@type":"ImageObject","inLanguage":"fi","@id":"https:\/\/masterchem.ee\/fi\/tooted-ja-teenused\/kosteutettu-kalkki-cas-1305-62-0\/#primaryimage","url":"https:\/\/masterchem.ee\/wp-content\/uploads\/2021\/12\/Hudreeritud-lubi-25kg-MasterChem.jpg","contentUrl":"https:\/\/masterchem.ee\/wp-content\/uploads\/2021\/12\/Hudreeritud-lubi-25kg-MasterChem.jpg","width":1000,"height":1000,"caption":"Kosteutettu kalkki (CAS 1305-62-0) 25kg MasterChem"},{"@type":"BreadcrumbList","@id":"https:\/\/masterchem.ee\/fi\/tooted-ja-teenused\/kosteutettu-kalkki-cas-1305-62-0\/#breadcrumb","itemListElement":[{"@type":"ListItem","position":1,"name":"Home","item":"https:\/\/masterchem.ee\/fi\/"},{"@type":"ListItem","position":2,"name":"Tooted ja teenused","item":"https:\/\/masterchem.ee\/tooted-ja-teenused\/"},{"@type":"ListItem","position":3,"name":"Kosteutettu kalkki (CAS 1305-62-0)"}]},{"@type":"WebSite","@id":"https:\/\/masterchem.ee\/fi\/#website","url":"https:\/\/masterchem.ee\/fi\/","name":"Masterchem.ee","description":"Chemistry For Industry - Solvents &amp; Chemicals","publisher":{"@id":"https:\/\/masterchem.ee\/fi\/#organization"},"potentialAction":[{"@type":"SearchAction","target":{"@type":"EntryPoint","urlTemplate":"https:\/\/masterchem.ee\/fi\/?s={search_term_string}"},"query-input":{"@type":"PropertyValueSpecification","valueRequired":true,"valueName":"search_term_string"}}],"inLanguage":"fi"},{"@type":"Organization","@id":"https:\/\/masterchem.ee\/fi\/#organization","name":"Masterchem","url":"https:\/\/masterchem.ee\/fi\/","logo":{"@type":"ImageObject","inLanguage":"fi","@id":"https:\/\/masterchem.ee\/fi\/#\/schema\/logo\/image\/","url":"https:\/\/masterchem.ee\/wp-content\/uploads\/2018\/02\/master-chem_final-1.png","contentUrl":"https:\/\/masterchem.ee\/wp-content\/uploads\/2018\/02\/master-chem_final-1.png","width":850,"height":356,"caption":"Masterchem"},"image":{"@id":"https:\/\/masterchem.ee\/fi\/#\/schema\/logo\/image\/"}}]}},"_links":{"self":[{"href":"https:\/\/masterchem.ee\/fi\/wp-json\/wp\/v2\/product\/16028","targetHints":{"allow":["GET"]}}],"collection":[{"href":"https:\/\/masterchem.ee\/fi\/wp-json\/wp\/v2\/product"}],"about":[{"href":"https:\/\/masterchem.ee\/fi\/wp-json\/wp\/v2\/types\/product"}],"wp:featuredmedia":[{"embeddable":true,"href":"https:\/\/masterchem.ee\/fi\/wp-json\/wp\/v2\/media\/16034"}],"wp:attachment":[{"href":"https:\/\/masterchem.ee\/fi\/wp-json\/wp\/v2\/media?parent=16028"}],"wp:term":[{"taxonomy":"product_brand","embeddable":true,"href":"https:\/\/masterchem.ee\/fi\/wp-json\/wp\/v2\/product_brand?post=16028"},{"taxonomy":"product_cat","embeddable":true,"href":"https:\/\/masterchem.ee\/fi\/wp-json\/wp\/v2\/product_cat?post=16028"},{"taxonomy":"product_tag","embeddable":true,"href":"https:\/\/masterchem.ee\/fi\/wp-json\/wp\/v2\/product_tag?post=16028"}],"curies":[{"name":"wp","href":"https:\/\/api.w.org\/{rel}","templated":true}]}}