{"id":16009,"date":"2021-12-25T17:42:45","date_gmt":"2021-12-25T17:42:48","guid":{"rendered":"https:\/\/masterchem.ee\/?post_type=product&#038;p=16009"},"modified":"2021-12-25T17:48:10","modified_gmt":"2021-12-25T17:48:10","slug":"poltettu-kalkki-cas-1305-78-8","status":"publish","type":"product","link":"https:\/\/masterchem.ee\/fi\/tooted-ja-teenused\/poltettu-kalkki-cas-1305-78-8\/","title":{"rendered":"Poltettu kalkki (CAS 1305-78-8)"},"content":{"rendered":"<p> <strong> Info<\/strong> <\/p>\n<p>Teollisuus: lasi ja keramiikka<br \/>\nCAS-numero: 1305-78-8<br \/>\nWE-numero: 215-138-9<br \/>\nKemiallinen kaava: CaO<br \/>\nMolekyylimassa: 56,08 g\/mol<br \/>\nTullitariffikoodi: 28259019<\/p>\n<p><strong>Muut fyysiset ominaisuudet<\/strong><\/p>\n<p>pH: 12,3<\/p>\n","protected":false},"excerpt":{"rendered":"<p><strong>Poltettu kalkki (CAS 1305-78-8)<\/strong><\/p>\n<p>Kalsiumoksidia, CaO, esiintyy valkoisina tai harmaanvalkoisina kokkareina tai rakeisena jauheena. Raudan l\u00e4sn\u00e4olo antaa sille kellert\u00e4v\u00e4n tai ruskehtavan s\u00e4vyn.<\/p>\n<p>Kalsiumoksidi on yleinen elintarvikelis\u00e4aine, joka koostuu valkoisista rakeista tai jauheesta, joiden vesiliukoisuus on huono. se saadaan kuumentamalla kalkkikive\u00e4 (kalsiumkarbonaattia) uunissa. sit\u00e4 kutsutaan my\u00f6s kalkiksi tai poltetuksi kalkiksi. sit\u00e4 k\u00e4ytet\u00e4\u00e4n paakkuuntumisenestoaineena, kiinteytt\u00e4v\u00e4n\u00e4 aineena ja ravintolis\u00e4n\u00e4 sellaisissa sovelluksissa kuin viljatuotteissa ja pehmeiss\u00e4 makeisissa.<\/p>\n","protected":false},"featured_media":16015,"template":"","meta":[],"product_brand":[],"product_cat":[180,298],"product_tag":[],"class_list":{"0":"post-16009","1":"product","2":"type-product","3":"status-publish","4":"has-post-thumbnail","6":"product_cat-uncategorized-fi-2","7":"product_cat-lasi-ja-keramiikka","9":"first","10":"instock","11":"taxable","12":"shipping-taxable","13":"purchasable","14":"product-type-variable","15":"has-default-attributes"},"yoast_head":"<!-- This site is optimized with the Yoast SEO plugin v26.2 - https:\/\/yoast.com\/wordpress\/plugins\/seo\/ -->\n<title>Poltettu kalkki (CAS 1305-78-8) - Chemistry For Industry - Solvents &amp; Chemicals - Masterchem.ee<\/title>\n<meta name=\"description\" content=\"Kalsiumoksidi on yleinen elintarvikelis\u00e4aine, joka koostuu valkoisista rakeista tai jauheesta, joiden vesiliukoisuus on huono.\" \/>\n<meta name=\"robots\" content=\"index, follow, max-snippet:-1, max-image-preview:large, max-video-preview:-1\" \/>\n<link rel=\"canonical\" href=\"https:\/\/masterchem.ee\/fi\/tooted-ja-teenused\/poltettu-kalkki-cas-1305-78-8\/\" \/>\n<meta name=\"twitter:card\" content=\"summary_large_image\" \/>\n<meta name=\"twitter:title\" content=\"Poltettu kalkki (CAS 1305-78-8) - Chemistry For Industry - Solvents &amp; Chemicals - Masterchem.ee\" \/>\n<meta name=\"twitter:description\" content=\"Kalsiumoksidi on yleinen elintarvikelis\u00e4aine, joka koostuu valkoisista rakeista tai jauheesta, joiden vesiliukoisuus on huono.\" \/>\n<meta name=\"twitter:image\" content=\"https:\/\/masterchem.ee\/wp-content\/uploads\/2021\/12\/Poletatud-lubi-25kg-MasterChem.jpg\" \/>\n<script type=\"application\/ld+json\" class=\"yoast-schema-graph\">{\"@context\":\"https:\/\/schema.org\",\"@graph\":[{\"@type\":\"WebPage\",\"@id\":\"https:\/\/masterchem.ee\/fi\/tooted-ja-teenused\/poltettu-kalkki-cas-1305-78-8\/\",\"url\":\"https:\/\/masterchem.ee\/fi\/tooted-ja-teenused\/poltettu-kalkki-cas-1305-78-8\/\",\"name\":\"Poltettu kalkki (CAS 1305-78-8) - Chemistry For Industry - Solvents &amp; Chemicals - Masterchem.ee\",\"isPartOf\":{\"@id\":\"https:\/\/masterchem.ee\/fi\/#website\"},\"primaryImageOfPage\":{\"@id\":\"https:\/\/masterchem.ee\/fi\/tooted-ja-teenused\/poltettu-kalkki-cas-1305-78-8\/#primaryimage\"},\"image\":{\"@id\":\"https:\/\/masterchem.ee\/fi\/tooted-ja-teenused\/poltettu-kalkki-cas-1305-78-8\/#primaryimage\"},\"thumbnailUrl\":\"https:\/\/masterchem.ee\/wp-content\/uploads\/2021\/12\/Poletatud-lubi-25kg-MasterChem.jpg\",\"datePublished\":\"2021-12-25T17:42:48+00:00\",\"dateModified\":\"2021-12-25T17:48:10+00:00\",\"description\":\"Kalsiumoksidi on yleinen elintarvikelis\u00e4aine, joka koostuu valkoisista rakeista tai jauheesta, joiden vesiliukoisuus on huono.\",\"breadcrumb\":{\"@id\":\"https:\/\/masterchem.ee\/fi\/tooted-ja-teenused\/poltettu-kalkki-cas-1305-78-8\/#breadcrumb\"},\"inLanguage\":\"fi\",\"potentialAction\":[{\"@type\":\"ReadAction\",\"target\":[\"https:\/\/masterchem.ee\/fi\/tooted-ja-teenused\/poltettu-kalkki-cas-1305-78-8\/\"]}]},{\"@type\":\"ImageObject\",\"inLanguage\":\"fi\",\"@id\":\"https:\/\/masterchem.ee\/fi\/tooted-ja-teenused\/poltettu-kalkki-cas-1305-78-8\/#primaryimage\",\"url\":\"https:\/\/masterchem.ee\/wp-content\/uploads\/2021\/12\/Poletatud-lubi-25kg-MasterChem.jpg\",\"contentUrl\":\"https:\/\/masterchem.ee\/wp-content\/uploads\/2021\/12\/Poletatud-lubi-25kg-MasterChem.jpg\",\"width\":1000,\"height\":1000,\"caption\":\"Poltettu kalkki (CAS 1305-78-8) 25kg MasterChem\"},{\"@type\":\"BreadcrumbList\",\"@id\":\"https:\/\/masterchem.ee\/fi\/tooted-ja-teenused\/poltettu-kalkki-cas-1305-78-8\/#breadcrumb\",\"itemListElement\":[{\"@type\":\"ListItem\",\"position\":1,\"name\":\"Home\",\"item\":\"https:\/\/masterchem.ee\/fi\/\"},{\"@type\":\"ListItem\",\"position\":2,\"name\":\"Tooted ja teenused\",\"item\":\"https:\/\/masterchem.ee\/tooted-ja-teenused\/\"},{\"@type\":\"ListItem\",\"position\":3,\"name\":\"Poltettu kalkki (CAS 1305-78-8)\"}]},{\"@type\":\"WebSite\",\"@id\":\"https:\/\/masterchem.ee\/fi\/#website\",\"url\":\"https:\/\/masterchem.ee\/fi\/\",\"name\":\"Masterchem.ee\",\"description\":\"Chemistry For Industry - Solvents &amp; Chemicals\",\"publisher\":{\"@id\":\"https:\/\/masterchem.ee\/fi\/#organization\"},\"potentialAction\":[{\"@type\":\"SearchAction\",\"target\":{\"@type\":\"EntryPoint\",\"urlTemplate\":\"https:\/\/masterchem.ee\/fi\/?s={search_term_string}\"},\"query-input\":{\"@type\":\"PropertyValueSpecification\",\"valueRequired\":true,\"valueName\":\"search_term_string\"}}],\"inLanguage\":\"fi\"},{\"@type\":\"Organization\",\"@id\":\"https:\/\/masterchem.ee\/fi\/#organization\",\"name\":\"Masterchem\",\"url\":\"https:\/\/masterchem.ee\/fi\/\",\"logo\":{\"@type\":\"ImageObject\",\"inLanguage\":\"fi\",\"@id\":\"https:\/\/masterchem.ee\/fi\/#\/schema\/logo\/image\/\",\"url\":\"https:\/\/masterchem.ee\/wp-content\/uploads\/2018\/02\/master-chem_final-1.png\",\"contentUrl\":\"https:\/\/masterchem.ee\/wp-content\/uploads\/2018\/02\/master-chem_final-1.png\",\"width\":850,\"height\":356,\"caption\":\"Masterchem\"},\"image\":{\"@id\":\"https:\/\/masterchem.ee\/fi\/#\/schema\/logo\/image\/\"}}]}<\/script>\n<!-- \/ Yoast SEO plugin. -->","yoast_head_json":{"title":"Poltettu kalkki (CAS 1305-78-8) - Chemistry For Industry - Solvents &amp; Chemicals - Masterchem.ee","description":"Kalsiumoksidi on yleinen elintarvikelis\u00e4aine, joka koostuu valkoisista rakeista tai jauheesta, joiden vesiliukoisuus on huono.","robots":{"index":"index","follow":"follow","max-snippet":"max-snippet:-1","max-image-preview":"max-image-preview:large","max-video-preview":"max-video-preview:-1"},"canonical":"https:\/\/masterchem.ee\/fi\/tooted-ja-teenused\/poltettu-kalkki-cas-1305-78-8\/","twitter_card":"summary_large_image","twitter_title":"Poltettu kalkki (CAS 1305-78-8) - Chemistry For Industry - Solvents &amp; Chemicals - Masterchem.ee","twitter_description":"Kalsiumoksidi on yleinen elintarvikelis\u00e4aine, joka koostuu valkoisista rakeista tai jauheesta, joiden vesiliukoisuus on huono.","twitter_image":"https:\/\/masterchem.ee\/wp-content\/uploads\/2021\/12\/Poletatud-lubi-25kg-MasterChem.jpg","schema":{"@context":"https:\/\/schema.org","@graph":[{"@type":"WebPage","@id":"https:\/\/masterchem.ee\/fi\/tooted-ja-teenused\/poltettu-kalkki-cas-1305-78-8\/","url":"https:\/\/masterchem.ee\/fi\/tooted-ja-teenused\/poltettu-kalkki-cas-1305-78-8\/","name":"Poltettu kalkki (CAS 1305-78-8) - Chemistry For Industry - Solvents &amp; Chemicals - Masterchem.ee","isPartOf":{"@id":"https:\/\/masterchem.ee\/fi\/#website"},"primaryImageOfPage":{"@id":"https:\/\/masterchem.ee\/fi\/tooted-ja-teenused\/poltettu-kalkki-cas-1305-78-8\/#primaryimage"},"image":{"@id":"https:\/\/masterchem.ee\/fi\/tooted-ja-teenused\/poltettu-kalkki-cas-1305-78-8\/#primaryimage"},"thumbnailUrl":"https:\/\/masterchem.ee\/wp-content\/uploads\/2021\/12\/Poletatud-lubi-25kg-MasterChem.jpg","datePublished":"2021-12-25T17:42:48+00:00","dateModified":"2021-12-25T17:48:10+00:00","description":"Kalsiumoksidi on yleinen elintarvikelis\u00e4aine, joka koostuu valkoisista rakeista tai jauheesta, joiden vesiliukoisuus on huono.","breadcrumb":{"@id":"https:\/\/masterchem.ee\/fi\/tooted-ja-teenused\/poltettu-kalkki-cas-1305-78-8\/#breadcrumb"},"inLanguage":"fi","potentialAction":[{"@type":"ReadAction","target":["https:\/\/masterchem.ee\/fi\/tooted-ja-teenused\/poltettu-kalkki-cas-1305-78-8\/"]}]},{"@type":"ImageObject","inLanguage":"fi","@id":"https:\/\/masterchem.ee\/fi\/tooted-ja-teenused\/poltettu-kalkki-cas-1305-78-8\/#primaryimage","url":"https:\/\/masterchem.ee\/wp-content\/uploads\/2021\/12\/Poletatud-lubi-25kg-MasterChem.jpg","contentUrl":"https:\/\/masterchem.ee\/wp-content\/uploads\/2021\/12\/Poletatud-lubi-25kg-MasterChem.jpg","width":1000,"height":1000,"caption":"Poltettu kalkki (CAS 1305-78-8) 25kg MasterChem"},{"@type":"BreadcrumbList","@id":"https:\/\/masterchem.ee\/fi\/tooted-ja-teenused\/poltettu-kalkki-cas-1305-78-8\/#breadcrumb","itemListElement":[{"@type":"ListItem","position":1,"name":"Home","item":"https:\/\/masterchem.ee\/fi\/"},{"@type":"ListItem","position":2,"name":"Tooted ja teenused","item":"https:\/\/masterchem.ee\/tooted-ja-teenused\/"},{"@type":"ListItem","position":3,"name":"Poltettu kalkki (CAS 1305-78-8)"}]},{"@type":"WebSite","@id":"https:\/\/masterchem.ee\/fi\/#website","url":"https:\/\/masterchem.ee\/fi\/","name":"Masterchem.ee","description":"Chemistry For Industry - Solvents &amp; Chemicals","publisher":{"@id":"https:\/\/masterchem.ee\/fi\/#organization"},"potentialAction":[{"@type":"SearchAction","target":{"@type":"EntryPoint","urlTemplate":"https:\/\/masterchem.ee\/fi\/?s={search_term_string}"},"query-input":{"@type":"PropertyValueSpecification","valueRequired":true,"valueName":"search_term_string"}}],"inLanguage":"fi"},{"@type":"Organization","@id":"https:\/\/masterchem.ee\/fi\/#organization","name":"Masterchem","url":"https:\/\/masterchem.ee\/fi\/","logo":{"@type":"ImageObject","inLanguage":"fi","@id":"https:\/\/masterchem.ee\/fi\/#\/schema\/logo\/image\/","url":"https:\/\/masterchem.ee\/wp-content\/uploads\/2018\/02\/master-chem_final-1.png","contentUrl":"https:\/\/masterchem.ee\/wp-content\/uploads\/2018\/02\/master-chem_final-1.png","width":850,"height":356,"caption":"Masterchem"},"image":{"@id":"https:\/\/masterchem.ee\/fi\/#\/schema\/logo\/image\/"}}]}},"_links":{"self":[{"href":"https:\/\/masterchem.ee\/fi\/wp-json\/wp\/v2\/product\/16009","targetHints":{"allow":["GET"]}}],"collection":[{"href":"https:\/\/masterchem.ee\/fi\/wp-json\/wp\/v2\/product"}],"about":[{"href":"https:\/\/masterchem.ee\/fi\/wp-json\/wp\/v2\/types\/product"}],"wp:featuredmedia":[{"embeddable":true,"href":"https:\/\/masterchem.ee\/fi\/wp-json\/wp\/v2\/media\/16015"}],"wp:attachment":[{"href":"https:\/\/masterchem.ee\/fi\/wp-json\/wp\/v2\/media?parent=16009"}],"wp:term":[{"taxonomy":"product_brand","embeddable":true,"href":"https:\/\/masterchem.ee\/fi\/wp-json\/wp\/v2\/product_brand?post=16009"},{"taxonomy":"product_cat","embeddable":true,"href":"https:\/\/masterchem.ee\/fi\/wp-json\/wp\/v2\/product_cat?post=16009"},{"taxonomy":"product_tag","embeddable":true,"href":"https:\/\/masterchem.ee\/fi\/wp-json\/wp\/v2\/product_tag?post=16009"}],"curies":[{"name":"wp","href":"https:\/\/api.w.org\/{rel}","templated":true}]}}