{"id":15939,"date":"2021-12-25T15:06:26","date_gmt":"2021-12-25T15:06:34","guid":{"rendered":"https:\/\/masterchem.ee\/?post_type=product&#038;p=15939"},"modified":"2021-12-25T17:23:58","modified_gmt":"2021-12-25T17:23:58","slug":"isopropyylimyristaatti-cas-110-27-0","status":"publish","type":"product","link":"https:\/\/masterchem.ee\/fi\/tooted-ja-teenused\/isopropyylimyristaatti-cas-110-27-0\/","title":{"rendered":"Isopropyylimyristaatti (CAS 110-27-0)"},"content":{"rendered":"<p> <strong> Info<\/strong> <\/p>\n<p>Toimialat: Kosmetiikkateollisuus<br \/>\nCAS: 110-27-0<br \/>\nWE: 203-751-4<br \/>\nKemiallinen kaava: C17H34O2<br \/>\nMolekyylimassa: 270,46 g\/mol<br \/>\nTullitariffikoodi: 29159070<\/p>\n<p><strong>Muut fyysiset ominaisuudet<\/strong><br \/>\nSulamis-\/j\u00e4\u00e4tymispiste: ~0\u00b0C<br \/>\nKiehumispiste\/alue: 300\u00b0C (760 mmHg)<br \/>\nSuhteellinen tiheys: 850,0 \u2013 855,0 kg\/m3 (15\u00b0C)<\/p>\n","protected":false},"excerpt":{"rendered":"<p> <strong>Isopropyylimyristaatti (CAS 110-27-0)<\/strong> <\/p>\n<p>Isopropyylimyristaatti (IPM) on isopropyylialkoholin ja myristiinihapon esteri.<\/p>\n<p>Isopropyylimyristaatti on polaarisilla ominaisuuksilla varustettu kosteusvoide, jota k\u00e4ytet\u00e4\u00e4n kosmetiikassa ja paikallisissa l\u00e4\u00e4ketieteellisiss\u00e4 valmisteissa parantamaan ihon imeytymist\u00e4. Isopropyylimyristaattia on laajalti tutkittu ja impulssoitu ihon l\u00e4p\u00e4isyn tehostajana. T\u00e4ll\u00e4 hetkell\u00e4 ensisijainen k\u00e4ytt\u00f6tarkoitus, johon isopropyylimyristaatti on virallisesti tarkoitettu, on vaikuttavana aineena reseptivapaassa pedikulisidihuuhtelussa.<\/p>\n","protected":false},"featured_media":15981,"template":"","meta":[],"product_brand":[],"product_cat":[180,294],"product_tag":[],"class_list":{"0":"post-15939","1":"product","2":"type-product","3":"status-publish","4":"has-post-thumbnail","6":"product_cat-uncategorized-fi-2","7":"product_cat-kosmetiikkateollisuus","8":"pif-has-gallery","10":"first","11":"instock","12":"taxable","13":"shipping-taxable","14":"purchasable","15":"product-type-variable","16":"has-default-attributes"},"yoast_head":"<!-- This site is optimized with the Yoast SEO plugin v26.2 - https:\/\/yoast.com\/wordpress\/plugins\/seo\/ -->\n<title>Isopropyylimyristaatti (CAS 110-27-0) - Chemistry For Industry - Solvents &amp; Chemicals - Masterchem.ee<\/title>\n<meta name=\"description\" content=\"Isopropyylimyristaatti (IPM) on isopropyylialkoholin ja myristiinihapon esteri.\" \/>\n<meta name=\"robots\" content=\"index, follow, max-snippet:-1, max-image-preview:large, max-video-preview:-1\" \/>\n<link rel=\"canonical\" href=\"https:\/\/masterchem.ee\/fi\/tooted-ja-teenused\/isopropyylimyristaatti-cas-110-27-0\/\" \/>\n<meta name=\"twitter:card\" content=\"summary_large_image\" \/>\n<meta name=\"twitter:title\" content=\"Isopropyylimyristaatti (CAS 110-27-0) - Chemistry For Industry - Solvents &amp; Chemicals - Masterchem.ee\" \/>\n<meta name=\"twitter:description\" content=\"Isopropyylimyristaatti (IPM) on isopropyylialkoholin ja myristiinihapon esteri.\" \/>\n<meta name=\"twitter:image\" content=\"https:\/\/masterchem.ee\/wp-content\/uploads\/2021\/12\/Isopropuulmuristaat-1000l-MasterChem.jpg\" \/>\n<script type=\"application\/ld+json\" class=\"yoast-schema-graph\">{\"@context\":\"https:\/\/schema.org\",\"@graph\":[{\"@type\":\"WebPage\",\"@id\":\"https:\/\/masterchem.ee\/fi\/tooted-ja-teenused\/isopropyylimyristaatti-cas-110-27-0\/\",\"url\":\"https:\/\/masterchem.ee\/fi\/tooted-ja-teenused\/isopropyylimyristaatti-cas-110-27-0\/\",\"name\":\"Isopropyylimyristaatti (CAS 110-27-0) - Chemistry For Industry - Solvents &amp; Chemicals - Masterchem.ee\",\"isPartOf\":{\"@id\":\"https:\/\/masterchem.ee\/fi\/#website\"},\"primaryImageOfPage\":{\"@id\":\"https:\/\/masterchem.ee\/fi\/tooted-ja-teenused\/isopropyylimyristaatti-cas-110-27-0\/#primaryimage\"},\"image\":{\"@id\":\"https:\/\/masterchem.ee\/fi\/tooted-ja-teenused\/isopropyylimyristaatti-cas-110-27-0\/#primaryimage\"},\"thumbnailUrl\":\"https:\/\/masterchem.ee\/wp-content\/uploads\/2021\/12\/Isopropuulmuristaat-1000l-MasterChem.jpg\",\"datePublished\":\"2021-12-25T15:06:34+00:00\",\"dateModified\":\"2021-12-25T17:23:58+00:00\",\"description\":\"Isopropyylimyristaatti (IPM) on isopropyylialkoholin ja myristiinihapon esteri.\",\"breadcrumb\":{\"@id\":\"https:\/\/masterchem.ee\/fi\/tooted-ja-teenused\/isopropyylimyristaatti-cas-110-27-0\/#breadcrumb\"},\"inLanguage\":\"fi\",\"potentialAction\":[{\"@type\":\"ReadAction\",\"target\":[\"https:\/\/masterchem.ee\/fi\/tooted-ja-teenused\/isopropyylimyristaatti-cas-110-27-0\/\"]}]},{\"@type\":\"ImageObject\",\"inLanguage\":\"fi\",\"@id\":\"https:\/\/masterchem.ee\/fi\/tooted-ja-teenused\/isopropyylimyristaatti-cas-110-27-0\/#primaryimage\",\"url\":\"https:\/\/masterchem.ee\/wp-content\/uploads\/2021\/12\/Isopropuulmuristaat-1000l-MasterChem.jpg\",\"contentUrl\":\"https:\/\/masterchem.ee\/wp-content\/uploads\/2021\/12\/Isopropuulmuristaat-1000l-MasterChem.jpg\",\"width\":1000,\"height\":1000,\"caption\":\"Isopropyylimyristaatti (CAS 110-27-0) 1000l MasterChem\"},{\"@type\":\"BreadcrumbList\",\"@id\":\"https:\/\/masterchem.ee\/fi\/tooted-ja-teenused\/isopropyylimyristaatti-cas-110-27-0\/#breadcrumb\",\"itemListElement\":[{\"@type\":\"ListItem\",\"position\":1,\"name\":\"Home\",\"item\":\"https:\/\/masterchem.ee\/fi\/\"},{\"@type\":\"ListItem\",\"position\":2,\"name\":\"Tooted ja teenused\",\"item\":\"https:\/\/masterchem.ee\/tooted-ja-teenused\/\"},{\"@type\":\"ListItem\",\"position\":3,\"name\":\"Isopropyylimyristaatti (CAS 110-27-0)\"}]},{\"@type\":\"WebSite\",\"@id\":\"https:\/\/masterchem.ee\/fi\/#website\",\"url\":\"https:\/\/masterchem.ee\/fi\/\",\"name\":\"Masterchem.ee\",\"description\":\"Chemistry For Industry - Solvents &amp; Chemicals\",\"publisher\":{\"@id\":\"https:\/\/masterchem.ee\/fi\/#organization\"},\"potentialAction\":[{\"@type\":\"SearchAction\",\"target\":{\"@type\":\"EntryPoint\",\"urlTemplate\":\"https:\/\/masterchem.ee\/fi\/?s={search_term_string}\"},\"query-input\":{\"@type\":\"PropertyValueSpecification\",\"valueRequired\":true,\"valueName\":\"search_term_string\"}}],\"inLanguage\":\"fi\"},{\"@type\":\"Organization\",\"@id\":\"https:\/\/masterchem.ee\/fi\/#organization\",\"name\":\"Masterchem\",\"url\":\"https:\/\/masterchem.ee\/fi\/\",\"logo\":{\"@type\":\"ImageObject\",\"inLanguage\":\"fi\",\"@id\":\"https:\/\/masterchem.ee\/fi\/#\/schema\/logo\/image\/\",\"url\":\"https:\/\/masterchem.ee\/wp-content\/uploads\/2018\/02\/master-chem_final-1.png\",\"contentUrl\":\"https:\/\/masterchem.ee\/wp-content\/uploads\/2018\/02\/master-chem_final-1.png\",\"width\":850,\"height\":356,\"caption\":\"Masterchem\"},\"image\":{\"@id\":\"https:\/\/masterchem.ee\/fi\/#\/schema\/logo\/image\/\"}}]}<\/script>\n<!-- \/ Yoast SEO plugin. -->","yoast_head_json":{"title":"Isopropyylimyristaatti (CAS 110-27-0) - Chemistry For Industry - Solvents &amp; Chemicals - Masterchem.ee","description":"Isopropyylimyristaatti (IPM) on isopropyylialkoholin ja myristiinihapon esteri.","robots":{"index":"index","follow":"follow","max-snippet":"max-snippet:-1","max-image-preview":"max-image-preview:large","max-video-preview":"max-video-preview:-1"},"canonical":"https:\/\/masterchem.ee\/fi\/tooted-ja-teenused\/isopropyylimyristaatti-cas-110-27-0\/","twitter_card":"summary_large_image","twitter_title":"Isopropyylimyristaatti (CAS 110-27-0) - Chemistry For Industry - Solvents &amp; Chemicals - Masterchem.ee","twitter_description":"Isopropyylimyristaatti (IPM) on isopropyylialkoholin ja myristiinihapon esteri.","twitter_image":"https:\/\/masterchem.ee\/wp-content\/uploads\/2021\/12\/Isopropuulmuristaat-1000l-MasterChem.jpg","schema":{"@context":"https:\/\/schema.org","@graph":[{"@type":"WebPage","@id":"https:\/\/masterchem.ee\/fi\/tooted-ja-teenused\/isopropyylimyristaatti-cas-110-27-0\/","url":"https:\/\/masterchem.ee\/fi\/tooted-ja-teenused\/isopropyylimyristaatti-cas-110-27-0\/","name":"Isopropyylimyristaatti (CAS 110-27-0) - Chemistry For Industry - Solvents &amp; Chemicals - Masterchem.ee","isPartOf":{"@id":"https:\/\/masterchem.ee\/fi\/#website"},"primaryImageOfPage":{"@id":"https:\/\/masterchem.ee\/fi\/tooted-ja-teenused\/isopropyylimyristaatti-cas-110-27-0\/#primaryimage"},"image":{"@id":"https:\/\/masterchem.ee\/fi\/tooted-ja-teenused\/isopropyylimyristaatti-cas-110-27-0\/#primaryimage"},"thumbnailUrl":"https:\/\/masterchem.ee\/wp-content\/uploads\/2021\/12\/Isopropuulmuristaat-1000l-MasterChem.jpg","datePublished":"2021-12-25T15:06:34+00:00","dateModified":"2021-12-25T17:23:58+00:00","description":"Isopropyylimyristaatti (IPM) on isopropyylialkoholin ja myristiinihapon esteri.","breadcrumb":{"@id":"https:\/\/masterchem.ee\/fi\/tooted-ja-teenused\/isopropyylimyristaatti-cas-110-27-0\/#breadcrumb"},"inLanguage":"fi","potentialAction":[{"@type":"ReadAction","target":["https:\/\/masterchem.ee\/fi\/tooted-ja-teenused\/isopropyylimyristaatti-cas-110-27-0\/"]}]},{"@type":"ImageObject","inLanguage":"fi","@id":"https:\/\/masterchem.ee\/fi\/tooted-ja-teenused\/isopropyylimyristaatti-cas-110-27-0\/#primaryimage","url":"https:\/\/masterchem.ee\/wp-content\/uploads\/2021\/12\/Isopropuulmuristaat-1000l-MasterChem.jpg","contentUrl":"https:\/\/masterchem.ee\/wp-content\/uploads\/2021\/12\/Isopropuulmuristaat-1000l-MasterChem.jpg","width":1000,"height":1000,"caption":"Isopropyylimyristaatti (CAS 110-27-0) 1000l MasterChem"},{"@type":"BreadcrumbList","@id":"https:\/\/masterchem.ee\/fi\/tooted-ja-teenused\/isopropyylimyristaatti-cas-110-27-0\/#breadcrumb","itemListElement":[{"@type":"ListItem","position":1,"name":"Home","item":"https:\/\/masterchem.ee\/fi\/"},{"@type":"ListItem","position":2,"name":"Tooted ja teenused","item":"https:\/\/masterchem.ee\/tooted-ja-teenused\/"},{"@type":"ListItem","position":3,"name":"Isopropyylimyristaatti (CAS 110-27-0)"}]},{"@type":"WebSite","@id":"https:\/\/masterchem.ee\/fi\/#website","url":"https:\/\/masterchem.ee\/fi\/","name":"Masterchem.ee","description":"Chemistry For Industry - Solvents &amp; Chemicals","publisher":{"@id":"https:\/\/masterchem.ee\/fi\/#organization"},"potentialAction":[{"@type":"SearchAction","target":{"@type":"EntryPoint","urlTemplate":"https:\/\/masterchem.ee\/fi\/?s={search_term_string}"},"query-input":{"@type":"PropertyValueSpecification","valueRequired":true,"valueName":"search_term_string"}}],"inLanguage":"fi"},{"@type":"Organization","@id":"https:\/\/masterchem.ee\/fi\/#organization","name":"Masterchem","url":"https:\/\/masterchem.ee\/fi\/","logo":{"@type":"ImageObject","inLanguage":"fi","@id":"https:\/\/masterchem.ee\/fi\/#\/schema\/logo\/image\/","url":"https:\/\/masterchem.ee\/wp-content\/uploads\/2018\/02\/master-chem_final-1.png","contentUrl":"https:\/\/masterchem.ee\/wp-content\/uploads\/2018\/02\/master-chem_final-1.png","width":850,"height":356,"caption":"Masterchem"},"image":{"@id":"https:\/\/masterchem.ee\/fi\/#\/schema\/logo\/image\/"}}]}},"_links":{"self":[{"href":"https:\/\/masterchem.ee\/fi\/wp-json\/wp\/v2\/product\/15939","targetHints":{"allow":["GET"]}}],"collection":[{"href":"https:\/\/masterchem.ee\/fi\/wp-json\/wp\/v2\/product"}],"about":[{"href":"https:\/\/masterchem.ee\/fi\/wp-json\/wp\/v2\/types\/product"}],"wp:featuredmedia":[{"embeddable":true,"href":"https:\/\/masterchem.ee\/fi\/wp-json\/wp\/v2\/media\/15981"}],"wp:attachment":[{"href":"https:\/\/masterchem.ee\/fi\/wp-json\/wp\/v2\/media?parent=15939"}],"wp:term":[{"taxonomy":"product_brand","embeddable":true,"href":"https:\/\/masterchem.ee\/fi\/wp-json\/wp\/v2\/product_brand?post=15939"},{"taxonomy":"product_cat","embeddable":true,"href":"https:\/\/masterchem.ee\/fi\/wp-json\/wp\/v2\/product_cat?post=15939"},{"taxonomy":"product_tag","embeddable":true,"href":"https:\/\/masterchem.ee\/fi\/wp-json\/wp\/v2\/product_tag?post=15939"}],"curies":[{"name":"wp","href":"https:\/\/api.w.org\/{rel}","templated":true}]}}