{"id":15908,"date":"2021-12-22T08:56:36","date_gmt":"2021-12-22T08:56:39","guid":{"rendered":"https:\/\/masterchem.ee\/?post_type=product&#038;p=15908"},"modified":"2021-12-22T09:03:00","modified_gmt":"2021-12-22T09:03:00","slug":"alumiinihydroksidi-cas-21645-51-2","status":"publish","type":"product","link":"https:\/\/masterchem.ee\/fi\/tooted-ja-teenused\/alumiinihydroksidi-cas-21645-51-2\/","title":{"rendered":"Alumiinihydroksidi (CAS 21645-51-2)"},"content":{"rendered":"<p> <strong> Info<\/strong> <\/p>\n<p>Toimialat: kosmetiikkateollisuus, l\u00e4\u00e4keteollisuus<br \/>\nCAS-numero: 21645-51-2<br \/>\nWE-numero: 244-492-7<br \/>\nKemiallinen kaava: AlH3O3<br \/>\nMoolimassa: 78 g\/mol<br \/>\nTullitariffikoodi: 28183000<\/p>\n<p><strong>Muut fyysiset ominaisuudet<\/strong><\/p>\n<p>Sulamis-\/j\u00e4\u00e4tymispiste: 200-300\u00b0C<br \/>\nSuhteellinen tiheys: 2,35 \u2013 3,44 g\/cm3<\/p>\n","protected":false},"excerpt":{"rendered":"<p><strong>Alumiinihydroksidi (CAS 21645-51-2)<\/strong><\/p>\n<p>Alumiinihydroksidi on alumiini- (Al3+) ja hydroksidi-ionien (OH\u2212) ioniyhdiste, jota esiintyy mineraaleissa nelj\u00e4n\u00e4 eri polymorfina: gibsiittin\u00e4, bayeriittin\u00e4, nordstrandiittin\u00e4 ja doyeliittin\u00e4, joista gibsiitti on eritt\u00e4in yleinen ja muut hyvin harvinaisia. Gibsiitti\u00e4 on bauksiitissa eli alumiinimalmissa yleens\u00e4 hyvin runsaasti.<\/p>\n<p>Teollisesti l\u00e4hes kaikki alumiinihydroksidi valmistetaan Bayer-prosessilla, jossa liuotetaan bauksiittia natriumhydroksidiin jopa 270 \u00b0C l\u00e4mp\u00f6tilassa. Alumiinihydroksidia k\u00e4ytet\u00e4\u00e4n alumiinioksidin valmistamiseksi kuumentamalla sit\u00e4 1 200 \u2013 1 300 celsiusasteeseen. Alumiinihydroksidia k\u00e4ytet\u00e4\u00e4n my\u00f6s alumiinifosfaatin tavoin vatsahappoja neutraloivana antasidin\u00e4. Alumiinihydroksidin alumiini sitoo fosfaatteja verest\u00e4. Siksi joissain maissa ainetta k\u00e4ytet\u00e4\u00e4n hyperfosfatemiassa, jossa fosfaatteja on veress\u00e4 liikaa. Alumiinihydroksidi on alumiinifosfaatin ohella rokotteissa yleisimmin k\u00e4ytetty apuaine (adjuvantti).<\/p>\n","protected":false},"featured_media":15914,"template":"","meta":[],"product_brand":[],"product_cat":[180,294,120],"product_tag":[],"class_list":{"0":"post-15908","1":"product","2":"type-product","3":"status-publish","4":"has-post-thumbnail","6":"product_cat-uncategorized-fi-2","7":"product_cat-kosmetiikkateollisuus","8":"product_cat-laaketeollisuus","10":"first","11":"instock","12":"taxable","13":"shipping-taxable","14":"purchasable","15":"product-type-variable","16":"has-default-attributes"},"yoast_head":"<!-- This site is optimized with the Yoast SEO plugin v26.2 - https:\/\/yoast.com\/wordpress\/plugins\/seo\/ -->\n<title>Alumiinihydroksidi (CAS 21645-51-2) - Chemistry For Industry - Solvents &amp; Chemicals - Masterchem.ee<\/title>\n<meta name=\"description\" content=\"Alumiinihydroksidi on alumiini- (Al3+) ja hydroksidi-ionien (OH\u2212) ioniyhdiste, jota esiintyy mineraaleissa nelj\u00e4n\u00e4 eri polymorfina: gibsiittin\u00e4, bayeriittin\u00e4, nordstrandiittin\u00e4 ja doyeliittin\u00e4, joista gibsiitti on eritt\u00e4in yleinen ja muut hyvin harvinaisia.\" \/>\n<meta name=\"robots\" content=\"index, follow, max-snippet:-1, max-image-preview:large, max-video-preview:-1\" \/>\n<link rel=\"canonical\" href=\"https:\/\/masterchem.ee\/fi\/tooted-ja-teenused\/alumiinihydroksidi-cas-21645-51-2\/\" \/>\n<meta name=\"twitter:card\" content=\"summary_large_image\" \/>\n<meta name=\"twitter:title\" content=\"Alumiinihydroksidi (CAS 21645-51-2) - Chemistry For Industry - Solvents &amp; Chemicals - Masterchem.ee\" \/>\n<meta name=\"twitter:description\" content=\"Alumiinihydroksidi on alumiini- (Al3+) ja hydroksidi-ionien (OH\u2212) ioniyhdiste, jota esiintyy mineraaleissa nelj\u00e4n\u00e4 eri polymorfina: gibsiittin\u00e4, bayeriittin\u00e4, nordstrandiittin\u00e4 ja doyeliittin\u00e4, joista gibsiitti on eritt\u00e4in yleinen ja muut hyvin harvinaisia.\" \/>\n<meta name=\"twitter:image\" content=\"https:\/\/masterchem.ee\/wp-content\/uploads\/2021\/12\/Alumiiniumhudroksiid-25kg-MasterChem.jpg\" \/>\n<script type=\"application\/ld+json\" class=\"yoast-schema-graph\">{\"@context\":\"https:\/\/schema.org\",\"@graph\":[{\"@type\":\"WebPage\",\"@id\":\"https:\/\/masterchem.ee\/fi\/tooted-ja-teenused\/alumiinihydroksidi-cas-21645-51-2\/\",\"url\":\"https:\/\/masterchem.ee\/fi\/tooted-ja-teenused\/alumiinihydroksidi-cas-21645-51-2\/\",\"name\":\"Alumiinihydroksidi (CAS 21645-51-2) - Chemistry For Industry - Solvents &amp; Chemicals - Masterchem.ee\",\"isPartOf\":{\"@id\":\"https:\/\/masterchem.ee\/fi\/#website\"},\"primaryImageOfPage\":{\"@id\":\"https:\/\/masterchem.ee\/fi\/tooted-ja-teenused\/alumiinihydroksidi-cas-21645-51-2\/#primaryimage\"},\"image\":{\"@id\":\"https:\/\/masterchem.ee\/fi\/tooted-ja-teenused\/alumiinihydroksidi-cas-21645-51-2\/#primaryimage\"},\"thumbnailUrl\":\"https:\/\/masterchem.ee\/wp-content\/uploads\/2021\/12\/Alumiiniumhudroksiid-25kg-MasterChem.jpg\",\"datePublished\":\"2021-12-22T08:56:39+00:00\",\"dateModified\":\"2021-12-22T09:03:00+00:00\",\"description\":\"Alumiinihydroksidi on alumiini- (Al3+) ja hydroksidi-ionien (OH\u2212) ioniyhdiste, jota esiintyy mineraaleissa nelj\u00e4n\u00e4 eri polymorfina: gibsiittin\u00e4, bayeriittin\u00e4, nordstrandiittin\u00e4 ja doyeliittin\u00e4, joista gibsiitti on eritt\u00e4in yleinen ja muut hyvin harvinaisia.\",\"breadcrumb\":{\"@id\":\"https:\/\/masterchem.ee\/fi\/tooted-ja-teenused\/alumiinihydroksidi-cas-21645-51-2\/#breadcrumb\"},\"inLanguage\":\"fi\",\"potentialAction\":[{\"@type\":\"ReadAction\",\"target\":[\"https:\/\/masterchem.ee\/fi\/tooted-ja-teenused\/alumiinihydroksidi-cas-21645-51-2\/\"]}]},{\"@type\":\"ImageObject\",\"inLanguage\":\"fi\",\"@id\":\"https:\/\/masterchem.ee\/fi\/tooted-ja-teenused\/alumiinihydroksidi-cas-21645-51-2\/#primaryimage\",\"url\":\"https:\/\/masterchem.ee\/wp-content\/uploads\/2021\/12\/Alumiiniumhudroksiid-25kg-MasterChem.jpg\",\"contentUrl\":\"https:\/\/masterchem.ee\/wp-content\/uploads\/2021\/12\/Alumiiniumhudroksiid-25kg-MasterChem.jpg\",\"width\":1000,\"height\":1000,\"caption\":\"Alumiinihydroksidi (CAS 21645-51-2) 25kg MasterChem\"},{\"@type\":\"BreadcrumbList\",\"@id\":\"https:\/\/masterchem.ee\/fi\/tooted-ja-teenused\/alumiinihydroksidi-cas-21645-51-2\/#breadcrumb\",\"itemListElement\":[{\"@type\":\"ListItem\",\"position\":1,\"name\":\"Home\",\"item\":\"https:\/\/masterchem.ee\/fi\/\"},{\"@type\":\"ListItem\",\"position\":2,\"name\":\"Tooted ja teenused\",\"item\":\"https:\/\/masterchem.ee\/tooted-ja-teenused\/\"},{\"@type\":\"ListItem\",\"position\":3,\"name\":\"Alumiinihydroksidi (CAS 21645-51-2)\"}]},{\"@type\":\"WebSite\",\"@id\":\"https:\/\/masterchem.ee\/fi\/#website\",\"url\":\"https:\/\/masterchem.ee\/fi\/\",\"name\":\"Masterchem.ee\",\"description\":\"Chemistry For Industry - Solvents &amp; Chemicals\",\"publisher\":{\"@id\":\"https:\/\/masterchem.ee\/fi\/#organization\"},\"potentialAction\":[{\"@type\":\"SearchAction\",\"target\":{\"@type\":\"EntryPoint\",\"urlTemplate\":\"https:\/\/masterchem.ee\/fi\/?s={search_term_string}\"},\"query-input\":{\"@type\":\"PropertyValueSpecification\",\"valueRequired\":true,\"valueName\":\"search_term_string\"}}],\"inLanguage\":\"fi\"},{\"@type\":\"Organization\",\"@id\":\"https:\/\/masterchem.ee\/fi\/#organization\",\"name\":\"Masterchem\",\"url\":\"https:\/\/masterchem.ee\/fi\/\",\"logo\":{\"@type\":\"ImageObject\",\"inLanguage\":\"fi\",\"@id\":\"https:\/\/masterchem.ee\/fi\/#\/schema\/logo\/image\/\",\"url\":\"https:\/\/masterchem.ee\/wp-content\/uploads\/2018\/02\/master-chem_final-1.png\",\"contentUrl\":\"https:\/\/masterchem.ee\/wp-content\/uploads\/2018\/02\/master-chem_final-1.png\",\"width\":850,\"height\":356,\"caption\":\"Masterchem\"},\"image\":{\"@id\":\"https:\/\/masterchem.ee\/fi\/#\/schema\/logo\/image\/\"}}]}<\/script>\n<!-- \/ Yoast SEO plugin. -->","yoast_head_json":{"title":"Alumiinihydroksidi (CAS 21645-51-2) - Chemistry For Industry - Solvents &amp; Chemicals - Masterchem.ee","description":"Alumiinihydroksidi on alumiini- (Al3+) ja hydroksidi-ionien (OH\u2212) ioniyhdiste, jota esiintyy mineraaleissa nelj\u00e4n\u00e4 eri polymorfina: gibsiittin\u00e4, bayeriittin\u00e4, nordstrandiittin\u00e4 ja doyeliittin\u00e4, joista gibsiitti on eritt\u00e4in yleinen ja muut hyvin harvinaisia.","robots":{"index":"index","follow":"follow","max-snippet":"max-snippet:-1","max-image-preview":"max-image-preview:large","max-video-preview":"max-video-preview:-1"},"canonical":"https:\/\/masterchem.ee\/fi\/tooted-ja-teenused\/alumiinihydroksidi-cas-21645-51-2\/","twitter_card":"summary_large_image","twitter_title":"Alumiinihydroksidi (CAS 21645-51-2) - Chemistry For Industry - Solvents &amp; Chemicals - Masterchem.ee","twitter_description":"Alumiinihydroksidi on alumiini- (Al3+) ja hydroksidi-ionien (OH\u2212) ioniyhdiste, jota esiintyy mineraaleissa nelj\u00e4n\u00e4 eri polymorfina: gibsiittin\u00e4, bayeriittin\u00e4, nordstrandiittin\u00e4 ja doyeliittin\u00e4, joista gibsiitti on eritt\u00e4in yleinen ja muut hyvin harvinaisia.","twitter_image":"https:\/\/masterchem.ee\/wp-content\/uploads\/2021\/12\/Alumiiniumhudroksiid-25kg-MasterChem.jpg","schema":{"@context":"https:\/\/schema.org","@graph":[{"@type":"WebPage","@id":"https:\/\/masterchem.ee\/fi\/tooted-ja-teenused\/alumiinihydroksidi-cas-21645-51-2\/","url":"https:\/\/masterchem.ee\/fi\/tooted-ja-teenused\/alumiinihydroksidi-cas-21645-51-2\/","name":"Alumiinihydroksidi (CAS 21645-51-2) - Chemistry For Industry - Solvents &amp; Chemicals - Masterchem.ee","isPartOf":{"@id":"https:\/\/masterchem.ee\/fi\/#website"},"primaryImageOfPage":{"@id":"https:\/\/masterchem.ee\/fi\/tooted-ja-teenused\/alumiinihydroksidi-cas-21645-51-2\/#primaryimage"},"image":{"@id":"https:\/\/masterchem.ee\/fi\/tooted-ja-teenused\/alumiinihydroksidi-cas-21645-51-2\/#primaryimage"},"thumbnailUrl":"https:\/\/masterchem.ee\/wp-content\/uploads\/2021\/12\/Alumiiniumhudroksiid-25kg-MasterChem.jpg","datePublished":"2021-12-22T08:56:39+00:00","dateModified":"2021-12-22T09:03:00+00:00","description":"Alumiinihydroksidi on alumiini- (Al3+) ja hydroksidi-ionien (OH\u2212) ioniyhdiste, jota esiintyy mineraaleissa nelj\u00e4n\u00e4 eri polymorfina: gibsiittin\u00e4, bayeriittin\u00e4, nordstrandiittin\u00e4 ja doyeliittin\u00e4, joista gibsiitti on eritt\u00e4in yleinen ja muut hyvin harvinaisia.","breadcrumb":{"@id":"https:\/\/masterchem.ee\/fi\/tooted-ja-teenused\/alumiinihydroksidi-cas-21645-51-2\/#breadcrumb"},"inLanguage":"fi","potentialAction":[{"@type":"ReadAction","target":["https:\/\/masterchem.ee\/fi\/tooted-ja-teenused\/alumiinihydroksidi-cas-21645-51-2\/"]}]},{"@type":"ImageObject","inLanguage":"fi","@id":"https:\/\/masterchem.ee\/fi\/tooted-ja-teenused\/alumiinihydroksidi-cas-21645-51-2\/#primaryimage","url":"https:\/\/masterchem.ee\/wp-content\/uploads\/2021\/12\/Alumiiniumhudroksiid-25kg-MasterChem.jpg","contentUrl":"https:\/\/masterchem.ee\/wp-content\/uploads\/2021\/12\/Alumiiniumhudroksiid-25kg-MasterChem.jpg","width":1000,"height":1000,"caption":"Alumiinihydroksidi (CAS 21645-51-2) 25kg MasterChem"},{"@type":"BreadcrumbList","@id":"https:\/\/masterchem.ee\/fi\/tooted-ja-teenused\/alumiinihydroksidi-cas-21645-51-2\/#breadcrumb","itemListElement":[{"@type":"ListItem","position":1,"name":"Home","item":"https:\/\/masterchem.ee\/fi\/"},{"@type":"ListItem","position":2,"name":"Tooted ja teenused","item":"https:\/\/masterchem.ee\/tooted-ja-teenused\/"},{"@type":"ListItem","position":3,"name":"Alumiinihydroksidi (CAS 21645-51-2)"}]},{"@type":"WebSite","@id":"https:\/\/masterchem.ee\/fi\/#website","url":"https:\/\/masterchem.ee\/fi\/","name":"Masterchem.ee","description":"Chemistry For Industry - Solvents &amp; Chemicals","publisher":{"@id":"https:\/\/masterchem.ee\/fi\/#organization"},"potentialAction":[{"@type":"SearchAction","target":{"@type":"EntryPoint","urlTemplate":"https:\/\/masterchem.ee\/fi\/?s={search_term_string}"},"query-input":{"@type":"PropertyValueSpecification","valueRequired":true,"valueName":"search_term_string"}}],"inLanguage":"fi"},{"@type":"Organization","@id":"https:\/\/masterchem.ee\/fi\/#organization","name":"Masterchem","url":"https:\/\/masterchem.ee\/fi\/","logo":{"@type":"ImageObject","inLanguage":"fi","@id":"https:\/\/masterchem.ee\/fi\/#\/schema\/logo\/image\/","url":"https:\/\/masterchem.ee\/wp-content\/uploads\/2018\/02\/master-chem_final-1.png","contentUrl":"https:\/\/masterchem.ee\/wp-content\/uploads\/2018\/02\/master-chem_final-1.png","width":850,"height":356,"caption":"Masterchem"},"image":{"@id":"https:\/\/masterchem.ee\/fi\/#\/schema\/logo\/image\/"}}]}},"_links":{"self":[{"href":"https:\/\/masterchem.ee\/fi\/wp-json\/wp\/v2\/product\/15908","targetHints":{"allow":["GET"]}}],"collection":[{"href":"https:\/\/masterchem.ee\/fi\/wp-json\/wp\/v2\/product"}],"about":[{"href":"https:\/\/masterchem.ee\/fi\/wp-json\/wp\/v2\/types\/product"}],"wp:featuredmedia":[{"embeddable":true,"href":"https:\/\/masterchem.ee\/fi\/wp-json\/wp\/v2\/media\/15914"}],"wp:attachment":[{"href":"https:\/\/masterchem.ee\/fi\/wp-json\/wp\/v2\/media?parent=15908"}],"wp:term":[{"taxonomy":"product_brand","embeddable":true,"href":"https:\/\/masterchem.ee\/fi\/wp-json\/wp\/v2\/product_brand?post=15908"},{"taxonomy":"product_cat","embeddable":true,"href":"https:\/\/masterchem.ee\/fi\/wp-json\/wp\/v2\/product_cat?post=15908"},{"taxonomy":"product_tag","embeddable":true,"href":"https:\/\/masterchem.ee\/fi\/wp-json\/wp\/v2\/product_tag?post=15908"}],"curies":[{"name":"wp","href":"https:\/\/api.w.org\/{rel}","templated":true}]}}