{"id":15893,"date":"2021-12-21T17:38:09","date_gmt":"2021-12-21T17:38:12","guid":{"rendered":"https:\/\/masterchem.ee\/?post_type=product&#038;p=15893"},"modified":"2021-12-21T17:47:52","modified_gmt":"2021-12-21T17:47:52","slug":"candelilla-vaha-cas-8006-44-8","status":"publish","type":"product","link":"https:\/\/masterchem.ee\/fi\/tooted-ja-teenused\/candelilla-vaha-cas-8006-44-8\/","title":{"rendered":"Candelilla-vaha (CAS 8006-44-8)"},"content":{"rendered":"<p> <strong> Info<\/strong> <\/p>\n<p> Toimialat: Kosmetiikkateollisuus <br \/>\nCAS-numero: 8006-44-8 <br \/>\nWE-numero: 232-347-0 <\/p>\n<p> <strong> Muut fyysiset ominaisuudet <\/strong> <br \/>\nSulamis-\/j\u00e4\u00e4tymispiste: 68 &#8211; 73 \u00b0C <br \/>\nSuhteellinen tiheys: 0,76 g \/ cm3 <\/p>\n","protected":false},"excerpt":{"rendered":"<p><strong>Candelilla-vaha (CAS 8006-44-8)<\/strong><\/p>\n<p> Candelilla-vaha on vaha, joka on per\u00e4isin Pohjois-Meksikosta ja Yhdysvaltojen lounaisosasta kotoisin olevan pienen Candelilla-pensaan, Euphorbia cerifera ja Euphorbia antisyphilitica, Euphorbiaceae-heimosta. Se on kellert\u00e4v\u00e4nruskea, kova, hauras, aromaattinen ja l\u00e4pin\u00e4kym\u00e4t\u00f6n tai l\u00e4pikuultava. <\/p>\n<p> Sit\u00e4 k\u00e4ytet\u00e4\u00e4n enimm\u00e4kseen sekoitettuna muiden vahojen kanssa niiden kovettamiseksi nostamatta niiden sulamispistett\u00e4. Elintarvikkeiden lis\u00e4aineena candelillavahalla on E-numero E 902 ja sit\u00e4 k\u00e4ytet\u00e4\u00e4n pintak\u00e4sittelyaineena. Sit\u00e4 k\u00e4ytet\u00e4\u00e4n my\u00f6s kosmetiikkateollisuudessa huulirasvojen ja voidepatukoiden komponenttina. Yksi sen t\u00e4rkeimmist\u00e4 k\u00e4ytt\u00f6tavoista on purukumin sideaineena. <\/p>\n<p> Candelilla-vahaa voidaan k\u00e4ytt\u00e4\u00e4 karnaubavahan ja mehil\u00e4isvahan korvikkeena. Sit\u00e4 k\u00e4ytet\u00e4\u00e4n my\u00f6s lakan valmistukseen. <\/p>\n","protected":false},"featured_media":15899,"template":"","meta":[],"product_brand":[],"product_cat":[180,294],"product_tag":[],"class_list":{"0":"post-15893","1":"product","2":"type-product","3":"status-publish","4":"has-post-thumbnail","6":"product_cat-uncategorized-fi-2","7":"product_cat-kosmetiikkateollisuus","9":"first","10":"instock","11":"taxable","12":"shipping-taxable","13":"purchasable","14":"product-type-variable","15":"has-default-attributes"},"yoast_head":"<!-- This site is optimized with the Yoast SEO plugin v26.2 - https:\/\/yoast.com\/wordpress\/plugins\/seo\/ -->\n<title>Candelilla-vaha (CAS 8006-44-8) - Chemistry For Industry - Solvents &amp; Chemicals - Masterchem.ee<\/title>\n<meta name=\"description\" content=\"Candelilla-vaha on vaha, joka on per\u00e4isin Pohjois-Meksikosta ja Yhdysvaltojen lounaisosasta kotoisin olevan pienen Candelilla-pensaan, Euphorbia cerifera ja Euphorbia antisyphilitica, Euphorbiaceae-heimosta.\" \/>\n<meta name=\"robots\" content=\"index, follow, max-snippet:-1, max-image-preview:large, max-video-preview:-1\" \/>\n<link rel=\"canonical\" href=\"https:\/\/masterchem.ee\/fi\/tooted-ja-teenused\/candelilla-vaha-cas-8006-44-8\/\" \/>\n<meta name=\"twitter:card\" content=\"summary_large_image\" \/>\n<meta name=\"twitter:title\" content=\"Candelilla-vaha (CAS 8006-44-8) - Chemistry For Industry - Solvents &amp; Chemicals - Masterchem.ee\" \/>\n<meta name=\"twitter:description\" content=\"Candelilla-vaha on vaha, joka on per\u00e4isin Pohjois-Meksikosta ja Yhdysvaltojen lounaisosasta kotoisin olevan pienen Candelilla-pensaan, Euphorbia cerifera ja Euphorbia antisyphilitica, Euphorbiaceae-heimosta.\" \/>\n<meta name=\"twitter:image\" content=\"https:\/\/masterchem.ee\/wp-content\/uploads\/2021\/12\/candelilla-vaha-25kg-MasterChem.jpg\" \/>\n<script type=\"application\/ld+json\" class=\"yoast-schema-graph\">{\"@context\":\"https:\/\/schema.org\",\"@graph\":[{\"@type\":\"WebPage\",\"@id\":\"https:\/\/masterchem.ee\/fi\/tooted-ja-teenused\/candelilla-vaha-cas-8006-44-8\/\",\"url\":\"https:\/\/masterchem.ee\/fi\/tooted-ja-teenused\/candelilla-vaha-cas-8006-44-8\/\",\"name\":\"Candelilla-vaha (CAS 8006-44-8) - Chemistry For Industry - Solvents &amp; Chemicals - Masterchem.ee\",\"isPartOf\":{\"@id\":\"https:\/\/masterchem.ee\/fi\/#website\"},\"primaryImageOfPage\":{\"@id\":\"https:\/\/masterchem.ee\/fi\/tooted-ja-teenused\/candelilla-vaha-cas-8006-44-8\/#primaryimage\"},\"image\":{\"@id\":\"https:\/\/masterchem.ee\/fi\/tooted-ja-teenused\/candelilla-vaha-cas-8006-44-8\/#primaryimage\"},\"thumbnailUrl\":\"https:\/\/masterchem.ee\/wp-content\/uploads\/2021\/12\/candelilla-vaha-25kg-MasterChem.jpg\",\"datePublished\":\"2021-12-21T17:38:12+00:00\",\"dateModified\":\"2021-12-21T17:47:52+00:00\",\"description\":\"Candelilla-vaha on vaha, joka on per\u00e4isin Pohjois-Meksikosta ja Yhdysvaltojen lounaisosasta kotoisin olevan pienen Candelilla-pensaan, Euphorbia cerifera ja Euphorbia antisyphilitica, Euphorbiaceae-heimosta.\",\"breadcrumb\":{\"@id\":\"https:\/\/masterchem.ee\/fi\/tooted-ja-teenused\/candelilla-vaha-cas-8006-44-8\/#breadcrumb\"},\"inLanguage\":\"fi\",\"potentialAction\":[{\"@type\":\"ReadAction\",\"target\":[\"https:\/\/masterchem.ee\/fi\/tooted-ja-teenused\/candelilla-vaha-cas-8006-44-8\/\"]}]},{\"@type\":\"ImageObject\",\"inLanguage\":\"fi\",\"@id\":\"https:\/\/masterchem.ee\/fi\/tooted-ja-teenused\/candelilla-vaha-cas-8006-44-8\/#primaryimage\",\"url\":\"https:\/\/masterchem.ee\/wp-content\/uploads\/2021\/12\/candelilla-vaha-25kg-MasterChem.jpg\",\"contentUrl\":\"https:\/\/masterchem.ee\/wp-content\/uploads\/2021\/12\/candelilla-vaha-25kg-MasterChem.jpg\",\"width\":1000,\"height\":1000,\"caption\":\"Candelilla-vaha (CAS 8006-44-8) 25kg MasterChem\"},{\"@type\":\"BreadcrumbList\",\"@id\":\"https:\/\/masterchem.ee\/fi\/tooted-ja-teenused\/candelilla-vaha-cas-8006-44-8\/#breadcrumb\",\"itemListElement\":[{\"@type\":\"ListItem\",\"position\":1,\"name\":\"Home\",\"item\":\"https:\/\/masterchem.ee\/fi\/\"},{\"@type\":\"ListItem\",\"position\":2,\"name\":\"Tooted ja teenused\",\"item\":\"https:\/\/masterchem.ee\/tooted-ja-teenused\/\"},{\"@type\":\"ListItem\",\"position\":3,\"name\":\"Candelilla-vaha (CAS 8006-44-8)\"}]},{\"@type\":\"WebSite\",\"@id\":\"https:\/\/masterchem.ee\/fi\/#website\",\"url\":\"https:\/\/masterchem.ee\/fi\/\",\"name\":\"Masterchem.ee\",\"description\":\"Chemistry For Industry - Solvents &amp; Chemicals\",\"publisher\":{\"@id\":\"https:\/\/masterchem.ee\/fi\/#organization\"},\"potentialAction\":[{\"@type\":\"SearchAction\",\"target\":{\"@type\":\"EntryPoint\",\"urlTemplate\":\"https:\/\/masterchem.ee\/fi\/?s={search_term_string}\"},\"query-input\":{\"@type\":\"PropertyValueSpecification\",\"valueRequired\":true,\"valueName\":\"search_term_string\"}}],\"inLanguage\":\"fi\"},{\"@type\":\"Organization\",\"@id\":\"https:\/\/masterchem.ee\/fi\/#organization\",\"name\":\"Masterchem\",\"url\":\"https:\/\/masterchem.ee\/fi\/\",\"logo\":{\"@type\":\"ImageObject\",\"inLanguage\":\"fi\",\"@id\":\"https:\/\/masterchem.ee\/fi\/#\/schema\/logo\/image\/\",\"url\":\"https:\/\/masterchem.ee\/wp-content\/uploads\/2018\/02\/master-chem_final-1.png\",\"contentUrl\":\"https:\/\/masterchem.ee\/wp-content\/uploads\/2018\/02\/master-chem_final-1.png\",\"width\":850,\"height\":356,\"caption\":\"Masterchem\"},\"image\":{\"@id\":\"https:\/\/masterchem.ee\/fi\/#\/schema\/logo\/image\/\"}}]}<\/script>\n<!-- \/ Yoast SEO plugin. -->","yoast_head_json":{"title":"Candelilla-vaha (CAS 8006-44-8) - Chemistry For Industry - Solvents &amp; Chemicals - Masterchem.ee","description":"Candelilla-vaha on vaha, joka on per\u00e4isin Pohjois-Meksikosta ja Yhdysvaltojen lounaisosasta kotoisin olevan pienen Candelilla-pensaan, Euphorbia cerifera ja Euphorbia antisyphilitica, Euphorbiaceae-heimosta.","robots":{"index":"index","follow":"follow","max-snippet":"max-snippet:-1","max-image-preview":"max-image-preview:large","max-video-preview":"max-video-preview:-1"},"canonical":"https:\/\/masterchem.ee\/fi\/tooted-ja-teenused\/candelilla-vaha-cas-8006-44-8\/","twitter_card":"summary_large_image","twitter_title":"Candelilla-vaha (CAS 8006-44-8) - Chemistry For Industry - Solvents &amp; Chemicals - Masterchem.ee","twitter_description":"Candelilla-vaha on vaha, joka on per\u00e4isin Pohjois-Meksikosta ja Yhdysvaltojen lounaisosasta kotoisin olevan pienen Candelilla-pensaan, Euphorbia cerifera ja Euphorbia antisyphilitica, Euphorbiaceae-heimosta.","twitter_image":"https:\/\/masterchem.ee\/wp-content\/uploads\/2021\/12\/candelilla-vaha-25kg-MasterChem.jpg","schema":{"@context":"https:\/\/schema.org","@graph":[{"@type":"WebPage","@id":"https:\/\/masterchem.ee\/fi\/tooted-ja-teenused\/candelilla-vaha-cas-8006-44-8\/","url":"https:\/\/masterchem.ee\/fi\/tooted-ja-teenused\/candelilla-vaha-cas-8006-44-8\/","name":"Candelilla-vaha (CAS 8006-44-8) - Chemistry For Industry - Solvents &amp; Chemicals - Masterchem.ee","isPartOf":{"@id":"https:\/\/masterchem.ee\/fi\/#website"},"primaryImageOfPage":{"@id":"https:\/\/masterchem.ee\/fi\/tooted-ja-teenused\/candelilla-vaha-cas-8006-44-8\/#primaryimage"},"image":{"@id":"https:\/\/masterchem.ee\/fi\/tooted-ja-teenused\/candelilla-vaha-cas-8006-44-8\/#primaryimage"},"thumbnailUrl":"https:\/\/masterchem.ee\/wp-content\/uploads\/2021\/12\/candelilla-vaha-25kg-MasterChem.jpg","datePublished":"2021-12-21T17:38:12+00:00","dateModified":"2021-12-21T17:47:52+00:00","description":"Candelilla-vaha on vaha, joka on per\u00e4isin Pohjois-Meksikosta ja Yhdysvaltojen lounaisosasta kotoisin olevan pienen Candelilla-pensaan, Euphorbia cerifera ja Euphorbia antisyphilitica, Euphorbiaceae-heimosta.","breadcrumb":{"@id":"https:\/\/masterchem.ee\/fi\/tooted-ja-teenused\/candelilla-vaha-cas-8006-44-8\/#breadcrumb"},"inLanguage":"fi","potentialAction":[{"@type":"ReadAction","target":["https:\/\/masterchem.ee\/fi\/tooted-ja-teenused\/candelilla-vaha-cas-8006-44-8\/"]}]},{"@type":"ImageObject","inLanguage":"fi","@id":"https:\/\/masterchem.ee\/fi\/tooted-ja-teenused\/candelilla-vaha-cas-8006-44-8\/#primaryimage","url":"https:\/\/masterchem.ee\/wp-content\/uploads\/2021\/12\/candelilla-vaha-25kg-MasterChem.jpg","contentUrl":"https:\/\/masterchem.ee\/wp-content\/uploads\/2021\/12\/candelilla-vaha-25kg-MasterChem.jpg","width":1000,"height":1000,"caption":"Candelilla-vaha (CAS 8006-44-8) 25kg MasterChem"},{"@type":"BreadcrumbList","@id":"https:\/\/masterchem.ee\/fi\/tooted-ja-teenused\/candelilla-vaha-cas-8006-44-8\/#breadcrumb","itemListElement":[{"@type":"ListItem","position":1,"name":"Home","item":"https:\/\/masterchem.ee\/fi\/"},{"@type":"ListItem","position":2,"name":"Tooted ja teenused","item":"https:\/\/masterchem.ee\/tooted-ja-teenused\/"},{"@type":"ListItem","position":3,"name":"Candelilla-vaha (CAS 8006-44-8)"}]},{"@type":"WebSite","@id":"https:\/\/masterchem.ee\/fi\/#website","url":"https:\/\/masterchem.ee\/fi\/","name":"Masterchem.ee","description":"Chemistry For Industry - Solvents &amp; Chemicals","publisher":{"@id":"https:\/\/masterchem.ee\/fi\/#organization"},"potentialAction":[{"@type":"SearchAction","target":{"@type":"EntryPoint","urlTemplate":"https:\/\/masterchem.ee\/fi\/?s={search_term_string}"},"query-input":{"@type":"PropertyValueSpecification","valueRequired":true,"valueName":"search_term_string"}}],"inLanguage":"fi"},{"@type":"Organization","@id":"https:\/\/masterchem.ee\/fi\/#organization","name":"Masterchem","url":"https:\/\/masterchem.ee\/fi\/","logo":{"@type":"ImageObject","inLanguage":"fi","@id":"https:\/\/masterchem.ee\/fi\/#\/schema\/logo\/image\/","url":"https:\/\/masterchem.ee\/wp-content\/uploads\/2018\/02\/master-chem_final-1.png","contentUrl":"https:\/\/masterchem.ee\/wp-content\/uploads\/2018\/02\/master-chem_final-1.png","width":850,"height":356,"caption":"Masterchem"},"image":{"@id":"https:\/\/masterchem.ee\/fi\/#\/schema\/logo\/image\/"}}]}},"_links":{"self":[{"href":"https:\/\/masterchem.ee\/fi\/wp-json\/wp\/v2\/product\/15893","targetHints":{"allow":["GET"]}}],"collection":[{"href":"https:\/\/masterchem.ee\/fi\/wp-json\/wp\/v2\/product"}],"about":[{"href":"https:\/\/masterchem.ee\/fi\/wp-json\/wp\/v2\/types\/product"}],"wp:featuredmedia":[{"embeddable":true,"href":"https:\/\/masterchem.ee\/fi\/wp-json\/wp\/v2\/media\/15899"}],"wp:attachment":[{"href":"https:\/\/masterchem.ee\/fi\/wp-json\/wp\/v2\/media?parent=15893"}],"wp:term":[{"taxonomy":"product_brand","embeddable":true,"href":"https:\/\/masterchem.ee\/fi\/wp-json\/wp\/v2\/product_brand?post=15893"},{"taxonomy":"product_cat","embeddable":true,"href":"https:\/\/masterchem.ee\/fi\/wp-json\/wp\/v2\/product_cat?post=15893"},{"taxonomy":"product_tag","embeddable":true,"href":"https:\/\/masterchem.ee\/fi\/wp-json\/wp\/v2\/product_tag?post=15893"}],"curies":[{"name":"wp","href":"https:\/\/api.w.org\/{rel}","templated":true}]}}