{"id":15878,"date":"2021-12-21T14:54:15","date_gmt":"2021-12-21T14:54:18","guid":{"rendered":"https:\/\/masterchem.ee\/?post_type=product&#038;p=15878"},"modified":"2021-12-21T15:02:25","modified_gmt":"2021-12-21T15:02:25","slug":"karnaubavaha-cas-8015-86-9","status":"publish","type":"product","link":"https:\/\/masterchem.ee\/fi\/tooted-ja-teenused\/karnaubavaha-cas-8015-86-9\/","title":{"rendered":"Karnaubavaha (CAS 8015-86-9)"},"content":{"rendered":"<p> <strong> Info<\/strong> <\/p>\n<p> Toimialat: Kosmetiikkateollisuus <br \/>\nCAS-numero: 8015-86-9 <br \/>\nWE-numero: 232-399-4 <\/p>\n<p> <strong> Muut fyysiset ominaisuudet <\/strong> <br \/>\nSulamis-\/j\u00e4\u00e4tymispiste: 78 &#8211; 88 \u00b0C <br \/>\nSuhteellinen tiheys: 0,99 &#8211; 1,0 g \/ cm (20 \u00b0C) <\/p>\n","protected":false},"excerpt":{"rendered":"<p><strong>Karnaubavaha (CAS 8015-86-9)<\/strong><\/p>\n<p> Karnaubavaha esiintyy vaaleanruskeasta vaaleankeltaiseen jauheena, hiutaleina tai ep\u00e4s\u00e4\u00e4nn\u00f6llisen\u00e4 kovan, hauraan vahan kokkareena. Sill\u00e4 on tyypillinen mieto tuoksu eik\u00e4 k\u00e4yt\u00e4nn\u00f6ss\u00e4 makua. Se on vapaa eltaantumisesta. Eri tyyppej\u00e4 ja laatuja on saatavana kaupallisesti. <\/p>\n<p> Aina kun halutaan kovaa, kiillotettua vahaa, esim. autovahoissa, lattiavahaemulsioissa, korkealaatuisissa keng\u00e4nkiillotusaineissa, paperiteollisuudessa (erityisesti hiilipaperien valmistukseen). Pehmittimen\u00e4 hammasj\u00e4ljenn\u00f6syhdisteiss\u00e4. Nostaa muiden vahojen sulamispistett\u00e4; k\u00e4ytet\u00e4\u00e4n usein yhdess\u00e4 kandelillavahan kanssa. Alhaisemmassa l\u00e4mp\u00f6tilassa sulavan vahan l\u00e4sn\u00e4oloa pidet\u00e4\u00e4n v\u00e4\u00e4renn\u00f6ksen\u00e4. Puhdistettua ja valkaistua karnaubavahaa k\u00e4ytet\u00e4\u00e4n kosmeettisissa materiaaleissa, kuten karvanpoistoaineissa ja deodoranttipuikoissa. Apteekissa tabletin p\u00e4\u00e4llyst\u00e4misen viimeinen vaihe. Karnaubavahan aiheuttama ihon herkistyminen tai \u00e4rsytys n\u00e4ytt\u00e4\u00e4 harvinaiselta. <\/p>\n<p> K\u00e4ytt\u00e4\u00e4 karnaubavahaa k\u00e4ytet\u00e4\u00e4n kosmeettisten valmisteiden kiinteytt\u00e4miseen ja teksturointiin, ja niiden koostumus on v\u00e4hemm\u00e4n nestem\u00e4inen. Karnaubavaha muodostaa my\u00f6s suojaavan kerroksen ihon pinnalle. Sill\u00e4 on korkein sulamispiste luonnollisista kasvivahoista, eik\u00e4 se yleens\u00e4 aiheuta allergisia reaktioita. T\u00e4m\u00e4 vaha saadaan brasilialaisen vahapalmun lehdist\u00e4 ja lehtisilmuista. <\/p>\n<p> K\u00e4ytt\u00f6tarkoitukset Carnauba Wax on yleisk\u00e4ytt\u00f6inen elintarvikelis\u00e4aine, joka on kova ja hauras vaha. sit\u00e4 saadaan brasilialaisen vahapalmun copernicia ceriferan lehtisilmuista ja lehdist\u00e4. se on kovin tunnettu vaha, ja sit\u00e4 k\u00e4ytet\u00e4\u00e4n karamellilasituksessa. <\/p>\n","protected":false},"featured_media":15884,"template":"","meta":[],"product_brand":[],"product_cat":[180,294],"product_tag":[],"class_list":{"0":"post-15878","1":"product","2":"type-product","3":"status-publish","4":"has-post-thumbnail","6":"product_cat-uncategorized-fi-2","7":"product_cat-kosmetiikkateollisuus","9":"first","10":"instock","11":"taxable","12":"shipping-taxable","13":"purchasable","14":"product-type-variable","15":"has-default-attributes"},"yoast_head":"<!-- This site is optimized with the Yoast SEO plugin v26.2 - https:\/\/yoast.com\/wordpress\/plugins\/seo\/ -->\n<title>Karnaubavaha (CAS 8015-86-9) - Chemistry For Industry - Solvents &amp; Chemicals - Masterchem.ee<\/title>\n<meta name=\"description\" content=\"Karnaubavaha esiintyy vaaleanruskeasta vaaleankeltaiseen jauheena, hiutaleina tai ep\u00e4s\u00e4\u00e4nn\u00f6llisen\u00e4 kovan, hauraan vahan kokkareena.\" \/>\n<meta name=\"robots\" content=\"index, follow, max-snippet:-1, max-image-preview:large, max-video-preview:-1\" \/>\n<link rel=\"canonical\" href=\"https:\/\/masterchem.ee\/fi\/tooted-ja-teenused\/karnaubavaha-cas-8015-86-9\/\" \/>\n<meta name=\"twitter:card\" content=\"summary_large_image\" \/>\n<meta name=\"twitter:title\" content=\"Karnaubavaha (CAS 8015-86-9) - Chemistry For Industry - Solvents &amp; Chemicals - Masterchem.ee\" \/>\n<meta name=\"twitter:description\" content=\"Karnaubavaha esiintyy vaaleanruskeasta vaaleankeltaiseen jauheena, hiutaleina tai ep\u00e4s\u00e4\u00e4nn\u00f6llisen\u00e4 kovan, hauraan vahan kokkareena.\" \/>\n<meta name=\"twitter:image\" content=\"https:\/\/masterchem.ee\/wp-content\/uploads\/2021\/12\/Karnaubavaha-25kg-MasterChem.jpg\" \/>\n<script type=\"application\/ld+json\" class=\"yoast-schema-graph\">{\"@context\":\"https:\/\/schema.org\",\"@graph\":[{\"@type\":\"WebPage\",\"@id\":\"https:\/\/masterchem.ee\/fi\/tooted-ja-teenused\/karnaubavaha-cas-8015-86-9\/\",\"url\":\"https:\/\/masterchem.ee\/fi\/tooted-ja-teenused\/karnaubavaha-cas-8015-86-9\/\",\"name\":\"Karnaubavaha (CAS 8015-86-9) - Chemistry For Industry - Solvents &amp; Chemicals - Masterchem.ee\",\"isPartOf\":{\"@id\":\"https:\/\/masterchem.ee\/fi\/#website\"},\"primaryImageOfPage\":{\"@id\":\"https:\/\/masterchem.ee\/fi\/tooted-ja-teenused\/karnaubavaha-cas-8015-86-9\/#primaryimage\"},\"image\":{\"@id\":\"https:\/\/masterchem.ee\/fi\/tooted-ja-teenused\/karnaubavaha-cas-8015-86-9\/#primaryimage\"},\"thumbnailUrl\":\"https:\/\/masterchem.ee\/wp-content\/uploads\/2021\/12\/Karnaubavaha-25kg-MasterChem.jpg\",\"datePublished\":\"2021-12-21T14:54:18+00:00\",\"dateModified\":\"2021-12-21T15:02:25+00:00\",\"description\":\"Karnaubavaha esiintyy vaaleanruskeasta vaaleankeltaiseen jauheena, hiutaleina tai ep\u00e4s\u00e4\u00e4nn\u00f6llisen\u00e4 kovan, hauraan vahan kokkareena.\",\"breadcrumb\":{\"@id\":\"https:\/\/masterchem.ee\/fi\/tooted-ja-teenused\/karnaubavaha-cas-8015-86-9\/#breadcrumb\"},\"inLanguage\":\"fi\",\"potentialAction\":[{\"@type\":\"ReadAction\",\"target\":[\"https:\/\/masterchem.ee\/fi\/tooted-ja-teenused\/karnaubavaha-cas-8015-86-9\/\"]}]},{\"@type\":\"ImageObject\",\"inLanguage\":\"fi\",\"@id\":\"https:\/\/masterchem.ee\/fi\/tooted-ja-teenused\/karnaubavaha-cas-8015-86-9\/#primaryimage\",\"url\":\"https:\/\/masterchem.ee\/wp-content\/uploads\/2021\/12\/Karnaubavaha-25kg-MasterChem.jpg\",\"contentUrl\":\"https:\/\/masterchem.ee\/wp-content\/uploads\/2021\/12\/Karnaubavaha-25kg-MasterChem.jpg\",\"width\":1000,\"height\":1000,\"caption\":\"Karnaubavaha (CAS 8015-86-9) 25kg MasterChem\"},{\"@type\":\"BreadcrumbList\",\"@id\":\"https:\/\/masterchem.ee\/fi\/tooted-ja-teenused\/karnaubavaha-cas-8015-86-9\/#breadcrumb\",\"itemListElement\":[{\"@type\":\"ListItem\",\"position\":1,\"name\":\"Home\",\"item\":\"https:\/\/masterchem.ee\/fi\/\"},{\"@type\":\"ListItem\",\"position\":2,\"name\":\"Tooted ja teenused\",\"item\":\"https:\/\/masterchem.ee\/tooted-ja-teenused\/\"},{\"@type\":\"ListItem\",\"position\":3,\"name\":\"Karnaubavaha (CAS 8015-86-9)\"}]},{\"@type\":\"WebSite\",\"@id\":\"https:\/\/masterchem.ee\/fi\/#website\",\"url\":\"https:\/\/masterchem.ee\/fi\/\",\"name\":\"Masterchem.ee\",\"description\":\"Chemistry For Industry - Solvents &amp; Chemicals\",\"publisher\":{\"@id\":\"https:\/\/masterchem.ee\/fi\/#organization\"},\"potentialAction\":[{\"@type\":\"SearchAction\",\"target\":{\"@type\":\"EntryPoint\",\"urlTemplate\":\"https:\/\/masterchem.ee\/fi\/?s={search_term_string}\"},\"query-input\":{\"@type\":\"PropertyValueSpecification\",\"valueRequired\":true,\"valueName\":\"search_term_string\"}}],\"inLanguage\":\"fi\"},{\"@type\":\"Organization\",\"@id\":\"https:\/\/masterchem.ee\/fi\/#organization\",\"name\":\"Masterchem\",\"url\":\"https:\/\/masterchem.ee\/fi\/\",\"logo\":{\"@type\":\"ImageObject\",\"inLanguage\":\"fi\",\"@id\":\"https:\/\/masterchem.ee\/fi\/#\/schema\/logo\/image\/\",\"url\":\"https:\/\/masterchem.ee\/wp-content\/uploads\/2018\/02\/master-chem_final-1.png\",\"contentUrl\":\"https:\/\/masterchem.ee\/wp-content\/uploads\/2018\/02\/master-chem_final-1.png\",\"width\":850,\"height\":356,\"caption\":\"Masterchem\"},\"image\":{\"@id\":\"https:\/\/masterchem.ee\/fi\/#\/schema\/logo\/image\/\"}}]}<\/script>\n<!-- \/ Yoast SEO plugin. -->","yoast_head_json":{"title":"Karnaubavaha (CAS 8015-86-9) - Chemistry For Industry - Solvents &amp; Chemicals - Masterchem.ee","description":"Karnaubavaha esiintyy vaaleanruskeasta vaaleankeltaiseen jauheena, hiutaleina tai ep\u00e4s\u00e4\u00e4nn\u00f6llisen\u00e4 kovan, hauraan vahan kokkareena.","robots":{"index":"index","follow":"follow","max-snippet":"max-snippet:-1","max-image-preview":"max-image-preview:large","max-video-preview":"max-video-preview:-1"},"canonical":"https:\/\/masterchem.ee\/fi\/tooted-ja-teenused\/karnaubavaha-cas-8015-86-9\/","twitter_card":"summary_large_image","twitter_title":"Karnaubavaha (CAS 8015-86-9) - Chemistry For Industry - Solvents &amp; Chemicals - Masterchem.ee","twitter_description":"Karnaubavaha esiintyy vaaleanruskeasta vaaleankeltaiseen jauheena, hiutaleina tai ep\u00e4s\u00e4\u00e4nn\u00f6llisen\u00e4 kovan, hauraan vahan kokkareena.","twitter_image":"https:\/\/masterchem.ee\/wp-content\/uploads\/2021\/12\/Karnaubavaha-25kg-MasterChem.jpg","schema":{"@context":"https:\/\/schema.org","@graph":[{"@type":"WebPage","@id":"https:\/\/masterchem.ee\/fi\/tooted-ja-teenused\/karnaubavaha-cas-8015-86-9\/","url":"https:\/\/masterchem.ee\/fi\/tooted-ja-teenused\/karnaubavaha-cas-8015-86-9\/","name":"Karnaubavaha (CAS 8015-86-9) - Chemistry For Industry - Solvents &amp; Chemicals - Masterchem.ee","isPartOf":{"@id":"https:\/\/masterchem.ee\/fi\/#website"},"primaryImageOfPage":{"@id":"https:\/\/masterchem.ee\/fi\/tooted-ja-teenused\/karnaubavaha-cas-8015-86-9\/#primaryimage"},"image":{"@id":"https:\/\/masterchem.ee\/fi\/tooted-ja-teenused\/karnaubavaha-cas-8015-86-9\/#primaryimage"},"thumbnailUrl":"https:\/\/masterchem.ee\/wp-content\/uploads\/2021\/12\/Karnaubavaha-25kg-MasterChem.jpg","datePublished":"2021-12-21T14:54:18+00:00","dateModified":"2021-12-21T15:02:25+00:00","description":"Karnaubavaha esiintyy vaaleanruskeasta vaaleankeltaiseen jauheena, hiutaleina tai ep\u00e4s\u00e4\u00e4nn\u00f6llisen\u00e4 kovan, hauraan vahan kokkareena.","breadcrumb":{"@id":"https:\/\/masterchem.ee\/fi\/tooted-ja-teenused\/karnaubavaha-cas-8015-86-9\/#breadcrumb"},"inLanguage":"fi","potentialAction":[{"@type":"ReadAction","target":["https:\/\/masterchem.ee\/fi\/tooted-ja-teenused\/karnaubavaha-cas-8015-86-9\/"]}]},{"@type":"ImageObject","inLanguage":"fi","@id":"https:\/\/masterchem.ee\/fi\/tooted-ja-teenused\/karnaubavaha-cas-8015-86-9\/#primaryimage","url":"https:\/\/masterchem.ee\/wp-content\/uploads\/2021\/12\/Karnaubavaha-25kg-MasterChem.jpg","contentUrl":"https:\/\/masterchem.ee\/wp-content\/uploads\/2021\/12\/Karnaubavaha-25kg-MasterChem.jpg","width":1000,"height":1000,"caption":"Karnaubavaha (CAS 8015-86-9) 25kg MasterChem"},{"@type":"BreadcrumbList","@id":"https:\/\/masterchem.ee\/fi\/tooted-ja-teenused\/karnaubavaha-cas-8015-86-9\/#breadcrumb","itemListElement":[{"@type":"ListItem","position":1,"name":"Home","item":"https:\/\/masterchem.ee\/fi\/"},{"@type":"ListItem","position":2,"name":"Tooted ja teenused","item":"https:\/\/masterchem.ee\/tooted-ja-teenused\/"},{"@type":"ListItem","position":3,"name":"Karnaubavaha (CAS 8015-86-9)"}]},{"@type":"WebSite","@id":"https:\/\/masterchem.ee\/fi\/#website","url":"https:\/\/masterchem.ee\/fi\/","name":"Masterchem.ee","description":"Chemistry For Industry - Solvents &amp; Chemicals","publisher":{"@id":"https:\/\/masterchem.ee\/fi\/#organization"},"potentialAction":[{"@type":"SearchAction","target":{"@type":"EntryPoint","urlTemplate":"https:\/\/masterchem.ee\/fi\/?s={search_term_string}"},"query-input":{"@type":"PropertyValueSpecification","valueRequired":true,"valueName":"search_term_string"}}],"inLanguage":"fi"},{"@type":"Organization","@id":"https:\/\/masterchem.ee\/fi\/#organization","name":"Masterchem","url":"https:\/\/masterchem.ee\/fi\/","logo":{"@type":"ImageObject","inLanguage":"fi","@id":"https:\/\/masterchem.ee\/fi\/#\/schema\/logo\/image\/","url":"https:\/\/masterchem.ee\/wp-content\/uploads\/2018\/02\/master-chem_final-1.png","contentUrl":"https:\/\/masterchem.ee\/wp-content\/uploads\/2018\/02\/master-chem_final-1.png","width":850,"height":356,"caption":"Masterchem"},"image":{"@id":"https:\/\/masterchem.ee\/fi\/#\/schema\/logo\/image\/"}}]}},"_links":{"self":[{"href":"https:\/\/masterchem.ee\/fi\/wp-json\/wp\/v2\/product\/15878","targetHints":{"allow":["GET"]}}],"collection":[{"href":"https:\/\/masterchem.ee\/fi\/wp-json\/wp\/v2\/product"}],"about":[{"href":"https:\/\/masterchem.ee\/fi\/wp-json\/wp\/v2\/types\/product"}],"wp:featuredmedia":[{"embeddable":true,"href":"https:\/\/masterchem.ee\/fi\/wp-json\/wp\/v2\/media\/15884"}],"wp:attachment":[{"href":"https:\/\/masterchem.ee\/fi\/wp-json\/wp\/v2\/media?parent=15878"}],"wp:term":[{"taxonomy":"product_brand","embeddable":true,"href":"https:\/\/masterchem.ee\/fi\/wp-json\/wp\/v2\/product_brand?post=15878"},{"taxonomy":"product_cat","embeddable":true,"href":"https:\/\/masterchem.ee\/fi\/wp-json\/wp\/v2\/product_cat?post=15878"},{"taxonomy":"product_tag","embeddable":true,"href":"https:\/\/masterchem.ee\/fi\/wp-json\/wp\/v2\/product_tag?post=15878"}],"curies":[{"name":"wp","href":"https:\/\/api.w.org\/{rel}","templated":true}]}}