{"id":15856,"date":"2021-12-17T10:36:00","date_gmt":"2021-12-17T10:36:04","guid":{"rendered":"https:\/\/masterchem.ee\/?post_type=product&#038;p=15856"},"modified":"2021-12-17T11:13:41","modified_gmt":"2021-12-17T11:13:41","slug":"mehilaisvaha-cas-64742-26-3","status":"publish","type":"product","link":"https:\/\/masterchem.ee\/fi\/tooted-ja-teenused\/mehilaisvaha-cas-64742-26-3\/","title":{"rendered":"Mehil\u00e4isvaha (CAS 64742-26-3)"},"content":{"rendered":"<p> <strong> Info<\/strong> <\/p>\n<p>Toimialat: kosmetiikkateollisuus<br \/>\nCAS number: 64742-26-3; 68334-28-1; 2778-96-3<br \/>\nWE number: 265-126-2; 269-820-6; 220-476-5<\/p>\n","protected":false},"excerpt":{"rendered":"<p><strong>Mehil\u00e4isvaha (CAS 64742-26-3)<\/strong><\/p>\n<p>Absoluuttinen mehil\u00e4isvaha saadaan uuttamalla mehil\u00e4isvahasta alkoholilla. Saanto on yleens\u00e4 alle 1 %. Kellert\u00e4v\u00e4nruskealla, viskoosilla tuotteella on mieto, hunajamainen tuoksu ja korkea sitkeys; sit\u00e4 k\u00e4ytet\u00e4\u00e4n l\u00e4hes yksinomaan hienoissa tuoksuissa.<\/p>\n<p>Raakakeltainen mehil\u00e4isvaha ker\u00e4t\u00e4\u00e4n yhdess\u00e4 hunajan kanssa, ja se edustaa mehil\u00e4isen toissijaista erityst\u00e4. Kun hunaja on otettu talteen kennosta tyhjent\u00e4m\u00e4ll\u00e4 solut, vahakennot pest\u00e4\u00e4n vedell\u00e4, sulatetaan ja kaadetaan muotteihin kovettumaan. Vaha puhdistetaan sulattamalla kuumassa vedess\u00e4, johon voidaan lis\u00e4t\u00e4 rikkihappoa tai alkalia ep\u00e4puhtauksien poistamiseksi. Saatua vahaa kutsutaan keltaiseksi mehil\u00e4isvahaksi. Keltainen mehil\u00e4isvaha sis\u00e4lt\u00e4\u00e4 seroliinia, rasvahappojen seosta ja liukenee kuumaan alkoholiin ja liukenee heikosti kylm\u00e4\u00e4n alkoholiin; myrisyylialkoholi ja myrisyylipalmitaatti, alkoholiin liukenematon. Mehil\u00e4isvahaa tuotetaan maailmanlaajuisesti samalla kemiallisella koostumuksella. Haju voi vaihdella hieman l\u00e4hteest\u00e4 riippuen.<\/p>\n","protected":false},"featured_media":15862,"template":"","meta":[],"product_brand":[],"product_cat":[180,294],"product_tag":[],"class_list":{"0":"post-15856","1":"product","2":"type-product","3":"status-publish","4":"has-post-thumbnail","6":"product_cat-uncategorized-fi-2","7":"product_cat-kosmetiikkateollisuus","9":"first","10":"instock","11":"taxable","12":"shipping-taxable","13":"purchasable","14":"product-type-variable","15":"has-default-attributes"},"yoast_head":"<!-- This site is optimized with the Yoast SEO plugin v26.2 - https:\/\/yoast.com\/wordpress\/plugins\/seo\/ -->\n<title>Mehil\u00e4isvaha (CAS 64742-26-3) - Chemistry For Industry - Solvents &amp; Chemicals - Masterchem.ee<\/title>\n<meta name=\"description\" content=\"Absoluuttinen mehil\u00e4isvaha saadaan uuttamalla mehil\u00e4isvahasta alkoholilla. Saanto on yleens\u00e4 alle 1 %. Kellert\u00e4v\u00e4nruskealla, viskoosilla tuotteella on mieto, hunajamainen tuoksu ja korkea sitkeys; sit\u00e4 k\u00e4ytet\u00e4\u00e4n l\u00e4hes yksinomaan hienoissa tuoksuissa.\" \/>\n<meta name=\"robots\" content=\"index, follow, max-snippet:-1, max-image-preview:large, max-video-preview:-1\" \/>\n<link rel=\"canonical\" href=\"https:\/\/masterchem.ee\/fi\/tooted-ja-teenused\/mehilaisvaha-cas-64742-26-3\/\" \/>\n<meta name=\"twitter:card\" content=\"summary_large_image\" \/>\n<meta name=\"twitter:title\" content=\"Mehil\u00e4isvaha (CAS 64742-26-3) - Chemistry For Industry - Solvents &amp; Chemicals - Masterchem.ee\" \/>\n<meta name=\"twitter:description\" content=\"Absoluuttinen mehil\u00e4isvaha saadaan uuttamalla mehil\u00e4isvahasta alkoholilla. Saanto on yleens\u00e4 alle 1 %. Kellert\u00e4v\u00e4nruskealla, viskoosilla tuotteella on mieto, hunajamainen tuoksu ja korkea sitkeys; sit\u00e4 k\u00e4ytet\u00e4\u00e4n l\u00e4hes yksinomaan hienoissa tuoksuissa.\" \/>\n<meta name=\"twitter:image\" content=\"https:\/\/masterchem.ee\/wp-content\/uploads\/2021\/12\/Mesilasvaha-25kg-MasterChem.jpg\" \/>\n<script type=\"application\/ld+json\" class=\"yoast-schema-graph\">{\"@context\":\"https:\/\/schema.org\",\"@graph\":[{\"@type\":\"WebPage\",\"@id\":\"https:\/\/masterchem.ee\/fi\/tooted-ja-teenused\/mehilaisvaha-cas-64742-26-3\/\",\"url\":\"https:\/\/masterchem.ee\/fi\/tooted-ja-teenused\/mehilaisvaha-cas-64742-26-3\/\",\"name\":\"Mehil\u00e4isvaha (CAS 64742-26-3) - Chemistry For Industry - Solvents &amp; Chemicals - Masterchem.ee\",\"isPartOf\":{\"@id\":\"https:\/\/masterchem.ee\/fi\/#website\"},\"primaryImageOfPage\":{\"@id\":\"https:\/\/masterchem.ee\/fi\/tooted-ja-teenused\/mehilaisvaha-cas-64742-26-3\/#primaryimage\"},\"image\":{\"@id\":\"https:\/\/masterchem.ee\/fi\/tooted-ja-teenused\/mehilaisvaha-cas-64742-26-3\/#primaryimage\"},\"thumbnailUrl\":\"https:\/\/masterchem.ee\/wp-content\/uploads\/2021\/12\/Mesilasvaha-25kg-MasterChem.jpg\",\"datePublished\":\"2021-12-17T10:36:04+00:00\",\"dateModified\":\"2021-12-17T11:13:41+00:00\",\"description\":\"Absoluuttinen mehil\u00e4isvaha saadaan uuttamalla mehil\u00e4isvahasta alkoholilla. Saanto on yleens\u00e4 alle 1 %. Kellert\u00e4v\u00e4nruskealla, viskoosilla tuotteella on mieto, hunajamainen tuoksu ja korkea sitkeys; sit\u00e4 k\u00e4ytet\u00e4\u00e4n l\u00e4hes yksinomaan hienoissa tuoksuissa.\",\"breadcrumb\":{\"@id\":\"https:\/\/masterchem.ee\/fi\/tooted-ja-teenused\/mehilaisvaha-cas-64742-26-3\/#breadcrumb\"},\"inLanguage\":\"fi\",\"potentialAction\":[{\"@type\":\"ReadAction\",\"target\":[\"https:\/\/masterchem.ee\/fi\/tooted-ja-teenused\/mehilaisvaha-cas-64742-26-3\/\"]}]},{\"@type\":\"ImageObject\",\"inLanguage\":\"fi\",\"@id\":\"https:\/\/masterchem.ee\/fi\/tooted-ja-teenused\/mehilaisvaha-cas-64742-26-3\/#primaryimage\",\"url\":\"https:\/\/masterchem.ee\/wp-content\/uploads\/2021\/12\/Mesilasvaha-25kg-MasterChem.jpg\",\"contentUrl\":\"https:\/\/masterchem.ee\/wp-content\/uploads\/2021\/12\/Mesilasvaha-25kg-MasterChem.jpg\",\"width\":1000,\"height\":1000,\"caption\":\"Mehil\u00e4isvaha (CAS 64742-26-3) 25kg MasterChem\"},{\"@type\":\"BreadcrumbList\",\"@id\":\"https:\/\/masterchem.ee\/fi\/tooted-ja-teenused\/mehilaisvaha-cas-64742-26-3\/#breadcrumb\",\"itemListElement\":[{\"@type\":\"ListItem\",\"position\":1,\"name\":\"Home\",\"item\":\"https:\/\/masterchem.ee\/fi\/\"},{\"@type\":\"ListItem\",\"position\":2,\"name\":\"Tooted ja teenused\",\"item\":\"https:\/\/masterchem.ee\/tooted-ja-teenused\/\"},{\"@type\":\"ListItem\",\"position\":3,\"name\":\"Mehil\u00e4isvaha (CAS 64742-26-3)\"}]},{\"@type\":\"WebSite\",\"@id\":\"https:\/\/masterchem.ee\/fi\/#website\",\"url\":\"https:\/\/masterchem.ee\/fi\/\",\"name\":\"Masterchem.ee\",\"description\":\"Chemistry For Industry - Solvents &amp; Chemicals\",\"publisher\":{\"@id\":\"https:\/\/masterchem.ee\/fi\/#organization\"},\"potentialAction\":[{\"@type\":\"SearchAction\",\"target\":{\"@type\":\"EntryPoint\",\"urlTemplate\":\"https:\/\/masterchem.ee\/fi\/?s={search_term_string}\"},\"query-input\":{\"@type\":\"PropertyValueSpecification\",\"valueRequired\":true,\"valueName\":\"search_term_string\"}}],\"inLanguage\":\"fi\"},{\"@type\":\"Organization\",\"@id\":\"https:\/\/masterchem.ee\/fi\/#organization\",\"name\":\"Masterchem\",\"url\":\"https:\/\/masterchem.ee\/fi\/\",\"logo\":{\"@type\":\"ImageObject\",\"inLanguage\":\"fi\",\"@id\":\"https:\/\/masterchem.ee\/fi\/#\/schema\/logo\/image\/\",\"url\":\"https:\/\/masterchem.ee\/wp-content\/uploads\/2018\/02\/master-chem_final-1.png\",\"contentUrl\":\"https:\/\/masterchem.ee\/wp-content\/uploads\/2018\/02\/master-chem_final-1.png\",\"width\":850,\"height\":356,\"caption\":\"Masterchem\"},\"image\":{\"@id\":\"https:\/\/masterchem.ee\/fi\/#\/schema\/logo\/image\/\"}}]}<\/script>\n<!-- \/ Yoast SEO plugin. -->","yoast_head_json":{"title":"Mehil\u00e4isvaha (CAS 64742-26-3) - Chemistry For Industry - Solvents &amp; Chemicals - Masterchem.ee","description":"Absoluuttinen mehil\u00e4isvaha saadaan uuttamalla mehil\u00e4isvahasta alkoholilla. Saanto on yleens\u00e4 alle 1 %. Kellert\u00e4v\u00e4nruskealla, viskoosilla tuotteella on mieto, hunajamainen tuoksu ja korkea sitkeys; sit\u00e4 k\u00e4ytet\u00e4\u00e4n l\u00e4hes yksinomaan hienoissa tuoksuissa.","robots":{"index":"index","follow":"follow","max-snippet":"max-snippet:-1","max-image-preview":"max-image-preview:large","max-video-preview":"max-video-preview:-1"},"canonical":"https:\/\/masterchem.ee\/fi\/tooted-ja-teenused\/mehilaisvaha-cas-64742-26-3\/","twitter_card":"summary_large_image","twitter_title":"Mehil\u00e4isvaha (CAS 64742-26-3) - Chemistry For Industry - Solvents &amp; Chemicals - Masterchem.ee","twitter_description":"Absoluuttinen mehil\u00e4isvaha saadaan uuttamalla mehil\u00e4isvahasta alkoholilla. Saanto on yleens\u00e4 alle 1 %. Kellert\u00e4v\u00e4nruskealla, viskoosilla tuotteella on mieto, hunajamainen tuoksu ja korkea sitkeys; sit\u00e4 k\u00e4ytet\u00e4\u00e4n l\u00e4hes yksinomaan hienoissa tuoksuissa.","twitter_image":"https:\/\/masterchem.ee\/wp-content\/uploads\/2021\/12\/Mesilasvaha-25kg-MasterChem.jpg","schema":{"@context":"https:\/\/schema.org","@graph":[{"@type":"WebPage","@id":"https:\/\/masterchem.ee\/fi\/tooted-ja-teenused\/mehilaisvaha-cas-64742-26-3\/","url":"https:\/\/masterchem.ee\/fi\/tooted-ja-teenused\/mehilaisvaha-cas-64742-26-3\/","name":"Mehil\u00e4isvaha (CAS 64742-26-3) - Chemistry For Industry - Solvents &amp; Chemicals - Masterchem.ee","isPartOf":{"@id":"https:\/\/masterchem.ee\/fi\/#website"},"primaryImageOfPage":{"@id":"https:\/\/masterchem.ee\/fi\/tooted-ja-teenused\/mehilaisvaha-cas-64742-26-3\/#primaryimage"},"image":{"@id":"https:\/\/masterchem.ee\/fi\/tooted-ja-teenused\/mehilaisvaha-cas-64742-26-3\/#primaryimage"},"thumbnailUrl":"https:\/\/masterchem.ee\/wp-content\/uploads\/2021\/12\/Mesilasvaha-25kg-MasterChem.jpg","datePublished":"2021-12-17T10:36:04+00:00","dateModified":"2021-12-17T11:13:41+00:00","description":"Absoluuttinen mehil\u00e4isvaha saadaan uuttamalla mehil\u00e4isvahasta alkoholilla. Saanto on yleens\u00e4 alle 1 %. Kellert\u00e4v\u00e4nruskealla, viskoosilla tuotteella on mieto, hunajamainen tuoksu ja korkea sitkeys; sit\u00e4 k\u00e4ytet\u00e4\u00e4n l\u00e4hes yksinomaan hienoissa tuoksuissa.","breadcrumb":{"@id":"https:\/\/masterchem.ee\/fi\/tooted-ja-teenused\/mehilaisvaha-cas-64742-26-3\/#breadcrumb"},"inLanguage":"fi","potentialAction":[{"@type":"ReadAction","target":["https:\/\/masterchem.ee\/fi\/tooted-ja-teenused\/mehilaisvaha-cas-64742-26-3\/"]}]},{"@type":"ImageObject","inLanguage":"fi","@id":"https:\/\/masterchem.ee\/fi\/tooted-ja-teenused\/mehilaisvaha-cas-64742-26-3\/#primaryimage","url":"https:\/\/masterchem.ee\/wp-content\/uploads\/2021\/12\/Mesilasvaha-25kg-MasterChem.jpg","contentUrl":"https:\/\/masterchem.ee\/wp-content\/uploads\/2021\/12\/Mesilasvaha-25kg-MasterChem.jpg","width":1000,"height":1000,"caption":"Mehil\u00e4isvaha (CAS 64742-26-3) 25kg MasterChem"},{"@type":"BreadcrumbList","@id":"https:\/\/masterchem.ee\/fi\/tooted-ja-teenused\/mehilaisvaha-cas-64742-26-3\/#breadcrumb","itemListElement":[{"@type":"ListItem","position":1,"name":"Home","item":"https:\/\/masterchem.ee\/fi\/"},{"@type":"ListItem","position":2,"name":"Tooted ja teenused","item":"https:\/\/masterchem.ee\/tooted-ja-teenused\/"},{"@type":"ListItem","position":3,"name":"Mehil\u00e4isvaha (CAS 64742-26-3)"}]},{"@type":"WebSite","@id":"https:\/\/masterchem.ee\/fi\/#website","url":"https:\/\/masterchem.ee\/fi\/","name":"Masterchem.ee","description":"Chemistry For Industry - Solvents &amp; Chemicals","publisher":{"@id":"https:\/\/masterchem.ee\/fi\/#organization"},"potentialAction":[{"@type":"SearchAction","target":{"@type":"EntryPoint","urlTemplate":"https:\/\/masterchem.ee\/fi\/?s={search_term_string}"},"query-input":{"@type":"PropertyValueSpecification","valueRequired":true,"valueName":"search_term_string"}}],"inLanguage":"fi"},{"@type":"Organization","@id":"https:\/\/masterchem.ee\/fi\/#organization","name":"Masterchem","url":"https:\/\/masterchem.ee\/fi\/","logo":{"@type":"ImageObject","inLanguage":"fi","@id":"https:\/\/masterchem.ee\/fi\/#\/schema\/logo\/image\/","url":"https:\/\/masterchem.ee\/wp-content\/uploads\/2018\/02\/master-chem_final-1.png","contentUrl":"https:\/\/masterchem.ee\/wp-content\/uploads\/2018\/02\/master-chem_final-1.png","width":850,"height":356,"caption":"Masterchem"},"image":{"@id":"https:\/\/masterchem.ee\/fi\/#\/schema\/logo\/image\/"}}]}},"_links":{"self":[{"href":"https:\/\/masterchem.ee\/fi\/wp-json\/wp\/v2\/product\/15856","targetHints":{"allow":["GET"]}}],"collection":[{"href":"https:\/\/masterchem.ee\/fi\/wp-json\/wp\/v2\/product"}],"about":[{"href":"https:\/\/masterchem.ee\/fi\/wp-json\/wp\/v2\/types\/product"}],"wp:featuredmedia":[{"embeddable":true,"href":"https:\/\/masterchem.ee\/fi\/wp-json\/wp\/v2\/media\/15862"}],"wp:attachment":[{"href":"https:\/\/masterchem.ee\/fi\/wp-json\/wp\/v2\/media?parent=15856"}],"wp:term":[{"taxonomy":"product_brand","embeddable":true,"href":"https:\/\/masterchem.ee\/fi\/wp-json\/wp\/v2\/product_brand?post=15856"},{"taxonomy":"product_cat","embeddable":true,"href":"https:\/\/masterchem.ee\/fi\/wp-json\/wp\/v2\/product_cat?post=15856"},{"taxonomy":"product_tag","embeddable":true,"href":"https:\/\/masterchem.ee\/fi\/wp-json\/wp\/v2\/product_tag?post=15856"}],"curies":[{"name":"wp","href":"https:\/\/api.w.org\/{rel}","templated":true}]}}