{"id":15776,"date":"2021-12-17T10:07:39","date_gmt":"2021-12-17T10:07:48","guid":{"rendered":"https:\/\/masterchem.ee\/?post_type=product&#038;p=15776"},"modified":"2021-12-17T10:20:14","modified_gmt":"2021-12-17T10:20:14","slug":"eukalyptusoljy","status":"publish","type":"product","link":"https:\/\/masterchem.ee\/fi\/tooted-ja-teenused\/eukalyptusoljy\/","title":{"rendered":"Eukalyptus\u00f6ljy"},"content":{"rendered":"<p> <strong> Info<\/strong> <\/p>\n<p>Toimialat: Kosmetiikkateollisuus<\/p>\n","protected":false},"excerpt":{"rendered":"<p> <strong>Eukalyptus\u00f6ljy<\/strong> <\/p>\n<p>Eukalyptus\u00f6ljy on yleisnimi tislatulle \u00f6ljylle, joka on per\u00e4isin Australiasta kotoisin olevasta ja maailmanlaajuisesti viljellyst\u00e4 Myrtaceae-kasviperheen Eucalyptus-suvun lehdist\u00e4. Eukalyptus\u00f6ljy\u00e4 on k\u00e4ytetty laajasti farmaseuttisena aineena, antiseptisen\u00e4, hylkiv\u00e4n\u00e4, aromi-, tuoksu- ja teolliseen k\u00e4ytt\u00f6\u00f6n. Valittujen eukalyptuslajien lehdet h\u00f6yrytislataan eukalyptus\u00f6ljyn uuttamiseksi.<\/p>\n","protected":false},"featured_media":15818,"template":"","meta":[],"product_brand":[],"product_cat":[180,294],"product_tag":[],"class_list":{"0":"post-15776","1":"product","2":"type-product","3":"status-publish","4":"has-post-thumbnail","6":"product_cat-uncategorized-fi-2","7":"product_cat-kosmetiikkateollisuus","8":"pif-has-gallery","10":"first","11":"instock","12":"taxable","13":"shipping-taxable","14":"purchasable","15":"product-type-variable","16":"has-default-attributes"},"yoast_head":"<!-- This site is optimized with the Yoast SEO plugin v26.2 - https:\/\/yoast.com\/wordpress\/plugins\/seo\/ -->\n<title>Eukalyptus\u00f6ljy - Chemistry For Industry - Solvents &amp; Chemicals - Masterchem.ee<\/title>\n<meta name=\"description\" content=\"Eukalyptus\u00f6ljy on yleisnimi tislatulle \u00f6ljylle, joka on per\u00e4isin Australiasta kotoisin olevasta ja maailmanlaajuisesti viljellyst\u00e4 Myrtaceae-kasviperheen Eucalyptus-suvun lehdist\u00e4.\" \/>\n<meta name=\"robots\" content=\"index, follow, max-snippet:-1, max-image-preview:large, max-video-preview:-1\" \/>\n<link rel=\"canonical\" href=\"https:\/\/masterchem.ee\/fi\/tooted-ja-teenused\/eukalyptusoljy\/\" \/>\n<meta name=\"twitter:card\" content=\"summary_large_image\" \/>\n<meta name=\"twitter:title\" content=\"Eukalyptus\u00f6ljy - Chemistry For Industry - Solvents &amp; Chemicals - Masterchem.ee\" \/>\n<meta name=\"twitter:description\" content=\"Eukalyptus\u00f6ljy on yleisnimi tislatulle \u00f6ljylle, joka on per\u00e4isin Australiasta kotoisin olevasta ja maailmanlaajuisesti viljellyst\u00e4 Myrtaceae-kasviperheen Eucalyptus-suvun lehdist\u00e4.\" \/>\n<meta name=\"twitter:image\" content=\"https:\/\/masterchem.ee\/wp-content\/uploads\/2021\/12\/Eukaluptioli-1000l-MasterChem.jpg\" \/>\n<script type=\"application\/ld+json\" class=\"yoast-schema-graph\">{\"@context\":\"https:\/\/schema.org\",\"@graph\":[{\"@type\":\"WebPage\",\"@id\":\"https:\/\/masterchem.ee\/fi\/tooted-ja-teenused\/eukalyptusoljy\/\",\"url\":\"https:\/\/masterchem.ee\/fi\/tooted-ja-teenused\/eukalyptusoljy\/\",\"name\":\"Eukalyptus\u00f6ljy - Chemistry For Industry - Solvents &amp; Chemicals - Masterchem.ee\",\"isPartOf\":{\"@id\":\"https:\/\/masterchem.ee\/fi\/#website\"},\"primaryImageOfPage\":{\"@id\":\"https:\/\/masterchem.ee\/fi\/tooted-ja-teenused\/eukalyptusoljy\/#primaryimage\"},\"image\":{\"@id\":\"https:\/\/masterchem.ee\/fi\/tooted-ja-teenused\/eukalyptusoljy\/#primaryimage\"},\"thumbnailUrl\":\"https:\/\/masterchem.ee\/wp-content\/uploads\/2021\/12\/Eukaluptioli-1000l-MasterChem.jpg\",\"datePublished\":\"2021-12-17T10:07:48+00:00\",\"dateModified\":\"2021-12-17T10:20:14+00:00\",\"description\":\"Eukalyptus\u00f6ljy on yleisnimi tislatulle \u00f6ljylle, joka on per\u00e4isin Australiasta kotoisin olevasta ja maailmanlaajuisesti viljellyst\u00e4 Myrtaceae-kasviperheen Eucalyptus-suvun lehdist\u00e4.\",\"breadcrumb\":{\"@id\":\"https:\/\/masterchem.ee\/fi\/tooted-ja-teenused\/eukalyptusoljy\/#breadcrumb\"},\"inLanguage\":\"fi\",\"potentialAction\":[{\"@type\":\"ReadAction\",\"target\":[\"https:\/\/masterchem.ee\/fi\/tooted-ja-teenused\/eukalyptusoljy\/\"]}]},{\"@type\":\"ImageObject\",\"inLanguage\":\"fi\",\"@id\":\"https:\/\/masterchem.ee\/fi\/tooted-ja-teenused\/eukalyptusoljy\/#primaryimage\",\"url\":\"https:\/\/masterchem.ee\/wp-content\/uploads\/2021\/12\/Eukaluptioli-1000l-MasterChem.jpg\",\"contentUrl\":\"https:\/\/masterchem.ee\/wp-content\/uploads\/2021\/12\/Eukaluptioli-1000l-MasterChem.jpg\",\"width\":1000,\"height\":1000,\"caption\":\"Eukalyptus\u00f6ljy 1000l MasterChem\"},{\"@type\":\"BreadcrumbList\",\"@id\":\"https:\/\/masterchem.ee\/fi\/tooted-ja-teenused\/eukalyptusoljy\/#breadcrumb\",\"itemListElement\":[{\"@type\":\"ListItem\",\"position\":1,\"name\":\"Home\",\"item\":\"https:\/\/masterchem.ee\/fi\/\"},{\"@type\":\"ListItem\",\"position\":2,\"name\":\"Tooted ja teenused\",\"item\":\"https:\/\/masterchem.ee\/tooted-ja-teenused\/\"},{\"@type\":\"ListItem\",\"position\":3,\"name\":\"Eukalyptus\u00f6ljy\"}]},{\"@type\":\"WebSite\",\"@id\":\"https:\/\/masterchem.ee\/fi\/#website\",\"url\":\"https:\/\/masterchem.ee\/fi\/\",\"name\":\"Masterchem.ee\",\"description\":\"Chemistry For Industry - Solvents &amp; Chemicals\",\"publisher\":{\"@id\":\"https:\/\/masterchem.ee\/fi\/#organization\"},\"potentialAction\":[{\"@type\":\"SearchAction\",\"target\":{\"@type\":\"EntryPoint\",\"urlTemplate\":\"https:\/\/masterchem.ee\/fi\/?s={search_term_string}\"},\"query-input\":{\"@type\":\"PropertyValueSpecification\",\"valueRequired\":true,\"valueName\":\"search_term_string\"}}],\"inLanguage\":\"fi\"},{\"@type\":\"Organization\",\"@id\":\"https:\/\/masterchem.ee\/fi\/#organization\",\"name\":\"Masterchem\",\"url\":\"https:\/\/masterchem.ee\/fi\/\",\"logo\":{\"@type\":\"ImageObject\",\"inLanguage\":\"fi\",\"@id\":\"https:\/\/masterchem.ee\/fi\/#\/schema\/logo\/image\/\",\"url\":\"https:\/\/masterchem.ee\/wp-content\/uploads\/2018\/02\/master-chem_final-1.png\",\"contentUrl\":\"https:\/\/masterchem.ee\/wp-content\/uploads\/2018\/02\/master-chem_final-1.png\",\"width\":850,\"height\":356,\"caption\":\"Masterchem\"},\"image\":{\"@id\":\"https:\/\/masterchem.ee\/fi\/#\/schema\/logo\/image\/\"}}]}<\/script>\n<!-- \/ Yoast SEO plugin. -->","yoast_head_json":{"title":"Eukalyptus\u00f6ljy - Chemistry For Industry - Solvents &amp; Chemicals - Masterchem.ee","description":"Eukalyptus\u00f6ljy on yleisnimi tislatulle \u00f6ljylle, joka on per\u00e4isin Australiasta kotoisin olevasta ja maailmanlaajuisesti viljellyst\u00e4 Myrtaceae-kasviperheen Eucalyptus-suvun lehdist\u00e4.","robots":{"index":"index","follow":"follow","max-snippet":"max-snippet:-1","max-image-preview":"max-image-preview:large","max-video-preview":"max-video-preview:-1"},"canonical":"https:\/\/masterchem.ee\/fi\/tooted-ja-teenused\/eukalyptusoljy\/","twitter_card":"summary_large_image","twitter_title":"Eukalyptus\u00f6ljy - Chemistry For Industry - Solvents &amp; Chemicals - Masterchem.ee","twitter_description":"Eukalyptus\u00f6ljy on yleisnimi tislatulle \u00f6ljylle, joka on per\u00e4isin Australiasta kotoisin olevasta ja maailmanlaajuisesti viljellyst\u00e4 Myrtaceae-kasviperheen Eucalyptus-suvun lehdist\u00e4.","twitter_image":"https:\/\/masterchem.ee\/wp-content\/uploads\/2021\/12\/Eukaluptioli-1000l-MasterChem.jpg","schema":{"@context":"https:\/\/schema.org","@graph":[{"@type":"WebPage","@id":"https:\/\/masterchem.ee\/fi\/tooted-ja-teenused\/eukalyptusoljy\/","url":"https:\/\/masterchem.ee\/fi\/tooted-ja-teenused\/eukalyptusoljy\/","name":"Eukalyptus\u00f6ljy - Chemistry For Industry - Solvents &amp; Chemicals - Masterchem.ee","isPartOf":{"@id":"https:\/\/masterchem.ee\/fi\/#website"},"primaryImageOfPage":{"@id":"https:\/\/masterchem.ee\/fi\/tooted-ja-teenused\/eukalyptusoljy\/#primaryimage"},"image":{"@id":"https:\/\/masterchem.ee\/fi\/tooted-ja-teenused\/eukalyptusoljy\/#primaryimage"},"thumbnailUrl":"https:\/\/masterchem.ee\/wp-content\/uploads\/2021\/12\/Eukaluptioli-1000l-MasterChem.jpg","datePublished":"2021-12-17T10:07:48+00:00","dateModified":"2021-12-17T10:20:14+00:00","description":"Eukalyptus\u00f6ljy on yleisnimi tislatulle \u00f6ljylle, joka on per\u00e4isin Australiasta kotoisin olevasta ja maailmanlaajuisesti viljellyst\u00e4 Myrtaceae-kasviperheen Eucalyptus-suvun lehdist\u00e4.","breadcrumb":{"@id":"https:\/\/masterchem.ee\/fi\/tooted-ja-teenused\/eukalyptusoljy\/#breadcrumb"},"inLanguage":"fi","potentialAction":[{"@type":"ReadAction","target":["https:\/\/masterchem.ee\/fi\/tooted-ja-teenused\/eukalyptusoljy\/"]}]},{"@type":"ImageObject","inLanguage":"fi","@id":"https:\/\/masterchem.ee\/fi\/tooted-ja-teenused\/eukalyptusoljy\/#primaryimage","url":"https:\/\/masterchem.ee\/wp-content\/uploads\/2021\/12\/Eukaluptioli-1000l-MasterChem.jpg","contentUrl":"https:\/\/masterchem.ee\/wp-content\/uploads\/2021\/12\/Eukaluptioli-1000l-MasterChem.jpg","width":1000,"height":1000,"caption":"Eukalyptus\u00f6ljy 1000l MasterChem"},{"@type":"BreadcrumbList","@id":"https:\/\/masterchem.ee\/fi\/tooted-ja-teenused\/eukalyptusoljy\/#breadcrumb","itemListElement":[{"@type":"ListItem","position":1,"name":"Home","item":"https:\/\/masterchem.ee\/fi\/"},{"@type":"ListItem","position":2,"name":"Tooted ja teenused","item":"https:\/\/masterchem.ee\/tooted-ja-teenused\/"},{"@type":"ListItem","position":3,"name":"Eukalyptus\u00f6ljy"}]},{"@type":"WebSite","@id":"https:\/\/masterchem.ee\/fi\/#website","url":"https:\/\/masterchem.ee\/fi\/","name":"Masterchem.ee","description":"Chemistry For Industry - Solvents &amp; Chemicals","publisher":{"@id":"https:\/\/masterchem.ee\/fi\/#organization"},"potentialAction":[{"@type":"SearchAction","target":{"@type":"EntryPoint","urlTemplate":"https:\/\/masterchem.ee\/fi\/?s={search_term_string}"},"query-input":{"@type":"PropertyValueSpecification","valueRequired":true,"valueName":"search_term_string"}}],"inLanguage":"fi"},{"@type":"Organization","@id":"https:\/\/masterchem.ee\/fi\/#organization","name":"Masterchem","url":"https:\/\/masterchem.ee\/fi\/","logo":{"@type":"ImageObject","inLanguage":"fi","@id":"https:\/\/masterchem.ee\/fi\/#\/schema\/logo\/image\/","url":"https:\/\/masterchem.ee\/wp-content\/uploads\/2018\/02\/master-chem_final-1.png","contentUrl":"https:\/\/masterchem.ee\/wp-content\/uploads\/2018\/02\/master-chem_final-1.png","width":850,"height":356,"caption":"Masterchem"},"image":{"@id":"https:\/\/masterchem.ee\/fi\/#\/schema\/logo\/image\/"}}]}},"_links":{"self":[{"href":"https:\/\/masterchem.ee\/fi\/wp-json\/wp\/v2\/product\/15776","targetHints":{"allow":["GET"]}}],"collection":[{"href":"https:\/\/masterchem.ee\/fi\/wp-json\/wp\/v2\/product"}],"about":[{"href":"https:\/\/masterchem.ee\/fi\/wp-json\/wp\/v2\/types\/product"}],"wp:featuredmedia":[{"embeddable":true,"href":"https:\/\/masterchem.ee\/fi\/wp-json\/wp\/v2\/media\/15818"}],"wp:attachment":[{"href":"https:\/\/masterchem.ee\/fi\/wp-json\/wp\/v2\/media?parent=15776"}],"wp:term":[{"taxonomy":"product_brand","embeddable":true,"href":"https:\/\/masterchem.ee\/fi\/wp-json\/wp\/v2\/product_brand?post=15776"},{"taxonomy":"product_cat","embeddable":true,"href":"https:\/\/masterchem.ee\/fi\/wp-json\/wp\/v2\/product_cat?post=15776"},{"taxonomy":"product_tag","embeddable":true,"href":"https:\/\/masterchem.ee\/fi\/wp-json\/wp\/v2\/product_tag?post=15776"}],"curies":[{"name":"wp","href":"https:\/\/api.w.org\/{rel}","templated":true}]}}