{"id":15692,"date":"2021-12-16T09:58:37","date_gmt":"2021-12-16T09:58:45","guid":{"rendered":"https:\/\/masterchem.ee\/?post_type=product&#038;p=15692"},"modified":"2021-12-16T10:11:52","modified_gmt":"2021-12-16T10:11:52","slug":"teepuuoljy","status":"publish","type":"product","link":"https:\/\/masterchem.ee\/fi\/tooted-ja-teenused\/teepuuoljy\/","title":{"rendered":"Teepuu\u00f6ljy"},"content":{"rendered":"<p> <strong> Info<\/strong> <\/p>\n<p>Toimialat: Kosmetiikkateollisuus<\/p>\n<p>Teepuu\u00f6ljy\u00e4 on k\u00e4ytetty perinteisen\u00e4 kasviper\u00e4isen\u00e4 l\u00e4\u00e4kkeen\u00e4, sill\u00e4 sen uskotaan hoitavan aknea, kynsien sient\u00e4 tai urheilijan jalkatulehdusta, mutta vain v\u00e4h\u00e4n n\u00e4ytt\u00f6\u00e4 t\u00e4m\u00e4n k\u00e4yt\u00f6n tueksi. Vuonna 2015 tehdyss\u00e4 Cochranen systemaattisessa katsauksessa aknen t\u00e4ydent\u00e4vist\u00e4 hoidoista havaittiin, ett\u00e4 huonolaatuinen yksitt\u00e4inen tutkimus osoitti hy\u00f6ty\u00e4 lumel\u00e4\u00e4kkeeseen verrattuna.<\/p>\n","protected":false},"excerpt":{"rendered":"<p> <strong>Teepuu\u00f6ljy<\/strong> <\/p>\n<p>Teepuu\u00f6ljy on kellert\u00e4v\u00e4\u00e4 vihre\u00e4n s\u00e4vyist\u00e4 voimakkaan tuoksuista eteerist\u00e4 \u00f6ljy\u00e4. \u00d6ljyll\u00e4 v\u00e4itet\u00e4\u00e4n olevan my\u00f6nteisi\u00e4 kosmeettisia ja l\u00e4\u00e4ketieteellisi\u00e4 vaikutuksia (mm. antiseptinen ja sienien kasvua est\u00e4v\u00e4 vaikutus).<\/p>\n","protected":false},"featured_media":15735,"template":"","meta":[],"product_brand":[],"product_cat":[180,294],"product_tag":[],"class_list":{"0":"post-15692","1":"product","2":"type-product","3":"status-publish","4":"has-post-thumbnail","6":"product_cat-uncategorized-fi-2","7":"product_cat-kosmetiikkateollisuus","8":"pif-has-gallery","10":"first","11":"instock","12":"taxable","13":"shipping-taxable","14":"purchasable","15":"product-type-variable","16":"has-default-attributes"},"yoast_head":"<!-- This site is optimized with the Yoast SEO plugin v26.2 - https:\/\/yoast.com\/wordpress\/plugins\/seo\/ -->\n<title>Teepuu\u00f6ljy - Chemistry For Industry - Solvents &amp; Chemicals - Masterchem.ee<\/title>\n<meta name=\"description\" content=\"Teepuu\u00f6ljy on kellert\u00e4v\u00e4\u00e4 vihre\u00e4n s\u00e4vyist\u00e4 voimakkaan tuoksuista eteerist\u00e4 \u00f6ljy\u00e4. \u00d6ljyll\u00e4 v\u00e4itet\u00e4\u00e4n olevan my\u00f6nteisi\u00e4 kosmeettisia ja l\u00e4\u00e4ketieteellisi\u00e4 vaikutuksia (mm. antiseptinen ja sienien kasvua est\u00e4v\u00e4 vaikutus).\" \/>\n<meta name=\"robots\" content=\"index, follow, max-snippet:-1, max-image-preview:large, max-video-preview:-1\" \/>\n<link rel=\"canonical\" href=\"https:\/\/masterchem.ee\/fi\/tooted-ja-teenused\/teepuuoljy\/\" \/>\n<meta name=\"twitter:card\" content=\"summary_large_image\" \/>\n<meta name=\"twitter:title\" content=\"Teepuu\u00f6ljy - Chemistry For Industry - Solvents &amp; Chemicals - Masterchem.ee\" \/>\n<meta name=\"twitter:description\" content=\"Teepuu\u00f6ljy on kellert\u00e4v\u00e4\u00e4 vihre\u00e4n s\u00e4vyist\u00e4 voimakkaan tuoksuista eteerist\u00e4 \u00f6ljy\u00e4. \u00d6ljyll\u00e4 v\u00e4itet\u00e4\u00e4n olevan my\u00f6nteisi\u00e4 kosmeettisia ja l\u00e4\u00e4ketieteellisi\u00e4 vaikutuksia (mm. antiseptinen ja sienien kasvua est\u00e4v\u00e4 vaikutus).\" \/>\n<meta name=\"twitter:image\" content=\"https:\/\/masterchem.ee\/wp-content\/uploads\/2021\/12\/Teepuuoli-1000l-MasterChem.jpg\" \/>\n<script type=\"application\/ld+json\" class=\"yoast-schema-graph\">{\"@context\":\"https:\/\/schema.org\",\"@graph\":[{\"@type\":\"WebPage\",\"@id\":\"https:\/\/masterchem.ee\/fi\/tooted-ja-teenused\/teepuuoljy\/\",\"url\":\"https:\/\/masterchem.ee\/fi\/tooted-ja-teenused\/teepuuoljy\/\",\"name\":\"Teepuu\u00f6ljy - Chemistry For Industry - Solvents &amp; Chemicals - Masterchem.ee\",\"isPartOf\":{\"@id\":\"https:\/\/masterchem.ee\/fi\/#website\"},\"primaryImageOfPage\":{\"@id\":\"https:\/\/masterchem.ee\/fi\/tooted-ja-teenused\/teepuuoljy\/#primaryimage\"},\"image\":{\"@id\":\"https:\/\/masterchem.ee\/fi\/tooted-ja-teenused\/teepuuoljy\/#primaryimage\"},\"thumbnailUrl\":\"https:\/\/masterchem.ee\/wp-content\/uploads\/2021\/12\/Teepuuoli-1000l-MasterChem.jpg\",\"datePublished\":\"2021-12-16T09:58:45+00:00\",\"dateModified\":\"2021-12-16T10:11:52+00:00\",\"description\":\"Teepuu\u00f6ljy on kellert\u00e4v\u00e4\u00e4 vihre\u00e4n s\u00e4vyist\u00e4 voimakkaan tuoksuista eteerist\u00e4 \u00f6ljy\u00e4. \u00d6ljyll\u00e4 v\u00e4itet\u00e4\u00e4n olevan my\u00f6nteisi\u00e4 kosmeettisia ja l\u00e4\u00e4ketieteellisi\u00e4 vaikutuksia (mm. antiseptinen ja sienien kasvua est\u00e4v\u00e4 vaikutus).\",\"breadcrumb\":{\"@id\":\"https:\/\/masterchem.ee\/fi\/tooted-ja-teenused\/teepuuoljy\/#breadcrumb\"},\"inLanguage\":\"fi\",\"potentialAction\":[{\"@type\":\"ReadAction\",\"target\":[\"https:\/\/masterchem.ee\/fi\/tooted-ja-teenused\/teepuuoljy\/\"]}]},{\"@type\":\"ImageObject\",\"inLanguage\":\"fi\",\"@id\":\"https:\/\/masterchem.ee\/fi\/tooted-ja-teenused\/teepuuoljy\/#primaryimage\",\"url\":\"https:\/\/masterchem.ee\/wp-content\/uploads\/2021\/12\/Teepuuoli-1000l-MasterChem.jpg\",\"contentUrl\":\"https:\/\/masterchem.ee\/wp-content\/uploads\/2021\/12\/Teepuuoli-1000l-MasterChem.jpg\",\"width\":1000,\"height\":1000,\"caption\":\"Teepuu\u00f6ljy 1000l MasterChem\"},{\"@type\":\"BreadcrumbList\",\"@id\":\"https:\/\/masterchem.ee\/fi\/tooted-ja-teenused\/teepuuoljy\/#breadcrumb\",\"itemListElement\":[{\"@type\":\"ListItem\",\"position\":1,\"name\":\"Home\",\"item\":\"https:\/\/masterchem.ee\/fi\/\"},{\"@type\":\"ListItem\",\"position\":2,\"name\":\"Tooted ja teenused\",\"item\":\"https:\/\/masterchem.ee\/tooted-ja-teenused\/\"},{\"@type\":\"ListItem\",\"position\":3,\"name\":\"Teepuu\u00f6ljy\"}]},{\"@type\":\"WebSite\",\"@id\":\"https:\/\/masterchem.ee\/fi\/#website\",\"url\":\"https:\/\/masterchem.ee\/fi\/\",\"name\":\"Masterchem.ee\",\"description\":\"Chemistry For Industry - Solvents &amp; Chemicals\",\"publisher\":{\"@id\":\"https:\/\/masterchem.ee\/fi\/#organization\"},\"potentialAction\":[{\"@type\":\"SearchAction\",\"target\":{\"@type\":\"EntryPoint\",\"urlTemplate\":\"https:\/\/masterchem.ee\/fi\/?s={search_term_string}\"},\"query-input\":{\"@type\":\"PropertyValueSpecification\",\"valueRequired\":true,\"valueName\":\"search_term_string\"}}],\"inLanguage\":\"fi\"},{\"@type\":\"Organization\",\"@id\":\"https:\/\/masterchem.ee\/fi\/#organization\",\"name\":\"Masterchem\",\"url\":\"https:\/\/masterchem.ee\/fi\/\",\"logo\":{\"@type\":\"ImageObject\",\"inLanguage\":\"fi\",\"@id\":\"https:\/\/masterchem.ee\/fi\/#\/schema\/logo\/image\/\",\"url\":\"https:\/\/masterchem.ee\/wp-content\/uploads\/2018\/02\/master-chem_final-1.png\",\"contentUrl\":\"https:\/\/masterchem.ee\/wp-content\/uploads\/2018\/02\/master-chem_final-1.png\",\"width\":850,\"height\":356,\"caption\":\"Masterchem\"},\"image\":{\"@id\":\"https:\/\/masterchem.ee\/fi\/#\/schema\/logo\/image\/\"}}]}<\/script>\n<!-- \/ Yoast SEO plugin. -->","yoast_head_json":{"title":"Teepuu\u00f6ljy - Chemistry For Industry - Solvents &amp; Chemicals - Masterchem.ee","description":"Teepuu\u00f6ljy on kellert\u00e4v\u00e4\u00e4 vihre\u00e4n s\u00e4vyist\u00e4 voimakkaan tuoksuista eteerist\u00e4 \u00f6ljy\u00e4. \u00d6ljyll\u00e4 v\u00e4itet\u00e4\u00e4n olevan my\u00f6nteisi\u00e4 kosmeettisia ja l\u00e4\u00e4ketieteellisi\u00e4 vaikutuksia (mm. antiseptinen ja sienien kasvua est\u00e4v\u00e4 vaikutus).","robots":{"index":"index","follow":"follow","max-snippet":"max-snippet:-1","max-image-preview":"max-image-preview:large","max-video-preview":"max-video-preview:-1"},"canonical":"https:\/\/masterchem.ee\/fi\/tooted-ja-teenused\/teepuuoljy\/","twitter_card":"summary_large_image","twitter_title":"Teepuu\u00f6ljy - Chemistry For Industry - Solvents &amp; Chemicals - Masterchem.ee","twitter_description":"Teepuu\u00f6ljy on kellert\u00e4v\u00e4\u00e4 vihre\u00e4n s\u00e4vyist\u00e4 voimakkaan tuoksuista eteerist\u00e4 \u00f6ljy\u00e4. \u00d6ljyll\u00e4 v\u00e4itet\u00e4\u00e4n olevan my\u00f6nteisi\u00e4 kosmeettisia ja l\u00e4\u00e4ketieteellisi\u00e4 vaikutuksia (mm. antiseptinen ja sienien kasvua est\u00e4v\u00e4 vaikutus).","twitter_image":"https:\/\/masterchem.ee\/wp-content\/uploads\/2021\/12\/Teepuuoli-1000l-MasterChem.jpg","schema":{"@context":"https:\/\/schema.org","@graph":[{"@type":"WebPage","@id":"https:\/\/masterchem.ee\/fi\/tooted-ja-teenused\/teepuuoljy\/","url":"https:\/\/masterchem.ee\/fi\/tooted-ja-teenused\/teepuuoljy\/","name":"Teepuu\u00f6ljy - Chemistry For Industry - Solvents &amp; Chemicals - Masterchem.ee","isPartOf":{"@id":"https:\/\/masterchem.ee\/fi\/#website"},"primaryImageOfPage":{"@id":"https:\/\/masterchem.ee\/fi\/tooted-ja-teenused\/teepuuoljy\/#primaryimage"},"image":{"@id":"https:\/\/masterchem.ee\/fi\/tooted-ja-teenused\/teepuuoljy\/#primaryimage"},"thumbnailUrl":"https:\/\/masterchem.ee\/wp-content\/uploads\/2021\/12\/Teepuuoli-1000l-MasterChem.jpg","datePublished":"2021-12-16T09:58:45+00:00","dateModified":"2021-12-16T10:11:52+00:00","description":"Teepuu\u00f6ljy on kellert\u00e4v\u00e4\u00e4 vihre\u00e4n s\u00e4vyist\u00e4 voimakkaan tuoksuista eteerist\u00e4 \u00f6ljy\u00e4. \u00d6ljyll\u00e4 v\u00e4itet\u00e4\u00e4n olevan my\u00f6nteisi\u00e4 kosmeettisia ja l\u00e4\u00e4ketieteellisi\u00e4 vaikutuksia (mm. antiseptinen ja sienien kasvua est\u00e4v\u00e4 vaikutus).","breadcrumb":{"@id":"https:\/\/masterchem.ee\/fi\/tooted-ja-teenused\/teepuuoljy\/#breadcrumb"},"inLanguage":"fi","potentialAction":[{"@type":"ReadAction","target":["https:\/\/masterchem.ee\/fi\/tooted-ja-teenused\/teepuuoljy\/"]}]},{"@type":"ImageObject","inLanguage":"fi","@id":"https:\/\/masterchem.ee\/fi\/tooted-ja-teenused\/teepuuoljy\/#primaryimage","url":"https:\/\/masterchem.ee\/wp-content\/uploads\/2021\/12\/Teepuuoli-1000l-MasterChem.jpg","contentUrl":"https:\/\/masterchem.ee\/wp-content\/uploads\/2021\/12\/Teepuuoli-1000l-MasterChem.jpg","width":1000,"height":1000,"caption":"Teepuu\u00f6ljy 1000l MasterChem"},{"@type":"BreadcrumbList","@id":"https:\/\/masterchem.ee\/fi\/tooted-ja-teenused\/teepuuoljy\/#breadcrumb","itemListElement":[{"@type":"ListItem","position":1,"name":"Home","item":"https:\/\/masterchem.ee\/fi\/"},{"@type":"ListItem","position":2,"name":"Tooted ja teenused","item":"https:\/\/masterchem.ee\/tooted-ja-teenused\/"},{"@type":"ListItem","position":3,"name":"Teepuu\u00f6ljy"}]},{"@type":"WebSite","@id":"https:\/\/masterchem.ee\/fi\/#website","url":"https:\/\/masterchem.ee\/fi\/","name":"Masterchem.ee","description":"Chemistry For Industry - Solvents &amp; Chemicals","publisher":{"@id":"https:\/\/masterchem.ee\/fi\/#organization"},"potentialAction":[{"@type":"SearchAction","target":{"@type":"EntryPoint","urlTemplate":"https:\/\/masterchem.ee\/fi\/?s={search_term_string}"},"query-input":{"@type":"PropertyValueSpecification","valueRequired":true,"valueName":"search_term_string"}}],"inLanguage":"fi"},{"@type":"Organization","@id":"https:\/\/masterchem.ee\/fi\/#organization","name":"Masterchem","url":"https:\/\/masterchem.ee\/fi\/","logo":{"@type":"ImageObject","inLanguage":"fi","@id":"https:\/\/masterchem.ee\/fi\/#\/schema\/logo\/image\/","url":"https:\/\/masterchem.ee\/wp-content\/uploads\/2018\/02\/master-chem_final-1.png","contentUrl":"https:\/\/masterchem.ee\/wp-content\/uploads\/2018\/02\/master-chem_final-1.png","width":850,"height":356,"caption":"Masterchem"},"image":{"@id":"https:\/\/masterchem.ee\/fi\/#\/schema\/logo\/image\/"}}]}},"_links":{"self":[{"href":"https:\/\/masterchem.ee\/fi\/wp-json\/wp\/v2\/product\/15692","targetHints":{"allow":["GET"]}}],"collection":[{"href":"https:\/\/masterchem.ee\/fi\/wp-json\/wp\/v2\/product"}],"about":[{"href":"https:\/\/masterchem.ee\/fi\/wp-json\/wp\/v2\/types\/product"}],"wp:featuredmedia":[{"embeddable":true,"href":"https:\/\/masterchem.ee\/fi\/wp-json\/wp\/v2\/media\/15735"}],"wp:attachment":[{"href":"https:\/\/masterchem.ee\/fi\/wp-json\/wp\/v2\/media?parent=15692"}],"wp:term":[{"taxonomy":"product_brand","embeddable":true,"href":"https:\/\/masterchem.ee\/fi\/wp-json\/wp\/v2\/product_brand?post=15692"},{"taxonomy":"product_cat","embeddable":true,"href":"https:\/\/masterchem.ee\/fi\/wp-json\/wp\/v2\/product_cat?post=15692"},{"taxonomy":"product_tag","embeddable":true,"href":"https:\/\/masterchem.ee\/fi\/wp-json\/wp\/v2\/product_tag?post=15692"}],"curies":[{"name":"wp","href":"https:\/\/api.w.org\/{rel}","templated":true}]}}