{"id":15524,"date":"2021-12-08T07:40:56","date_gmt":"2021-12-08T07:41:00","guid":{"rendered":"https:\/\/masterchem.ee\/?post_type=product&#038;p=15524"},"modified":"2021-12-08T07:51:32","modified_gmt":"2021-12-08T07:51:32","slug":"kofeiini-cas-58-08-2","status":"publish","type":"product","link":"https:\/\/masterchem.ee\/fi\/tooted-ja-teenused\/kofeiini-cas-58-08-2\/","title":{"rendered":"Kofeiini (CAS 58-08-2)"},"content":{"rendered":"<p> <strong> Info<\/strong> <\/p>\n<p>Toimialat: kosmetiikkateollisuus, l\u00e4\u00e4keteollisuus<br \/>\nCAS: 58-08-2<br \/>\nWE-numero: 200-362-1<br \/>\nKemiallinen kaava: C8H10N4O2<br \/>\nMolekyylimassa: 194,19 g\/mol<br \/>\nTullitariffikoodi: 29393000<br \/>\nADR: UN1544<\/p>\n<p><strong>Muut fyysiset ominaisuudet<\/strong><\/p>\n<p>Sulamis-\/j\u00e4\u00e4tymispiste: 235 &#8211; 239\u00b0C<\/p>\n","protected":false},"excerpt":{"rendered":"<p><strong>Kofeiini (CAS 58-08-2)<\/strong><\/p>\n<p>Trimetyloitu ksantiini, joka toimii tehokkaana keskushermostoa stimuloivana aineena. Suuremmilla annoksilla se aiheuttaa takykardiaa ja h\u00e4iritsee Ca2+:n ottoa ja varastointia luustolihasten sarkoplasmisessa retikulumissa. Est\u00e4\u00e4 kamptotesiinin (luettelonro 208925) ja topotekaanin aiheuttamia apoptoosia ja solusyklin vaikutuksia HL-60-soluissa.<\/p>\n<p>Kofeiini, CAS 58-08-2, on trimetyloitu ksantiini, joka toimii tehokkaana keskushermostoa stimuloivana aineena. Suuremmilla annoksilla aiheuttaa takykardiaa.<\/p>\n<p>ja johtumisen.<\/p>\n","protected":false},"featured_media":15530,"template":"","meta":[],"product_brand":[],"product_cat":[180,294,120],"product_tag":[],"class_list":{"0":"post-15524","1":"product","2":"type-product","3":"status-publish","4":"has-post-thumbnail","6":"product_cat-uncategorized-fi-2","7":"product_cat-kosmetiikkateollisuus","8":"product_cat-laaketeollisuus","10":"first","11":"instock","12":"taxable","13":"shipping-taxable","14":"purchasable","15":"product-type-variable","16":"has-default-attributes"},"yoast_head":"<!-- This site is optimized with the Yoast SEO plugin v26.2 - https:\/\/yoast.com\/wordpress\/plugins\/seo\/ -->\n<title>Kofeiini (CAS 58-08-2) - Chemistry For Industry - Solvents &amp; Chemicals - Masterchem.ee<\/title>\n<meta name=\"description\" content=\"Trimetyloitu ksantiini, joka toimii tehokkaana keskushermostoa stimuloivana aineena. Suuremmilla annoksilla se aiheuttaa takykardiaa ja h\u00e4iritsee Ca2+:n ottoa ja varastointia luustolihasten sarkoplasmisessa retikulumissa.\" \/>\n<meta name=\"robots\" content=\"index, follow, max-snippet:-1, max-image-preview:large, max-video-preview:-1\" \/>\n<link rel=\"canonical\" href=\"https:\/\/masterchem.ee\/fi\/tooted-ja-teenused\/kofeiini-cas-58-08-2\/\" \/>\n<meta name=\"twitter:card\" content=\"summary_large_image\" \/>\n<meta name=\"twitter:title\" content=\"Kofeiini (CAS 58-08-2) - Chemistry For Industry - Solvents &amp; Chemicals - Masterchem.ee\" \/>\n<meta name=\"twitter:description\" content=\"Trimetyloitu ksantiini, joka toimii tehokkaana keskushermostoa stimuloivana aineena. Suuremmilla annoksilla se aiheuttaa takykardiaa ja h\u00e4iritsee Ca2+:n ottoa ja varastointia luustolihasten sarkoplasmisessa retikulumissa.\" \/>\n<meta name=\"twitter:image\" content=\"https:\/\/masterchem.ee\/wp-content\/uploads\/2021\/12\/Kofeiin-25kg-MasterChem.jpg\" \/>\n<script type=\"application\/ld+json\" class=\"yoast-schema-graph\">{\"@context\":\"https:\/\/schema.org\",\"@graph\":[{\"@type\":\"WebPage\",\"@id\":\"https:\/\/masterchem.ee\/fi\/tooted-ja-teenused\/kofeiini-cas-58-08-2\/\",\"url\":\"https:\/\/masterchem.ee\/fi\/tooted-ja-teenused\/kofeiini-cas-58-08-2\/\",\"name\":\"Kofeiini (CAS 58-08-2) - Chemistry For Industry - Solvents &amp; Chemicals - Masterchem.ee\",\"isPartOf\":{\"@id\":\"https:\/\/masterchem.ee\/fi\/#website\"},\"primaryImageOfPage\":{\"@id\":\"https:\/\/masterchem.ee\/fi\/tooted-ja-teenused\/kofeiini-cas-58-08-2\/#primaryimage\"},\"image\":{\"@id\":\"https:\/\/masterchem.ee\/fi\/tooted-ja-teenused\/kofeiini-cas-58-08-2\/#primaryimage\"},\"thumbnailUrl\":\"https:\/\/masterchem.ee\/wp-content\/uploads\/2021\/12\/Kofeiin-25kg-MasterChem.jpg\",\"datePublished\":\"2021-12-08T07:41:00+00:00\",\"dateModified\":\"2021-12-08T07:51:32+00:00\",\"description\":\"Trimetyloitu ksantiini, joka toimii tehokkaana keskushermostoa stimuloivana aineena. Suuremmilla annoksilla se aiheuttaa takykardiaa ja h\u00e4iritsee Ca2+:n ottoa ja varastointia luustolihasten sarkoplasmisessa retikulumissa.\",\"breadcrumb\":{\"@id\":\"https:\/\/masterchem.ee\/fi\/tooted-ja-teenused\/kofeiini-cas-58-08-2\/#breadcrumb\"},\"inLanguage\":\"fi\",\"potentialAction\":[{\"@type\":\"ReadAction\",\"target\":[\"https:\/\/masterchem.ee\/fi\/tooted-ja-teenused\/kofeiini-cas-58-08-2\/\"]}]},{\"@type\":\"ImageObject\",\"inLanguage\":\"fi\",\"@id\":\"https:\/\/masterchem.ee\/fi\/tooted-ja-teenused\/kofeiini-cas-58-08-2\/#primaryimage\",\"url\":\"https:\/\/masterchem.ee\/wp-content\/uploads\/2021\/12\/Kofeiin-25kg-MasterChem.jpg\",\"contentUrl\":\"https:\/\/masterchem.ee\/wp-content\/uploads\/2021\/12\/Kofeiin-25kg-MasterChem.jpg\",\"width\":1000,\"height\":1000,\"caption\":\"Kofeiini (CAS 58-08-2) 25kg MasterChem\"},{\"@type\":\"BreadcrumbList\",\"@id\":\"https:\/\/masterchem.ee\/fi\/tooted-ja-teenused\/kofeiini-cas-58-08-2\/#breadcrumb\",\"itemListElement\":[{\"@type\":\"ListItem\",\"position\":1,\"name\":\"Home\",\"item\":\"https:\/\/masterchem.ee\/fi\/\"},{\"@type\":\"ListItem\",\"position\":2,\"name\":\"Tooted ja teenused\",\"item\":\"https:\/\/masterchem.ee\/tooted-ja-teenused\/\"},{\"@type\":\"ListItem\",\"position\":3,\"name\":\"Kofeiini (CAS 58-08-2)\"}]},{\"@type\":\"WebSite\",\"@id\":\"https:\/\/masterchem.ee\/fi\/#website\",\"url\":\"https:\/\/masterchem.ee\/fi\/\",\"name\":\"Masterchem.ee\",\"description\":\"Chemistry For Industry - Solvents &amp; Chemicals\",\"publisher\":{\"@id\":\"https:\/\/masterchem.ee\/fi\/#organization\"},\"potentialAction\":[{\"@type\":\"SearchAction\",\"target\":{\"@type\":\"EntryPoint\",\"urlTemplate\":\"https:\/\/masterchem.ee\/fi\/?s={search_term_string}\"},\"query-input\":{\"@type\":\"PropertyValueSpecification\",\"valueRequired\":true,\"valueName\":\"search_term_string\"}}],\"inLanguage\":\"fi\"},{\"@type\":\"Organization\",\"@id\":\"https:\/\/masterchem.ee\/fi\/#organization\",\"name\":\"Masterchem\",\"url\":\"https:\/\/masterchem.ee\/fi\/\",\"logo\":{\"@type\":\"ImageObject\",\"inLanguage\":\"fi\",\"@id\":\"https:\/\/masterchem.ee\/fi\/#\/schema\/logo\/image\/\",\"url\":\"https:\/\/masterchem.ee\/wp-content\/uploads\/2018\/02\/master-chem_final-1.png\",\"contentUrl\":\"https:\/\/masterchem.ee\/wp-content\/uploads\/2018\/02\/master-chem_final-1.png\",\"width\":850,\"height\":356,\"caption\":\"Masterchem\"},\"image\":{\"@id\":\"https:\/\/masterchem.ee\/fi\/#\/schema\/logo\/image\/\"}}]}<\/script>\n<!-- \/ Yoast SEO plugin. -->","yoast_head_json":{"title":"Kofeiini (CAS 58-08-2) - Chemistry For Industry - Solvents &amp; Chemicals - Masterchem.ee","description":"Trimetyloitu ksantiini, joka toimii tehokkaana keskushermostoa stimuloivana aineena. Suuremmilla annoksilla se aiheuttaa takykardiaa ja h\u00e4iritsee Ca2+:n ottoa ja varastointia luustolihasten sarkoplasmisessa retikulumissa.","robots":{"index":"index","follow":"follow","max-snippet":"max-snippet:-1","max-image-preview":"max-image-preview:large","max-video-preview":"max-video-preview:-1"},"canonical":"https:\/\/masterchem.ee\/fi\/tooted-ja-teenused\/kofeiini-cas-58-08-2\/","twitter_card":"summary_large_image","twitter_title":"Kofeiini (CAS 58-08-2) - Chemistry For Industry - Solvents &amp; Chemicals - Masterchem.ee","twitter_description":"Trimetyloitu ksantiini, joka toimii tehokkaana keskushermostoa stimuloivana aineena. Suuremmilla annoksilla se aiheuttaa takykardiaa ja h\u00e4iritsee Ca2+:n ottoa ja varastointia luustolihasten sarkoplasmisessa retikulumissa.","twitter_image":"https:\/\/masterchem.ee\/wp-content\/uploads\/2021\/12\/Kofeiin-25kg-MasterChem.jpg","schema":{"@context":"https:\/\/schema.org","@graph":[{"@type":"WebPage","@id":"https:\/\/masterchem.ee\/fi\/tooted-ja-teenused\/kofeiini-cas-58-08-2\/","url":"https:\/\/masterchem.ee\/fi\/tooted-ja-teenused\/kofeiini-cas-58-08-2\/","name":"Kofeiini (CAS 58-08-2) - Chemistry For Industry - Solvents &amp; Chemicals - Masterchem.ee","isPartOf":{"@id":"https:\/\/masterchem.ee\/fi\/#website"},"primaryImageOfPage":{"@id":"https:\/\/masterchem.ee\/fi\/tooted-ja-teenused\/kofeiini-cas-58-08-2\/#primaryimage"},"image":{"@id":"https:\/\/masterchem.ee\/fi\/tooted-ja-teenused\/kofeiini-cas-58-08-2\/#primaryimage"},"thumbnailUrl":"https:\/\/masterchem.ee\/wp-content\/uploads\/2021\/12\/Kofeiin-25kg-MasterChem.jpg","datePublished":"2021-12-08T07:41:00+00:00","dateModified":"2021-12-08T07:51:32+00:00","description":"Trimetyloitu ksantiini, joka toimii tehokkaana keskushermostoa stimuloivana aineena. Suuremmilla annoksilla se aiheuttaa takykardiaa ja h\u00e4iritsee Ca2+:n ottoa ja varastointia luustolihasten sarkoplasmisessa retikulumissa.","breadcrumb":{"@id":"https:\/\/masterchem.ee\/fi\/tooted-ja-teenused\/kofeiini-cas-58-08-2\/#breadcrumb"},"inLanguage":"fi","potentialAction":[{"@type":"ReadAction","target":["https:\/\/masterchem.ee\/fi\/tooted-ja-teenused\/kofeiini-cas-58-08-2\/"]}]},{"@type":"ImageObject","inLanguage":"fi","@id":"https:\/\/masterchem.ee\/fi\/tooted-ja-teenused\/kofeiini-cas-58-08-2\/#primaryimage","url":"https:\/\/masterchem.ee\/wp-content\/uploads\/2021\/12\/Kofeiin-25kg-MasterChem.jpg","contentUrl":"https:\/\/masterchem.ee\/wp-content\/uploads\/2021\/12\/Kofeiin-25kg-MasterChem.jpg","width":1000,"height":1000,"caption":"Kofeiini (CAS 58-08-2) 25kg MasterChem"},{"@type":"BreadcrumbList","@id":"https:\/\/masterchem.ee\/fi\/tooted-ja-teenused\/kofeiini-cas-58-08-2\/#breadcrumb","itemListElement":[{"@type":"ListItem","position":1,"name":"Home","item":"https:\/\/masterchem.ee\/fi\/"},{"@type":"ListItem","position":2,"name":"Tooted ja teenused","item":"https:\/\/masterchem.ee\/tooted-ja-teenused\/"},{"@type":"ListItem","position":3,"name":"Kofeiini (CAS 58-08-2)"}]},{"@type":"WebSite","@id":"https:\/\/masterchem.ee\/fi\/#website","url":"https:\/\/masterchem.ee\/fi\/","name":"Masterchem.ee","description":"Chemistry For Industry - Solvents &amp; Chemicals","publisher":{"@id":"https:\/\/masterchem.ee\/fi\/#organization"},"potentialAction":[{"@type":"SearchAction","target":{"@type":"EntryPoint","urlTemplate":"https:\/\/masterchem.ee\/fi\/?s={search_term_string}"},"query-input":{"@type":"PropertyValueSpecification","valueRequired":true,"valueName":"search_term_string"}}],"inLanguage":"fi"},{"@type":"Organization","@id":"https:\/\/masterchem.ee\/fi\/#organization","name":"Masterchem","url":"https:\/\/masterchem.ee\/fi\/","logo":{"@type":"ImageObject","inLanguage":"fi","@id":"https:\/\/masterchem.ee\/fi\/#\/schema\/logo\/image\/","url":"https:\/\/masterchem.ee\/wp-content\/uploads\/2018\/02\/master-chem_final-1.png","contentUrl":"https:\/\/masterchem.ee\/wp-content\/uploads\/2018\/02\/master-chem_final-1.png","width":850,"height":356,"caption":"Masterchem"},"image":{"@id":"https:\/\/masterchem.ee\/fi\/#\/schema\/logo\/image\/"}}]}},"_links":{"self":[{"href":"https:\/\/masterchem.ee\/fi\/wp-json\/wp\/v2\/product\/15524","targetHints":{"allow":["GET"]}}],"collection":[{"href":"https:\/\/masterchem.ee\/fi\/wp-json\/wp\/v2\/product"}],"about":[{"href":"https:\/\/masterchem.ee\/fi\/wp-json\/wp\/v2\/types\/product"}],"wp:featuredmedia":[{"embeddable":true,"href":"https:\/\/masterchem.ee\/fi\/wp-json\/wp\/v2\/media\/15530"}],"wp:attachment":[{"href":"https:\/\/masterchem.ee\/fi\/wp-json\/wp\/v2\/media?parent=15524"}],"wp:term":[{"taxonomy":"product_brand","embeddable":true,"href":"https:\/\/masterchem.ee\/fi\/wp-json\/wp\/v2\/product_brand?post=15524"},{"taxonomy":"product_cat","embeddable":true,"href":"https:\/\/masterchem.ee\/fi\/wp-json\/wp\/v2\/product_cat?post=15524"},{"taxonomy":"product_tag","embeddable":true,"href":"https:\/\/masterchem.ee\/fi\/wp-json\/wp\/v2\/product_tag?post=15524"}],"curies":[{"name":"wp","href":"https:\/\/api.w.org\/{rel}","templated":true}]}}