{"id":15505,"date":"2021-12-06T21:52:26","date_gmt":"2021-12-06T21:52:30","guid":{"rendered":"https:\/\/masterchem.ee\/?post_type=product&#038;p=15505"},"modified":"2023-02-28T09:58:22","modified_gmt":"2023-02-28T09:58:22","slug":"bentsokaiini-cas-94-09-7","status":"publish","type":"product","link":"https:\/\/masterchem.ee\/fi\/tooted-ja-teenused\/bentsokaiini-cas-94-09-7\/","title":{"rendered":"Bentsokaiini (CAS 94-09-7)"},"content":{"rendered":"<p> <strong> Info<\/strong> <\/p>\n<p>Toimialat: kosmetiikkateollisuus, l\u00e4\u00e4keteollisuus<br \/>\nWE-numero: 202-303-5<br \/>\nKemiallinen kaava: C9H11NO2<br \/>\nMolekyylimassa: 165,2 g\/mol<\/p>\n<p><strong>Muut fyysiset ominaisuudet<\/strong><\/p>\n<p>Suhteellinen tiheys: 2,75 g\/cm3<br \/>\nLiukoisuus veteen: 1g\/2500ml<\/p>\n","protected":false},"excerpt":{"rendered":"<p><strong>Bentsokaiini (CAS 94-09-7)<\/strong><\/p>\n<p>Bentsokaiini on paraaminobentsoehapon esteri, josta puuttuu prokaiinin terminaalinen dietyyliaminoryhm\u00e4 ja jolla on anesteettista vaikutusta. Bentsokaiini sitoutuu natriumkanavaan ja stabiloi palautuvasti hermosolujen kalvoa, mik\u00e4 v\u00e4hent\u00e4\u00e4 sen l\u00e4p\u00e4isevyytt\u00e4 natriumioneille. Hermosolukalvon depolarisaatio estyy, mik\u00e4 est\u00e4\u00e4 hermoimpulssien alkamisen ja johtumisen.<\/p>\n","protected":false},"featured_media":15511,"template":"","meta":[],"product_brand":[],"product_cat":[180,294,120],"product_tag":[],"class_list":{"0":"post-15505","1":"product","2":"type-product","3":"status-publish","4":"has-post-thumbnail","6":"product_cat-uncategorized-fi-2","7":"product_cat-kosmetiikkateollisuus","8":"product_cat-laaketeollisuus","10":"first","11":"instock","12":"taxable","13":"shipping-taxable","14":"purchasable","15":"product-type-variable","16":"has-default-attributes"},"yoast_head":"<!-- This site is optimized with the Yoast SEO plugin v26.2 - https:\/\/yoast.com\/wordpress\/plugins\/seo\/ -->\n<title>Bentsokaiini (CAS 94-09-7) - Chemistry For Industry - Solvents &amp; Chemicals - Masterchem.ee<\/title>\n<meta name=\"description\" content=\"Bentsokaiini on paraaminobentsoehapon esteri, josta puuttuu prokaiinin terminaalinen dietyyliaminoryhm\u00e4 ja jolla on anesteettista vaikutusta.\" \/>\n<meta name=\"robots\" content=\"index, follow, max-snippet:-1, max-image-preview:large, max-video-preview:-1\" \/>\n<link rel=\"canonical\" href=\"https:\/\/masterchem.ee\/fi\/tooted-ja-teenused\/bentsokaiini-cas-94-09-7\/\" \/>\n<meta name=\"twitter:card\" content=\"summary_large_image\" \/>\n<meta name=\"twitter:title\" content=\"Bentsokaiini (CAS 94-09-7) - Chemistry For Industry - Solvents &amp; Chemicals - Masterchem.ee\" \/>\n<meta name=\"twitter:description\" content=\"Bentsokaiini on paraaminobentsoehapon esteri, josta puuttuu prokaiinin terminaalinen dietyyliaminoryhm\u00e4 ja jolla on anesteettista vaikutusta.\" \/>\n<meta name=\"twitter:image\" content=\"https:\/\/masterchem.ee\/wp-content\/uploads\/2021\/12\/Bensokaiin-25kg-MasterChem.jpg\" \/>\n<script type=\"application\/ld+json\" class=\"yoast-schema-graph\">{\"@context\":\"https:\/\/schema.org\",\"@graph\":[{\"@type\":\"WebPage\",\"@id\":\"https:\/\/masterchem.ee\/fi\/tooted-ja-teenused\/bentsokaiini-cas-94-09-7\/\",\"url\":\"https:\/\/masterchem.ee\/fi\/tooted-ja-teenused\/bentsokaiini-cas-94-09-7\/\",\"name\":\"Bentsokaiini (CAS 94-09-7) - Chemistry For Industry - Solvents &amp; Chemicals - Masterchem.ee\",\"isPartOf\":{\"@id\":\"https:\/\/masterchem.ee\/fi\/#website\"},\"primaryImageOfPage\":{\"@id\":\"https:\/\/masterchem.ee\/fi\/tooted-ja-teenused\/bentsokaiini-cas-94-09-7\/#primaryimage\"},\"image\":{\"@id\":\"https:\/\/masterchem.ee\/fi\/tooted-ja-teenused\/bentsokaiini-cas-94-09-7\/#primaryimage\"},\"thumbnailUrl\":\"https:\/\/masterchem.ee\/wp-content\/uploads\/2021\/12\/Bensokaiin-25kg-MasterChem.jpg\",\"datePublished\":\"2021-12-06T21:52:30+00:00\",\"dateModified\":\"2023-02-28T09:58:22+00:00\",\"description\":\"Bentsokaiini on paraaminobentsoehapon esteri, josta puuttuu prokaiinin terminaalinen dietyyliaminoryhm\u00e4 ja jolla on anesteettista vaikutusta.\",\"breadcrumb\":{\"@id\":\"https:\/\/masterchem.ee\/fi\/tooted-ja-teenused\/bentsokaiini-cas-94-09-7\/#breadcrumb\"},\"inLanguage\":\"fi\",\"potentialAction\":[{\"@type\":\"ReadAction\",\"target\":[\"https:\/\/masterchem.ee\/fi\/tooted-ja-teenused\/bentsokaiini-cas-94-09-7\/\"]}]},{\"@type\":\"ImageObject\",\"inLanguage\":\"fi\",\"@id\":\"https:\/\/masterchem.ee\/fi\/tooted-ja-teenused\/bentsokaiini-cas-94-09-7\/#primaryimage\",\"url\":\"https:\/\/masterchem.ee\/wp-content\/uploads\/2021\/12\/Bensokaiin-25kg-MasterChem.jpg\",\"contentUrl\":\"https:\/\/masterchem.ee\/wp-content\/uploads\/2021\/12\/Bensokaiin-25kg-MasterChem.jpg\",\"width\":1000,\"height\":1000,\"caption\":\"Bentsokaiini (CAS 94-09-7) 25kg MasterChem\"},{\"@type\":\"BreadcrumbList\",\"@id\":\"https:\/\/masterchem.ee\/fi\/tooted-ja-teenused\/bentsokaiini-cas-94-09-7\/#breadcrumb\",\"itemListElement\":[{\"@type\":\"ListItem\",\"position\":1,\"name\":\"Home\",\"item\":\"https:\/\/masterchem.ee\/fi\/\"},{\"@type\":\"ListItem\",\"position\":2,\"name\":\"Tooted ja teenused\",\"item\":\"https:\/\/masterchem.ee\/tooted-ja-teenused\/\"},{\"@type\":\"ListItem\",\"position\":3,\"name\":\"Bentsokaiini (CAS 94-09-7)\"}]},{\"@type\":\"WebSite\",\"@id\":\"https:\/\/masterchem.ee\/fi\/#website\",\"url\":\"https:\/\/masterchem.ee\/fi\/\",\"name\":\"Masterchem.ee\",\"description\":\"Chemistry For Industry - Solvents &amp; Chemicals\",\"publisher\":{\"@id\":\"https:\/\/masterchem.ee\/fi\/#organization\"},\"potentialAction\":[{\"@type\":\"SearchAction\",\"target\":{\"@type\":\"EntryPoint\",\"urlTemplate\":\"https:\/\/masterchem.ee\/fi\/?s={search_term_string}\"},\"query-input\":{\"@type\":\"PropertyValueSpecification\",\"valueRequired\":true,\"valueName\":\"search_term_string\"}}],\"inLanguage\":\"fi\"},{\"@type\":\"Organization\",\"@id\":\"https:\/\/masterchem.ee\/fi\/#organization\",\"name\":\"Masterchem\",\"url\":\"https:\/\/masterchem.ee\/fi\/\",\"logo\":{\"@type\":\"ImageObject\",\"inLanguage\":\"fi\",\"@id\":\"https:\/\/masterchem.ee\/fi\/#\/schema\/logo\/image\/\",\"url\":\"https:\/\/masterchem.ee\/wp-content\/uploads\/2018\/02\/master-chem_final-1.png\",\"contentUrl\":\"https:\/\/masterchem.ee\/wp-content\/uploads\/2018\/02\/master-chem_final-1.png\",\"width\":850,\"height\":356,\"caption\":\"Masterchem\"},\"image\":{\"@id\":\"https:\/\/masterchem.ee\/fi\/#\/schema\/logo\/image\/\"}}]}<\/script>\n<!-- \/ Yoast SEO plugin. -->","yoast_head_json":{"title":"Bentsokaiini (CAS 94-09-7) - Chemistry For Industry - Solvents &amp; Chemicals - Masterchem.ee","description":"Bentsokaiini on paraaminobentsoehapon esteri, josta puuttuu prokaiinin terminaalinen dietyyliaminoryhm\u00e4 ja jolla on anesteettista vaikutusta.","robots":{"index":"index","follow":"follow","max-snippet":"max-snippet:-1","max-image-preview":"max-image-preview:large","max-video-preview":"max-video-preview:-1"},"canonical":"https:\/\/masterchem.ee\/fi\/tooted-ja-teenused\/bentsokaiini-cas-94-09-7\/","twitter_card":"summary_large_image","twitter_title":"Bentsokaiini (CAS 94-09-7) - Chemistry For Industry - Solvents &amp; Chemicals - Masterchem.ee","twitter_description":"Bentsokaiini on paraaminobentsoehapon esteri, josta puuttuu prokaiinin terminaalinen dietyyliaminoryhm\u00e4 ja jolla on anesteettista vaikutusta.","twitter_image":"https:\/\/masterchem.ee\/wp-content\/uploads\/2021\/12\/Bensokaiin-25kg-MasterChem.jpg","schema":{"@context":"https:\/\/schema.org","@graph":[{"@type":"WebPage","@id":"https:\/\/masterchem.ee\/fi\/tooted-ja-teenused\/bentsokaiini-cas-94-09-7\/","url":"https:\/\/masterchem.ee\/fi\/tooted-ja-teenused\/bentsokaiini-cas-94-09-7\/","name":"Bentsokaiini (CAS 94-09-7) - Chemistry For Industry - Solvents &amp; Chemicals - Masterchem.ee","isPartOf":{"@id":"https:\/\/masterchem.ee\/fi\/#website"},"primaryImageOfPage":{"@id":"https:\/\/masterchem.ee\/fi\/tooted-ja-teenused\/bentsokaiini-cas-94-09-7\/#primaryimage"},"image":{"@id":"https:\/\/masterchem.ee\/fi\/tooted-ja-teenused\/bentsokaiini-cas-94-09-7\/#primaryimage"},"thumbnailUrl":"https:\/\/masterchem.ee\/wp-content\/uploads\/2021\/12\/Bensokaiin-25kg-MasterChem.jpg","datePublished":"2021-12-06T21:52:30+00:00","dateModified":"2023-02-28T09:58:22+00:00","description":"Bentsokaiini on paraaminobentsoehapon esteri, josta puuttuu prokaiinin terminaalinen dietyyliaminoryhm\u00e4 ja jolla on anesteettista vaikutusta.","breadcrumb":{"@id":"https:\/\/masterchem.ee\/fi\/tooted-ja-teenused\/bentsokaiini-cas-94-09-7\/#breadcrumb"},"inLanguage":"fi","potentialAction":[{"@type":"ReadAction","target":["https:\/\/masterchem.ee\/fi\/tooted-ja-teenused\/bentsokaiini-cas-94-09-7\/"]}]},{"@type":"ImageObject","inLanguage":"fi","@id":"https:\/\/masterchem.ee\/fi\/tooted-ja-teenused\/bentsokaiini-cas-94-09-7\/#primaryimage","url":"https:\/\/masterchem.ee\/wp-content\/uploads\/2021\/12\/Bensokaiin-25kg-MasterChem.jpg","contentUrl":"https:\/\/masterchem.ee\/wp-content\/uploads\/2021\/12\/Bensokaiin-25kg-MasterChem.jpg","width":1000,"height":1000,"caption":"Bentsokaiini (CAS 94-09-7) 25kg MasterChem"},{"@type":"BreadcrumbList","@id":"https:\/\/masterchem.ee\/fi\/tooted-ja-teenused\/bentsokaiini-cas-94-09-7\/#breadcrumb","itemListElement":[{"@type":"ListItem","position":1,"name":"Home","item":"https:\/\/masterchem.ee\/fi\/"},{"@type":"ListItem","position":2,"name":"Tooted ja teenused","item":"https:\/\/masterchem.ee\/tooted-ja-teenused\/"},{"@type":"ListItem","position":3,"name":"Bentsokaiini (CAS 94-09-7)"}]},{"@type":"WebSite","@id":"https:\/\/masterchem.ee\/fi\/#website","url":"https:\/\/masterchem.ee\/fi\/","name":"Masterchem.ee","description":"Chemistry For Industry - Solvents &amp; Chemicals","publisher":{"@id":"https:\/\/masterchem.ee\/fi\/#organization"},"potentialAction":[{"@type":"SearchAction","target":{"@type":"EntryPoint","urlTemplate":"https:\/\/masterchem.ee\/fi\/?s={search_term_string}"},"query-input":{"@type":"PropertyValueSpecification","valueRequired":true,"valueName":"search_term_string"}}],"inLanguage":"fi"},{"@type":"Organization","@id":"https:\/\/masterchem.ee\/fi\/#organization","name":"Masterchem","url":"https:\/\/masterchem.ee\/fi\/","logo":{"@type":"ImageObject","inLanguage":"fi","@id":"https:\/\/masterchem.ee\/fi\/#\/schema\/logo\/image\/","url":"https:\/\/masterchem.ee\/wp-content\/uploads\/2018\/02\/master-chem_final-1.png","contentUrl":"https:\/\/masterchem.ee\/wp-content\/uploads\/2018\/02\/master-chem_final-1.png","width":850,"height":356,"caption":"Masterchem"},"image":{"@id":"https:\/\/masterchem.ee\/fi\/#\/schema\/logo\/image\/"}}]}},"_links":{"self":[{"href":"https:\/\/masterchem.ee\/fi\/wp-json\/wp\/v2\/product\/15505","targetHints":{"allow":["GET"]}}],"collection":[{"href":"https:\/\/masterchem.ee\/fi\/wp-json\/wp\/v2\/product"}],"about":[{"href":"https:\/\/masterchem.ee\/fi\/wp-json\/wp\/v2\/types\/product"}],"wp:featuredmedia":[{"embeddable":true,"href":"https:\/\/masterchem.ee\/fi\/wp-json\/wp\/v2\/media\/15511"}],"wp:attachment":[{"href":"https:\/\/masterchem.ee\/fi\/wp-json\/wp\/v2\/media?parent=15505"}],"wp:term":[{"taxonomy":"product_brand","embeddable":true,"href":"https:\/\/masterchem.ee\/fi\/wp-json\/wp\/v2\/product_brand?post=15505"},{"taxonomy":"product_cat","embeddable":true,"href":"https:\/\/masterchem.ee\/fi\/wp-json\/wp\/v2\/product_cat?post=15505"},{"taxonomy":"product_tag","embeddable":true,"href":"https:\/\/masterchem.ee\/fi\/wp-json\/wp\/v2\/product_tag?post=15505"}],"curies":[{"name":"wp","href":"https:\/\/api.w.org\/{rel}","templated":true}]}}