{"id":15490,"date":"2021-12-06T20:24:53","date_gmt":"2021-12-06T20:24:55","guid":{"rendered":"https:\/\/masterchem.ee\/?post_type=product&#038;p=15490"},"modified":"2021-12-06T20:33:27","modified_gmt":"2021-12-06T20:33:27","slug":"kamferi-cas-21368-68-3","status":"publish","type":"product","link":"https:\/\/masterchem.ee\/fi\/tooted-ja-teenused\/kamferi-cas-21368-68-3\/","title":{"rendered":"Kamferi (CAS 21368-68-3)"},"content":{"rendered":"<p> <strong> Info<\/strong> <\/p>\n<p>Toimialat: Kosmetiikkateollisuus<br \/>\nCAS-numero: 21368-68-3<br \/>\nWE-numero: 244-350-4<br \/>\nKemiallinen kaava: C10H16O<br \/>\nMolekyylimassa: 152,23 g\/mol<\/p>\n<p><strong>Muut fyysiset ominaisuudet<\/strong><\/p>\n<p>Sulamis-\/j\u00e4\u00e4tymispiste: 175\u00b0C<br \/>\nKiehumispiste\/alue: 204\u00b0C<br \/>\nSuhteellinen tiheys: 0,992 g\/cm3<\/p>\n","protected":false},"excerpt":{"rendered":"<p><strong>Kamferi (CAS 21368-68-3)<\/strong><\/p>\n<p>Kamferi on orgaanista, terpeeneihin kuuluvaa vahamaista, huoneenl\u00e4mm\u00f6ss\u00e4 kiinte\u00e4\u00e4, v\u00e4rit\u00f6nt\u00e4 tai valkoista kiteist\u00e4 ainetta, jolla on voimakkaan l\u00e4pitunkeva, pist\u00e4v\u00e4n hyv\u00e4ntuoksuinen haju. Kamferia saadaan luonnosta Aasiassa, erityisesti Borneossa ja Taiwanissa, kasvavasta kamferipuusta (Cinnamomum camphora) ja muista laakerikasveihin kuuluvista puista. Sit\u00e4 voidaan my\u00f6s valmistaa synteettisesti t\u00e4rp\u00e4tti\u00f6ljyst\u00e4. Kamferia k\u00e4ytet\u00e4\u00e4n muun muassa hajusteena, ruoan valmistuksessa, palsamointinesteen\u00e4, uskonnollisissa juhlissa ja my\u00f6s l\u00e4\u00e4kinn\u00e4ss\u00e4. Yhdistett\u00e4 esiintyy kasveissa ja kukkien tuoksuissa sek\u00e4 semiokemikaalina eli\u00f6iden viestinn\u00e4ss\u00e4.<\/p>\n","protected":false},"featured_media":15496,"template":"","meta":[],"product_brand":[],"product_cat":[180,294],"product_tag":[],"class_list":{"0":"post-15490","1":"product","2":"type-product","3":"status-publish","4":"has-post-thumbnail","6":"product_cat-uncategorized-fi-2","7":"product_cat-kosmetiikkateollisuus","9":"first","10":"instock","11":"taxable","12":"shipping-taxable","13":"purchasable","14":"product-type-variable","15":"has-default-attributes"},"yoast_head":"<!-- This site is optimized with the Yoast SEO plugin v26.2 - https:\/\/yoast.com\/wordpress\/plugins\/seo\/ -->\n<title>Kamferi (CAS 21368-68-3) - Chemistry For Industry - Solvents &amp; Chemicals - Masterchem.ee<\/title>\n<meta name=\"description\" content=\"Kamferi on orgaanista, terpeeneihin kuuluvaa vahamaista, huoneenl\u00e4mm\u00f6ss\u00e4 kiinte\u00e4\u00e4, v\u00e4rit\u00f6nt\u00e4 tai valkoista kiteist\u00e4 ainetta, jolla on voimakkaan l\u00e4pitunkeva, pist\u00e4v\u00e4n hyv\u00e4ntuoksuinen haju.\" \/>\n<meta name=\"robots\" content=\"index, follow, max-snippet:-1, max-image-preview:large, max-video-preview:-1\" \/>\n<link rel=\"canonical\" href=\"https:\/\/masterchem.ee\/fi\/tooted-ja-teenused\/kamferi-cas-21368-68-3\/\" \/>\n<meta name=\"twitter:card\" content=\"summary_large_image\" \/>\n<meta name=\"twitter:title\" content=\"Kamferi (CAS 21368-68-3) - Chemistry For Industry - Solvents &amp; Chemicals - Masterchem.ee\" \/>\n<meta name=\"twitter:description\" content=\"Kamferi on orgaanista, terpeeneihin kuuluvaa vahamaista, huoneenl\u00e4mm\u00f6ss\u00e4 kiinte\u00e4\u00e4, v\u00e4rit\u00f6nt\u00e4 tai valkoista kiteist\u00e4 ainetta, jolla on voimakkaan l\u00e4pitunkeva, pist\u00e4v\u00e4n hyv\u00e4ntuoksuinen haju.\" \/>\n<meta name=\"twitter:image\" content=\"https:\/\/masterchem.ee\/wp-content\/uploads\/2021\/12\/Kamper-25kg-MasterChem.jpg\" \/>\n<script type=\"application\/ld+json\" class=\"yoast-schema-graph\">{\"@context\":\"https:\/\/schema.org\",\"@graph\":[{\"@type\":\"WebPage\",\"@id\":\"https:\/\/masterchem.ee\/fi\/tooted-ja-teenused\/kamferi-cas-21368-68-3\/\",\"url\":\"https:\/\/masterchem.ee\/fi\/tooted-ja-teenused\/kamferi-cas-21368-68-3\/\",\"name\":\"Kamferi (CAS 21368-68-3) - Chemistry For Industry - Solvents &amp; Chemicals - Masterchem.ee\",\"isPartOf\":{\"@id\":\"https:\/\/masterchem.ee\/fi\/#website\"},\"primaryImageOfPage\":{\"@id\":\"https:\/\/masterchem.ee\/fi\/tooted-ja-teenused\/kamferi-cas-21368-68-3\/#primaryimage\"},\"image\":{\"@id\":\"https:\/\/masterchem.ee\/fi\/tooted-ja-teenused\/kamferi-cas-21368-68-3\/#primaryimage\"},\"thumbnailUrl\":\"https:\/\/masterchem.ee\/wp-content\/uploads\/2021\/12\/Kamper-25kg-MasterChem.jpg\",\"datePublished\":\"2021-12-06T20:24:55+00:00\",\"dateModified\":\"2021-12-06T20:33:27+00:00\",\"description\":\"Kamferi on orgaanista, terpeeneihin kuuluvaa vahamaista, huoneenl\u00e4mm\u00f6ss\u00e4 kiinte\u00e4\u00e4, v\u00e4rit\u00f6nt\u00e4 tai valkoista kiteist\u00e4 ainetta, jolla on voimakkaan l\u00e4pitunkeva, pist\u00e4v\u00e4n hyv\u00e4ntuoksuinen haju.\",\"breadcrumb\":{\"@id\":\"https:\/\/masterchem.ee\/fi\/tooted-ja-teenused\/kamferi-cas-21368-68-3\/#breadcrumb\"},\"inLanguage\":\"fi\",\"potentialAction\":[{\"@type\":\"ReadAction\",\"target\":[\"https:\/\/masterchem.ee\/fi\/tooted-ja-teenused\/kamferi-cas-21368-68-3\/\"]}]},{\"@type\":\"ImageObject\",\"inLanguage\":\"fi\",\"@id\":\"https:\/\/masterchem.ee\/fi\/tooted-ja-teenused\/kamferi-cas-21368-68-3\/#primaryimage\",\"url\":\"https:\/\/masterchem.ee\/wp-content\/uploads\/2021\/12\/Kamper-25kg-MasterChem.jpg\",\"contentUrl\":\"https:\/\/masterchem.ee\/wp-content\/uploads\/2021\/12\/Kamper-25kg-MasterChem.jpg\",\"width\":1000,\"height\":1000,\"caption\":\"Kamferi (CAS 21368-68-3) 25kg MasterChem\"},{\"@type\":\"BreadcrumbList\",\"@id\":\"https:\/\/masterchem.ee\/fi\/tooted-ja-teenused\/kamferi-cas-21368-68-3\/#breadcrumb\",\"itemListElement\":[{\"@type\":\"ListItem\",\"position\":1,\"name\":\"Home\",\"item\":\"https:\/\/masterchem.ee\/fi\/\"},{\"@type\":\"ListItem\",\"position\":2,\"name\":\"Tooted ja teenused\",\"item\":\"https:\/\/masterchem.ee\/tooted-ja-teenused\/\"},{\"@type\":\"ListItem\",\"position\":3,\"name\":\"Kamferi (CAS 21368-68-3)\"}]},{\"@type\":\"WebSite\",\"@id\":\"https:\/\/masterchem.ee\/fi\/#website\",\"url\":\"https:\/\/masterchem.ee\/fi\/\",\"name\":\"Masterchem.ee\",\"description\":\"Chemistry For Industry - Solvents &amp; Chemicals\",\"publisher\":{\"@id\":\"https:\/\/masterchem.ee\/fi\/#organization\"},\"potentialAction\":[{\"@type\":\"SearchAction\",\"target\":{\"@type\":\"EntryPoint\",\"urlTemplate\":\"https:\/\/masterchem.ee\/fi\/?s={search_term_string}\"},\"query-input\":{\"@type\":\"PropertyValueSpecification\",\"valueRequired\":true,\"valueName\":\"search_term_string\"}}],\"inLanguage\":\"fi\"},{\"@type\":\"Organization\",\"@id\":\"https:\/\/masterchem.ee\/fi\/#organization\",\"name\":\"Masterchem\",\"url\":\"https:\/\/masterchem.ee\/fi\/\",\"logo\":{\"@type\":\"ImageObject\",\"inLanguage\":\"fi\",\"@id\":\"https:\/\/masterchem.ee\/fi\/#\/schema\/logo\/image\/\",\"url\":\"https:\/\/masterchem.ee\/wp-content\/uploads\/2018\/02\/master-chem_final-1.png\",\"contentUrl\":\"https:\/\/masterchem.ee\/wp-content\/uploads\/2018\/02\/master-chem_final-1.png\",\"width\":850,\"height\":356,\"caption\":\"Masterchem\"},\"image\":{\"@id\":\"https:\/\/masterchem.ee\/fi\/#\/schema\/logo\/image\/\"}}]}<\/script>\n<!-- \/ Yoast SEO plugin. -->","yoast_head_json":{"title":"Kamferi (CAS 21368-68-3) - Chemistry For Industry - Solvents &amp; Chemicals - Masterchem.ee","description":"Kamferi on orgaanista, terpeeneihin kuuluvaa vahamaista, huoneenl\u00e4mm\u00f6ss\u00e4 kiinte\u00e4\u00e4, v\u00e4rit\u00f6nt\u00e4 tai valkoista kiteist\u00e4 ainetta, jolla on voimakkaan l\u00e4pitunkeva, pist\u00e4v\u00e4n hyv\u00e4ntuoksuinen haju.","robots":{"index":"index","follow":"follow","max-snippet":"max-snippet:-1","max-image-preview":"max-image-preview:large","max-video-preview":"max-video-preview:-1"},"canonical":"https:\/\/masterchem.ee\/fi\/tooted-ja-teenused\/kamferi-cas-21368-68-3\/","twitter_card":"summary_large_image","twitter_title":"Kamferi (CAS 21368-68-3) - Chemistry For Industry - Solvents &amp; Chemicals - Masterchem.ee","twitter_description":"Kamferi on orgaanista, terpeeneihin kuuluvaa vahamaista, huoneenl\u00e4mm\u00f6ss\u00e4 kiinte\u00e4\u00e4, v\u00e4rit\u00f6nt\u00e4 tai valkoista kiteist\u00e4 ainetta, jolla on voimakkaan l\u00e4pitunkeva, pist\u00e4v\u00e4n hyv\u00e4ntuoksuinen haju.","twitter_image":"https:\/\/masterchem.ee\/wp-content\/uploads\/2021\/12\/Kamper-25kg-MasterChem.jpg","schema":{"@context":"https:\/\/schema.org","@graph":[{"@type":"WebPage","@id":"https:\/\/masterchem.ee\/fi\/tooted-ja-teenused\/kamferi-cas-21368-68-3\/","url":"https:\/\/masterchem.ee\/fi\/tooted-ja-teenused\/kamferi-cas-21368-68-3\/","name":"Kamferi (CAS 21368-68-3) - Chemistry For Industry - Solvents &amp; Chemicals - Masterchem.ee","isPartOf":{"@id":"https:\/\/masterchem.ee\/fi\/#website"},"primaryImageOfPage":{"@id":"https:\/\/masterchem.ee\/fi\/tooted-ja-teenused\/kamferi-cas-21368-68-3\/#primaryimage"},"image":{"@id":"https:\/\/masterchem.ee\/fi\/tooted-ja-teenused\/kamferi-cas-21368-68-3\/#primaryimage"},"thumbnailUrl":"https:\/\/masterchem.ee\/wp-content\/uploads\/2021\/12\/Kamper-25kg-MasterChem.jpg","datePublished":"2021-12-06T20:24:55+00:00","dateModified":"2021-12-06T20:33:27+00:00","description":"Kamferi on orgaanista, terpeeneihin kuuluvaa vahamaista, huoneenl\u00e4mm\u00f6ss\u00e4 kiinte\u00e4\u00e4, v\u00e4rit\u00f6nt\u00e4 tai valkoista kiteist\u00e4 ainetta, jolla on voimakkaan l\u00e4pitunkeva, pist\u00e4v\u00e4n hyv\u00e4ntuoksuinen haju.","breadcrumb":{"@id":"https:\/\/masterchem.ee\/fi\/tooted-ja-teenused\/kamferi-cas-21368-68-3\/#breadcrumb"},"inLanguage":"fi","potentialAction":[{"@type":"ReadAction","target":["https:\/\/masterchem.ee\/fi\/tooted-ja-teenused\/kamferi-cas-21368-68-3\/"]}]},{"@type":"ImageObject","inLanguage":"fi","@id":"https:\/\/masterchem.ee\/fi\/tooted-ja-teenused\/kamferi-cas-21368-68-3\/#primaryimage","url":"https:\/\/masterchem.ee\/wp-content\/uploads\/2021\/12\/Kamper-25kg-MasterChem.jpg","contentUrl":"https:\/\/masterchem.ee\/wp-content\/uploads\/2021\/12\/Kamper-25kg-MasterChem.jpg","width":1000,"height":1000,"caption":"Kamferi (CAS 21368-68-3) 25kg MasterChem"},{"@type":"BreadcrumbList","@id":"https:\/\/masterchem.ee\/fi\/tooted-ja-teenused\/kamferi-cas-21368-68-3\/#breadcrumb","itemListElement":[{"@type":"ListItem","position":1,"name":"Home","item":"https:\/\/masterchem.ee\/fi\/"},{"@type":"ListItem","position":2,"name":"Tooted ja teenused","item":"https:\/\/masterchem.ee\/tooted-ja-teenused\/"},{"@type":"ListItem","position":3,"name":"Kamferi (CAS 21368-68-3)"}]},{"@type":"WebSite","@id":"https:\/\/masterchem.ee\/fi\/#website","url":"https:\/\/masterchem.ee\/fi\/","name":"Masterchem.ee","description":"Chemistry For Industry - Solvents &amp; Chemicals","publisher":{"@id":"https:\/\/masterchem.ee\/fi\/#organization"},"potentialAction":[{"@type":"SearchAction","target":{"@type":"EntryPoint","urlTemplate":"https:\/\/masterchem.ee\/fi\/?s={search_term_string}"},"query-input":{"@type":"PropertyValueSpecification","valueRequired":true,"valueName":"search_term_string"}}],"inLanguage":"fi"},{"@type":"Organization","@id":"https:\/\/masterchem.ee\/fi\/#organization","name":"Masterchem","url":"https:\/\/masterchem.ee\/fi\/","logo":{"@type":"ImageObject","inLanguage":"fi","@id":"https:\/\/masterchem.ee\/fi\/#\/schema\/logo\/image\/","url":"https:\/\/masterchem.ee\/wp-content\/uploads\/2018\/02\/master-chem_final-1.png","contentUrl":"https:\/\/masterchem.ee\/wp-content\/uploads\/2018\/02\/master-chem_final-1.png","width":850,"height":356,"caption":"Masterchem"},"image":{"@id":"https:\/\/masterchem.ee\/fi\/#\/schema\/logo\/image\/"}}]}},"_links":{"self":[{"href":"https:\/\/masterchem.ee\/fi\/wp-json\/wp\/v2\/product\/15490","targetHints":{"allow":["GET"]}}],"collection":[{"href":"https:\/\/masterchem.ee\/fi\/wp-json\/wp\/v2\/product"}],"about":[{"href":"https:\/\/masterchem.ee\/fi\/wp-json\/wp\/v2\/types\/product"}],"wp:featuredmedia":[{"embeddable":true,"href":"https:\/\/masterchem.ee\/fi\/wp-json\/wp\/v2\/media\/15496"}],"wp:attachment":[{"href":"https:\/\/masterchem.ee\/fi\/wp-json\/wp\/v2\/media?parent=15490"}],"wp:term":[{"taxonomy":"product_brand","embeddable":true,"href":"https:\/\/masterchem.ee\/fi\/wp-json\/wp\/v2\/product_brand?post=15490"},{"taxonomy":"product_cat","embeddable":true,"href":"https:\/\/masterchem.ee\/fi\/wp-json\/wp\/v2\/product_cat?post=15490"},{"taxonomy":"product_tag","embeddable":true,"href":"https:\/\/masterchem.ee\/fi\/wp-json\/wp\/v2\/product_tag?post=15490"}],"curies":[{"name":"wp","href":"https:\/\/api.w.org\/{rel}","templated":true}]}}