{"id":15465,"date":"2021-11-30T19:20:43","date_gmt":"2021-11-30T19:20:47","guid":{"rendered":"https:\/\/masterchem.ee\/?post_type=product&#038;p=15465"},"modified":"2021-11-30T19:29:22","modified_gmt":"2021-11-30T19:29:22","slug":"allantoiini-cas-97-59-6","status":"publish","type":"product","link":"https:\/\/masterchem.ee\/fi\/tooted-ja-teenused\/allantoiini-cas-97-59-6\/","title":{"rendered":"Allantoiini (CAS 97-59-6)"},"content":{"rendered":"<p> <strong> Info<\/strong> <\/p>\n<p>Toimialat: kosmetiikkateollisuus, l\u00e4\u00e4keteollisuus<br \/>\nCAS-numero: 97-59-6<br \/>\nWE-numero: 202-592-8<br \/>\nKemiallinen kaava: C4H6N4O3<\/p>\n<p><strong>Muut fyysiset ominaisuudet<\/strong><\/p>\n<p>pH: 4,5-6,5<br \/>\nSulamis-\/j\u00e4\u00e4tymispiste: 226\u00b0C \u2013 240\u00b0C<br \/>\nSuhteellinen tiheys: 1,7 g\/cm3 (25\u00baC)<br \/>\nLiukoisuus veteen: 5,7g\/l (25\u00b0C)<\/p>\n","protected":false},"excerpt":{"rendered":"<p><strong>Allantoiini (CAS 97-59-6)<\/strong><\/p>\n<p>Allantoiini on kemiallinen yhdiste, jonka kaava on C4H6N4O3. Sit\u00e4 kutsutaan my\u00f6s 5-ureidohydantoiiniksi tai glyoksyylidiureidiksi. Se on glyoksyylihapon diureidi. Allantoiini on t\u00e4rkein aineenvaihdunnan v\u00e4lituote useimmissa organismeissa, mukaan lukien el\u00e4imiss\u00e4, kasveissa ja bakteereissa. Sit\u00e4 tuotetaan virtsahaposta, joka itse on nukleiinihappojen hajoamistuote uraattioksidaasin (urikaasin) vaikutuksesta.<\/p>\n<p>Allantoiinia on raunioyrttikasvin kasviuutteissa ja useimpien nis\u00e4kk\u00e4iden virtsassa. Kemiallisesti syntetisoitu bulkkiallantoiini, joka vastaa kemiallisesti luonnollista allantoiinia, on turvallista, myrkyt\u00f6nt\u00e4, yhteensopivaa kosmeettisten raaka-aineiden kanssa ja t\u00e4ytt\u00e4\u00e4 CTFA- ja JSCI-vaatimukset. Yli 10 000 patentissa viitataan allantoiiniin.<\/p>\n","protected":false},"featured_media":15471,"template":"","meta":[],"product_brand":[],"product_cat":[180,294,120],"product_tag":[],"class_list":{"0":"post-15465","1":"product","2":"type-product","3":"status-publish","4":"has-post-thumbnail","6":"product_cat-uncategorized-fi-2","7":"product_cat-kosmetiikkateollisuus","8":"product_cat-laaketeollisuus","10":"first","11":"instock","12":"taxable","13":"shipping-taxable","14":"purchasable","15":"product-type-variable","16":"has-default-attributes"},"yoast_head":"<!-- This site is optimized with the Yoast SEO plugin v26.2 - https:\/\/yoast.com\/wordpress\/plugins\/seo\/ -->\n<title>Allantoiini (CAS 97-59-6) - Chemistry For Industry - Solvents &amp; Chemicals - Masterchem.ee<\/title>\n<meta name=\"description\" content=\"Allantoiini on kemiallinen yhdiste, jonka kaava on C4H6N4O3. Sit\u00e4 kutsutaan my\u00f6s 5-ureidohydantoiiniksi tai glyoksyylidiureidiksi. Se on glyoksyylihapon diureidi.\" \/>\n<meta name=\"robots\" content=\"index, follow, max-snippet:-1, max-image-preview:large, max-video-preview:-1\" \/>\n<link rel=\"canonical\" href=\"https:\/\/masterchem.ee\/fi\/tooted-ja-teenused\/allantoiini-cas-97-59-6\/\" \/>\n<meta name=\"twitter:card\" content=\"summary_large_image\" \/>\n<meta name=\"twitter:title\" content=\"Allantoiini (CAS 97-59-6) - Chemistry For Industry - Solvents &amp; Chemicals - Masterchem.ee\" \/>\n<meta name=\"twitter:description\" content=\"Allantoiini on kemiallinen yhdiste, jonka kaava on C4H6N4O3. Sit\u00e4 kutsutaan my\u00f6s 5-ureidohydantoiiniksi tai glyoksyylidiureidiksi. Se on glyoksyylihapon diureidi.\" \/>\n<meta name=\"twitter:image\" content=\"https:\/\/masterchem.ee\/wp-content\/uploads\/2021\/11\/Allantoiin-25kg-MasterChem.jpg\" \/>\n<script type=\"application\/ld+json\" class=\"yoast-schema-graph\">{\"@context\":\"https:\/\/schema.org\",\"@graph\":[{\"@type\":\"WebPage\",\"@id\":\"https:\/\/masterchem.ee\/fi\/tooted-ja-teenused\/allantoiini-cas-97-59-6\/\",\"url\":\"https:\/\/masterchem.ee\/fi\/tooted-ja-teenused\/allantoiini-cas-97-59-6\/\",\"name\":\"Allantoiini (CAS 97-59-6) - Chemistry For Industry - Solvents &amp; Chemicals - Masterchem.ee\",\"isPartOf\":{\"@id\":\"https:\/\/masterchem.ee\/fi\/#website\"},\"primaryImageOfPage\":{\"@id\":\"https:\/\/masterchem.ee\/fi\/tooted-ja-teenused\/allantoiini-cas-97-59-6\/#primaryimage\"},\"image\":{\"@id\":\"https:\/\/masterchem.ee\/fi\/tooted-ja-teenused\/allantoiini-cas-97-59-6\/#primaryimage\"},\"thumbnailUrl\":\"https:\/\/masterchem.ee\/wp-content\/uploads\/2021\/11\/Allantoiin-25kg-MasterChem.jpg\",\"datePublished\":\"2021-11-30T19:20:47+00:00\",\"dateModified\":\"2021-11-30T19:29:22+00:00\",\"description\":\"Allantoiini on kemiallinen yhdiste, jonka kaava on C4H6N4O3. Sit\u00e4 kutsutaan my\u00f6s 5-ureidohydantoiiniksi tai glyoksyylidiureidiksi. Se on glyoksyylihapon diureidi.\",\"breadcrumb\":{\"@id\":\"https:\/\/masterchem.ee\/fi\/tooted-ja-teenused\/allantoiini-cas-97-59-6\/#breadcrumb\"},\"inLanguage\":\"fi\",\"potentialAction\":[{\"@type\":\"ReadAction\",\"target\":[\"https:\/\/masterchem.ee\/fi\/tooted-ja-teenused\/allantoiini-cas-97-59-6\/\"]}]},{\"@type\":\"ImageObject\",\"inLanguage\":\"fi\",\"@id\":\"https:\/\/masterchem.ee\/fi\/tooted-ja-teenused\/allantoiini-cas-97-59-6\/#primaryimage\",\"url\":\"https:\/\/masterchem.ee\/wp-content\/uploads\/2021\/11\/Allantoiin-25kg-MasterChem.jpg\",\"contentUrl\":\"https:\/\/masterchem.ee\/wp-content\/uploads\/2021\/11\/Allantoiin-25kg-MasterChem.jpg\",\"width\":1000,\"height\":1000,\"caption\":\"Allantoiini (CAS 97-59-6) 25kg MasterChem\"},{\"@type\":\"BreadcrumbList\",\"@id\":\"https:\/\/masterchem.ee\/fi\/tooted-ja-teenused\/allantoiini-cas-97-59-6\/#breadcrumb\",\"itemListElement\":[{\"@type\":\"ListItem\",\"position\":1,\"name\":\"Home\",\"item\":\"https:\/\/masterchem.ee\/fi\/\"},{\"@type\":\"ListItem\",\"position\":2,\"name\":\"Tooted ja teenused\",\"item\":\"https:\/\/masterchem.ee\/tooted-ja-teenused\/\"},{\"@type\":\"ListItem\",\"position\":3,\"name\":\"Allantoiini (CAS 97-59-6)\"}]},{\"@type\":\"WebSite\",\"@id\":\"https:\/\/masterchem.ee\/fi\/#website\",\"url\":\"https:\/\/masterchem.ee\/fi\/\",\"name\":\"Masterchem.ee\",\"description\":\"Chemistry For Industry - Solvents &amp; Chemicals\",\"publisher\":{\"@id\":\"https:\/\/masterchem.ee\/fi\/#organization\"},\"potentialAction\":[{\"@type\":\"SearchAction\",\"target\":{\"@type\":\"EntryPoint\",\"urlTemplate\":\"https:\/\/masterchem.ee\/fi\/?s={search_term_string}\"},\"query-input\":{\"@type\":\"PropertyValueSpecification\",\"valueRequired\":true,\"valueName\":\"search_term_string\"}}],\"inLanguage\":\"fi\"},{\"@type\":\"Organization\",\"@id\":\"https:\/\/masterchem.ee\/fi\/#organization\",\"name\":\"Masterchem\",\"url\":\"https:\/\/masterchem.ee\/fi\/\",\"logo\":{\"@type\":\"ImageObject\",\"inLanguage\":\"fi\",\"@id\":\"https:\/\/masterchem.ee\/fi\/#\/schema\/logo\/image\/\",\"url\":\"https:\/\/masterchem.ee\/wp-content\/uploads\/2018\/02\/master-chem_final-1.png\",\"contentUrl\":\"https:\/\/masterchem.ee\/wp-content\/uploads\/2018\/02\/master-chem_final-1.png\",\"width\":850,\"height\":356,\"caption\":\"Masterchem\"},\"image\":{\"@id\":\"https:\/\/masterchem.ee\/fi\/#\/schema\/logo\/image\/\"}}]}<\/script>\n<!-- \/ Yoast SEO plugin. -->","yoast_head_json":{"title":"Allantoiini (CAS 97-59-6) - Chemistry For Industry - Solvents &amp; Chemicals - Masterchem.ee","description":"Allantoiini on kemiallinen yhdiste, jonka kaava on C4H6N4O3. Sit\u00e4 kutsutaan my\u00f6s 5-ureidohydantoiiniksi tai glyoksyylidiureidiksi. Se on glyoksyylihapon diureidi.","robots":{"index":"index","follow":"follow","max-snippet":"max-snippet:-1","max-image-preview":"max-image-preview:large","max-video-preview":"max-video-preview:-1"},"canonical":"https:\/\/masterchem.ee\/fi\/tooted-ja-teenused\/allantoiini-cas-97-59-6\/","twitter_card":"summary_large_image","twitter_title":"Allantoiini (CAS 97-59-6) - Chemistry For Industry - Solvents &amp; Chemicals - Masterchem.ee","twitter_description":"Allantoiini on kemiallinen yhdiste, jonka kaava on C4H6N4O3. Sit\u00e4 kutsutaan my\u00f6s 5-ureidohydantoiiniksi tai glyoksyylidiureidiksi. Se on glyoksyylihapon diureidi.","twitter_image":"https:\/\/masterchem.ee\/wp-content\/uploads\/2021\/11\/Allantoiin-25kg-MasterChem.jpg","schema":{"@context":"https:\/\/schema.org","@graph":[{"@type":"WebPage","@id":"https:\/\/masterchem.ee\/fi\/tooted-ja-teenused\/allantoiini-cas-97-59-6\/","url":"https:\/\/masterchem.ee\/fi\/tooted-ja-teenused\/allantoiini-cas-97-59-6\/","name":"Allantoiini (CAS 97-59-6) - Chemistry For Industry - Solvents &amp; Chemicals - Masterchem.ee","isPartOf":{"@id":"https:\/\/masterchem.ee\/fi\/#website"},"primaryImageOfPage":{"@id":"https:\/\/masterchem.ee\/fi\/tooted-ja-teenused\/allantoiini-cas-97-59-6\/#primaryimage"},"image":{"@id":"https:\/\/masterchem.ee\/fi\/tooted-ja-teenused\/allantoiini-cas-97-59-6\/#primaryimage"},"thumbnailUrl":"https:\/\/masterchem.ee\/wp-content\/uploads\/2021\/11\/Allantoiin-25kg-MasterChem.jpg","datePublished":"2021-11-30T19:20:47+00:00","dateModified":"2021-11-30T19:29:22+00:00","description":"Allantoiini on kemiallinen yhdiste, jonka kaava on C4H6N4O3. Sit\u00e4 kutsutaan my\u00f6s 5-ureidohydantoiiniksi tai glyoksyylidiureidiksi. Se on glyoksyylihapon diureidi.","breadcrumb":{"@id":"https:\/\/masterchem.ee\/fi\/tooted-ja-teenused\/allantoiini-cas-97-59-6\/#breadcrumb"},"inLanguage":"fi","potentialAction":[{"@type":"ReadAction","target":["https:\/\/masterchem.ee\/fi\/tooted-ja-teenused\/allantoiini-cas-97-59-6\/"]}]},{"@type":"ImageObject","inLanguage":"fi","@id":"https:\/\/masterchem.ee\/fi\/tooted-ja-teenused\/allantoiini-cas-97-59-6\/#primaryimage","url":"https:\/\/masterchem.ee\/wp-content\/uploads\/2021\/11\/Allantoiin-25kg-MasterChem.jpg","contentUrl":"https:\/\/masterchem.ee\/wp-content\/uploads\/2021\/11\/Allantoiin-25kg-MasterChem.jpg","width":1000,"height":1000,"caption":"Allantoiini (CAS 97-59-6) 25kg MasterChem"},{"@type":"BreadcrumbList","@id":"https:\/\/masterchem.ee\/fi\/tooted-ja-teenused\/allantoiini-cas-97-59-6\/#breadcrumb","itemListElement":[{"@type":"ListItem","position":1,"name":"Home","item":"https:\/\/masterchem.ee\/fi\/"},{"@type":"ListItem","position":2,"name":"Tooted ja teenused","item":"https:\/\/masterchem.ee\/tooted-ja-teenused\/"},{"@type":"ListItem","position":3,"name":"Allantoiini (CAS 97-59-6)"}]},{"@type":"WebSite","@id":"https:\/\/masterchem.ee\/fi\/#website","url":"https:\/\/masterchem.ee\/fi\/","name":"Masterchem.ee","description":"Chemistry For Industry - Solvents &amp; Chemicals","publisher":{"@id":"https:\/\/masterchem.ee\/fi\/#organization"},"potentialAction":[{"@type":"SearchAction","target":{"@type":"EntryPoint","urlTemplate":"https:\/\/masterchem.ee\/fi\/?s={search_term_string}"},"query-input":{"@type":"PropertyValueSpecification","valueRequired":true,"valueName":"search_term_string"}}],"inLanguage":"fi"},{"@type":"Organization","@id":"https:\/\/masterchem.ee\/fi\/#organization","name":"Masterchem","url":"https:\/\/masterchem.ee\/fi\/","logo":{"@type":"ImageObject","inLanguage":"fi","@id":"https:\/\/masterchem.ee\/fi\/#\/schema\/logo\/image\/","url":"https:\/\/masterchem.ee\/wp-content\/uploads\/2018\/02\/master-chem_final-1.png","contentUrl":"https:\/\/masterchem.ee\/wp-content\/uploads\/2018\/02\/master-chem_final-1.png","width":850,"height":356,"caption":"Masterchem"},"image":{"@id":"https:\/\/masterchem.ee\/fi\/#\/schema\/logo\/image\/"}}]}},"_links":{"self":[{"href":"https:\/\/masterchem.ee\/fi\/wp-json\/wp\/v2\/product\/15465","targetHints":{"allow":["GET"]}}],"collection":[{"href":"https:\/\/masterchem.ee\/fi\/wp-json\/wp\/v2\/product"}],"about":[{"href":"https:\/\/masterchem.ee\/fi\/wp-json\/wp\/v2\/types\/product"}],"wp:featuredmedia":[{"embeddable":true,"href":"https:\/\/masterchem.ee\/fi\/wp-json\/wp\/v2\/media\/15471"}],"wp:attachment":[{"href":"https:\/\/masterchem.ee\/fi\/wp-json\/wp\/v2\/media?parent=15465"}],"wp:term":[{"taxonomy":"product_brand","embeddable":true,"href":"https:\/\/masterchem.ee\/fi\/wp-json\/wp\/v2\/product_brand?post=15465"},{"taxonomy":"product_cat","embeddable":true,"href":"https:\/\/masterchem.ee\/fi\/wp-json\/wp\/v2\/product_cat?post=15465"},{"taxonomy":"product_tag","embeddable":true,"href":"https:\/\/masterchem.ee\/fi\/wp-json\/wp\/v2\/product_tag?post=15465"}],"curies":[{"name":"wp","href":"https:\/\/api.w.org\/{rel}","templated":true}]}}