{"id":15363,"date":"2021-11-09T07:20:11","date_gmt":"2021-11-09T07:20:14","guid":{"rendered":"https:\/\/masterchem.ee\/?post_type=product&#038;p=15363"},"modified":"2021-11-09T07:28:41","modified_gmt":"2021-11-09T07:28:41","slug":"beetakaroteeni-cas-7235-40-7","status":"publish","type":"product","link":"https:\/\/masterchem.ee\/fi\/tooted-ja-teenused\/beetakaroteeni-cas-7235-40-7\/","title":{"rendered":"Beetakaroteeni (CAS 7235-40-7)"},"content":{"rendered":"<p> <strong> Info<\/strong> <\/p>\n<p>Toimialat: kosmetiikkateollisuus, l\u00e4\u00e4keteollisuus, elintarviketeollisuus, rehuteollisuus<br \/>\nCAS-numero: 7235-40-7<br \/>\nWE-numero: 230-636-6<br \/>\nKemiallinen kaava: C40H56<br \/>\nMolekyylimassa: 536,85 g\/mol<\/p>\n<p><strong>Muut fyysiset ominaisuudet<\/strong><\/p>\n<p>Sulamis-\/j\u00e4\u00e4tymispiste: 178-179\u00b0C<\/p>\n","protected":false},"excerpt":{"rendered":"<p><strong>Beetakaroteeni (CAS 7235-40-7)<\/strong><\/p>\n<p>Beetakaroteeni on antioksidantti, joka on A-vitamiinin esiaste. Esimerkiksi porkkana sis\u00e4lt\u00e4\u00e4 runsaasti luonnollista beetakaroteenia. Synteettist\u00e4 beetakaroteenia ja karotenoideja k\u00e4ytet\u00e4\u00e4n elintarvikkeiden lis\u00e4aineena E-koodilla E 160a.<\/p>\n","protected":false},"featured_media":15369,"template":"","meta":[],"product_brand":[],"product_cat":[180,294,120,290,307],"product_tag":[],"class_list":{"0":"post-15363","1":"product","2":"type-product","3":"status-publish","4":"has-post-thumbnail","6":"product_cat-uncategorized-fi-2","7":"product_cat-kosmetiikkateollisuus","8":"product_cat-laaketeollisuus","9":"product_cat-rehuteollisuus","10":"product_cat-ruokateollisuus","12":"first","13":"instock","14":"taxable","15":"shipping-taxable","16":"purchasable","17":"product-type-variable","18":"has-default-attributes"},"yoast_head":"<!-- This site is optimized with the Yoast SEO plugin v26.2 - https:\/\/yoast.com\/wordpress\/plugins\/seo\/ -->\n<title>Beetakaroteeni (CAS 7235-40-7) - Chemistry For Industry - Solvents &amp; Chemicals - Masterchem.ee<\/title>\n<meta name=\"description\" content=\"Beetakaroteeni on antioksidantti, joka on A-vitamiinin esiaste. Esimerkiksi porkkana sis\u00e4lt\u00e4\u00e4 runsaasti luonnollista beetakaroteenia.\" \/>\n<meta name=\"robots\" content=\"index, follow, max-snippet:-1, max-image-preview:large, max-video-preview:-1\" \/>\n<link rel=\"canonical\" href=\"https:\/\/masterchem.ee\/fi\/tooted-ja-teenused\/beetakaroteeni-cas-7235-40-7\/\" \/>\n<meta name=\"twitter:card\" content=\"summary_large_image\" \/>\n<meta name=\"twitter:title\" content=\"Beetakaroteeni (CAS 7235-40-7) - Chemistry For Industry - Solvents &amp; Chemicals - Masterchem.ee\" \/>\n<meta name=\"twitter:description\" content=\"Beetakaroteeni on antioksidantti, joka on A-vitamiinin esiaste. Esimerkiksi porkkana sis\u00e4lt\u00e4\u00e4 runsaasti luonnollista beetakaroteenia.\" \/>\n<meta name=\"twitter:image\" content=\"https:\/\/masterchem.ee\/wp-content\/uploads\/2021\/11\/Beeta-karoteen-25kg-MasterChem.jpg\" \/>\n<script type=\"application\/ld+json\" class=\"yoast-schema-graph\">{\"@context\":\"https:\/\/schema.org\",\"@graph\":[{\"@type\":\"WebPage\",\"@id\":\"https:\/\/masterchem.ee\/fi\/tooted-ja-teenused\/beetakaroteeni-cas-7235-40-7\/\",\"url\":\"https:\/\/masterchem.ee\/fi\/tooted-ja-teenused\/beetakaroteeni-cas-7235-40-7\/\",\"name\":\"Beetakaroteeni (CAS 7235-40-7) - Chemistry For Industry - Solvents &amp; Chemicals - Masterchem.ee\",\"isPartOf\":{\"@id\":\"https:\/\/masterchem.ee\/fi\/#website\"},\"primaryImageOfPage\":{\"@id\":\"https:\/\/masterchem.ee\/fi\/tooted-ja-teenused\/beetakaroteeni-cas-7235-40-7\/#primaryimage\"},\"image\":{\"@id\":\"https:\/\/masterchem.ee\/fi\/tooted-ja-teenused\/beetakaroteeni-cas-7235-40-7\/#primaryimage\"},\"thumbnailUrl\":\"https:\/\/masterchem.ee\/wp-content\/uploads\/2021\/11\/Beeta-karoteen-25kg-MasterChem.jpg\",\"datePublished\":\"2021-11-09T07:20:14+00:00\",\"dateModified\":\"2021-11-09T07:28:41+00:00\",\"description\":\"Beetakaroteeni on antioksidantti, joka on A-vitamiinin esiaste. Esimerkiksi porkkana sis\u00e4lt\u00e4\u00e4 runsaasti luonnollista beetakaroteenia.\",\"breadcrumb\":{\"@id\":\"https:\/\/masterchem.ee\/fi\/tooted-ja-teenused\/beetakaroteeni-cas-7235-40-7\/#breadcrumb\"},\"inLanguage\":\"fi\",\"potentialAction\":[{\"@type\":\"ReadAction\",\"target\":[\"https:\/\/masterchem.ee\/fi\/tooted-ja-teenused\/beetakaroteeni-cas-7235-40-7\/\"]}]},{\"@type\":\"ImageObject\",\"inLanguage\":\"fi\",\"@id\":\"https:\/\/masterchem.ee\/fi\/tooted-ja-teenused\/beetakaroteeni-cas-7235-40-7\/#primaryimage\",\"url\":\"https:\/\/masterchem.ee\/wp-content\/uploads\/2021\/11\/Beeta-karoteen-25kg-MasterChem.jpg\",\"contentUrl\":\"https:\/\/masterchem.ee\/wp-content\/uploads\/2021\/11\/Beeta-karoteen-25kg-MasterChem.jpg\",\"width\":1000,\"height\":1000,\"caption\":\"Beetakaroteeni (CAS 7235-40-7) 25kg-MasterChem\"},{\"@type\":\"BreadcrumbList\",\"@id\":\"https:\/\/masterchem.ee\/fi\/tooted-ja-teenused\/beetakaroteeni-cas-7235-40-7\/#breadcrumb\",\"itemListElement\":[{\"@type\":\"ListItem\",\"position\":1,\"name\":\"Home\",\"item\":\"https:\/\/masterchem.ee\/fi\/\"},{\"@type\":\"ListItem\",\"position\":2,\"name\":\"Tooted ja teenused\",\"item\":\"https:\/\/masterchem.ee\/tooted-ja-teenused\/\"},{\"@type\":\"ListItem\",\"position\":3,\"name\":\"Beetakaroteeni (CAS 7235-40-7)\"}]},{\"@type\":\"WebSite\",\"@id\":\"https:\/\/masterchem.ee\/fi\/#website\",\"url\":\"https:\/\/masterchem.ee\/fi\/\",\"name\":\"Masterchem.ee\",\"description\":\"Chemistry For Industry - Solvents &amp; Chemicals\",\"publisher\":{\"@id\":\"https:\/\/masterchem.ee\/fi\/#organization\"},\"potentialAction\":[{\"@type\":\"SearchAction\",\"target\":{\"@type\":\"EntryPoint\",\"urlTemplate\":\"https:\/\/masterchem.ee\/fi\/?s={search_term_string}\"},\"query-input\":{\"@type\":\"PropertyValueSpecification\",\"valueRequired\":true,\"valueName\":\"search_term_string\"}}],\"inLanguage\":\"fi\"},{\"@type\":\"Organization\",\"@id\":\"https:\/\/masterchem.ee\/fi\/#organization\",\"name\":\"Masterchem\",\"url\":\"https:\/\/masterchem.ee\/fi\/\",\"logo\":{\"@type\":\"ImageObject\",\"inLanguage\":\"fi\",\"@id\":\"https:\/\/masterchem.ee\/fi\/#\/schema\/logo\/image\/\",\"url\":\"https:\/\/masterchem.ee\/wp-content\/uploads\/2018\/02\/master-chem_final-1.png\",\"contentUrl\":\"https:\/\/masterchem.ee\/wp-content\/uploads\/2018\/02\/master-chem_final-1.png\",\"width\":850,\"height\":356,\"caption\":\"Masterchem\"},\"image\":{\"@id\":\"https:\/\/masterchem.ee\/fi\/#\/schema\/logo\/image\/\"}}]}<\/script>\n<!-- \/ Yoast SEO plugin. -->","yoast_head_json":{"title":"Beetakaroteeni (CAS 7235-40-7) - Chemistry For Industry - Solvents &amp; Chemicals - Masterchem.ee","description":"Beetakaroteeni on antioksidantti, joka on A-vitamiinin esiaste. Esimerkiksi porkkana sis\u00e4lt\u00e4\u00e4 runsaasti luonnollista beetakaroteenia.","robots":{"index":"index","follow":"follow","max-snippet":"max-snippet:-1","max-image-preview":"max-image-preview:large","max-video-preview":"max-video-preview:-1"},"canonical":"https:\/\/masterchem.ee\/fi\/tooted-ja-teenused\/beetakaroteeni-cas-7235-40-7\/","twitter_card":"summary_large_image","twitter_title":"Beetakaroteeni (CAS 7235-40-7) - Chemistry For Industry - Solvents &amp; Chemicals - Masterchem.ee","twitter_description":"Beetakaroteeni on antioksidantti, joka on A-vitamiinin esiaste. Esimerkiksi porkkana sis\u00e4lt\u00e4\u00e4 runsaasti luonnollista beetakaroteenia.","twitter_image":"https:\/\/masterchem.ee\/wp-content\/uploads\/2021\/11\/Beeta-karoteen-25kg-MasterChem.jpg","schema":{"@context":"https:\/\/schema.org","@graph":[{"@type":"WebPage","@id":"https:\/\/masterchem.ee\/fi\/tooted-ja-teenused\/beetakaroteeni-cas-7235-40-7\/","url":"https:\/\/masterchem.ee\/fi\/tooted-ja-teenused\/beetakaroteeni-cas-7235-40-7\/","name":"Beetakaroteeni (CAS 7235-40-7) - Chemistry For Industry - Solvents &amp; Chemicals - Masterchem.ee","isPartOf":{"@id":"https:\/\/masterchem.ee\/fi\/#website"},"primaryImageOfPage":{"@id":"https:\/\/masterchem.ee\/fi\/tooted-ja-teenused\/beetakaroteeni-cas-7235-40-7\/#primaryimage"},"image":{"@id":"https:\/\/masterchem.ee\/fi\/tooted-ja-teenused\/beetakaroteeni-cas-7235-40-7\/#primaryimage"},"thumbnailUrl":"https:\/\/masterchem.ee\/wp-content\/uploads\/2021\/11\/Beeta-karoteen-25kg-MasterChem.jpg","datePublished":"2021-11-09T07:20:14+00:00","dateModified":"2021-11-09T07:28:41+00:00","description":"Beetakaroteeni on antioksidantti, joka on A-vitamiinin esiaste. Esimerkiksi porkkana sis\u00e4lt\u00e4\u00e4 runsaasti luonnollista beetakaroteenia.","breadcrumb":{"@id":"https:\/\/masterchem.ee\/fi\/tooted-ja-teenused\/beetakaroteeni-cas-7235-40-7\/#breadcrumb"},"inLanguage":"fi","potentialAction":[{"@type":"ReadAction","target":["https:\/\/masterchem.ee\/fi\/tooted-ja-teenused\/beetakaroteeni-cas-7235-40-7\/"]}]},{"@type":"ImageObject","inLanguage":"fi","@id":"https:\/\/masterchem.ee\/fi\/tooted-ja-teenused\/beetakaroteeni-cas-7235-40-7\/#primaryimage","url":"https:\/\/masterchem.ee\/wp-content\/uploads\/2021\/11\/Beeta-karoteen-25kg-MasterChem.jpg","contentUrl":"https:\/\/masterchem.ee\/wp-content\/uploads\/2021\/11\/Beeta-karoteen-25kg-MasterChem.jpg","width":1000,"height":1000,"caption":"Beetakaroteeni (CAS 7235-40-7) 25kg-MasterChem"},{"@type":"BreadcrumbList","@id":"https:\/\/masterchem.ee\/fi\/tooted-ja-teenused\/beetakaroteeni-cas-7235-40-7\/#breadcrumb","itemListElement":[{"@type":"ListItem","position":1,"name":"Home","item":"https:\/\/masterchem.ee\/fi\/"},{"@type":"ListItem","position":2,"name":"Tooted ja teenused","item":"https:\/\/masterchem.ee\/tooted-ja-teenused\/"},{"@type":"ListItem","position":3,"name":"Beetakaroteeni (CAS 7235-40-7)"}]},{"@type":"WebSite","@id":"https:\/\/masterchem.ee\/fi\/#website","url":"https:\/\/masterchem.ee\/fi\/","name":"Masterchem.ee","description":"Chemistry For Industry - Solvents &amp; Chemicals","publisher":{"@id":"https:\/\/masterchem.ee\/fi\/#organization"},"potentialAction":[{"@type":"SearchAction","target":{"@type":"EntryPoint","urlTemplate":"https:\/\/masterchem.ee\/fi\/?s={search_term_string}"},"query-input":{"@type":"PropertyValueSpecification","valueRequired":true,"valueName":"search_term_string"}}],"inLanguage":"fi"},{"@type":"Organization","@id":"https:\/\/masterchem.ee\/fi\/#organization","name":"Masterchem","url":"https:\/\/masterchem.ee\/fi\/","logo":{"@type":"ImageObject","inLanguage":"fi","@id":"https:\/\/masterchem.ee\/fi\/#\/schema\/logo\/image\/","url":"https:\/\/masterchem.ee\/wp-content\/uploads\/2018\/02\/master-chem_final-1.png","contentUrl":"https:\/\/masterchem.ee\/wp-content\/uploads\/2018\/02\/master-chem_final-1.png","width":850,"height":356,"caption":"Masterchem"},"image":{"@id":"https:\/\/masterchem.ee\/fi\/#\/schema\/logo\/image\/"}}]}},"_links":{"self":[{"href":"https:\/\/masterchem.ee\/fi\/wp-json\/wp\/v2\/product\/15363","targetHints":{"allow":["GET"]}}],"collection":[{"href":"https:\/\/masterchem.ee\/fi\/wp-json\/wp\/v2\/product"}],"about":[{"href":"https:\/\/masterchem.ee\/fi\/wp-json\/wp\/v2\/types\/product"}],"wp:featuredmedia":[{"embeddable":true,"href":"https:\/\/masterchem.ee\/fi\/wp-json\/wp\/v2\/media\/15369"}],"wp:attachment":[{"href":"https:\/\/masterchem.ee\/fi\/wp-json\/wp\/v2\/media?parent=15363"}],"wp:term":[{"taxonomy":"product_brand","embeddable":true,"href":"https:\/\/masterchem.ee\/fi\/wp-json\/wp\/v2\/product_brand?post=15363"},{"taxonomy":"product_cat","embeddable":true,"href":"https:\/\/masterchem.ee\/fi\/wp-json\/wp\/v2\/product_cat?post=15363"},{"taxonomy":"product_tag","embeddable":true,"href":"https:\/\/masterchem.ee\/fi\/wp-json\/wp\/v2\/product_tag?post=15363"}],"curies":[{"name":"wp","href":"https:\/\/api.w.org\/{rel}","templated":true}]}}