{"id":15318,"date":"2021-11-09T06:45:18","date_gmt":"2021-11-09T06:45:21","guid":{"rendered":"https:\/\/masterchem.ee\/?post_type=product&#038;p=15318"},"modified":"2021-11-09T06:50:22","modified_gmt":"2021-11-09T06:50:22","slug":"kupariklorididihydraatti-cas-10125-13-0","status":"publish","type":"product","link":"https:\/\/masterchem.ee\/fi\/tooted-ja-teenused\/kupariklorididihydraatti-cas-10125-13-0\/","title":{"rendered":"Kupariklorididihydraatti (CAS 10125-13-0)"},"content":{"rendered":"<p> <strong> Info<\/strong> <\/p>\n<p>Teollisuus: lannoitteet, rehuteollisuus<br \/>\nCAS-numero: 10125-13-0<br \/>\nWE-numero: 231-210-2<br \/>\nKemiallinen kaava: CuCl2\u00b72H2O<br \/>\nMolekyylimassa: 134,45 g\/mol<br \/>\nTullitariffikoodi: 28273985<br \/>\nADR: UN2802<\/p>\n<p><strong>Muut fyysiset ominaisuudet<\/strong><\/p>\n<p>pH: 3-3,8<br \/>\nSulamis-\/j\u00e4\u00e4tymispiste: ~100\u00b0C<br \/>\nSuhteellinen tiheys: 3,39 g\/cm3<br \/>\nLiukoisuus veteen: 1150 g\/l<\/p>\n","protected":false},"excerpt":{"rendered":"<p><strong>Kupariklorididihydraatti (CAS 10125-13-0)<\/strong><\/p>\n<p>Kuparikloridi eli kupari(II)kloridi tai kuprikloridi (CuCl2) on kupari- ja kloridi-ionien muodostama ep\u00e4orgaaninen ioniyhdiste. Yhdistett\u00e4 k\u00e4ytet\u00e4\u00e4n kemianteollisuudessa katalyyttin\u00e4, v\u00e4riaineena, p\u00e4\u00e4llystett\u00e4ess\u00e4 metalleja elektrolyyttisesti kuparilla ja er\u00e4iss\u00e4 muissa sovellutuksissa.<\/p>\n","protected":false},"featured_media":15324,"template":"","meta":[],"product_brand":[],"product_cat":[180,323,351,290],"product_tag":[],"class_list":{"0":"post-15318","1":"product","2":"type-product","3":"status-publish","4":"has-post-thumbnail","6":"product_cat-uncategorized-fi-2","7":"product_cat-lannoitteet","8":"product_cat-puutarhanhoito","9":"product_cat-rehuteollisuus","11":"first","12":"instock","13":"taxable","14":"shipping-taxable","15":"purchasable","16":"product-type-variable","17":"has-default-attributes"},"yoast_head":"<!-- This site is optimized with the Yoast SEO plugin v26.2 - https:\/\/yoast.com\/wordpress\/plugins\/seo\/ -->\n<title>Kupariklorididihydraatti (CAS 10125-13-0) - Chemistry For Industry - Solvents &amp; Chemicals - Masterchem.ee<\/title>\n<meta name=\"description\" content=\"Kuparikloridi eli kupari(II)kloridi tai kuprikloridi (CuCl2) on kupari- ja kloridi-ionien muodostama ep\u00e4orgaaninen ioniyhdiste.\" \/>\n<meta name=\"robots\" content=\"index, follow, max-snippet:-1, max-image-preview:large, max-video-preview:-1\" \/>\n<link rel=\"canonical\" href=\"https:\/\/masterchem.ee\/fi\/tooted-ja-teenused\/kupariklorididihydraatti-cas-10125-13-0\/\" \/>\n<meta name=\"twitter:card\" content=\"summary_large_image\" \/>\n<meta name=\"twitter:title\" content=\"Kupariklorididihydraatti (CAS 10125-13-0) - Chemistry For Industry - Solvents &amp; Chemicals - Masterchem.ee\" \/>\n<meta name=\"twitter:description\" content=\"Kuparikloridi eli kupari(II)kloridi tai kuprikloridi (CuCl2) on kupari- ja kloridi-ionien muodostama ep\u00e4orgaaninen ioniyhdiste.\" \/>\n<meta name=\"twitter:image\" content=\"https:\/\/masterchem.ee\/wp-content\/uploads\/2021\/11\/Vaskkloriidi-dihudraat-25kg-MasterChem.jpg\" \/>\n<script type=\"application\/ld+json\" class=\"yoast-schema-graph\">{\"@context\":\"https:\/\/schema.org\",\"@graph\":[{\"@type\":\"WebPage\",\"@id\":\"https:\/\/masterchem.ee\/fi\/tooted-ja-teenused\/kupariklorididihydraatti-cas-10125-13-0\/\",\"url\":\"https:\/\/masterchem.ee\/fi\/tooted-ja-teenused\/kupariklorididihydraatti-cas-10125-13-0\/\",\"name\":\"Kupariklorididihydraatti (CAS 10125-13-0) - Chemistry For Industry - Solvents &amp; Chemicals - Masterchem.ee\",\"isPartOf\":{\"@id\":\"https:\/\/masterchem.ee\/fi\/#website\"},\"primaryImageOfPage\":{\"@id\":\"https:\/\/masterchem.ee\/fi\/tooted-ja-teenused\/kupariklorididihydraatti-cas-10125-13-0\/#primaryimage\"},\"image\":{\"@id\":\"https:\/\/masterchem.ee\/fi\/tooted-ja-teenused\/kupariklorididihydraatti-cas-10125-13-0\/#primaryimage\"},\"thumbnailUrl\":\"https:\/\/masterchem.ee\/wp-content\/uploads\/2021\/11\/Vaskkloriidi-dihudraat-25kg-MasterChem.jpg\",\"datePublished\":\"2021-11-09T06:45:21+00:00\",\"dateModified\":\"2021-11-09T06:50:22+00:00\",\"description\":\"Kuparikloridi eli kupari(II)kloridi tai kuprikloridi (CuCl2) on kupari- ja kloridi-ionien muodostama ep\u00e4orgaaninen ioniyhdiste.\",\"breadcrumb\":{\"@id\":\"https:\/\/masterchem.ee\/fi\/tooted-ja-teenused\/kupariklorididihydraatti-cas-10125-13-0\/#breadcrumb\"},\"inLanguage\":\"fi\",\"potentialAction\":[{\"@type\":\"ReadAction\",\"target\":[\"https:\/\/masterchem.ee\/fi\/tooted-ja-teenused\/kupariklorididihydraatti-cas-10125-13-0\/\"]}]},{\"@type\":\"ImageObject\",\"inLanguage\":\"fi\",\"@id\":\"https:\/\/masterchem.ee\/fi\/tooted-ja-teenused\/kupariklorididihydraatti-cas-10125-13-0\/#primaryimage\",\"url\":\"https:\/\/masterchem.ee\/wp-content\/uploads\/2021\/11\/Vaskkloriidi-dihudraat-25kg-MasterChem.jpg\",\"contentUrl\":\"https:\/\/masterchem.ee\/wp-content\/uploads\/2021\/11\/Vaskkloriidi-dihudraat-25kg-MasterChem.jpg\",\"width\":1000,\"height\":1000,\"caption\":\"Kupariklorididihydraatti (CAS 10125-13-0) 25kg-MasterChem\"},{\"@type\":\"BreadcrumbList\",\"@id\":\"https:\/\/masterchem.ee\/fi\/tooted-ja-teenused\/kupariklorididihydraatti-cas-10125-13-0\/#breadcrumb\",\"itemListElement\":[{\"@type\":\"ListItem\",\"position\":1,\"name\":\"Home\",\"item\":\"https:\/\/masterchem.ee\/fi\/\"},{\"@type\":\"ListItem\",\"position\":2,\"name\":\"Tooted ja teenused\",\"item\":\"https:\/\/masterchem.ee\/tooted-ja-teenused\/\"},{\"@type\":\"ListItem\",\"position\":3,\"name\":\"Kupariklorididihydraatti (CAS 10125-13-0)\"}]},{\"@type\":\"WebSite\",\"@id\":\"https:\/\/masterchem.ee\/fi\/#website\",\"url\":\"https:\/\/masterchem.ee\/fi\/\",\"name\":\"Masterchem.ee\",\"description\":\"Chemistry For Industry - Solvents &amp; Chemicals\",\"publisher\":{\"@id\":\"https:\/\/masterchem.ee\/fi\/#organization\"},\"potentialAction\":[{\"@type\":\"SearchAction\",\"target\":{\"@type\":\"EntryPoint\",\"urlTemplate\":\"https:\/\/masterchem.ee\/fi\/?s={search_term_string}\"},\"query-input\":{\"@type\":\"PropertyValueSpecification\",\"valueRequired\":true,\"valueName\":\"search_term_string\"}}],\"inLanguage\":\"fi\"},{\"@type\":\"Organization\",\"@id\":\"https:\/\/masterchem.ee\/fi\/#organization\",\"name\":\"Masterchem\",\"url\":\"https:\/\/masterchem.ee\/fi\/\",\"logo\":{\"@type\":\"ImageObject\",\"inLanguage\":\"fi\",\"@id\":\"https:\/\/masterchem.ee\/fi\/#\/schema\/logo\/image\/\",\"url\":\"https:\/\/masterchem.ee\/wp-content\/uploads\/2018\/02\/master-chem_final-1.png\",\"contentUrl\":\"https:\/\/masterchem.ee\/wp-content\/uploads\/2018\/02\/master-chem_final-1.png\",\"width\":850,\"height\":356,\"caption\":\"Masterchem\"},\"image\":{\"@id\":\"https:\/\/masterchem.ee\/fi\/#\/schema\/logo\/image\/\"}}]}<\/script>\n<!-- \/ Yoast SEO plugin. -->","yoast_head_json":{"title":"Kupariklorididihydraatti (CAS 10125-13-0) - Chemistry For Industry - Solvents &amp; Chemicals - Masterchem.ee","description":"Kuparikloridi eli kupari(II)kloridi tai kuprikloridi (CuCl2) on kupari- ja kloridi-ionien muodostama ep\u00e4orgaaninen ioniyhdiste.","robots":{"index":"index","follow":"follow","max-snippet":"max-snippet:-1","max-image-preview":"max-image-preview:large","max-video-preview":"max-video-preview:-1"},"canonical":"https:\/\/masterchem.ee\/fi\/tooted-ja-teenused\/kupariklorididihydraatti-cas-10125-13-0\/","twitter_card":"summary_large_image","twitter_title":"Kupariklorididihydraatti (CAS 10125-13-0) - Chemistry For Industry - Solvents &amp; Chemicals - Masterchem.ee","twitter_description":"Kuparikloridi eli kupari(II)kloridi tai kuprikloridi (CuCl2) on kupari- ja kloridi-ionien muodostama ep\u00e4orgaaninen ioniyhdiste.","twitter_image":"https:\/\/masterchem.ee\/wp-content\/uploads\/2021\/11\/Vaskkloriidi-dihudraat-25kg-MasterChem.jpg","schema":{"@context":"https:\/\/schema.org","@graph":[{"@type":"WebPage","@id":"https:\/\/masterchem.ee\/fi\/tooted-ja-teenused\/kupariklorididihydraatti-cas-10125-13-0\/","url":"https:\/\/masterchem.ee\/fi\/tooted-ja-teenused\/kupariklorididihydraatti-cas-10125-13-0\/","name":"Kupariklorididihydraatti (CAS 10125-13-0) - Chemistry For Industry - Solvents &amp; Chemicals - Masterchem.ee","isPartOf":{"@id":"https:\/\/masterchem.ee\/fi\/#website"},"primaryImageOfPage":{"@id":"https:\/\/masterchem.ee\/fi\/tooted-ja-teenused\/kupariklorididihydraatti-cas-10125-13-0\/#primaryimage"},"image":{"@id":"https:\/\/masterchem.ee\/fi\/tooted-ja-teenused\/kupariklorididihydraatti-cas-10125-13-0\/#primaryimage"},"thumbnailUrl":"https:\/\/masterchem.ee\/wp-content\/uploads\/2021\/11\/Vaskkloriidi-dihudraat-25kg-MasterChem.jpg","datePublished":"2021-11-09T06:45:21+00:00","dateModified":"2021-11-09T06:50:22+00:00","description":"Kuparikloridi eli kupari(II)kloridi tai kuprikloridi (CuCl2) on kupari- ja kloridi-ionien muodostama ep\u00e4orgaaninen ioniyhdiste.","breadcrumb":{"@id":"https:\/\/masterchem.ee\/fi\/tooted-ja-teenused\/kupariklorididihydraatti-cas-10125-13-0\/#breadcrumb"},"inLanguage":"fi","potentialAction":[{"@type":"ReadAction","target":["https:\/\/masterchem.ee\/fi\/tooted-ja-teenused\/kupariklorididihydraatti-cas-10125-13-0\/"]}]},{"@type":"ImageObject","inLanguage":"fi","@id":"https:\/\/masterchem.ee\/fi\/tooted-ja-teenused\/kupariklorididihydraatti-cas-10125-13-0\/#primaryimage","url":"https:\/\/masterchem.ee\/wp-content\/uploads\/2021\/11\/Vaskkloriidi-dihudraat-25kg-MasterChem.jpg","contentUrl":"https:\/\/masterchem.ee\/wp-content\/uploads\/2021\/11\/Vaskkloriidi-dihudraat-25kg-MasterChem.jpg","width":1000,"height":1000,"caption":"Kupariklorididihydraatti (CAS 10125-13-0) 25kg-MasterChem"},{"@type":"BreadcrumbList","@id":"https:\/\/masterchem.ee\/fi\/tooted-ja-teenused\/kupariklorididihydraatti-cas-10125-13-0\/#breadcrumb","itemListElement":[{"@type":"ListItem","position":1,"name":"Home","item":"https:\/\/masterchem.ee\/fi\/"},{"@type":"ListItem","position":2,"name":"Tooted ja teenused","item":"https:\/\/masterchem.ee\/tooted-ja-teenused\/"},{"@type":"ListItem","position":3,"name":"Kupariklorididihydraatti (CAS 10125-13-0)"}]},{"@type":"WebSite","@id":"https:\/\/masterchem.ee\/fi\/#website","url":"https:\/\/masterchem.ee\/fi\/","name":"Masterchem.ee","description":"Chemistry For Industry - Solvents &amp; Chemicals","publisher":{"@id":"https:\/\/masterchem.ee\/fi\/#organization"},"potentialAction":[{"@type":"SearchAction","target":{"@type":"EntryPoint","urlTemplate":"https:\/\/masterchem.ee\/fi\/?s={search_term_string}"},"query-input":{"@type":"PropertyValueSpecification","valueRequired":true,"valueName":"search_term_string"}}],"inLanguage":"fi"},{"@type":"Organization","@id":"https:\/\/masterchem.ee\/fi\/#organization","name":"Masterchem","url":"https:\/\/masterchem.ee\/fi\/","logo":{"@type":"ImageObject","inLanguage":"fi","@id":"https:\/\/masterchem.ee\/fi\/#\/schema\/logo\/image\/","url":"https:\/\/masterchem.ee\/wp-content\/uploads\/2018\/02\/master-chem_final-1.png","contentUrl":"https:\/\/masterchem.ee\/wp-content\/uploads\/2018\/02\/master-chem_final-1.png","width":850,"height":356,"caption":"Masterchem"},"image":{"@id":"https:\/\/masterchem.ee\/fi\/#\/schema\/logo\/image\/"}}]}},"_links":{"self":[{"href":"https:\/\/masterchem.ee\/fi\/wp-json\/wp\/v2\/product\/15318","targetHints":{"allow":["GET"]}}],"collection":[{"href":"https:\/\/masterchem.ee\/fi\/wp-json\/wp\/v2\/product"}],"about":[{"href":"https:\/\/masterchem.ee\/fi\/wp-json\/wp\/v2\/types\/product"}],"wp:featuredmedia":[{"embeddable":true,"href":"https:\/\/masterchem.ee\/fi\/wp-json\/wp\/v2\/media\/15324"}],"wp:attachment":[{"href":"https:\/\/masterchem.ee\/fi\/wp-json\/wp\/v2\/media?parent=15318"}],"wp:term":[{"taxonomy":"product_brand","embeddable":true,"href":"https:\/\/masterchem.ee\/fi\/wp-json\/wp\/v2\/product_brand?post=15318"},{"taxonomy":"product_cat","embeddable":true,"href":"https:\/\/masterchem.ee\/fi\/wp-json\/wp\/v2\/product_cat?post=15318"},{"taxonomy":"product_tag","embeddable":true,"href":"https:\/\/masterchem.ee\/fi\/wp-json\/wp\/v2\/product_tag?post=15318"}],"curies":[{"name":"wp","href":"https:\/\/api.w.org\/{rel}","templated":true}]}}