{"id":15303,"date":"2021-11-09T06:32:14","date_gmt":"2021-11-09T06:32:18","guid":{"rendered":"https:\/\/masterchem.ee\/?post_type=product&#038;p=15303"},"modified":"2021-11-09T06:39:13","modified_gmt":"2021-11-09T06:39:13","slug":"glysiini-cas-56-40-6","status":"publish","type":"product","link":"https:\/\/masterchem.ee\/fi\/tooted-ja-teenused\/glysiini-cas-56-40-6\/","title":{"rendered":"Glysiini (CAS 56-40-6)"},"content":{"rendered":"<p> <strong> Info<\/strong> <\/p>\n<p>Toimialat: lannoitteet, l\u00e4\u00e4keteollisuus, elintarviketeollisuus, rehuteollisuus<br \/>\nCAS-numero: 56-40-6<br \/>\nWE-numero: 200-272-2<br \/>\nKemiallinen kaava: C2h5no2<br \/>\nMolekyylimassa: 282,46 g\/mol<br \/>\nTullitariffikoodi: 29224985<\/p>\n<p><strong>Muut fyysiset ominaisuudet<\/strong><\/p>\n<p>pH: 5,97<br \/>\nSulamis-\/j\u00e4\u00e4tymispiste: 233\u00b0C<br \/>\nSuhteellinen tiheys: 1 595 g\/cm3<\/p>\n","protected":false},"excerpt":{"rendered":"<p><strong>Glysiini (CAS 56-40-6)<\/strong><\/p>\n<p>Glysiini (C2H5NO2) eli 2-aminoetaanihappo tai 2-aminoetikkahappo on yksi geneettisen koodin 20 aminohaposta. Sen sivuketju koostuu vain vetyatomista, joten se on pienin ja yksinkertaisin aminohappo. Glysiini ei ole my\u00f6sk\u00e4\u00e4n optisesti aktiivinen. Glysiinin suhteellinen tiheys on 1,595 g\/cm3 (vesi = 1,0 g\/cm3) ja CAS-numero 56-40-6. Glysiinin liukoisuus veteen 25 \u00b0C:n l\u00e4mp\u00f6tilassa on 25 g\/100 ml. Glysiini\u00e4 k\u00e4ytet\u00e4\u00e4n elintarvikkeissa aromivahventeena ja sen E-koodi on E640.<\/p>\n<p>Glysiinin pienuus lis\u00e4\u00e4 proteiiniketjun taipuisuutta. Glysiini on pooliton, varaukseton ja neutraali sek\u00e4 heikosti vesihakuinen. Glysiini on proteiiniketjuissa yleinen ja sen geneettinen koodi on GGU, GGC, GGA ja GGG.<\/p>\n","protected":false},"featured_media":15309,"template":"","meta":[],"product_brand":[],"product_cat":[180,120,323,290,307],"product_tag":[],"class_list":{"0":"post-15303","1":"product","2":"type-product","3":"status-publish","4":"has-post-thumbnail","6":"product_cat-uncategorized-fi-2","7":"product_cat-laaketeollisuus","8":"product_cat-lannoitteet","9":"product_cat-rehuteollisuus","10":"product_cat-ruokateollisuus","12":"first","13":"instock","14":"taxable","15":"shipping-taxable","16":"purchasable","17":"product-type-variable","18":"has-default-attributes"},"yoast_head":"<!-- This site is optimized with the Yoast SEO plugin v26.2 - https:\/\/yoast.com\/wordpress\/plugins\/seo\/ -->\n<title>Glysiini (CAS 56-40-6) - Chemistry For Industry - Solvents &amp; Chemicals - Masterchem.ee<\/title>\n<meta name=\"description\" content=\"Glysiini (C2H5NO2) eli 2-aminoetaanihappo tai 2-aminoetikkahappo on yksi geneettisen koodin 20 aminohaposta.\" \/>\n<meta name=\"robots\" content=\"index, follow, max-snippet:-1, max-image-preview:large, max-video-preview:-1\" \/>\n<link rel=\"canonical\" href=\"https:\/\/masterchem.ee\/fi\/tooted-ja-teenused\/glysiini-cas-56-40-6\/\" \/>\n<meta name=\"twitter:card\" content=\"summary_large_image\" \/>\n<meta name=\"twitter:title\" content=\"Glysiini (CAS 56-40-6) - Chemistry For Industry - Solvents &amp; Chemicals - Masterchem.ee\" \/>\n<meta name=\"twitter:description\" content=\"Glysiini (C2H5NO2) eli 2-aminoetaanihappo tai 2-aminoetikkahappo on yksi geneettisen koodin 20 aminohaposta.\" \/>\n<meta name=\"twitter:image\" content=\"https:\/\/masterchem.ee\/wp-content\/uploads\/2021\/11\/Glutsiin-25kg-MasterChem.jpg\" \/>\n<script type=\"application\/ld+json\" class=\"yoast-schema-graph\">{\"@context\":\"https:\/\/schema.org\",\"@graph\":[{\"@type\":\"WebPage\",\"@id\":\"https:\/\/masterchem.ee\/fi\/tooted-ja-teenused\/glysiini-cas-56-40-6\/\",\"url\":\"https:\/\/masterchem.ee\/fi\/tooted-ja-teenused\/glysiini-cas-56-40-6\/\",\"name\":\"Glysiini (CAS 56-40-6) - Chemistry For Industry - Solvents &amp; Chemicals - Masterchem.ee\",\"isPartOf\":{\"@id\":\"https:\/\/masterchem.ee\/fi\/#website\"},\"primaryImageOfPage\":{\"@id\":\"https:\/\/masterchem.ee\/fi\/tooted-ja-teenused\/glysiini-cas-56-40-6\/#primaryimage\"},\"image\":{\"@id\":\"https:\/\/masterchem.ee\/fi\/tooted-ja-teenused\/glysiini-cas-56-40-6\/#primaryimage\"},\"thumbnailUrl\":\"https:\/\/masterchem.ee\/wp-content\/uploads\/2021\/11\/Glutsiin-25kg-MasterChem.jpg\",\"datePublished\":\"2021-11-09T06:32:18+00:00\",\"dateModified\":\"2021-11-09T06:39:13+00:00\",\"description\":\"Glysiini (C2H5NO2) eli 2-aminoetaanihappo tai 2-aminoetikkahappo on yksi geneettisen koodin 20 aminohaposta.\",\"breadcrumb\":{\"@id\":\"https:\/\/masterchem.ee\/fi\/tooted-ja-teenused\/glysiini-cas-56-40-6\/#breadcrumb\"},\"inLanguage\":\"fi\",\"potentialAction\":[{\"@type\":\"ReadAction\",\"target\":[\"https:\/\/masterchem.ee\/fi\/tooted-ja-teenused\/glysiini-cas-56-40-6\/\"]}]},{\"@type\":\"ImageObject\",\"inLanguage\":\"fi\",\"@id\":\"https:\/\/masterchem.ee\/fi\/tooted-ja-teenused\/glysiini-cas-56-40-6\/#primaryimage\",\"url\":\"https:\/\/masterchem.ee\/wp-content\/uploads\/2021\/11\/Glutsiin-25kg-MasterChem.jpg\",\"contentUrl\":\"https:\/\/masterchem.ee\/wp-content\/uploads\/2021\/11\/Glutsiin-25kg-MasterChem.jpg\",\"width\":1000,\"height\":1000,\"caption\":\"Glysiini (CAS 56-40-6) 25kg MasterChem\"},{\"@type\":\"BreadcrumbList\",\"@id\":\"https:\/\/masterchem.ee\/fi\/tooted-ja-teenused\/glysiini-cas-56-40-6\/#breadcrumb\",\"itemListElement\":[{\"@type\":\"ListItem\",\"position\":1,\"name\":\"Home\",\"item\":\"https:\/\/masterchem.ee\/fi\/\"},{\"@type\":\"ListItem\",\"position\":2,\"name\":\"Tooted ja teenused\",\"item\":\"https:\/\/masterchem.ee\/tooted-ja-teenused\/\"},{\"@type\":\"ListItem\",\"position\":3,\"name\":\"Glysiini (CAS 56-40-6)\"}]},{\"@type\":\"WebSite\",\"@id\":\"https:\/\/masterchem.ee\/fi\/#website\",\"url\":\"https:\/\/masterchem.ee\/fi\/\",\"name\":\"Masterchem.ee\",\"description\":\"Chemistry For Industry - Solvents &amp; Chemicals\",\"publisher\":{\"@id\":\"https:\/\/masterchem.ee\/fi\/#organization\"},\"potentialAction\":[{\"@type\":\"SearchAction\",\"target\":{\"@type\":\"EntryPoint\",\"urlTemplate\":\"https:\/\/masterchem.ee\/fi\/?s={search_term_string}\"},\"query-input\":{\"@type\":\"PropertyValueSpecification\",\"valueRequired\":true,\"valueName\":\"search_term_string\"}}],\"inLanguage\":\"fi\"},{\"@type\":\"Organization\",\"@id\":\"https:\/\/masterchem.ee\/fi\/#organization\",\"name\":\"Masterchem\",\"url\":\"https:\/\/masterchem.ee\/fi\/\",\"logo\":{\"@type\":\"ImageObject\",\"inLanguage\":\"fi\",\"@id\":\"https:\/\/masterchem.ee\/fi\/#\/schema\/logo\/image\/\",\"url\":\"https:\/\/masterchem.ee\/wp-content\/uploads\/2018\/02\/master-chem_final-1.png\",\"contentUrl\":\"https:\/\/masterchem.ee\/wp-content\/uploads\/2018\/02\/master-chem_final-1.png\",\"width\":850,\"height\":356,\"caption\":\"Masterchem\"},\"image\":{\"@id\":\"https:\/\/masterchem.ee\/fi\/#\/schema\/logo\/image\/\"}}]}<\/script>\n<!-- \/ Yoast SEO plugin. -->","yoast_head_json":{"title":"Glysiini (CAS 56-40-6) - Chemistry For Industry - Solvents &amp; Chemicals - Masterchem.ee","description":"Glysiini (C2H5NO2) eli 2-aminoetaanihappo tai 2-aminoetikkahappo on yksi geneettisen koodin 20 aminohaposta.","robots":{"index":"index","follow":"follow","max-snippet":"max-snippet:-1","max-image-preview":"max-image-preview:large","max-video-preview":"max-video-preview:-1"},"canonical":"https:\/\/masterchem.ee\/fi\/tooted-ja-teenused\/glysiini-cas-56-40-6\/","twitter_card":"summary_large_image","twitter_title":"Glysiini (CAS 56-40-6) - Chemistry For Industry - Solvents &amp; Chemicals - Masterchem.ee","twitter_description":"Glysiini (C2H5NO2) eli 2-aminoetaanihappo tai 2-aminoetikkahappo on yksi geneettisen koodin 20 aminohaposta.","twitter_image":"https:\/\/masterchem.ee\/wp-content\/uploads\/2021\/11\/Glutsiin-25kg-MasterChem.jpg","schema":{"@context":"https:\/\/schema.org","@graph":[{"@type":"WebPage","@id":"https:\/\/masterchem.ee\/fi\/tooted-ja-teenused\/glysiini-cas-56-40-6\/","url":"https:\/\/masterchem.ee\/fi\/tooted-ja-teenused\/glysiini-cas-56-40-6\/","name":"Glysiini (CAS 56-40-6) - Chemistry For Industry - Solvents &amp; Chemicals - Masterchem.ee","isPartOf":{"@id":"https:\/\/masterchem.ee\/fi\/#website"},"primaryImageOfPage":{"@id":"https:\/\/masterchem.ee\/fi\/tooted-ja-teenused\/glysiini-cas-56-40-6\/#primaryimage"},"image":{"@id":"https:\/\/masterchem.ee\/fi\/tooted-ja-teenused\/glysiini-cas-56-40-6\/#primaryimage"},"thumbnailUrl":"https:\/\/masterchem.ee\/wp-content\/uploads\/2021\/11\/Glutsiin-25kg-MasterChem.jpg","datePublished":"2021-11-09T06:32:18+00:00","dateModified":"2021-11-09T06:39:13+00:00","description":"Glysiini (C2H5NO2) eli 2-aminoetaanihappo tai 2-aminoetikkahappo on yksi geneettisen koodin 20 aminohaposta.","breadcrumb":{"@id":"https:\/\/masterchem.ee\/fi\/tooted-ja-teenused\/glysiini-cas-56-40-6\/#breadcrumb"},"inLanguage":"fi","potentialAction":[{"@type":"ReadAction","target":["https:\/\/masterchem.ee\/fi\/tooted-ja-teenused\/glysiini-cas-56-40-6\/"]}]},{"@type":"ImageObject","inLanguage":"fi","@id":"https:\/\/masterchem.ee\/fi\/tooted-ja-teenused\/glysiini-cas-56-40-6\/#primaryimage","url":"https:\/\/masterchem.ee\/wp-content\/uploads\/2021\/11\/Glutsiin-25kg-MasterChem.jpg","contentUrl":"https:\/\/masterchem.ee\/wp-content\/uploads\/2021\/11\/Glutsiin-25kg-MasterChem.jpg","width":1000,"height":1000,"caption":"Glysiini (CAS 56-40-6) 25kg MasterChem"},{"@type":"BreadcrumbList","@id":"https:\/\/masterchem.ee\/fi\/tooted-ja-teenused\/glysiini-cas-56-40-6\/#breadcrumb","itemListElement":[{"@type":"ListItem","position":1,"name":"Home","item":"https:\/\/masterchem.ee\/fi\/"},{"@type":"ListItem","position":2,"name":"Tooted ja teenused","item":"https:\/\/masterchem.ee\/tooted-ja-teenused\/"},{"@type":"ListItem","position":3,"name":"Glysiini (CAS 56-40-6)"}]},{"@type":"WebSite","@id":"https:\/\/masterchem.ee\/fi\/#website","url":"https:\/\/masterchem.ee\/fi\/","name":"Masterchem.ee","description":"Chemistry For Industry - Solvents &amp; Chemicals","publisher":{"@id":"https:\/\/masterchem.ee\/fi\/#organization"},"potentialAction":[{"@type":"SearchAction","target":{"@type":"EntryPoint","urlTemplate":"https:\/\/masterchem.ee\/fi\/?s={search_term_string}"},"query-input":{"@type":"PropertyValueSpecification","valueRequired":true,"valueName":"search_term_string"}}],"inLanguage":"fi"},{"@type":"Organization","@id":"https:\/\/masterchem.ee\/fi\/#organization","name":"Masterchem","url":"https:\/\/masterchem.ee\/fi\/","logo":{"@type":"ImageObject","inLanguage":"fi","@id":"https:\/\/masterchem.ee\/fi\/#\/schema\/logo\/image\/","url":"https:\/\/masterchem.ee\/wp-content\/uploads\/2018\/02\/master-chem_final-1.png","contentUrl":"https:\/\/masterchem.ee\/wp-content\/uploads\/2018\/02\/master-chem_final-1.png","width":850,"height":356,"caption":"Masterchem"},"image":{"@id":"https:\/\/masterchem.ee\/fi\/#\/schema\/logo\/image\/"}}]}},"_links":{"self":[{"href":"https:\/\/masterchem.ee\/fi\/wp-json\/wp\/v2\/product\/15303","targetHints":{"allow":["GET"]}}],"collection":[{"href":"https:\/\/masterchem.ee\/fi\/wp-json\/wp\/v2\/product"}],"about":[{"href":"https:\/\/masterchem.ee\/fi\/wp-json\/wp\/v2\/types\/product"}],"wp:featuredmedia":[{"embeddable":true,"href":"https:\/\/masterchem.ee\/fi\/wp-json\/wp\/v2\/media\/15309"}],"wp:attachment":[{"href":"https:\/\/masterchem.ee\/fi\/wp-json\/wp\/v2\/media?parent=15303"}],"wp:term":[{"taxonomy":"product_brand","embeddable":true,"href":"https:\/\/masterchem.ee\/fi\/wp-json\/wp\/v2\/product_brand?post=15303"},{"taxonomy":"product_cat","embeddable":true,"href":"https:\/\/masterchem.ee\/fi\/wp-json\/wp\/v2\/product_cat?post=15303"},{"taxonomy":"product_tag","embeddable":true,"href":"https:\/\/masterchem.ee\/fi\/wp-json\/wp\/v2\/product_tag?post=15303"}],"curies":[{"name":"wp","href":"https:\/\/api.w.org\/{rel}","templated":true}]}}