{"id":15256,"date":"2021-11-09T05:55:54","date_gmt":"2021-11-09T05:55:57","guid":{"rendered":"https:\/\/masterchem.ee\/?post_type=product&#038;p=15256"},"modified":"2021-11-09T06:05:22","modified_gmt":"2021-11-09T06:05:22","slug":"propionihappo-cas-79-09-4","status":"publish","type":"product","link":"https:\/\/masterchem.ee\/fi\/tooted-ja-teenused\/propionihappo-cas-79-09-4\/","title":{"rendered":"Propionihappo (CAS 79-09-4)"},"content":{"rendered":"<p> <strong> Info<\/strong> <\/p>\n<p>Toimialat: Rehuteollisuus<br \/>\nCAS-numero: 79-09-4<br \/>\nWE-numero: 201-176-3<br \/>\nIndeksinumero: 607-089-00-0<br \/>\nKemiallinen kaava: C3H6O2<br \/>\nMolekyylimassa: 74,07 g\/mol<br \/>\nTullitariffikoodi: 29155000<br \/>\nADR: UN1848<\/p>\n<p><strong>Muut fyysiset ominaisuudet<\/strong><\/p>\n<p>pH: 2,5 (100 g\/l H2O, 20\u00b0C)<br \/>\nSulamis-\/j\u00e4\u00e4tymispiste: <-20\u00b0C<br \/>\nKiehumispiste\/alue: 141\u00b0C<br \/>\nSuhteellinen tiheys: 0,994 g\/cm3 (20\u00b0C)<br \/>\nLiukoisuus veteen: 0,994 g\/cm3 (20\u00b0C)<\/p>\n","protected":false},"excerpt":{"rendered":"<p><strong>Propionihappo (CAS 79-09-4)<\/strong><\/p>\n<p>Propionihappo eli propaanihappo (C2H5COOH) on pist\u00e4v\u00e4n eltaantuneen hajuinen karboksyylihappo. Proprionihapon anioneja, suoloja ja estereit\u00e4 kutsutaan propionaateiksi. Aineesta k\u00e4ytet\u00e4\u00e4n my\u00f6s nimi\u00e4 etyylimuurahaishappo, metyylietikkahappo ja etaanikarboksyylihappo.<\/p>\n<p>Propionihapon rakennekaava on CH3CH2COOH. Sen happovakio pKa on 4,87, leimahduspiste 54 \u00b0C c.c. eli suljetun astian (closed cup) menetelm\u00e4ll\u00e4 ja 57 \u00b0C o.c. eli avoimen astian (open cup) menetelm\u00e4ll\u00e4 mitattuna ja itsesyttymisl\u00e4mp\u00f6tila 485 \u00b0C.<\/p>\n<p>Propaanihappoa valmistetaan hapettamalla propanolia tai etanolin ja hiilimonoksidin v\u00e4lisell\u00e4 reaktiolla. My\u00f6s er\u00e4\u00e4t bakteerit tuottavat sit\u00e4 heksooseista. Yhdistett\u00e4 k\u00e4ytet\u00e4\u00e4n orgaanisessa synteesiss\u00e4 sek\u00e4 viljan s\u00e4il\u00f6nt\u00e4\u00e4n.<\/p>\n","protected":false},"featured_media":15262,"template":"","meta":[],"product_brand":[],"product_cat":[180,120,290],"product_tag":[],"class_list":{"0":"post-15256","1":"product","2":"type-product","3":"status-publish","4":"has-post-thumbnail","6":"product_cat-uncategorized-fi-2","7":"product_cat-laaketeollisuus","8":"product_cat-rehuteollisuus","10":"first","11":"instock","12":"taxable","13":"shipping-taxable","14":"purchasable","15":"product-type-variable","16":"has-default-attributes"},"yoast_head":"<!-- This site is optimized with the Yoast SEO plugin v26.2 - https:\/\/yoast.com\/wordpress\/plugins\/seo\/ -->\n<title>Propionihappo (CAS 79-09-4) - Chemistry For Industry - Solvents &amp; Chemicals - Masterchem.ee<\/title>\n<meta name=\"description\" content=\"Propionihappo eli propaanihappo (C2H5COOH) on pist\u00e4v\u00e4n eltaantuneen hajuinen karboksyylihappo.\" \/>\n<meta name=\"robots\" content=\"index, follow, max-snippet:-1, max-image-preview:large, max-video-preview:-1\" \/>\n<link rel=\"canonical\" href=\"https:\/\/masterchem.ee\/fi\/tooted-ja-teenused\/propionihappo-cas-79-09-4\/\" \/>\n<meta name=\"twitter:card\" content=\"summary_large_image\" \/>\n<meta name=\"twitter:title\" content=\"Propionihappo (CAS 79-09-4) - Chemistry For Industry - Solvents &amp; Chemicals - Masterchem.ee\" \/>\n<meta name=\"twitter:description\" content=\"Propionihappo eli propaanihappo (C2H5COOH) on pist\u00e4v\u00e4n eltaantuneen hajuinen karboksyylihappo.\" \/>\n<meta name=\"twitter:image\" content=\"https:\/\/masterchem.ee\/wp-content\/uploads\/2021\/11\/Propioonhape-25kg-MasterChem.jpg\" \/>\n<script type=\"application\/ld+json\" class=\"yoast-schema-graph\">{\"@context\":\"https:\/\/schema.org\",\"@graph\":[{\"@type\":\"WebPage\",\"@id\":\"https:\/\/masterchem.ee\/fi\/tooted-ja-teenused\/propionihappo-cas-79-09-4\/\",\"url\":\"https:\/\/masterchem.ee\/fi\/tooted-ja-teenused\/propionihappo-cas-79-09-4\/\",\"name\":\"Propionihappo (CAS 79-09-4) - Chemistry For Industry - Solvents &amp; Chemicals - Masterchem.ee\",\"isPartOf\":{\"@id\":\"https:\/\/masterchem.ee\/fi\/#website\"},\"primaryImageOfPage\":{\"@id\":\"https:\/\/masterchem.ee\/fi\/tooted-ja-teenused\/propionihappo-cas-79-09-4\/#primaryimage\"},\"image\":{\"@id\":\"https:\/\/masterchem.ee\/fi\/tooted-ja-teenused\/propionihappo-cas-79-09-4\/#primaryimage\"},\"thumbnailUrl\":\"https:\/\/masterchem.ee\/wp-content\/uploads\/2021\/11\/Propioonhape-25kg-MasterChem.jpg\",\"datePublished\":\"2021-11-09T05:55:57+00:00\",\"dateModified\":\"2021-11-09T06:05:22+00:00\",\"description\":\"Propionihappo eli propaanihappo (C2H5COOH) on pist\u00e4v\u00e4n eltaantuneen hajuinen karboksyylihappo.\",\"breadcrumb\":{\"@id\":\"https:\/\/masterchem.ee\/fi\/tooted-ja-teenused\/propionihappo-cas-79-09-4\/#breadcrumb\"},\"inLanguage\":\"fi\",\"potentialAction\":[{\"@type\":\"ReadAction\",\"target\":[\"https:\/\/masterchem.ee\/fi\/tooted-ja-teenused\/propionihappo-cas-79-09-4\/\"]}]},{\"@type\":\"ImageObject\",\"inLanguage\":\"fi\",\"@id\":\"https:\/\/masterchem.ee\/fi\/tooted-ja-teenused\/propionihappo-cas-79-09-4\/#primaryimage\",\"url\":\"https:\/\/masterchem.ee\/wp-content\/uploads\/2021\/11\/Propioonhape-25kg-MasterChem.jpg\",\"contentUrl\":\"https:\/\/masterchem.ee\/wp-content\/uploads\/2021\/11\/Propioonhape-25kg-MasterChem.jpg\",\"width\":1000,\"height\":1000,\"caption\":\"Propionihappo (CAS 79-09-4) 25kg MasterChem\"},{\"@type\":\"BreadcrumbList\",\"@id\":\"https:\/\/masterchem.ee\/fi\/tooted-ja-teenused\/propionihappo-cas-79-09-4\/#breadcrumb\",\"itemListElement\":[{\"@type\":\"ListItem\",\"position\":1,\"name\":\"Home\",\"item\":\"https:\/\/masterchem.ee\/fi\/\"},{\"@type\":\"ListItem\",\"position\":2,\"name\":\"Tooted ja teenused\",\"item\":\"https:\/\/masterchem.ee\/tooted-ja-teenused\/\"},{\"@type\":\"ListItem\",\"position\":3,\"name\":\"Propionihappo (CAS 79-09-4)\"}]},{\"@type\":\"WebSite\",\"@id\":\"https:\/\/masterchem.ee\/fi\/#website\",\"url\":\"https:\/\/masterchem.ee\/fi\/\",\"name\":\"Masterchem.ee\",\"description\":\"Chemistry For Industry - Solvents &amp; Chemicals\",\"publisher\":{\"@id\":\"https:\/\/masterchem.ee\/fi\/#organization\"},\"potentialAction\":[{\"@type\":\"SearchAction\",\"target\":{\"@type\":\"EntryPoint\",\"urlTemplate\":\"https:\/\/masterchem.ee\/fi\/?s={search_term_string}\"},\"query-input\":{\"@type\":\"PropertyValueSpecification\",\"valueRequired\":true,\"valueName\":\"search_term_string\"}}],\"inLanguage\":\"fi\"},{\"@type\":\"Organization\",\"@id\":\"https:\/\/masterchem.ee\/fi\/#organization\",\"name\":\"Masterchem\",\"url\":\"https:\/\/masterchem.ee\/fi\/\",\"logo\":{\"@type\":\"ImageObject\",\"inLanguage\":\"fi\",\"@id\":\"https:\/\/masterchem.ee\/fi\/#\/schema\/logo\/image\/\",\"url\":\"https:\/\/masterchem.ee\/wp-content\/uploads\/2018\/02\/master-chem_final-1.png\",\"contentUrl\":\"https:\/\/masterchem.ee\/wp-content\/uploads\/2018\/02\/master-chem_final-1.png\",\"width\":850,\"height\":356,\"caption\":\"Masterchem\"},\"image\":{\"@id\":\"https:\/\/masterchem.ee\/fi\/#\/schema\/logo\/image\/\"}}]}<\/script>\n<!-- \/ Yoast SEO plugin. -->","yoast_head_json":{"title":"Propionihappo (CAS 79-09-4) - Chemistry For Industry - Solvents &amp; Chemicals - Masterchem.ee","description":"Propionihappo eli propaanihappo (C2H5COOH) on pist\u00e4v\u00e4n eltaantuneen hajuinen karboksyylihappo.","robots":{"index":"index","follow":"follow","max-snippet":"max-snippet:-1","max-image-preview":"max-image-preview:large","max-video-preview":"max-video-preview:-1"},"canonical":"https:\/\/masterchem.ee\/fi\/tooted-ja-teenused\/propionihappo-cas-79-09-4\/","twitter_card":"summary_large_image","twitter_title":"Propionihappo (CAS 79-09-4) - Chemistry For Industry - Solvents &amp; Chemicals - Masterchem.ee","twitter_description":"Propionihappo eli propaanihappo (C2H5COOH) on pist\u00e4v\u00e4n eltaantuneen hajuinen karboksyylihappo.","twitter_image":"https:\/\/masterchem.ee\/wp-content\/uploads\/2021\/11\/Propioonhape-25kg-MasterChem.jpg","schema":{"@context":"https:\/\/schema.org","@graph":[{"@type":"WebPage","@id":"https:\/\/masterchem.ee\/fi\/tooted-ja-teenused\/propionihappo-cas-79-09-4\/","url":"https:\/\/masterchem.ee\/fi\/tooted-ja-teenused\/propionihappo-cas-79-09-4\/","name":"Propionihappo (CAS 79-09-4) - Chemistry For Industry - Solvents &amp; Chemicals - Masterchem.ee","isPartOf":{"@id":"https:\/\/masterchem.ee\/fi\/#website"},"primaryImageOfPage":{"@id":"https:\/\/masterchem.ee\/fi\/tooted-ja-teenused\/propionihappo-cas-79-09-4\/#primaryimage"},"image":{"@id":"https:\/\/masterchem.ee\/fi\/tooted-ja-teenused\/propionihappo-cas-79-09-4\/#primaryimage"},"thumbnailUrl":"https:\/\/masterchem.ee\/wp-content\/uploads\/2021\/11\/Propioonhape-25kg-MasterChem.jpg","datePublished":"2021-11-09T05:55:57+00:00","dateModified":"2021-11-09T06:05:22+00:00","description":"Propionihappo eli propaanihappo (C2H5COOH) on pist\u00e4v\u00e4n eltaantuneen hajuinen karboksyylihappo.","breadcrumb":{"@id":"https:\/\/masterchem.ee\/fi\/tooted-ja-teenused\/propionihappo-cas-79-09-4\/#breadcrumb"},"inLanguage":"fi","potentialAction":[{"@type":"ReadAction","target":["https:\/\/masterchem.ee\/fi\/tooted-ja-teenused\/propionihappo-cas-79-09-4\/"]}]},{"@type":"ImageObject","inLanguage":"fi","@id":"https:\/\/masterchem.ee\/fi\/tooted-ja-teenused\/propionihappo-cas-79-09-4\/#primaryimage","url":"https:\/\/masterchem.ee\/wp-content\/uploads\/2021\/11\/Propioonhape-25kg-MasterChem.jpg","contentUrl":"https:\/\/masterchem.ee\/wp-content\/uploads\/2021\/11\/Propioonhape-25kg-MasterChem.jpg","width":1000,"height":1000,"caption":"Propionihappo (CAS 79-09-4) 25kg MasterChem"},{"@type":"BreadcrumbList","@id":"https:\/\/masterchem.ee\/fi\/tooted-ja-teenused\/propionihappo-cas-79-09-4\/#breadcrumb","itemListElement":[{"@type":"ListItem","position":1,"name":"Home","item":"https:\/\/masterchem.ee\/fi\/"},{"@type":"ListItem","position":2,"name":"Tooted ja teenused","item":"https:\/\/masterchem.ee\/tooted-ja-teenused\/"},{"@type":"ListItem","position":3,"name":"Propionihappo (CAS 79-09-4)"}]},{"@type":"WebSite","@id":"https:\/\/masterchem.ee\/fi\/#website","url":"https:\/\/masterchem.ee\/fi\/","name":"Masterchem.ee","description":"Chemistry For Industry - Solvents &amp; Chemicals","publisher":{"@id":"https:\/\/masterchem.ee\/fi\/#organization"},"potentialAction":[{"@type":"SearchAction","target":{"@type":"EntryPoint","urlTemplate":"https:\/\/masterchem.ee\/fi\/?s={search_term_string}"},"query-input":{"@type":"PropertyValueSpecification","valueRequired":true,"valueName":"search_term_string"}}],"inLanguage":"fi"},{"@type":"Organization","@id":"https:\/\/masterchem.ee\/fi\/#organization","name":"Masterchem","url":"https:\/\/masterchem.ee\/fi\/","logo":{"@type":"ImageObject","inLanguage":"fi","@id":"https:\/\/masterchem.ee\/fi\/#\/schema\/logo\/image\/","url":"https:\/\/masterchem.ee\/wp-content\/uploads\/2018\/02\/master-chem_final-1.png","contentUrl":"https:\/\/masterchem.ee\/wp-content\/uploads\/2018\/02\/master-chem_final-1.png","width":850,"height":356,"caption":"Masterchem"},"image":{"@id":"https:\/\/masterchem.ee\/fi\/#\/schema\/logo\/image\/"}}]}},"_links":{"self":[{"href":"https:\/\/masterchem.ee\/fi\/wp-json\/wp\/v2\/product\/15256","targetHints":{"allow":["GET"]}}],"collection":[{"href":"https:\/\/masterchem.ee\/fi\/wp-json\/wp\/v2\/product"}],"about":[{"href":"https:\/\/masterchem.ee\/fi\/wp-json\/wp\/v2\/types\/product"}],"wp:featuredmedia":[{"embeddable":true,"href":"https:\/\/masterchem.ee\/fi\/wp-json\/wp\/v2\/media\/15262"}],"wp:attachment":[{"href":"https:\/\/masterchem.ee\/fi\/wp-json\/wp\/v2\/media?parent=15256"}],"wp:term":[{"taxonomy":"product_brand","embeddable":true,"href":"https:\/\/masterchem.ee\/fi\/wp-json\/wp\/v2\/product_brand?post=15256"},{"taxonomy":"product_cat","embeddable":true,"href":"https:\/\/masterchem.ee\/fi\/wp-json\/wp\/v2\/product_cat?post=15256"},{"taxonomy":"product_tag","embeddable":true,"href":"https:\/\/masterchem.ee\/fi\/wp-json\/wp\/v2\/product_tag?post=15256"}],"curies":[{"name":"wp","href":"https:\/\/api.w.org\/{rel}","templated":true}]}}