{"id":15224,"date":"2021-11-09T05:29:42","date_gmt":"2021-11-09T05:29:45","guid":{"rendered":"https:\/\/masterchem.ee\/?post_type=product&#038;p=15224"},"modified":"2021-11-09T05:35:24","modified_gmt":"2021-11-09T05:35:24","slug":"natriumbutyraatti-cas-156-54-7","status":"publish","type":"product","link":"https:\/\/masterchem.ee\/fi\/tooted-ja-teenused\/natriumbutyraatti-cas-156-54-7\/","title":{"rendered":"Natriumbutyraatti (CAS 156-54-7)"},"content":{"rendered":"<p> <strong> Info<\/strong> <\/p>\n<p>Teollisuus: elintarviketeollisuus, rehuteollisuus<br \/>\nCAS-numero: 156-54-7<br \/>\nWE-numero: 205-857-6<br \/>\nKemiallinen kaava: C4H7O2Na<br \/>\nTullitariffikoodi: 29156019<\/p>\n","protected":false},"excerpt":{"rendered":"<p><strong>Natriumbutyraatti (CAS 156-54-7)<\/strong><\/p>\n<p>Natriumbutyraatti on yhdiste, jonka kaava on Na(C3H7COO). Se on voihapon natriumsuola. Sill\u00e4 on erilaisia \u200b\u200bvaikutuksia viljeltyihin nis\u00e4k\u00e4ssoluihin, mukaan lukien lis\u00e4\u00e4ntymisen est\u00e4minen, erilaistumisen induktio ja geeniekspression induktio tai tukahduttaminen. Sellaisenaan sit\u00e4 voidaan k\u00e4ytt\u00e4\u00e4 laboratoriossa n\u00e4iden vaikutusten aikaansaamiseksi. Tarkemmin sanottuna solujen butyraattik\u00e4sittely johtaa histonin hyperasetylaatioon, ja itse butyraatti est\u00e4\u00e4 luokan I histonideasetylaasi (HDAC) aktiivisuutta, erityisesti HDAC1:t\u00e4, HDAC2:ta, HDAC3:a ja butyraattia voidaan k\u00e4ytt\u00e4\u00e4 histonideasetyleenin m\u00e4\u00e4ritt\u00e4misess\u00e4 kromatiinin rakenteessa ja toiminnassa. HDAC-aktiivisuuden eston arvioidaan vaikuttavan vain 2 %:n nis\u00e4k\u00e4sgeenien ilmentymiseen.<\/p>\n<p>Laboratoriossa natriumbutyraattia l\u00f6ytyy yleens\u00e4 valkoisena, vesiliukoisena, kiteisen\u00e4 kiinte\u00e4n\u00e4 aineena. Kemikaali on tunnettu siit\u00e4, ett\u00e4 sill\u00e4 on eritt\u00e4in voimakas, ep\u00e4miellytt\u00e4v\u00e4 haju, joka viipyy. Natriumbutyraatin kanssa ty\u00f6skennelless\u00e4 on suositeltavaa k\u00e4ytt\u00e4\u00e4 k\u00e4sineit\u00e4, suojalaseja ja hengityssuojainta turvallisuussyist\u00e4.<\/p>\n","protected":false},"featured_media":15230,"template":"","meta":[],"product_brand":[],"product_cat":[180,290,307],"product_tag":[],"class_list":{"0":"post-15224","1":"product","2":"type-product","3":"status-publish","4":"has-post-thumbnail","6":"product_cat-uncategorized-fi-2","7":"product_cat-rehuteollisuus","8":"product_cat-ruokateollisuus","10":"first","11":"instock","12":"taxable","13":"shipping-taxable","14":"purchasable","15":"product-type-variable","16":"has-default-attributes"},"yoast_head":"<!-- This site is optimized with the Yoast SEO plugin v26.2 - https:\/\/yoast.com\/wordpress\/plugins\/seo\/ -->\n<title>Natriumbutyraatti (CAS 156-54-7) - Chemistry For Industry - Solvents &amp; Chemicals - Masterchem.ee<\/title>\n<meta name=\"description\" content=\"Natriumbutyraatti on yhdiste, jonka kaava on Na(C3H7COO). Se on voihapon natriumsuola.\" \/>\n<meta name=\"robots\" content=\"index, follow, max-snippet:-1, max-image-preview:large, max-video-preview:-1\" \/>\n<link rel=\"canonical\" href=\"https:\/\/masterchem.ee\/fi\/tooted-ja-teenused\/natriumbutyraatti-cas-156-54-7\/\" \/>\n<meta name=\"twitter:card\" content=\"summary_large_image\" \/>\n<meta name=\"twitter:title\" content=\"Natriumbutyraatti (CAS 156-54-7) - Chemistry For Industry - Solvents &amp; Chemicals - Masterchem.ee\" \/>\n<meta name=\"twitter:description\" content=\"Natriumbutyraatti on yhdiste, jonka kaava on Na(C3H7COO). Se on voihapon natriumsuola.\" \/>\n<meta name=\"twitter:image\" content=\"https:\/\/masterchem.ee\/wp-content\/uploads\/2021\/11\/Naatriumbuturaat-25kg-MasterChem.jpg\" \/>\n<script type=\"application\/ld+json\" class=\"yoast-schema-graph\">{\"@context\":\"https:\/\/schema.org\",\"@graph\":[{\"@type\":\"WebPage\",\"@id\":\"https:\/\/masterchem.ee\/fi\/tooted-ja-teenused\/natriumbutyraatti-cas-156-54-7\/\",\"url\":\"https:\/\/masterchem.ee\/fi\/tooted-ja-teenused\/natriumbutyraatti-cas-156-54-7\/\",\"name\":\"Natriumbutyraatti (CAS 156-54-7) - Chemistry For Industry - Solvents &amp; Chemicals - Masterchem.ee\",\"isPartOf\":{\"@id\":\"https:\/\/masterchem.ee\/fi\/#website\"},\"primaryImageOfPage\":{\"@id\":\"https:\/\/masterchem.ee\/fi\/tooted-ja-teenused\/natriumbutyraatti-cas-156-54-7\/#primaryimage\"},\"image\":{\"@id\":\"https:\/\/masterchem.ee\/fi\/tooted-ja-teenused\/natriumbutyraatti-cas-156-54-7\/#primaryimage\"},\"thumbnailUrl\":\"https:\/\/masterchem.ee\/wp-content\/uploads\/2021\/11\/Naatriumbuturaat-25kg-MasterChem.jpg\",\"datePublished\":\"2021-11-09T05:29:45+00:00\",\"dateModified\":\"2021-11-09T05:35:24+00:00\",\"description\":\"Natriumbutyraatti on yhdiste, jonka kaava on Na(C3H7COO). Se on voihapon natriumsuola.\",\"breadcrumb\":{\"@id\":\"https:\/\/masterchem.ee\/fi\/tooted-ja-teenused\/natriumbutyraatti-cas-156-54-7\/#breadcrumb\"},\"inLanguage\":\"fi\",\"potentialAction\":[{\"@type\":\"ReadAction\",\"target\":[\"https:\/\/masterchem.ee\/fi\/tooted-ja-teenused\/natriumbutyraatti-cas-156-54-7\/\"]}]},{\"@type\":\"ImageObject\",\"inLanguage\":\"fi\",\"@id\":\"https:\/\/masterchem.ee\/fi\/tooted-ja-teenused\/natriumbutyraatti-cas-156-54-7\/#primaryimage\",\"url\":\"https:\/\/masterchem.ee\/wp-content\/uploads\/2021\/11\/Naatriumbuturaat-25kg-MasterChem.jpg\",\"contentUrl\":\"https:\/\/masterchem.ee\/wp-content\/uploads\/2021\/11\/Naatriumbuturaat-25kg-MasterChem.jpg\",\"width\":1000,\"height\":1000,\"caption\":\"Natriumbutyraatti (CAS 156-54-7) 25kg MasterChem\"},{\"@type\":\"BreadcrumbList\",\"@id\":\"https:\/\/masterchem.ee\/fi\/tooted-ja-teenused\/natriumbutyraatti-cas-156-54-7\/#breadcrumb\",\"itemListElement\":[{\"@type\":\"ListItem\",\"position\":1,\"name\":\"Home\",\"item\":\"https:\/\/masterchem.ee\/fi\/\"},{\"@type\":\"ListItem\",\"position\":2,\"name\":\"Tooted ja teenused\",\"item\":\"https:\/\/masterchem.ee\/tooted-ja-teenused\/\"},{\"@type\":\"ListItem\",\"position\":3,\"name\":\"Natriumbutyraatti (CAS 156-54-7)\"}]},{\"@type\":\"WebSite\",\"@id\":\"https:\/\/masterchem.ee\/fi\/#website\",\"url\":\"https:\/\/masterchem.ee\/fi\/\",\"name\":\"Masterchem.ee\",\"description\":\"Chemistry For Industry - Solvents &amp; Chemicals\",\"publisher\":{\"@id\":\"https:\/\/masterchem.ee\/fi\/#organization\"},\"potentialAction\":[{\"@type\":\"SearchAction\",\"target\":{\"@type\":\"EntryPoint\",\"urlTemplate\":\"https:\/\/masterchem.ee\/fi\/?s={search_term_string}\"},\"query-input\":{\"@type\":\"PropertyValueSpecification\",\"valueRequired\":true,\"valueName\":\"search_term_string\"}}],\"inLanguage\":\"fi\"},{\"@type\":\"Organization\",\"@id\":\"https:\/\/masterchem.ee\/fi\/#organization\",\"name\":\"Masterchem\",\"url\":\"https:\/\/masterchem.ee\/fi\/\",\"logo\":{\"@type\":\"ImageObject\",\"inLanguage\":\"fi\",\"@id\":\"https:\/\/masterchem.ee\/fi\/#\/schema\/logo\/image\/\",\"url\":\"https:\/\/masterchem.ee\/wp-content\/uploads\/2018\/02\/master-chem_final-1.png\",\"contentUrl\":\"https:\/\/masterchem.ee\/wp-content\/uploads\/2018\/02\/master-chem_final-1.png\",\"width\":850,\"height\":356,\"caption\":\"Masterchem\"},\"image\":{\"@id\":\"https:\/\/masterchem.ee\/fi\/#\/schema\/logo\/image\/\"}}]}<\/script>\n<!-- \/ Yoast SEO plugin. -->","yoast_head_json":{"title":"Natriumbutyraatti (CAS 156-54-7) - Chemistry For Industry - Solvents &amp; Chemicals - Masterchem.ee","description":"Natriumbutyraatti on yhdiste, jonka kaava on Na(C3H7COO). Se on voihapon natriumsuola.","robots":{"index":"index","follow":"follow","max-snippet":"max-snippet:-1","max-image-preview":"max-image-preview:large","max-video-preview":"max-video-preview:-1"},"canonical":"https:\/\/masterchem.ee\/fi\/tooted-ja-teenused\/natriumbutyraatti-cas-156-54-7\/","twitter_card":"summary_large_image","twitter_title":"Natriumbutyraatti (CAS 156-54-7) - Chemistry For Industry - Solvents &amp; Chemicals - Masterchem.ee","twitter_description":"Natriumbutyraatti on yhdiste, jonka kaava on Na(C3H7COO). Se on voihapon natriumsuola.","twitter_image":"https:\/\/masterchem.ee\/wp-content\/uploads\/2021\/11\/Naatriumbuturaat-25kg-MasterChem.jpg","schema":{"@context":"https:\/\/schema.org","@graph":[{"@type":"WebPage","@id":"https:\/\/masterchem.ee\/fi\/tooted-ja-teenused\/natriumbutyraatti-cas-156-54-7\/","url":"https:\/\/masterchem.ee\/fi\/tooted-ja-teenused\/natriumbutyraatti-cas-156-54-7\/","name":"Natriumbutyraatti (CAS 156-54-7) - Chemistry For Industry - Solvents &amp; Chemicals - Masterchem.ee","isPartOf":{"@id":"https:\/\/masterchem.ee\/fi\/#website"},"primaryImageOfPage":{"@id":"https:\/\/masterchem.ee\/fi\/tooted-ja-teenused\/natriumbutyraatti-cas-156-54-7\/#primaryimage"},"image":{"@id":"https:\/\/masterchem.ee\/fi\/tooted-ja-teenused\/natriumbutyraatti-cas-156-54-7\/#primaryimage"},"thumbnailUrl":"https:\/\/masterchem.ee\/wp-content\/uploads\/2021\/11\/Naatriumbuturaat-25kg-MasterChem.jpg","datePublished":"2021-11-09T05:29:45+00:00","dateModified":"2021-11-09T05:35:24+00:00","description":"Natriumbutyraatti on yhdiste, jonka kaava on Na(C3H7COO). Se on voihapon natriumsuola.","breadcrumb":{"@id":"https:\/\/masterchem.ee\/fi\/tooted-ja-teenused\/natriumbutyraatti-cas-156-54-7\/#breadcrumb"},"inLanguage":"fi","potentialAction":[{"@type":"ReadAction","target":["https:\/\/masterchem.ee\/fi\/tooted-ja-teenused\/natriumbutyraatti-cas-156-54-7\/"]}]},{"@type":"ImageObject","inLanguage":"fi","@id":"https:\/\/masterchem.ee\/fi\/tooted-ja-teenused\/natriumbutyraatti-cas-156-54-7\/#primaryimage","url":"https:\/\/masterchem.ee\/wp-content\/uploads\/2021\/11\/Naatriumbuturaat-25kg-MasterChem.jpg","contentUrl":"https:\/\/masterchem.ee\/wp-content\/uploads\/2021\/11\/Naatriumbuturaat-25kg-MasterChem.jpg","width":1000,"height":1000,"caption":"Natriumbutyraatti (CAS 156-54-7) 25kg MasterChem"},{"@type":"BreadcrumbList","@id":"https:\/\/masterchem.ee\/fi\/tooted-ja-teenused\/natriumbutyraatti-cas-156-54-7\/#breadcrumb","itemListElement":[{"@type":"ListItem","position":1,"name":"Home","item":"https:\/\/masterchem.ee\/fi\/"},{"@type":"ListItem","position":2,"name":"Tooted ja teenused","item":"https:\/\/masterchem.ee\/tooted-ja-teenused\/"},{"@type":"ListItem","position":3,"name":"Natriumbutyraatti (CAS 156-54-7)"}]},{"@type":"WebSite","@id":"https:\/\/masterchem.ee\/fi\/#website","url":"https:\/\/masterchem.ee\/fi\/","name":"Masterchem.ee","description":"Chemistry For Industry - Solvents &amp; Chemicals","publisher":{"@id":"https:\/\/masterchem.ee\/fi\/#organization"},"potentialAction":[{"@type":"SearchAction","target":{"@type":"EntryPoint","urlTemplate":"https:\/\/masterchem.ee\/fi\/?s={search_term_string}"},"query-input":{"@type":"PropertyValueSpecification","valueRequired":true,"valueName":"search_term_string"}}],"inLanguage":"fi"},{"@type":"Organization","@id":"https:\/\/masterchem.ee\/fi\/#organization","name":"Masterchem","url":"https:\/\/masterchem.ee\/fi\/","logo":{"@type":"ImageObject","inLanguage":"fi","@id":"https:\/\/masterchem.ee\/fi\/#\/schema\/logo\/image\/","url":"https:\/\/masterchem.ee\/wp-content\/uploads\/2018\/02\/master-chem_final-1.png","contentUrl":"https:\/\/masterchem.ee\/wp-content\/uploads\/2018\/02\/master-chem_final-1.png","width":850,"height":356,"caption":"Masterchem"},"image":{"@id":"https:\/\/masterchem.ee\/fi\/#\/schema\/logo\/image\/"}}]}},"_links":{"self":[{"href":"https:\/\/masterchem.ee\/fi\/wp-json\/wp\/v2\/product\/15224","targetHints":{"allow":["GET"]}}],"collection":[{"href":"https:\/\/masterchem.ee\/fi\/wp-json\/wp\/v2\/product"}],"about":[{"href":"https:\/\/masterchem.ee\/fi\/wp-json\/wp\/v2\/types\/product"}],"wp:featuredmedia":[{"embeddable":true,"href":"https:\/\/masterchem.ee\/fi\/wp-json\/wp\/v2\/media\/15230"}],"wp:attachment":[{"href":"https:\/\/masterchem.ee\/fi\/wp-json\/wp\/v2\/media?parent=15224"}],"wp:term":[{"taxonomy":"product_brand","embeddable":true,"href":"https:\/\/masterchem.ee\/fi\/wp-json\/wp\/v2\/product_brand?post=15224"},{"taxonomy":"product_cat","embeddable":true,"href":"https:\/\/masterchem.ee\/fi\/wp-json\/wp\/v2\/product_cat?post=15224"},{"taxonomy":"product_tag","embeddable":true,"href":"https:\/\/masterchem.ee\/fi\/wp-json\/wp\/v2\/product_tag?post=15224"}],"curies":[{"name":"wp","href":"https:\/\/api.w.org\/{rel}","templated":true}]}}