{"id":15174,"date":"2021-11-09T04:41:15","date_gmt":"2021-11-09T04:41:19","guid":{"rendered":"https:\/\/masterchem.ee\/?post_type=product&#038;p=15174"},"modified":"2021-11-09T04:47:39","modified_gmt":"2021-11-09T04:47:39","slug":"kaliumlaktaatti-cas-85895-78-9","status":"publish","type":"product","link":"https:\/\/masterchem.ee\/fi\/tooted-ja-teenused\/kaliumlaktaatti-cas-85895-78-9\/","title":{"rendered":"Kaliumlaktaatti (CAS 85895-78-9)"},"content":{"rendered":"<p> <strong> Info<\/strong> <\/p>\n<p> Toimialat: L\u00e4\u00e4keteollisuus, Elintarviketeollisuus, Rehuteollisuus <br \/>\nCAS-numero: 85895-78-9 <br \/>\nWE-numero: 288-752-8 <br \/>\nKemiallinen kaava: C3H5KO3 <br \/>\nMolekyylimassa: 128,17 g \/ mol <br \/>\nTullitariffikoodi: 29181100 <\/p>\n","protected":false},"excerpt":{"rendered":"<p> <strong> Kaliumlaktaatti (CAS 85895-78-9) <\/strong> <\/p>\n<p> Kalium L (+) &#8211; laktaatti on L (+) &#8211; maitohapon kaliumsuola, joka saadaan neutraloimalla luonnollista alkuper\u00e4\u00e4 oleva happo eritt\u00e4in puhtaalla kaliuml\u00e4hteell\u00e4. El\u00e4v\u00e4t organismit tuottavat luonnostaan \u200b\u200blaktaattia glykolyysin sivutuotteena. Kalium L (+) -laktaattia k\u00e4ytet\u00e4\u00e4n elintarvikkeissa natriumittomana patogeenien torjunta-aineena ja kosteuttavana aineena. Vaihtoehtona natriumlaktaatille se vastaa terveysj\u00e4rjest\u00f6jen ja kuluttajien huoleen natriumin saannin v\u00e4hent\u00e4misest\u00e4. <\/p>\n","protected":false},"featured_media":15180,"template":"","meta":[],"product_brand":[],"product_cat":[180,120,290,307],"product_tag":[],"class_list":{"0":"post-15174","1":"product","2":"type-product","3":"status-publish","4":"has-post-thumbnail","6":"product_cat-uncategorized-fi-2","7":"product_cat-laaketeollisuus","8":"product_cat-rehuteollisuus","9":"product_cat-ruokateollisuus","11":"first","12":"instock","13":"taxable","14":"shipping-taxable","15":"purchasable","16":"product-type-variable","17":"has-default-attributes"},"yoast_head":"<!-- This site is optimized with the Yoast SEO plugin v26.2 - https:\/\/yoast.com\/wordpress\/plugins\/seo\/ -->\n<title>Kaliumlaktaatti (CAS 85895-78-9) - Chemistry For Industry - Solvents &amp; Chemicals - Masterchem.ee<\/title>\n<meta name=\"description\" content=\"Kalium L (+) - laktaatti on L (+) - maitohapon kaliumsuola, joka saadaan neutraloimalla luonnollista alkuper\u00e4\u00e4 oleva happo eritt\u00e4in puhtaalla kaliuml\u00e4hteell\u00e4.\" \/>\n<meta name=\"robots\" content=\"index, follow, max-snippet:-1, max-image-preview:large, max-video-preview:-1\" \/>\n<link rel=\"canonical\" href=\"https:\/\/masterchem.ee\/fi\/tooted-ja-teenused\/kaliumlaktaatti-cas-85895-78-9\/\" \/>\n<meta name=\"twitter:card\" content=\"summary_large_image\" \/>\n<meta name=\"twitter:title\" content=\"Kaliumlaktaatti (CAS 85895-78-9) - Chemistry For Industry - Solvents &amp; Chemicals - Masterchem.ee\" \/>\n<meta name=\"twitter:description\" content=\"Kalium L (+) - laktaatti on L (+) - maitohapon kaliumsuola, joka saadaan neutraloimalla luonnollista alkuper\u00e4\u00e4 oleva happo eritt\u00e4in puhtaalla kaliuml\u00e4hteell\u00e4.\" \/>\n<meta name=\"twitter:image\" content=\"https:\/\/masterchem.ee\/wp-content\/uploads\/2021\/11\/Kaaliumlaktaat-25kg-MasterChem.jpg\" \/>\n<script type=\"application\/ld+json\" class=\"yoast-schema-graph\">{\"@context\":\"https:\/\/schema.org\",\"@graph\":[{\"@type\":\"WebPage\",\"@id\":\"https:\/\/masterchem.ee\/fi\/tooted-ja-teenused\/kaliumlaktaatti-cas-85895-78-9\/\",\"url\":\"https:\/\/masterchem.ee\/fi\/tooted-ja-teenused\/kaliumlaktaatti-cas-85895-78-9\/\",\"name\":\"Kaliumlaktaatti (CAS 85895-78-9) - Chemistry For Industry - Solvents &amp; Chemicals - Masterchem.ee\",\"isPartOf\":{\"@id\":\"https:\/\/masterchem.ee\/fi\/#website\"},\"primaryImageOfPage\":{\"@id\":\"https:\/\/masterchem.ee\/fi\/tooted-ja-teenused\/kaliumlaktaatti-cas-85895-78-9\/#primaryimage\"},\"image\":{\"@id\":\"https:\/\/masterchem.ee\/fi\/tooted-ja-teenused\/kaliumlaktaatti-cas-85895-78-9\/#primaryimage\"},\"thumbnailUrl\":\"https:\/\/masterchem.ee\/wp-content\/uploads\/2021\/11\/Kaaliumlaktaat-25kg-MasterChem.jpg\",\"datePublished\":\"2021-11-09T04:41:19+00:00\",\"dateModified\":\"2021-11-09T04:47:39+00:00\",\"description\":\"Kalium L (+) - laktaatti on L (+) - maitohapon kaliumsuola, joka saadaan neutraloimalla luonnollista alkuper\u00e4\u00e4 oleva happo eritt\u00e4in puhtaalla kaliuml\u00e4hteell\u00e4.\",\"breadcrumb\":{\"@id\":\"https:\/\/masterchem.ee\/fi\/tooted-ja-teenused\/kaliumlaktaatti-cas-85895-78-9\/#breadcrumb\"},\"inLanguage\":\"fi\",\"potentialAction\":[{\"@type\":\"ReadAction\",\"target\":[\"https:\/\/masterchem.ee\/fi\/tooted-ja-teenused\/kaliumlaktaatti-cas-85895-78-9\/\"]}]},{\"@type\":\"ImageObject\",\"inLanguage\":\"fi\",\"@id\":\"https:\/\/masterchem.ee\/fi\/tooted-ja-teenused\/kaliumlaktaatti-cas-85895-78-9\/#primaryimage\",\"url\":\"https:\/\/masterchem.ee\/wp-content\/uploads\/2021\/11\/Kaaliumlaktaat-25kg-MasterChem.jpg\",\"contentUrl\":\"https:\/\/masterchem.ee\/wp-content\/uploads\/2021\/11\/Kaaliumlaktaat-25kg-MasterChem.jpg\",\"width\":1000,\"height\":1000,\"caption\":\"Kaliumlaktaatti (CAS 85895-78-9) 25kg MasterChem\"},{\"@type\":\"BreadcrumbList\",\"@id\":\"https:\/\/masterchem.ee\/fi\/tooted-ja-teenused\/kaliumlaktaatti-cas-85895-78-9\/#breadcrumb\",\"itemListElement\":[{\"@type\":\"ListItem\",\"position\":1,\"name\":\"Home\",\"item\":\"https:\/\/masterchem.ee\/fi\/\"},{\"@type\":\"ListItem\",\"position\":2,\"name\":\"Tooted ja teenused\",\"item\":\"https:\/\/masterchem.ee\/tooted-ja-teenused\/\"},{\"@type\":\"ListItem\",\"position\":3,\"name\":\"Kaliumlaktaatti (CAS 85895-78-9)\"}]},{\"@type\":\"WebSite\",\"@id\":\"https:\/\/masterchem.ee\/fi\/#website\",\"url\":\"https:\/\/masterchem.ee\/fi\/\",\"name\":\"Masterchem.ee\",\"description\":\"Chemistry For Industry - Solvents &amp; Chemicals\",\"publisher\":{\"@id\":\"https:\/\/masterchem.ee\/fi\/#organization\"},\"potentialAction\":[{\"@type\":\"SearchAction\",\"target\":{\"@type\":\"EntryPoint\",\"urlTemplate\":\"https:\/\/masterchem.ee\/fi\/?s={search_term_string}\"},\"query-input\":{\"@type\":\"PropertyValueSpecification\",\"valueRequired\":true,\"valueName\":\"search_term_string\"}}],\"inLanguage\":\"fi\"},{\"@type\":\"Organization\",\"@id\":\"https:\/\/masterchem.ee\/fi\/#organization\",\"name\":\"Masterchem\",\"url\":\"https:\/\/masterchem.ee\/fi\/\",\"logo\":{\"@type\":\"ImageObject\",\"inLanguage\":\"fi\",\"@id\":\"https:\/\/masterchem.ee\/fi\/#\/schema\/logo\/image\/\",\"url\":\"https:\/\/masterchem.ee\/wp-content\/uploads\/2018\/02\/master-chem_final-1.png\",\"contentUrl\":\"https:\/\/masterchem.ee\/wp-content\/uploads\/2018\/02\/master-chem_final-1.png\",\"width\":850,\"height\":356,\"caption\":\"Masterchem\"},\"image\":{\"@id\":\"https:\/\/masterchem.ee\/fi\/#\/schema\/logo\/image\/\"}}]}<\/script>\n<!-- \/ Yoast SEO plugin. -->","yoast_head_json":{"title":"Kaliumlaktaatti (CAS 85895-78-9) - Chemistry For Industry - Solvents &amp; Chemicals - Masterchem.ee","description":"Kalium L (+) - laktaatti on L (+) - maitohapon kaliumsuola, joka saadaan neutraloimalla luonnollista alkuper\u00e4\u00e4 oleva happo eritt\u00e4in puhtaalla kaliuml\u00e4hteell\u00e4.","robots":{"index":"index","follow":"follow","max-snippet":"max-snippet:-1","max-image-preview":"max-image-preview:large","max-video-preview":"max-video-preview:-1"},"canonical":"https:\/\/masterchem.ee\/fi\/tooted-ja-teenused\/kaliumlaktaatti-cas-85895-78-9\/","twitter_card":"summary_large_image","twitter_title":"Kaliumlaktaatti (CAS 85895-78-9) - Chemistry For Industry - Solvents &amp; Chemicals - Masterchem.ee","twitter_description":"Kalium L (+) - laktaatti on L (+) - maitohapon kaliumsuola, joka saadaan neutraloimalla luonnollista alkuper\u00e4\u00e4 oleva happo eritt\u00e4in puhtaalla kaliuml\u00e4hteell\u00e4.","twitter_image":"https:\/\/masterchem.ee\/wp-content\/uploads\/2021\/11\/Kaaliumlaktaat-25kg-MasterChem.jpg","schema":{"@context":"https:\/\/schema.org","@graph":[{"@type":"WebPage","@id":"https:\/\/masterchem.ee\/fi\/tooted-ja-teenused\/kaliumlaktaatti-cas-85895-78-9\/","url":"https:\/\/masterchem.ee\/fi\/tooted-ja-teenused\/kaliumlaktaatti-cas-85895-78-9\/","name":"Kaliumlaktaatti (CAS 85895-78-9) - Chemistry For Industry - Solvents &amp; Chemicals - Masterchem.ee","isPartOf":{"@id":"https:\/\/masterchem.ee\/fi\/#website"},"primaryImageOfPage":{"@id":"https:\/\/masterchem.ee\/fi\/tooted-ja-teenused\/kaliumlaktaatti-cas-85895-78-9\/#primaryimage"},"image":{"@id":"https:\/\/masterchem.ee\/fi\/tooted-ja-teenused\/kaliumlaktaatti-cas-85895-78-9\/#primaryimage"},"thumbnailUrl":"https:\/\/masterchem.ee\/wp-content\/uploads\/2021\/11\/Kaaliumlaktaat-25kg-MasterChem.jpg","datePublished":"2021-11-09T04:41:19+00:00","dateModified":"2021-11-09T04:47:39+00:00","description":"Kalium L (+) - laktaatti on L (+) - maitohapon kaliumsuola, joka saadaan neutraloimalla luonnollista alkuper\u00e4\u00e4 oleva happo eritt\u00e4in puhtaalla kaliuml\u00e4hteell\u00e4.","breadcrumb":{"@id":"https:\/\/masterchem.ee\/fi\/tooted-ja-teenused\/kaliumlaktaatti-cas-85895-78-9\/#breadcrumb"},"inLanguage":"fi","potentialAction":[{"@type":"ReadAction","target":["https:\/\/masterchem.ee\/fi\/tooted-ja-teenused\/kaliumlaktaatti-cas-85895-78-9\/"]}]},{"@type":"ImageObject","inLanguage":"fi","@id":"https:\/\/masterchem.ee\/fi\/tooted-ja-teenused\/kaliumlaktaatti-cas-85895-78-9\/#primaryimage","url":"https:\/\/masterchem.ee\/wp-content\/uploads\/2021\/11\/Kaaliumlaktaat-25kg-MasterChem.jpg","contentUrl":"https:\/\/masterchem.ee\/wp-content\/uploads\/2021\/11\/Kaaliumlaktaat-25kg-MasterChem.jpg","width":1000,"height":1000,"caption":"Kaliumlaktaatti (CAS 85895-78-9) 25kg MasterChem"},{"@type":"BreadcrumbList","@id":"https:\/\/masterchem.ee\/fi\/tooted-ja-teenused\/kaliumlaktaatti-cas-85895-78-9\/#breadcrumb","itemListElement":[{"@type":"ListItem","position":1,"name":"Home","item":"https:\/\/masterchem.ee\/fi\/"},{"@type":"ListItem","position":2,"name":"Tooted ja teenused","item":"https:\/\/masterchem.ee\/tooted-ja-teenused\/"},{"@type":"ListItem","position":3,"name":"Kaliumlaktaatti (CAS 85895-78-9)"}]},{"@type":"WebSite","@id":"https:\/\/masterchem.ee\/fi\/#website","url":"https:\/\/masterchem.ee\/fi\/","name":"Masterchem.ee","description":"Chemistry For Industry - Solvents &amp; Chemicals","publisher":{"@id":"https:\/\/masterchem.ee\/fi\/#organization"},"potentialAction":[{"@type":"SearchAction","target":{"@type":"EntryPoint","urlTemplate":"https:\/\/masterchem.ee\/fi\/?s={search_term_string}"},"query-input":{"@type":"PropertyValueSpecification","valueRequired":true,"valueName":"search_term_string"}}],"inLanguage":"fi"},{"@type":"Organization","@id":"https:\/\/masterchem.ee\/fi\/#organization","name":"Masterchem","url":"https:\/\/masterchem.ee\/fi\/","logo":{"@type":"ImageObject","inLanguage":"fi","@id":"https:\/\/masterchem.ee\/fi\/#\/schema\/logo\/image\/","url":"https:\/\/masterchem.ee\/wp-content\/uploads\/2018\/02\/master-chem_final-1.png","contentUrl":"https:\/\/masterchem.ee\/wp-content\/uploads\/2018\/02\/master-chem_final-1.png","width":850,"height":356,"caption":"Masterchem"},"image":{"@id":"https:\/\/masterchem.ee\/fi\/#\/schema\/logo\/image\/"}}]}},"_links":{"self":[{"href":"https:\/\/masterchem.ee\/fi\/wp-json\/wp\/v2\/product\/15174","targetHints":{"allow":["GET"]}}],"collection":[{"href":"https:\/\/masterchem.ee\/fi\/wp-json\/wp\/v2\/product"}],"about":[{"href":"https:\/\/masterchem.ee\/fi\/wp-json\/wp\/v2\/types\/product"}],"wp:featuredmedia":[{"embeddable":true,"href":"https:\/\/masterchem.ee\/fi\/wp-json\/wp\/v2\/media\/15180"}],"wp:attachment":[{"href":"https:\/\/masterchem.ee\/fi\/wp-json\/wp\/v2\/media?parent=15174"}],"wp:term":[{"taxonomy":"product_brand","embeddable":true,"href":"https:\/\/masterchem.ee\/fi\/wp-json\/wp\/v2\/product_brand?post=15174"},{"taxonomy":"product_cat","embeddable":true,"href":"https:\/\/masterchem.ee\/fi\/wp-json\/wp\/v2\/product_cat?post=15174"},{"taxonomy":"product_tag","embeddable":true,"href":"https:\/\/masterchem.ee\/fi\/wp-json\/wp\/v2\/product_tag?post=15174"}],"curies":[{"name":"wp","href":"https:\/\/api.w.org\/{rel}","templated":true}]}}