{"id":15159,"date":"2021-11-08T05:41:28","date_gmt":"2021-11-08T05:41:31","guid":{"rendered":"https:\/\/masterchem.ee\/?post_type=product&#038;p=15159"},"modified":"2021-11-08T05:49:35","modified_gmt":"2021-11-08T05:49:35","slug":"kalsiumlaktaattipentahydraatti-cas-28305-25-1","status":"publish","type":"product","link":"https:\/\/masterchem.ee\/fi\/tooted-ja-teenused\/kalsiumlaktaattipentahydraatti-cas-28305-25-1\/","title":{"rendered":"Kalsiumlaktaattipentahydraatti (CAS 28305-25-1)"},"content":{"rendered":"<p> <strong> Info<\/strong> <\/p>\n<p>Toimialat: L\u00e4\u00e4keteollisuus, Elintarviketeollisuus, Rehuteollisuus<br \/>\nCAS-numero: 28305-25-1<br \/>\nWE-numero: 248-953-3<br \/>\nKemiallinen kaava: C6H10CaO6<br \/>\nMolekyylimassa: 308,32 g\/mol<br \/>\nTullitariffikoodi: 29181100<\/p>\n<p><strong>Muut fyysiset ominaisuudet<\/strong><br \/>\npH: 6,0 \u2013 8,0 (5 %)<br \/>\nSulamis-\/j\u00e4\u00e4tymispiste: >200\u00b0C<br \/>\nLiukoisuus veteen: 7,0 \u2013 9,0 g\/100 g (25\u00b0C)<\/p>\n","protected":false},"excerpt":{"rendered":"<p><strong>Kalsiumlaktaattipentahydraatti (CAS 28305-25-1)<\/strong><\/p>\n<p>Kalsiumlaktaattia tuotetaan sekoittamalla maitohappoa kalsiumkarbonaatin tai kalsiumhydroksidin kanssa. Sill\u00e4 on korkea liukoisuus ja liukenemisnopeus, korkea biologinen hy\u00f6tyosuus, hyv\u00e4 maku. Se on hyv\u00e4 kalsiumin l\u00e4hde, jota k\u00e4ytet\u00e4\u00e4n laajalti elintarvikkeissa ja juomissa, terveystuotteissa, l\u00e4\u00e4kkeiss\u00e4 ja muilla aloilla.<\/p>\n<p>&#8211; Kemiallinen nimi: Kalsiumlaktaatti <br \/>\n&#8211; Vakio: elintarvikelaatuinen FCC<br \/>\n&#8211; Ulkon\u00e4k\u00f6: kiteinen jauhe<br \/>\n&#8211; V\u00e4ri: valkoisesta kermanv\u00e4riseen<br \/>\n&#8211; Haju: l\u00e4hes hajuton<br \/>\n&#8211; Liukoisuus: Liukenee hyvin kuumaan veteen<br \/>\n&#8211; Molekyylikaava: C6H10CaO6\u00b75H2O<br \/>\n&#8211; Molekyylipaino: 308,3 g\/mol<\/p>\n","protected":false},"featured_media":15165,"template":"","meta":[],"product_brand":[],"product_cat":[180,120,290,307],"product_tag":[],"class_list":{"0":"post-15159","1":"product","2":"type-product","3":"status-publish","4":"has-post-thumbnail","6":"product_cat-uncategorized-fi-2","7":"product_cat-laaketeollisuus","8":"product_cat-rehuteollisuus","9":"product_cat-ruokateollisuus","11":"first","12":"instock","13":"taxable","14":"shipping-taxable","15":"purchasable","16":"product-type-variable","17":"has-default-attributes"},"yoast_head":"<!-- This site is optimized with the Yoast SEO plugin v26.2 - https:\/\/yoast.com\/wordpress\/plugins\/seo\/ -->\n<title>Kalsiumlaktaattipentahydraatti (CAS 28305-25-1) - Chemistry For Industry - Solvents &amp; Chemicals - Masterchem.ee<\/title>\n<meta name=\"description\" content=\"Kalsiumlaktaattia tuotetaan sekoittamalla maitohappoa kalsiumkarbonaatin tai kalsiumhydroksidin kanssa.\" \/>\n<meta name=\"robots\" content=\"index, follow, max-snippet:-1, max-image-preview:large, max-video-preview:-1\" \/>\n<link rel=\"canonical\" href=\"https:\/\/masterchem.ee\/fi\/tooted-ja-teenused\/kalsiumlaktaattipentahydraatti-cas-28305-25-1\/\" \/>\n<meta name=\"twitter:card\" content=\"summary_large_image\" \/>\n<meta name=\"twitter:title\" content=\"Kalsiumlaktaattipentahydraatti (CAS 28305-25-1) - Chemistry For Industry - Solvents &amp; Chemicals - Masterchem.ee\" \/>\n<meta name=\"twitter:description\" content=\"Kalsiumlaktaattia tuotetaan sekoittamalla maitohappoa kalsiumkarbonaatin tai kalsiumhydroksidin kanssa.\" \/>\n<meta name=\"twitter:image\" content=\"https:\/\/masterchem.ee\/wp-content\/uploads\/2021\/11\/Kaltsiumlaktaatpentahudraat-25kg-MasterChem.jpg\" \/>\n<script type=\"application\/ld+json\" class=\"yoast-schema-graph\">{\"@context\":\"https:\/\/schema.org\",\"@graph\":[{\"@type\":\"WebPage\",\"@id\":\"https:\/\/masterchem.ee\/fi\/tooted-ja-teenused\/kalsiumlaktaattipentahydraatti-cas-28305-25-1\/\",\"url\":\"https:\/\/masterchem.ee\/fi\/tooted-ja-teenused\/kalsiumlaktaattipentahydraatti-cas-28305-25-1\/\",\"name\":\"Kalsiumlaktaattipentahydraatti (CAS 28305-25-1) - Chemistry For Industry - Solvents &amp; Chemicals - Masterchem.ee\",\"isPartOf\":{\"@id\":\"https:\/\/masterchem.ee\/fi\/#website\"},\"primaryImageOfPage\":{\"@id\":\"https:\/\/masterchem.ee\/fi\/tooted-ja-teenused\/kalsiumlaktaattipentahydraatti-cas-28305-25-1\/#primaryimage\"},\"image\":{\"@id\":\"https:\/\/masterchem.ee\/fi\/tooted-ja-teenused\/kalsiumlaktaattipentahydraatti-cas-28305-25-1\/#primaryimage\"},\"thumbnailUrl\":\"https:\/\/masterchem.ee\/wp-content\/uploads\/2021\/11\/Kaltsiumlaktaatpentahudraat-25kg-MasterChem.jpg\",\"datePublished\":\"2021-11-08T05:41:31+00:00\",\"dateModified\":\"2021-11-08T05:49:35+00:00\",\"description\":\"Kalsiumlaktaattia tuotetaan sekoittamalla maitohappoa kalsiumkarbonaatin tai kalsiumhydroksidin kanssa.\",\"breadcrumb\":{\"@id\":\"https:\/\/masterchem.ee\/fi\/tooted-ja-teenused\/kalsiumlaktaattipentahydraatti-cas-28305-25-1\/#breadcrumb\"},\"inLanguage\":\"fi\",\"potentialAction\":[{\"@type\":\"ReadAction\",\"target\":[\"https:\/\/masterchem.ee\/fi\/tooted-ja-teenused\/kalsiumlaktaattipentahydraatti-cas-28305-25-1\/\"]}]},{\"@type\":\"ImageObject\",\"inLanguage\":\"fi\",\"@id\":\"https:\/\/masterchem.ee\/fi\/tooted-ja-teenused\/kalsiumlaktaattipentahydraatti-cas-28305-25-1\/#primaryimage\",\"url\":\"https:\/\/masterchem.ee\/wp-content\/uploads\/2021\/11\/Kaltsiumlaktaatpentahudraat-25kg-MasterChem.jpg\",\"contentUrl\":\"https:\/\/masterchem.ee\/wp-content\/uploads\/2021\/11\/Kaltsiumlaktaatpentahudraat-25kg-MasterChem.jpg\",\"width\":1000,\"height\":1000,\"caption\":\"Kalsiumlaktaattipentahydraatti (CAS 28305-25-1) 25kg MasterChem\"},{\"@type\":\"BreadcrumbList\",\"@id\":\"https:\/\/masterchem.ee\/fi\/tooted-ja-teenused\/kalsiumlaktaattipentahydraatti-cas-28305-25-1\/#breadcrumb\",\"itemListElement\":[{\"@type\":\"ListItem\",\"position\":1,\"name\":\"Home\",\"item\":\"https:\/\/masterchem.ee\/fi\/\"},{\"@type\":\"ListItem\",\"position\":2,\"name\":\"Tooted ja teenused\",\"item\":\"https:\/\/masterchem.ee\/tooted-ja-teenused\/\"},{\"@type\":\"ListItem\",\"position\":3,\"name\":\"Kalsiumlaktaattipentahydraatti (CAS 28305-25-1)\"}]},{\"@type\":\"WebSite\",\"@id\":\"https:\/\/masterchem.ee\/fi\/#website\",\"url\":\"https:\/\/masterchem.ee\/fi\/\",\"name\":\"Masterchem.ee\",\"description\":\"Chemistry For Industry - Solvents &amp; Chemicals\",\"publisher\":{\"@id\":\"https:\/\/masterchem.ee\/fi\/#organization\"},\"potentialAction\":[{\"@type\":\"SearchAction\",\"target\":{\"@type\":\"EntryPoint\",\"urlTemplate\":\"https:\/\/masterchem.ee\/fi\/?s={search_term_string}\"},\"query-input\":{\"@type\":\"PropertyValueSpecification\",\"valueRequired\":true,\"valueName\":\"search_term_string\"}}],\"inLanguage\":\"fi\"},{\"@type\":\"Organization\",\"@id\":\"https:\/\/masterchem.ee\/fi\/#organization\",\"name\":\"Masterchem\",\"url\":\"https:\/\/masterchem.ee\/fi\/\",\"logo\":{\"@type\":\"ImageObject\",\"inLanguage\":\"fi\",\"@id\":\"https:\/\/masterchem.ee\/fi\/#\/schema\/logo\/image\/\",\"url\":\"https:\/\/masterchem.ee\/wp-content\/uploads\/2018\/02\/master-chem_final-1.png\",\"contentUrl\":\"https:\/\/masterchem.ee\/wp-content\/uploads\/2018\/02\/master-chem_final-1.png\",\"width\":850,\"height\":356,\"caption\":\"Masterchem\"},\"image\":{\"@id\":\"https:\/\/masterchem.ee\/fi\/#\/schema\/logo\/image\/\"}}]}<\/script>\n<!-- \/ Yoast SEO plugin. -->","yoast_head_json":{"title":"Kalsiumlaktaattipentahydraatti (CAS 28305-25-1) - Chemistry For Industry - Solvents &amp; Chemicals - Masterchem.ee","description":"Kalsiumlaktaattia tuotetaan sekoittamalla maitohappoa kalsiumkarbonaatin tai kalsiumhydroksidin kanssa.","robots":{"index":"index","follow":"follow","max-snippet":"max-snippet:-1","max-image-preview":"max-image-preview:large","max-video-preview":"max-video-preview:-1"},"canonical":"https:\/\/masterchem.ee\/fi\/tooted-ja-teenused\/kalsiumlaktaattipentahydraatti-cas-28305-25-1\/","twitter_card":"summary_large_image","twitter_title":"Kalsiumlaktaattipentahydraatti (CAS 28305-25-1) - Chemistry For Industry - Solvents &amp; Chemicals - Masterchem.ee","twitter_description":"Kalsiumlaktaattia tuotetaan sekoittamalla maitohappoa kalsiumkarbonaatin tai kalsiumhydroksidin kanssa.","twitter_image":"https:\/\/masterchem.ee\/wp-content\/uploads\/2021\/11\/Kaltsiumlaktaatpentahudraat-25kg-MasterChem.jpg","schema":{"@context":"https:\/\/schema.org","@graph":[{"@type":"WebPage","@id":"https:\/\/masterchem.ee\/fi\/tooted-ja-teenused\/kalsiumlaktaattipentahydraatti-cas-28305-25-1\/","url":"https:\/\/masterchem.ee\/fi\/tooted-ja-teenused\/kalsiumlaktaattipentahydraatti-cas-28305-25-1\/","name":"Kalsiumlaktaattipentahydraatti (CAS 28305-25-1) - Chemistry For Industry - Solvents &amp; Chemicals - Masterchem.ee","isPartOf":{"@id":"https:\/\/masterchem.ee\/fi\/#website"},"primaryImageOfPage":{"@id":"https:\/\/masterchem.ee\/fi\/tooted-ja-teenused\/kalsiumlaktaattipentahydraatti-cas-28305-25-1\/#primaryimage"},"image":{"@id":"https:\/\/masterchem.ee\/fi\/tooted-ja-teenused\/kalsiumlaktaattipentahydraatti-cas-28305-25-1\/#primaryimage"},"thumbnailUrl":"https:\/\/masterchem.ee\/wp-content\/uploads\/2021\/11\/Kaltsiumlaktaatpentahudraat-25kg-MasterChem.jpg","datePublished":"2021-11-08T05:41:31+00:00","dateModified":"2021-11-08T05:49:35+00:00","description":"Kalsiumlaktaattia tuotetaan sekoittamalla maitohappoa kalsiumkarbonaatin tai kalsiumhydroksidin kanssa.","breadcrumb":{"@id":"https:\/\/masterchem.ee\/fi\/tooted-ja-teenused\/kalsiumlaktaattipentahydraatti-cas-28305-25-1\/#breadcrumb"},"inLanguage":"fi","potentialAction":[{"@type":"ReadAction","target":["https:\/\/masterchem.ee\/fi\/tooted-ja-teenused\/kalsiumlaktaattipentahydraatti-cas-28305-25-1\/"]}]},{"@type":"ImageObject","inLanguage":"fi","@id":"https:\/\/masterchem.ee\/fi\/tooted-ja-teenused\/kalsiumlaktaattipentahydraatti-cas-28305-25-1\/#primaryimage","url":"https:\/\/masterchem.ee\/wp-content\/uploads\/2021\/11\/Kaltsiumlaktaatpentahudraat-25kg-MasterChem.jpg","contentUrl":"https:\/\/masterchem.ee\/wp-content\/uploads\/2021\/11\/Kaltsiumlaktaatpentahudraat-25kg-MasterChem.jpg","width":1000,"height":1000,"caption":"Kalsiumlaktaattipentahydraatti (CAS 28305-25-1) 25kg MasterChem"},{"@type":"BreadcrumbList","@id":"https:\/\/masterchem.ee\/fi\/tooted-ja-teenused\/kalsiumlaktaattipentahydraatti-cas-28305-25-1\/#breadcrumb","itemListElement":[{"@type":"ListItem","position":1,"name":"Home","item":"https:\/\/masterchem.ee\/fi\/"},{"@type":"ListItem","position":2,"name":"Tooted ja teenused","item":"https:\/\/masterchem.ee\/tooted-ja-teenused\/"},{"@type":"ListItem","position":3,"name":"Kalsiumlaktaattipentahydraatti (CAS 28305-25-1)"}]},{"@type":"WebSite","@id":"https:\/\/masterchem.ee\/fi\/#website","url":"https:\/\/masterchem.ee\/fi\/","name":"Masterchem.ee","description":"Chemistry For Industry - Solvents &amp; Chemicals","publisher":{"@id":"https:\/\/masterchem.ee\/fi\/#organization"},"potentialAction":[{"@type":"SearchAction","target":{"@type":"EntryPoint","urlTemplate":"https:\/\/masterchem.ee\/fi\/?s={search_term_string}"},"query-input":{"@type":"PropertyValueSpecification","valueRequired":true,"valueName":"search_term_string"}}],"inLanguage":"fi"},{"@type":"Organization","@id":"https:\/\/masterchem.ee\/fi\/#organization","name":"Masterchem","url":"https:\/\/masterchem.ee\/fi\/","logo":{"@type":"ImageObject","inLanguage":"fi","@id":"https:\/\/masterchem.ee\/fi\/#\/schema\/logo\/image\/","url":"https:\/\/masterchem.ee\/wp-content\/uploads\/2018\/02\/master-chem_final-1.png","contentUrl":"https:\/\/masterchem.ee\/wp-content\/uploads\/2018\/02\/master-chem_final-1.png","width":850,"height":356,"caption":"Masterchem"},"image":{"@id":"https:\/\/masterchem.ee\/fi\/#\/schema\/logo\/image\/"}}]}},"_links":{"self":[{"href":"https:\/\/masterchem.ee\/fi\/wp-json\/wp\/v2\/product\/15159","targetHints":{"allow":["GET"]}}],"collection":[{"href":"https:\/\/masterchem.ee\/fi\/wp-json\/wp\/v2\/product"}],"about":[{"href":"https:\/\/masterchem.ee\/fi\/wp-json\/wp\/v2\/types\/product"}],"wp:featuredmedia":[{"embeddable":true,"href":"https:\/\/masterchem.ee\/fi\/wp-json\/wp\/v2\/media\/15165"}],"wp:attachment":[{"href":"https:\/\/masterchem.ee\/fi\/wp-json\/wp\/v2\/media?parent=15159"}],"wp:term":[{"taxonomy":"product_brand","embeddable":true,"href":"https:\/\/masterchem.ee\/fi\/wp-json\/wp\/v2\/product_brand?post=15159"},{"taxonomy":"product_cat","embeddable":true,"href":"https:\/\/masterchem.ee\/fi\/wp-json\/wp\/v2\/product_cat?post=15159"},{"taxonomy":"product_tag","embeddable":true,"href":"https:\/\/masterchem.ee\/fi\/wp-json\/wp\/v2\/product_tag?post=15159"}],"curies":[{"name":"wp","href":"https:\/\/api.w.org\/{rel}","templated":true}]}}