{"id":15143,"date":"2021-11-08T05:05:55","date_gmt":"2021-11-08T05:05:58","guid":{"rendered":"https:\/\/masterchem.ee\/?post_type=product&#038;p=15143"},"modified":"2021-11-08T05:12:30","modified_gmt":"2021-11-08T05:12:30","slug":"kalsiumformiaatti-cas-544-17-2","status":"publish","type":"product","link":"https:\/\/masterchem.ee\/fi\/tooted-ja-teenused\/kalsiumformiaatti-cas-544-17-2\/","title":{"rendered":"Kalsiumformiaatti (CAS 544-17-2)"},"content":{"rendered":"<p> <strong> Info<\/strong> <\/p>\n<p>Toimialat: elintarviketeollisuus, rehuteollisuus<br \/>\nCAS-numero: 544-17-2<br \/>\nWE-numero: 208-863-7<br \/>\nKemiallinen kaava: Ca(HCOO)2<br \/>\nMolekyylimassa: 130,11 g\/mol<br \/>\nTullitariffikoodi: 29151200<\/p>\n<p><strong>Muut fyysiset ominaisuudet<\/strong><br \/>\npH: 8 (1 g\/l H2O)<br \/>\nSuhteellinen tiheys: 2 015 g\/cm3<br \/>\nLiukoisuus veteen: 172 g\/l (20\u00b0C)<\/p>\n","protected":false},"excerpt":{"rendered":"<p><strong>Kalsiumformiaatti (CAS 544-17-2)<\/strong><\/p>\n<p>Kalsiumformiaatti on muurahaishapon kalsiumsuola. Se tunnetaan my\u00f6s nimell\u00e4 E238. T\u00e4ll\u00e4 E-numerolla sit\u00e4 k\u00e4ytet\u00e4\u00e4n rehujen s\u00e4il\u00f6nt\u00e4aineena EU:ssa, mutta ei ihmisille tarkoitetuissa elintarvikkeissa. Kalsiumformiaatti on stabiili huoneenl\u00e4mm\u00f6ss\u00e4, on syttyv\u00e4\u00e4 ja muodostaa ortorombisia kiteit\u00e4. Mineraalimuoto on hyvin harvinainen, ja sit\u00e4 kutsutaan formicaiitiksi, ja se tunnetaan muutamista booriesiintymist\u00e4.<\/p>\n<p>Kalsiumformiaattia k\u00e4ytet\u00e4\u00e4n EU:ssa el\u00e4inten rehun s\u00e4il\u00f6nt\u00e4aineena. Se happamoi rehua, mik\u00e4 est\u00e4\u00e4 mikrobien kasvua ja pident\u00e4\u00e4 s\u00e4ilyvyytt\u00e4. Noin 15 g kalsiumformiaattilis\u00e4yst\u00e4 rehukiloa kohden alentaa sen pH:ta yhdell\u00e4. 15 g\/kg on suurin suositeltu rehupitoisuus EU:ssa \u2013 t\u00e4m\u00e4n tason uskotaan olevan turvallinen sioilla, kanoilla, kaloilla ja m\u00e4rehtij\u00f6ill\u00e4. Yhdiste ei ole ymp\u00e4rist\u00f6lle haitallinen rehuk\u00e4yt\u00f6ss\u00e4 n\u00e4ill\u00e4 tasoilla. Kalsiumformiaatti est\u00e4\u00e4 kasvubakteerien, kuten E. colin, Pseudomonas aeruginosan, Staphylococcus aureuksen ja Enterococcus hiraen, kasvua kasvualustassa. Se est\u00e4\u00e4 my\u00f6s sienten, kuten Aspergillus nigerin ja Candida albicansin, kasvua. N\u00e4iden kokeellisten havaintojen merkityst\u00e4 rehun s\u00e4il\u00f6misen kannalta ei kuitenkaan tunneta.<\/p>\n","protected":false},"featured_media":15149,"template":"","meta":[],"product_brand":[],"product_cat":[180,290,307],"product_tag":[],"class_list":{"0":"post-15143","1":"product","2":"type-product","3":"status-publish","4":"has-post-thumbnail","6":"product_cat-uncategorized-fi-2","7":"product_cat-rehuteollisuus","8":"product_cat-ruokateollisuus","10":"first","11":"instock","12":"taxable","13":"shipping-taxable","14":"purchasable","15":"product-type-variable","16":"has-default-attributes"},"yoast_head":"<!-- This site is optimized with the Yoast SEO plugin v26.2 - https:\/\/yoast.com\/wordpress\/plugins\/seo\/ -->\n<title>Kalsiumformiaatti (CAS 544-17-2) - Chemistry For Industry - Solvents &amp; Chemicals - Masterchem.ee<\/title>\n<meta name=\"description\" content=\"Kalsiumformiaatti on muurahaishapon kalsiumsuola. Se tunnetaan my\u00f6s nimell\u00e4 E238. T\u00e4ll\u00e4 E-numerolla sit\u00e4 k\u00e4ytet\u00e4\u00e4n rehujen s\u00e4il\u00f6nt\u00e4aineena EU:ssa, mutta ei ihmisille tarkoitetuissa elintarvikkeissa.\" \/>\n<meta name=\"robots\" content=\"index, follow, max-snippet:-1, max-image-preview:large, max-video-preview:-1\" \/>\n<link rel=\"canonical\" href=\"https:\/\/masterchem.ee\/fi\/tooted-ja-teenused\/kalsiumformiaatti-cas-544-17-2\/\" \/>\n<meta name=\"twitter:card\" content=\"summary_large_image\" \/>\n<meta name=\"twitter:title\" content=\"Kalsiumformiaatti (CAS 544-17-2) - Chemistry For Industry - Solvents &amp; Chemicals - Masterchem.ee\" \/>\n<meta name=\"twitter:description\" content=\"Kalsiumformiaatti on muurahaishapon kalsiumsuola. Se tunnetaan my\u00f6s nimell\u00e4 E238. T\u00e4ll\u00e4 E-numerolla sit\u00e4 k\u00e4ytet\u00e4\u00e4n rehujen s\u00e4il\u00f6nt\u00e4aineena EU:ssa, mutta ei ihmisille tarkoitetuissa elintarvikkeissa.\" \/>\n<meta name=\"twitter:image\" content=\"https:\/\/masterchem.ee\/wp-content\/uploads\/2021\/11\/Kaltsiumformiaat-25kg-MasterChem.jpg\" \/>\n<script type=\"application\/ld+json\" class=\"yoast-schema-graph\">{\"@context\":\"https:\/\/schema.org\",\"@graph\":[{\"@type\":\"WebPage\",\"@id\":\"https:\/\/masterchem.ee\/fi\/tooted-ja-teenused\/kalsiumformiaatti-cas-544-17-2\/\",\"url\":\"https:\/\/masterchem.ee\/fi\/tooted-ja-teenused\/kalsiumformiaatti-cas-544-17-2\/\",\"name\":\"Kalsiumformiaatti (CAS 544-17-2) - Chemistry For Industry - Solvents &amp; Chemicals - Masterchem.ee\",\"isPartOf\":{\"@id\":\"https:\/\/masterchem.ee\/fi\/#website\"},\"primaryImageOfPage\":{\"@id\":\"https:\/\/masterchem.ee\/fi\/tooted-ja-teenused\/kalsiumformiaatti-cas-544-17-2\/#primaryimage\"},\"image\":{\"@id\":\"https:\/\/masterchem.ee\/fi\/tooted-ja-teenused\/kalsiumformiaatti-cas-544-17-2\/#primaryimage\"},\"thumbnailUrl\":\"https:\/\/masterchem.ee\/wp-content\/uploads\/2021\/11\/Kaltsiumformiaat-25kg-MasterChem.jpg\",\"datePublished\":\"2021-11-08T05:05:58+00:00\",\"dateModified\":\"2021-11-08T05:12:30+00:00\",\"description\":\"Kalsiumformiaatti on muurahaishapon kalsiumsuola. Se tunnetaan my\u00f6s nimell\u00e4 E238. T\u00e4ll\u00e4 E-numerolla sit\u00e4 k\u00e4ytet\u00e4\u00e4n rehujen s\u00e4il\u00f6nt\u00e4aineena EU:ssa, mutta ei ihmisille tarkoitetuissa elintarvikkeissa.\",\"breadcrumb\":{\"@id\":\"https:\/\/masterchem.ee\/fi\/tooted-ja-teenused\/kalsiumformiaatti-cas-544-17-2\/#breadcrumb\"},\"inLanguage\":\"fi\",\"potentialAction\":[{\"@type\":\"ReadAction\",\"target\":[\"https:\/\/masterchem.ee\/fi\/tooted-ja-teenused\/kalsiumformiaatti-cas-544-17-2\/\"]}]},{\"@type\":\"ImageObject\",\"inLanguage\":\"fi\",\"@id\":\"https:\/\/masterchem.ee\/fi\/tooted-ja-teenused\/kalsiumformiaatti-cas-544-17-2\/#primaryimage\",\"url\":\"https:\/\/masterchem.ee\/wp-content\/uploads\/2021\/11\/Kaltsiumformiaat-25kg-MasterChem.jpg\",\"contentUrl\":\"https:\/\/masterchem.ee\/wp-content\/uploads\/2021\/11\/Kaltsiumformiaat-25kg-MasterChem.jpg\",\"width\":1000,\"height\":1000,\"caption\":\"Kalsiumformiaatti (CAS 544-17-2) 25kg MasterChem\"},{\"@type\":\"BreadcrumbList\",\"@id\":\"https:\/\/masterchem.ee\/fi\/tooted-ja-teenused\/kalsiumformiaatti-cas-544-17-2\/#breadcrumb\",\"itemListElement\":[{\"@type\":\"ListItem\",\"position\":1,\"name\":\"Home\",\"item\":\"https:\/\/masterchem.ee\/fi\/\"},{\"@type\":\"ListItem\",\"position\":2,\"name\":\"Tooted ja teenused\",\"item\":\"https:\/\/masterchem.ee\/tooted-ja-teenused\/\"},{\"@type\":\"ListItem\",\"position\":3,\"name\":\"Kalsiumformiaatti (CAS 544-17-2)\"}]},{\"@type\":\"WebSite\",\"@id\":\"https:\/\/masterchem.ee\/fi\/#website\",\"url\":\"https:\/\/masterchem.ee\/fi\/\",\"name\":\"Masterchem.ee\",\"description\":\"Chemistry For Industry - Solvents &amp; Chemicals\",\"publisher\":{\"@id\":\"https:\/\/masterchem.ee\/fi\/#organization\"},\"potentialAction\":[{\"@type\":\"SearchAction\",\"target\":{\"@type\":\"EntryPoint\",\"urlTemplate\":\"https:\/\/masterchem.ee\/fi\/?s={search_term_string}\"},\"query-input\":{\"@type\":\"PropertyValueSpecification\",\"valueRequired\":true,\"valueName\":\"search_term_string\"}}],\"inLanguage\":\"fi\"},{\"@type\":\"Organization\",\"@id\":\"https:\/\/masterchem.ee\/fi\/#organization\",\"name\":\"Masterchem\",\"url\":\"https:\/\/masterchem.ee\/fi\/\",\"logo\":{\"@type\":\"ImageObject\",\"inLanguage\":\"fi\",\"@id\":\"https:\/\/masterchem.ee\/fi\/#\/schema\/logo\/image\/\",\"url\":\"https:\/\/masterchem.ee\/wp-content\/uploads\/2018\/02\/master-chem_final-1.png\",\"contentUrl\":\"https:\/\/masterchem.ee\/wp-content\/uploads\/2018\/02\/master-chem_final-1.png\",\"width\":850,\"height\":356,\"caption\":\"Masterchem\"},\"image\":{\"@id\":\"https:\/\/masterchem.ee\/fi\/#\/schema\/logo\/image\/\"}}]}<\/script>\n<!-- \/ Yoast SEO plugin. -->","yoast_head_json":{"title":"Kalsiumformiaatti (CAS 544-17-2) - Chemistry For Industry - Solvents &amp; Chemicals - Masterchem.ee","description":"Kalsiumformiaatti on muurahaishapon kalsiumsuola. Se tunnetaan my\u00f6s nimell\u00e4 E238. T\u00e4ll\u00e4 E-numerolla sit\u00e4 k\u00e4ytet\u00e4\u00e4n rehujen s\u00e4il\u00f6nt\u00e4aineena EU:ssa, mutta ei ihmisille tarkoitetuissa elintarvikkeissa.","robots":{"index":"index","follow":"follow","max-snippet":"max-snippet:-1","max-image-preview":"max-image-preview:large","max-video-preview":"max-video-preview:-1"},"canonical":"https:\/\/masterchem.ee\/fi\/tooted-ja-teenused\/kalsiumformiaatti-cas-544-17-2\/","twitter_card":"summary_large_image","twitter_title":"Kalsiumformiaatti (CAS 544-17-2) - Chemistry For Industry - Solvents &amp; Chemicals - Masterchem.ee","twitter_description":"Kalsiumformiaatti on muurahaishapon kalsiumsuola. Se tunnetaan my\u00f6s nimell\u00e4 E238. T\u00e4ll\u00e4 E-numerolla sit\u00e4 k\u00e4ytet\u00e4\u00e4n rehujen s\u00e4il\u00f6nt\u00e4aineena EU:ssa, mutta ei ihmisille tarkoitetuissa elintarvikkeissa.","twitter_image":"https:\/\/masterchem.ee\/wp-content\/uploads\/2021\/11\/Kaltsiumformiaat-25kg-MasterChem.jpg","schema":{"@context":"https:\/\/schema.org","@graph":[{"@type":"WebPage","@id":"https:\/\/masterchem.ee\/fi\/tooted-ja-teenused\/kalsiumformiaatti-cas-544-17-2\/","url":"https:\/\/masterchem.ee\/fi\/tooted-ja-teenused\/kalsiumformiaatti-cas-544-17-2\/","name":"Kalsiumformiaatti (CAS 544-17-2) - Chemistry For Industry - Solvents &amp; Chemicals - Masterchem.ee","isPartOf":{"@id":"https:\/\/masterchem.ee\/fi\/#website"},"primaryImageOfPage":{"@id":"https:\/\/masterchem.ee\/fi\/tooted-ja-teenused\/kalsiumformiaatti-cas-544-17-2\/#primaryimage"},"image":{"@id":"https:\/\/masterchem.ee\/fi\/tooted-ja-teenused\/kalsiumformiaatti-cas-544-17-2\/#primaryimage"},"thumbnailUrl":"https:\/\/masterchem.ee\/wp-content\/uploads\/2021\/11\/Kaltsiumformiaat-25kg-MasterChem.jpg","datePublished":"2021-11-08T05:05:58+00:00","dateModified":"2021-11-08T05:12:30+00:00","description":"Kalsiumformiaatti on muurahaishapon kalsiumsuola. Se tunnetaan my\u00f6s nimell\u00e4 E238. T\u00e4ll\u00e4 E-numerolla sit\u00e4 k\u00e4ytet\u00e4\u00e4n rehujen s\u00e4il\u00f6nt\u00e4aineena EU:ssa, mutta ei ihmisille tarkoitetuissa elintarvikkeissa.","breadcrumb":{"@id":"https:\/\/masterchem.ee\/fi\/tooted-ja-teenused\/kalsiumformiaatti-cas-544-17-2\/#breadcrumb"},"inLanguage":"fi","potentialAction":[{"@type":"ReadAction","target":["https:\/\/masterchem.ee\/fi\/tooted-ja-teenused\/kalsiumformiaatti-cas-544-17-2\/"]}]},{"@type":"ImageObject","inLanguage":"fi","@id":"https:\/\/masterchem.ee\/fi\/tooted-ja-teenused\/kalsiumformiaatti-cas-544-17-2\/#primaryimage","url":"https:\/\/masterchem.ee\/wp-content\/uploads\/2021\/11\/Kaltsiumformiaat-25kg-MasterChem.jpg","contentUrl":"https:\/\/masterchem.ee\/wp-content\/uploads\/2021\/11\/Kaltsiumformiaat-25kg-MasterChem.jpg","width":1000,"height":1000,"caption":"Kalsiumformiaatti (CAS 544-17-2) 25kg MasterChem"},{"@type":"BreadcrumbList","@id":"https:\/\/masterchem.ee\/fi\/tooted-ja-teenused\/kalsiumformiaatti-cas-544-17-2\/#breadcrumb","itemListElement":[{"@type":"ListItem","position":1,"name":"Home","item":"https:\/\/masterchem.ee\/fi\/"},{"@type":"ListItem","position":2,"name":"Tooted ja teenused","item":"https:\/\/masterchem.ee\/tooted-ja-teenused\/"},{"@type":"ListItem","position":3,"name":"Kalsiumformiaatti (CAS 544-17-2)"}]},{"@type":"WebSite","@id":"https:\/\/masterchem.ee\/fi\/#website","url":"https:\/\/masterchem.ee\/fi\/","name":"Masterchem.ee","description":"Chemistry For Industry - Solvents &amp; Chemicals","publisher":{"@id":"https:\/\/masterchem.ee\/fi\/#organization"},"potentialAction":[{"@type":"SearchAction","target":{"@type":"EntryPoint","urlTemplate":"https:\/\/masterchem.ee\/fi\/?s={search_term_string}"},"query-input":{"@type":"PropertyValueSpecification","valueRequired":true,"valueName":"search_term_string"}}],"inLanguage":"fi"},{"@type":"Organization","@id":"https:\/\/masterchem.ee\/fi\/#organization","name":"Masterchem","url":"https:\/\/masterchem.ee\/fi\/","logo":{"@type":"ImageObject","inLanguage":"fi","@id":"https:\/\/masterchem.ee\/fi\/#\/schema\/logo\/image\/","url":"https:\/\/masterchem.ee\/wp-content\/uploads\/2018\/02\/master-chem_final-1.png","contentUrl":"https:\/\/masterchem.ee\/wp-content\/uploads\/2018\/02\/master-chem_final-1.png","width":850,"height":356,"caption":"Masterchem"},"image":{"@id":"https:\/\/masterchem.ee\/fi\/#\/schema\/logo\/image\/"}}]}},"_links":{"self":[{"href":"https:\/\/masterchem.ee\/fi\/wp-json\/wp\/v2\/product\/15143","targetHints":{"allow":["GET"]}}],"collection":[{"href":"https:\/\/masterchem.ee\/fi\/wp-json\/wp\/v2\/product"}],"about":[{"href":"https:\/\/masterchem.ee\/fi\/wp-json\/wp\/v2\/types\/product"}],"wp:featuredmedia":[{"embeddable":true,"href":"https:\/\/masterchem.ee\/fi\/wp-json\/wp\/v2\/media\/15149"}],"wp:attachment":[{"href":"https:\/\/masterchem.ee\/fi\/wp-json\/wp\/v2\/media?parent=15143"}],"wp:term":[{"taxonomy":"product_brand","embeddable":true,"href":"https:\/\/masterchem.ee\/fi\/wp-json\/wp\/v2\/product_brand?post=15143"},{"taxonomy":"product_cat","embeddable":true,"href":"https:\/\/masterchem.ee\/fi\/wp-json\/wp\/v2\/product_cat?post=15143"},{"taxonomy":"product_tag","embeddable":true,"href":"https:\/\/masterchem.ee\/fi\/wp-json\/wp\/v2\/product_tag?post=15143"}],"curies":[{"name":"wp","href":"https:\/\/api.w.org\/{rel}","templated":true}]}}