{"id":15110,"date":"2021-11-05T10:54:55","date_gmt":"2021-11-05T10:54:58","guid":{"rendered":"https:\/\/masterchem.ee\/?post_type=product&#038;p=15110"},"modified":"2021-11-05T11:02:03","modified_gmt":"2021-11-05T11:02:03","slug":"askorbyylipalmitaatti-cas-137-66-6","status":"publish","type":"product","link":"https:\/\/masterchem.ee\/fi\/tooted-ja-teenused\/askorbyylipalmitaatti-cas-137-66-6\/","title":{"rendered":"Askorbyylipalmitaatti (CAS 137-66-6)"},"content":{"rendered":"<p> <strong> Info<\/strong> <\/p>\n<p>Toimialat: Kosmetiikkateollisuus, Rehuteollisuus<br \/>\nCAS-numero: 137-66-6<br \/>\nWE-numero: 205-305-4<br \/>\nKemiallinen kaava: C22H38O7<br \/>\nMolekyylimassa: 414,53 g\/mol<br \/>\nTullitariffikoodi: 29362700<\/p>\n<p><strong>Muut fyysiset ominaisuudet<\/strong><br \/>\nSulamis-\/j\u00e4\u00e4tymispiste: 116\u00b0C<\/p>\n","protected":false},"excerpt":{"rendered":"<p><strong>Askorbyylipalmitaatti (CAS 137-66-6)<\/strong><\/p>\n<p>Askorbyylipalmitaatti on askorbiinihaposta ja palmitiinihaposta muodostuva esteri, joka muodostaa C-vitamiinin rasvaliukoisen muodon. C-vitamiinin l\u00e4hteen lis\u00e4ksi sit\u00e4 k\u00e4ytet\u00e4\u00e4n my\u00f6s antioksidanttina elintarvikelis\u00e4aineena (E-numero E304). ). Se on hyv\u00e4ksytty k\u00e4ytett\u00e4v\u00e4ksi elintarvikelis\u00e4aineena EU:ssa, Yhdysvalloissa, Kanadassa, Australiassa ja Uudessa-Seelannissa.<\/p>\n<p>Askorbyylipalmitaattia markkinoidaan my\u00f6s nimell\u00e4 &#8221;C-vitamiiniesteri&#8221;. Se syntetisoidaan asyloimalla C-vitamiinia k\u00e4ytt\u00e4m\u00e4ll\u00e4 erilaisia asyyliluovuttajia.<\/p>\n","protected":false},"featured_media":15116,"template":"","meta":[],"product_brand":[],"product_cat":[180,294,290],"product_tag":[],"class_list":{"0":"post-15110","1":"product","2":"type-product","3":"status-publish","4":"has-post-thumbnail","6":"product_cat-uncategorized-fi-2","7":"product_cat-kosmetiikkateollisuus","8":"product_cat-rehuteollisuus","10":"first","11":"instock","12":"taxable","13":"shipping-taxable","14":"purchasable","15":"product-type-variable"},"yoast_head":"<!-- This site is optimized with the Yoast SEO plugin v26.2 - https:\/\/yoast.com\/wordpress\/plugins\/seo\/ -->\n<title>Askorbyylipalmitaatti (CAS 137-66-6) - Chemistry For Industry - Solvents &amp; Chemicals - Masterchem.ee<\/title>\n<meta name=\"description\" content=\"Askorbyylipalmitaatti on askorbiinihaposta ja palmitiinihaposta muodostuva esteri, joka muodostaa C-vitamiinin rasvaliukoisen muodon.\" \/>\n<meta name=\"robots\" content=\"index, follow, max-snippet:-1, max-image-preview:large, max-video-preview:-1\" \/>\n<link rel=\"canonical\" href=\"https:\/\/masterchem.ee\/fi\/tooted-ja-teenused\/askorbyylipalmitaatti-cas-137-66-6\/\" \/>\n<meta name=\"twitter:card\" content=\"summary_large_image\" \/>\n<meta name=\"twitter:title\" content=\"Askorbyylipalmitaatti (CAS 137-66-6) - Chemistry For Industry - Solvents &amp; Chemicals - Masterchem.ee\" \/>\n<meta name=\"twitter:description\" content=\"Askorbyylipalmitaatti on askorbiinihaposta ja palmitiinihaposta muodostuva esteri, joka muodostaa C-vitamiinin rasvaliukoisen muodon.\" \/>\n<meta name=\"twitter:image\" content=\"https:\/\/masterchem.ee\/wp-content\/uploads\/2021\/11\/Askorbuulpalmitaat-25kg-MasterChem.jpg\" \/>\n<script type=\"application\/ld+json\" class=\"yoast-schema-graph\">{\"@context\":\"https:\/\/schema.org\",\"@graph\":[{\"@type\":\"WebPage\",\"@id\":\"https:\/\/masterchem.ee\/fi\/tooted-ja-teenused\/askorbyylipalmitaatti-cas-137-66-6\/\",\"url\":\"https:\/\/masterchem.ee\/fi\/tooted-ja-teenused\/askorbyylipalmitaatti-cas-137-66-6\/\",\"name\":\"Askorbyylipalmitaatti (CAS 137-66-6) - Chemistry For Industry - Solvents &amp; Chemicals - Masterchem.ee\",\"isPartOf\":{\"@id\":\"https:\/\/masterchem.ee\/fi\/#website\"},\"primaryImageOfPage\":{\"@id\":\"https:\/\/masterchem.ee\/fi\/tooted-ja-teenused\/askorbyylipalmitaatti-cas-137-66-6\/#primaryimage\"},\"image\":{\"@id\":\"https:\/\/masterchem.ee\/fi\/tooted-ja-teenused\/askorbyylipalmitaatti-cas-137-66-6\/#primaryimage\"},\"thumbnailUrl\":\"https:\/\/masterchem.ee\/wp-content\/uploads\/2021\/11\/Askorbuulpalmitaat-25kg-MasterChem.jpg\",\"datePublished\":\"2021-11-05T10:54:58+00:00\",\"dateModified\":\"2021-11-05T11:02:03+00:00\",\"description\":\"Askorbyylipalmitaatti on askorbiinihaposta ja palmitiinihaposta muodostuva esteri, joka muodostaa C-vitamiinin rasvaliukoisen muodon.\",\"breadcrumb\":{\"@id\":\"https:\/\/masterchem.ee\/fi\/tooted-ja-teenused\/askorbyylipalmitaatti-cas-137-66-6\/#breadcrumb\"},\"inLanguage\":\"fi\",\"potentialAction\":[{\"@type\":\"ReadAction\",\"target\":[\"https:\/\/masterchem.ee\/fi\/tooted-ja-teenused\/askorbyylipalmitaatti-cas-137-66-6\/\"]}]},{\"@type\":\"ImageObject\",\"inLanguage\":\"fi\",\"@id\":\"https:\/\/masterchem.ee\/fi\/tooted-ja-teenused\/askorbyylipalmitaatti-cas-137-66-6\/#primaryimage\",\"url\":\"https:\/\/masterchem.ee\/wp-content\/uploads\/2021\/11\/Askorbuulpalmitaat-25kg-MasterChem.jpg\",\"contentUrl\":\"https:\/\/masterchem.ee\/wp-content\/uploads\/2021\/11\/Askorbuulpalmitaat-25kg-MasterChem.jpg\",\"width\":1000,\"height\":1000,\"caption\":\"Askorbyylipalmitaatti (CAS 137-66-6) 25kg MasterChem\"},{\"@type\":\"BreadcrumbList\",\"@id\":\"https:\/\/masterchem.ee\/fi\/tooted-ja-teenused\/askorbyylipalmitaatti-cas-137-66-6\/#breadcrumb\",\"itemListElement\":[{\"@type\":\"ListItem\",\"position\":1,\"name\":\"Home\",\"item\":\"https:\/\/masterchem.ee\/fi\/\"},{\"@type\":\"ListItem\",\"position\":2,\"name\":\"Tooted ja teenused\",\"item\":\"https:\/\/masterchem.ee\/tooted-ja-teenused\/\"},{\"@type\":\"ListItem\",\"position\":3,\"name\":\"Askorbyylipalmitaatti (CAS 137-66-6)\"}]},{\"@type\":\"WebSite\",\"@id\":\"https:\/\/masterchem.ee\/fi\/#website\",\"url\":\"https:\/\/masterchem.ee\/fi\/\",\"name\":\"Masterchem.ee\",\"description\":\"Chemistry For Industry - Solvents &amp; Chemicals\",\"publisher\":{\"@id\":\"https:\/\/masterchem.ee\/fi\/#organization\"},\"potentialAction\":[{\"@type\":\"SearchAction\",\"target\":{\"@type\":\"EntryPoint\",\"urlTemplate\":\"https:\/\/masterchem.ee\/fi\/?s={search_term_string}\"},\"query-input\":{\"@type\":\"PropertyValueSpecification\",\"valueRequired\":true,\"valueName\":\"search_term_string\"}}],\"inLanguage\":\"fi\"},{\"@type\":\"Organization\",\"@id\":\"https:\/\/masterchem.ee\/fi\/#organization\",\"name\":\"Masterchem\",\"url\":\"https:\/\/masterchem.ee\/fi\/\",\"logo\":{\"@type\":\"ImageObject\",\"inLanguage\":\"fi\",\"@id\":\"https:\/\/masterchem.ee\/fi\/#\/schema\/logo\/image\/\",\"url\":\"https:\/\/masterchem.ee\/wp-content\/uploads\/2018\/02\/master-chem_final-1.png\",\"contentUrl\":\"https:\/\/masterchem.ee\/wp-content\/uploads\/2018\/02\/master-chem_final-1.png\",\"width\":850,\"height\":356,\"caption\":\"Masterchem\"},\"image\":{\"@id\":\"https:\/\/masterchem.ee\/fi\/#\/schema\/logo\/image\/\"}}]}<\/script>\n<!-- \/ Yoast SEO plugin. -->","yoast_head_json":{"title":"Askorbyylipalmitaatti (CAS 137-66-6) - Chemistry For Industry - Solvents &amp; Chemicals - Masterchem.ee","description":"Askorbyylipalmitaatti on askorbiinihaposta ja palmitiinihaposta muodostuva esteri, joka muodostaa C-vitamiinin rasvaliukoisen muodon.","robots":{"index":"index","follow":"follow","max-snippet":"max-snippet:-1","max-image-preview":"max-image-preview:large","max-video-preview":"max-video-preview:-1"},"canonical":"https:\/\/masterchem.ee\/fi\/tooted-ja-teenused\/askorbyylipalmitaatti-cas-137-66-6\/","twitter_card":"summary_large_image","twitter_title":"Askorbyylipalmitaatti (CAS 137-66-6) - Chemistry For Industry - Solvents &amp; Chemicals - Masterchem.ee","twitter_description":"Askorbyylipalmitaatti on askorbiinihaposta ja palmitiinihaposta muodostuva esteri, joka muodostaa C-vitamiinin rasvaliukoisen muodon.","twitter_image":"https:\/\/masterchem.ee\/wp-content\/uploads\/2021\/11\/Askorbuulpalmitaat-25kg-MasterChem.jpg","schema":{"@context":"https:\/\/schema.org","@graph":[{"@type":"WebPage","@id":"https:\/\/masterchem.ee\/fi\/tooted-ja-teenused\/askorbyylipalmitaatti-cas-137-66-6\/","url":"https:\/\/masterchem.ee\/fi\/tooted-ja-teenused\/askorbyylipalmitaatti-cas-137-66-6\/","name":"Askorbyylipalmitaatti (CAS 137-66-6) - Chemistry For Industry - Solvents &amp; Chemicals - Masterchem.ee","isPartOf":{"@id":"https:\/\/masterchem.ee\/fi\/#website"},"primaryImageOfPage":{"@id":"https:\/\/masterchem.ee\/fi\/tooted-ja-teenused\/askorbyylipalmitaatti-cas-137-66-6\/#primaryimage"},"image":{"@id":"https:\/\/masterchem.ee\/fi\/tooted-ja-teenused\/askorbyylipalmitaatti-cas-137-66-6\/#primaryimage"},"thumbnailUrl":"https:\/\/masterchem.ee\/wp-content\/uploads\/2021\/11\/Askorbuulpalmitaat-25kg-MasterChem.jpg","datePublished":"2021-11-05T10:54:58+00:00","dateModified":"2021-11-05T11:02:03+00:00","description":"Askorbyylipalmitaatti on askorbiinihaposta ja palmitiinihaposta muodostuva esteri, joka muodostaa C-vitamiinin rasvaliukoisen muodon.","breadcrumb":{"@id":"https:\/\/masterchem.ee\/fi\/tooted-ja-teenused\/askorbyylipalmitaatti-cas-137-66-6\/#breadcrumb"},"inLanguage":"fi","potentialAction":[{"@type":"ReadAction","target":["https:\/\/masterchem.ee\/fi\/tooted-ja-teenused\/askorbyylipalmitaatti-cas-137-66-6\/"]}]},{"@type":"ImageObject","inLanguage":"fi","@id":"https:\/\/masterchem.ee\/fi\/tooted-ja-teenused\/askorbyylipalmitaatti-cas-137-66-6\/#primaryimage","url":"https:\/\/masterchem.ee\/wp-content\/uploads\/2021\/11\/Askorbuulpalmitaat-25kg-MasterChem.jpg","contentUrl":"https:\/\/masterchem.ee\/wp-content\/uploads\/2021\/11\/Askorbuulpalmitaat-25kg-MasterChem.jpg","width":1000,"height":1000,"caption":"Askorbyylipalmitaatti (CAS 137-66-6) 25kg MasterChem"},{"@type":"BreadcrumbList","@id":"https:\/\/masterchem.ee\/fi\/tooted-ja-teenused\/askorbyylipalmitaatti-cas-137-66-6\/#breadcrumb","itemListElement":[{"@type":"ListItem","position":1,"name":"Home","item":"https:\/\/masterchem.ee\/fi\/"},{"@type":"ListItem","position":2,"name":"Tooted ja teenused","item":"https:\/\/masterchem.ee\/tooted-ja-teenused\/"},{"@type":"ListItem","position":3,"name":"Askorbyylipalmitaatti (CAS 137-66-6)"}]},{"@type":"WebSite","@id":"https:\/\/masterchem.ee\/fi\/#website","url":"https:\/\/masterchem.ee\/fi\/","name":"Masterchem.ee","description":"Chemistry For Industry - Solvents &amp; Chemicals","publisher":{"@id":"https:\/\/masterchem.ee\/fi\/#organization"},"potentialAction":[{"@type":"SearchAction","target":{"@type":"EntryPoint","urlTemplate":"https:\/\/masterchem.ee\/fi\/?s={search_term_string}"},"query-input":{"@type":"PropertyValueSpecification","valueRequired":true,"valueName":"search_term_string"}}],"inLanguage":"fi"},{"@type":"Organization","@id":"https:\/\/masterchem.ee\/fi\/#organization","name":"Masterchem","url":"https:\/\/masterchem.ee\/fi\/","logo":{"@type":"ImageObject","inLanguage":"fi","@id":"https:\/\/masterchem.ee\/fi\/#\/schema\/logo\/image\/","url":"https:\/\/masterchem.ee\/wp-content\/uploads\/2018\/02\/master-chem_final-1.png","contentUrl":"https:\/\/masterchem.ee\/wp-content\/uploads\/2018\/02\/master-chem_final-1.png","width":850,"height":356,"caption":"Masterchem"},"image":{"@id":"https:\/\/masterchem.ee\/fi\/#\/schema\/logo\/image\/"}}]}},"_links":{"self":[{"href":"https:\/\/masterchem.ee\/fi\/wp-json\/wp\/v2\/product\/15110","targetHints":{"allow":["GET"]}}],"collection":[{"href":"https:\/\/masterchem.ee\/fi\/wp-json\/wp\/v2\/product"}],"about":[{"href":"https:\/\/masterchem.ee\/fi\/wp-json\/wp\/v2\/types\/product"}],"wp:featuredmedia":[{"embeddable":true,"href":"https:\/\/masterchem.ee\/fi\/wp-json\/wp\/v2\/media\/15116"}],"wp:attachment":[{"href":"https:\/\/masterchem.ee\/fi\/wp-json\/wp\/v2\/media?parent=15110"}],"wp:term":[{"taxonomy":"product_brand","embeddable":true,"href":"https:\/\/masterchem.ee\/fi\/wp-json\/wp\/v2\/product_brand?post=15110"},{"taxonomy":"product_cat","embeddable":true,"href":"https:\/\/masterchem.ee\/fi\/wp-json\/wp\/v2\/product_cat?post=15110"},{"taxonomy":"product_tag","embeddable":true,"href":"https:\/\/masterchem.ee\/fi\/wp-json\/wp\/v2\/product_tag?post=15110"}],"curies":[{"name":"wp","href":"https:\/\/api.w.org\/{rel}","templated":true}]}}