{"id":15073,"date":"2021-11-03T18:33:18","date_gmt":"2021-11-03T18:33:21","guid":{"rendered":"https:\/\/masterchem.ee\/?post_type=product&#038;p=15073"},"modified":"2021-11-03T18:38:14","modified_gmt":"2021-11-03T18:38:14","slug":"natriumpropionaatti-cas-137-40-6","status":"publish","type":"product","link":"https:\/\/masterchem.ee\/fi\/tooted-ja-teenused\/natriumpropionaatti-cas-137-40-6\/","title":{"rendered":"Natriumpropionaatti (CAS 137-40-6)"},"content":{"rendered":"<p> <strong> Info<\/strong> <\/p>\n<p>Toimialat: Rehuteollisuus<br \/>\nCAS-numero: 137-40-6<br \/>\nWE-numero: 205-290-4<br \/>\nKemiallinen kaava: C3H5O2Na<br \/>\nMolekyylimassa: 96,07 g\/mol<\/p>\n<p><strong>Muut fyysiset ominaisuudet<\/strong><br \/>\npH: 7,5-10,5 (100 g\/l w 20\u00b0C )<br \/>\nSulamis-\/j\u00e4\u00e4tymispiste: 285-290\u00b0C<\/p>\n","protected":false},"excerpt":{"rendered":"<p><strong>Natriumpropionaatti (CAS 137-40-6)<\/strong><\/p>\n<p>Natriumpropanoaatti tai natriumpropionaatti on propionihapon natriumsuola, jonka kemiallinen kaava on Na(C2H5COO). T\u00e4m\u00e4 valkoinen kiteinen kiinte\u00e4 aine hajoaa kosteassa ilmassa.<\/p>\n<p>Sit\u00e4 k\u00e4ytet\u00e4\u00e4n elintarvikkeiden s\u00e4il\u00f6nt\u00e4aineena, ja sit\u00e4 edustaa Euroopassa elintarvikemerkint\u00e4 E-numero E281. sit\u00e4 k\u00e4ytet\u00e4\u00e4n p\u00e4\u00e4asiassa homeen est\u00e4j\u00e4n\u00e4 leipomotuotteissa. Se on hyv\u00e4ksytty k\u00e4ytett\u00e4v\u00e4ksi elintarvikelis\u00e4aineena EU:ssa, Yhdysvalloissa ja Australiassa ja Uudessa-Seelannissa (jossa se on listattu sen INS-numerolla 281).<\/p>\n","protected":false},"featured_media":15079,"template":"","meta":[],"product_brand":[],"product_cat":[180,290],"product_tag":[],"class_list":{"0":"post-15073","1":"product","2":"type-product","3":"status-publish","4":"has-post-thumbnail","6":"product_cat-uncategorized-fi-2","7":"product_cat-rehuteollisuus","9":"first","10":"instock","11":"taxable","12":"shipping-taxable","13":"purchasable","14":"product-type-variable","15":"has-default-attributes"},"yoast_head":"<!-- This site is optimized with the Yoast SEO plugin v26.2 - https:\/\/yoast.com\/wordpress\/plugins\/seo\/ -->\n<title>Natriumpropionaatti (CAS 137-40-6) - Chemistry For Industry - Solvents &amp; Chemicals - Masterchem.ee<\/title>\n<meta name=\"description\" content=\"Natriumpropanoaatti tai natriumpropionaatti on propionihapon natriumsuola, jonka kemiallinen kaava on Na(C2H5COO).\" \/>\n<meta name=\"robots\" content=\"index, follow, max-snippet:-1, max-image-preview:large, max-video-preview:-1\" \/>\n<link rel=\"canonical\" href=\"https:\/\/masterchem.ee\/fi\/tooted-ja-teenused\/natriumpropionaatti-cas-137-40-6\/\" \/>\n<meta name=\"twitter:card\" content=\"summary_large_image\" \/>\n<meta name=\"twitter:title\" content=\"Natriumpropionaatti (CAS 137-40-6) - Chemistry For Industry - Solvents &amp; Chemicals - Masterchem.ee\" \/>\n<meta name=\"twitter:description\" content=\"Natriumpropanoaatti tai natriumpropionaatti on propionihapon natriumsuola, jonka kemiallinen kaava on Na(C2H5COO).\" \/>\n<meta name=\"twitter:image\" content=\"https:\/\/masterchem.ee\/wp-content\/uploads\/2021\/11\/Naatriumpropionaat-25kg-MasterChem.jpg\" \/>\n<script type=\"application\/ld+json\" class=\"yoast-schema-graph\">{\"@context\":\"https:\/\/schema.org\",\"@graph\":[{\"@type\":\"WebPage\",\"@id\":\"https:\/\/masterchem.ee\/fi\/tooted-ja-teenused\/natriumpropionaatti-cas-137-40-6\/\",\"url\":\"https:\/\/masterchem.ee\/fi\/tooted-ja-teenused\/natriumpropionaatti-cas-137-40-6\/\",\"name\":\"Natriumpropionaatti (CAS 137-40-6) - Chemistry For Industry - Solvents &amp; Chemicals - Masterchem.ee\",\"isPartOf\":{\"@id\":\"https:\/\/masterchem.ee\/fi\/#website\"},\"primaryImageOfPage\":{\"@id\":\"https:\/\/masterchem.ee\/fi\/tooted-ja-teenused\/natriumpropionaatti-cas-137-40-6\/#primaryimage\"},\"image\":{\"@id\":\"https:\/\/masterchem.ee\/fi\/tooted-ja-teenused\/natriumpropionaatti-cas-137-40-6\/#primaryimage\"},\"thumbnailUrl\":\"https:\/\/masterchem.ee\/wp-content\/uploads\/2021\/11\/Naatriumpropionaat-25kg-MasterChem.jpg\",\"datePublished\":\"2021-11-03T18:33:21+00:00\",\"dateModified\":\"2021-11-03T18:38:14+00:00\",\"description\":\"Natriumpropanoaatti tai natriumpropionaatti on propionihapon natriumsuola, jonka kemiallinen kaava on Na(C2H5COO).\",\"breadcrumb\":{\"@id\":\"https:\/\/masterchem.ee\/fi\/tooted-ja-teenused\/natriumpropionaatti-cas-137-40-6\/#breadcrumb\"},\"inLanguage\":\"fi\",\"potentialAction\":[{\"@type\":\"ReadAction\",\"target\":[\"https:\/\/masterchem.ee\/fi\/tooted-ja-teenused\/natriumpropionaatti-cas-137-40-6\/\"]}]},{\"@type\":\"ImageObject\",\"inLanguage\":\"fi\",\"@id\":\"https:\/\/masterchem.ee\/fi\/tooted-ja-teenused\/natriumpropionaatti-cas-137-40-6\/#primaryimage\",\"url\":\"https:\/\/masterchem.ee\/wp-content\/uploads\/2021\/11\/Naatriumpropionaat-25kg-MasterChem.jpg\",\"contentUrl\":\"https:\/\/masterchem.ee\/wp-content\/uploads\/2021\/11\/Naatriumpropionaat-25kg-MasterChem.jpg\",\"width\":1000,\"height\":1000,\"caption\":\"Natriumpropionaatti (CAS 137-40-6) 25kg MasterChem\"},{\"@type\":\"BreadcrumbList\",\"@id\":\"https:\/\/masterchem.ee\/fi\/tooted-ja-teenused\/natriumpropionaatti-cas-137-40-6\/#breadcrumb\",\"itemListElement\":[{\"@type\":\"ListItem\",\"position\":1,\"name\":\"Home\",\"item\":\"https:\/\/masterchem.ee\/fi\/\"},{\"@type\":\"ListItem\",\"position\":2,\"name\":\"Tooted ja teenused\",\"item\":\"https:\/\/masterchem.ee\/tooted-ja-teenused\/\"},{\"@type\":\"ListItem\",\"position\":3,\"name\":\"Natriumpropionaatti (CAS 137-40-6)\"}]},{\"@type\":\"WebSite\",\"@id\":\"https:\/\/masterchem.ee\/fi\/#website\",\"url\":\"https:\/\/masterchem.ee\/fi\/\",\"name\":\"Masterchem.ee\",\"description\":\"Chemistry For Industry - Solvents &amp; Chemicals\",\"publisher\":{\"@id\":\"https:\/\/masterchem.ee\/fi\/#organization\"},\"potentialAction\":[{\"@type\":\"SearchAction\",\"target\":{\"@type\":\"EntryPoint\",\"urlTemplate\":\"https:\/\/masterchem.ee\/fi\/?s={search_term_string}\"},\"query-input\":{\"@type\":\"PropertyValueSpecification\",\"valueRequired\":true,\"valueName\":\"search_term_string\"}}],\"inLanguage\":\"fi\"},{\"@type\":\"Organization\",\"@id\":\"https:\/\/masterchem.ee\/fi\/#organization\",\"name\":\"Masterchem\",\"url\":\"https:\/\/masterchem.ee\/fi\/\",\"logo\":{\"@type\":\"ImageObject\",\"inLanguage\":\"fi\",\"@id\":\"https:\/\/masterchem.ee\/fi\/#\/schema\/logo\/image\/\",\"url\":\"https:\/\/masterchem.ee\/wp-content\/uploads\/2018\/02\/master-chem_final-1.png\",\"contentUrl\":\"https:\/\/masterchem.ee\/wp-content\/uploads\/2018\/02\/master-chem_final-1.png\",\"width\":850,\"height\":356,\"caption\":\"Masterchem\"},\"image\":{\"@id\":\"https:\/\/masterchem.ee\/fi\/#\/schema\/logo\/image\/\"}}]}<\/script>\n<!-- \/ Yoast SEO plugin. -->","yoast_head_json":{"title":"Natriumpropionaatti (CAS 137-40-6) - Chemistry For Industry - Solvents &amp; Chemicals - Masterchem.ee","description":"Natriumpropanoaatti tai natriumpropionaatti on propionihapon natriumsuola, jonka kemiallinen kaava on Na(C2H5COO).","robots":{"index":"index","follow":"follow","max-snippet":"max-snippet:-1","max-image-preview":"max-image-preview:large","max-video-preview":"max-video-preview:-1"},"canonical":"https:\/\/masterchem.ee\/fi\/tooted-ja-teenused\/natriumpropionaatti-cas-137-40-6\/","twitter_card":"summary_large_image","twitter_title":"Natriumpropionaatti (CAS 137-40-6) - Chemistry For Industry - Solvents &amp; Chemicals - Masterchem.ee","twitter_description":"Natriumpropanoaatti tai natriumpropionaatti on propionihapon natriumsuola, jonka kemiallinen kaava on Na(C2H5COO).","twitter_image":"https:\/\/masterchem.ee\/wp-content\/uploads\/2021\/11\/Naatriumpropionaat-25kg-MasterChem.jpg","schema":{"@context":"https:\/\/schema.org","@graph":[{"@type":"WebPage","@id":"https:\/\/masterchem.ee\/fi\/tooted-ja-teenused\/natriumpropionaatti-cas-137-40-6\/","url":"https:\/\/masterchem.ee\/fi\/tooted-ja-teenused\/natriumpropionaatti-cas-137-40-6\/","name":"Natriumpropionaatti (CAS 137-40-6) - Chemistry For Industry - Solvents &amp; Chemicals - Masterchem.ee","isPartOf":{"@id":"https:\/\/masterchem.ee\/fi\/#website"},"primaryImageOfPage":{"@id":"https:\/\/masterchem.ee\/fi\/tooted-ja-teenused\/natriumpropionaatti-cas-137-40-6\/#primaryimage"},"image":{"@id":"https:\/\/masterchem.ee\/fi\/tooted-ja-teenused\/natriumpropionaatti-cas-137-40-6\/#primaryimage"},"thumbnailUrl":"https:\/\/masterchem.ee\/wp-content\/uploads\/2021\/11\/Naatriumpropionaat-25kg-MasterChem.jpg","datePublished":"2021-11-03T18:33:21+00:00","dateModified":"2021-11-03T18:38:14+00:00","description":"Natriumpropanoaatti tai natriumpropionaatti on propionihapon natriumsuola, jonka kemiallinen kaava on Na(C2H5COO).","breadcrumb":{"@id":"https:\/\/masterchem.ee\/fi\/tooted-ja-teenused\/natriumpropionaatti-cas-137-40-6\/#breadcrumb"},"inLanguage":"fi","potentialAction":[{"@type":"ReadAction","target":["https:\/\/masterchem.ee\/fi\/tooted-ja-teenused\/natriumpropionaatti-cas-137-40-6\/"]}]},{"@type":"ImageObject","inLanguage":"fi","@id":"https:\/\/masterchem.ee\/fi\/tooted-ja-teenused\/natriumpropionaatti-cas-137-40-6\/#primaryimage","url":"https:\/\/masterchem.ee\/wp-content\/uploads\/2021\/11\/Naatriumpropionaat-25kg-MasterChem.jpg","contentUrl":"https:\/\/masterchem.ee\/wp-content\/uploads\/2021\/11\/Naatriumpropionaat-25kg-MasterChem.jpg","width":1000,"height":1000,"caption":"Natriumpropionaatti (CAS 137-40-6) 25kg MasterChem"},{"@type":"BreadcrumbList","@id":"https:\/\/masterchem.ee\/fi\/tooted-ja-teenused\/natriumpropionaatti-cas-137-40-6\/#breadcrumb","itemListElement":[{"@type":"ListItem","position":1,"name":"Home","item":"https:\/\/masterchem.ee\/fi\/"},{"@type":"ListItem","position":2,"name":"Tooted ja teenused","item":"https:\/\/masterchem.ee\/tooted-ja-teenused\/"},{"@type":"ListItem","position":3,"name":"Natriumpropionaatti (CAS 137-40-6)"}]},{"@type":"WebSite","@id":"https:\/\/masterchem.ee\/fi\/#website","url":"https:\/\/masterchem.ee\/fi\/","name":"Masterchem.ee","description":"Chemistry For Industry - Solvents &amp; Chemicals","publisher":{"@id":"https:\/\/masterchem.ee\/fi\/#organization"},"potentialAction":[{"@type":"SearchAction","target":{"@type":"EntryPoint","urlTemplate":"https:\/\/masterchem.ee\/fi\/?s={search_term_string}"},"query-input":{"@type":"PropertyValueSpecification","valueRequired":true,"valueName":"search_term_string"}}],"inLanguage":"fi"},{"@type":"Organization","@id":"https:\/\/masterchem.ee\/fi\/#organization","name":"Masterchem","url":"https:\/\/masterchem.ee\/fi\/","logo":{"@type":"ImageObject","inLanguage":"fi","@id":"https:\/\/masterchem.ee\/fi\/#\/schema\/logo\/image\/","url":"https:\/\/masterchem.ee\/wp-content\/uploads\/2018\/02\/master-chem_final-1.png","contentUrl":"https:\/\/masterchem.ee\/wp-content\/uploads\/2018\/02\/master-chem_final-1.png","width":850,"height":356,"caption":"Masterchem"},"image":{"@id":"https:\/\/masterchem.ee\/fi\/#\/schema\/logo\/image\/"}}]}},"_links":{"self":[{"href":"https:\/\/masterchem.ee\/fi\/wp-json\/wp\/v2\/product\/15073","targetHints":{"allow":["GET"]}}],"collection":[{"href":"https:\/\/masterchem.ee\/fi\/wp-json\/wp\/v2\/product"}],"about":[{"href":"https:\/\/masterchem.ee\/fi\/wp-json\/wp\/v2\/types\/product"}],"wp:featuredmedia":[{"embeddable":true,"href":"https:\/\/masterchem.ee\/fi\/wp-json\/wp\/v2\/media\/15079"}],"wp:attachment":[{"href":"https:\/\/masterchem.ee\/fi\/wp-json\/wp\/v2\/media?parent=15073"}],"wp:term":[{"taxonomy":"product_brand","embeddable":true,"href":"https:\/\/masterchem.ee\/fi\/wp-json\/wp\/v2\/product_brand?post=15073"},{"taxonomy":"product_cat","embeddable":true,"href":"https:\/\/masterchem.ee\/fi\/wp-json\/wp\/v2\/product_cat?post=15073"},{"taxonomy":"product_tag","embeddable":true,"href":"https:\/\/masterchem.ee\/fi\/wp-json\/wp\/v2\/product_tag?post=15073"}],"curies":[{"name":"wp","href":"https:\/\/api.w.org\/{rel}","templated":true}]}}