{"id":15058,"date":"2021-11-03T16:11:35","date_gmt":"2021-11-03T16:11:38","guid":{"rendered":"https:\/\/masterchem.ee\/?post_type=product&#038;p=15058"},"modified":"2021-11-03T16:16:46","modified_gmt":"2021-11-03T16:16:46","slug":"kalsiumpropionaatti-cas-4075-81-4","status":"publish","type":"product","link":"https:\/\/masterchem.ee\/fi\/tooted-ja-teenused\/kalsiumpropionaatti-cas-4075-81-4\/","title":{"rendered":"Kalsiumpropionaatti (CAS 4075-81-4)"},"content":{"rendered":"<p> <strong> Info<\/strong> <\/p>\n<p>Toimialat: Rehuteollisuus<br \/>\nCAS-numero: 4075-81-4<br \/>\nWE-numero: 223-795-8<br \/>\nKemiallinen kaava: (C3H5O2)2Ca<br \/>\nMolekyylimassa: 186,22 g\/mol<br \/>\nTullitariffikoodi: 29155000<\/p>\n<p><strong>Muut fyysiset ominaisuudet<\/strong><br \/>\npH: 8-9,5 (10 % r-r)<br \/>\nSuhteellinen tiheys: 0,995 g\/cm3 (20\u00b0C )<br \/>\nLiukoisuus veteen: 428 g\/l<\/p>\n","protected":false},"excerpt":{"rendered":"<p><strong>Kalsiumpropionaatti (CAS 4075-81-4)<\/strong><\/p>\n<p>Elintarvikelis\u00e4aineena se on Codex Alimentariuksessa E-numerolla 282. Kalsiumpropionaattia k\u00e4ytet\u00e4\u00e4n s\u00e4il\u00f6nt\u00e4aineena useissa eri tuotteissa, mukaan lukien: leip\u00e4, muut leivonnaiset, jalostettu liha, hera ja muut maitotuotteet. Maataloudessa sit\u00e4 k\u00e4ytet\u00e4\u00e4n muun muassa lehmien maitokuumeen ehk\u00e4isyyn ja rehun lis\u00e4n\u00e4. Propionaatit est\u00e4v\u00e4t mikrobeja tuottamasta tarvitsemaansa energiaa, kuten bentsoaatit tekev\u00e4t. Toisin kuin bentsoaatit, propionaatit eiv\u00e4t kuitenkaan vaadi hapanta ymp\u00e4rist\u00f6\u00e4.<\/p>\n","protected":false},"featured_media":15064,"template":"","meta":[],"product_brand":[],"product_cat":[180,290],"product_tag":[],"class_list":{"0":"post-15058","1":"product","2":"type-product","3":"status-publish","4":"has-post-thumbnail","6":"product_cat-uncategorized-fi-2","7":"product_cat-rehuteollisuus","9":"first","10":"instock","11":"taxable","12":"shipping-taxable","13":"purchasable","14":"product-type-variable","15":"has-default-attributes"},"yoast_head":"<!-- This site is optimized with the Yoast SEO plugin v26.2 - https:\/\/yoast.com\/wordpress\/plugins\/seo\/ -->\n<title>Kalsiumpropionaatti (CAS 4075-81-4) - Chemistry For Industry - Solvents &amp; Chemicals - Masterchem.ee<\/title>\n<meta name=\"description\" content=\"Elintarvikelis\u00e4aineena se on Codex Alimentariuksessa E-numerolla 282.\" \/>\n<meta name=\"robots\" content=\"index, follow, max-snippet:-1, max-image-preview:large, max-video-preview:-1\" \/>\n<link rel=\"canonical\" href=\"https:\/\/masterchem.ee\/fi\/tooted-ja-teenused\/kalsiumpropionaatti-cas-4075-81-4\/\" \/>\n<meta name=\"twitter:card\" content=\"summary_large_image\" \/>\n<meta name=\"twitter:title\" content=\"Kalsiumpropionaatti (CAS 4075-81-4) - Chemistry For Industry - Solvents &amp; Chemicals - Masterchem.ee\" \/>\n<meta name=\"twitter:description\" content=\"Elintarvikelis\u00e4aineena se on Codex Alimentariuksessa E-numerolla 282.\" \/>\n<meta name=\"twitter:image\" content=\"https:\/\/masterchem.ee\/wp-content\/uploads\/2021\/11\/Kaltsiumpropionaat-25kg-MasterChem.jpg\" \/>\n<script type=\"application\/ld+json\" class=\"yoast-schema-graph\">{\"@context\":\"https:\/\/schema.org\",\"@graph\":[{\"@type\":\"WebPage\",\"@id\":\"https:\/\/masterchem.ee\/fi\/tooted-ja-teenused\/kalsiumpropionaatti-cas-4075-81-4\/\",\"url\":\"https:\/\/masterchem.ee\/fi\/tooted-ja-teenused\/kalsiumpropionaatti-cas-4075-81-4\/\",\"name\":\"Kalsiumpropionaatti (CAS 4075-81-4) - Chemistry For Industry - Solvents &amp; Chemicals - Masterchem.ee\",\"isPartOf\":{\"@id\":\"https:\/\/masterchem.ee\/fi\/#website\"},\"primaryImageOfPage\":{\"@id\":\"https:\/\/masterchem.ee\/fi\/tooted-ja-teenused\/kalsiumpropionaatti-cas-4075-81-4\/#primaryimage\"},\"image\":{\"@id\":\"https:\/\/masterchem.ee\/fi\/tooted-ja-teenused\/kalsiumpropionaatti-cas-4075-81-4\/#primaryimage\"},\"thumbnailUrl\":\"https:\/\/masterchem.ee\/wp-content\/uploads\/2021\/11\/Kaltsiumpropionaat-25kg-MasterChem.jpg\",\"datePublished\":\"2021-11-03T16:11:38+00:00\",\"dateModified\":\"2021-11-03T16:16:46+00:00\",\"description\":\"Elintarvikelis\u00e4aineena se on Codex Alimentariuksessa E-numerolla 282.\",\"breadcrumb\":{\"@id\":\"https:\/\/masterchem.ee\/fi\/tooted-ja-teenused\/kalsiumpropionaatti-cas-4075-81-4\/#breadcrumb\"},\"inLanguage\":\"fi\",\"potentialAction\":[{\"@type\":\"ReadAction\",\"target\":[\"https:\/\/masterchem.ee\/fi\/tooted-ja-teenused\/kalsiumpropionaatti-cas-4075-81-4\/\"]}]},{\"@type\":\"ImageObject\",\"inLanguage\":\"fi\",\"@id\":\"https:\/\/masterchem.ee\/fi\/tooted-ja-teenused\/kalsiumpropionaatti-cas-4075-81-4\/#primaryimage\",\"url\":\"https:\/\/masterchem.ee\/wp-content\/uploads\/2021\/11\/Kaltsiumpropionaat-25kg-MasterChem.jpg\",\"contentUrl\":\"https:\/\/masterchem.ee\/wp-content\/uploads\/2021\/11\/Kaltsiumpropionaat-25kg-MasterChem.jpg\",\"width\":1000,\"height\":1000,\"caption\":\"Kalsiumpropionaatti (CAS 4075-81-4) 25kg MasterChem\"},{\"@type\":\"BreadcrumbList\",\"@id\":\"https:\/\/masterchem.ee\/fi\/tooted-ja-teenused\/kalsiumpropionaatti-cas-4075-81-4\/#breadcrumb\",\"itemListElement\":[{\"@type\":\"ListItem\",\"position\":1,\"name\":\"Home\",\"item\":\"https:\/\/masterchem.ee\/fi\/\"},{\"@type\":\"ListItem\",\"position\":2,\"name\":\"Tooted ja teenused\",\"item\":\"https:\/\/masterchem.ee\/tooted-ja-teenused\/\"},{\"@type\":\"ListItem\",\"position\":3,\"name\":\"Kalsiumpropionaatti (CAS 4075-81-4)\"}]},{\"@type\":\"WebSite\",\"@id\":\"https:\/\/masterchem.ee\/fi\/#website\",\"url\":\"https:\/\/masterchem.ee\/fi\/\",\"name\":\"Masterchem.ee\",\"description\":\"Chemistry For Industry - Solvents &amp; Chemicals\",\"publisher\":{\"@id\":\"https:\/\/masterchem.ee\/fi\/#organization\"},\"potentialAction\":[{\"@type\":\"SearchAction\",\"target\":{\"@type\":\"EntryPoint\",\"urlTemplate\":\"https:\/\/masterchem.ee\/fi\/?s={search_term_string}\"},\"query-input\":{\"@type\":\"PropertyValueSpecification\",\"valueRequired\":true,\"valueName\":\"search_term_string\"}}],\"inLanguage\":\"fi\"},{\"@type\":\"Organization\",\"@id\":\"https:\/\/masterchem.ee\/fi\/#organization\",\"name\":\"Masterchem\",\"url\":\"https:\/\/masterchem.ee\/fi\/\",\"logo\":{\"@type\":\"ImageObject\",\"inLanguage\":\"fi\",\"@id\":\"https:\/\/masterchem.ee\/fi\/#\/schema\/logo\/image\/\",\"url\":\"https:\/\/masterchem.ee\/wp-content\/uploads\/2018\/02\/master-chem_final-1.png\",\"contentUrl\":\"https:\/\/masterchem.ee\/wp-content\/uploads\/2018\/02\/master-chem_final-1.png\",\"width\":850,\"height\":356,\"caption\":\"Masterchem\"},\"image\":{\"@id\":\"https:\/\/masterchem.ee\/fi\/#\/schema\/logo\/image\/\"}}]}<\/script>\n<!-- \/ Yoast SEO plugin. -->","yoast_head_json":{"title":"Kalsiumpropionaatti (CAS 4075-81-4) - Chemistry For Industry - Solvents &amp; Chemicals - Masterchem.ee","description":"Elintarvikelis\u00e4aineena se on Codex Alimentariuksessa E-numerolla 282.","robots":{"index":"index","follow":"follow","max-snippet":"max-snippet:-1","max-image-preview":"max-image-preview:large","max-video-preview":"max-video-preview:-1"},"canonical":"https:\/\/masterchem.ee\/fi\/tooted-ja-teenused\/kalsiumpropionaatti-cas-4075-81-4\/","twitter_card":"summary_large_image","twitter_title":"Kalsiumpropionaatti (CAS 4075-81-4) - Chemistry For Industry - Solvents &amp; Chemicals - Masterchem.ee","twitter_description":"Elintarvikelis\u00e4aineena se on Codex Alimentariuksessa E-numerolla 282.","twitter_image":"https:\/\/masterchem.ee\/wp-content\/uploads\/2021\/11\/Kaltsiumpropionaat-25kg-MasterChem.jpg","schema":{"@context":"https:\/\/schema.org","@graph":[{"@type":"WebPage","@id":"https:\/\/masterchem.ee\/fi\/tooted-ja-teenused\/kalsiumpropionaatti-cas-4075-81-4\/","url":"https:\/\/masterchem.ee\/fi\/tooted-ja-teenused\/kalsiumpropionaatti-cas-4075-81-4\/","name":"Kalsiumpropionaatti (CAS 4075-81-4) - Chemistry For Industry - Solvents &amp; Chemicals - Masterchem.ee","isPartOf":{"@id":"https:\/\/masterchem.ee\/fi\/#website"},"primaryImageOfPage":{"@id":"https:\/\/masterchem.ee\/fi\/tooted-ja-teenused\/kalsiumpropionaatti-cas-4075-81-4\/#primaryimage"},"image":{"@id":"https:\/\/masterchem.ee\/fi\/tooted-ja-teenused\/kalsiumpropionaatti-cas-4075-81-4\/#primaryimage"},"thumbnailUrl":"https:\/\/masterchem.ee\/wp-content\/uploads\/2021\/11\/Kaltsiumpropionaat-25kg-MasterChem.jpg","datePublished":"2021-11-03T16:11:38+00:00","dateModified":"2021-11-03T16:16:46+00:00","description":"Elintarvikelis\u00e4aineena se on Codex Alimentariuksessa E-numerolla 282.","breadcrumb":{"@id":"https:\/\/masterchem.ee\/fi\/tooted-ja-teenused\/kalsiumpropionaatti-cas-4075-81-4\/#breadcrumb"},"inLanguage":"fi","potentialAction":[{"@type":"ReadAction","target":["https:\/\/masterchem.ee\/fi\/tooted-ja-teenused\/kalsiumpropionaatti-cas-4075-81-4\/"]}]},{"@type":"ImageObject","inLanguage":"fi","@id":"https:\/\/masterchem.ee\/fi\/tooted-ja-teenused\/kalsiumpropionaatti-cas-4075-81-4\/#primaryimage","url":"https:\/\/masterchem.ee\/wp-content\/uploads\/2021\/11\/Kaltsiumpropionaat-25kg-MasterChem.jpg","contentUrl":"https:\/\/masterchem.ee\/wp-content\/uploads\/2021\/11\/Kaltsiumpropionaat-25kg-MasterChem.jpg","width":1000,"height":1000,"caption":"Kalsiumpropionaatti (CAS 4075-81-4) 25kg MasterChem"},{"@type":"BreadcrumbList","@id":"https:\/\/masterchem.ee\/fi\/tooted-ja-teenused\/kalsiumpropionaatti-cas-4075-81-4\/#breadcrumb","itemListElement":[{"@type":"ListItem","position":1,"name":"Home","item":"https:\/\/masterchem.ee\/fi\/"},{"@type":"ListItem","position":2,"name":"Tooted ja teenused","item":"https:\/\/masterchem.ee\/tooted-ja-teenused\/"},{"@type":"ListItem","position":3,"name":"Kalsiumpropionaatti (CAS 4075-81-4)"}]},{"@type":"WebSite","@id":"https:\/\/masterchem.ee\/fi\/#website","url":"https:\/\/masterchem.ee\/fi\/","name":"Masterchem.ee","description":"Chemistry For Industry - Solvents &amp; Chemicals","publisher":{"@id":"https:\/\/masterchem.ee\/fi\/#organization"},"potentialAction":[{"@type":"SearchAction","target":{"@type":"EntryPoint","urlTemplate":"https:\/\/masterchem.ee\/fi\/?s={search_term_string}"},"query-input":{"@type":"PropertyValueSpecification","valueRequired":true,"valueName":"search_term_string"}}],"inLanguage":"fi"},{"@type":"Organization","@id":"https:\/\/masterchem.ee\/fi\/#organization","name":"Masterchem","url":"https:\/\/masterchem.ee\/fi\/","logo":{"@type":"ImageObject","inLanguage":"fi","@id":"https:\/\/masterchem.ee\/fi\/#\/schema\/logo\/image\/","url":"https:\/\/masterchem.ee\/wp-content\/uploads\/2018\/02\/master-chem_final-1.png","contentUrl":"https:\/\/masterchem.ee\/wp-content\/uploads\/2018\/02\/master-chem_final-1.png","width":850,"height":356,"caption":"Masterchem"},"image":{"@id":"https:\/\/masterchem.ee\/fi\/#\/schema\/logo\/image\/"}}]}},"_links":{"self":[{"href":"https:\/\/masterchem.ee\/fi\/wp-json\/wp\/v2\/product\/15058","targetHints":{"allow":["GET"]}}],"collection":[{"href":"https:\/\/masterchem.ee\/fi\/wp-json\/wp\/v2\/product"}],"about":[{"href":"https:\/\/masterchem.ee\/fi\/wp-json\/wp\/v2\/types\/product"}],"wp:featuredmedia":[{"embeddable":true,"href":"https:\/\/masterchem.ee\/fi\/wp-json\/wp\/v2\/media\/15064"}],"wp:attachment":[{"href":"https:\/\/masterchem.ee\/fi\/wp-json\/wp\/v2\/media?parent=15058"}],"wp:term":[{"taxonomy":"product_brand","embeddable":true,"href":"https:\/\/masterchem.ee\/fi\/wp-json\/wp\/v2\/product_brand?post=15058"},{"taxonomy":"product_cat","embeddable":true,"href":"https:\/\/masterchem.ee\/fi\/wp-json\/wp\/v2\/product_cat?post=15058"},{"taxonomy":"product_tag","embeddable":true,"href":"https:\/\/masterchem.ee\/fi\/wp-json\/wp\/v2\/product_tag?post=15058"}],"curies":[{"name":"wp","href":"https:\/\/api.w.org\/{rel}","templated":true}]}}