{"id":15027,"date":"2021-11-03T14:53:08","date_gmt":"2021-11-03T14:53:11","guid":{"rendered":"https:\/\/masterchem.ee\/?post_type=product&#038;p=15027"},"modified":"2021-11-03T15:19:14","modified_gmt":"2021-11-03T15:19:14","slug":"sinkkisulfaattimonohydraatti-cas-7446-19-7","status":"publish","type":"product","link":"https:\/\/masterchem.ee\/fi\/tooted-ja-teenused\/sinkkisulfaattimonohydraatti-cas-7446-19-7\/","title":{"rendered":"Sinkkisulfaattimonohydraatti (CAS 7446-19-7)"},"content":{"rendered":"<p> <strong> Info<\/strong> <\/p>\n<p><strong>Tiedot<\/strong><\/p>\n<p>Toimialat: lannoitteet, l\u00e4\u00e4keteollisuus, rehuteollisuus, rakennuskemia<br \/>\nCAS-numero: 7446-19-7<br \/>\nWE-numero: 231-793-3<br \/>\nKemiallinen kaava: ZnSO4\u00b7H2O<br \/>\nMoolimassa: 179 g\/mol<br \/>\nTullitariffikoodi: 28332920<br \/>\nADR: UN3077<\/p>\n<p><strong>Muut fyysiset ominaisuudet<\/strong><br \/>\npH: 4,0 \u2013 5,2 (50 g\/l, 20\u00b0C)<br \/>\nSuhteellinen tiheys: 3,2 g\/cm3 (20\u00b0C)<br \/>\nLiukoisuus veteen: 350 g\/l (20\u00b0C)<\/p>\n","protected":false},"excerpt":{"rendered":"<p><strong>Sinkkisulfaattimonohydraatti (CAS 7446-19-7)<\/strong><\/p>\n<p>Sinkkisulfaatti eli rikkihapon sinkkisuola on v\u00e4rit\u00f6n ja veteen liukeneva kemiallinen yhdiste, jonka kaava on ZnSO4. Sit\u00e4 k\u00e4ytet\u00e4\u00e4n elektrolyyttin\u00e4 sinkkip\u00e4\u00e4llyst\u00e4misess\u00e4, nahkan s\u00e4il\u00f6nt\u00e4aineena, lannoitteissa ja muissa maataloustuotteissa. L\u00e4\u00e4ketieteess\u00e4 sit\u00e4 k\u00e4ytet\u00e4\u00e4n adstringenttina eli se kuivaa ihoa. Se on myrkyllist\u00e4 vesieli\u00f6ille.<\/p>\n","protected":false},"featured_media":15033,"template":"","meta":[],"product_brand":[],"product_cat":[180,120,323,114,290],"product_tag":[],"class_list":{"0":"post-15027","1":"product","2":"type-product","3":"status-publish","4":"has-post-thumbnail","6":"product_cat-uncategorized-fi-2","7":"product_cat-laaketeollisuus","8":"product_cat-lannoitteet","9":"product_cat-rakennusteollisuus","10":"product_cat-rehuteollisuus","12":"first","13":"instock","14":"taxable","15":"shipping-taxable","16":"purchasable","17":"product-type-variable","18":"has-default-attributes"},"yoast_head":"<!-- This site is optimized with the Yoast SEO plugin v26.2 - https:\/\/yoast.com\/wordpress\/plugins\/seo\/ -->\n<title>Sinkkisulfaattimonohydraatti (CAS 7446-19-7) - Chemistry For Industry - Solvents &amp; Chemicals - Masterchem.ee<\/title>\n<meta name=\"description\" content=\"Sinkkisulfaatti eli rikkihapon sinkkisuola on v\u00e4rit\u00f6n ja veteen liukeneva kemiallinen yhdiste, jonka kaava on ZnSO4.\" \/>\n<meta name=\"robots\" content=\"index, follow, max-snippet:-1, max-image-preview:large, max-video-preview:-1\" \/>\n<link rel=\"canonical\" href=\"https:\/\/masterchem.ee\/fi\/tooted-ja-teenused\/sinkkisulfaattimonohydraatti-cas-7446-19-7\/\" \/>\n<meta name=\"twitter:card\" content=\"summary_large_image\" \/>\n<meta name=\"twitter:title\" content=\"Sinkkisulfaattimonohydraatti (CAS 7446-19-7) - Chemistry For Industry - Solvents &amp; Chemicals - Masterchem.ee\" \/>\n<meta name=\"twitter:description\" content=\"Sinkkisulfaatti eli rikkihapon sinkkisuola on v\u00e4rit\u00f6n ja veteen liukeneva kemiallinen yhdiste, jonka kaava on ZnSO4.\" \/>\n<meta name=\"twitter:image\" content=\"https:\/\/masterchem.ee\/wp-content\/uploads\/2021\/11\/Tsinksulfaat-25kg-MasterChem.jpg\" \/>\n<script type=\"application\/ld+json\" class=\"yoast-schema-graph\">{\"@context\":\"https:\/\/schema.org\",\"@graph\":[{\"@type\":\"WebPage\",\"@id\":\"https:\/\/masterchem.ee\/fi\/tooted-ja-teenused\/sinkkisulfaattimonohydraatti-cas-7446-19-7\/\",\"url\":\"https:\/\/masterchem.ee\/fi\/tooted-ja-teenused\/sinkkisulfaattimonohydraatti-cas-7446-19-7\/\",\"name\":\"Sinkkisulfaattimonohydraatti (CAS 7446-19-7) - Chemistry For Industry - Solvents &amp; Chemicals - Masterchem.ee\",\"isPartOf\":{\"@id\":\"https:\/\/masterchem.ee\/fi\/#website\"},\"primaryImageOfPage\":{\"@id\":\"https:\/\/masterchem.ee\/fi\/tooted-ja-teenused\/sinkkisulfaattimonohydraatti-cas-7446-19-7\/#primaryimage\"},\"image\":{\"@id\":\"https:\/\/masterchem.ee\/fi\/tooted-ja-teenused\/sinkkisulfaattimonohydraatti-cas-7446-19-7\/#primaryimage\"},\"thumbnailUrl\":\"https:\/\/masterchem.ee\/wp-content\/uploads\/2021\/11\/Tsinksulfaat-25kg-MasterChem.jpg\",\"datePublished\":\"2021-11-03T14:53:11+00:00\",\"dateModified\":\"2021-11-03T15:19:14+00:00\",\"description\":\"Sinkkisulfaatti eli rikkihapon sinkkisuola on v\u00e4rit\u00f6n ja veteen liukeneva kemiallinen yhdiste, jonka kaava on ZnSO4.\",\"breadcrumb\":{\"@id\":\"https:\/\/masterchem.ee\/fi\/tooted-ja-teenused\/sinkkisulfaattimonohydraatti-cas-7446-19-7\/#breadcrumb\"},\"inLanguage\":\"fi\",\"potentialAction\":[{\"@type\":\"ReadAction\",\"target\":[\"https:\/\/masterchem.ee\/fi\/tooted-ja-teenused\/sinkkisulfaattimonohydraatti-cas-7446-19-7\/\"]}]},{\"@type\":\"ImageObject\",\"inLanguage\":\"fi\",\"@id\":\"https:\/\/masterchem.ee\/fi\/tooted-ja-teenused\/sinkkisulfaattimonohydraatti-cas-7446-19-7\/#primaryimage\",\"url\":\"https:\/\/masterchem.ee\/wp-content\/uploads\/2021\/11\/Tsinksulfaat-25kg-MasterChem.jpg\",\"contentUrl\":\"https:\/\/masterchem.ee\/wp-content\/uploads\/2021\/11\/Tsinksulfaat-25kg-MasterChem.jpg\",\"width\":1000,\"height\":1000,\"caption\":\"Sinkkisulfaattimonohydraatti (CAS 7446-19-7) 25kg MasterChem\"},{\"@type\":\"BreadcrumbList\",\"@id\":\"https:\/\/masterchem.ee\/fi\/tooted-ja-teenused\/sinkkisulfaattimonohydraatti-cas-7446-19-7\/#breadcrumb\",\"itemListElement\":[{\"@type\":\"ListItem\",\"position\":1,\"name\":\"Home\",\"item\":\"https:\/\/masterchem.ee\/fi\/\"},{\"@type\":\"ListItem\",\"position\":2,\"name\":\"Tooted ja teenused\",\"item\":\"https:\/\/masterchem.ee\/tooted-ja-teenused\/\"},{\"@type\":\"ListItem\",\"position\":3,\"name\":\"Sinkkisulfaattimonohydraatti (CAS 7446-19-7)\"}]},{\"@type\":\"WebSite\",\"@id\":\"https:\/\/masterchem.ee\/fi\/#website\",\"url\":\"https:\/\/masterchem.ee\/fi\/\",\"name\":\"Masterchem.ee\",\"description\":\"Chemistry For Industry - Solvents &amp; Chemicals\",\"publisher\":{\"@id\":\"https:\/\/masterchem.ee\/fi\/#organization\"},\"potentialAction\":[{\"@type\":\"SearchAction\",\"target\":{\"@type\":\"EntryPoint\",\"urlTemplate\":\"https:\/\/masterchem.ee\/fi\/?s={search_term_string}\"},\"query-input\":{\"@type\":\"PropertyValueSpecification\",\"valueRequired\":true,\"valueName\":\"search_term_string\"}}],\"inLanguage\":\"fi\"},{\"@type\":\"Organization\",\"@id\":\"https:\/\/masterchem.ee\/fi\/#organization\",\"name\":\"Masterchem\",\"url\":\"https:\/\/masterchem.ee\/fi\/\",\"logo\":{\"@type\":\"ImageObject\",\"inLanguage\":\"fi\",\"@id\":\"https:\/\/masterchem.ee\/fi\/#\/schema\/logo\/image\/\",\"url\":\"https:\/\/masterchem.ee\/wp-content\/uploads\/2018\/02\/master-chem_final-1.png\",\"contentUrl\":\"https:\/\/masterchem.ee\/wp-content\/uploads\/2018\/02\/master-chem_final-1.png\",\"width\":850,\"height\":356,\"caption\":\"Masterchem\"},\"image\":{\"@id\":\"https:\/\/masterchem.ee\/fi\/#\/schema\/logo\/image\/\"}}]}<\/script>\n<!-- \/ Yoast SEO plugin. -->","yoast_head_json":{"title":"Sinkkisulfaattimonohydraatti (CAS 7446-19-7) - Chemistry For Industry - Solvents &amp; Chemicals - Masterchem.ee","description":"Sinkkisulfaatti eli rikkihapon sinkkisuola on v\u00e4rit\u00f6n ja veteen liukeneva kemiallinen yhdiste, jonka kaava on ZnSO4.","robots":{"index":"index","follow":"follow","max-snippet":"max-snippet:-1","max-image-preview":"max-image-preview:large","max-video-preview":"max-video-preview:-1"},"canonical":"https:\/\/masterchem.ee\/fi\/tooted-ja-teenused\/sinkkisulfaattimonohydraatti-cas-7446-19-7\/","twitter_card":"summary_large_image","twitter_title":"Sinkkisulfaattimonohydraatti (CAS 7446-19-7) - Chemistry For Industry - Solvents &amp; Chemicals - Masterchem.ee","twitter_description":"Sinkkisulfaatti eli rikkihapon sinkkisuola on v\u00e4rit\u00f6n ja veteen liukeneva kemiallinen yhdiste, jonka kaava on ZnSO4.","twitter_image":"https:\/\/masterchem.ee\/wp-content\/uploads\/2021\/11\/Tsinksulfaat-25kg-MasterChem.jpg","schema":{"@context":"https:\/\/schema.org","@graph":[{"@type":"WebPage","@id":"https:\/\/masterchem.ee\/fi\/tooted-ja-teenused\/sinkkisulfaattimonohydraatti-cas-7446-19-7\/","url":"https:\/\/masterchem.ee\/fi\/tooted-ja-teenused\/sinkkisulfaattimonohydraatti-cas-7446-19-7\/","name":"Sinkkisulfaattimonohydraatti (CAS 7446-19-7) - Chemistry For Industry - Solvents &amp; Chemicals - Masterchem.ee","isPartOf":{"@id":"https:\/\/masterchem.ee\/fi\/#website"},"primaryImageOfPage":{"@id":"https:\/\/masterchem.ee\/fi\/tooted-ja-teenused\/sinkkisulfaattimonohydraatti-cas-7446-19-7\/#primaryimage"},"image":{"@id":"https:\/\/masterchem.ee\/fi\/tooted-ja-teenused\/sinkkisulfaattimonohydraatti-cas-7446-19-7\/#primaryimage"},"thumbnailUrl":"https:\/\/masterchem.ee\/wp-content\/uploads\/2021\/11\/Tsinksulfaat-25kg-MasterChem.jpg","datePublished":"2021-11-03T14:53:11+00:00","dateModified":"2021-11-03T15:19:14+00:00","description":"Sinkkisulfaatti eli rikkihapon sinkkisuola on v\u00e4rit\u00f6n ja veteen liukeneva kemiallinen yhdiste, jonka kaava on ZnSO4.","breadcrumb":{"@id":"https:\/\/masterchem.ee\/fi\/tooted-ja-teenused\/sinkkisulfaattimonohydraatti-cas-7446-19-7\/#breadcrumb"},"inLanguage":"fi","potentialAction":[{"@type":"ReadAction","target":["https:\/\/masterchem.ee\/fi\/tooted-ja-teenused\/sinkkisulfaattimonohydraatti-cas-7446-19-7\/"]}]},{"@type":"ImageObject","inLanguage":"fi","@id":"https:\/\/masterchem.ee\/fi\/tooted-ja-teenused\/sinkkisulfaattimonohydraatti-cas-7446-19-7\/#primaryimage","url":"https:\/\/masterchem.ee\/wp-content\/uploads\/2021\/11\/Tsinksulfaat-25kg-MasterChem.jpg","contentUrl":"https:\/\/masterchem.ee\/wp-content\/uploads\/2021\/11\/Tsinksulfaat-25kg-MasterChem.jpg","width":1000,"height":1000,"caption":"Sinkkisulfaattimonohydraatti (CAS 7446-19-7) 25kg MasterChem"},{"@type":"BreadcrumbList","@id":"https:\/\/masterchem.ee\/fi\/tooted-ja-teenused\/sinkkisulfaattimonohydraatti-cas-7446-19-7\/#breadcrumb","itemListElement":[{"@type":"ListItem","position":1,"name":"Home","item":"https:\/\/masterchem.ee\/fi\/"},{"@type":"ListItem","position":2,"name":"Tooted ja teenused","item":"https:\/\/masterchem.ee\/tooted-ja-teenused\/"},{"@type":"ListItem","position":3,"name":"Sinkkisulfaattimonohydraatti (CAS 7446-19-7)"}]},{"@type":"WebSite","@id":"https:\/\/masterchem.ee\/fi\/#website","url":"https:\/\/masterchem.ee\/fi\/","name":"Masterchem.ee","description":"Chemistry For Industry - Solvents &amp; Chemicals","publisher":{"@id":"https:\/\/masterchem.ee\/fi\/#organization"},"potentialAction":[{"@type":"SearchAction","target":{"@type":"EntryPoint","urlTemplate":"https:\/\/masterchem.ee\/fi\/?s={search_term_string}"},"query-input":{"@type":"PropertyValueSpecification","valueRequired":true,"valueName":"search_term_string"}}],"inLanguage":"fi"},{"@type":"Organization","@id":"https:\/\/masterchem.ee\/fi\/#organization","name":"Masterchem","url":"https:\/\/masterchem.ee\/fi\/","logo":{"@type":"ImageObject","inLanguage":"fi","@id":"https:\/\/masterchem.ee\/fi\/#\/schema\/logo\/image\/","url":"https:\/\/masterchem.ee\/wp-content\/uploads\/2018\/02\/master-chem_final-1.png","contentUrl":"https:\/\/masterchem.ee\/wp-content\/uploads\/2018\/02\/master-chem_final-1.png","width":850,"height":356,"caption":"Masterchem"},"image":{"@id":"https:\/\/masterchem.ee\/fi\/#\/schema\/logo\/image\/"}}]}},"_links":{"self":[{"href":"https:\/\/masterchem.ee\/fi\/wp-json\/wp\/v2\/product\/15027","targetHints":{"allow":["GET"]}}],"collection":[{"href":"https:\/\/masterchem.ee\/fi\/wp-json\/wp\/v2\/product"}],"about":[{"href":"https:\/\/masterchem.ee\/fi\/wp-json\/wp\/v2\/types\/product"}],"wp:featuredmedia":[{"embeddable":true,"href":"https:\/\/masterchem.ee\/fi\/wp-json\/wp\/v2\/media\/15033"}],"wp:attachment":[{"href":"https:\/\/masterchem.ee\/fi\/wp-json\/wp\/v2\/media?parent=15027"}],"wp:term":[{"taxonomy":"product_brand","embeddable":true,"href":"https:\/\/masterchem.ee\/fi\/wp-json\/wp\/v2\/product_brand?post=15027"},{"taxonomy":"product_cat","embeddable":true,"href":"https:\/\/masterchem.ee\/fi\/wp-json\/wp\/v2\/product_cat?post=15027"},{"taxonomy":"product_tag","embeddable":true,"href":"https:\/\/masterchem.ee\/fi\/wp-json\/wp\/v2\/product_tag?post=15027"}],"curies":[{"name":"wp","href":"https:\/\/api.w.org\/{rel}","templated":true}]}}