{"id":15008,"date":"2021-11-01T17:29:42","date_gmt":"2021-11-01T17:29:45","guid":{"rendered":"https:\/\/masterchem.ee\/?post_type=product&#038;p=15008"},"modified":"2021-11-01T17:37:12","modified_gmt":"2021-11-01T17:37:12","slug":"kobolttisulfaatti-cas-10026-24-1","status":"publish","type":"product","link":"https:\/\/masterchem.ee\/fi\/tooted-ja-teenused\/kobolttisulfaatti-cas-10026-24-1\/","title":{"rendered":"Kobolttisulfaatti (CAS 10026-24-1)"},"content":{"rendered":"<p> <strong> Info<\/strong> <\/p>\n<p>Toimialat: Rehuteollisuus<br \/>\nCAS-numero: 10026-24-1<br \/>\nWE-numero: 233-334-2<br \/>\nIndeksinumero: 027-005-00-0<br \/>\nKemiallinen kaava: CoSO4\u00b77H2O<br \/>\nMolekyylimassa: 281,1 g\/mol<br \/>\nTullitariffikoodi: 28332930<br \/>\nADR: UN3077<\/p>\n<p><strong>Muut fyysiset ominaisuudet<\/strong><br \/>\npH: 4,0 (50 g\/l, H2O, 20\u00b0C)<br \/>\nSulamis-\/j\u00e4\u00e4tymispiste: 98\u00baC<br \/>\nSuhteellinen tiheys: 2,03 g\/cm3 (20\u00b0C )<\/p>\n","protected":false},"excerpt":{"rendered":"<p><strong>Kobolttisulfaatti (CAS 10026-24-1)<\/strong><\/p>\n<p>Kobolttisulfaatit ovat t\u00e4rkeit\u00e4 v\u00e4lituotteita koboltin erottamisessa sen malmeista. Siten murskattuja, osittain jalostettuja malmeja k\u00e4sitell\u00e4\u00e4n rikkihapolla, jolloin saadaan punaisia \u200b\u200bkobolttisulfaattia sis\u00e4lt\u00e4vi\u00e4 liuoksia.<\/p>\n<p>Hydratoitua koboltti(II)sulfaattia k\u00e4ytet\u00e4\u00e4n pigmenttien valmistuksessa sek\u00e4 muiden kobolttisuolojen valmistuksessa. Kobolttipigmentti\u00e4 k\u00e4ytet\u00e4\u00e4n posliinissa ja lasissa. Koboltti(II)sulfaattia k\u00e4ytet\u00e4\u00e4n akuissa ja galvanointikylvyiss\u00e4, sympaattisissa musteissa sek\u00e4 maaper\u00e4n ja el\u00e4inten rehujen lis\u00e4aineena. N\u00e4it\u00e4 tarkoituksia varten kobolttisulfaattia tuotetaan k\u00e4sittelem\u00e4ll\u00e4 kobolttioksidia rikkihapolla.<\/p>\n<p>Koska heptahydraattia on yleisesti saatavilla kaupallisesti, se on tavallinen koboltin l\u00e4hde koordinaatiokemiassa.<\/p>\n","protected":false},"featured_media":15014,"template":"","meta":[],"product_brand":[],"product_cat":[180,290],"product_tag":[],"class_list":{"0":"post-15008","1":"product","2":"type-product","3":"status-publish","4":"has-post-thumbnail","6":"product_cat-uncategorized-fi-2","7":"product_cat-rehuteollisuus","9":"first","10":"instock","11":"taxable","12":"shipping-taxable","13":"purchasable","14":"product-type-variable","15":"has-default-attributes"},"yoast_head":"<!-- This site is optimized with the Yoast SEO plugin v26.2 - https:\/\/yoast.com\/wordpress\/plugins\/seo\/ -->\n<title>Kobolttisulfaatti (CAS 10026-24-1) - Chemistry For Industry - Solvents &amp; Chemicals - Masterchem.ee<\/title>\n<meta name=\"description\" content=\"Kobolttisulfaatit ovat t\u00e4rkeit\u00e4 v\u00e4lituotteita koboltin erottamisessa sen malmeista.\" \/>\n<meta name=\"robots\" content=\"index, follow, max-snippet:-1, max-image-preview:large, max-video-preview:-1\" \/>\n<link rel=\"canonical\" href=\"https:\/\/masterchem.ee\/fi\/tooted-ja-teenused\/kobolttisulfaatti-cas-10026-24-1\/\" \/>\n<meta name=\"twitter:card\" content=\"summary_large_image\" \/>\n<meta name=\"twitter:title\" content=\"Kobolttisulfaatti (CAS 10026-24-1) - Chemistry For Industry - Solvents &amp; Chemicals - Masterchem.ee\" \/>\n<meta name=\"twitter:description\" content=\"Kobolttisulfaatit ovat t\u00e4rkeit\u00e4 v\u00e4lituotteita koboltin erottamisessa sen malmeista.\" \/>\n<meta name=\"twitter:image\" content=\"https:\/\/masterchem.ee\/wp-content\/uploads\/2021\/11\/Koobaltsulfaat-25kg-MasterChem.jpg\" \/>\n<script type=\"application\/ld+json\" class=\"yoast-schema-graph\">{\"@context\":\"https:\/\/schema.org\",\"@graph\":[{\"@type\":\"WebPage\",\"@id\":\"https:\/\/masterchem.ee\/fi\/tooted-ja-teenused\/kobolttisulfaatti-cas-10026-24-1\/\",\"url\":\"https:\/\/masterchem.ee\/fi\/tooted-ja-teenused\/kobolttisulfaatti-cas-10026-24-1\/\",\"name\":\"Kobolttisulfaatti (CAS 10026-24-1) - Chemistry For Industry - Solvents &amp; Chemicals - Masterchem.ee\",\"isPartOf\":{\"@id\":\"https:\/\/masterchem.ee\/fi\/#website\"},\"primaryImageOfPage\":{\"@id\":\"https:\/\/masterchem.ee\/fi\/tooted-ja-teenused\/kobolttisulfaatti-cas-10026-24-1\/#primaryimage\"},\"image\":{\"@id\":\"https:\/\/masterchem.ee\/fi\/tooted-ja-teenused\/kobolttisulfaatti-cas-10026-24-1\/#primaryimage\"},\"thumbnailUrl\":\"https:\/\/masterchem.ee\/wp-content\/uploads\/2021\/11\/Koobaltsulfaat-25kg-MasterChem.jpg\",\"datePublished\":\"2021-11-01T17:29:45+00:00\",\"dateModified\":\"2021-11-01T17:37:12+00:00\",\"description\":\"Kobolttisulfaatit ovat t\u00e4rkeit\u00e4 v\u00e4lituotteita koboltin erottamisessa sen malmeista.\",\"breadcrumb\":{\"@id\":\"https:\/\/masterchem.ee\/fi\/tooted-ja-teenused\/kobolttisulfaatti-cas-10026-24-1\/#breadcrumb\"},\"inLanguage\":\"fi\",\"potentialAction\":[{\"@type\":\"ReadAction\",\"target\":[\"https:\/\/masterchem.ee\/fi\/tooted-ja-teenused\/kobolttisulfaatti-cas-10026-24-1\/\"]}]},{\"@type\":\"ImageObject\",\"inLanguage\":\"fi\",\"@id\":\"https:\/\/masterchem.ee\/fi\/tooted-ja-teenused\/kobolttisulfaatti-cas-10026-24-1\/#primaryimage\",\"url\":\"https:\/\/masterchem.ee\/wp-content\/uploads\/2021\/11\/Koobaltsulfaat-25kg-MasterChem.jpg\",\"contentUrl\":\"https:\/\/masterchem.ee\/wp-content\/uploads\/2021\/11\/Koobaltsulfaat-25kg-MasterChem.jpg\",\"width\":1000,\"height\":1000,\"caption\":\"Kobolttisulfaatti (CAS 10026-24-1) 25kg MasterChem\"},{\"@type\":\"BreadcrumbList\",\"@id\":\"https:\/\/masterchem.ee\/fi\/tooted-ja-teenused\/kobolttisulfaatti-cas-10026-24-1\/#breadcrumb\",\"itemListElement\":[{\"@type\":\"ListItem\",\"position\":1,\"name\":\"Home\",\"item\":\"https:\/\/masterchem.ee\/fi\/\"},{\"@type\":\"ListItem\",\"position\":2,\"name\":\"Tooted ja teenused\",\"item\":\"https:\/\/masterchem.ee\/tooted-ja-teenused\/\"},{\"@type\":\"ListItem\",\"position\":3,\"name\":\"Kobolttisulfaatti (CAS 10026-24-1)\"}]},{\"@type\":\"WebSite\",\"@id\":\"https:\/\/masterchem.ee\/fi\/#website\",\"url\":\"https:\/\/masterchem.ee\/fi\/\",\"name\":\"Masterchem.ee\",\"description\":\"Chemistry For Industry - Solvents &amp; Chemicals\",\"publisher\":{\"@id\":\"https:\/\/masterchem.ee\/fi\/#organization\"},\"potentialAction\":[{\"@type\":\"SearchAction\",\"target\":{\"@type\":\"EntryPoint\",\"urlTemplate\":\"https:\/\/masterchem.ee\/fi\/?s={search_term_string}\"},\"query-input\":{\"@type\":\"PropertyValueSpecification\",\"valueRequired\":true,\"valueName\":\"search_term_string\"}}],\"inLanguage\":\"fi\"},{\"@type\":\"Organization\",\"@id\":\"https:\/\/masterchem.ee\/fi\/#organization\",\"name\":\"Masterchem\",\"url\":\"https:\/\/masterchem.ee\/fi\/\",\"logo\":{\"@type\":\"ImageObject\",\"inLanguage\":\"fi\",\"@id\":\"https:\/\/masterchem.ee\/fi\/#\/schema\/logo\/image\/\",\"url\":\"https:\/\/masterchem.ee\/wp-content\/uploads\/2018\/02\/master-chem_final-1.png\",\"contentUrl\":\"https:\/\/masterchem.ee\/wp-content\/uploads\/2018\/02\/master-chem_final-1.png\",\"width\":850,\"height\":356,\"caption\":\"Masterchem\"},\"image\":{\"@id\":\"https:\/\/masterchem.ee\/fi\/#\/schema\/logo\/image\/\"}}]}<\/script>\n<!-- \/ Yoast SEO plugin. -->","yoast_head_json":{"title":"Kobolttisulfaatti (CAS 10026-24-1) - Chemistry For Industry - Solvents &amp; Chemicals - Masterchem.ee","description":"Kobolttisulfaatit ovat t\u00e4rkeit\u00e4 v\u00e4lituotteita koboltin erottamisessa sen malmeista.","robots":{"index":"index","follow":"follow","max-snippet":"max-snippet:-1","max-image-preview":"max-image-preview:large","max-video-preview":"max-video-preview:-1"},"canonical":"https:\/\/masterchem.ee\/fi\/tooted-ja-teenused\/kobolttisulfaatti-cas-10026-24-1\/","twitter_card":"summary_large_image","twitter_title":"Kobolttisulfaatti (CAS 10026-24-1) - Chemistry For Industry - Solvents &amp; Chemicals - Masterchem.ee","twitter_description":"Kobolttisulfaatit ovat t\u00e4rkeit\u00e4 v\u00e4lituotteita koboltin erottamisessa sen malmeista.","twitter_image":"https:\/\/masterchem.ee\/wp-content\/uploads\/2021\/11\/Koobaltsulfaat-25kg-MasterChem.jpg","schema":{"@context":"https:\/\/schema.org","@graph":[{"@type":"WebPage","@id":"https:\/\/masterchem.ee\/fi\/tooted-ja-teenused\/kobolttisulfaatti-cas-10026-24-1\/","url":"https:\/\/masterchem.ee\/fi\/tooted-ja-teenused\/kobolttisulfaatti-cas-10026-24-1\/","name":"Kobolttisulfaatti (CAS 10026-24-1) - Chemistry For Industry - Solvents &amp; Chemicals - Masterchem.ee","isPartOf":{"@id":"https:\/\/masterchem.ee\/fi\/#website"},"primaryImageOfPage":{"@id":"https:\/\/masterchem.ee\/fi\/tooted-ja-teenused\/kobolttisulfaatti-cas-10026-24-1\/#primaryimage"},"image":{"@id":"https:\/\/masterchem.ee\/fi\/tooted-ja-teenused\/kobolttisulfaatti-cas-10026-24-1\/#primaryimage"},"thumbnailUrl":"https:\/\/masterchem.ee\/wp-content\/uploads\/2021\/11\/Koobaltsulfaat-25kg-MasterChem.jpg","datePublished":"2021-11-01T17:29:45+00:00","dateModified":"2021-11-01T17:37:12+00:00","description":"Kobolttisulfaatit ovat t\u00e4rkeit\u00e4 v\u00e4lituotteita koboltin erottamisessa sen malmeista.","breadcrumb":{"@id":"https:\/\/masterchem.ee\/fi\/tooted-ja-teenused\/kobolttisulfaatti-cas-10026-24-1\/#breadcrumb"},"inLanguage":"fi","potentialAction":[{"@type":"ReadAction","target":["https:\/\/masterchem.ee\/fi\/tooted-ja-teenused\/kobolttisulfaatti-cas-10026-24-1\/"]}]},{"@type":"ImageObject","inLanguage":"fi","@id":"https:\/\/masterchem.ee\/fi\/tooted-ja-teenused\/kobolttisulfaatti-cas-10026-24-1\/#primaryimage","url":"https:\/\/masterchem.ee\/wp-content\/uploads\/2021\/11\/Koobaltsulfaat-25kg-MasterChem.jpg","contentUrl":"https:\/\/masterchem.ee\/wp-content\/uploads\/2021\/11\/Koobaltsulfaat-25kg-MasterChem.jpg","width":1000,"height":1000,"caption":"Kobolttisulfaatti (CAS 10026-24-1) 25kg MasterChem"},{"@type":"BreadcrumbList","@id":"https:\/\/masterchem.ee\/fi\/tooted-ja-teenused\/kobolttisulfaatti-cas-10026-24-1\/#breadcrumb","itemListElement":[{"@type":"ListItem","position":1,"name":"Home","item":"https:\/\/masterchem.ee\/fi\/"},{"@type":"ListItem","position":2,"name":"Tooted ja teenused","item":"https:\/\/masterchem.ee\/tooted-ja-teenused\/"},{"@type":"ListItem","position":3,"name":"Kobolttisulfaatti (CAS 10026-24-1)"}]},{"@type":"WebSite","@id":"https:\/\/masterchem.ee\/fi\/#website","url":"https:\/\/masterchem.ee\/fi\/","name":"Masterchem.ee","description":"Chemistry For Industry - Solvents &amp; Chemicals","publisher":{"@id":"https:\/\/masterchem.ee\/fi\/#organization"},"potentialAction":[{"@type":"SearchAction","target":{"@type":"EntryPoint","urlTemplate":"https:\/\/masterchem.ee\/fi\/?s={search_term_string}"},"query-input":{"@type":"PropertyValueSpecification","valueRequired":true,"valueName":"search_term_string"}}],"inLanguage":"fi"},{"@type":"Organization","@id":"https:\/\/masterchem.ee\/fi\/#organization","name":"Masterchem","url":"https:\/\/masterchem.ee\/fi\/","logo":{"@type":"ImageObject","inLanguage":"fi","@id":"https:\/\/masterchem.ee\/fi\/#\/schema\/logo\/image\/","url":"https:\/\/masterchem.ee\/wp-content\/uploads\/2018\/02\/master-chem_final-1.png","contentUrl":"https:\/\/masterchem.ee\/wp-content\/uploads\/2018\/02\/master-chem_final-1.png","width":850,"height":356,"caption":"Masterchem"},"image":{"@id":"https:\/\/masterchem.ee\/fi\/#\/schema\/logo\/image\/"}}]}},"_links":{"self":[{"href":"https:\/\/masterchem.ee\/fi\/wp-json\/wp\/v2\/product\/15008","targetHints":{"allow":["GET"]}}],"collection":[{"href":"https:\/\/masterchem.ee\/fi\/wp-json\/wp\/v2\/product"}],"about":[{"href":"https:\/\/masterchem.ee\/fi\/wp-json\/wp\/v2\/types\/product"}],"wp:featuredmedia":[{"embeddable":true,"href":"https:\/\/masterchem.ee\/fi\/wp-json\/wp\/v2\/media\/15014"}],"wp:attachment":[{"href":"https:\/\/masterchem.ee\/fi\/wp-json\/wp\/v2\/media?parent=15008"}],"wp:term":[{"taxonomy":"product_brand","embeddable":true,"href":"https:\/\/masterchem.ee\/fi\/wp-json\/wp\/v2\/product_brand?post=15008"},{"taxonomy":"product_cat","embeddable":true,"href":"https:\/\/masterchem.ee\/fi\/wp-json\/wp\/v2\/product_cat?post=15008"},{"taxonomy":"product_tag","embeddable":true,"href":"https:\/\/masterchem.ee\/fi\/wp-json\/wp\/v2\/product_tag?post=15008"}],"curies":[{"name":"wp","href":"https:\/\/api.w.org\/{rel}","templated":true}]}}