{"id":14993,"date":"2021-11-01T17:15:02","date_gmt":"2021-11-01T17:15:04","guid":{"rendered":"https:\/\/masterchem.ee\/?post_type=product&#038;p=14993"},"modified":"2022-05-22T18:08:39","modified_gmt":"2022-05-22T18:08:39","slug":"mangaanisulfaatti-cas-100034-96-5","status":"publish","type":"product","link":"https:\/\/masterchem.ee\/fi\/tooted-ja-teenused\/mangaanisulfaatti-cas-100034-96-5\/","title":{"rendered":"Mangaanisulfaatti (CAS 100034-96-5)"},"content":{"rendered":"<p> <strong> Info<\/strong> <\/p>\n<p>Toimialat: lannoitteet, puutarhanhoito, rehuteollisuus<br \/>\nCAS-numero: 100034-96-5<br \/>\nWE-numero: 232-089-9<br \/>\nIndeksinumero: 025-003-00-4<br \/>\nKemiallinen kaava: MnSO4\u2022H2O<br \/>\nMolekyylimassa: 169,02 g\/mol<br \/>\nTullitariffikoodi: 28332980<br \/>\nADR: UN3077<\/p>\n<p><strong>Muut fyysiset ominaisuudet<\/strong><br \/>\npH: 6,0 \u2013 6,5 (10 g\/l, 20\u00b0C)<br \/>\nSulamis-\/j\u00e4\u00e4tymispiste: 700\u00b0C<br \/>\nSuhteellinen tiheys: 2,93 g\/cm3 (20\u00b0C )<br \/>\nLiukoisuus veteen: 43-45 % w\/w.<\/p>\n","protected":false},"excerpt":{"rendered":"<p><strong>Mangaanisulfaatti (CAS 100034-96-5)<\/strong><\/p>\n<p>Mangaanisulfaattimonohydraattia k\u00e4ytet\u00e4\u00e4n mangaanin tuottamiseen elektrolyyttisell\u00e4 prosessilla. Seosta k\u00e4ytet\u00e4\u00e4n tekstiilien v\u00e4rj\u00e4\u00e4miseen; punaisten lasitteiden valmistukseen posliinille; lakan kuivausrummuissa; lannoitteissa; ja el\u00e4inrehuissa mangaanin tarjoamiseksi v\u00e4ltt\u00e4m\u00e4tt\u00f6m\u00e4n\u00e4 hivenaineena.<\/p>\n","protected":false},"featured_media":14999,"template":"","meta":[],"product_brand":[],"product_cat":[180,323,351,290],"product_tag":[],"class_list":{"0":"post-14993","1":"product","2":"type-product","3":"status-publish","4":"has-post-thumbnail","6":"product_cat-uncategorized-fi-2","7":"product_cat-lannoitteet","8":"product_cat-puutarhanhoito","9":"product_cat-rehuteollisuus","11":"first","12":"instock","13":"taxable","14":"shipping-taxable","15":"purchasable","16":"product-type-variable"},"yoast_head":"<!-- This site is optimized with the Yoast SEO plugin v26.2 - https:\/\/yoast.com\/wordpress\/plugins\/seo\/ -->\n<title>Mangaanisulfaatti (CAS 100034-96-5) - Chemistry For Industry - Solvents &amp; Chemicals - Masterchem.ee<\/title>\n<meta name=\"description\" content=\"Mangaanisulfaattimonohydraattia k\u00e4ytet\u00e4\u00e4n mangaanin tuottamiseen elektrolyyttisell\u00e4 prosessilla.\" \/>\n<meta name=\"robots\" content=\"index, follow, max-snippet:-1, max-image-preview:large, max-video-preview:-1\" \/>\n<link rel=\"canonical\" href=\"https:\/\/masterchem.ee\/fi\/tooted-ja-teenused\/mangaanisulfaatti-cas-100034-96-5\/\" \/>\n<meta name=\"twitter:card\" content=\"summary_large_image\" \/>\n<meta name=\"twitter:title\" content=\"Mangaanisulfaatti (CAS 100034-96-5) - Chemistry For Industry - Solvents &amp; Chemicals - Masterchem.ee\" \/>\n<meta name=\"twitter:description\" content=\"Mangaanisulfaattimonohydraattia k\u00e4ytet\u00e4\u00e4n mangaanin tuottamiseen elektrolyyttisell\u00e4 prosessilla.\" \/>\n<meta name=\"twitter:image\" content=\"https:\/\/masterchem.ee\/wp-content\/uploads\/2021\/11\/Mangaansulfaat-25kg-MasterChem.jpg\" \/>\n<script type=\"application\/ld+json\" class=\"yoast-schema-graph\">{\"@context\":\"https:\/\/schema.org\",\"@graph\":[{\"@type\":\"WebPage\",\"@id\":\"https:\/\/masterchem.ee\/fi\/tooted-ja-teenused\/mangaanisulfaatti-cas-100034-96-5\/\",\"url\":\"https:\/\/masterchem.ee\/fi\/tooted-ja-teenused\/mangaanisulfaatti-cas-100034-96-5\/\",\"name\":\"Mangaanisulfaatti (CAS 100034-96-5) - Chemistry For Industry - Solvents &amp; Chemicals - Masterchem.ee\",\"isPartOf\":{\"@id\":\"https:\/\/masterchem.ee\/fi\/#website\"},\"primaryImageOfPage\":{\"@id\":\"https:\/\/masterchem.ee\/fi\/tooted-ja-teenused\/mangaanisulfaatti-cas-100034-96-5\/#primaryimage\"},\"image\":{\"@id\":\"https:\/\/masterchem.ee\/fi\/tooted-ja-teenused\/mangaanisulfaatti-cas-100034-96-5\/#primaryimage\"},\"thumbnailUrl\":\"https:\/\/masterchem.ee\/wp-content\/uploads\/2021\/11\/Mangaansulfaat-25kg-MasterChem.jpg\",\"datePublished\":\"2021-11-01T17:15:04+00:00\",\"dateModified\":\"2022-05-22T18:08:39+00:00\",\"description\":\"Mangaanisulfaattimonohydraattia k\u00e4ytet\u00e4\u00e4n mangaanin tuottamiseen elektrolyyttisell\u00e4 prosessilla.\",\"breadcrumb\":{\"@id\":\"https:\/\/masterchem.ee\/fi\/tooted-ja-teenused\/mangaanisulfaatti-cas-100034-96-5\/#breadcrumb\"},\"inLanguage\":\"fi\",\"potentialAction\":[{\"@type\":\"ReadAction\",\"target\":[\"https:\/\/masterchem.ee\/fi\/tooted-ja-teenused\/mangaanisulfaatti-cas-100034-96-5\/\"]}]},{\"@type\":\"ImageObject\",\"inLanguage\":\"fi\",\"@id\":\"https:\/\/masterchem.ee\/fi\/tooted-ja-teenused\/mangaanisulfaatti-cas-100034-96-5\/#primaryimage\",\"url\":\"https:\/\/masterchem.ee\/wp-content\/uploads\/2021\/11\/Mangaansulfaat-25kg-MasterChem.jpg\",\"contentUrl\":\"https:\/\/masterchem.ee\/wp-content\/uploads\/2021\/11\/Mangaansulfaat-25kg-MasterChem.jpg\",\"width\":1000,\"height\":1000,\"caption\":\"Mangaanisulfaatti (CAS 100034-96-5) 25kg MasterChem\"},{\"@type\":\"BreadcrumbList\",\"@id\":\"https:\/\/masterchem.ee\/fi\/tooted-ja-teenused\/mangaanisulfaatti-cas-100034-96-5\/#breadcrumb\",\"itemListElement\":[{\"@type\":\"ListItem\",\"position\":1,\"name\":\"Home\",\"item\":\"https:\/\/masterchem.ee\/fi\/\"},{\"@type\":\"ListItem\",\"position\":2,\"name\":\"Tooted ja teenused\",\"item\":\"https:\/\/masterchem.ee\/tooted-ja-teenused\/\"},{\"@type\":\"ListItem\",\"position\":3,\"name\":\"Mangaanisulfaatti (CAS 100034-96-5)\"}]},{\"@type\":\"WebSite\",\"@id\":\"https:\/\/masterchem.ee\/fi\/#website\",\"url\":\"https:\/\/masterchem.ee\/fi\/\",\"name\":\"Masterchem.ee\",\"description\":\"Chemistry For Industry - Solvents &amp; Chemicals\",\"publisher\":{\"@id\":\"https:\/\/masterchem.ee\/fi\/#organization\"},\"potentialAction\":[{\"@type\":\"SearchAction\",\"target\":{\"@type\":\"EntryPoint\",\"urlTemplate\":\"https:\/\/masterchem.ee\/fi\/?s={search_term_string}\"},\"query-input\":{\"@type\":\"PropertyValueSpecification\",\"valueRequired\":true,\"valueName\":\"search_term_string\"}}],\"inLanguage\":\"fi\"},{\"@type\":\"Organization\",\"@id\":\"https:\/\/masterchem.ee\/fi\/#organization\",\"name\":\"Masterchem\",\"url\":\"https:\/\/masterchem.ee\/fi\/\",\"logo\":{\"@type\":\"ImageObject\",\"inLanguage\":\"fi\",\"@id\":\"https:\/\/masterchem.ee\/fi\/#\/schema\/logo\/image\/\",\"url\":\"https:\/\/masterchem.ee\/wp-content\/uploads\/2018\/02\/master-chem_final-1.png\",\"contentUrl\":\"https:\/\/masterchem.ee\/wp-content\/uploads\/2018\/02\/master-chem_final-1.png\",\"width\":850,\"height\":356,\"caption\":\"Masterchem\"},\"image\":{\"@id\":\"https:\/\/masterchem.ee\/fi\/#\/schema\/logo\/image\/\"}}]}<\/script>\n<!-- \/ Yoast SEO plugin. -->","yoast_head_json":{"title":"Mangaanisulfaatti (CAS 100034-96-5) - Chemistry For Industry - Solvents &amp; Chemicals - Masterchem.ee","description":"Mangaanisulfaattimonohydraattia k\u00e4ytet\u00e4\u00e4n mangaanin tuottamiseen elektrolyyttisell\u00e4 prosessilla.","robots":{"index":"index","follow":"follow","max-snippet":"max-snippet:-1","max-image-preview":"max-image-preview:large","max-video-preview":"max-video-preview:-1"},"canonical":"https:\/\/masterchem.ee\/fi\/tooted-ja-teenused\/mangaanisulfaatti-cas-100034-96-5\/","twitter_card":"summary_large_image","twitter_title":"Mangaanisulfaatti (CAS 100034-96-5) - Chemistry For Industry - Solvents &amp; Chemicals - Masterchem.ee","twitter_description":"Mangaanisulfaattimonohydraattia k\u00e4ytet\u00e4\u00e4n mangaanin tuottamiseen elektrolyyttisell\u00e4 prosessilla.","twitter_image":"https:\/\/masterchem.ee\/wp-content\/uploads\/2021\/11\/Mangaansulfaat-25kg-MasterChem.jpg","schema":{"@context":"https:\/\/schema.org","@graph":[{"@type":"WebPage","@id":"https:\/\/masterchem.ee\/fi\/tooted-ja-teenused\/mangaanisulfaatti-cas-100034-96-5\/","url":"https:\/\/masterchem.ee\/fi\/tooted-ja-teenused\/mangaanisulfaatti-cas-100034-96-5\/","name":"Mangaanisulfaatti (CAS 100034-96-5) - Chemistry For Industry - Solvents &amp; Chemicals - Masterchem.ee","isPartOf":{"@id":"https:\/\/masterchem.ee\/fi\/#website"},"primaryImageOfPage":{"@id":"https:\/\/masterchem.ee\/fi\/tooted-ja-teenused\/mangaanisulfaatti-cas-100034-96-5\/#primaryimage"},"image":{"@id":"https:\/\/masterchem.ee\/fi\/tooted-ja-teenused\/mangaanisulfaatti-cas-100034-96-5\/#primaryimage"},"thumbnailUrl":"https:\/\/masterchem.ee\/wp-content\/uploads\/2021\/11\/Mangaansulfaat-25kg-MasterChem.jpg","datePublished":"2021-11-01T17:15:04+00:00","dateModified":"2022-05-22T18:08:39+00:00","description":"Mangaanisulfaattimonohydraattia k\u00e4ytet\u00e4\u00e4n mangaanin tuottamiseen elektrolyyttisell\u00e4 prosessilla.","breadcrumb":{"@id":"https:\/\/masterchem.ee\/fi\/tooted-ja-teenused\/mangaanisulfaatti-cas-100034-96-5\/#breadcrumb"},"inLanguage":"fi","potentialAction":[{"@type":"ReadAction","target":["https:\/\/masterchem.ee\/fi\/tooted-ja-teenused\/mangaanisulfaatti-cas-100034-96-5\/"]}]},{"@type":"ImageObject","inLanguage":"fi","@id":"https:\/\/masterchem.ee\/fi\/tooted-ja-teenused\/mangaanisulfaatti-cas-100034-96-5\/#primaryimage","url":"https:\/\/masterchem.ee\/wp-content\/uploads\/2021\/11\/Mangaansulfaat-25kg-MasterChem.jpg","contentUrl":"https:\/\/masterchem.ee\/wp-content\/uploads\/2021\/11\/Mangaansulfaat-25kg-MasterChem.jpg","width":1000,"height":1000,"caption":"Mangaanisulfaatti (CAS 100034-96-5) 25kg MasterChem"},{"@type":"BreadcrumbList","@id":"https:\/\/masterchem.ee\/fi\/tooted-ja-teenused\/mangaanisulfaatti-cas-100034-96-5\/#breadcrumb","itemListElement":[{"@type":"ListItem","position":1,"name":"Home","item":"https:\/\/masterchem.ee\/fi\/"},{"@type":"ListItem","position":2,"name":"Tooted ja teenused","item":"https:\/\/masterchem.ee\/tooted-ja-teenused\/"},{"@type":"ListItem","position":3,"name":"Mangaanisulfaatti (CAS 100034-96-5)"}]},{"@type":"WebSite","@id":"https:\/\/masterchem.ee\/fi\/#website","url":"https:\/\/masterchem.ee\/fi\/","name":"Masterchem.ee","description":"Chemistry For Industry - Solvents &amp; Chemicals","publisher":{"@id":"https:\/\/masterchem.ee\/fi\/#organization"},"potentialAction":[{"@type":"SearchAction","target":{"@type":"EntryPoint","urlTemplate":"https:\/\/masterchem.ee\/fi\/?s={search_term_string}"},"query-input":{"@type":"PropertyValueSpecification","valueRequired":true,"valueName":"search_term_string"}}],"inLanguage":"fi"},{"@type":"Organization","@id":"https:\/\/masterchem.ee\/fi\/#organization","name":"Masterchem","url":"https:\/\/masterchem.ee\/fi\/","logo":{"@type":"ImageObject","inLanguage":"fi","@id":"https:\/\/masterchem.ee\/fi\/#\/schema\/logo\/image\/","url":"https:\/\/masterchem.ee\/wp-content\/uploads\/2018\/02\/master-chem_final-1.png","contentUrl":"https:\/\/masterchem.ee\/wp-content\/uploads\/2018\/02\/master-chem_final-1.png","width":850,"height":356,"caption":"Masterchem"},"image":{"@id":"https:\/\/masterchem.ee\/fi\/#\/schema\/logo\/image\/"}}]}},"_links":{"self":[{"href":"https:\/\/masterchem.ee\/fi\/wp-json\/wp\/v2\/product\/14993","targetHints":{"allow":["GET"]}}],"collection":[{"href":"https:\/\/masterchem.ee\/fi\/wp-json\/wp\/v2\/product"}],"about":[{"href":"https:\/\/masterchem.ee\/fi\/wp-json\/wp\/v2\/types\/product"}],"wp:featuredmedia":[{"embeddable":true,"href":"https:\/\/masterchem.ee\/fi\/wp-json\/wp\/v2\/media\/14999"}],"wp:attachment":[{"href":"https:\/\/masterchem.ee\/fi\/wp-json\/wp\/v2\/media?parent=14993"}],"wp:term":[{"taxonomy":"product_brand","embeddable":true,"href":"https:\/\/masterchem.ee\/fi\/wp-json\/wp\/v2\/product_brand?post=14993"},{"taxonomy":"product_cat","embeddable":true,"href":"https:\/\/masterchem.ee\/fi\/wp-json\/wp\/v2\/product_cat?post=14993"},{"taxonomy":"product_tag","embeddable":true,"href":"https:\/\/masterchem.ee\/fi\/wp-json\/wp\/v2\/product_tag?post=14993"}],"curies":[{"name":"wp","href":"https:\/\/api.w.org\/{rel}","templated":true}]}}