{"id":14959,"date":"2021-10-25T02:35:36","date_gmt":"2021-10-25T02:35:40","guid":{"rendered":"https:\/\/masterchem.ee\/?post_type=product&#038;p=14959"},"modified":"2021-10-25T02:47:08","modified_gmt":"2021-10-25T02:47:08","slug":"kaliumsorbaatti-cas-24634-61-5","status":"publish","type":"product","link":"https:\/\/masterchem.ee\/fi\/tooted-ja-teenused\/kaliumsorbaatti-cas-24634-61-5\/","title":{"rendered":"Kaliumsorbaatti (CAS 24634-61-5)"},"content":{"rendered":"<p> <strong> Info<\/strong> <\/p>\n<p> Toimialat: kosmetiikkateollisuus, elintarviketeollisuus, rehuteollisuus <br \/>\nCAS-numero: 24634-61-5 <br \/>\nWE-numero: 24634-61-5 <br \/>\nKemiallinen kaava: C6H7KO2 <br \/>\nMoolimassa: 150,22 g \/mol <br \/>\nTullitariffikoodi: 29161995<\/p>\n<p><strong>Muut fyysiset ominaisuudet<\/strong><br \/>\npH: 8-11 (1400 g\/l H2O w 20\u00b0C)<br \/>\nSuhteellinen tiheys: 1,36 g\/cm3 (20\u00b0C)<br \/>\nLiukoisuus veteen: 1400 g\/l (20 \u00b0 C) <\/p>\n","protected":false},"excerpt":{"rendered":"<p> <strong> Kaliumsorbaatti (CAS 24634-61-5) <\/strong> <\/p>\n<p> Kaliumsorbaatti on sorbiinihapon kaliumsuola, kemiallinen kaava CH3CH = CH -CH = CH -CO2K. Se on valkoinen suola, joka liukenee hyvin veteen (58,2% 20 \u00b0 C: ssa). Sit\u00e4 k\u00e4ytet\u00e4\u00e4n ensisijaisesti elintarvikkeiden s\u00e4il\u00f6nt\u00e4aineena (E-numero 202). Kaliumsorbaatti on tehokas monissa sovelluksissa, mukaan lukien elintarvikkeet, viinit ja henkil\u00f6kohtaiset hygieniatuotteet. Sorbiinihappoa esiintyy luonnossa joissakin marjoissa, mutta k\u00e4yt\u00e4nn\u00f6ss\u00e4 kaikki maailman sorbiinihappo, josta kaliumsorbaatti on per\u00e4isin, valmistetaan synteettisesti.<\/p>\n","protected":false},"featured_media":14965,"template":"","meta":[],"product_brand":[],"product_cat":[180,294,290,307],"product_tag":[],"class_list":{"0":"post-14959","1":"product","2":"type-product","3":"status-publish","4":"has-post-thumbnail","6":"product_cat-uncategorized-fi-2","7":"product_cat-kosmetiikkateollisuus","8":"product_cat-rehuteollisuus","9":"product_cat-ruokateollisuus","11":"first","12":"instock","13":"taxable","14":"shipping-taxable","15":"purchasable","16":"product-type-variable"},"yoast_head":"<!-- This site is optimized with the Yoast SEO plugin v26.2 - https:\/\/yoast.com\/wordpress\/plugins\/seo\/ -->\n<title>Kaliumsorbaatti (CAS 24634-61-5) - Chemistry For Industry - Solvents &amp; Chemicals - Masterchem.ee<\/title>\n<meta name=\"description\" content=\"Kaliumsorbaatti on sorbiinihapon kaliumsuola, kemiallinen kaava CH3CH = CH -CH = CH -CO2K.\" \/>\n<meta name=\"robots\" content=\"index, follow, max-snippet:-1, max-image-preview:large, max-video-preview:-1\" \/>\n<link rel=\"canonical\" href=\"https:\/\/masterchem.ee\/fi\/tooted-ja-teenused\/kaliumsorbaatti-cas-24634-61-5\/\" \/>\n<meta name=\"twitter:card\" content=\"summary_large_image\" \/>\n<meta name=\"twitter:title\" content=\"Kaliumsorbaatti (CAS 24634-61-5) - Chemistry For Industry - Solvents &amp; Chemicals - Masterchem.ee\" \/>\n<meta name=\"twitter:description\" content=\"Kaliumsorbaatti on sorbiinihapon kaliumsuola, kemiallinen kaava CH3CH = CH -CH = CH -CO2K.\" \/>\n<meta name=\"twitter:image\" content=\"https:\/\/masterchem.ee\/wp-content\/uploads\/2021\/10\/Kaaliumsorbaat-25kg-MasterChem.jpg\" \/>\n<script type=\"application\/ld+json\" class=\"yoast-schema-graph\">{\"@context\":\"https:\/\/schema.org\",\"@graph\":[{\"@type\":\"WebPage\",\"@id\":\"https:\/\/masterchem.ee\/fi\/tooted-ja-teenused\/kaliumsorbaatti-cas-24634-61-5\/\",\"url\":\"https:\/\/masterchem.ee\/fi\/tooted-ja-teenused\/kaliumsorbaatti-cas-24634-61-5\/\",\"name\":\"Kaliumsorbaatti (CAS 24634-61-5) - Chemistry For Industry - Solvents &amp; Chemicals - Masterchem.ee\",\"isPartOf\":{\"@id\":\"https:\/\/masterchem.ee\/fi\/#website\"},\"primaryImageOfPage\":{\"@id\":\"https:\/\/masterchem.ee\/fi\/tooted-ja-teenused\/kaliumsorbaatti-cas-24634-61-5\/#primaryimage\"},\"image\":{\"@id\":\"https:\/\/masterchem.ee\/fi\/tooted-ja-teenused\/kaliumsorbaatti-cas-24634-61-5\/#primaryimage\"},\"thumbnailUrl\":\"https:\/\/masterchem.ee\/wp-content\/uploads\/2021\/10\/Kaaliumsorbaat-25kg-MasterChem.jpg\",\"datePublished\":\"2021-10-25T02:35:40+00:00\",\"dateModified\":\"2021-10-25T02:47:08+00:00\",\"description\":\"Kaliumsorbaatti on sorbiinihapon kaliumsuola, kemiallinen kaava CH3CH = CH -CH = CH -CO2K.\",\"breadcrumb\":{\"@id\":\"https:\/\/masterchem.ee\/fi\/tooted-ja-teenused\/kaliumsorbaatti-cas-24634-61-5\/#breadcrumb\"},\"inLanguage\":\"fi\",\"potentialAction\":[{\"@type\":\"ReadAction\",\"target\":[\"https:\/\/masterchem.ee\/fi\/tooted-ja-teenused\/kaliumsorbaatti-cas-24634-61-5\/\"]}]},{\"@type\":\"ImageObject\",\"inLanguage\":\"fi\",\"@id\":\"https:\/\/masterchem.ee\/fi\/tooted-ja-teenused\/kaliumsorbaatti-cas-24634-61-5\/#primaryimage\",\"url\":\"https:\/\/masterchem.ee\/wp-content\/uploads\/2021\/10\/Kaaliumsorbaat-25kg-MasterChem.jpg\",\"contentUrl\":\"https:\/\/masterchem.ee\/wp-content\/uploads\/2021\/10\/Kaaliumsorbaat-25kg-MasterChem.jpg\",\"width\":1000,\"height\":1000,\"caption\":\"Kaliumsorbaatti (CAS 24634-61-5) 25kg MasterChem\"},{\"@type\":\"BreadcrumbList\",\"@id\":\"https:\/\/masterchem.ee\/fi\/tooted-ja-teenused\/kaliumsorbaatti-cas-24634-61-5\/#breadcrumb\",\"itemListElement\":[{\"@type\":\"ListItem\",\"position\":1,\"name\":\"Home\",\"item\":\"https:\/\/masterchem.ee\/fi\/\"},{\"@type\":\"ListItem\",\"position\":2,\"name\":\"Tooted ja teenused\",\"item\":\"https:\/\/masterchem.ee\/tooted-ja-teenused\/\"},{\"@type\":\"ListItem\",\"position\":3,\"name\":\"Kaliumsorbaatti (CAS 24634-61-5)\"}]},{\"@type\":\"WebSite\",\"@id\":\"https:\/\/masterchem.ee\/fi\/#website\",\"url\":\"https:\/\/masterchem.ee\/fi\/\",\"name\":\"Masterchem.ee\",\"description\":\"Chemistry For Industry - Solvents &amp; Chemicals\",\"publisher\":{\"@id\":\"https:\/\/masterchem.ee\/fi\/#organization\"},\"potentialAction\":[{\"@type\":\"SearchAction\",\"target\":{\"@type\":\"EntryPoint\",\"urlTemplate\":\"https:\/\/masterchem.ee\/fi\/?s={search_term_string}\"},\"query-input\":{\"@type\":\"PropertyValueSpecification\",\"valueRequired\":true,\"valueName\":\"search_term_string\"}}],\"inLanguage\":\"fi\"},{\"@type\":\"Organization\",\"@id\":\"https:\/\/masterchem.ee\/fi\/#organization\",\"name\":\"Masterchem\",\"url\":\"https:\/\/masterchem.ee\/fi\/\",\"logo\":{\"@type\":\"ImageObject\",\"inLanguage\":\"fi\",\"@id\":\"https:\/\/masterchem.ee\/fi\/#\/schema\/logo\/image\/\",\"url\":\"https:\/\/masterchem.ee\/wp-content\/uploads\/2018\/02\/master-chem_final-1.png\",\"contentUrl\":\"https:\/\/masterchem.ee\/wp-content\/uploads\/2018\/02\/master-chem_final-1.png\",\"width\":850,\"height\":356,\"caption\":\"Masterchem\"},\"image\":{\"@id\":\"https:\/\/masterchem.ee\/fi\/#\/schema\/logo\/image\/\"}}]}<\/script>\n<!-- \/ Yoast SEO plugin. -->","yoast_head_json":{"title":"Kaliumsorbaatti (CAS 24634-61-5) - Chemistry For Industry - Solvents &amp; Chemicals - Masterchem.ee","description":"Kaliumsorbaatti on sorbiinihapon kaliumsuola, kemiallinen kaava CH3CH = CH -CH = CH -CO2K.","robots":{"index":"index","follow":"follow","max-snippet":"max-snippet:-1","max-image-preview":"max-image-preview:large","max-video-preview":"max-video-preview:-1"},"canonical":"https:\/\/masterchem.ee\/fi\/tooted-ja-teenused\/kaliumsorbaatti-cas-24634-61-5\/","twitter_card":"summary_large_image","twitter_title":"Kaliumsorbaatti (CAS 24634-61-5) - Chemistry For Industry - Solvents &amp; Chemicals - Masterchem.ee","twitter_description":"Kaliumsorbaatti on sorbiinihapon kaliumsuola, kemiallinen kaava CH3CH = CH -CH = CH -CO2K.","twitter_image":"https:\/\/masterchem.ee\/wp-content\/uploads\/2021\/10\/Kaaliumsorbaat-25kg-MasterChem.jpg","schema":{"@context":"https:\/\/schema.org","@graph":[{"@type":"WebPage","@id":"https:\/\/masterchem.ee\/fi\/tooted-ja-teenused\/kaliumsorbaatti-cas-24634-61-5\/","url":"https:\/\/masterchem.ee\/fi\/tooted-ja-teenused\/kaliumsorbaatti-cas-24634-61-5\/","name":"Kaliumsorbaatti (CAS 24634-61-5) - Chemistry For Industry - Solvents &amp; Chemicals - Masterchem.ee","isPartOf":{"@id":"https:\/\/masterchem.ee\/fi\/#website"},"primaryImageOfPage":{"@id":"https:\/\/masterchem.ee\/fi\/tooted-ja-teenused\/kaliumsorbaatti-cas-24634-61-5\/#primaryimage"},"image":{"@id":"https:\/\/masterchem.ee\/fi\/tooted-ja-teenused\/kaliumsorbaatti-cas-24634-61-5\/#primaryimage"},"thumbnailUrl":"https:\/\/masterchem.ee\/wp-content\/uploads\/2021\/10\/Kaaliumsorbaat-25kg-MasterChem.jpg","datePublished":"2021-10-25T02:35:40+00:00","dateModified":"2021-10-25T02:47:08+00:00","description":"Kaliumsorbaatti on sorbiinihapon kaliumsuola, kemiallinen kaava CH3CH = CH -CH = CH -CO2K.","breadcrumb":{"@id":"https:\/\/masterchem.ee\/fi\/tooted-ja-teenused\/kaliumsorbaatti-cas-24634-61-5\/#breadcrumb"},"inLanguage":"fi","potentialAction":[{"@type":"ReadAction","target":["https:\/\/masterchem.ee\/fi\/tooted-ja-teenused\/kaliumsorbaatti-cas-24634-61-5\/"]}]},{"@type":"ImageObject","inLanguage":"fi","@id":"https:\/\/masterchem.ee\/fi\/tooted-ja-teenused\/kaliumsorbaatti-cas-24634-61-5\/#primaryimage","url":"https:\/\/masterchem.ee\/wp-content\/uploads\/2021\/10\/Kaaliumsorbaat-25kg-MasterChem.jpg","contentUrl":"https:\/\/masterchem.ee\/wp-content\/uploads\/2021\/10\/Kaaliumsorbaat-25kg-MasterChem.jpg","width":1000,"height":1000,"caption":"Kaliumsorbaatti (CAS 24634-61-5) 25kg MasterChem"},{"@type":"BreadcrumbList","@id":"https:\/\/masterchem.ee\/fi\/tooted-ja-teenused\/kaliumsorbaatti-cas-24634-61-5\/#breadcrumb","itemListElement":[{"@type":"ListItem","position":1,"name":"Home","item":"https:\/\/masterchem.ee\/fi\/"},{"@type":"ListItem","position":2,"name":"Tooted ja teenused","item":"https:\/\/masterchem.ee\/tooted-ja-teenused\/"},{"@type":"ListItem","position":3,"name":"Kaliumsorbaatti (CAS 24634-61-5)"}]},{"@type":"WebSite","@id":"https:\/\/masterchem.ee\/fi\/#website","url":"https:\/\/masterchem.ee\/fi\/","name":"Masterchem.ee","description":"Chemistry For Industry - Solvents &amp; Chemicals","publisher":{"@id":"https:\/\/masterchem.ee\/fi\/#organization"},"potentialAction":[{"@type":"SearchAction","target":{"@type":"EntryPoint","urlTemplate":"https:\/\/masterchem.ee\/fi\/?s={search_term_string}"},"query-input":{"@type":"PropertyValueSpecification","valueRequired":true,"valueName":"search_term_string"}}],"inLanguage":"fi"},{"@type":"Organization","@id":"https:\/\/masterchem.ee\/fi\/#organization","name":"Masterchem","url":"https:\/\/masterchem.ee\/fi\/","logo":{"@type":"ImageObject","inLanguage":"fi","@id":"https:\/\/masterchem.ee\/fi\/#\/schema\/logo\/image\/","url":"https:\/\/masterchem.ee\/wp-content\/uploads\/2018\/02\/master-chem_final-1.png","contentUrl":"https:\/\/masterchem.ee\/wp-content\/uploads\/2018\/02\/master-chem_final-1.png","width":850,"height":356,"caption":"Masterchem"},"image":{"@id":"https:\/\/masterchem.ee\/fi\/#\/schema\/logo\/image\/"}}]}},"_links":{"self":[{"href":"https:\/\/masterchem.ee\/fi\/wp-json\/wp\/v2\/product\/14959","targetHints":{"allow":["GET"]}}],"collection":[{"href":"https:\/\/masterchem.ee\/fi\/wp-json\/wp\/v2\/product"}],"about":[{"href":"https:\/\/masterchem.ee\/fi\/wp-json\/wp\/v2\/types\/product"}],"wp:featuredmedia":[{"embeddable":true,"href":"https:\/\/masterchem.ee\/fi\/wp-json\/wp\/v2\/media\/14965"}],"wp:attachment":[{"href":"https:\/\/masterchem.ee\/fi\/wp-json\/wp\/v2\/media?parent=14959"}],"wp:term":[{"taxonomy":"product_brand","embeddable":true,"href":"https:\/\/masterchem.ee\/fi\/wp-json\/wp\/v2\/product_brand?post=14959"},{"taxonomy":"product_cat","embeddable":true,"href":"https:\/\/masterchem.ee\/fi\/wp-json\/wp\/v2\/product_cat?post=14959"},{"taxonomy":"product_tag","embeddable":true,"href":"https:\/\/masterchem.ee\/fi\/wp-json\/wp\/v2\/product_tag?post=14959"}],"curies":[{"name":"wp","href":"https:\/\/api.w.org\/{rel}","templated":true}]}}