{"id":14943,"date":"2021-10-25T02:03:08","date_gmt":"2021-10-25T02:03:11","guid":{"rendered":"https:\/\/masterchem.ee\/?post_type=product&#038;p=14943"},"modified":"2021-10-25T02:16:08","modified_gmt":"2021-10-25T02:16:08","slug":"sorbilot-70-cas-68425-17-2","status":"publish","type":"product","link":"https:\/\/masterchem.ee\/fi\/tooted-ja-teenused\/sorbilot-70-cas-68425-17-2\/","title":{"rendered":"Sorbilot 70% (CAS 68425-17-2)"},"content":{"rendered":"<p> <strong> Info<\/strong> <\/p>\n<p> Toimialat: kosmetiikkateollisuus, liimat, \u00f6ljyt, rasvat, l\u00e4\u00e4keteollisuus, rehuteollisuus <br \/>\nCAS-numero: 68425-17-2 <br \/>\nWE-numero: 270-337-8 <br \/>\nKemiallinen kaava: C6H14O6 <br \/>\nTullitariffikoodi: 38249992<\/p>\n<p><strong>Muut fyysiset ominaisuudet<\/strong><br \/>\npH: 5,8 (50 %)<br \/>\nKiehumispiste\/alue: ~ 315\u00b0C<br \/>\nSuhteellinen tiheys: ~1,3 g\/cm3<\/p>\n","protected":false},"excerpt":{"rendered":"<p> <strong> Sorbilot 70% (CAS 68425-17-2) <\/strong> <\/p>\n<p> Sorbitoli on heksahydrinen alkoholi, jota esiintyy pienin\u00e4 m\u00e4\u00e4rin\u00e4 hedelmiss\u00e4. Kaupallinen tuote saadaan hydraamalla dekstroosi. Sorbitolia k\u00e4ytet\u00e4\u00e4n kosmetiikassa, hammastahnassa, tupakassa, l\u00e4\u00e4kkeiss\u00e4 jne. Sorbitol 70% Type NC on kiteytym\u00e4t\u00f6n vesiliuos.<\/p>\n<p>Tuotetta k\u00e4ytet\u00e4\u00e4n perusainesosana, makeutusaineena ja kosteuttavana aineena kosmetiikassa ja l\u00e4\u00e4kkeiss\u00e4 mm. tabletit\/pillerit, hammastahnat, ysk\u00e4nl\u00e4\u00e4kkeet tai suuvedet. My\u00f6s elintarviketeollisuudessa tuotetta k\u00e4ytet\u00e4\u00e4n ja listataan elintarvikelis\u00e4aineeksi numerolla E 420. Glyseriinin vaihtoehtona Sorbitolia voidaan k\u00e4ytt\u00e4\u00e4 erilaisissa teknisiss\u00e4 sovelluksissa, kuten tekstiilien apuaineissa ja polyuretaaneissa.<\/p>\n","protected":false},"featured_media":14949,"template":"","meta":[],"product_brand":[],"product_cat":[180,294,120,290],"product_tag":[],"class_list":{"0":"post-14943","1":"product","2":"type-product","3":"status-publish","4":"has-post-thumbnail","6":"product_cat-uncategorized-fi-2","7":"product_cat-kosmetiikkateollisuus","8":"product_cat-laaketeollisuus","9":"product_cat-rehuteollisuus","11":"first","12":"instock","13":"taxable","14":"shipping-taxable","15":"purchasable","16":"product-type-variable"},"yoast_head":"<!-- This site is optimized with the Yoast SEO plugin v26.2 - https:\/\/yoast.com\/wordpress\/plugins\/seo\/ -->\n<title>Sorbilot 70% (CAS 68425-17-2) - Chemistry For Industry - Solvents &amp; Chemicals - Masterchem.ee<\/title>\n<meta name=\"description\" content=\"Sorbitoli on heksahydrinen alkoholi, jota esiintyy pienin\u00e4 m\u00e4\u00e4rin\u00e4 hedelmiss\u00e4. Kaupallinen tuote saadaan hydraamalla dekstroosi.\" \/>\n<meta name=\"robots\" content=\"index, follow, max-snippet:-1, max-image-preview:large, max-video-preview:-1\" \/>\n<link rel=\"canonical\" href=\"https:\/\/masterchem.ee\/fi\/tooted-ja-teenused\/sorbilot-70-cas-68425-17-2\/\" \/>\n<meta name=\"twitter:card\" content=\"summary_large_image\" \/>\n<meta name=\"twitter:title\" content=\"Sorbilot 70% (CAS 68425-17-2) - Chemistry For Industry - Solvents &amp; Chemicals - Masterchem.ee\" \/>\n<meta name=\"twitter:description\" content=\"Sorbitoli on heksahydrinen alkoholi, jota esiintyy pienin\u00e4 m\u00e4\u00e4rin\u00e4 hedelmiss\u00e4. Kaupallinen tuote saadaan hydraamalla dekstroosi.\" \/>\n<meta name=\"twitter:image\" content=\"https:\/\/masterchem.ee\/wp-content\/uploads\/2021\/10\/Sorbilot-70-25kg-MasterChem.jpg\" \/>\n<script type=\"application\/ld+json\" class=\"yoast-schema-graph\">{\"@context\":\"https:\/\/schema.org\",\"@graph\":[{\"@type\":\"WebPage\",\"@id\":\"https:\/\/masterchem.ee\/fi\/tooted-ja-teenused\/sorbilot-70-cas-68425-17-2\/\",\"url\":\"https:\/\/masterchem.ee\/fi\/tooted-ja-teenused\/sorbilot-70-cas-68425-17-2\/\",\"name\":\"Sorbilot 70% (CAS 68425-17-2) - Chemistry For Industry - Solvents &amp; Chemicals - Masterchem.ee\",\"isPartOf\":{\"@id\":\"https:\/\/masterchem.ee\/fi\/#website\"},\"primaryImageOfPage\":{\"@id\":\"https:\/\/masterchem.ee\/fi\/tooted-ja-teenused\/sorbilot-70-cas-68425-17-2\/#primaryimage\"},\"image\":{\"@id\":\"https:\/\/masterchem.ee\/fi\/tooted-ja-teenused\/sorbilot-70-cas-68425-17-2\/#primaryimage\"},\"thumbnailUrl\":\"https:\/\/masterchem.ee\/wp-content\/uploads\/2021\/10\/Sorbilot-70-25kg-MasterChem.jpg\",\"datePublished\":\"2021-10-25T02:03:11+00:00\",\"dateModified\":\"2021-10-25T02:16:08+00:00\",\"description\":\"Sorbitoli on heksahydrinen alkoholi, jota esiintyy pienin\u00e4 m\u00e4\u00e4rin\u00e4 hedelmiss\u00e4. Kaupallinen tuote saadaan hydraamalla dekstroosi.\",\"breadcrumb\":{\"@id\":\"https:\/\/masterchem.ee\/fi\/tooted-ja-teenused\/sorbilot-70-cas-68425-17-2\/#breadcrumb\"},\"inLanguage\":\"fi\",\"potentialAction\":[{\"@type\":\"ReadAction\",\"target\":[\"https:\/\/masterchem.ee\/fi\/tooted-ja-teenused\/sorbilot-70-cas-68425-17-2\/\"]}]},{\"@type\":\"ImageObject\",\"inLanguage\":\"fi\",\"@id\":\"https:\/\/masterchem.ee\/fi\/tooted-ja-teenused\/sorbilot-70-cas-68425-17-2\/#primaryimage\",\"url\":\"https:\/\/masterchem.ee\/wp-content\/uploads\/2021\/10\/Sorbilot-70-25kg-MasterChem.jpg\",\"contentUrl\":\"https:\/\/masterchem.ee\/wp-content\/uploads\/2021\/10\/Sorbilot-70-25kg-MasterChem.jpg\",\"width\":1000,\"height\":1000,\"caption\":\"Sorbilot 70% (CAS 68425-17-2) 25kg-MasterChem\"},{\"@type\":\"BreadcrumbList\",\"@id\":\"https:\/\/masterchem.ee\/fi\/tooted-ja-teenused\/sorbilot-70-cas-68425-17-2\/#breadcrumb\",\"itemListElement\":[{\"@type\":\"ListItem\",\"position\":1,\"name\":\"Home\",\"item\":\"https:\/\/masterchem.ee\/fi\/\"},{\"@type\":\"ListItem\",\"position\":2,\"name\":\"Tooted ja teenused\",\"item\":\"https:\/\/masterchem.ee\/tooted-ja-teenused\/\"},{\"@type\":\"ListItem\",\"position\":3,\"name\":\"Sorbilot 70% (CAS 68425-17-2)\"}]},{\"@type\":\"WebSite\",\"@id\":\"https:\/\/masterchem.ee\/fi\/#website\",\"url\":\"https:\/\/masterchem.ee\/fi\/\",\"name\":\"Masterchem.ee\",\"description\":\"Chemistry For Industry - Solvents &amp; Chemicals\",\"publisher\":{\"@id\":\"https:\/\/masterchem.ee\/fi\/#organization\"},\"potentialAction\":[{\"@type\":\"SearchAction\",\"target\":{\"@type\":\"EntryPoint\",\"urlTemplate\":\"https:\/\/masterchem.ee\/fi\/?s={search_term_string}\"},\"query-input\":{\"@type\":\"PropertyValueSpecification\",\"valueRequired\":true,\"valueName\":\"search_term_string\"}}],\"inLanguage\":\"fi\"},{\"@type\":\"Organization\",\"@id\":\"https:\/\/masterchem.ee\/fi\/#organization\",\"name\":\"Masterchem\",\"url\":\"https:\/\/masterchem.ee\/fi\/\",\"logo\":{\"@type\":\"ImageObject\",\"inLanguage\":\"fi\",\"@id\":\"https:\/\/masterchem.ee\/fi\/#\/schema\/logo\/image\/\",\"url\":\"https:\/\/masterchem.ee\/wp-content\/uploads\/2018\/02\/master-chem_final-1.png\",\"contentUrl\":\"https:\/\/masterchem.ee\/wp-content\/uploads\/2018\/02\/master-chem_final-1.png\",\"width\":850,\"height\":356,\"caption\":\"Masterchem\"},\"image\":{\"@id\":\"https:\/\/masterchem.ee\/fi\/#\/schema\/logo\/image\/\"}}]}<\/script>\n<!-- \/ Yoast SEO plugin. -->","yoast_head_json":{"title":"Sorbilot 70% (CAS 68425-17-2) - Chemistry For Industry - Solvents &amp; Chemicals - Masterchem.ee","description":"Sorbitoli on heksahydrinen alkoholi, jota esiintyy pienin\u00e4 m\u00e4\u00e4rin\u00e4 hedelmiss\u00e4. Kaupallinen tuote saadaan hydraamalla dekstroosi.","robots":{"index":"index","follow":"follow","max-snippet":"max-snippet:-1","max-image-preview":"max-image-preview:large","max-video-preview":"max-video-preview:-1"},"canonical":"https:\/\/masterchem.ee\/fi\/tooted-ja-teenused\/sorbilot-70-cas-68425-17-2\/","twitter_card":"summary_large_image","twitter_title":"Sorbilot 70% (CAS 68425-17-2) - Chemistry For Industry - Solvents &amp; Chemicals - Masterchem.ee","twitter_description":"Sorbitoli on heksahydrinen alkoholi, jota esiintyy pienin\u00e4 m\u00e4\u00e4rin\u00e4 hedelmiss\u00e4. Kaupallinen tuote saadaan hydraamalla dekstroosi.","twitter_image":"https:\/\/masterchem.ee\/wp-content\/uploads\/2021\/10\/Sorbilot-70-25kg-MasterChem.jpg","schema":{"@context":"https:\/\/schema.org","@graph":[{"@type":"WebPage","@id":"https:\/\/masterchem.ee\/fi\/tooted-ja-teenused\/sorbilot-70-cas-68425-17-2\/","url":"https:\/\/masterchem.ee\/fi\/tooted-ja-teenused\/sorbilot-70-cas-68425-17-2\/","name":"Sorbilot 70% (CAS 68425-17-2) - Chemistry For Industry - Solvents &amp; Chemicals - Masterchem.ee","isPartOf":{"@id":"https:\/\/masterchem.ee\/fi\/#website"},"primaryImageOfPage":{"@id":"https:\/\/masterchem.ee\/fi\/tooted-ja-teenused\/sorbilot-70-cas-68425-17-2\/#primaryimage"},"image":{"@id":"https:\/\/masterchem.ee\/fi\/tooted-ja-teenused\/sorbilot-70-cas-68425-17-2\/#primaryimage"},"thumbnailUrl":"https:\/\/masterchem.ee\/wp-content\/uploads\/2021\/10\/Sorbilot-70-25kg-MasterChem.jpg","datePublished":"2021-10-25T02:03:11+00:00","dateModified":"2021-10-25T02:16:08+00:00","description":"Sorbitoli on heksahydrinen alkoholi, jota esiintyy pienin\u00e4 m\u00e4\u00e4rin\u00e4 hedelmiss\u00e4. Kaupallinen tuote saadaan hydraamalla dekstroosi.","breadcrumb":{"@id":"https:\/\/masterchem.ee\/fi\/tooted-ja-teenused\/sorbilot-70-cas-68425-17-2\/#breadcrumb"},"inLanguage":"fi","potentialAction":[{"@type":"ReadAction","target":["https:\/\/masterchem.ee\/fi\/tooted-ja-teenused\/sorbilot-70-cas-68425-17-2\/"]}]},{"@type":"ImageObject","inLanguage":"fi","@id":"https:\/\/masterchem.ee\/fi\/tooted-ja-teenused\/sorbilot-70-cas-68425-17-2\/#primaryimage","url":"https:\/\/masterchem.ee\/wp-content\/uploads\/2021\/10\/Sorbilot-70-25kg-MasterChem.jpg","contentUrl":"https:\/\/masterchem.ee\/wp-content\/uploads\/2021\/10\/Sorbilot-70-25kg-MasterChem.jpg","width":1000,"height":1000,"caption":"Sorbilot 70% (CAS 68425-17-2) 25kg-MasterChem"},{"@type":"BreadcrumbList","@id":"https:\/\/masterchem.ee\/fi\/tooted-ja-teenused\/sorbilot-70-cas-68425-17-2\/#breadcrumb","itemListElement":[{"@type":"ListItem","position":1,"name":"Home","item":"https:\/\/masterchem.ee\/fi\/"},{"@type":"ListItem","position":2,"name":"Tooted ja teenused","item":"https:\/\/masterchem.ee\/tooted-ja-teenused\/"},{"@type":"ListItem","position":3,"name":"Sorbilot 70% (CAS 68425-17-2)"}]},{"@type":"WebSite","@id":"https:\/\/masterchem.ee\/fi\/#website","url":"https:\/\/masterchem.ee\/fi\/","name":"Masterchem.ee","description":"Chemistry For Industry - Solvents &amp; Chemicals","publisher":{"@id":"https:\/\/masterchem.ee\/fi\/#organization"},"potentialAction":[{"@type":"SearchAction","target":{"@type":"EntryPoint","urlTemplate":"https:\/\/masterchem.ee\/fi\/?s={search_term_string}"},"query-input":{"@type":"PropertyValueSpecification","valueRequired":true,"valueName":"search_term_string"}}],"inLanguage":"fi"},{"@type":"Organization","@id":"https:\/\/masterchem.ee\/fi\/#organization","name":"Masterchem","url":"https:\/\/masterchem.ee\/fi\/","logo":{"@type":"ImageObject","inLanguage":"fi","@id":"https:\/\/masterchem.ee\/fi\/#\/schema\/logo\/image\/","url":"https:\/\/masterchem.ee\/wp-content\/uploads\/2018\/02\/master-chem_final-1.png","contentUrl":"https:\/\/masterchem.ee\/wp-content\/uploads\/2018\/02\/master-chem_final-1.png","width":850,"height":356,"caption":"Masterchem"},"image":{"@id":"https:\/\/masterchem.ee\/fi\/#\/schema\/logo\/image\/"}}]}},"_links":{"self":[{"href":"https:\/\/masterchem.ee\/fi\/wp-json\/wp\/v2\/product\/14943","targetHints":{"allow":["GET"]}}],"collection":[{"href":"https:\/\/masterchem.ee\/fi\/wp-json\/wp\/v2\/product"}],"about":[{"href":"https:\/\/masterchem.ee\/fi\/wp-json\/wp\/v2\/types\/product"}],"wp:featuredmedia":[{"embeddable":true,"href":"https:\/\/masterchem.ee\/fi\/wp-json\/wp\/v2\/media\/14949"}],"wp:attachment":[{"href":"https:\/\/masterchem.ee\/fi\/wp-json\/wp\/v2\/media?parent=14943"}],"wp:term":[{"taxonomy":"product_brand","embeddable":true,"href":"https:\/\/masterchem.ee\/fi\/wp-json\/wp\/v2\/product_brand?post=14943"},{"taxonomy":"product_cat","embeddable":true,"href":"https:\/\/masterchem.ee\/fi\/wp-json\/wp\/v2\/product_cat?post=14943"},{"taxonomy":"product_tag","embeddable":true,"href":"https:\/\/masterchem.ee\/fi\/wp-json\/wp\/v2\/product_tag?post=14943"}],"curies":[{"name":"wp","href":"https:\/\/api.w.org\/{rel}","templated":true}]}}