{"id":14928,"date":"2021-10-25T01:39:15","date_gmt":"2021-10-25T01:39:19","guid":{"rendered":"https:\/\/masterchem.ee\/?post_type=product&#038;p=14928"},"modified":"2021-10-25T01:50:39","modified_gmt":"2021-10-25T01:50:39","slug":"magnesiumoksidi-cas-1309-48-4","status":"publish","type":"product","link":"https:\/\/masterchem.ee\/fi\/tooted-ja-teenused\/magnesiumoksidi-cas-1309-48-4\/","title":{"rendered":"Magnesiumoksidi (CAS 1309-48-4)"},"content":{"rendered":"<p> <strong> Info<\/strong> <\/p>\n<p> Toimialat: Lasi ja keramiikka, L\u00e4\u00e4keteollisuus, Rehuteollisuus, Rakennuskemia <br \/>\nCAS-numero: 1309-48-4 <br \/>\nWE-numero: 215-171-9<br \/>\nKemiallinen kaava: MgO<br \/>\nMoolimassa: 40,3 g\/mol<br \/>\nTullitariffi: 25199010 <\/p>\n<p><strong>Muut fyysiset ominaisuudet<\/strong><br \/>\nSulamis-\/j\u00e4\u00e4tymispiste: 2800\u00b0C<br \/>\nKiehumispiste\/alue: 3600\u00b0C (1000 hPa)<br \/>\nSuhteellinen tiheys: 3,58 g\/cm3 (20\u00b0C )<br \/>\nLiukoisuus veteen: 0,006 g\/100 ml (20 \u00b0 C) <\/p>\n","protected":false},"excerpt":{"rendered":"<p> <strong>Mangaanioksidi (CAS 1344-43-0)<\/strong> <\/p>\n<p>Magnesiumoksidi eli magnesia (MgO) on magnesiumin ja hapen kemiallinen yhdiste. Se on valkoista, haurasta ainetta. Se on ioniyhdiste, joka koostuu kahdenarvoisista positiivisista magnesiumioneista (Mg2+) ja kahdenarvoisista negatiivisista oksidi-ioneista (O2-). Sen kiderakenne on samankaltainen kuin natriumkloridin.<\/p>\n<p>Magnesiumoksidia esiintyy luonnossakin er\u00e4iss\u00e4 mineraaleissa. Sit\u00e4 syntyy my\u00f6s magnesiumin palaessa esimerkiksi kameroiden salamavalolaitteissa. Se on vahvasti hygroskooppista, ja veden vaikutuksesta se muuttuu magnesiumhydroksidiksi (MgO + H2O \u2192 Mg(OH)2). Kuumentamalla magnesiumhydroksidi voidaan kuitenkin muuttaa takaisin magnesiumoksidiksi, jolloin siihen sitoutunut vesi h\u00f6yrystyy.<\/p>\n","protected":false},"featured_media":14934,"template":"","meta":[],"product_brand":[],"product_cat":[180,120,298,114,290],"product_tag":[],"class_list":{"0":"post-14928","1":"product","2":"type-product","3":"status-publish","4":"has-post-thumbnail","6":"product_cat-uncategorized-fi-2","7":"product_cat-laaketeollisuus","8":"product_cat-lasi-ja-keramiikka","9":"product_cat-rakennusteollisuus","10":"product_cat-rehuteollisuus","12":"first","13":"instock","14":"taxable","15":"shipping-taxable","16":"purchasable","17":"product-type-variable"},"yoast_head":"<!-- This site is optimized with the Yoast SEO plugin v26.2 - https:\/\/yoast.com\/wordpress\/plugins\/seo\/ -->\n<title>Magnesiumoksidi (CAS 1309-48-4) - Chemistry For Industry - Solvents &amp; Chemicals - Masterchem.ee<\/title>\n<meta name=\"description\" content=\"Magnesiumoksidi eli magnesia (MgO) on magnesiumin ja hapen kemiallinen yhdiste. Se on valkoista, haurasta ainetta.\" \/>\n<meta name=\"robots\" content=\"index, follow, max-snippet:-1, max-image-preview:large, max-video-preview:-1\" \/>\n<link rel=\"canonical\" href=\"https:\/\/masterchem.ee\/fi\/tooted-ja-teenused\/magnesiumoksidi-cas-1309-48-4\/\" \/>\n<meta name=\"twitter:card\" content=\"summary_large_image\" \/>\n<meta name=\"twitter:title\" content=\"Magnesiumoksidi (CAS 1309-48-4) - Chemistry For Industry - Solvents &amp; Chemicals - Masterchem.ee\" \/>\n<meta name=\"twitter:description\" content=\"Magnesiumoksidi eli magnesia (MgO) on magnesiumin ja hapen kemiallinen yhdiste. Se on valkoista, haurasta ainetta.\" \/>\n<meta name=\"twitter:image\" content=\"https:\/\/masterchem.ee\/wp-content\/uploads\/2021\/10\/Magneesiumoksiid-25kg-MasterChem.jpg\" \/>\n<script type=\"application\/ld+json\" class=\"yoast-schema-graph\">{\"@context\":\"https:\/\/schema.org\",\"@graph\":[{\"@type\":\"WebPage\",\"@id\":\"https:\/\/masterchem.ee\/fi\/tooted-ja-teenused\/magnesiumoksidi-cas-1309-48-4\/\",\"url\":\"https:\/\/masterchem.ee\/fi\/tooted-ja-teenused\/magnesiumoksidi-cas-1309-48-4\/\",\"name\":\"Magnesiumoksidi (CAS 1309-48-4) - Chemistry For Industry - Solvents &amp; Chemicals - Masterchem.ee\",\"isPartOf\":{\"@id\":\"https:\/\/masterchem.ee\/fi\/#website\"},\"primaryImageOfPage\":{\"@id\":\"https:\/\/masterchem.ee\/fi\/tooted-ja-teenused\/magnesiumoksidi-cas-1309-48-4\/#primaryimage\"},\"image\":{\"@id\":\"https:\/\/masterchem.ee\/fi\/tooted-ja-teenused\/magnesiumoksidi-cas-1309-48-4\/#primaryimage\"},\"thumbnailUrl\":\"https:\/\/masterchem.ee\/wp-content\/uploads\/2021\/10\/Magneesiumoksiid-25kg-MasterChem.jpg\",\"datePublished\":\"2021-10-25T01:39:19+00:00\",\"dateModified\":\"2021-10-25T01:50:39+00:00\",\"description\":\"Magnesiumoksidi eli magnesia (MgO) on magnesiumin ja hapen kemiallinen yhdiste. Se on valkoista, haurasta ainetta.\",\"breadcrumb\":{\"@id\":\"https:\/\/masterchem.ee\/fi\/tooted-ja-teenused\/magnesiumoksidi-cas-1309-48-4\/#breadcrumb\"},\"inLanguage\":\"fi\",\"potentialAction\":[{\"@type\":\"ReadAction\",\"target\":[\"https:\/\/masterchem.ee\/fi\/tooted-ja-teenused\/magnesiumoksidi-cas-1309-48-4\/\"]}]},{\"@type\":\"ImageObject\",\"inLanguage\":\"fi\",\"@id\":\"https:\/\/masterchem.ee\/fi\/tooted-ja-teenused\/magnesiumoksidi-cas-1309-48-4\/#primaryimage\",\"url\":\"https:\/\/masterchem.ee\/wp-content\/uploads\/2021\/10\/Magneesiumoksiid-25kg-MasterChem.jpg\",\"contentUrl\":\"https:\/\/masterchem.ee\/wp-content\/uploads\/2021\/10\/Magneesiumoksiid-25kg-MasterChem.jpg\",\"width\":1000,\"height\":1000,\"caption\":\"Magnesiumoksidi (CAS 1309-48-4) 25kg MasterChem\"},{\"@type\":\"BreadcrumbList\",\"@id\":\"https:\/\/masterchem.ee\/fi\/tooted-ja-teenused\/magnesiumoksidi-cas-1309-48-4\/#breadcrumb\",\"itemListElement\":[{\"@type\":\"ListItem\",\"position\":1,\"name\":\"Home\",\"item\":\"https:\/\/masterchem.ee\/fi\/\"},{\"@type\":\"ListItem\",\"position\":2,\"name\":\"Tooted ja teenused\",\"item\":\"https:\/\/masterchem.ee\/tooted-ja-teenused\/\"},{\"@type\":\"ListItem\",\"position\":3,\"name\":\"Magnesiumoksidi (CAS 1309-48-4)\"}]},{\"@type\":\"WebSite\",\"@id\":\"https:\/\/masterchem.ee\/fi\/#website\",\"url\":\"https:\/\/masterchem.ee\/fi\/\",\"name\":\"Masterchem.ee\",\"description\":\"Chemistry For Industry - Solvents &amp; Chemicals\",\"publisher\":{\"@id\":\"https:\/\/masterchem.ee\/fi\/#organization\"},\"potentialAction\":[{\"@type\":\"SearchAction\",\"target\":{\"@type\":\"EntryPoint\",\"urlTemplate\":\"https:\/\/masterchem.ee\/fi\/?s={search_term_string}\"},\"query-input\":{\"@type\":\"PropertyValueSpecification\",\"valueRequired\":true,\"valueName\":\"search_term_string\"}}],\"inLanguage\":\"fi\"},{\"@type\":\"Organization\",\"@id\":\"https:\/\/masterchem.ee\/fi\/#organization\",\"name\":\"Masterchem\",\"url\":\"https:\/\/masterchem.ee\/fi\/\",\"logo\":{\"@type\":\"ImageObject\",\"inLanguage\":\"fi\",\"@id\":\"https:\/\/masterchem.ee\/fi\/#\/schema\/logo\/image\/\",\"url\":\"https:\/\/masterchem.ee\/wp-content\/uploads\/2018\/02\/master-chem_final-1.png\",\"contentUrl\":\"https:\/\/masterchem.ee\/wp-content\/uploads\/2018\/02\/master-chem_final-1.png\",\"width\":850,\"height\":356,\"caption\":\"Masterchem\"},\"image\":{\"@id\":\"https:\/\/masterchem.ee\/fi\/#\/schema\/logo\/image\/\"}}]}<\/script>\n<!-- \/ Yoast SEO plugin. -->","yoast_head_json":{"title":"Magnesiumoksidi (CAS 1309-48-4) - Chemistry For Industry - Solvents &amp; Chemicals - Masterchem.ee","description":"Magnesiumoksidi eli magnesia (MgO) on magnesiumin ja hapen kemiallinen yhdiste. Se on valkoista, haurasta ainetta.","robots":{"index":"index","follow":"follow","max-snippet":"max-snippet:-1","max-image-preview":"max-image-preview:large","max-video-preview":"max-video-preview:-1"},"canonical":"https:\/\/masterchem.ee\/fi\/tooted-ja-teenused\/magnesiumoksidi-cas-1309-48-4\/","twitter_card":"summary_large_image","twitter_title":"Magnesiumoksidi (CAS 1309-48-4) - Chemistry For Industry - Solvents &amp; Chemicals - Masterchem.ee","twitter_description":"Magnesiumoksidi eli magnesia (MgO) on magnesiumin ja hapen kemiallinen yhdiste. Se on valkoista, haurasta ainetta.","twitter_image":"https:\/\/masterchem.ee\/wp-content\/uploads\/2021\/10\/Magneesiumoksiid-25kg-MasterChem.jpg","schema":{"@context":"https:\/\/schema.org","@graph":[{"@type":"WebPage","@id":"https:\/\/masterchem.ee\/fi\/tooted-ja-teenused\/magnesiumoksidi-cas-1309-48-4\/","url":"https:\/\/masterchem.ee\/fi\/tooted-ja-teenused\/magnesiumoksidi-cas-1309-48-4\/","name":"Magnesiumoksidi (CAS 1309-48-4) - Chemistry For Industry - Solvents &amp; Chemicals - Masterchem.ee","isPartOf":{"@id":"https:\/\/masterchem.ee\/fi\/#website"},"primaryImageOfPage":{"@id":"https:\/\/masterchem.ee\/fi\/tooted-ja-teenused\/magnesiumoksidi-cas-1309-48-4\/#primaryimage"},"image":{"@id":"https:\/\/masterchem.ee\/fi\/tooted-ja-teenused\/magnesiumoksidi-cas-1309-48-4\/#primaryimage"},"thumbnailUrl":"https:\/\/masterchem.ee\/wp-content\/uploads\/2021\/10\/Magneesiumoksiid-25kg-MasterChem.jpg","datePublished":"2021-10-25T01:39:19+00:00","dateModified":"2021-10-25T01:50:39+00:00","description":"Magnesiumoksidi eli magnesia (MgO) on magnesiumin ja hapen kemiallinen yhdiste. Se on valkoista, haurasta ainetta.","breadcrumb":{"@id":"https:\/\/masterchem.ee\/fi\/tooted-ja-teenused\/magnesiumoksidi-cas-1309-48-4\/#breadcrumb"},"inLanguage":"fi","potentialAction":[{"@type":"ReadAction","target":["https:\/\/masterchem.ee\/fi\/tooted-ja-teenused\/magnesiumoksidi-cas-1309-48-4\/"]}]},{"@type":"ImageObject","inLanguage":"fi","@id":"https:\/\/masterchem.ee\/fi\/tooted-ja-teenused\/magnesiumoksidi-cas-1309-48-4\/#primaryimage","url":"https:\/\/masterchem.ee\/wp-content\/uploads\/2021\/10\/Magneesiumoksiid-25kg-MasterChem.jpg","contentUrl":"https:\/\/masterchem.ee\/wp-content\/uploads\/2021\/10\/Magneesiumoksiid-25kg-MasterChem.jpg","width":1000,"height":1000,"caption":"Magnesiumoksidi (CAS 1309-48-4) 25kg MasterChem"},{"@type":"BreadcrumbList","@id":"https:\/\/masterchem.ee\/fi\/tooted-ja-teenused\/magnesiumoksidi-cas-1309-48-4\/#breadcrumb","itemListElement":[{"@type":"ListItem","position":1,"name":"Home","item":"https:\/\/masterchem.ee\/fi\/"},{"@type":"ListItem","position":2,"name":"Tooted ja teenused","item":"https:\/\/masterchem.ee\/tooted-ja-teenused\/"},{"@type":"ListItem","position":3,"name":"Magnesiumoksidi (CAS 1309-48-4)"}]},{"@type":"WebSite","@id":"https:\/\/masterchem.ee\/fi\/#website","url":"https:\/\/masterchem.ee\/fi\/","name":"Masterchem.ee","description":"Chemistry For Industry - Solvents &amp; Chemicals","publisher":{"@id":"https:\/\/masterchem.ee\/fi\/#organization"},"potentialAction":[{"@type":"SearchAction","target":{"@type":"EntryPoint","urlTemplate":"https:\/\/masterchem.ee\/fi\/?s={search_term_string}"},"query-input":{"@type":"PropertyValueSpecification","valueRequired":true,"valueName":"search_term_string"}}],"inLanguage":"fi"},{"@type":"Organization","@id":"https:\/\/masterchem.ee\/fi\/#organization","name":"Masterchem","url":"https:\/\/masterchem.ee\/fi\/","logo":{"@type":"ImageObject","inLanguage":"fi","@id":"https:\/\/masterchem.ee\/fi\/#\/schema\/logo\/image\/","url":"https:\/\/masterchem.ee\/wp-content\/uploads\/2018\/02\/master-chem_final-1.png","contentUrl":"https:\/\/masterchem.ee\/wp-content\/uploads\/2018\/02\/master-chem_final-1.png","width":850,"height":356,"caption":"Masterchem"},"image":{"@id":"https:\/\/masterchem.ee\/fi\/#\/schema\/logo\/image\/"}}]}},"_links":{"self":[{"href":"https:\/\/masterchem.ee\/fi\/wp-json\/wp\/v2\/product\/14928","targetHints":{"allow":["GET"]}}],"collection":[{"href":"https:\/\/masterchem.ee\/fi\/wp-json\/wp\/v2\/product"}],"about":[{"href":"https:\/\/masterchem.ee\/fi\/wp-json\/wp\/v2\/types\/product"}],"wp:featuredmedia":[{"embeddable":true,"href":"https:\/\/masterchem.ee\/fi\/wp-json\/wp\/v2\/media\/14934"}],"wp:attachment":[{"href":"https:\/\/masterchem.ee\/fi\/wp-json\/wp\/v2\/media?parent=14928"}],"wp:term":[{"taxonomy":"product_brand","embeddable":true,"href":"https:\/\/masterchem.ee\/fi\/wp-json\/wp\/v2\/product_brand?post=14928"},{"taxonomy":"product_cat","embeddable":true,"href":"https:\/\/masterchem.ee\/fi\/wp-json\/wp\/v2\/product_cat?post=14928"},{"taxonomy":"product_tag","embeddable":true,"href":"https:\/\/masterchem.ee\/fi\/wp-json\/wp\/v2\/product_tag?post=14928"}],"curies":[{"name":"wp","href":"https:\/\/api.w.org\/{rel}","templated":true}]}}