{"id":14912,"date":"2021-10-24T17:55:17","date_gmt":"2021-10-24T17:55:20","guid":{"rendered":"https:\/\/masterchem.ee\/?post_type=product&#038;p=14912"},"modified":"2021-10-24T18:01:26","modified_gmt":"2021-10-24T18:01:26","slug":"mangaanioksidi-cas-1344-43-0","status":"publish","type":"product","link":"https:\/\/masterchem.ee\/fi\/tooted-ja-teenused\/mangaanioksidi-cas-1344-43-0\/","title":{"rendered":"Mangaanioksidi (CAS 1344-43-0)"},"content":{"rendered":"<p> <strong> Info<\/strong> <\/p>\n<p>Teollisuus: lasi ja keramiikka, rehuteollisuus<br \/>\nCAS-numero: 1344-43-0<br \/>\nWE-numero: 215-695-8<br \/>\nKemiallinen kaava: MnO<br \/>\nMoolimassa: 70,93 g \/mol <br \/>\nTullitariffikoodi: 28209010<\/p>\n<p><strong>Muut fyysiset ominaisuudet<\/strong><br \/>\nSuhteellinen tiheys: 5,28 g\/cm3 (21\u00b0C )<br \/>\nLiukoisuus veteen: 0,85 g\/l (20 \u00b0 C) <\/p>\n","protected":false},"excerpt":{"rendered":"<p> <strong>Mangaanioksidi (CAS 1344-43-0)<\/strong> <\/p>\n<p> Mangaani (II) oksidi on ep\u00e4orgaaninen yhdiste, jonka kemiallinen kaava on MnO. Se muodostaa vihreit\u00e4 kiteit\u00e4. Yhdistett\u00e4 valmistetaan laajasti lannoitteiden ja elintarvikelis\u00e4aineiden osana. <\/p>\n<p> Yhdess\u00e4 mangaanisulfaatin kanssa MnO on lannoitteiden ja elintarvikelis\u00e4aineiden komponentti. T\u00e4t\u00e4 tarkoitusta varten kulutetaan vuosittain tuhansia tonneja. Muita k\u00e4ytt\u00f6tarkoituksia ovat: katalyytti allyylialkoholin, keramiikan, maalien, v\u00e4rillisen lasin, valkaisevan talin ja tekstiilipainon valmistuksessa. <\/p>\n","protected":false},"featured_media":14918,"template":"","meta":[],"product_brand":[],"product_cat":[180,298,290],"product_tag":[],"class_list":{"0":"post-14912","1":"product","2":"type-product","3":"status-publish","4":"has-post-thumbnail","6":"product_cat-uncategorized-fi-2","7":"product_cat-lasi-ja-keramiikka","8":"product_cat-rehuteollisuus","10":"first","11":"instock","12":"taxable","13":"shipping-taxable","14":"purchasable","15":"product-type-variable"},"yoast_head":"<!-- This site is optimized with the Yoast SEO plugin v26.2 - https:\/\/yoast.com\/wordpress\/plugins\/seo\/ -->\n<title>Mangaanioksidi (CAS 1344-43-0) - Chemistry For Industry - Solvents &amp; Chemicals - Masterchem.ee<\/title>\n<meta name=\"description\" content=\"Mangaani (II) oksidi on ep\u00e4orgaaninen yhdiste, jonka kemiallinen kaava on MnO. Se muodostaa vihreit\u00e4 kiteit\u00e4. Yhdistett\u00e4 valmistetaan laajasti lannoitteiden ja elintarvikelis\u00e4aineiden osana.\" \/>\n<meta name=\"robots\" content=\"index, follow, max-snippet:-1, max-image-preview:large, max-video-preview:-1\" \/>\n<link rel=\"canonical\" href=\"https:\/\/masterchem.ee\/fi\/tooted-ja-teenused\/mangaanioksidi-cas-1344-43-0\/\" \/>\n<meta name=\"twitter:card\" content=\"summary_large_image\" \/>\n<meta name=\"twitter:title\" content=\"Mangaanioksidi (CAS 1344-43-0) - Chemistry For Industry - Solvents &amp; Chemicals - Masterchem.ee\" \/>\n<meta name=\"twitter:description\" content=\"Mangaani (II) oksidi on ep\u00e4orgaaninen yhdiste, jonka kemiallinen kaava on MnO. Se muodostaa vihreit\u00e4 kiteit\u00e4. Yhdistett\u00e4 valmistetaan laajasti lannoitteiden ja elintarvikelis\u00e4aineiden osana.\" \/>\n<meta name=\"twitter:image\" content=\"https:\/\/masterchem.ee\/wp-content\/uploads\/2021\/10\/Mangaanoksiid-25kg-MasterChem.jpg\" \/>\n<script type=\"application\/ld+json\" class=\"yoast-schema-graph\">{\"@context\":\"https:\/\/schema.org\",\"@graph\":[{\"@type\":\"WebPage\",\"@id\":\"https:\/\/masterchem.ee\/fi\/tooted-ja-teenused\/mangaanioksidi-cas-1344-43-0\/\",\"url\":\"https:\/\/masterchem.ee\/fi\/tooted-ja-teenused\/mangaanioksidi-cas-1344-43-0\/\",\"name\":\"Mangaanioksidi (CAS 1344-43-0) - Chemistry For Industry - Solvents &amp; Chemicals - Masterchem.ee\",\"isPartOf\":{\"@id\":\"https:\/\/masterchem.ee\/fi\/#website\"},\"primaryImageOfPage\":{\"@id\":\"https:\/\/masterchem.ee\/fi\/tooted-ja-teenused\/mangaanioksidi-cas-1344-43-0\/#primaryimage\"},\"image\":{\"@id\":\"https:\/\/masterchem.ee\/fi\/tooted-ja-teenused\/mangaanioksidi-cas-1344-43-0\/#primaryimage\"},\"thumbnailUrl\":\"https:\/\/masterchem.ee\/wp-content\/uploads\/2021\/10\/Mangaanoksiid-25kg-MasterChem.jpg\",\"datePublished\":\"2021-10-24T17:55:20+00:00\",\"dateModified\":\"2021-10-24T18:01:26+00:00\",\"description\":\"Mangaani (II) oksidi on ep\u00e4orgaaninen yhdiste, jonka kemiallinen kaava on MnO. Se muodostaa vihreit\u00e4 kiteit\u00e4. Yhdistett\u00e4 valmistetaan laajasti lannoitteiden ja elintarvikelis\u00e4aineiden osana.\",\"breadcrumb\":{\"@id\":\"https:\/\/masterchem.ee\/fi\/tooted-ja-teenused\/mangaanioksidi-cas-1344-43-0\/#breadcrumb\"},\"inLanguage\":\"fi\",\"potentialAction\":[{\"@type\":\"ReadAction\",\"target\":[\"https:\/\/masterchem.ee\/fi\/tooted-ja-teenused\/mangaanioksidi-cas-1344-43-0\/\"]}]},{\"@type\":\"ImageObject\",\"inLanguage\":\"fi\",\"@id\":\"https:\/\/masterchem.ee\/fi\/tooted-ja-teenused\/mangaanioksidi-cas-1344-43-0\/#primaryimage\",\"url\":\"https:\/\/masterchem.ee\/wp-content\/uploads\/2021\/10\/Mangaanoksiid-25kg-MasterChem.jpg\",\"contentUrl\":\"https:\/\/masterchem.ee\/wp-content\/uploads\/2021\/10\/Mangaanoksiid-25kg-MasterChem.jpg\",\"width\":1000,\"height\":1000,\"caption\":\"Mangaanioksidi (CAS 1344-43-0) 25kg MasterChem\"},{\"@type\":\"BreadcrumbList\",\"@id\":\"https:\/\/masterchem.ee\/fi\/tooted-ja-teenused\/mangaanioksidi-cas-1344-43-0\/#breadcrumb\",\"itemListElement\":[{\"@type\":\"ListItem\",\"position\":1,\"name\":\"Home\",\"item\":\"https:\/\/masterchem.ee\/fi\/\"},{\"@type\":\"ListItem\",\"position\":2,\"name\":\"Tooted ja teenused\",\"item\":\"https:\/\/masterchem.ee\/tooted-ja-teenused\/\"},{\"@type\":\"ListItem\",\"position\":3,\"name\":\"Mangaanioksidi (CAS 1344-43-0)\"}]},{\"@type\":\"WebSite\",\"@id\":\"https:\/\/masterchem.ee\/fi\/#website\",\"url\":\"https:\/\/masterchem.ee\/fi\/\",\"name\":\"Masterchem.ee\",\"description\":\"Chemistry For Industry - Solvents &amp; Chemicals\",\"publisher\":{\"@id\":\"https:\/\/masterchem.ee\/fi\/#organization\"},\"potentialAction\":[{\"@type\":\"SearchAction\",\"target\":{\"@type\":\"EntryPoint\",\"urlTemplate\":\"https:\/\/masterchem.ee\/fi\/?s={search_term_string}\"},\"query-input\":{\"@type\":\"PropertyValueSpecification\",\"valueRequired\":true,\"valueName\":\"search_term_string\"}}],\"inLanguage\":\"fi\"},{\"@type\":\"Organization\",\"@id\":\"https:\/\/masterchem.ee\/fi\/#organization\",\"name\":\"Masterchem\",\"url\":\"https:\/\/masterchem.ee\/fi\/\",\"logo\":{\"@type\":\"ImageObject\",\"inLanguage\":\"fi\",\"@id\":\"https:\/\/masterchem.ee\/fi\/#\/schema\/logo\/image\/\",\"url\":\"https:\/\/masterchem.ee\/wp-content\/uploads\/2018\/02\/master-chem_final-1.png\",\"contentUrl\":\"https:\/\/masterchem.ee\/wp-content\/uploads\/2018\/02\/master-chem_final-1.png\",\"width\":850,\"height\":356,\"caption\":\"Masterchem\"},\"image\":{\"@id\":\"https:\/\/masterchem.ee\/fi\/#\/schema\/logo\/image\/\"}}]}<\/script>\n<!-- \/ Yoast SEO plugin. -->","yoast_head_json":{"title":"Mangaanioksidi (CAS 1344-43-0) - Chemistry For Industry - Solvents &amp; Chemicals - Masterchem.ee","description":"Mangaani (II) oksidi on ep\u00e4orgaaninen yhdiste, jonka kemiallinen kaava on MnO. Se muodostaa vihreit\u00e4 kiteit\u00e4. Yhdistett\u00e4 valmistetaan laajasti lannoitteiden ja elintarvikelis\u00e4aineiden osana.","robots":{"index":"index","follow":"follow","max-snippet":"max-snippet:-1","max-image-preview":"max-image-preview:large","max-video-preview":"max-video-preview:-1"},"canonical":"https:\/\/masterchem.ee\/fi\/tooted-ja-teenused\/mangaanioksidi-cas-1344-43-0\/","twitter_card":"summary_large_image","twitter_title":"Mangaanioksidi (CAS 1344-43-0) - Chemistry For Industry - Solvents &amp; Chemicals - Masterchem.ee","twitter_description":"Mangaani (II) oksidi on ep\u00e4orgaaninen yhdiste, jonka kemiallinen kaava on MnO. Se muodostaa vihreit\u00e4 kiteit\u00e4. Yhdistett\u00e4 valmistetaan laajasti lannoitteiden ja elintarvikelis\u00e4aineiden osana.","twitter_image":"https:\/\/masterchem.ee\/wp-content\/uploads\/2021\/10\/Mangaanoksiid-25kg-MasterChem.jpg","schema":{"@context":"https:\/\/schema.org","@graph":[{"@type":"WebPage","@id":"https:\/\/masterchem.ee\/fi\/tooted-ja-teenused\/mangaanioksidi-cas-1344-43-0\/","url":"https:\/\/masterchem.ee\/fi\/tooted-ja-teenused\/mangaanioksidi-cas-1344-43-0\/","name":"Mangaanioksidi (CAS 1344-43-0) - Chemistry For Industry - Solvents &amp; Chemicals - Masterchem.ee","isPartOf":{"@id":"https:\/\/masterchem.ee\/fi\/#website"},"primaryImageOfPage":{"@id":"https:\/\/masterchem.ee\/fi\/tooted-ja-teenused\/mangaanioksidi-cas-1344-43-0\/#primaryimage"},"image":{"@id":"https:\/\/masterchem.ee\/fi\/tooted-ja-teenused\/mangaanioksidi-cas-1344-43-0\/#primaryimage"},"thumbnailUrl":"https:\/\/masterchem.ee\/wp-content\/uploads\/2021\/10\/Mangaanoksiid-25kg-MasterChem.jpg","datePublished":"2021-10-24T17:55:20+00:00","dateModified":"2021-10-24T18:01:26+00:00","description":"Mangaani (II) oksidi on ep\u00e4orgaaninen yhdiste, jonka kemiallinen kaava on MnO. Se muodostaa vihreit\u00e4 kiteit\u00e4. Yhdistett\u00e4 valmistetaan laajasti lannoitteiden ja elintarvikelis\u00e4aineiden osana.","breadcrumb":{"@id":"https:\/\/masterchem.ee\/fi\/tooted-ja-teenused\/mangaanioksidi-cas-1344-43-0\/#breadcrumb"},"inLanguage":"fi","potentialAction":[{"@type":"ReadAction","target":["https:\/\/masterchem.ee\/fi\/tooted-ja-teenused\/mangaanioksidi-cas-1344-43-0\/"]}]},{"@type":"ImageObject","inLanguage":"fi","@id":"https:\/\/masterchem.ee\/fi\/tooted-ja-teenused\/mangaanioksidi-cas-1344-43-0\/#primaryimage","url":"https:\/\/masterchem.ee\/wp-content\/uploads\/2021\/10\/Mangaanoksiid-25kg-MasterChem.jpg","contentUrl":"https:\/\/masterchem.ee\/wp-content\/uploads\/2021\/10\/Mangaanoksiid-25kg-MasterChem.jpg","width":1000,"height":1000,"caption":"Mangaanioksidi (CAS 1344-43-0) 25kg MasterChem"},{"@type":"BreadcrumbList","@id":"https:\/\/masterchem.ee\/fi\/tooted-ja-teenused\/mangaanioksidi-cas-1344-43-0\/#breadcrumb","itemListElement":[{"@type":"ListItem","position":1,"name":"Home","item":"https:\/\/masterchem.ee\/fi\/"},{"@type":"ListItem","position":2,"name":"Tooted ja teenused","item":"https:\/\/masterchem.ee\/tooted-ja-teenused\/"},{"@type":"ListItem","position":3,"name":"Mangaanioksidi (CAS 1344-43-0)"}]},{"@type":"WebSite","@id":"https:\/\/masterchem.ee\/fi\/#website","url":"https:\/\/masterchem.ee\/fi\/","name":"Masterchem.ee","description":"Chemistry For Industry - Solvents &amp; Chemicals","publisher":{"@id":"https:\/\/masterchem.ee\/fi\/#organization"},"potentialAction":[{"@type":"SearchAction","target":{"@type":"EntryPoint","urlTemplate":"https:\/\/masterchem.ee\/fi\/?s={search_term_string}"},"query-input":{"@type":"PropertyValueSpecification","valueRequired":true,"valueName":"search_term_string"}}],"inLanguage":"fi"},{"@type":"Organization","@id":"https:\/\/masterchem.ee\/fi\/#organization","name":"Masterchem","url":"https:\/\/masterchem.ee\/fi\/","logo":{"@type":"ImageObject","inLanguage":"fi","@id":"https:\/\/masterchem.ee\/fi\/#\/schema\/logo\/image\/","url":"https:\/\/masterchem.ee\/wp-content\/uploads\/2018\/02\/master-chem_final-1.png","contentUrl":"https:\/\/masterchem.ee\/wp-content\/uploads\/2018\/02\/master-chem_final-1.png","width":850,"height":356,"caption":"Masterchem"},"image":{"@id":"https:\/\/masterchem.ee\/fi\/#\/schema\/logo\/image\/"}}]}},"_links":{"self":[{"href":"https:\/\/masterchem.ee\/fi\/wp-json\/wp\/v2\/product\/14912","targetHints":{"allow":["GET"]}}],"collection":[{"href":"https:\/\/masterchem.ee\/fi\/wp-json\/wp\/v2\/product"}],"about":[{"href":"https:\/\/masterchem.ee\/fi\/wp-json\/wp\/v2\/types\/product"}],"wp:featuredmedia":[{"embeddable":true,"href":"https:\/\/masterchem.ee\/fi\/wp-json\/wp\/v2\/media\/14918"}],"wp:attachment":[{"href":"https:\/\/masterchem.ee\/fi\/wp-json\/wp\/v2\/media?parent=14912"}],"wp:term":[{"taxonomy":"product_brand","embeddable":true,"href":"https:\/\/masterchem.ee\/fi\/wp-json\/wp\/v2\/product_brand?post=14912"},{"taxonomy":"product_cat","embeddable":true,"href":"https:\/\/masterchem.ee\/fi\/wp-json\/wp\/v2\/product_cat?post=14912"},{"taxonomy":"product_tag","embeddable":true,"href":"https:\/\/masterchem.ee\/fi\/wp-json\/wp\/v2\/product_tag?post=14912"}],"curies":[{"name":"wp","href":"https:\/\/api.w.org\/{rel}","templated":true}]}}