{"id":14882,"date":"2021-10-24T16:58:09","date_gmt":"2021-10-24T16:58:12","guid":{"rendered":"https:\/\/masterchem.ee\/?post_type=product&#038;p=14882"},"modified":"2021-10-24T17:31:39","modified_gmt":"2021-10-24T17:31:39","slug":"b1-vitamiini-cas-532-43-4","status":"publish","type":"product","link":"https:\/\/masterchem.ee\/fi\/tooted-ja-teenused\/b1-vitamiini-cas-532-43-4\/","title":{"rendered":"B1-vitamiini (CAS 532-43-4)"},"content":{"rendered":"<p> <strong> Info<\/strong> <\/p>\n<p> Toimialat: elintarviketeollisuus, rehuteollisuus <br \/>\nCAS-numero: 532-43-4 <br \/>\nWE-numero: 208-537-4 <br \/>\nKemiallinen kaava: C12H17N4OS<br \/>\nMoolimassa: 327,36 g \/mol <br \/>\nTullitariffi: 29362200 <\/p>\n<p><strong>Muut fyysiset ominaisuudet<\/strong><br \/>\nSuhteellinen tiheys: 0,28 g\/ml <\/p>\n","protected":false},"excerpt":{"rendered":"<p> <strong>B1-vitamiini (CAS 532-43-4)<\/strong> <\/p>\n<p> Tiamiininitraatti on tiamiinisuola, joka muodostuu yhdest\u00e4 moolista tiamiiniem\u00e4st\u00e4 ja yhdest\u00e4 moolista typpihappoa. Se esiintyy vedett\u00f6m\u00e4n\u00e4 kiteisen\u00e4 kiinte\u00e4n\u00e4 aineena, jonka hygroskooppisuus on alhainen. Tiamiini (B1 -vitamiini) on B -vitamiinikompleksin j\u00e4sen. Johtuen alhaisesta hydroskooppisuudesta, tiamiininitraatti toimii vakaampana tiamiinin muotona farmaseuttisissa valmisteissa.Tiamiininitraattia suositellaan k\u00e4ytett\u00e4v\u00e4ksi monivitamiinien valmistuksessa ja elintarvikkeiden t\u00e4ydent\u00e4miseen kuivissa seoksissa ja kuivissa tuotteissa, kuten vehn\u00e4jauhoissa. <\/ p><\/p>\n","protected":false},"featured_media":14888,"template":"","meta":[],"product_brand":[],"product_cat":[180,290],"product_tag":[],"class_list":{"0":"post-14882","1":"product","2":"type-product","3":"status-publish","4":"has-post-thumbnail","6":"product_cat-uncategorized-fi-2","7":"product_cat-rehuteollisuus","9":"first","10":"instock","11":"taxable","12":"shipping-taxable","13":"purchasable","14":"product-type-variable"},"yoast_head":"<!-- This site is optimized with the Yoast SEO plugin v26.2 - https:\/\/yoast.com\/wordpress\/plugins\/seo\/ -->\n<title>B1-vitamiini (CAS 532-43-4) - Chemistry For Industry - Solvents &amp; Chemicals - Masterchem.ee<\/title>\n<meta name=\"description\" content=\"Tiamiininitraatti on tiamiinisuola, joka muodostuu yhdest\u00e4 moolista tiamiiniem\u00e4st\u00e4 ja yhdest\u00e4 moolista typpihappoa.\" \/>\n<meta name=\"robots\" content=\"index, follow, max-snippet:-1, max-image-preview:large, max-video-preview:-1\" \/>\n<link rel=\"canonical\" href=\"https:\/\/masterchem.ee\/fi\/tooted-ja-teenused\/b1-vitamiini-cas-532-43-4\/\" \/>\n<meta name=\"twitter:card\" content=\"summary_large_image\" \/>\n<meta name=\"twitter:title\" content=\"B1-vitamiini (CAS 532-43-4) - Chemistry For Industry - Solvents &amp; Chemicals - Masterchem.ee\" \/>\n<meta name=\"twitter:description\" content=\"Tiamiininitraatti on tiamiinisuola, joka muodostuu yhdest\u00e4 moolista tiamiiniem\u00e4st\u00e4 ja yhdest\u00e4 moolista typpihappoa.\" \/>\n<meta name=\"twitter:image\" content=\"https:\/\/masterchem.ee\/wp-content\/uploads\/2021\/10\/Vitamin-B1-25kg-MasterChem.jpg\" \/>\n<script type=\"application\/ld+json\" class=\"yoast-schema-graph\">{\"@context\":\"https:\/\/schema.org\",\"@graph\":[{\"@type\":\"WebPage\",\"@id\":\"https:\/\/masterchem.ee\/fi\/tooted-ja-teenused\/b1-vitamiini-cas-532-43-4\/\",\"url\":\"https:\/\/masterchem.ee\/fi\/tooted-ja-teenused\/b1-vitamiini-cas-532-43-4\/\",\"name\":\"B1-vitamiini (CAS 532-43-4) - Chemistry For Industry - Solvents &amp; Chemicals - Masterchem.ee\",\"isPartOf\":{\"@id\":\"https:\/\/masterchem.ee\/fi\/#website\"},\"primaryImageOfPage\":{\"@id\":\"https:\/\/masterchem.ee\/fi\/tooted-ja-teenused\/b1-vitamiini-cas-532-43-4\/#primaryimage\"},\"image\":{\"@id\":\"https:\/\/masterchem.ee\/fi\/tooted-ja-teenused\/b1-vitamiini-cas-532-43-4\/#primaryimage\"},\"thumbnailUrl\":\"https:\/\/masterchem.ee\/wp-content\/uploads\/2021\/10\/Vitamin-B1-25kg-MasterChem.jpg\",\"datePublished\":\"2021-10-24T16:58:12+00:00\",\"dateModified\":\"2021-10-24T17:31:39+00:00\",\"description\":\"Tiamiininitraatti on tiamiinisuola, joka muodostuu yhdest\u00e4 moolista tiamiiniem\u00e4st\u00e4 ja yhdest\u00e4 moolista typpihappoa.\",\"breadcrumb\":{\"@id\":\"https:\/\/masterchem.ee\/fi\/tooted-ja-teenused\/b1-vitamiini-cas-532-43-4\/#breadcrumb\"},\"inLanguage\":\"fi\",\"potentialAction\":[{\"@type\":\"ReadAction\",\"target\":[\"https:\/\/masterchem.ee\/fi\/tooted-ja-teenused\/b1-vitamiini-cas-532-43-4\/\"]}]},{\"@type\":\"ImageObject\",\"inLanguage\":\"fi\",\"@id\":\"https:\/\/masterchem.ee\/fi\/tooted-ja-teenused\/b1-vitamiini-cas-532-43-4\/#primaryimage\",\"url\":\"https:\/\/masterchem.ee\/wp-content\/uploads\/2021\/10\/Vitamin-B1-25kg-MasterChem.jpg\",\"contentUrl\":\"https:\/\/masterchem.ee\/wp-content\/uploads\/2021\/10\/Vitamin-B1-25kg-MasterChem.jpg\",\"width\":1000,\"height\":1000,\"caption\":\"B1-vitamiini (CAS 532-43-4) 25kg MasterChem\"},{\"@type\":\"BreadcrumbList\",\"@id\":\"https:\/\/masterchem.ee\/fi\/tooted-ja-teenused\/b1-vitamiini-cas-532-43-4\/#breadcrumb\",\"itemListElement\":[{\"@type\":\"ListItem\",\"position\":1,\"name\":\"Home\",\"item\":\"https:\/\/masterchem.ee\/fi\/\"},{\"@type\":\"ListItem\",\"position\":2,\"name\":\"Tooted ja teenused\",\"item\":\"https:\/\/masterchem.ee\/tooted-ja-teenused\/\"},{\"@type\":\"ListItem\",\"position\":3,\"name\":\"B1-vitamiini (CAS 532-43-4)\"}]},{\"@type\":\"WebSite\",\"@id\":\"https:\/\/masterchem.ee\/fi\/#website\",\"url\":\"https:\/\/masterchem.ee\/fi\/\",\"name\":\"Masterchem.ee\",\"description\":\"Chemistry For Industry - Solvents &amp; Chemicals\",\"publisher\":{\"@id\":\"https:\/\/masterchem.ee\/fi\/#organization\"},\"potentialAction\":[{\"@type\":\"SearchAction\",\"target\":{\"@type\":\"EntryPoint\",\"urlTemplate\":\"https:\/\/masterchem.ee\/fi\/?s={search_term_string}\"},\"query-input\":{\"@type\":\"PropertyValueSpecification\",\"valueRequired\":true,\"valueName\":\"search_term_string\"}}],\"inLanguage\":\"fi\"},{\"@type\":\"Organization\",\"@id\":\"https:\/\/masterchem.ee\/fi\/#organization\",\"name\":\"Masterchem\",\"url\":\"https:\/\/masterchem.ee\/fi\/\",\"logo\":{\"@type\":\"ImageObject\",\"inLanguage\":\"fi\",\"@id\":\"https:\/\/masterchem.ee\/fi\/#\/schema\/logo\/image\/\",\"url\":\"https:\/\/masterchem.ee\/wp-content\/uploads\/2018\/02\/master-chem_final-1.png\",\"contentUrl\":\"https:\/\/masterchem.ee\/wp-content\/uploads\/2018\/02\/master-chem_final-1.png\",\"width\":850,\"height\":356,\"caption\":\"Masterchem\"},\"image\":{\"@id\":\"https:\/\/masterchem.ee\/fi\/#\/schema\/logo\/image\/\"}}]}<\/script>\n<!-- \/ Yoast SEO plugin. -->","yoast_head_json":{"title":"B1-vitamiini (CAS 532-43-4) - Chemistry For Industry - Solvents &amp; Chemicals - Masterchem.ee","description":"Tiamiininitraatti on tiamiinisuola, joka muodostuu yhdest\u00e4 moolista tiamiiniem\u00e4st\u00e4 ja yhdest\u00e4 moolista typpihappoa.","robots":{"index":"index","follow":"follow","max-snippet":"max-snippet:-1","max-image-preview":"max-image-preview:large","max-video-preview":"max-video-preview:-1"},"canonical":"https:\/\/masterchem.ee\/fi\/tooted-ja-teenused\/b1-vitamiini-cas-532-43-4\/","twitter_card":"summary_large_image","twitter_title":"B1-vitamiini (CAS 532-43-4) - Chemistry For Industry - Solvents &amp; Chemicals - Masterchem.ee","twitter_description":"Tiamiininitraatti on tiamiinisuola, joka muodostuu yhdest\u00e4 moolista tiamiiniem\u00e4st\u00e4 ja yhdest\u00e4 moolista typpihappoa.","twitter_image":"https:\/\/masterchem.ee\/wp-content\/uploads\/2021\/10\/Vitamin-B1-25kg-MasterChem.jpg","schema":{"@context":"https:\/\/schema.org","@graph":[{"@type":"WebPage","@id":"https:\/\/masterchem.ee\/fi\/tooted-ja-teenused\/b1-vitamiini-cas-532-43-4\/","url":"https:\/\/masterchem.ee\/fi\/tooted-ja-teenused\/b1-vitamiini-cas-532-43-4\/","name":"B1-vitamiini (CAS 532-43-4) - Chemistry For Industry - Solvents &amp; Chemicals - Masterchem.ee","isPartOf":{"@id":"https:\/\/masterchem.ee\/fi\/#website"},"primaryImageOfPage":{"@id":"https:\/\/masterchem.ee\/fi\/tooted-ja-teenused\/b1-vitamiini-cas-532-43-4\/#primaryimage"},"image":{"@id":"https:\/\/masterchem.ee\/fi\/tooted-ja-teenused\/b1-vitamiini-cas-532-43-4\/#primaryimage"},"thumbnailUrl":"https:\/\/masterchem.ee\/wp-content\/uploads\/2021\/10\/Vitamin-B1-25kg-MasterChem.jpg","datePublished":"2021-10-24T16:58:12+00:00","dateModified":"2021-10-24T17:31:39+00:00","description":"Tiamiininitraatti on tiamiinisuola, joka muodostuu yhdest\u00e4 moolista tiamiiniem\u00e4st\u00e4 ja yhdest\u00e4 moolista typpihappoa.","breadcrumb":{"@id":"https:\/\/masterchem.ee\/fi\/tooted-ja-teenused\/b1-vitamiini-cas-532-43-4\/#breadcrumb"},"inLanguage":"fi","potentialAction":[{"@type":"ReadAction","target":["https:\/\/masterchem.ee\/fi\/tooted-ja-teenused\/b1-vitamiini-cas-532-43-4\/"]}]},{"@type":"ImageObject","inLanguage":"fi","@id":"https:\/\/masterchem.ee\/fi\/tooted-ja-teenused\/b1-vitamiini-cas-532-43-4\/#primaryimage","url":"https:\/\/masterchem.ee\/wp-content\/uploads\/2021\/10\/Vitamin-B1-25kg-MasterChem.jpg","contentUrl":"https:\/\/masterchem.ee\/wp-content\/uploads\/2021\/10\/Vitamin-B1-25kg-MasterChem.jpg","width":1000,"height":1000,"caption":"B1-vitamiini (CAS 532-43-4) 25kg MasterChem"},{"@type":"BreadcrumbList","@id":"https:\/\/masterchem.ee\/fi\/tooted-ja-teenused\/b1-vitamiini-cas-532-43-4\/#breadcrumb","itemListElement":[{"@type":"ListItem","position":1,"name":"Home","item":"https:\/\/masterchem.ee\/fi\/"},{"@type":"ListItem","position":2,"name":"Tooted ja teenused","item":"https:\/\/masterchem.ee\/tooted-ja-teenused\/"},{"@type":"ListItem","position":3,"name":"B1-vitamiini (CAS 532-43-4)"}]},{"@type":"WebSite","@id":"https:\/\/masterchem.ee\/fi\/#website","url":"https:\/\/masterchem.ee\/fi\/","name":"Masterchem.ee","description":"Chemistry For Industry - Solvents &amp; Chemicals","publisher":{"@id":"https:\/\/masterchem.ee\/fi\/#organization"},"potentialAction":[{"@type":"SearchAction","target":{"@type":"EntryPoint","urlTemplate":"https:\/\/masterchem.ee\/fi\/?s={search_term_string}"},"query-input":{"@type":"PropertyValueSpecification","valueRequired":true,"valueName":"search_term_string"}}],"inLanguage":"fi"},{"@type":"Organization","@id":"https:\/\/masterchem.ee\/fi\/#organization","name":"Masterchem","url":"https:\/\/masterchem.ee\/fi\/","logo":{"@type":"ImageObject","inLanguage":"fi","@id":"https:\/\/masterchem.ee\/fi\/#\/schema\/logo\/image\/","url":"https:\/\/masterchem.ee\/wp-content\/uploads\/2018\/02\/master-chem_final-1.png","contentUrl":"https:\/\/masterchem.ee\/wp-content\/uploads\/2018\/02\/master-chem_final-1.png","width":850,"height":356,"caption":"Masterchem"},"image":{"@id":"https:\/\/masterchem.ee\/fi\/#\/schema\/logo\/image\/"}}]}},"_links":{"self":[{"href":"https:\/\/masterchem.ee\/fi\/wp-json\/wp\/v2\/product\/14882","targetHints":{"allow":["GET"]}}],"collection":[{"href":"https:\/\/masterchem.ee\/fi\/wp-json\/wp\/v2\/product"}],"about":[{"href":"https:\/\/masterchem.ee\/fi\/wp-json\/wp\/v2\/types\/product"}],"wp:featuredmedia":[{"embeddable":true,"href":"https:\/\/masterchem.ee\/fi\/wp-json\/wp\/v2\/media\/14888"}],"wp:attachment":[{"href":"https:\/\/masterchem.ee\/fi\/wp-json\/wp\/v2\/media?parent=14882"}],"wp:term":[{"taxonomy":"product_brand","embeddable":true,"href":"https:\/\/masterchem.ee\/fi\/wp-json\/wp\/v2\/product_brand?post=14882"},{"taxonomy":"product_cat","embeddable":true,"href":"https:\/\/masterchem.ee\/fi\/wp-json\/wp\/v2\/product_cat?post=14882"},{"taxonomy":"product_tag","embeddable":true,"href":"https:\/\/masterchem.ee\/fi\/wp-json\/wp\/v2\/product_tag?post=14882"}],"curies":[{"name":"wp","href":"https:\/\/api.w.org\/{rel}","templated":true}]}}